{"id":96721,"date":"2023-05-07T19:06:09","date_gmt":"2023-05-07T11:06:09","guid":{"rendered":"https:\/\/leatai.com\/product\/okategoriserad\/taiwans-famous-influencer-hook\/"},"modified":"2026-03-31T11:06:59","modified_gmt":"2026-03-31T03:06:59","slug":"taiwans-famous-influencer-hook","status":"publish","type":"product","link":"https:\/\/leatai.com\/sv\/product\/olika-oem-prover\/oem-kalender-sv\/taiwans-famous-influencer-hook\/","title":{"rendered":"Taiwan\u2019s Famous Influencer Hook"},"content":{"rendered":"<p>Kundnamn: Taiwan\u2019s Famous Influencer Hook<br \/>\nFallstorlek: kundanpassad storlek<br \/>\nFallmodell: tryck och tillverkning av handriven minikalender<br \/>\nLogoeffekt i exemplet: f\u00e4rgtryck<br \/>\nS\u00e4rskilda k\u00e4nnetecken: Den v\u00e4lk\u00e4nda influencern HOOK med miljontals f\u00f6ljare lade ner l\u00e5ng tid p\u00e5 att f\u00f6rbereda produktionen av en handriven kalender. Det var en mycket omsorgsfullt planerad crowdfundingprodukt som skapade ett sv\u00e5rslaget resultat p\u00e5 Zeczec-plattformen och avslutades smidigt och perfekt.<\/p>\n<p>\ud83d\udcd6F\u00f6r ordinarie produkter f\u00f6r kundanpassade anteckningsb\u00f6cker\/aff\u00e4rsdagb\u00f6cker, se:<br \/>\n<a href=\"https:\/\/leatai.com\/sv\/produkt-kategori\/anpassad-anteckningsbok\/anteckningsbok-med-hardparm\/\" target=\"_blank\" rel=\"noopener\">Inbundna anteckningsb\u00f6cker\/inbundna aff\u00e4rsdagb\u00f6cker<\/a><br \/>\n<a href=\"https:\/\/leatai.com\/sv\/produkt-kategori\/anpassad-anteckningsbok\/losblad-anteckningsbok\/\" target=\"_blank\" rel=\"noopener\">L\u00f6sbladsanteckningsb\u00f6cker\/l\u00f6sbladsaff\u00e4rsdagb\u00f6cker<\/a><br \/>\n<a href=\"https:\/\/leatai.com\/sv\/produkt-kategori\/anpassad-anteckningsbok\/avtagbar-anteckningsbok\/\" target=\"_blank\" rel=\"noopener\">Uttagbara l\u00f6sbladsb\u00f6cker\/uttagbara aff\u00e4rsdagb\u00f6cker<\/a><br \/>\n<a href=\"https:\/\/leatai.com\/sv\/produkt-kategori\/anpassad-anteckningsbok\/pocketbok-anteckningsbok\/\" target=\"_blank\" rel=\"noopener\">Mjukbandsanteckningsb\u00f6cker\/mjukbandsaff\u00e4rsdagb\u00f6cker<\/a><br \/>\n<a href=\"https:\/\/leatai.com\/sv\/produkt-kategori\/anpassad-anteckningsbok\/spiral-anteckningsbok\/\" target=\"_blank\" rel=\"noopener\">Spiralanteckningsb\u00f6cker\/spiralaff\u00e4rsdagb\u00f6cker<\/a><\/p>\n<p>\ud83d\udcd6F\u00f6r fullst\u00e4ndig storleksf\u00f6rklaring, se: <a href=\"https:\/\/leatai.com\/sv\/anteckningsbokskunskap\/pappersstorleksguide-forsta-vanliga-storlekar-som-b3-a4-b5-8k-16k-och-mer-en-omfattande-storlekstabell-for-enkel-referens\/\" target=\"_blank\" rel=\"noopener\">Guide till pappersstorlekar: hur skiljer man vanliga storlekar som B3, A4, B5, 8K och 16K \u00e5t? En \u00f6versiktstabell \u00f6ver pappersstorlekar som \u00e4r l\u00e4tt att f\u00f6rst\u00e5!<\/a><\/p>\n","protected":false},"excerpt":{"rendered":"<p>Kundnamn: Taiwan\u2019s Famous Influencer Hook Fallstorlek: kundanpassad storlek Fallmodell: tryck och tillverkning av handriven minikalender Logoeffekt i exemplet: f\u00e4rgtryck S\u00e4rskilda k\u00e4nnetecken: Den v\u00e4lk\u00e4nda influencern HOOK med miljontals f\u00f6ljare lade ner l\u00e5ng tid p\u00e5 att f\u00f6rbereda produktionen av en handriven kalender. Det var en mycket omsorgsfullt planerad crowdfundingprodukt som skapade ett sv\u00e5rslaget resultat p\u00e5 Zeczec-plattformen och [&hellip;]<\/p>\n","protected":false},"featured_media":96722,"template":"","meta":{"_acf_changed":false},"product_brand":[],"product_cat":[966],"product_tag":[1549],"home_works":[],"class_list":{"0":"post-96721","1":"product","2":"type-product","3":"status-publish","4":"has-post-thumbnail","6":"product_cat-oem-kalender-sv","7":"product_tag-oem-sv","9":"first","10":"instock","11":"sold-individually","12":"shipping-taxable","13":"purchasable","14":"product-type-variable","15":"has-default-attributes"},"acf":[],"yoast_head":"<!-- This site is optimized with the Yoast SEO plugin v27.2 - https:\/\/yoast.com\/product\/yoast-seo-wordpress\/ -->\n<title>Handriven kalender | Varje dag vill man t\u00e4nka p\u00e5 historien - popul\u00e4r kundanpassad tryckning och tillverkning av handriven kalender - Leatai \u2013 Tillverkare av anpassade anteckningsb\u00f6cker<\/title>\n<meta name=\"description\" content=\"Utforska Leatais h\u00f6gkvalitativa tj\u00e4nster f\u00f6r kundanpassning, tryck och tillverkning av handrivna kalendrar. V\u00e5ra kalendrar har en elegant design och material av h\u00f6g kvalitet, och passar b\u00e5de f\u00f6r f\u00f6retagsanpassning och privat anv\u00e4ndning. V\u00e4lj den handrivna kalendertillverkare som passar dig b\u00e4st f\u00f6r att st\u00e4rka din varum\u00e4rkesimage och din dagliga planeringsf\u00f6rm\u00e5ga. Bes\u00f6k Leatais officiella webbplats redan idag f\u00f6r att f\u00e5 mer information om handrivna kalendrar och njut av en effektiv upplevelse f\u00f6r dokumentation och planering!\" \/>\n<meta name=\"robots\" content=\"index, follow, max-snippet:-1, max-image-preview:large, max-video-preview:-1\" \/>\n<link rel=\"canonical\" href=\"https:\/\/leatai.com\/sv\/product\/olika-oem-prover\/oem-kalender-sv\/taiwans-famous-influencer-hook\/\" \/>\n<meta property=\"og:locale\" content=\"sv_SE\" \/>\n<meta property=\"og:type\" content=\"article\" \/>\n<meta property=\"og:title\" content=\"Handriven kalender | Varje dag vill man t\u00e4nka p\u00e5 historien - popul\u00e4r kundanpassad tryckning och tillverkning av handriven kalender - Leatai \u2013 Tillverkare av anpassade anteckningsb\u00f6cker\" \/>\n<meta property=\"og:description\" content=\"Utforska Leatais h\u00f6gkvalitativa tj\u00e4nster f\u00f6r kundanpassning, tryck och tillverkning av handrivna kalendrar. V\u00e5ra kalendrar har en elegant design och material av h\u00f6g kvalitet, och passar b\u00e5de f\u00f6r f\u00f6retagsanpassning och privat anv\u00e4ndning. V\u00e4lj den handrivna kalendertillverkare som passar dig b\u00e4st f\u00f6r att st\u00e4rka din varum\u00e4rkesimage och din dagliga planeringsf\u00f6rm\u00e5ga. Bes\u00f6k Leatais officiella webbplats redan idag f\u00f6r att f\u00e5 mer information om handrivna kalendrar och njut av en effektiv upplevelse f\u00f6r dokumentation och planering!\" \/>\n<meta property=\"og:url\" content=\"https:\/\/leatai.com\/sv\/product\/olika-oem-prover\/oem-kalender-sv\/taiwans-famous-influencer-hook\/\" \/>\n<meta property=\"og:site_name\" content=\"Leatai \u2013 Tillverkare av anpassade anteckningsb\u00f6cker\" \/>\n<meta property=\"article:modified_time\" content=\"2026-03-31T03:06:59+00:00\" \/>\n<meta property=\"og:image\" content=\"https:\/\/leatai.com\/wp-content\/uploads\/DSC_0156.jpg\" \/>\n\t<meta property=\"og:image:width\" content=\"1000\" \/>\n\t<meta property=\"og:image:height\" content=\"750\" \/>\n\t<meta property=\"og:image:type\" content=\"image\/jpeg\" \/>\n<meta name=\"twitter:card\" content=\"summary_large_image\" \/>\n<meta name=\"twitter:label1\" content=\"Ber\u00e4knad l\u00e4stid\" \/>\n\t<meta name=\"twitter:data1\" content=\"1 minut\" \/>\n<script type=\"application\/ld+json\" class=\"yoast-schema-graph\">{\"@context\":\"https:\/\/schema.org\",\"@graph\":[{\"@type\":\"WebPage\",\"@id\":\"https:\/\/leatai.com\/sv\/product\/olika-oem-prover\/oem-kalender-sv\/taiwans-famous-influencer-hook\/\",\"url\":\"https:\/\/leatai.com\/sv\/product\/olika-oem-prover\/oem-kalender-sv\/taiwans-famous-influencer-hook\/\",\"name\":\"Handriven kalender | Varje dag vill man t\u00e4nka p\u00e5 historien - popul\u00e4r kundanpassad tryckning och tillverkning av handriven kalender - Leatai \u2013 Tillverkare av anpassade anteckningsb\u00f6cker\",\"isPartOf\":{\"@id\":\"https:\/\/leatai.com\/sv\/#website\"},\"primaryImageOfPage\":{\"@id\":\"https:\/\/leatai.com\/sv\/product\/olika-oem-prover\/oem-kalender-sv\/taiwans-famous-influencer-hook\/#primaryimage\"},\"image\":{\"@id\":\"https:\/\/leatai.com\/sv\/product\/olika-oem-prover\/oem-kalender-sv\/taiwans-famous-influencer-hook\/#primaryimage\"},\"thumbnailUrl\":\"https:\/\/leatai.com\/wp-content\/uploads\/DSC_0156.jpg\",\"datePublished\":\"2023-05-07T11:06:09+00:00\",\"dateModified\":\"2026-03-31T03:06:59+00:00\",\"description\":\"Utforska Leatais h\u00f6gkvalitativa tj\u00e4nster f\u00f6r kundanpassning, tryck och tillverkning av handrivna kalendrar. V\u00e5ra kalendrar har en elegant design och material av h\u00f6g kvalitet, och passar b\u00e5de f\u00f6r f\u00f6retagsanpassning och privat anv\u00e4ndning. V\u00e4lj den handrivna kalendertillverkare som passar dig b\u00e4st f\u00f6r att st\u00e4rka din varum\u00e4rkesimage och din dagliga planeringsf\u00f6rm\u00e5ga. Bes\u00f6k Leatais officiella webbplats redan idag f\u00f6r att f\u00e5 mer information om handrivna kalendrar och njut av en effektiv upplevelse f\u00f6r dokumentation och planering!\",\"breadcrumb\":{\"@id\":\"https:\/\/leatai.com\/sv\/product\/olika-oem-prover\/oem-kalender-sv\/taiwans-famous-influencer-hook\/#breadcrumb\"},\"inLanguage\":\"sv-SE\",\"potentialAction\":[{\"@type\":\"ReadAction\",\"target\":[\"https:\/\/leatai.com\/sv\/product\/olika-oem-prover\/oem-kalender-sv\/taiwans-famous-influencer-hook\/\"]}]},{\"@type\":\"ImageObject\",\"inLanguage\":\"sv-SE\",\"@id\":\"https:\/\/leatai.com\/sv\/product\/olika-oem-prover\/oem-kalender-sv\/taiwans-famous-influencer-hook\/#primaryimage\",\"url\":\"https:\/\/leatai.com\/wp-content\/uploads\/DSC_0156.jpg\",\"contentUrl\":\"https:\/\/leatai.com\/wp-content\/uploads\/DSC_0156.jpg\",\"width\":1000,\"height\":750,\"caption\":\"handriven minikalender\"},{\"@type\":\"BreadcrumbList\",\"@id\":\"https:\/\/leatai.com\/sv\/product\/olika-oem-prover\/oem-kalender-sv\/taiwans-famous-influencer-hook\/#breadcrumb\",\"itemListElement\":[{\"@type\":\"ListItem\",\"position\":1,\"name\":\"Home\",\"item\":\"https:\/\/leatai.com\/sv\/\"},{\"@type\":\"ListItem\",\"position\":2,\"name\":\"Produktpresentation\",\"item\":\"https:\/\/leatai.com\/products\/\"},{\"@type\":\"ListItem\",\"position\":3,\"name\":\"Olika OEM-prover\",\"item\":\"https:\/\/leatai.com\/sv\/produkt-kategori\/olika-oem-prover\/\"},{\"@type\":\"ListItem\",\"position\":4,\"name\":\"OEM-kalender\",\"item\":\"https:\/\/leatai.com\/sv\/produkt-kategori\/olika-oem-prover\/oem-kalender-sv\/\"},{\"@type\":\"ListItem\",\"position\":5,\"name\":\"Taiwan\u2019s Famous Influencer Hook\"}]},{\"@type\":\"WebSite\",\"@id\":\"https:\/\/leatai.com\/sv\/#website\",\"url\":\"https:\/\/leatai.com\/sv\/\",\"name\":\"Leatai \u2013 Tillverkare av anpassade anteckningsb\u00f6cker\",\"description\":\"Leatai erbjuder anpassade anteckningsb\u00f6cker och planeringsverktyg f\u00f6r varum\u00e4rken och distribut\u00f6rer \u00f6ver hela v\u00e4rlden.\",\"publisher\":{\"@id\":\"https:\/\/leatai.com\/sv\/#organization\"},\"potentialAction\":[{\"@type\":\"SearchAction\",\"target\":{\"@type\":\"EntryPoint\",\"urlTemplate\":\"https:\/\/leatai.com\/sv\/?s={search_term_string}\"},\"query-input\":{\"@type\":\"PropertyValueSpecification\",\"valueRequired\":true,\"valueName\":\"search_term_string\"}}],\"inLanguage\":\"sv-SE\"},{\"@type\":\"Organization\",\"@id\":\"https:\/\/leatai.com\/sv\/#organization\",\"name\":\"Leatai Diary, customized journal and business organizer\",\"url\":\"https:\/\/leatai.com\/sv\/\",\"logo\":{\"@type\":\"ImageObject\",\"inLanguage\":\"sv-SE\",\"@id\":\"https:\/\/leatai.com\/sv\/#\/schema\/logo\/image\/\",\"url\":\"https:\/\/leatai.com\/wp-content\/uploads\/logo-blue.png\",\"contentUrl\":\"https:\/\/leatai.com\/wp-content\/uploads\/logo-blue.png\",\"width\":230,\"height\":60,\"caption\":\"Leatai Diary, customized journal and business organizer\"},\"image\":{\"@id\":\"https:\/\/leatai.com\/sv\/#\/schema\/logo\/image\/\"},\"telephone\":\"+886-2-8227-8800\",\"legalName\":\"Leatai Stationary Co., Ltd.\",\"description\":\"A leading notebook factory in Taiwan offering bespoke branding, high-quality binding, and premium paper selections for corporate gifts and stationery wholesale.\",\"address\":{\"@type\":\"PostalAddress\",\"streetAddress\":\"11F., No. 168, Jiankang Rd.\",\"addressLocality\":\"Zhonghe Dist.\",\"addressRegion\":\"New Taipei City\",\"postalCode\":\"235\",\"addressCountry\":\"TW\"},\"contactPoint\":{\"@type\":\"ContactPoint\",\"telephone\":\"+886-2-8227-8800\",\"contactType\":\"sales\",\"areaServed\":\"Worldwide\",\"availableLanguage\":[\"zh-TW\",\"en\"]}}]}<\/script>\n<!-- \/ Yoast SEO plugin. -->","yoast_head_json":{"title":"Handriven kalender | Varje dag vill man t\u00e4nka p\u00e5 historien - popul\u00e4r kundanpassad tryckning och tillverkning av handriven kalender - Leatai \u2013 Tillverkare av anpassade anteckningsb\u00f6cker","description":"Utforska Leatais h\u00f6gkvalitativa tj\u00e4nster f\u00f6r kundanpassning, tryck och tillverkning av handrivna kalendrar. V\u00e5ra kalendrar har en elegant design och material av h\u00f6g kvalitet, och passar b\u00e5de f\u00f6r f\u00f6retagsanpassning och privat anv\u00e4ndning. V\u00e4lj den handrivna kalendertillverkare som passar dig b\u00e4st f\u00f6r att st\u00e4rka din varum\u00e4rkesimage och din dagliga planeringsf\u00f6rm\u00e5ga. Bes\u00f6k Leatais officiella webbplats redan idag f\u00f6r att f\u00e5 mer information om handrivna kalendrar och njut av en effektiv upplevelse f\u00f6r dokumentation och planering!","robots":{"index":"index","follow":"follow","max-snippet":"max-snippet:-1","max-image-preview":"max-image-preview:large","max-video-preview":"max-video-preview:-1"},"canonical":"https:\/\/leatai.com\/sv\/product\/olika-oem-prover\/oem-kalender-sv\/taiwans-famous-influencer-hook\/","og_locale":"sv_SE","og_type":"article","og_title":"Handriven kalender | Varje dag vill man t\u00e4nka p\u00e5 historien - popul\u00e4r kundanpassad tryckning och tillverkning av handriven kalender - Leatai \u2013 Tillverkare av anpassade anteckningsb\u00f6cker","og_description":"Utforska Leatais h\u00f6gkvalitativa tj\u00e4nster f\u00f6r kundanpassning, tryck och tillverkning av handrivna kalendrar. V\u00e5ra kalendrar har en elegant design och material av h\u00f6g kvalitet, och passar b\u00e5de f\u00f6r f\u00f6retagsanpassning och privat anv\u00e4ndning. V\u00e4lj den handrivna kalendertillverkare som passar dig b\u00e4st f\u00f6r att st\u00e4rka din varum\u00e4rkesimage och din dagliga planeringsf\u00f6rm\u00e5ga. Bes\u00f6k Leatais officiella webbplats redan idag f\u00f6r att f\u00e5 mer information om handrivna kalendrar och njut av en effektiv upplevelse f\u00f6r dokumentation och planering!","og_url":"https:\/\/leatai.com\/sv\/product\/olika-oem-prover\/oem-kalender-sv\/taiwans-famous-influencer-hook\/","og_site_name":"Leatai \u2013 Tillverkare av anpassade anteckningsb\u00f6cker","article_modified_time":"2026-03-31T03:06:59+00:00","og_image":[{"width":1000,"height":750,"url":"https:\/\/leatai.com\/wp-content\/uploads\/DSC_0156.jpg","type":"image\/jpeg"}],"twitter_card":"summary_large_image","twitter_misc":{"Ber\u00e4knad l\u00e4stid":"1 minut"},"schema":{"@context":"https:\/\/schema.org","@graph":[{"@type":"WebPage","@id":"https:\/\/leatai.com\/sv\/product\/olika-oem-prover\/oem-kalender-sv\/taiwans-famous-influencer-hook\/","url":"https:\/\/leatai.com\/sv\/product\/olika-oem-prover\/oem-kalender-sv\/taiwans-famous-influencer-hook\/","name":"Handriven kalender | Varje dag vill man t\u00e4nka p\u00e5 historien - popul\u00e4r kundanpassad tryckning och tillverkning av handriven kalender - Leatai \u2013 Tillverkare av anpassade anteckningsb\u00f6cker","isPartOf":{"@id":"https:\/\/leatai.com\/sv\/#website"},"primaryImageOfPage":{"@id":"https:\/\/leatai.com\/sv\/product\/olika-oem-prover\/oem-kalender-sv\/taiwans-famous-influencer-hook\/#primaryimage"},"image":{"@id":"https:\/\/leatai.com\/sv\/product\/olika-oem-prover\/oem-kalender-sv\/taiwans-famous-influencer-hook\/#primaryimage"},"thumbnailUrl":"https:\/\/leatai.com\/wp-content\/uploads\/DSC_0156.jpg","datePublished":"2023-05-07T11:06:09+00:00","dateModified":"2026-03-31T03:06:59+00:00","description":"Utforska Leatais h\u00f6gkvalitativa tj\u00e4nster f\u00f6r kundanpassning, tryck och tillverkning av handrivna kalendrar. V\u00e5ra kalendrar har en elegant design och material av h\u00f6g kvalitet, och passar b\u00e5de f\u00f6r f\u00f6retagsanpassning och privat anv\u00e4ndning. V\u00e4lj den handrivna kalendertillverkare som passar dig b\u00e4st f\u00f6r att st\u00e4rka din varum\u00e4rkesimage och din dagliga planeringsf\u00f6rm\u00e5ga. Bes\u00f6k Leatais officiella webbplats redan idag f\u00f6r att f\u00e5 mer information om handrivna kalendrar och njut av en effektiv upplevelse f\u00f6r dokumentation och planering!","breadcrumb":{"@id":"https:\/\/leatai.com\/sv\/product\/olika-oem-prover\/oem-kalender-sv\/taiwans-famous-influencer-hook\/#breadcrumb"},"inLanguage":"sv-SE","potentialAction":[{"@type":"ReadAction","target":["https:\/\/leatai.com\/sv\/product\/olika-oem-prover\/oem-kalender-sv\/taiwans-famous-influencer-hook\/"]}]},{"@type":"ImageObject","inLanguage":"sv-SE","@id":"https:\/\/leatai.com\/sv\/product\/olika-oem-prover\/oem-kalender-sv\/taiwans-famous-influencer-hook\/#primaryimage","url":"https:\/\/leatai.com\/wp-content\/uploads\/DSC_0156.jpg","contentUrl":"https:\/\/leatai.com\/wp-content\/uploads\/DSC_0156.jpg","width":1000,"height":750,"caption":"handriven minikalender"},{"@type":"BreadcrumbList","@id":"https:\/\/leatai.com\/sv\/product\/olika-oem-prover\/oem-kalender-sv\/taiwans-famous-influencer-hook\/#breadcrumb","itemListElement":[{"@type":"ListItem","position":1,"name":"Home","item":"https:\/\/leatai.com\/sv\/"},{"@type":"ListItem","position":2,"name":"Produktpresentation","item":"https:\/\/leatai.com\/products\/"},{"@type":"ListItem","position":3,"name":"Olika OEM-prover","item":"https:\/\/leatai.com\/sv\/produkt-kategori\/olika-oem-prover\/"},{"@type":"ListItem","position":4,"name":"OEM-kalender","item":"https:\/\/leatai.com\/sv\/produkt-kategori\/olika-oem-prover\/oem-kalender-sv\/"},{"@type":"ListItem","position":5,"name":"Taiwan\u2019s Famous Influencer Hook"}]},{"@type":"WebSite","@id":"https:\/\/leatai.com\/sv\/#website","url":"https:\/\/leatai.com\/sv\/","name":"Leatai \u2013 Tillverkare av anpassade anteckningsb\u00f6cker","description":"Leatai erbjuder anpassade anteckningsb\u00f6cker och planeringsverktyg f\u00f6r varum\u00e4rken och distribut\u00f6rer \u00f6ver hela v\u00e4rlden.","publisher":{"@id":"https:\/\/leatai.com\/sv\/#organization"},"potentialAction":[{"@type":"SearchAction","target":{"@type":"EntryPoint","urlTemplate":"https:\/\/leatai.com\/sv\/?s={search_term_string}"},"query-input":{"@type":"PropertyValueSpecification","valueRequired":true,"valueName":"search_term_string"}}],"inLanguage":"sv-SE"},{"@type":"Organization","@id":"https:\/\/leatai.com\/sv\/#organization","name":"Leatai Diary, customized journal and business organizer","url":"https:\/\/leatai.com\/sv\/","logo":{"@type":"ImageObject","inLanguage":"sv-SE","@id":"https:\/\/leatai.com\/sv\/#\/schema\/logo\/image\/","url":"https:\/\/leatai.com\/wp-content\/uploads\/logo-blue.png","contentUrl":"https:\/\/leatai.com\/wp-content\/uploads\/logo-blue.png","width":230,"height":60,"caption":"Leatai Diary, customized journal and business organizer"},"image":{"@id":"https:\/\/leatai.com\/sv\/#\/schema\/logo\/image\/"},"telephone":"+886-2-8227-8800","legalName":"Leatai Stationary Co., Ltd.","description":"A leading notebook factory in Taiwan offering bespoke branding, high-quality binding, and premium paper selections for corporate gifts and stationery wholesale.","address":{"@type":"PostalAddress","streetAddress":"11F., No. 168, Jiankang Rd.","addressLocality":"Zhonghe Dist.","addressRegion":"New Taipei City","postalCode":"235","addressCountry":"TW"},"contactPoint":{"@type":"ContactPoint","telephone":"+886-2-8227-8800","contactType":"sales","areaServed":"Worldwide","availableLanguage":["zh-TW","en"]}}]}},"_links":{"self":[{"href":"https:\/\/leatai.com\/sv\/wp-json\/wp\/v2\/product\/96721","targetHints":{"allow":["GET"]}}],"collection":[{"href":"https:\/\/leatai.com\/sv\/wp-json\/wp\/v2\/product"}],"about":[{"href":"https:\/\/leatai.com\/sv\/wp-json\/wp\/v2\/types\/product"}],"wp:featuredmedia":[{"embeddable":true,"href":"https:\/\/leatai.com\/sv\/wp-json\/wp\/v2\/media\/96722"}],"wp:attachment":[{"href":"https:\/\/leatai.com\/sv\/wp-json\/wp\/v2\/media?parent=96721"}],"wp:term":[{"taxonomy":"product_brand","embeddable":true,"href":"https:\/\/leatai.com\/sv\/wp-json\/wp\/v2\/product_brand?post=96721"},{"taxonomy":"product_cat","embeddable":true,"href":"https:\/\/leatai.com\/sv\/wp-json\/wp\/v2\/product_cat?post=96721"},{"taxonomy":"product_tag","embeddable":true,"href":"https:\/\/leatai.com\/sv\/wp-json\/wp\/v2\/product_tag?post=96721"},{"taxonomy":"home_works","embeddable":true,"href":"https:\/\/leatai.com\/sv\/wp-json\/wp\/v2\/home_works?post=96721"}],"curies":[{"name":"wp","href":"https:\/\/api.w.org\/{rel}","templated":true}]}}