{"id":308711,"date":"2021-06-24T13:23:31","date_gmt":"2021-06-24T05:23:31","guid":{"rendered":"https:\/\/leatai.com\/product\/okategoriserad\/word-wave-festival-x-leatai\/"},"modified":"2026-04-24T13:46:33","modified_gmt":"2026-04-24T05:46:33","slug":"word-wave-festival-x-leatai","status":"publish","type":"product","link":"https:\/\/leatai.com\/sv\/product\/tvarindustriellt-samarbete\/kulturella-och-konstnarliga-evenemang\/word-wave-festival-x-leatai\/","title":{"rendered":"Word Wave Festival x Leatai"},"content":{"rendered":"<p>2016-09-29\u201310-02<\/p>\n<p>Kinesiska uppl\u00e4sningsfestivalen Word Wave Festival \u00e4r ett viktigt projekt som genomsyrar Huashan Cultural and Creative Parks omr\u00e5de. Genom &#8220;uppl\u00e4sning&#8221; vill man \u00e5tertolka sambandet mellan l\u00e4sning och liv, och d\u00e4rigenom \u00f6ka allm\u00e4nhetens intresse f\u00f6r l\u00e4sning, fr\u00e4mja f\u00f6rlagsbranschens utveckling och ytterligare n\u00e5 ut internationellt.<\/p>\n<p>2016 \u00e5rs uppl\u00e4sningsfestival med temat &#8220;# Jag \u00e4r_och l\u00e4ser&#8221; anv\u00e4nder samtidens sociala spr\u00e5k f\u00f6r att knyta samman oss alla. D\u00e4rf\u00f6r skapas en stad uppbyggd av uppl\u00e4sning, som bryter verklighetens begr\u00e4nsningar. I uppl\u00e4sningens dimension och l\u00e4sandets v\u00e4rld finns inga gr\u00e4nser, endast st\u00e4ndigt v\u00e4ckt fantasi och nyfikenhet, d\u00e4r uppl\u00e4sning integreras i sj\u00e4lens f\u00f6rest\u00e4llningsv\u00e4rld och tillsammans bygger en framtida stad d\u00e4r b\u00f6cker och m\u00e4nniskor samexisterar.<\/p>\n","protected":false},"excerpt":{"rendered":"<p>2016-09-29\u201310-02 Kinesiska uppl\u00e4sningsfestivalen Word Wave Festival \u00e4r ett viktigt projekt som genomsyrar Huashan Cultural and Creative Parks omr\u00e5de. Genom &#8220;uppl\u00e4sning&#8221; vill man \u00e5tertolka sambandet mellan l\u00e4sning och liv, och d\u00e4rigenom \u00f6ka allm\u00e4nhetens intresse f\u00f6r l\u00e4sning, fr\u00e4mja f\u00f6rlagsbranschens utveckling och ytterligare n\u00e5 ut internationellt. 2016 \u00e5rs uppl\u00e4sningsfestival med temat &#8220;# Jag \u00e4r_och l\u00e4ser&#8221; anv\u00e4nder samtidens sociala [&hellip;]<\/p>\n","protected":false},"featured_media":308712,"template":"","meta":{"_acf_changed":false},"product_brand":[],"product_cat":[1109],"product_tag":[],"home_works":[],"class_list":{"0":"post-308711","1":"product","2":"type-product","3":"status-publish","4":"has-post-thumbnail","6":"product_cat-kulturella-och-konstnarliga-evenemang","8":"first","9":"instock","10":"sold-individually","11":"shipping-taxable","12":"purchasable","13":"product-type-simple"},"acf":[],"yoast_head":"<!-- This site is optimized with the Yoast SEO plugin v27.2 - https:\/\/yoast.com\/product\/yoast-seo-wordpress\/ -->\n<title>Word Wave Festival x Leatai - Leatai \u2013 Tillverkare av anpassade anteckningsb\u00f6cker<\/title>\n<meta name=\"robots\" content=\"index, follow, max-snippet:-1, max-image-preview:large, max-video-preview:-1\" \/>\n<link rel=\"canonical\" href=\"https:\/\/leatai.com\/sv\/product\/tvarindustriellt-samarbete\/kulturella-och-konstnarliga-evenemang\/word-wave-festival-x-leatai\/\" \/>\n<meta property=\"og:locale\" content=\"sv_SE\" \/>\n<meta property=\"og:type\" content=\"article\" \/>\n<meta property=\"og:title\" content=\"Word Wave Festival x Leatai - Leatai \u2013 Tillverkare av anpassade anteckningsb\u00f6cker\" \/>\n<meta property=\"og:description\" content=\"2016-09-29\u201310-02 Kinesiska uppl\u00e4sningsfestivalen Word Wave Festival \u00e4r ett viktigt projekt som genomsyrar Huashan Cultural and Creative Parks omr\u00e5de. Genom &#8220;uppl\u00e4sning&#8221; vill man \u00e5tertolka sambandet mellan l\u00e4sning och liv, och d\u00e4rigenom \u00f6ka allm\u00e4nhetens intresse f\u00f6r l\u00e4sning, fr\u00e4mja f\u00f6rlagsbranschens utveckling och ytterligare n\u00e5 ut internationellt. 2016 \u00e5rs uppl\u00e4sningsfestival med temat &#8220;# Jag \u00e4r_och l\u00e4ser&#8221; anv\u00e4nder samtidens sociala [&hellip;]\" \/>\n<meta property=\"og:url\" content=\"https:\/\/leatai.com\/sv\/product\/tvarindustriellt-samarbete\/kulturella-och-konstnarliga-evenemang\/word-wave-festival-x-leatai\/\" \/>\n<meta property=\"og:site_name\" content=\"Leatai \u2013 Tillverkare av anpassade anteckningsb\u00f6cker\" \/>\n<meta property=\"article:modified_time\" content=\"2026-04-24T05:46:33+00:00\" \/>\n<meta property=\"og:image\" content=\"https:\/\/leatai.com\/wp-content\/uploads\/2020_06_17_1443180.jpg\" \/>\n\t<meta property=\"og:image:width\" content=\"1000\" \/>\n\t<meta property=\"og:image:height\" content=\"750\" \/>\n\t<meta property=\"og:image:type\" content=\"image\/jpeg\" \/>\n<meta name=\"twitter:card\" content=\"summary_large_image\" \/>\n<meta name=\"twitter:label1\" content=\"Ber\u00e4knad l\u00e4stid\" \/>\n\t<meta name=\"twitter:data1\" content=\"1 minut\" \/>\n<script type=\"application\/ld+json\" class=\"yoast-schema-graph\">{\"@context\":\"https:\/\/schema.org\",\"@graph\":[{\"@type\":\"WebPage\",\"@id\":\"https:\/\/leatai.com\/sv\/product\/tvarindustriellt-samarbete\/kulturella-och-konstnarliga-evenemang\/word-wave-festival-x-leatai\/\",\"url\":\"https:\/\/leatai.com\/sv\/product\/tvarindustriellt-samarbete\/kulturella-och-konstnarliga-evenemang\/word-wave-festival-x-leatai\/\",\"name\":\"Word Wave Festival x Leatai - Leatai \u2013 Tillverkare av anpassade anteckningsb\u00f6cker\",\"isPartOf\":{\"@id\":\"https:\/\/leatai.com\/sv\/#website\"},\"primaryImageOfPage\":{\"@id\":\"https:\/\/leatai.com\/sv\/product\/tvarindustriellt-samarbete\/kulturella-och-konstnarliga-evenemang\/word-wave-festival-x-leatai\/#primaryimage\"},\"image\":{\"@id\":\"https:\/\/leatai.com\/sv\/product\/tvarindustriellt-samarbete\/kulturella-och-konstnarliga-evenemang\/word-wave-festival-x-leatai\/#primaryimage\"},\"thumbnailUrl\":\"https:\/\/leatai.com\/wp-content\/uploads\/2020_06_17_1443180.jpg\",\"datePublished\":\"2021-06-24T05:23:31+00:00\",\"dateModified\":\"2026-04-24T05:46:33+00:00\",\"breadcrumb\":{\"@id\":\"https:\/\/leatai.com\/sv\/product\/tvarindustriellt-samarbete\/kulturella-och-konstnarliga-evenemang\/word-wave-festival-x-leatai\/#breadcrumb\"},\"inLanguage\":\"sv-SE\",\"potentialAction\":[{\"@type\":\"ReadAction\",\"target\":[\"https:\/\/leatai.com\/sv\/product\/tvarindustriellt-samarbete\/kulturella-och-konstnarliga-evenemang\/word-wave-festival-x-leatai\/\"]}]},{\"@type\":\"ImageObject\",\"inLanguage\":\"sv-SE\",\"@id\":\"https:\/\/leatai.com\/sv\/product\/tvarindustriellt-samarbete\/kulturella-och-konstnarliga-evenemang\/word-wave-festival-x-leatai\/#primaryimage\",\"url\":\"https:\/\/leatai.com\/wp-content\/uploads\/2020_06_17_1443180.jpg\",\"contentUrl\":\"https:\/\/leatai.com\/wp-content\/uploads\/2020_06_17_1443180.jpg\",\"width\":1000,\"height\":750},{\"@type\":\"BreadcrumbList\",\"@id\":\"https:\/\/leatai.com\/sv\/product\/tvarindustriellt-samarbete\/kulturella-och-konstnarliga-evenemang\/word-wave-festival-x-leatai\/#breadcrumb\",\"itemListElement\":[{\"@type\":\"ListItem\",\"position\":1,\"name\":\"Home\",\"item\":\"https:\/\/leatai.com\/sv\/\"},{\"@type\":\"ListItem\",\"position\":2,\"name\":\"Produktpresentation\",\"item\":\"https:\/\/leatai.com\/products\/\"},{\"@type\":\"ListItem\",\"position\":3,\"name\":\"Tv\u00e4rindustriellt samarbete\",\"item\":\"https:\/\/leatai.com\/sv\/produkt-kategori\/tvarindustriellt-samarbete\/\"},{\"@type\":\"ListItem\",\"position\":4,\"name\":\"Kulturella och konstn\u00e4rliga evenemang\",\"item\":\"https:\/\/leatai.com\/sv\/produkt-kategori\/tvarindustriellt-samarbete\/kulturella-och-konstnarliga-evenemang\/\"},{\"@type\":\"ListItem\",\"position\":5,\"name\":\"Word Wave Festival x Leatai\"}]},{\"@type\":\"WebSite\",\"@id\":\"https:\/\/leatai.com\/sv\/#website\",\"url\":\"https:\/\/leatai.com\/sv\/\",\"name\":\"Leatai \u2013 Tillverkare av anpassade anteckningsb\u00f6cker\",\"description\":\"Leatai erbjuder anpassade anteckningsb\u00f6cker och planeringsverktyg f\u00f6r varum\u00e4rken och distribut\u00f6rer \u00f6ver hela v\u00e4rlden.\",\"publisher\":{\"@id\":\"https:\/\/leatai.com\/sv\/#organization\"},\"potentialAction\":[{\"@type\":\"SearchAction\",\"target\":{\"@type\":\"EntryPoint\",\"urlTemplate\":\"https:\/\/leatai.com\/sv\/?s={search_term_string}\"},\"query-input\":{\"@type\":\"PropertyValueSpecification\",\"valueRequired\":true,\"valueName\":\"search_term_string\"}}],\"inLanguage\":\"sv-SE\"},{\"@type\":\"Organization\",\"@id\":\"https:\/\/leatai.com\/sv\/#organization\",\"name\":\"Leatai Diary, customized journal and business organizer\",\"url\":\"https:\/\/leatai.com\/sv\/\",\"logo\":{\"@type\":\"ImageObject\",\"inLanguage\":\"sv-SE\",\"@id\":\"https:\/\/leatai.com\/sv\/#\/schema\/logo\/image\/\",\"url\":\"https:\/\/leatai.com\/wp-content\/uploads\/logo-blue.png\",\"contentUrl\":\"https:\/\/leatai.com\/wp-content\/uploads\/logo-blue.png\",\"width\":230,\"height\":60,\"caption\":\"Leatai Diary, customized journal and business organizer\"},\"image\":{\"@id\":\"https:\/\/leatai.com\/sv\/#\/schema\/logo\/image\/\"},\"telephone\":\"+886-2-8227-8800\",\"legalName\":\"Leatai Stationary Co., Ltd.\",\"description\":\"A leading notebook factory in Taiwan offering bespoke branding, high-quality binding, and premium paper selections for corporate gifts and stationery wholesale.\",\"address\":{\"@type\":\"PostalAddress\",\"streetAddress\":\"11F., No. 168, Jiankang Rd.\",\"addressLocality\":\"Zhonghe Dist.\",\"addressRegion\":\"New Taipei City\",\"postalCode\":\"235\",\"addressCountry\":\"TW\"},\"contactPoint\":{\"@type\":\"ContactPoint\",\"telephone\":\"+886-2-8227-8800\",\"contactType\":\"sales\",\"areaServed\":\"Worldwide\",\"availableLanguage\":[\"zh-TW\",\"en\"]}}]}<\/script>\n<!-- \/ Yoast SEO plugin. -->","yoast_head_json":{"title":"Word Wave Festival x Leatai - Leatai \u2013 Tillverkare av anpassade anteckningsb\u00f6cker","robots":{"index":"index","follow":"follow","max-snippet":"max-snippet:-1","max-image-preview":"max-image-preview:large","max-video-preview":"max-video-preview:-1"},"canonical":"https:\/\/leatai.com\/sv\/product\/tvarindustriellt-samarbete\/kulturella-och-konstnarliga-evenemang\/word-wave-festival-x-leatai\/","og_locale":"sv_SE","og_type":"article","og_title":"Word Wave Festival x Leatai - Leatai \u2013 Tillverkare av anpassade anteckningsb\u00f6cker","og_description":"2016-09-29\u201310-02 Kinesiska uppl\u00e4sningsfestivalen Word Wave Festival \u00e4r ett viktigt projekt som genomsyrar Huashan Cultural and Creative Parks omr\u00e5de. Genom &#8220;uppl\u00e4sning&#8221; vill man \u00e5tertolka sambandet mellan l\u00e4sning och liv, och d\u00e4rigenom \u00f6ka allm\u00e4nhetens intresse f\u00f6r l\u00e4sning, fr\u00e4mja f\u00f6rlagsbranschens utveckling och ytterligare n\u00e5 ut internationellt. 2016 \u00e5rs uppl\u00e4sningsfestival med temat &#8220;# Jag \u00e4r_och l\u00e4ser&#8221; anv\u00e4nder samtidens sociala [&hellip;]","og_url":"https:\/\/leatai.com\/sv\/product\/tvarindustriellt-samarbete\/kulturella-och-konstnarliga-evenemang\/word-wave-festival-x-leatai\/","og_site_name":"Leatai \u2013 Tillverkare av anpassade anteckningsb\u00f6cker","article_modified_time":"2026-04-24T05:46:33+00:00","og_image":[{"width":1000,"height":750,"url":"https:\/\/leatai.com\/wp-content\/uploads\/2020_06_17_1443180.jpg","type":"image\/jpeg"}],"twitter_card":"summary_large_image","twitter_misc":{"Ber\u00e4knad l\u00e4stid":"1 minut"},"schema":{"@context":"https:\/\/schema.org","@graph":[{"@type":"WebPage","@id":"https:\/\/leatai.com\/sv\/product\/tvarindustriellt-samarbete\/kulturella-och-konstnarliga-evenemang\/word-wave-festival-x-leatai\/","url":"https:\/\/leatai.com\/sv\/product\/tvarindustriellt-samarbete\/kulturella-och-konstnarliga-evenemang\/word-wave-festival-x-leatai\/","name":"Word Wave Festival x Leatai - Leatai \u2013 Tillverkare av anpassade anteckningsb\u00f6cker","isPartOf":{"@id":"https:\/\/leatai.com\/sv\/#website"},"primaryImageOfPage":{"@id":"https:\/\/leatai.com\/sv\/product\/tvarindustriellt-samarbete\/kulturella-och-konstnarliga-evenemang\/word-wave-festival-x-leatai\/#primaryimage"},"image":{"@id":"https:\/\/leatai.com\/sv\/product\/tvarindustriellt-samarbete\/kulturella-och-konstnarliga-evenemang\/word-wave-festival-x-leatai\/#primaryimage"},"thumbnailUrl":"https:\/\/leatai.com\/wp-content\/uploads\/2020_06_17_1443180.jpg","datePublished":"2021-06-24T05:23:31+00:00","dateModified":"2026-04-24T05:46:33+00:00","breadcrumb":{"@id":"https:\/\/leatai.com\/sv\/product\/tvarindustriellt-samarbete\/kulturella-och-konstnarliga-evenemang\/word-wave-festival-x-leatai\/#breadcrumb"},"inLanguage":"sv-SE","potentialAction":[{"@type":"ReadAction","target":["https:\/\/leatai.com\/sv\/product\/tvarindustriellt-samarbete\/kulturella-och-konstnarliga-evenemang\/word-wave-festival-x-leatai\/"]}]},{"@type":"ImageObject","inLanguage":"sv-SE","@id":"https:\/\/leatai.com\/sv\/product\/tvarindustriellt-samarbete\/kulturella-och-konstnarliga-evenemang\/word-wave-festival-x-leatai\/#primaryimage","url":"https:\/\/leatai.com\/wp-content\/uploads\/2020_06_17_1443180.jpg","contentUrl":"https:\/\/leatai.com\/wp-content\/uploads\/2020_06_17_1443180.jpg","width":1000,"height":750},{"@type":"BreadcrumbList","@id":"https:\/\/leatai.com\/sv\/product\/tvarindustriellt-samarbete\/kulturella-och-konstnarliga-evenemang\/word-wave-festival-x-leatai\/#breadcrumb","itemListElement":[{"@type":"ListItem","position":1,"name":"Home","item":"https:\/\/leatai.com\/sv\/"},{"@type":"ListItem","position":2,"name":"Produktpresentation","item":"https:\/\/leatai.com\/products\/"},{"@type":"ListItem","position":3,"name":"Tv\u00e4rindustriellt samarbete","item":"https:\/\/leatai.com\/sv\/produkt-kategori\/tvarindustriellt-samarbete\/"},{"@type":"ListItem","position":4,"name":"Kulturella och konstn\u00e4rliga evenemang","item":"https:\/\/leatai.com\/sv\/produkt-kategori\/tvarindustriellt-samarbete\/kulturella-och-konstnarliga-evenemang\/"},{"@type":"ListItem","position":5,"name":"Word Wave Festival x Leatai"}]},{"@type":"WebSite","@id":"https:\/\/leatai.com\/sv\/#website","url":"https:\/\/leatai.com\/sv\/","name":"Leatai \u2013 Tillverkare av anpassade anteckningsb\u00f6cker","description":"Leatai erbjuder anpassade anteckningsb\u00f6cker och planeringsverktyg f\u00f6r varum\u00e4rken och distribut\u00f6rer \u00f6ver hela v\u00e4rlden.","publisher":{"@id":"https:\/\/leatai.com\/sv\/#organization"},"potentialAction":[{"@type":"SearchAction","target":{"@type":"EntryPoint","urlTemplate":"https:\/\/leatai.com\/sv\/?s={search_term_string}"},"query-input":{"@type":"PropertyValueSpecification","valueRequired":true,"valueName":"search_term_string"}}],"inLanguage":"sv-SE"},{"@type":"Organization","@id":"https:\/\/leatai.com\/sv\/#organization","name":"Leatai Diary, customized journal and business organizer","url":"https:\/\/leatai.com\/sv\/","logo":{"@type":"ImageObject","inLanguage":"sv-SE","@id":"https:\/\/leatai.com\/sv\/#\/schema\/logo\/image\/","url":"https:\/\/leatai.com\/wp-content\/uploads\/logo-blue.png","contentUrl":"https:\/\/leatai.com\/wp-content\/uploads\/logo-blue.png","width":230,"height":60,"caption":"Leatai Diary, customized journal and business organizer"},"image":{"@id":"https:\/\/leatai.com\/sv\/#\/schema\/logo\/image\/"},"telephone":"+886-2-8227-8800","legalName":"Leatai Stationary Co., Ltd.","description":"A leading notebook factory in Taiwan offering bespoke branding, high-quality binding, and premium paper selections for corporate gifts and stationery wholesale.","address":{"@type":"PostalAddress","streetAddress":"11F., No. 168, Jiankang Rd.","addressLocality":"Zhonghe Dist.","addressRegion":"New Taipei City","postalCode":"235","addressCountry":"TW"},"contactPoint":{"@type":"ContactPoint","telephone":"+886-2-8227-8800","contactType":"sales","areaServed":"Worldwide","availableLanguage":["zh-TW","en"]}}]}},"_links":{"self":[{"href":"https:\/\/leatai.com\/sv\/wp-json\/wp\/v2\/product\/308711","targetHints":{"allow":["GET"]}}],"collection":[{"href":"https:\/\/leatai.com\/sv\/wp-json\/wp\/v2\/product"}],"about":[{"href":"https:\/\/leatai.com\/sv\/wp-json\/wp\/v2\/types\/product"}],"wp:featuredmedia":[{"embeddable":true,"href":"https:\/\/leatai.com\/sv\/wp-json\/wp\/v2\/media\/308712"}],"wp:attachment":[{"href":"https:\/\/leatai.com\/sv\/wp-json\/wp\/v2\/media?parent=308711"}],"wp:term":[{"taxonomy":"product_brand","embeddable":true,"href":"https:\/\/leatai.com\/sv\/wp-json\/wp\/v2\/product_brand?post=308711"},{"taxonomy":"product_cat","embeddable":true,"href":"https:\/\/leatai.com\/sv\/wp-json\/wp\/v2\/product_cat?post=308711"},{"taxonomy":"product_tag","embeddable":true,"href":"https:\/\/leatai.com\/sv\/wp-json\/wp\/v2\/product_tag?post=308711"},{"taxonomy":"home_works","embeddable":true,"href":"https:\/\/leatai.com\/sv\/wp-json\/wp\/v2\/home_works?post=308711"}],"curies":[{"name":"wp","href":"https:\/\/api.w.org\/{rel}","templated":true}]}}