{"id":308700,"date":"2021-06-24T13:23:31","date_gmt":"2021-06-24T05:23:31","guid":{"rendered":"https:\/\/leatai.com\/product\/okategoriserad\/tibe-x-leatai\/"},"modified":"2026-04-24T13:45:53","modified_gmt":"2026-04-24T05:45:53","slug":"tibe-x-leatai","status":"publish","type":"product","link":"https:\/\/leatai.com\/sv\/product\/tvarindustriellt-samarbete\/kulturella-och-konstnarliga-evenemang\/tibe-x-leatai\/","title":{"rendered":"TIBE x Leatai"},"content":{"rendered":"<p>2018-02-06\u201302-11<\/p>\n<p>Den livfullhet som Taipei International Book Exhibition visar kommer fr\u00e5n deltagandet och engagemanget hos Taiwans f\u00f6rl\u00e4ggare, och tillsammans har vi skapat detta enast\u00e5ende resultat. Taipei International Book Exhibition kommer genom \u00e4nnu rikare inneh\u00e5ll att lyfta fram den taiwanesiska f\u00f6rlagsbranschens charm och styrka: ut\u00e5t synligg\u00f6rs Taiwans strategiska position som ett nav f\u00f6r kineskspr\u00e5kig publicering f\u00f6r att locka globala f\u00f6rl\u00e4ggare som vill utveckla den kineskspr\u00e5kiga marknaden; in\u00e5t presenteras den taiwanesiska f\u00f6rlagsv\u00e4rldens m\u00e5ngfacetterade landskap, fr\u00e5n sk\u00f6nlitteratur och facklitteratur till barnb\u00f6cker och serier, fr\u00e5n text, bild till ljud, och fr\u00e5n tryckta till digitala medier, f\u00f6r att forts\u00e4tta bygga ett varum\u00e4rke med stark kulturell vision och gott rykte.<\/p>\n<p>Inneh\u00e5ll \u00e4r nyckeln till att forma attraktionskraft och dragningskraft. Med denna id\u00e9 som grund kommer vi tillsammans med l\u00e4sare och f\u00f6rl\u00e4ggare att inleda en ny l\u00e4supplevelse, inspirera hela folkets l\u00e4slust, h\u00f6ja l\u00e4sniv\u00e5n och skapa en ny typ av l\u00e4sfestival.<\/p>\n","protected":false},"excerpt":{"rendered":"<p>2018-02-06\u201302-11 Den livfullhet som Taipei International Book Exhibition visar kommer fr\u00e5n deltagandet och engagemanget hos Taiwans f\u00f6rl\u00e4ggare, och tillsammans har vi skapat detta enast\u00e5ende resultat. Taipei International Book Exhibition kommer genom \u00e4nnu rikare inneh\u00e5ll att lyfta fram den taiwanesiska f\u00f6rlagsbranschens charm och styrka: ut\u00e5t synligg\u00f6rs Taiwans strategiska position som ett nav f\u00f6r kineskspr\u00e5kig publicering f\u00f6r [&hellip;]<\/p>\n","protected":false},"featured_media":308701,"template":"","meta":{"_acf_changed":false},"product_brand":[],"product_cat":[1109],"product_tag":[],"home_works":[],"class_list":{"0":"post-308700","1":"product","2":"type-product","3":"status-publish","4":"has-post-thumbnail","6":"product_cat-kulturella-och-konstnarliga-evenemang","8":"first","9":"instock","10":"sold-individually","11":"shipping-taxable","12":"purchasable","13":"product-type-simple"},"acf":[],"yoast_head":"<!-- This site is optimized with the Yoast SEO plugin v27.2 - https:\/\/yoast.com\/product\/yoast-seo-wordpress\/ -->\n<title>TIBE x Leatai - Leatai \u2013 Tillverkare av anpassade anteckningsb\u00f6cker<\/title>\n<meta name=\"robots\" content=\"index, follow, max-snippet:-1, max-image-preview:large, max-video-preview:-1\" \/>\n<link rel=\"canonical\" href=\"https:\/\/leatai.com\/sv\/product\/tvarindustriellt-samarbete\/kulturella-och-konstnarliga-evenemang\/tibe-x-leatai\/\" \/>\n<meta property=\"og:locale\" content=\"sv_SE\" \/>\n<meta property=\"og:type\" content=\"article\" \/>\n<meta property=\"og:title\" content=\"TIBE x Leatai - Leatai \u2013 Tillverkare av anpassade anteckningsb\u00f6cker\" \/>\n<meta property=\"og:description\" content=\"2018-02-06\u201302-11 Den livfullhet som Taipei International Book Exhibition visar kommer fr\u00e5n deltagandet och engagemanget hos Taiwans f\u00f6rl\u00e4ggare, och tillsammans har vi skapat detta enast\u00e5ende resultat. Taipei International Book Exhibition kommer genom \u00e4nnu rikare inneh\u00e5ll att lyfta fram den taiwanesiska f\u00f6rlagsbranschens charm och styrka: ut\u00e5t synligg\u00f6rs Taiwans strategiska position som ett nav f\u00f6r kineskspr\u00e5kig publicering f\u00f6r [&hellip;]\" \/>\n<meta property=\"og:url\" content=\"https:\/\/leatai.com\/sv\/product\/tvarindustriellt-samarbete\/kulturella-och-konstnarliga-evenemang\/tibe-x-leatai\/\" \/>\n<meta property=\"og:site_name\" content=\"Leatai \u2013 Tillverkare av anpassade anteckningsb\u00f6cker\" \/>\n<meta property=\"article:modified_time\" content=\"2026-04-24T05:45:53+00:00\" \/>\n<meta property=\"og:image\" content=\"https:\/\/leatai.com\/wp-content\/uploads\/2020_06_19_1346150.jpg\" \/>\n\t<meta property=\"og:image:width\" content=\"1000\" \/>\n\t<meta property=\"og:image:height\" content=\"750\" \/>\n\t<meta property=\"og:image:type\" content=\"image\/jpeg\" \/>\n<meta name=\"twitter:card\" content=\"summary_large_image\" \/>\n<meta name=\"twitter:label1\" content=\"Ber\u00e4knad l\u00e4stid\" \/>\n\t<meta name=\"twitter:data1\" content=\"1 minut\" \/>\n<script type=\"application\/ld+json\" class=\"yoast-schema-graph\">{\"@context\":\"https:\/\/schema.org\",\"@graph\":[{\"@type\":\"WebPage\",\"@id\":\"https:\/\/leatai.com\/sv\/product\/tvarindustriellt-samarbete\/kulturella-och-konstnarliga-evenemang\/tibe-x-leatai\/\",\"url\":\"https:\/\/leatai.com\/sv\/product\/tvarindustriellt-samarbete\/kulturella-och-konstnarliga-evenemang\/tibe-x-leatai\/\",\"name\":\"TIBE x Leatai - Leatai \u2013 Tillverkare av anpassade anteckningsb\u00f6cker\",\"isPartOf\":{\"@id\":\"https:\/\/leatai.com\/sv\/#website\"},\"primaryImageOfPage\":{\"@id\":\"https:\/\/leatai.com\/sv\/product\/tvarindustriellt-samarbete\/kulturella-och-konstnarliga-evenemang\/tibe-x-leatai\/#primaryimage\"},\"image\":{\"@id\":\"https:\/\/leatai.com\/sv\/product\/tvarindustriellt-samarbete\/kulturella-och-konstnarliga-evenemang\/tibe-x-leatai\/#primaryimage\"},\"thumbnailUrl\":\"https:\/\/leatai.com\/wp-content\/uploads\/2020_06_19_1346150.jpg\",\"datePublished\":\"2021-06-24T05:23:31+00:00\",\"dateModified\":\"2026-04-24T05:45:53+00:00\",\"breadcrumb\":{\"@id\":\"https:\/\/leatai.com\/sv\/product\/tvarindustriellt-samarbete\/kulturella-och-konstnarliga-evenemang\/tibe-x-leatai\/#breadcrumb\"},\"inLanguage\":\"sv-SE\",\"potentialAction\":[{\"@type\":\"ReadAction\",\"target\":[\"https:\/\/leatai.com\/sv\/product\/tvarindustriellt-samarbete\/kulturella-och-konstnarliga-evenemang\/tibe-x-leatai\/\"]}]},{\"@type\":\"ImageObject\",\"inLanguage\":\"sv-SE\",\"@id\":\"https:\/\/leatai.com\/sv\/product\/tvarindustriellt-samarbete\/kulturella-och-konstnarliga-evenemang\/tibe-x-leatai\/#primaryimage\",\"url\":\"https:\/\/leatai.com\/wp-content\/uploads\/2020_06_19_1346150.jpg\",\"contentUrl\":\"https:\/\/leatai.com\/wp-content\/uploads\/2020_06_19_1346150.jpg\",\"width\":1000,\"height\":750},{\"@type\":\"BreadcrumbList\",\"@id\":\"https:\/\/leatai.com\/sv\/product\/tvarindustriellt-samarbete\/kulturella-och-konstnarliga-evenemang\/tibe-x-leatai\/#breadcrumb\",\"itemListElement\":[{\"@type\":\"ListItem\",\"position\":1,\"name\":\"Home\",\"item\":\"https:\/\/leatai.com\/sv\/\"},{\"@type\":\"ListItem\",\"position\":2,\"name\":\"Produktpresentation\",\"item\":\"https:\/\/leatai.com\/products\/\"},{\"@type\":\"ListItem\",\"position\":3,\"name\":\"Tv\u00e4rindustriellt samarbete\",\"item\":\"https:\/\/leatai.com\/sv\/produkt-kategori\/tvarindustriellt-samarbete\/\"},{\"@type\":\"ListItem\",\"position\":4,\"name\":\"Kulturella och konstn\u00e4rliga evenemang\",\"item\":\"https:\/\/leatai.com\/sv\/produkt-kategori\/tvarindustriellt-samarbete\/kulturella-och-konstnarliga-evenemang\/\"},{\"@type\":\"ListItem\",\"position\":5,\"name\":\"TIBE x Leatai\"}]},{\"@type\":\"WebSite\",\"@id\":\"https:\/\/leatai.com\/sv\/#website\",\"url\":\"https:\/\/leatai.com\/sv\/\",\"name\":\"Leatai \u2013 Tillverkare av anpassade anteckningsb\u00f6cker\",\"description\":\"Leatai erbjuder anpassade anteckningsb\u00f6cker och planeringsverktyg f\u00f6r varum\u00e4rken och distribut\u00f6rer \u00f6ver hela v\u00e4rlden.\",\"publisher\":{\"@id\":\"https:\/\/leatai.com\/sv\/#organization\"},\"potentialAction\":[{\"@type\":\"SearchAction\",\"target\":{\"@type\":\"EntryPoint\",\"urlTemplate\":\"https:\/\/leatai.com\/sv\/?s={search_term_string}\"},\"query-input\":{\"@type\":\"PropertyValueSpecification\",\"valueRequired\":true,\"valueName\":\"search_term_string\"}}],\"inLanguage\":\"sv-SE\"},{\"@type\":\"Organization\",\"@id\":\"https:\/\/leatai.com\/sv\/#organization\",\"name\":\"Leatai Diary, customized journal and business organizer\",\"url\":\"https:\/\/leatai.com\/sv\/\",\"logo\":{\"@type\":\"ImageObject\",\"inLanguage\":\"sv-SE\",\"@id\":\"https:\/\/leatai.com\/sv\/#\/schema\/logo\/image\/\",\"url\":\"https:\/\/leatai.com\/wp-content\/uploads\/logo-blue.png\",\"contentUrl\":\"https:\/\/leatai.com\/wp-content\/uploads\/logo-blue.png\",\"width\":230,\"height\":60,\"caption\":\"Leatai Diary, customized journal and business organizer\"},\"image\":{\"@id\":\"https:\/\/leatai.com\/sv\/#\/schema\/logo\/image\/\"},\"telephone\":\"+886-2-8227-8800\",\"legalName\":\"Leatai Stationary Co., Ltd.\",\"description\":\"A leading notebook factory in Taiwan offering bespoke branding, high-quality binding, and premium paper selections for corporate gifts and stationery wholesale.\",\"address\":{\"@type\":\"PostalAddress\",\"streetAddress\":\"11F., No. 168, Jiankang Rd.\",\"addressLocality\":\"Zhonghe Dist.\",\"addressRegion\":\"New Taipei City\",\"postalCode\":\"235\",\"addressCountry\":\"TW\"},\"contactPoint\":{\"@type\":\"ContactPoint\",\"telephone\":\"+886-2-8227-8800\",\"contactType\":\"sales\",\"areaServed\":\"Worldwide\",\"availableLanguage\":[\"zh-TW\",\"en\"]}}]}<\/script>\n<!-- \/ Yoast SEO plugin. -->","yoast_head_json":{"title":"TIBE x Leatai - Leatai \u2013 Tillverkare av anpassade anteckningsb\u00f6cker","robots":{"index":"index","follow":"follow","max-snippet":"max-snippet:-1","max-image-preview":"max-image-preview:large","max-video-preview":"max-video-preview:-1"},"canonical":"https:\/\/leatai.com\/sv\/product\/tvarindustriellt-samarbete\/kulturella-och-konstnarliga-evenemang\/tibe-x-leatai\/","og_locale":"sv_SE","og_type":"article","og_title":"TIBE x Leatai - Leatai \u2013 Tillverkare av anpassade anteckningsb\u00f6cker","og_description":"2018-02-06\u201302-11 Den livfullhet som Taipei International Book Exhibition visar kommer fr\u00e5n deltagandet och engagemanget hos Taiwans f\u00f6rl\u00e4ggare, och tillsammans har vi skapat detta enast\u00e5ende resultat. Taipei International Book Exhibition kommer genom \u00e4nnu rikare inneh\u00e5ll att lyfta fram den taiwanesiska f\u00f6rlagsbranschens charm och styrka: ut\u00e5t synligg\u00f6rs Taiwans strategiska position som ett nav f\u00f6r kineskspr\u00e5kig publicering f\u00f6r [&hellip;]","og_url":"https:\/\/leatai.com\/sv\/product\/tvarindustriellt-samarbete\/kulturella-och-konstnarliga-evenemang\/tibe-x-leatai\/","og_site_name":"Leatai \u2013 Tillverkare av anpassade anteckningsb\u00f6cker","article_modified_time":"2026-04-24T05:45:53+00:00","og_image":[{"width":1000,"height":750,"url":"https:\/\/leatai.com\/wp-content\/uploads\/2020_06_19_1346150.jpg","type":"image\/jpeg"}],"twitter_card":"summary_large_image","twitter_misc":{"Ber\u00e4knad l\u00e4stid":"1 minut"},"schema":{"@context":"https:\/\/schema.org","@graph":[{"@type":"WebPage","@id":"https:\/\/leatai.com\/sv\/product\/tvarindustriellt-samarbete\/kulturella-och-konstnarliga-evenemang\/tibe-x-leatai\/","url":"https:\/\/leatai.com\/sv\/product\/tvarindustriellt-samarbete\/kulturella-och-konstnarliga-evenemang\/tibe-x-leatai\/","name":"TIBE x Leatai - Leatai \u2013 Tillverkare av anpassade anteckningsb\u00f6cker","isPartOf":{"@id":"https:\/\/leatai.com\/sv\/#website"},"primaryImageOfPage":{"@id":"https:\/\/leatai.com\/sv\/product\/tvarindustriellt-samarbete\/kulturella-och-konstnarliga-evenemang\/tibe-x-leatai\/#primaryimage"},"image":{"@id":"https:\/\/leatai.com\/sv\/product\/tvarindustriellt-samarbete\/kulturella-och-konstnarliga-evenemang\/tibe-x-leatai\/#primaryimage"},"thumbnailUrl":"https:\/\/leatai.com\/wp-content\/uploads\/2020_06_19_1346150.jpg","datePublished":"2021-06-24T05:23:31+00:00","dateModified":"2026-04-24T05:45:53+00:00","breadcrumb":{"@id":"https:\/\/leatai.com\/sv\/product\/tvarindustriellt-samarbete\/kulturella-och-konstnarliga-evenemang\/tibe-x-leatai\/#breadcrumb"},"inLanguage":"sv-SE","potentialAction":[{"@type":"ReadAction","target":["https:\/\/leatai.com\/sv\/product\/tvarindustriellt-samarbete\/kulturella-och-konstnarliga-evenemang\/tibe-x-leatai\/"]}]},{"@type":"ImageObject","inLanguage":"sv-SE","@id":"https:\/\/leatai.com\/sv\/product\/tvarindustriellt-samarbete\/kulturella-och-konstnarliga-evenemang\/tibe-x-leatai\/#primaryimage","url":"https:\/\/leatai.com\/wp-content\/uploads\/2020_06_19_1346150.jpg","contentUrl":"https:\/\/leatai.com\/wp-content\/uploads\/2020_06_19_1346150.jpg","width":1000,"height":750},{"@type":"BreadcrumbList","@id":"https:\/\/leatai.com\/sv\/product\/tvarindustriellt-samarbete\/kulturella-och-konstnarliga-evenemang\/tibe-x-leatai\/#breadcrumb","itemListElement":[{"@type":"ListItem","position":1,"name":"Home","item":"https:\/\/leatai.com\/sv\/"},{"@type":"ListItem","position":2,"name":"Produktpresentation","item":"https:\/\/leatai.com\/products\/"},{"@type":"ListItem","position":3,"name":"Tv\u00e4rindustriellt samarbete","item":"https:\/\/leatai.com\/sv\/produkt-kategori\/tvarindustriellt-samarbete\/"},{"@type":"ListItem","position":4,"name":"Kulturella och konstn\u00e4rliga evenemang","item":"https:\/\/leatai.com\/sv\/produkt-kategori\/tvarindustriellt-samarbete\/kulturella-och-konstnarliga-evenemang\/"},{"@type":"ListItem","position":5,"name":"TIBE x Leatai"}]},{"@type":"WebSite","@id":"https:\/\/leatai.com\/sv\/#website","url":"https:\/\/leatai.com\/sv\/","name":"Leatai \u2013 Tillverkare av anpassade anteckningsb\u00f6cker","description":"Leatai erbjuder anpassade anteckningsb\u00f6cker och planeringsverktyg f\u00f6r varum\u00e4rken och distribut\u00f6rer \u00f6ver hela v\u00e4rlden.","publisher":{"@id":"https:\/\/leatai.com\/sv\/#organization"},"potentialAction":[{"@type":"SearchAction","target":{"@type":"EntryPoint","urlTemplate":"https:\/\/leatai.com\/sv\/?s={search_term_string}"},"query-input":{"@type":"PropertyValueSpecification","valueRequired":true,"valueName":"search_term_string"}}],"inLanguage":"sv-SE"},{"@type":"Organization","@id":"https:\/\/leatai.com\/sv\/#organization","name":"Leatai Diary, customized journal and business organizer","url":"https:\/\/leatai.com\/sv\/","logo":{"@type":"ImageObject","inLanguage":"sv-SE","@id":"https:\/\/leatai.com\/sv\/#\/schema\/logo\/image\/","url":"https:\/\/leatai.com\/wp-content\/uploads\/logo-blue.png","contentUrl":"https:\/\/leatai.com\/wp-content\/uploads\/logo-blue.png","width":230,"height":60,"caption":"Leatai Diary, customized journal and business organizer"},"image":{"@id":"https:\/\/leatai.com\/sv\/#\/schema\/logo\/image\/"},"telephone":"+886-2-8227-8800","legalName":"Leatai Stationary Co., Ltd.","description":"A leading notebook factory in Taiwan offering bespoke branding, high-quality binding, and premium paper selections for corporate gifts and stationery wholesale.","address":{"@type":"PostalAddress","streetAddress":"11F., No. 168, Jiankang Rd.","addressLocality":"Zhonghe Dist.","addressRegion":"New Taipei City","postalCode":"235","addressCountry":"TW"},"contactPoint":{"@type":"ContactPoint","telephone":"+886-2-8227-8800","contactType":"sales","areaServed":"Worldwide","availableLanguage":["zh-TW","en"]}}]}},"_links":{"self":[{"href":"https:\/\/leatai.com\/sv\/wp-json\/wp\/v2\/product\/308700","targetHints":{"allow":["GET"]}}],"collection":[{"href":"https:\/\/leatai.com\/sv\/wp-json\/wp\/v2\/product"}],"about":[{"href":"https:\/\/leatai.com\/sv\/wp-json\/wp\/v2\/types\/product"}],"wp:featuredmedia":[{"embeddable":true,"href":"https:\/\/leatai.com\/sv\/wp-json\/wp\/v2\/media\/308701"}],"wp:attachment":[{"href":"https:\/\/leatai.com\/sv\/wp-json\/wp\/v2\/media?parent=308700"}],"wp:term":[{"taxonomy":"product_brand","embeddable":true,"href":"https:\/\/leatai.com\/sv\/wp-json\/wp\/v2\/product_brand?post=308700"},{"taxonomy":"product_cat","embeddable":true,"href":"https:\/\/leatai.com\/sv\/wp-json\/wp\/v2\/product_cat?post=308700"},{"taxonomy":"product_tag","embeddable":true,"href":"https:\/\/leatai.com\/sv\/wp-json\/wp\/v2\/product_tag?post=308700"},{"taxonomy":"home_works","embeddable":true,"href":"https:\/\/leatai.com\/sv\/wp-json\/wp\/v2\/home_works?post=308700"}],"curies":[{"name":"wp","href":"https:\/\/api.w.org\/{rel}","templated":true}]}}