{"id":308694,"date":"2021-06-24T13:23:31","date_gmt":"2021-06-24T05:23:31","guid":{"rendered":"https:\/\/leatai.com\/product\/okategoriserad\/pinkoi-x-leatai\/"},"modified":"2026-04-24T13:44:57","modified_gmt":"2026-04-24T05:44:57","slug":"pinkoi-x-leatai","status":"publish","type":"product","link":"https:\/\/leatai.com\/sv\/product\/tvarindustriellt-samarbete\/kulturella-och-konstnarliga-evenemang\/pinkoi-x-leatai\/","title":{"rendered":"Pinkoi x Leatai"},"content":{"rendered":"<p>2017-04-22\u201323<\/p>\n<p>Pinkoi arrangerar varje \u00e5r oregelbundet fysiska marknader d\u00e4r utvalda varum\u00e4rken fr\u00e5n plattformen samlas.<br \/>\nF\u00f6rutom att se ett brett utbud av designprodukter kan man ocks\u00e5 prata direkt med varum\u00e4rkets designers, h\u00f6ra deras ber\u00e4ttelser och f\u00e5 en djupare f\u00f6rst\u00e5else f\u00f6r produkternas anv\u00e4ndning.<\/p>\n<p>Det b\u00e4sta \u00e4r att du kan k\u00f6pa produkter med olika designstilar p\u00e5 en och samma g\u00e5ng!<br \/>\nTa en promenad med v\u00e4nner under helgen och uppt\u00e4ck Xinyi-omr\u00e5det fyllt av konstn\u00e4rlig atmosf\u00e4r!<\/p>\n","protected":false},"excerpt":{"rendered":"<p>2017-04-22\u201323 Pinkoi arrangerar varje \u00e5r oregelbundet fysiska marknader d\u00e4r utvalda varum\u00e4rken fr\u00e5n plattformen samlas. F\u00f6rutom att se ett brett utbud av designprodukter kan man ocks\u00e5 prata direkt med varum\u00e4rkets designers, h\u00f6ra deras ber\u00e4ttelser och f\u00e5 en djupare f\u00f6rst\u00e5else f\u00f6r produkternas anv\u00e4ndning. Det b\u00e4sta \u00e4r att du kan k\u00f6pa produkter med olika designstilar p\u00e5 en och [&hellip;]<\/p>\n","protected":false},"featured_media":308695,"template":"","meta":{"_acf_changed":false},"product_brand":[],"product_cat":[1109],"product_tag":[],"home_works":[],"class_list":{"0":"post-308694","1":"product","2":"type-product","3":"status-publish","4":"has-post-thumbnail","6":"product_cat-kulturella-och-konstnarliga-evenemang","8":"first","9":"instock","10":"sold-individually","11":"shipping-taxable","12":"purchasable","13":"product-type-simple"},"acf":[],"yoast_head":"<!-- This site is optimized with the Yoast SEO plugin v27.2 - https:\/\/yoast.com\/product\/yoast-seo-wordpress\/ -->\n<title>Pinkoi x Leatai - Leatai \u2013 Tillverkare av anpassade anteckningsb\u00f6cker<\/title>\n<meta name=\"robots\" content=\"index, follow, max-snippet:-1, max-image-preview:large, max-video-preview:-1\" \/>\n<link rel=\"canonical\" href=\"https:\/\/leatai.com\/sv\/product\/tvarindustriellt-samarbete\/kulturella-och-konstnarliga-evenemang\/pinkoi-x-leatai\/\" \/>\n<meta property=\"og:locale\" content=\"sv_SE\" \/>\n<meta property=\"og:type\" content=\"article\" \/>\n<meta property=\"og:title\" content=\"Pinkoi x Leatai - Leatai \u2013 Tillverkare av anpassade anteckningsb\u00f6cker\" \/>\n<meta property=\"og:description\" content=\"2017-04-22\u201323 Pinkoi arrangerar varje \u00e5r oregelbundet fysiska marknader d\u00e4r utvalda varum\u00e4rken fr\u00e5n plattformen samlas. F\u00f6rutom att se ett brett utbud av designprodukter kan man ocks\u00e5 prata direkt med varum\u00e4rkets designers, h\u00f6ra deras ber\u00e4ttelser och f\u00e5 en djupare f\u00f6rst\u00e5else f\u00f6r produkternas anv\u00e4ndning. Det b\u00e4sta \u00e4r att du kan k\u00f6pa produkter med olika designstilar p\u00e5 en och [&hellip;]\" \/>\n<meta property=\"og:url\" content=\"https:\/\/leatai.com\/sv\/product\/tvarindustriellt-samarbete\/kulturella-och-konstnarliga-evenemang\/pinkoi-x-leatai\/\" \/>\n<meta property=\"og:site_name\" content=\"Leatai \u2013 Tillverkare av anpassade anteckningsb\u00f6cker\" \/>\n<meta property=\"article:modified_time\" content=\"2026-04-24T05:44:57+00:00\" \/>\n<meta property=\"og:image\" content=\"https:\/\/leatai.com\/wp-content\/uploads\/2020_06_17_1357090.jpg\" \/>\n\t<meta property=\"og:image:width\" content=\"700\" \/>\n\t<meta property=\"og:image:height\" content=\"467\" \/>\n\t<meta property=\"og:image:type\" content=\"image\/jpeg\" \/>\n<meta name=\"twitter:card\" content=\"summary_large_image\" \/>\n<meta name=\"twitter:label1\" content=\"Ber\u00e4knad l\u00e4stid\" \/>\n\t<meta name=\"twitter:data1\" content=\"1 minut\" \/>\n<script type=\"application\/ld+json\" class=\"yoast-schema-graph\">{\"@context\":\"https:\/\/schema.org\",\"@graph\":[{\"@type\":\"WebPage\",\"@id\":\"https:\/\/leatai.com\/sv\/product\/tvarindustriellt-samarbete\/kulturella-och-konstnarliga-evenemang\/pinkoi-x-leatai\/\",\"url\":\"https:\/\/leatai.com\/sv\/product\/tvarindustriellt-samarbete\/kulturella-och-konstnarliga-evenemang\/pinkoi-x-leatai\/\",\"name\":\"Pinkoi x Leatai - Leatai \u2013 Tillverkare av anpassade anteckningsb\u00f6cker\",\"isPartOf\":{\"@id\":\"https:\/\/leatai.com\/sv\/#website\"},\"primaryImageOfPage\":{\"@id\":\"https:\/\/leatai.com\/sv\/product\/tvarindustriellt-samarbete\/kulturella-och-konstnarliga-evenemang\/pinkoi-x-leatai\/#primaryimage\"},\"image\":{\"@id\":\"https:\/\/leatai.com\/sv\/product\/tvarindustriellt-samarbete\/kulturella-och-konstnarliga-evenemang\/pinkoi-x-leatai\/#primaryimage\"},\"thumbnailUrl\":\"https:\/\/leatai.com\/wp-content\/uploads\/2020_06_17_1357090.jpg\",\"datePublished\":\"2021-06-24T05:23:31+00:00\",\"dateModified\":\"2026-04-24T05:44:57+00:00\",\"breadcrumb\":{\"@id\":\"https:\/\/leatai.com\/sv\/product\/tvarindustriellt-samarbete\/kulturella-och-konstnarliga-evenemang\/pinkoi-x-leatai\/#breadcrumb\"},\"inLanguage\":\"sv-SE\",\"potentialAction\":[{\"@type\":\"ReadAction\",\"target\":[\"https:\/\/leatai.com\/sv\/product\/tvarindustriellt-samarbete\/kulturella-och-konstnarliga-evenemang\/pinkoi-x-leatai\/\"]}]},{\"@type\":\"ImageObject\",\"inLanguage\":\"sv-SE\",\"@id\":\"https:\/\/leatai.com\/sv\/product\/tvarindustriellt-samarbete\/kulturella-och-konstnarliga-evenemang\/pinkoi-x-leatai\/#primaryimage\",\"url\":\"https:\/\/leatai.com\/wp-content\/uploads\/2020_06_17_1357090.jpg\",\"contentUrl\":\"https:\/\/leatai.com\/wp-content\/uploads\/2020_06_17_1357090.jpg\",\"width\":700,\"height\":467},{\"@type\":\"BreadcrumbList\",\"@id\":\"https:\/\/leatai.com\/sv\/product\/tvarindustriellt-samarbete\/kulturella-och-konstnarliga-evenemang\/pinkoi-x-leatai\/#breadcrumb\",\"itemListElement\":[{\"@type\":\"ListItem\",\"position\":1,\"name\":\"Home\",\"item\":\"https:\/\/leatai.com\/sv\/\"},{\"@type\":\"ListItem\",\"position\":2,\"name\":\"Produktpresentation\",\"item\":\"https:\/\/leatai.com\/products\/\"},{\"@type\":\"ListItem\",\"position\":3,\"name\":\"Tv\u00e4rindustriellt samarbete\",\"item\":\"https:\/\/leatai.com\/sv\/produkt-kategori\/tvarindustriellt-samarbete\/\"},{\"@type\":\"ListItem\",\"position\":4,\"name\":\"Kulturella och konstn\u00e4rliga evenemang\",\"item\":\"https:\/\/leatai.com\/sv\/produkt-kategori\/tvarindustriellt-samarbete\/kulturella-och-konstnarliga-evenemang\/\"},{\"@type\":\"ListItem\",\"position\":5,\"name\":\"Pinkoi x Leatai\"}]},{\"@type\":\"WebSite\",\"@id\":\"https:\/\/leatai.com\/sv\/#website\",\"url\":\"https:\/\/leatai.com\/sv\/\",\"name\":\"Leatai \u2013 Tillverkare av anpassade anteckningsb\u00f6cker\",\"description\":\"Leatai erbjuder anpassade anteckningsb\u00f6cker och planeringsverktyg f\u00f6r varum\u00e4rken och distribut\u00f6rer \u00f6ver hela v\u00e4rlden.\",\"publisher\":{\"@id\":\"https:\/\/leatai.com\/sv\/#organization\"},\"potentialAction\":[{\"@type\":\"SearchAction\",\"target\":{\"@type\":\"EntryPoint\",\"urlTemplate\":\"https:\/\/leatai.com\/sv\/?s={search_term_string}\"},\"query-input\":{\"@type\":\"PropertyValueSpecification\",\"valueRequired\":true,\"valueName\":\"search_term_string\"}}],\"inLanguage\":\"sv-SE\"},{\"@type\":\"Organization\",\"@id\":\"https:\/\/leatai.com\/sv\/#organization\",\"name\":\"Leatai Diary, customized journal and business organizer\",\"url\":\"https:\/\/leatai.com\/sv\/\",\"logo\":{\"@type\":\"ImageObject\",\"inLanguage\":\"sv-SE\",\"@id\":\"https:\/\/leatai.com\/sv\/#\/schema\/logo\/image\/\",\"url\":\"https:\/\/leatai.com\/wp-content\/uploads\/logo-blue.png\",\"contentUrl\":\"https:\/\/leatai.com\/wp-content\/uploads\/logo-blue.png\",\"width\":230,\"height\":60,\"caption\":\"Leatai Diary, customized journal and business organizer\"},\"image\":{\"@id\":\"https:\/\/leatai.com\/sv\/#\/schema\/logo\/image\/\"},\"telephone\":\"+886-2-8227-8800\",\"legalName\":\"Leatai Stationary Co., Ltd.\",\"description\":\"A leading notebook factory in Taiwan offering bespoke branding, high-quality binding, and premium paper selections for corporate gifts and stationery wholesale.\",\"address\":{\"@type\":\"PostalAddress\",\"streetAddress\":\"11F., No. 168, Jiankang Rd.\",\"addressLocality\":\"Zhonghe Dist.\",\"addressRegion\":\"New Taipei City\",\"postalCode\":\"235\",\"addressCountry\":\"TW\"},\"contactPoint\":{\"@type\":\"ContactPoint\",\"telephone\":\"+886-2-8227-8800\",\"contactType\":\"sales\",\"areaServed\":\"Worldwide\",\"availableLanguage\":[\"zh-TW\",\"en\"]}}]}<\/script>\n<!-- \/ Yoast SEO plugin. -->","yoast_head_json":{"title":"Pinkoi x Leatai - Leatai \u2013 Tillverkare av anpassade anteckningsb\u00f6cker","robots":{"index":"index","follow":"follow","max-snippet":"max-snippet:-1","max-image-preview":"max-image-preview:large","max-video-preview":"max-video-preview:-1"},"canonical":"https:\/\/leatai.com\/sv\/product\/tvarindustriellt-samarbete\/kulturella-och-konstnarliga-evenemang\/pinkoi-x-leatai\/","og_locale":"sv_SE","og_type":"article","og_title":"Pinkoi x Leatai - Leatai \u2013 Tillverkare av anpassade anteckningsb\u00f6cker","og_description":"2017-04-22\u201323 Pinkoi arrangerar varje \u00e5r oregelbundet fysiska marknader d\u00e4r utvalda varum\u00e4rken fr\u00e5n plattformen samlas. F\u00f6rutom att se ett brett utbud av designprodukter kan man ocks\u00e5 prata direkt med varum\u00e4rkets designers, h\u00f6ra deras ber\u00e4ttelser och f\u00e5 en djupare f\u00f6rst\u00e5else f\u00f6r produkternas anv\u00e4ndning. Det b\u00e4sta \u00e4r att du kan k\u00f6pa produkter med olika designstilar p\u00e5 en och [&hellip;]","og_url":"https:\/\/leatai.com\/sv\/product\/tvarindustriellt-samarbete\/kulturella-och-konstnarliga-evenemang\/pinkoi-x-leatai\/","og_site_name":"Leatai \u2013 Tillverkare av anpassade anteckningsb\u00f6cker","article_modified_time":"2026-04-24T05:44:57+00:00","og_image":[{"width":700,"height":467,"url":"https:\/\/leatai.com\/wp-content\/uploads\/2020_06_17_1357090.jpg","type":"image\/jpeg"}],"twitter_card":"summary_large_image","twitter_misc":{"Ber\u00e4knad l\u00e4stid":"1 minut"},"schema":{"@context":"https:\/\/schema.org","@graph":[{"@type":"WebPage","@id":"https:\/\/leatai.com\/sv\/product\/tvarindustriellt-samarbete\/kulturella-och-konstnarliga-evenemang\/pinkoi-x-leatai\/","url":"https:\/\/leatai.com\/sv\/product\/tvarindustriellt-samarbete\/kulturella-och-konstnarliga-evenemang\/pinkoi-x-leatai\/","name":"Pinkoi x Leatai - Leatai \u2013 Tillverkare av anpassade anteckningsb\u00f6cker","isPartOf":{"@id":"https:\/\/leatai.com\/sv\/#website"},"primaryImageOfPage":{"@id":"https:\/\/leatai.com\/sv\/product\/tvarindustriellt-samarbete\/kulturella-och-konstnarliga-evenemang\/pinkoi-x-leatai\/#primaryimage"},"image":{"@id":"https:\/\/leatai.com\/sv\/product\/tvarindustriellt-samarbete\/kulturella-och-konstnarliga-evenemang\/pinkoi-x-leatai\/#primaryimage"},"thumbnailUrl":"https:\/\/leatai.com\/wp-content\/uploads\/2020_06_17_1357090.jpg","datePublished":"2021-06-24T05:23:31+00:00","dateModified":"2026-04-24T05:44:57+00:00","breadcrumb":{"@id":"https:\/\/leatai.com\/sv\/product\/tvarindustriellt-samarbete\/kulturella-och-konstnarliga-evenemang\/pinkoi-x-leatai\/#breadcrumb"},"inLanguage":"sv-SE","potentialAction":[{"@type":"ReadAction","target":["https:\/\/leatai.com\/sv\/product\/tvarindustriellt-samarbete\/kulturella-och-konstnarliga-evenemang\/pinkoi-x-leatai\/"]}]},{"@type":"ImageObject","inLanguage":"sv-SE","@id":"https:\/\/leatai.com\/sv\/product\/tvarindustriellt-samarbete\/kulturella-och-konstnarliga-evenemang\/pinkoi-x-leatai\/#primaryimage","url":"https:\/\/leatai.com\/wp-content\/uploads\/2020_06_17_1357090.jpg","contentUrl":"https:\/\/leatai.com\/wp-content\/uploads\/2020_06_17_1357090.jpg","width":700,"height":467},{"@type":"BreadcrumbList","@id":"https:\/\/leatai.com\/sv\/product\/tvarindustriellt-samarbete\/kulturella-och-konstnarliga-evenemang\/pinkoi-x-leatai\/#breadcrumb","itemListElement":[{"@type":"ListItem","position":1,"name":"Home","item":"https:\/\/leatai.com\/sv\/"},{"@type":"ListItem","position":2,"name":"Produktpresentation","item":"https:\/\/leatai.com\/products\/"},{"@type":"ListItem","position":3,"name":"Tv\u00e4rindustriellt samarbete","item":"https:\/\/leatai.com\/sv\/produkt-kategori\/tvarindustriellt-samarbete\/"},{"@type":"ListItem","position":4,"name":"Kulturella och konstn\u00e4rliga evenemang","item":"https:\/\/leatai.com\/sv\/produkt-kategori\/tvarindustriellt-samarbete\/kulturella-och-konstnarliga-evenemang\/"},{"@type":"ListItem","position":5,"name":"Pinkoi x Leatai"}]},{"@type":"WebSite","@id":"https:\/\/leatai.com\/sv\/#website","url":"https:\/\/leatai.com\/sv\/","name":"Leatai \u2013 Tillverkare av anpassade anteckningsb\u00f6cker","description":"Leatai erbjuder anpassade anteckningsb\u00f6cker och planeringsverktyg f\u00f6r varum\u00e4rken och distribut\u00f6rer \u00f6ver hela v\u00e4rlden.","publisher":{"@id":"https:\/\/leatai.com\/sv\/#organization"},"potentialAction":[{"@type":"SearchAction","target":{"@type":"EntryPoint","urlTemplate":"https:\/\/leatai.com\/sv\/?s={search_term_string}"},"query-input":{"@type":"PropertyValueSpecification","valueRequired":true,"valueName":"search_term_string"}}],"inLanguage":"sv-SE"},{"@type":"Organization","@id":"https:\/\/leatai.com\/sv\/#organization","name":"Leatai Diary, customized journal and business organizer","url":"https:\/\/leatai.com\/sv\/","logo":{"@type":"ImageObject","inLanguage":"sv-SE","@id":"https:\/\/leatai.com\/sv\/#\/schema\/logo\/image\/","url":"https:\/\/leatai.com\/wp-content\/uploads\/logo-blue.png","contentUrl":"https:\/\/leatai.com\/wp-content\/uploads\/logo-blue.png","width":230,"height":60,"caption":"Leatai Diary, customized journal and business organizer"},"image":{"@id":"https:\/\/leatai.com\/sv\/#\/schema\/logo\/image\/"},"telephone":"+886-2-8227-8800","legalName":"Leatai Stationary Co., Ltd.","description":"A leading notebook factory in Taiwan offering bespoke branding, high-quality binding, and premium paper selections for corporate gifts and stationery wholesale.","address":{"@type":"PostalAddress","streetAddress":"11F., No. 168, Jiankang Rd.","addressLocality":"Zhonghe Dist.","addressRegion":"New Taipei City","postalCode":"235","addressCountry":"TW"},"contactPoint":{"@type":"ContactPoint","telephone":"+886-2-8227-8800","contactType":"sales","areaServed":"Worldwide","availableLanguage":["zh-TW","en"]}}]}},"_links":{"self":[{"href":"https:\/\/leatai.com\/sv\/wp-json\/wp\/v2\/product\/308694","targetHints":{"allow":["GET"]}}],"collection":[{"href":"https:\/\/leatai.com\/sv\/wp-json\/wp\/v2\/product"}],"about":[{"href":"https:\/\/leatai.com\/sv\/wp-json\/wp\/v2\/types\/product"}],"wp:featuredmedia":[{"embeddable":true,"href":"https:\/\/leatai.com\/sv\/wp-json\/wp\/v2\/media\/308695"}],"wp:attachment":[{"href":"https:\/\/leatai.com\/sv\/wp-json\/wp\/v2\/media?parent=308694"}],"wp:term":[{"taxonomy":"product_brand","embeddable":true,"href":"https:\/\/leatai.com\/sv\/wp-json\/wp\/v2\/product_brand?post=308694"},{"taxonomy":"product_cat","embeddable":true,"href":"https:\/\/leatai.com\/sv\/wp-json\/wp\/v2\/product_cat?post=308694"},{"taxonomy":"product_tag","embeddable":true,"href":"https:\/\/leatai.com\/sv\/wp-json\/wp\/v2\/product_tag?post=308694"},{"taxonomy":"home_works","embeddable":true,"href":"https:\/\/leatai.com\/sv\/wp-json\/wp\/v2\/home_works?post=308694"}],"curies":[{"name":"wp","href":"https:\/\/api.w.org\/{rel}","templated":true}]}}