{"id":308685,"date":"2021-06-24T13:23:56","date_gmt":"2021-06-24T05:23:56","guid":{"rendered":"https:\/\/leatai.com\/product\/okategoriserad\/women-make-waves-international-film-festival-x-leatai\/"},"modified":"2026-04-24T11:59:47","modified_gmt":"2026-04-24T03:59:47","slug":"women-make-waves-international-film-festival-x-leatai","status":"publish","type":"product","link":"https:\/\/leatai.com\/sv\/product\/tvarindustriellt-samarbete\/filmindustri-sv\/women-make-waves-international-film-festival-x-leatai\/","title":{"rendered":"Women Make Waves International Film Festival x Leatai"},"content":{"rendered":"<p>Kurat\u00f6rstext f\u00f6r kvinnofilmfestivalen:<br \/>\nBeyond Control \u2013 kontroll har varit b\u00e5de en boja och en ny h\u00e5llning<br \/>\n&#8220;Det som Gud och m\u00e4n fruktar mest \u00e4r att f\u00f6rlora kontrollen \u00f6ver kvinnor.&#8221; \u2013 av Mary Daly<br \/>\n\u00c5rets kvinnofilmfestival har temat &#8220;kontroll&#8221; (Beyond Control) och anv\u00e4nder olika sektioner f\u00f6r att uttrycka hur kvinnor s\u00f6ker och f\u00f6rst\u00e5r kontroll, och f\u00f6rmedlar denna starka andliga kraft genom mjuka konstn\u00e4rliga uttrycksmedel.<br \/>\n&#8220;Me too: sexuellt v\u00e5lds uttryck&#8221; fungerar som en spegel f\u00f6r r\u00f6relserna &#8220;Time\u2019s Up&#8221; och &#8220;#MeTooMeToo&#8221;.<\/p>\n<p>Logotypens designkoncept:<\/p>\n<ul>\n<li>Bao Dashan &#8211;<br \/>\nM\u00e5nga \u00e4r inte medvetna om kontrollen i sina liv och tror att de blir den de sj\u00e4lva vill vara, men i sj\u00e4lva verket blir de den n\u00e5gon annan vill att de ska vara.<br \/>\nN\u00e4r en flicka str\u00e4var efter att bli en b\u00e4ttre version av sig sj\u00e4lv p\u00e5verkas hon ofta av andras f\u00f6rv\u00e4ntningar, vilket ocks\u00e5 \u00e4r en form av kontroll.<br \/>\nAtt omedvetet existera och andas enligt andras \u00f6nskem\u00e5l \u00e4r i sig en form av begr\u00e4nsning.<br \/>\nEn symbolik av vagina \u2013 att inte uts\u00e4ttas f\u00f6r sexuell kontroll och inte anv\u00e4nda kroppen f\u00f6r att behaga andra i utbyte mot en illusion av tillf\u00e4llig bekr\u00e4ftelse av sin existens.<\/li>\n<\/ul>\n","protected":false},"excerpt":{"rendered":"<p>Kurat\u00f6rstext f\u00f6r kvinnofilmfestivalen: Beyond Control \u2013 kontroll har varit b\u00e5de en boja och en ny h\u00e5llning &#8220;Det som Gud och m\u00e4n fruktar mest \u00e4r att f\u00f6rlora kontrollen \u00f6ver kvinnor.&#8221; \u2013 av Mary Daly \u00c5rets kvinnofilmfestival har temat &#8220;kontroll&#8221; (Beyond Control) och anv\u00e4nder olika sektioner f\u00f6r att uttrycka hur kvinnor s\u00f6ker och f\u00f6rst\u00e5r kontroll, och f\u00f6rmedlar [&hellip;]<\/p>\n","protected":false},"featured_media":308686,"template":"","meta":{"_acf_changed":false},"product_brand":[],"product_cat":[1096],"product_tag":[],"home_works":[],"class_list":{"0":"post-308685","1":"product","2":"type-product","3":"status-publish","4":"has-post-thumbnail","6":"product_cat-filmindustri-sv","8":"first","9":"instock","10":"sold-individually","11":"shipping-taxable","12":"purchasable","13":"product-type-simple"},"acf":[],"yoast_head":"<!-- This site is optimized with the Yoast SEO plugin v27.2 - https:\/\/yoast.com\/product\/yoast-seo-wordpress\/ -->\n<title>Women Make Waves International Film Festival x Leatai - Bli en b\u00e4ttre version av dig sj\u00e4lv - Leatai \u2013 Tillverkare av anpassade anteckningsb\u00f6cker<\/title>\n<meta name=\"description\" content=\"Kvinnofilmfestivalen har temat &quot;kontroll&quot; (Beyond Control) och uttrycker genom olika sektioner hur kvinnor s\u00f6ker och f\u00f6rst\u00e5r kontroll, och f\u00f6rmedlar denna starka andliga kraft genom mjuka konstn\u00e4rliga uttrycksmedel. Beyond Control \u2013 kontroll har varit b\u00e5de en boja och en ny h\u00e5llning.\" \/>\n<meta name=\"robots\" content=\"index, follow, max-snippet:-1, max-image-preview:large, max-video-preview:-1\" \/>\n<link rel=\"canonical\" href=\"https:\/\/leatai.com\/sv\/product\/tvarindustriellt-samarbete\/filmindustri-sv\/women-make-waves-international-film-festival-x-leatai\/\" \/>\n<meta property=\"og:locale\" content=\"sv_SE\" \/>\n<meta property=\"og:type\" content=\"article\" \/>\n<meta property=\"og:title\" content=\"Women Make Waves International Film Festival x Leatai - Bli en b\u00e4ttre version av dig sj\u00e4lv - Leatai \u2013 Tillverkare av anpassade anteckningsb\u00f6cker\" \/>\n<meta property=\"og:description\" content=\"Kvinnofilmfestivalen har temat &quot;kontroll&quot; (Beyond Control) och uttrycker genom olika sektioner hur kvinnor s\u00f6ker och f\u00f6rst\u00e5r kontroll, och f\u00f6rmedlar denna starka andliga kraft genom mjuka konstn\u00e4rliga uttrycksmedel. Beyond Control \u2013 kontroll har varit b\u00e5de en boja och en ny h\u00e5llning.\" \/>\n<meta property=\"og:url\" content=\"https:\/\/leatai.com\/sv\/product\/tvarindustriellt-samarbete\/filmindustri-sv\/women-make-waves-international-film-festival-x-leatai\/\" \/>\n<meta property=\"og:site_name\" content=\"Leatai \u2013 Tillverkare av anpassade anteckningsb\u00f6cker\" \/>\n<meta property=\"article:modified_time\" content=\"2026-04-24T03:59:47+00:00\" \/>\n<meta property=\"og:image\" content=\"https:\/\/leatai.com\/wp-content\/uploads\/2020_04_25_1743240.jpg\" \/>\n\t<meta property=\"og:image:width\" content=\"1000\" \/>\n\t<meta property=\"og:image:height\" content=\"750\" \/>\n\t<meta property=\"og:image:type\" content=\"image\/jpeg\" \/>\n<meta name=\"twitter:card\" content=\"summary_large_image\" \/>\n<meta name=\"twitter:label1\" content=\"Ber\u00e4knad l\u00e4stid\" \/>\n\t<meta name=\"twitter:data1\" content=\"2 minuter\" \/>\n<script type=\"application\/ld+json\" class=\"yoast-schema-graph\">{\"@context\":\"https:\/\/schema.org\",\"@graph\":[{\"@type\":\"WebPage\",\"@id\":\"https:\/\/leatai.com\/sv\/product\/tvarindustriellt-samarbete\/filmindustri-sv\/women-make-waves-international-film-festival-x-leatai\/\",\"url\":\"https:\/\/leatai.com\/sv\/product\/tvarindustriellt-samarbete\/filmindustri-sv\/women-make-waves-international-film-festival-x-leatai\/\",\"name\":\"Women Make Waves International Film Festival x Leatai - Bli en b\u00e4ttre version av dig sj\u00e4lv - Leatai \u2013 Tillverkare av anpassade anteckningsb\u00f6cker\",\"isPartOf\":{\"@id\":\"https:\/\/leatai.com\/sv\/#website\"},\"primaryImageOfPage\":{\"@id\":\"https:\/\/leatai.com\/sv\/product\/tvarindustriellt-samarbete\/filmindustri-sv\/women-make-waves-international-film-festival-x-leatai\/#primaryimage\"},\"image\":{\"@id\":\"https:\/\/leatai.com\/sv\/product\/tvarindustriellt-samarbete\/filmindustri-sv\/women-make-waves-international-film-festival-x-leatai\/#primaryimage\"},\"thumbnailUrl\":\"https:\/\/leatai.com\/wp-content\/uploads\/2020_04_25_1743240.jpg\",\"datePublished\":\"2021-06-24T05:23:56+00:00\",\"dateModified\":\"2026-04-24T03:59:47+00:00\",\"description\":\"Kvinnofilmfestivalen har temat \\\"kontroll\\\" (Beyond Control) och uttrycker genom olika sektioner hur kvinnor s\u00f6ker och f\u00f6rst\u00e5r kontroll, och f\u00f6rmedlar denna starka andliga kraft genom mjuka konstn\u00e4rliga uttrycksmedel. Beyond Control \u2013 kontroll har varit b\u00e5de en boja och en ny h\u00e5llning.\",\"breadcrumb\":{\"@id\":\"https:\/\/leatai.com\/sv\/product\/tvarindustriellt-samarbete\/filmindustri-sv\/women-make-waves-international-film-festival-x-leatai\/#breadcrumb\"},\"inLanguage\":\"sv-SE\",\"potentialAction\":[{\"@type\":\"ReadAction\",\"target\":[\"https:\/\/leatai.com\/sv\/product\/tvarindustriellt-samarbete\/filmindustri-sv\/women-make-waves-international-film-festival-x-leatai\/\"]}]},{\"@type\":\"ImageObject\",\"inLanguage\":\"sv-SE\",\"@id\":\"https:\/\/leatai.com\/sv\/product\/tvarindustriellt-samarbete\/filmindustri-sv\/women-make-waves-international-film-festival-x-leatai\/#primaryimage\",\"url\":\"https:\/\/leatai.com\/wp-content\/uploads\/2020_04_25_1743240.jpg\",\"contentUrl\":\"https:\/\/leatai.com\/wp-content\/uploads\/2020_04_25_1743240.jpg\",\"width\":1000,\"height\":750},{\"@type\":\"BreadcrumbList\",\"@id\":\"https:\/\/leatai.com\/sv\/product\/tvarindustriellt-samarbete\/filmindustri-sv\/women-make-waves-international-film-festival-x-leatai\/#breadcrumb\",\"itemListElement\":[{\"@type\":\"ListItem\",\"position\":1,\"name\":\"Home\",\"item\":\"https:\/\/leatai.com\/sv\/\"},{\"@type\":\"ListItem\",\"position\":2,\"name\":\"Produktpresentation\",\"item\":\"https:\/\/leatai.com\/products\/\"},{\"@type\":\"ListItem\",\"position\":3,\"name\":\"Tv\u00e4rindustriellt samarbete\",\"item\":\"https:\/\/leatai.com\/sv\/produkt-kategori\/tvarindustriellt-samarbete\/\"},{\"@type\":\"ListItem\",\"position\":4,\"name\":\"Filmindustri\",\"item\":\"https:\/\/leatai.com\/sv\/produkt-kategori\/tvarindustriellt-samarbete\/filmindustri-sv\/\"},{\"@type\":\"ListItem\",\"position\":5,\"name\":\"Women Make Waves International Film Festival x Leatai\"}]},{\"@type\":\"WebSite\",\"@id\":\"https:\/\/leatai.com\/sv\/#website\",\"url\":\"https:\/\/leatai.com\/sv\/\",\"name\":\"Leatai \u2013 Tillverkare av anpassade anteckningsb\u00f6cker\",\"description\":\"Leatai erbjuder anpassade anteckningsb\u00f6cker och planeringsverktyg f\u00f6r varum\u00e4rken och distribut\u00f6rer \u00f6ver hela v\u00e4rlden.\",\"publisher\":{\"@id\":\"https:\/\/leatai.com\/sv\/#organization\"},\"potentialAction\":[{\"@type\":\"SearchAction\",\"target\":{\"@type\":\"EntryPoint\",\"urlTemplate\":\"https:\/\/leatai.com\/sv\/?s={search_term_string}\"},\"query-input\":{\"@type\":\"PropertyValueSpecification\",\"valueRequired\":true,\"valueName\":\"search_term_string\"}}],\"inLanguage\":\"sv-SE\"},{\"@type\":\"Organization\",\"@id\":\"https:\/\/leatai.com\/sv\/#organization\",\"name\":\"Leatai Diary, customized journal and business organizer\",\"url\":\"https:\/\/leatai.com\/sv\/\",\"logo\":{\"@type\":\"ImageObject\",\"inLanguage\":\"sv-SE\",\"@id\":\"https:\/\/leatai.com\/sv\/#\/schema\/logo\/image\/\",\"url\":\"https:\/\/leatai.com\/wp-content\/uploads\/logo-blue.png\",\"contentUrl\":\"https:\/\/leatai.com\/wp-content\/uploads\/logo-blue.png\",\"width\":230,\"height\":60,\"caption\":\"Leatai Diary, customized journal and business organizer\"},\"image\":{\"@id\":\"https:\/\/leatai.com\/sv\/#\/schema\/logo\/image\/\"},\"telephone\":\"+886-2-8227-8800\",\"legalName\":\"Leatai Stationary Co., Ltd.\",\"description\":\"A leading notebook factory in Taiwan offering bespoke branding, high-quality binding, and premium paper selections for corporate gifts and stationery wholesale.\",\"address\":{\"@type\":\"PostalAddress\",\"streetAddress\":\"11F., No. 168, Jiankang Rd.\",\"addressLocality\":\"Zhonghe Dist.\",\"addressRegion\":\"New Taipei City\",\"postalCode\":\"235\",\"addressCountry\":\"TW\"},\"contactPoint\":{\"@type\":\"ContactPoint\",\"telephone\":\"+886-2-8227-8800\",\"contactType\":\"sales\",\"areaServed\":\"Worldwide\",\"availableLanguage\":[\"zh-TW\",\"en\"]}}]}<\/script>\n<!-- \/ Yoast SEO plugin. -->","yoast_head_json":{"title":"Women Make Waves International Film Festival x Leatai - Bli en b\u00e4ttre version av dig sj\u00e4lv - Leatai \u2013 Tillverkare av anpassade anteckningsb\u00f6cker","description":"Kvinnofilmfestivalen har temat \"kontroll\" (Beyond Control) och uttrycker genom olika sektioner hur kvinnor s\u00f6ker och f\u00f6rst\u00e5r kontroll, och f\u00f6rmedlar denna starka andliga kraft genom mjuka konstn\u00e4rliga uttrycksmedel. Beyond Control \u2013 kontroll har varit b\u00e5de en boja och en ny h\u00e5llning.","robots":{"index":"index","follow":"follow","max-snippet":"max-snippet:-1","max-image-preview":"max-image-preview:large","max-video-preview":"max-video-preview:-1"},"canonical":"https:\/\/leatai.com\/sv\/product\/tvarindustriellt-samarbete\/filmindustri-sv\/women-make-waves-international-film-festival-x-leatai\/","og_locale":"sv_SE","og_type":"article","og_title":"Women Make Waves International Film Festival x Leatai - Bli en b\u00e4ttre version av dig sj\u00e4lv - Leatai \u2013 Tillverkare av anpassade anteckningsb\u00f6cker","og_description":"Kvinnofilmfestivalen har temat \"kontroll\" (Beyond Control) och uttrycker genom olika sektioner hur kvinnor s\u00f6ker och f\u00f6rst\u00e5r kontroll, och f\u00f6rmedlar denna starka andliga kraft genom mjuka konstn\u00e4rliga uttrycksmedel. Beyond Control \u2013 kontroll har varit b\u00e5de en boja och en ny h\u00e5llning.","og_url":"https:\/\/leatai.com\/sv\/product\/tvarindustriellt-samarbete\/filmindustri-sv\/women-make-waves-international-film-festival-x-leatai\/","og_site_name":"Leatai \u2013 Tillverkare av anpassade anteckningsb\u00f6cker","article_modified_time":"2026-04-24T03:59:47+00:00","og_image":[{"width":1000,"height":750,"url":"https:\/\/leatai.com\/wp-content\/uploads\/2020_04_25_1743240.jpg","type":"image\/jpeg"}],"twitter_card":"summary_large_image","twitter_misc":{"Ber\u00e4knad l\u00e4stid":"2 minuter"},"schema":{"@context":"https:\/\/schema.org","@graph":[{"@type":"WebPage","@id":"https:\/\/leatai.com\/sv\/product\/tvarindustriellt-samarbete\/filmindustri-sv\/women-make-waves-international-film-festival-x-leatai\/","url":"https:\/\/leatai.com\/sv\/product\/tvarindustriellt-samarbete\/filmindustri-sv\/women-make-waves-international-film-festival-x-leatai\/","name":"Women Make Waves International Film Festival x Leatai - Bli en b\u00e4ttre version av dig sj\u00e4lv - Leatai \u2013 Tillverkare av anpassade anteckningsb\u00f6cker","isPartOf":{"@id":"https:\/\/leatai.com\/sv\/#website"},"primaryImageOfPage":{"@id":"https:\/\/leatai.com\/sv\/product\/tvarindustriellt-samarbete\/filmindustri-sv\/women-make-waves-international-film-festival-x-leatai\/#primaryimage"},"image":{"@id":"https:\/\/leatai.com\/sv\/product\/tvarindustriellt-samarbete\/filmindustri-sv\/women-make-waves-international-film-festival-x-leatai\/#primaryimage"},"thumbnailUrl":"https:\/\/leatai.com\/wp-content\/uploads\/2020_04_25_1743240.jpg","datePublished":"2021-06-24T05:23:56+00:00","dateModified":"2026-04-24T03:59:47+00:00","description":"Kvinnofilmfestivalen har temat \"kontroll\" (Beyond Control) och uttrycker genom olika sektioner hur kvinnor s\u00f6ker och f\u00f6rst\u00e5r kontroll, och f\u00f6rmedlar denna starka andliga kraft genom mjuka konstn\u00e4rliga uttrycksmedel. Beyond Control \u2013 kontroll har varit b\u00e5de en boja och en ny h\u00e5llning.","breadcrumb":{"@id":"https:\/\/leatai.com\/sv\/product\/tvarindustriellt-samarbete\/filmindustri-sv\/women-make-waves-international-film-festival-x-leatai\/#breadcrumb"},"inLanguage":"sv-SE","potentialAction":[{"@type":"ReadAction","target":["https:\/\/leatai.com\/sv\/product\/tvarindustriellt-samarbete\/filmindustri-sv\/women-make-waves-international-film-festival-x-leatai\/"]}]},{"@type":"ImageObject","inLanguage":"sv-SE","@id":"https:\/\/leatai.com\/sv\/product\/tvarindustriellt-samarbete\/filmindustri-sv\/women-make-waves-international-film-festival-x-leatai\/#primaryimage","url":"https:\/\/leatai.com\/wp-content\/uploads\/2020_04_25_1743240.jpg","contentUrl":"https:\/\/leatai.com\/wp-content\/uploads\/2020_04_25_1743240.jpg","width":1000,"height":750},{"@type":"BreadcrumbList","@id":"https:\/\/leatai.com\/sv\/product\/tvarindustriellt-samarbete\/filmindustri-sv\/women-make-waves-international-film-festival-x-leatai\/#breadcrumb","itemListElement":[{"@type":"ListItem","position":1,"name":"Home","item":"https:\/\/leatai.com\/sv\/"},{"@type":"ListItem","position":2,"name":"Produktpresentation","item":"https:\/\/leatai.com\/products\/"},{"@type":"ListItem","position":3,"name":"Tv\u00e4rindustriellt samarbete","item":"https:\/\/leatai.com\/sv\/produkt-kategori\/tvarindustriellt-samarbete\/"},{"@type":"ListItem","position":4,"name":"Filmindustri","item":"https:\/\/leatai.com\/sv\/produkt-kategori\/tvarindustriellt-samarbete\/filmindustri-sv\/"},{"@type":"ListItem","position":5,"name":"Women Make Waves International Film Festival x Leatai"}]},{"@type":"WebSite","@id":"https:\/\/leatai.com\/sv\/#website","url":"https:\/\/leatai.com\/sv\/","name":"Leatai \u2013 Tillverkare av anpassade anteckningsb\u00f6cker","description":"Leatai erbjuder anpassade anteckningsb\u00f6cker och planeringsverktyg f\u00f6r varum\u00e4rken och distribut\u00f6rer \u00f6ver hela v\u00e4rlden.","publisher":{"@id":"https:\/\/leatai.com\/sv\/#organization"},"potentialAction":[{"@type":"SearchAction","target":{"@type":"EntryPoint","urlTemplate":"https:\/\/leatai.com\/sv\/?s={search_term_string}"},"query-input":{"@type":"PropertyValueSpecification","valueRequired":true,"valueName":"search_term_string"}}],"inLanguage":"sv-SE"},{"@type":"Organization","@id":"https:\/\/leatai.com\/sv\/#organization","name":"Leatai Diary, customized journal and business organizer","url":"https:\/\/leatai.com\/sv\/","logo":{"@type":"ImageObject","inLanguage":"sv-SE","@id":"https:\/\/leatai.com\/sv\/#\/schema\/logo\/image\/","url":"https:\/\/leatai.com\/wp-content\/uploads\/logo-blue.png","contentUrl":"https:\/\/leatai.com\/wp-content\/uploads\/logo-blue.png","width":230,"height":60,"caption":"Leatai Diary, customized journal and business organizer"},"image":{"@id":"https:\/\/leatai.com\/sv\/#\/schema\/logo\/image\/"},"telephone":"+886-2-8227-8800","legalName":"Leatai Stationary Co., Ltd.","description":"A leading notebook factory in Taiwan offering bespoke branding, high-quality binding, and premium paper selections for corporate gifts and stationery wholesale.","address":{"@type":"PostalAddress","streetAddress":"11F., No. 168, Jiankang Rd.","addressLocality":"Zhonghe Dist.","addressRegion":"New Taipei City","postalCode":"235","addressCountry":"TW"},"contactPoint":{"@type":"ContactPoint","telephone":"+886-2-8227-8800","contactType":"sales","areaServed":"Worldwide","availableLanguage":["zh-TW","en"]}}]}},"_links":{"self":[{"href":"https:\/\/leatai.com\/sv\/wp-json\/wp\/v2\/product\/308685","targetHints":{"allow":["GET"]}}],"collection":[{"href":"https:\/\/leatai.com\/sv\/wp-json\/wp\/v2\/product"}],"about":[{"href":"https:\/\/leatai.com\/sv\/wp-json\/wp\/v2\/types\/product"}],"wp:featuredmedia":[{"embeddable":true,"href":"https:\/\/leatai.com\/sv\/wp-json\/wp\/v2\/media\/308686"}],"wp:attachment":[{"href":"https:\/\/leatai.com\/sv\/wp-json\/wp\/v2\/media?parent=308685"}],"wp:term":[{"taxonomy":"product_brand","embeddable":true,"href":"https:\/\/leatai.com\/sv\/wp-json\/wp\/v2\/product_brand?post=308685"},{"taxonomy":"product_cat","embeddable":true,"href":"https:\/\/leatai.com\/sv\/wp-json\/wp\/v2\/product_cat?post=308685"},{"taxonomy":"product_tag","embeddable":true,"href":"https:\/\/leatai.com\/sv\/wp-json\/wp\/v2\/product_tag?post=308685"},{"taxonomy":"home_works","embeddable":true,"href":"https:\/\/leatai.com\/sv\/wp-json\/wp\/v2\/home_works?post=308685"}],"curies":[{"name":"wp","href":"https:\/\/api.w.org\/{rel}","templated":true}]}}