{"id":308681,"date":"2021-06-24T13:23:56","date_gmt":"2021-06-24T05:23:56","guid":{"rendered":"https:\/\/leatai.com\/product\/okategoriserad\/download-cola-films-x-leatai\/"},"modified":"2026-04-24T11:55:38","modified_gmt":"2026-04-24T03:55:38","slug":"download-cola-films-x-leatai","status":"publish","type":"product","link":"https:\/\/leatai.com\/sv\/product\/tvarindustriellt-samarbete\/filmindustri-sv\/download-cola-films-x-leatai\/","title":{"rendered":"Download Cola films x Leatai"},"content":{"rendered":"<p>\u2605 Luc Bessons mest kontroversiella episka klassiker<br \/>\n\u2605 Nominerad till \u00e5tta priser vid den 25:e C\u00e9sar-galan i Frankrike, vann f\u00f6r b\u00e4sta kostymdesign och b\u00e4sta ljud<br \/>\n\u2605 Luc Besson och d\u00e5varande sk\u00e5despelarhustrun Milla Jovovich skapade tillsammans ett skakande m\u00e4sterverk<br \/>\n\u2605 En ensemble av skickliga sk\u00e5despelare som tillsammans visar prov p\u00e5 enast\u00e5ende sk\u00e5despeleri<\/p>\n<p>\u27a2 Den ber\u00f6mde regiss\u00f6ren Luc Bessons mest kontroversiella storslagna epos, en klassisk krigshj\u00e4ltinna som m\u00e5ste ses en g\u00e5ng i livet!<\/p>\n","protected":false},"excerpt":{"rendered":"<p>\u2605 Luc Bessons mest kontroversiella episka klassiker \u2605 Nominerad till \u00e5tta priser vid den 25:e C\u00e9sar-galan i Frankrike, vann f\u00f6r b\u00e4sta kostymdesign och b\u00e4sta ljud \u2605 Luc Besson och d\u00e5varande sk\u00e5despelarhustrun Milla Jovovich skapade tillsammans ett skakande m\u00e4sterverk \u2605 En ensemble av skickliga sk\u00e5despelare som tillsammans visar prov p\u00e5 enast\u00e5ende sk\u00e5despeleri \u27a2 Den ber\u00f6mde regiss\u00f6ren [&hellip;]<\/p>\n","protected":false},"featured_media":308682,"template":"","meta":{"_acf_changed":false},"product_brand":[],"product_cat":[1096],"product_tag":[],"home_works":[],"class_list":{"0":"post-308681","1":"product","2":"type-product","3":"status-publish","4":"has-post-thumbnail","6":"product_cat-filmindustri-sv","8":"first","9":"instock","10":"sold-individually","11":"shipping-taxable","12":"purchasable","13":"product-type-simple"},"acf":[],"yoast_head":"<!-- This site is optimized with the Yoast SEO plugin v27.2 - https:\/\/yoast.com\/product\/yoast-seo-wordpress\/ -->\n<title>Download Cola films x Leatai - Anteckningsbok i samarbetsutg\u00e5va med Jeanne d\u2019Arc - Leatai \u2013 Tillverkare av anpassade anteckningsb\u00f6cker<\/title>\n<meta name=\"description\" content=\"Den ber\u00f6mde regiss\u00f6ren Luc Bessons mest kontroversiella storslagna epos, en klassisk krigshj\u00e4ltinna som m\u00e5ste ses en g\u00e5ng i livet! Skapad tillsammans med d\u00e5varande sk\u00e5despelarhustrun Milla Jovovich, ett skakande m\u00e4sterverk som inte f\u00e5r missas vid \u00e5terutgivning, en samlarv\u00e4rd anteckningsbok i samarbete med Jeanne d\u2019Arc\" \/>\n<meta name=\"robots\" content=\"index, follow, max-snippet:-1, max-image-preview:large, max-video-preview:-1\" \/>\n<link rel=\"canonical\" href=\"https:\/\/leatai.com\/sv\/product\/tvarindustriellt-samarbete\/filmindustri-sv\/download-cola-films-x-leatai\/\" \/>\n<meta property=\"og:locale\" content=\"sv_SE\" \/>\n<meta property=\"og:type\" content=\"article\" \/>\n<meta property=\"og:title\" content=\"Download Cola films x Leatai - Anteckningsbok i samarbetsutg\u00e5va med Jeanne d\u2019Arc - Leatai \u2013 Tillverkare av anpassade anteckningsb\u00f6cker\" \/>\n<meta property=\"og:description\" content=\"Den ber\u00f6mde regiss\u00f6ren Luc Bessons mest kontroversiella storslagna epos, en klassisk krigshj\u00e4ltinna som m\u00e5ste ses en g\u00e5ng i livet! Skapad tillsammans med d\u00e5varande sk\u00e5despelarhustrun Milla Jovovich, ett skakande m\u00e4sterverk som inte f\u00e5r missas vid \u00e5terutgivning, en samlarv\u00e4rd anteckningsbok i samarbete med Jeanne d\u2019Arc\" \/>\n<meta property=\"og:url\" content=\"https:\/\/leatai.com\/sv\/product\/tvarindustriellt-samarbete\/filmindustri-sv\/download-cola-films-x-leatai\/\" \/>\n<meta property=\"og:site_name\" content=\"Leatai \u2013 Tillverkare av anpassade anteckningsb\u00f6cker\" \/>\n<meta property=\"article:modified_time\" content=\"2026-04-24T03:55:38+00:00\" \/>\n<meta property=\"og:image\" content=\"https:\/\/leatai.com\/wp-content\/uploads\/2020_07_07_1418530.jpg\" \/>\n\t<meta property=\"og:image:width\" content=\"1000\" \/>\n\t<meta property=\"og:image:height\" content=\"750\" \/>\n\t<meta property=\"og:image:type\" content=\"image\/jpeg\" \/>\n<meta name=\"twitter:card\" content=\"summary_large_image\" \/>\n<meta name=\"twitter:label1\" content=\"Ber\u00e4knad l\u00e4stid\" \/>\n\t<meta name=\"twitter:data1\" content=\"1 minut\" \/>\n<script type=\"application\/ld+json\" class=\"yoast-schema-graph\">{\"@context\":\"https:\/\/schema.org\",\"@graph\":[{\"@type\":\"WebPage\",\"@id\":\"https:\/\/leatai.com\/sv\/product\/tvarindustriellt-samarbete\/filmindustri-sv\/download-cola-films-x-leatai\/\",\"url\":\"https:\/\/leatai.com\/sv\/product\/tvarindustriellt-samarbete\/filmindustri-sv\/download-cola-films-x-leatai\/\",\"name\":\"Download Cola films x Leatai - Anteckningsbok i samarbetsutg\u00e5va med Jeanne d\u2019Arc - Leatai \u2013 Tillverkare av anpassade anteckningsb\u00f6cker\",\"isPartOf\":{\"@id\":\"https:\/\/leatai.com\/sv\/#website\"},\"primaryImageOfPage\":{\"@id\":\"https:\/\/leatai.com\/sv\/product\/tvarindustriellt-samarbete\/filmindustri-sv\/download-cola-films-x-leatai\/#primaryimage\"},\"image\":{\"@id\":\"https:\/\/leatai.com\/sv\/product\/tvarindustriellt-samarbete\/filmindustri-sv\/download-cola-films-x-leatai\/#primaryimage\"},\"thumbnailUrl\":\"https:\/\/leatai.com\/wp-content\/uploads\/2020_07_07_1418530.jpg\",\"datePublished\":\"2021-06-24T05:23:56+00:00\",\"dateModified\":\"2026-04-24T03:55:38+00:00\",\"description\":\"Den ber\u00f6mde regiss\u00f6ren Luc Bessons mest kontroversiella storslagna epos, en klassisk krigshj\u00e4ltinna som m\u00e5ste ses en g\u00e5ng i livet! Skapad tillsammans med d\u00e5varande sk\u00e5despelarhustrun Milla Jovovich, ett skakande m\u00e4sterverk som inte f\u00e5r missas vid \u00e5terutgivning, en samlarv\u00e4rd anteckningsbok i samarbete med Jeanne d\u2019Arc\",\"breadcrumb\":{\"@id\":\"https:\/\/leatai.com\/sv\/product\/tvarindustriellt-samarbete\/filmindustri-sv\/download-cola-films-x-leatai\/#breadcrumb\"},\"inLanguage\":\"sv-SE\",\"potentialAction\":[{\"@type\":\"ReadAction\",\"target\":[\"https:\/\/leatai.com\/sv\/product\/tvarindustriellt-samarbete\/filmindustri-sv\/download-cola-films-x-leatai\/\"]}]},{\"@type\":\"ImageObject\",\"inLanguage\":\"sv-SE\",\"@id\":\"https:\/\/leatai.com\/sv\/product\/tvarindustriellt-samarbete\/filmindustri-sv\/download-cola-films-x-leatai\/#primaryimage\",\"url\":\"https:\/\/leatai.com\/wp-content\/uploads\/2020_07_07_1418530.jpg\",\"contentUrl\":\"https:\/\/leatai.com\/wp-content\/uploads\/2020_07_07_1418530.jpg\",\"width\":1000,\"height\":750,\"caption\":\"Anteckningsbok i samarbete med Jeanne d\u2019Arc\"},{\"@type\":\"BreadcrumbList\",\"@id\":\"https:\/\/leatai.com\/sv\/product\/tvarindustriellt-samarbete\/filmindustri-sv\/download-cola-films-x-leatai\/#breadcrumb\",\"itemListElement\":[{\"@type\":\"ListItem\",\"position\":1,\"name\":\"Home\",\"item\":\"https:\/\/leatai.com\/sv\/\"},{\"@type\":\"ListItem\",\"position\":2,\"name\":\"Produktpresentation\",\"item\":\"https:\/\/leatai.com\/products\/\"},{\"@type\":\"ListItem\",\"position\":3,\"name\":\"Tv\u00e4rindustriellt samarbete\",\"item\":\"https:\/\/leatai.com\/sv\/produkt-kategori\/tvarindustriellt-samarbete\/\"},{\"@type\":\"ListItem\",\"position\":4,\"name\":\"Filmindustri\",\"item\":\"https:\/\/leatai.com\/sv\/produkt-kategori\/tvarindustriellt-samarbete\/filmindustri-sv\/\"},{\"@type\":\"ListItem\",\"position\":5,\"name\":\"Download Cola films x Leatai\"}]},{\"@type\":\"WebSite\",\"@id\":\"https:\/\/leatai.com\/sv\/#website\",\"url\":\"https:\/\/leatai.com\/sv\/\",\"name\":\"Leatai \u2013 Tillverkare av anpassade anteckningsb\u00f6cker\",\"description\":\"Leatai erbjuder anpassade anteckningsb\u00f6cker och planeringsverktyg f\u00f6r varum\u00e4rken och distribut\u00f6rer \u00f6ver hela v\u00e4rlden.\",\"publisher\":{\"@id\":\"https:\/\/leatai.com\/sv\/#organization\"},\"potentialAction\":[{\"@type\":\"SearchAction\",\"target\":{\"@type\":\"EntryPoint\",\"urlTemplate\":\"https:\/\/leatai.com\/sv\/?s={search_term_string}\"},\"query-input\":{\"@type\":\"PropertyValueSpecification\",\"valueRequired\":true,\"valueName\":\"search_term_string\"}}],\"inLanguage\":\"sv-SE\"},{\"@type\":\"Organization\",\"@id\":\"https:\/\/leatai.com\/sv\/#organization\",\"name\":\"Leatai Diary, customized journal and business organizer\",\"url\":\"https:\/\/leatai.com\/sv\/\",\"logo\":{\"@type\":\"ImageObject\",\"inLanguage\":\"sv-SE\",\"@id\":\"https:\/\/leatai.com\/sv\/#\/schema\/logo\/image\/\",\"url\":\"https:\/\/leatai.com\/wp-content\/uploads\/logo-blue.png\",\"contentUrl\":\"https:\/\/leatai.com\/wp-content\/uploads\/logo-blue.png\",\"width\":230,\"height\":60,\"caption\":\"Leatai Diary, customized journal and business organizer\"},\"image\":{\"@id\":\"https:\/\/leatai.com\/sv\/#\/schema\/logo\/image\/\"},\"telephone\":\"+886-2-8227-8800\",\"legalName\":\"Leatai Stationary Co., Ltd.\",\"description\":\"A leading notebook factory in Taiwan offering bespoke branding, high-quality binding, and premium paper selections for corporate gifts and stationery wholesale.\",\"address\":{\"@type\":\"PostalAddress\",\"streetAddress\":\"11F., No. 168, Jiankang Rd.\",\"addressLocality\":\"Zhonghe Dist.\",\"addressRegion\":\"New Taipei City\",\"postalCode\":\"235\",\"addressCountry\":\"TW\"},\"contactPoint\":{\"@type\":\"ContactPoint\",\"telephone\":\"+886-2-8227-8800\",\"contactType\":\"sales\",\"areaServed\":\"Worldwide\",\"availableLanguage\":[\"zh-TW\",\"en\"]}}]}<\/script>\n<!-- \/ Yoast SEO plugin. -->","yoast_head_json":{"title":"Download Cola films x Leatai - Anteckningsbok i samarbetsutg\u00e5va med Jeanne d\u2019Arc - Leatai \u2013 Tillverkare av anpassade anteckningsb\u00f6cker","description":"Den ber\u00f6mde regiss\u00f6ren Luc Bessons mest kontroversiella storslagna epos, en klassisk krigshj\u00e4ltinna som m\u00e5ste ses en g\u00e5ng i livet! Skapad tillsammans med d\u00e5varande sk\u00e5despelarhustrun Milla Jovovich, ett skakande m\u00e4sterverk som inte f\u00e5r missas vid \u00e5terutgivning, en samlarv\u00e4rd anteckningsbok i samarbete med Jeanne d\u2019Arc","robots":{"index":"index","follow":"follow","max-snippet":"max-snippet:-1","max-image-preview":"max-image-preview:large","max-video-preview":"max-video-preview:-1"},"canonical":"https:\/\/leatai.com\/sv\/product\/tvarindustriellt-samarbete\/filmindustri-sv\/download-cola-films-x-leatai\/","og_locale":"sv_SE","og_type":"article","og_title":"Download Cola films x Leatai - Anteckningsbok i samarbetsutg\u00e5va med Jeanne d\u2019Arc - Leatai \u2013 Tillverkare av anpassade anteckningsb\u00f6cker","og_description":"Den ber\u00f6mde regiss\u00f6ren Luc Bessons mest kontroversiella storslagna epos, en klassisk krigshj\u00e4ltinna som m\u00e5ste ses en g\u00e5ng i livet! Skapad tillsammans med d\u00e5varande sk\u00e5despelarhustrun Milla Jovovich, ett skakande m\u00e4sterverk som inte f\u00e5r missas vid \u00e5terutgivning, en samlarv\u00e4rd anteckningsbok i samarbete med Jeanne d\u2019Arc","og_url":"https:\/\/leatai.com\/sv\/product\/tvarindustriellt-samarbete\/filmindustri-sv\/download-cola-films-x-leatai\/","og_site_name":"Leatai \u2013 Tillverkare av anpassade anteckningsb\u00f6cker","article_modified_time":"2026-04-24T03:55:38+00:00","og_image":[{"width":1000,"height":750,"url":"https:\/\/leatai.com\/wp-content\/uploads\/2020_07_07_1418530.jpg","type":"image\/jpeg"}],"twitter_card":"summary_large_image","twitter_misc":{"Ber\u00e4knad l\u00e4stid":"1 minut"},"schema":{"@context":"https:\/\/schema.org","@graph":[{"@type":"WebPage","@id":"https:\/\/leatai.com\/sv\/product\/tvarindustriellt-samarbete\/filmindustri-sv\/download-cola-films-x-leatai\/","url":"https:\/\/leatai.com\/sv\/product\/tvarindustriellt-samarbete\/filmindustri-sv\/download-cola-films-x-leatai\/","name":"Download Cola films x Leatai - Anteckningsbok i samarbetsutg\u00e5va med Jeanne d\u2019Arc - Leatai \u2013 Tillverkare av anpassade anteckningsb\u00f6cker","isPartOf":{"@id":"https:\/\/leatai.com\/sv\/#website"},"primaryImageOfPage":{"@id":"https:\/\/leatai.com\/sv\/product\/tvarindustriellt-samarbete\/filmindustri-sv\/download-cola-films-x-leatai\/#primaryimage"},"image":{"@id":"https:\/\/leatai.com\/sv\/product\/tvarindustriellt-samarbete\/filmindustri-sv\/download-cola-films-x-leatai\/#primaryimage"},"thumbnailUrl":"https:\/\/leatai.com\/wp-content\/uploads\/2020_07_07_1418530.jpg","datePublished":"2021-06-24T05:23:56+00:00","dateModified":"2026-04-24T03:55:38+00:00","description":"Den ber\u00f6mde regiss\u00f6ren Luc Bessons mest kontroversiella storslagna epos, en klassisk krigshj\u00e4ltinna som m\u00e5ste ses en g\u00e5ng i livet! Skapad tillsammans med d\u00e5varande sk\u00e5despelarhustrun Milla Jovovich, ett skakande m\u00e4sterverk som inte f\u00e5r missas vid \u00e5terutgivning, en samlarv\u00e4rd anteckningsbok i samarbete med Jeanne d\u2019Arc","breadcrumb":{"@id":"https:\/\/leatai.com\/sv\/product\/tvarindustriellt-samarbete\/filmindustri-sv\/download-cola-films-x-leatai\/#breadcrumb"},"inLanguage":"sv-SE","potentialAction":[{"@type":"ReadAction","target":["https:\/\/leatai.com\/sv\/product\/tvarindustriellt-samarbete\/filmindustri-sv\/download-cola-films-x-leatai\/"]}]},{"@type":"ImageObject","inLanguage":"sv-SE","@id":"https:\/\/leatai.com\/sv\/product\/tvarindustriellt-samarbete\/filmindustri-sv\/download-cola-films-x-leatai\/#primaryimage","url":"https:\/\/leatai.com\/wp-content\/uploads\/2020_07_07_1418530.jpg","contentUrl":"https:\/\/leatai.com\/wp-content\/uploads\/2020_07_07_1418530.jpg","width":1000,"height":750,"caption":"Anteckningsbok i samarbete med Jeanne d\u2019Arc"},{"@type":"BreadcrumbList","@id":"https:\/\/leatai.com\/sv\/product\/tvarindustriellt-samarbete\/filmindustri-sv\/download-cola-films-x-leatai\/#breadcrumb","itemListElement":[{"@type":"ListItem","position":1,"name":"Home","item":"https:\/\/leatai.com\/sv\/"},{"@type":"ListItem","position":2,"name":"Produktpresentation","item":"https:\/\/leatai.com\/products\/"},{"@type":"ListItem","position":3,"name":"Tv\u00e4rindustriellt samarbete","item":"https:\/\/leatai.com\/sv\/produkt-kategori\/tvarindustriellt-samarbete\/"},{"@type":"ListItem","position":4,"name":"Filmindustri","item":"https:\/\/leatai.com\/sv\/produkt-kategori\/tvarindustriellt-samarbete\/filmindustri-sv\/"},{"@type":"ListItem","position":5,"name":"Download Cola films x Leatai"}]},{"@type":"WebSite","@id":"https:\/\/leatai.com\/sv\/#website","url":"https:\/\/leatai.com\/sv\/","name":"Leatai \u2013 Tillverkare av anpassade anteckningsb\u00f6cker","description":"Leatai erbjuder anpassade anteckningsb\u00f6cker och planeringsverktyg f\u00f6r varum\u00e4rken och distribut\u00f6rer \u00f6ver hela v\u00e4rlden.","publisher":{"@id":"https:\/\/leatai.com\/sv\/#organization"},"potentialAction":[{"@type":"SearchAction","target":{"@type":"EntryPoint","urlTemplate":"https:\/\/leatai.com\/sv\/?s={search_term_string}"},"query-input":{"@type":"PropertyValueSpecification","valueRequired":true,"valueName":"search_term_string"}}],"inLanguage":"sv-SE"},{"@type":"Organization","@id":"https:\/\/leatai.com\/sv\/#organization","name":"Leatai Diary, customized journal and business organizer","url":"https:\/\/leatai.com\/sv\/","logo":{"@type":"ImageObject","inLanguage":"sv-SE","@id":"https:\/\/leatai.com\/sv\/#\/schema\/logo\/image\/","url":"https:\/\/leatai.com\/wp-content\/uploads\/logo-blue.png","contentUrl":"https:\/\/leatai.com\/wp-content\/uploads\/logo-blue.png","width":230,"height":60,"caption":"Leatai Diary, customized journal and business organizer"},"image":{"@id":"https:\/\/leatai.com\/sv\/#\/schema\/logo\/image\/"},"telephone":"+886-2-8227-8800","legalName":"Leatai Stationary Co., Ltd.","description":"A leading notebook factory in Taiwan offering bespoke branding, high-quality binding, and premium paper selections for corporate gifts and stationery wholesale.","address":{"@type":"PostalAddress","streetAddress":"11F., No. 168, Jiankang Rd.","addressLocality":"Zhonghe Dist.","addressRegion":"New Taipei City","postalCode":"235","addressCountry":"TW"},"contactPoint":{"@type":"ContactPoint","telephone":"+886-2-8227-8800","contactType":"sales","areaServed":"Worldwide","availableLanguage":["zh-TW","en"]}}]}},"_links":{"self":[{"href":"https:\/\/leatai.com\/sv\/wp-json\/wp\/v2\/product\/308681","targetHints":{"allow":["GET"]}}],"collection":[{"href":"https:\/\/leatai.com\/sv\/wp-json\/wp\/v2\/product"}],"about":[{"href":"https:\/\/leatai.com\/sv\/wp-json\/wp\/v2\/types\/product"}],"wp:featuredmedia":[{"embeddable":true,"href":"https:\/\/leatai.com\/sv\/wp-json\/wp\/v2\/media\/308682"}],"wp:attachment":[{"href":"https:\/\/leatai.com\/sv\/wp-json\/wp\/v2\/media?parent=308681"}],"wp:term":[{"taxonomy":"product_brand","embeddable":true,"href":"https:\/\/leatai.com\/sv\/wp-json\/wp\/v2\/product_brand?post=308681"},{"taxonomy":"product_cat","embeddable":true,"href":"https:\/\/leatai.com\/sv\/wp-json\/wp\/v2\/product_cat?post=308681"},{"taxonomy":"product_tag","embeddable":true,"href":"https:\/\/leatai.com\/sv\/wp-json\/wp\/v2\/product_tag?post=308681"},{"taxonomy":"home_works","embeddable":true,"href":"https:\/\/leatai.com\/sv\/wp-json\/wp\/v2\/home_works?post=308681"}],"curies":[{"name":"wp","href":"https:\/\/api.w.org\/{rel}","templated":true}]}}