{"id":308673,"date":"2021-06-24T13:17:29","date_gmt":"2021-06-24T05:17:29","guid":{"rendered":"https:\/\/leatai.com\/product\/okategoriserad\/kantfargning-enfargad\/"},"modified":"2026-04-23T17:23:09","modified_gmt":"2026-04-23T09:23:09","slug":"kantfargning-enfargad","status":"publish","type":"product","link":"https:\/\/leatai.com\/sv\/product\/format-for-innersidor\/fargning-av-kanter\/kantfargning-enfargad\/","title":{"rendered":"Kantf\u00e4rgning \u2013 enf\u00e4rgad"},"content":{"rendered":"<p>Endast f\u00f6r sidor med raka h\u00f6rn, f\u00e4rgen blandas f\u00f6r hand och kan ha sm\u00e5 avvikelser fr\u00e5n den angivna f\u00e4rgen, vilket \u00e4r normalt, exakt f\u00e4rg\u00e5tergivning kan inte garanteras<\/p>\n<p>Minsta best\u00e4llningskvantitet: 1000 exemplar<br \/>\nBearbetningspris per bok: 50 TWD<\/p>\n","protected":false},"excerpt":{"rendered":"<p>F\u00f6rutom guldkantning kan kantf\u00e4rgning \u00e4ven g\u00f6ras i enf\u00e4rg<\/p>\n<p>Minsta best\u00e4llningskvantitet: 1000 exemplar<br \/>\nBearbetningspris per bok: 50 TWD<\/p>\n","protected":false},"featured_media":211408,"template":"","meta":{"_acf_changed":false},"product_brand":[],"product_cat":[979,1044],"product_tag":[1816],"home_works":[],"class_list":{"0":"post-308673","1":"product","2":"type-product","3":"status-publish","4":"has-post-thumbnail","6":"product_cat-format-for-innersidor","7":"product_cat-fargning-av-kanter","8":"product_tag-affarsdagbok-inlaga","10":"first","11":"instock","12":"sold-individually","13":"shipping-taxable","14":"purchasable","15":"product-type-simple"},"acf":[],"yoast_head":"<!-- This site is optimized with the Yoast SEO plugin v27.2 - https:\/\/yoast.com\/product\/yoast-seo-wordpress\/ -->\n<title>Kantf\u00e4rgning \u2013 enf\u00e4rgad - Leatai \u2013 Tillverkare av anpassade anteckningsb\u00f6cker<\/title>\n<meta name=\"description\" content=\"F\u00f6rutom guldkantning kan kantf\u00e4rgning \u00e4ven g\u00f6ras i enf\u00e4rg, endast f\u00f6r sidor med raka h\u00f6rn, f\u00e4rgen blandas f\u00f6r hand och kan ha sm\u00e5 avvikelser fr\u00e5n den angivna f\u00e4rgen, vilket \u00e4r normalt, exakt f\u00e4rg\u00e5tergivning kan inte garanteras\" \/>\n<meta name=\"robots\" content=\"index, follow, max-snippet:-1, max-image-preview:large, max-video-preview:-1\" \/>\n<link rel=\"canonical\" href=\"https:\/\/leatai.com\/sv\/product\/format-for-innersidor\/fargning-av-kanter\/kantfargning-enfargad\/\" \/>\n<meta property=\"og:locale\" content=\"sv_SE\" \/>\n<meta property=\"og:type\" content=\"article\" \/>\n<meta property=\"og:title\" content=\"Kantf\u00e4rgning \u2013 enf\u00e4rgad - Leatai \u2013 Tillverkare av anpassade anteckningsb\u00f6cker\" \/>\n<meta property=\"og:description\" content=\"F\u00f6rutom guldkantning kan kantf\u00e4rgning \u00e4ven g\u00f6ras i enf\u00e4rg, endast f\u00f6r sidor med raka h\u00f6rn, f\u00e4rgen blandas f\u00f6r hand och kan ha sm\u00e5 avvikelser fr\u00e5n den angivna f\u00e4rgen, vilket \u00e4r normalt, exakt f\u00e4rg\u00e5tergivning kan inte garanteras\" \/>\n<meta property=\"og:url\" content=\"https:\/\/leatai.com\/sv\/product\/format-for-innersidor\/fargning-av-kanter\/kantfargning-enfargad\/\" \/>\n<meta property=\"og:site_name\" content=\"Leatai \u2013 Tillverkare av anpassade anteckningsb\u00f6cker\" \/>\n<meta property=\"article:modified_time\" content=\"2026-04-23T09:23:09+00:00\" \/>\n<meta property=\"og:image\" content=\"https:\/\/leatai.com\/wp-content\/uploads\/2020_08_14_1820530.jpg\" \/>\n\t<meta property=\"og:image:width\" content=\"1000\" \/>\n\t<meta property=\"og:image:height\" content=\"750\" \/>\n\t<meta property=\"og:image:type\" content=\"image\/jpeg\" \/>\n<meta name=\"twitter:card\" content=\"summary_large_image\" \/>\n<meta name=\"twitter:label1\" content=\"Ber\u00e4knad l\u00e4stid\" \/>\n\t<meta name=\"twitter:data1\" content=\"1 minut\" \/>\n<script type=\"application\/ld+json\" class=\"yoast-schema-graph\">{\"@context\":\"https:\/\/schema.org\",\"@graph\":[{\"@type\":\"WebPage\",\"@id\":\"https:\/\/leatai.com\/sv\/product\/format-for-innersidor\/fargning-av-kanter\/kantfargning-enfargad\/\",\"url\":\"https:\/\/leatai.com\/sv\/product\/format-for-innersidor\/fargning-av-kanter\/kantfargning-enfargad\/\",\"name\":\"Kantf\u00e4rgning \u2013 enf\u00e4rgad - Leatai \u2013 Tillverkare av anpassade anteckningsb\u00f6cker\",\"isPartOf\":{\"@id\":\"https:\/\/leatai.com\/sv\/#website\"},\"primaryImageOfPage\":{\"@id\":\"https:\/\/leatai.com\/sv\/product\/format-for-innersidor\/fargning-av-kanter\/kantfargning-enfargad\/#primaryimage\"},\"image\":{\"@id\":\"https:\/\/leatai.com\/sv\/product\/format-for-innersidor\/fargning-av-kanter\/kantfargning-enfargad\/#primaryimage\"},\"thumbnailUrl\":\"https:\/\/leatai.com\/wp-content\/uploads\/2020_08_14_1820530.jpg\",\"datePublished\":\"2021-06-24T05:17:29+00:00\",\"dateModified\":\"2026-04-23T09:23:09+00:00\",\"description\":\"F\u00f6rutom guldkantning kan kantf\u00e4rgning \u00e4ven g\u00f6ras i enf\u00e4rg, endast f\u00f6r sidor med raka h\u00f6rn, f\u00e4rgen blandas f\u00f6r hand och kan ha sm\u00e5 avvikelser fr\u00e5n den angivna f\u00e4rgen, vilket \u00e4r normalt, exakt f\u00e4rg\u00e5tergivning kan inte garanteras\",\"breadcrumb\":{\"@id\":\"https:\/\/leatai.com\/sv\/product\/format-for-innersidor\/fargning-av-kanter\/kantfargning-enfargad\/#breadcrumb\"},\"inLanguage\":\"sv-SE\",\"potentialAction\":[{\"@type\":\"ReadAction\",\"target\":[\"https:\/\/leatai.com\/sv\/product\/format-for-innersidor\/fargning-av-kanter\/kantfargning-enfargad\/\"]}]},{\"@type\":\"ImageObject\",\"inLanguage\":\"sv-SE\",\"@id\":\"https:\/\/leatai.com\/sv\/product\/format-for-innersidor\/fargning-av-kanter\/kantfargning-enfargad\/#primaryimage\",\"url\":\"https:\/\/leatai.com\/wp-content\/uploads\/2020_08_14_1820530.jpg\",\"contentUrl\":\"https:\/\/leatai.com\/wp-content\/uploads\/2020_08_14_1820530.jpg\",\"width\":1000,\"height\":750,\"caption\":\"Kantf\u00e4rgning\"},{\"@type\":\"BreadcrumbList\",\"@id\":\"https:\/\/leatai.com\/sv\/product\/format-for-innersidor\/fargning-av-kanter\/kantfargning-enfargad\/#breadcrumb\",\"itemListElement\":[{\"@type\":\"ListItem\",\"position\":1,\"name\":\"Home\",\"item\":\"https:\/\/leatai.com\/sv\/\"},{\"@type\":\"ListItem\",\"position\":2,\"name\":\"Produktpresentation\",\"item\":\"https:\/\/leatai.com\/products\/\"},{\"@type\":\"ListItem\",\"position\":3,\"name\":\"Format f\u00f6r Innersidor\",\"item\":\"https:\/\/leatai.com\/sv\/produkt-kategori\/format-for-innersidor\/\"},{\"@type\":\"ListItem\",\"position\":4,\"name\":\"F\u00e4rgning av Kanter\",\"item\":\"https:\/\/leatai.com\/sv\/produkt-kategori\/format-for-innersidor\/fargning-av-kanter\/\"},{\"@type\":\"ListItem\",\"position\":5,\"name\":\"Kantf\u00e4rgning \u2013 enf\u00e4rgad\"}]},{\"@type\":\"WebSite\",\"@id\":\"https:\/\/leatai.com\/sv\/#website\",\"url\":\"https:\/\/leatai.com\/sv\/\",\"name\":\"Leatai \u2013 Tillverkare av anpassade anteckningsb\u00f6cker\",\"description\":\"Leatai erbjuder anpassade anteckningsb\u00f6cker och planeringsverktyg f\u00f6r varum\u00e4rken och distribut\u00f6rer \u00f6ver hela v\u00e4rlden.\",\"publisher\":{\"@id\":\"https:\/\/leatai.com\/sv\/#organization\"},\"potentialAction\":[{\"@type\":\"SearchAction\",\"target\":{\"@type\":\"EntryPoint\",\"urlTemplate\":\"https:\/\/leatai.com\/sv\/?s={search_term_string}\"},\"query-input\":{\"@type\":\"PropertyValueSpecification\",\"valueRequired\":true,\"valueName\":\"search_term_string\"}}],\"inLanguage\":\"sv-SE\"},{\"@type\":\"Organization\",\"@id\":\"https:\/\/leatai.com\/sv\/#organization\",\"name\":\"Leatai Diary, customized journal and business organizer\",\"url\":\"https:\/\/leatai.com\/sv\/\",\"logo\":{\"@type\":\"ImageObject\",\"inLanguage\":\"sv-SE\",\"@id\":\"https:\/\/leatai.com\/sv\/#\/schema\/logo\/image\/\",\"url\":\"https:\/\/leatai.com\/wp-content\/uploads\/logo-blue.png\",\"contentUrl\":\"https:\/\/leatai.com\/wp-content\/uploads\/logo-blue.png\",\"width\":230,\"height\":60,\"caption\":\"Leatai Diary, customized journal and business organizer\"},\"image\":{\"@id\":\"https:\/\/leatai.com\/sv\/#\/schema\/logo\/image\/\"},\"telephone\":\"+886-2-8227-8800\",\"legalName\":\"Leatai Stationary Co., Ltd.\",\"description\":\"A leading notebook factory in Taiwan offering bespoke branding, high-quality binding, and premium paper selections for corporate gifts and stationery wholesale.\",\"address\":{\"@type\":\"PostalAddress\",\"streetAddress\":\"11F., No. 168, Jiankang Rd.\",\"addressLocality\":\"Zhonghe Dist.\",\"addressRegion\":\"New Taipei City\",\"postalCode\":\"235\",\"addressCountry\":\"TW\"},\"contactPoint\":{\"@type\":\"ContactPoint\",\"telephone\":\"+886-2-8227-8800\",\"contactType\":\"sales\",\"areaServed\":\"Worldwide\",\"availableLanguage\":[\"zh-TW\",\"en\"]}}]}<\/script>\n<!-- \/ Yoast SEO plugin. -->","yoast_head_json":{"title":"Kantf\u00e4rgning \u2013 enf\u00e4rgad - Leatai \u2013 Tillverkare av anpassade anteckningsb\u00f6cker","description":"F\u00f6rutom guldkantning kan kantf\u00e4rgning \u00e4ven g\u00f6ras i enf\u00e4rg, endast f\u00f6r sidor med raka h\u00f6rn, f\u00e4rgen blandas f\u00f6r hand och kan ha sm\u00e5 avvikelser fr\u00e5n den angivna f\u00e4rgen, vilket \u00e4r normalt, exakt f\u00e4rg\u00e5tergivning kan inte garanteras","robots":{"index":"index","follow":"follow","max-snippet":"max-snippet:-1","max-image-preview":"max-image-preview:large","max-video-preview":"max-video-preview:-1"},"canonical":"https:\/\/leatai.com\/sv\/product\/format-for-innersidor\/fargning-av-kanter\/kantfargning-enfargad\/","og_locale":"sv_SE","og_type":"article","og_title":"Kantf\u00e4rgning \u2013 enf\u00e4rgad - Leatai \u2013 Tillverkare av anpassade anteckningsb\u00f6cker","og_description":"F\u00f6rutom guldkantning kan kantf\u00e4rgning \u00e4ven g\u00f6ras i enf\u00e4rg, endast f\u00f6r sidor med raka h\u00f6rn, f\u00e4rgen blandas f\u00f6r hand och kan ha sm\u00e5 avvikelser fr\u00e5n den angivna f\u00e4rgen, vilket \u00e4r normalt, exakt f\u00e4rg\u00e5tergivning kan inte garanteras","og_url":"https:\/\/leatai.com\/sv\/product\/format-for-innersidor\/fargning-av-kanter\/kantfargning-enfargad\/","og_site_name":"Leatai \u2013 Tillverkare av anpassade anteckningsb\u00f6cker","article_modified_time":"2026-04-23T09:23:09+00:00","og_image":[{"width":1000,"height":750,"url":"https:\/\/leatai.com\/wp-content\/uploads\/2020_08_14_1820530.jpg","type":"image\/jpeg"}],"twitter_card":"summary_large_image","twitter_misc":{"Ber\u00e4knad l\u00e4stid":"1 minut"},"schema":{"@context":"https:\/\/schema.org","@graph":[{"@type":"WebPage","@id":"https:\/\/leatai.com\/sv\/product\/format-for-innersidor\/fargning-av-kanter\/kantfargning-enfargad\/","url":"https:\/\/leatai.com\/sv\/product\/format-for-innersidor\/fargning-av-kanter\/kantfargning-enfargad\/","name":"Kantf\u00e4rgning \u2013 enf\u00e4rgad - Leatai \u2013 Tillverkare av anpassade anteckningsb\u00f6cker","isPartOf":{"@id":"https:\/\/leatai.com\/sv\/#website"},"primaryImageOfPage":{"@id":"https:\/\/leatai.com\/sv\/product\/format-for-innersidor\/fargning-av-kanter\/kantfargning-enfargad\/#primaryimage"},"image":{"@id":"https:\/\/leatai.com\/sv\/product\/format-for-innersidor\/fargning-av-kanter\/kantfargning-enfargad\/#primaryimage"},"thumbnailUrl":"https:\/\/leatai.com\/wp-content\/uploads\/2020_08_14_1820530.jpg","datePublished":"2021-06-24T05:17:29+00:00","dateModified":"2026-04-23T09:23:09+00:00","description":"F\u00f6rutom guldkantning kan kantf\u00e4rgning \u00e4ven g\u00f6ras i enf\u00e4rg, endast f\u00f6r sidor med raka h\u00f6rn, f\u00e4rgen blandas f\u00f6r hand och kan ha sm\u00e5 avvikelser fr\u00e5n den angivna f\u00e4rgen, vilket \u00e4r normalt, exakt f\u00e4rg\u00e5tergivning kan inte garanteras","breadcrumb":{"@id":"https:\/\/leatai.com\/sv\/product\/format-for-innersidor\/fargning-av-kanter\/kantfargning-enfargad\/#breadcrumb"},"inLanguage":"sv-SE","potentialAction":[{"@type":"ReadAction","target":["https:\/\/leatai.com\/sv\/product\/format-for-innersidor\/fargning-av-kanter\/kantfargning-enfargad\/"]}]},{"@type":"ImageObject","inLanguage":"sv-SE","@id":"https:\/\/leatai.com\/sv\/product\/format-for-innersidor\/fargning-av-kanter\/kantfargning-enfargad\/#primaryimage","url":"https:\/\/leatai.com\/wp-content\/uploads\/2020_08_14_1820530.jpg","contentUrl":"https:\/\/leatai.com\/wp-content\/uploads\/2020_08_14_1820530.jpg","width":1000,"height":750,"caption":"Kantf\u00e4rgning"},{"@type":"BreadcrumbList","@id":"https:\/\/leatai.com\/sv\/product\/format-for-innersidor\/fargning-av-kanter\/kantfargning-enfargad\/#breadcrumb","itemListElement":[{"@type":"ListItem","position":1,"name":"Home","item":"https:\/\/leatai.com\/sv\/"},{"@type":"ListItem","position":2,"name":"Produktpresentation","item":"https:\/\/leatai.com\/products\/"},{"@type":"ListItem","position":3,"name":"Format f\u00f6r Innersidor","item":"https:\/\/leatai.com\/sv\/produkt-kategori\/format-for-innersidor\/"},{"@type":"ListItem","position":4,"name":"F\u00e4rgning av Kanter","item":"https:\/\/leatai.com\/sv\/produkt-kategori\/format-for-innersidor\/fargning-av-kanter\/"},{"@type":"ListItem","position":5,"name":"Kantf\u00e4rgning \u2013 enf\u00e4rgad"}]},{"@type":"WebSite","@id":"https:\/\/leatai.com\/sv\/#website","url":"https:\/\/leatai.com\/sv\/","name":"Leatai \u2013 Tillverkare av anpassade anteckningsb\u00f6cker","description":"Leatai erbjuder anpassade anteckningsb\u00f6cker och planeringsverktyg f\u00f6r varum\u00e4rken och distribut\u00f6rer \u00f6ver hela v\u00e4rlden.","publisher":{"@id":"https:\/\/leatai.com\/sv\/#organization"},"potentialAction":[{"@type":"SearchAction","target":{"@type":"EntryPoint","urlTemplate":"https:\/\/leatai.com\/sv\/?s={search_term_string}"},"query-input":{"@type":"PropertyValueSpecification","valueRequired":true,"valueName":"search_term_string"}}],"inLanguage":"sv-SE"},{"@type":"Organization","@id":"https:\/\/leatai.com\/sv\/#organization","name":"Leatai Diary, customized journal and business organizer","url":"https:\/\/leatai.com\/sv\/","logo":{"@type":"ImageObject","inLanguage":"sv-SE","@id":"https:\/\/leatai.com\/sv\/#\/schema\/logo\/image\/","url":"https:\/\/leatai.com\/wp-content\/uploads\/logo-blue.png","contentUrl":"https:\/\/leatai.com\/wp-content\/uploads\/logo-blue.png","width":230,"height":60,"caption":"Leatai Diary, customized journal and business organizer"},"image":{"@id":"https:\/\/leatai.com\/sv\/#\/schema\/logo\/image\/"},"telephone":"+886-2-8227-8800","legalName":"Leatai Stationary Co., Ltd.","description":"A leading notebook factory in Taiwan offering bespoke branding, high-quality binding, and premium paper selections for corporate gifts and stationery wholesale.","address":{"@type":"PostalAddress","streetAddress":"11F., No. 168, Jiankang Rd.","addressLocality":"Zhonghe Dist.","addressRegion":"New Taipei City","postalCode":"235","addressCountry":"TW"},"contactPoint":{"@type":"ContactPoint","telephone":"+886-2-8227-8800","contactType":"sales","areaServed":"Worldwide","availableLanguage":["zh-TW","en"]}}]}},"_links":{"self":[{"href":"https:\/\/leatai.com\/sv\/wp-json\/wp\/v2\/product\/308673","targetHints":{"allow":["GET"]}}],"collection":[{"href":"https:\/\/leatai.com\/sv\/wp-json\/wp\/v2\/product"}],"about":[{"href":"https:\/\/leatai.com\/sv\/wp-json\/wp\/v2\/types\/product"}],"wp:featuredmedia":[{"embeddable":true,"href":"https:\/\/leatai.com\/sv\/wp-json\/wp\/v2\/media\/211408"}],"wp:attachment":[{"href":"https:\/\/leatai.com\/sv\/wp-json\/wp\/v2\/media?parent=308673"}],"wp:term":[{"taxonomy":"product_brand","embeddable":true,"href":"https:\/\/leatai.com\/sv\/wp-json\/wp\/v2\/product_brand?post=308673"},{"taxonomy":"product_cat","embeddable":true,"href":"https:\/\/leatai.com\/sv\/wp-json\/wp\/v2\/product_cat?post=308673"},{"taxonomy":"product_tag","embeddable":true,"href":"https:\/\/leatai.com\/sv\/wp-json\/wp\/v2\/product_tag?post=308673"},{"taxonomy":"home_works","embeddable":true,"href":"https:\/\/leatai.com\/sv\/wp-json\/wp\/v2\/home_works?post=308673"}],"curies":[{"name":"wp","href":"https:\/\/api.w.org\/{rel}","templated":true}]}}