{"id":308654,"date":"2021-06-24T13:17:31","date_gmt":"2021-06-24T05:17:31","guid":{"rendered":"https:\/\/leatai.com\/product\/okategoriserad\/lgp-vanster-tre-dagar-hoger-fyra-fargad-liggande-layout-a48k\/"},"modified":"2026-04-23T16:53:41","modified_gmt":"2026-04-23T08:53:41","slug":"lgp-vanster-tre-dagar-hoger-fyra-fargad-liggande-layout-a48k","status":"publish","type":"product","link":"https:\/\/leatai.com\/sv\/product\/format-for-innersidor\/48k-innersidor\/lgp-vanster-tre-dagar-hoger-fyra-fargad-liggande-layout-a48k\/","title":{"rendered":"LGP \u2013 v\u00e4nster tre dagar, h\u00f6ger fyra, f\u00e4rgad liggande layout \u2013 A48K"},"content":{"rendered":"<p>Papper: vitt obestruket papper<br \/>\nStorlek: <a href=\"https:\/\/leatai.com\/sv\/faq\/vad-ar-8k-16k-och-25k-planeringsstorlekar-hur-stora-ar-de\/\" target=\"_blank\" rel=\"noopener\">48K<\/a> <a href=\"https:\/\/leatai.com\/sv\/faq\/vad-ar-8k-16k-och-25k-planeringsstorlekar-hur-stora-ar-de\/\" target=\"_blank\" rel=\"noopener\">(detaljerad beskrivning och j\u00e4mf\u00f6relsetabell f\u00f6r aff\u00e4rsdagboksstorlekar)<\/a><br \/>\nTjocklek: 70 lb (80 ark \/ 160 sidor per bok)<br \/>\nTryck: f\u00e4rg<br \/>\nInneh\u00e5ll: \u00e5rs\u00f6versikt + m\u00e5nadsplanering + v\u00e4nster 3 dagar, h\u00f6ger 4 dagar + informationssidor + m\u00e5nkalender<\/p>\n<p>P.1~P.2 Image-sidor<br \/>\nP.3 Lista \u00f6ver helgdagar och h\u00f6gtider<br \/>\nP.4~P.5 \u00c5rs\u00f6versikt<br \/>\nP.6~P.7 \u00c5rsplan<br \/>\nP.8~P.19 M\u00e5nadsplanering (januari\u2013december samma \u00e5r, tv\u00e5 sidor per m\u00e5nad)<br \/>\nP.20~P.125 V\u00e4nster 3 dagar, h\u00f6ger 4 dagar<br \/>\nP.126~P.133 Informationssidor (adressbok, lista \u00f6ver postnummer, tunnelbanekarta, motorv\u00e4gskarta)<br \/>\nP.134~P.157 M\u00e5nkalender<br \/>\nP.158 Linjerad sida<br \/>\nP.159~160 Image-sidor<\/p>\n","protected":false},"excerpt":{"rendered":"<p>Papper: vitt obestruket papper Storlek: 48K (detaljerad beskrivning och j\u00e4mf\u00f6relsetabell f\u00f6r aff\u00e4rsdagboksstorlekar) Tjocklek: 70 lb (80 ark \/ 160 sidor per bok) Tryck: f\u00e4rg Inneh\u00e5ll: \u00e5rs\u00f6versikt + m\u00e5nadsplanering + v\u00e4nster 3 dagar, h\u00f6ger 4 dagar + informationssidor + m\u00e5nkalender P.1~P.2 Image-sidor P.3 Lista \u00f6ver helgdagar och h\u00f6gtider P.4~P.5 \u00c5rs\u00f6versikt P.6~P.7 \u00c5rsplan P.8~P.19 M\u00e5nadsplanering (januari\u2013december samma [&hellip;]<\/p>\n","protected":false},"featured_media":308655,"template":"","meta":{"_acf_changed":false},"product_brand":[],"product_cat":[979,1031],"product_tag":[1821,1816],"home_works":[],"class_list":{"0":"post-308654","1":"product","2":"type-product","3":"status-publish","4":"has-post-thumbnail","6":"product_cat-format-for-innersidor","7":"product_cat-48k-innersidor","8":"product_tag-48k","9":"product_tag-affarsdagbok-inlaga","11":"first","12":"instock","13":"sold-individually","14":"shipping-taxable","15":"purchasable","16":"product-type-simple"},"acf":[],"yoast_head":"<!-- This site is optimized with the Yoast SEO plugin v27.2 - https:\/\/yoast.com\/product\/yoast-seo-wordpress\/ -->\n<title>LGP \u2013 v\u00e4nster tre dagar, h\u00f6ger fyra, f\u00e4rgad liggande layout \u2013 A48K - Aff\u00e4rsdagbok inlaga - Leatai \u2013 Tillverkare av anpassade anteckningsb\u00f6cker<\/title>\n<meta name=\"description\" content=\"Aff\u00e4rsdagbokens inlaga: v\u00e4nster tre dagar, h\u00f6ger fyra, f\u00e4rg, papper: vitt obestruket papper, storlek: 48K, tjocklek: 70 lb (80 ark \/ 160 sidor per bok), tryck: f\u00e4rg, inneh\u00e5ll: \u00e5rs\u00f6versikt + m\u00e5nadsplanering + v\u00e4nster 3 dagar, h\u00f6ger 4 dagar + informationssidor + m\u00e5nkalender.\" \/>\n<meta name=\"robots\" content=\"index, follow, max-snippet:-1, max-image-preview:large, max-video-preview:-1\" \/>\n<link rel=\"canonical\" href=\"https:\/\/leatai.com\/sv\/product\/format-for-innersidor\/48k-innersidor\/lgp-vanster-tre-dagar-hoger-fyra-fargad-liggande-layout-a48k\/\" \/>\n<meta property=\"og:locale\" content=\"sv_SE\" \/>\n<meta property=\"og:type\" content=\"article\" \/>\n<meta property=\"og:title\" content=\"LGP \u2013 v\u00e4nster tre dagar, h\u00f6ger fyra, f\u00e4rgad liggande layout \u2013 A48K - Aff\u00e4rsdagbok inlaga - Leatai \u2013 Tillverkare av anpassade anteckningsb\u00f6cker\" \/>\n<meta property=\"og:description\" content=\"Aff\u00e4rsdagbokens inlaga: v\u00e4nster tre dagar, h\u00f6ger fyra, f\u00e4rg, papper: vitt obestruket papper, storlek: 48K, tjocklek: 70 lb (80 ark \/ 160 sidor per bok), tryck: f\u00e4rg, inneh\u00e5ll: \u00e5rs\u00f6versikt + m\u00e5nadsplanering + v\u00e4nster 3 dagar, h\u00f6ger 4 dagar + informationssidor + m\u00e5nkalender.\" \/>\n<meta property=\"og:url\" content=\"https:\/\/leatai.com\/sv\/product\/format-for-innersidor\/48k-innersidor\/lgp-vanster-tre-dagar-hoger-fyra-fargad-liggande-layout-a48k\/\" \/>\n<meta property=\"og:site_name\" content=\"Leatai \u2013 Tillverkare av anpassade anteckningsb\u00f6cker\" \/>\n<meta property=\"article:modified_time\" content=\"2026-04-23T08:53:41+00:00\" \/>\n<meta property=\"og:image\" content=\"https:\/\/leatai.com\/wp-content\/uploads\/2015_08_19_1445110.jpg\" \/>\n\t<meta property=\"og:image:width\" content=\"1000\" \/>\n\t<meta property=\"og:image:height\" content=\"750\" \/>\n\t<meta property=\"og:image:type\" content=\"image\/jpeg\" \/>\n<meta name=\"twitter:card\" content=\"summary_large_image\" \/>\n<meta name=\"twitter:label1\" content=\"Ber\u00e4knad l\u00e4stid\" \/>\n\t<meta name=\"twitter:data1\" content=\"1 minut\" \/>\n<script type=\"application\/ld+json\" class=\"yoast-schema-graph\">{\"@context\":\"https:\/\/schema.org\",\"@graph\":[{\"@type\":\"WebPage\",\"@id\":\"https:\/\/leatai.com\/sv\/product\/format-for-innersidor\/48k-innersidor\/lgp-vanster-tre-dagar-hoger-fyra-fargad-liggande-layout-a48k\/\",\"url\":\"https:\/\/leatai.com\/sv\/product\/format-for-innersidor\/48k-innersidor\/lgp-vanster-tre-dagar-hoger-fyra-fargad-liggande-layout-a48k\/\",\"name\":\"LGP \u2013 v\u00e4nster tre dagar, h\u00f6ger fyra, f\u00e4rgad liggande layout \u2013 A48K - Aff\u00e4rsdagbok inlaga - Leatai \u2013 Tillverkare av anpassade anteckningsb\u00f6cker\",\"isPartOf\":{\"@id\":\"https:\/\/leatai.com\/sv\/#website\"},\"primaryImageOfPage\":{\"@id\":\"https:\/\/leatai.com\/sv\/product\/format-for-innersidor\/48k-innersidor\/lgp-vanster-tre-dagar-hoger-fyra-fargad-liggande-layout-a48k\/#primaryimage\"},\"image\":{\"@id\":\"https:\/\/leatai.com\/sv\/product\/format-for-innersidor\/48k-innersidor\/lgp-vanster-tre-dagar-hoger-fyra-fargad-liggande-layout-a48k\/#primaryimage\"},\"thumbnailUrl\":\"https:\/\/leatai.com\/wp-content\/uploads\/2015_08_19_1445110.jpg\",\"datePublished\":\"2021-06-24T05:17:31+00:00\",\"dateModified\":\"2026-04-23T08:53:41+00:00\",\"description\":\"Aff\u00e4rsdagbokens inlaga: v\u00e4nster tre dagar, h\u00f6ger fyra, f\u00e4rg, papper: vitt obestruket papper, storlek: 48K, tjocklek: 70 lb (80 ark \/ 160 sidor per bok), tryck: f\u00e4rg, inneh\u00e5ll: \u00e5rs\u00f6versikt + m\u00e5nadsplanering + v\u00e4nster 3 dagar, h\u00f6ger 4 dagar + informationssidor + m\u00e5nkalender.\",\"breadcrumb\":{\"@id\":\"https:\/\/leatai.com\/sv\/product\/format-for-innersidor\/48k-innersidor\/lgp-vanster-tre-dagar-hoger-fyra-fargad-liggande-layout-a48k\/#breadcrumb\"},\"inLanguage\":\"sv-SE\",\"potentialAction\":[{\"@type\":\"ReadAction\",\"target\":[\"https:\/\/leatai.com\/sv\/product\/format-for-innersidor\/48k-innersidor\/lgp-vanster-tre-dagar-hoger-fyra-fargad-liggande-layout-a48k\/\"]}]},{\"@type\":\"ImageObject\",\"inLanguage\":\"sv-SE\",\"@id\":\"https:\/\/leatai.com\/sv\/product\/format-for-innersidor\/48k-innersidor\/lgp-vanster-tre-dagar-hoger-fyra-fargad-liggande-layout-a48k\/#primaryimage\",\"url\":\"https:\/\/leatai.com\/wp-content\/uploads\/2015_08_19_1445110.jpg\",\"contentUrl\":\"https:\/\/leatai.com\/wp-content\/uploads\/2015_08_19_1445110.jpg\",\"width\":1000,\"height\":750,\"caption\":\"Aff\u00e4rsdagbok inlaga\"},{\"@type\":\"BreadcrumbList\",\"@id\":\"https:\/\/leatai.com\/sv\/product\/format-for-innersidor\/48k-innersidor\/lgp-vanster-tre-dagar-hoger-fyra-fargad-liggande-layout-a48k\/#breadcrumb\",\"itemListElement\":[{\"@type\":\"ListItem\",\"position\":1,\"name\":\"Home\",\"item\":\"https:\/\/leatai.com\/sv\/\"},{\"@type\":\"ListItem\",\"position\":2,\"name\":\"Produktpresentation\",\"item\":\"https:\/\/leatai.com\/products\/\"},{\"@type\":\"ListItem\",\"position\":3,\"name\":\"Format f\u00f6r Innersidor\",\"item\":\"https:\/\/leatai.com\/sv\/produkt-kategori\/format-for-innersidor\/\"},{\"@type\":\"ListItem\",\"position\":4,\"name\":\"48K Innersidor\",\"item\":\"https:\/\/leatai.com\/sv\/produkt-kategori\/format-for-innersidor\/48k-innersidor\/\"},{\"@type\":\"ListItem\",\"position\":5,\"name\":\"LGP \u2013 v\u00e4nster tre dagar, h\u00f6ger fyra, f\u00e4rgad liggande layout \u2013 A48K\"}]},{\"@type\":\"WebSite\",\"@id\":\"https:\/\/leatai.com\/sv\/#website\",\"url\":\"https:\/\/leatai.com\/sv\/\",\"name\":\"Leatai \u2013 Tillverkare av anpassade anteckningsb\u00f6cker\",\"description\":\"Leatai erbjuder anpassade anteckningsb\u00f6cker och planeringsverktyg f\u00f6r varum\u00e4rken och distribut\u00f6rer \u00f6ver hela v\u00e4rlden.\",\"publisher\":{\"@id\":\"https:\/\/leatai.com\/sv\/#organization\"},\"potentialAction\":[{\"@type\":\"SearchAction\",\"target\":{\"@type\":\"EntryPoint\",\"urlTemplate\":\"https:\/\/leatai.com\/sv\/?s={search_term_string}\"},\"query-input\":{\"@type\":\"PropertyValueSpecification\",\"valueRequired\":true,\"valueName\":\"search_term_string\"}}],\"inLanguage\":\"sv-SE\"},{\"@type\":\"Organization\",\"@id\":\"https:\/\/leatai.com\/sv\/#organization\",\"name\":\"Leatai Diary, customized journal and business organizer\",\"url\":\"https:\/\/leatai.com\/sv\/\",\"logo\":{\"@type\":\"ImageObject\",\"inLanguage\":\"sv-SE\",\"@id\":\"https:\/\/leatai.com\/sv\/#\/schema\/logo\/image\/\",\"url\":\"https:\/\/leatai.com\/wp-content\/uploads\/logo-blue.png\",\"contentUrl\":\"https:\/\/leatai.com\/wp-content\/uploads\/logo-blue.png\",\"width\":230,\"height\":60,\"caption\":\"Leatai Diary, customized journal and business organizer\"},\"image\":{\"@id\":\"https:\/\/leatai.com\/sv\/#\/schema\/logo\/image\/\"},\"telephone\":\"+886-2-8227-8800\",\"legalName\":\"Leatai Stationary Co., Ltd.\",\"description\":\"A leading notebook factory in Taiwan offering bespoke branding, high-quality binding, and premium paper selections for corporate gifts and stationery wholesale.\",\"address\":{\"@type\":\"PostalAddress\",\"streetAddress\":\"11F., No. 168, Jiankang Rd.\",\"addressLocality\":\"Zhonghe Dist.\",\"addressRegion\":\"New Taipei City\",\"postalCode\":\"235\",\"addressCountry\":\"TW\"},\"contactPoint\":{\"@type\":\"ContactPoint\",\"telephone\":\"+886-2-8227-8800\",\"contactType\":\"sales\",\"areaServed\":\"Worldwide\",\"availableLanguage\":[\"zh-TW\",\"en\"]}}]}<\/script>\n<!-- \/ Yoast SEO plugin. -->","yoast_head_json":{"title":"LGP \u2013 v\u00e4nster tre dagar, h\u00f6ger fyra, f\u00e4rgad liggande layout \u2013 A48K - Aff\u00e4rsdagbok inlaga - Leatai \u2013 Tillverkare av anpassade anteckningsb\u00f6cker","description":"Aff\u00e4rsdagbokens inlaga: v\u00e4nster tre dagar, h\u00f6ger fyra, f\u00e4rg, papper: vitt obestruket papper, storlek: 48K, tjocklek: 70 lb (80 ark \/ 160 sidor per bok), tryck: f\u00e4rg, inneh\u00e5ll: \u00e5rs\u00f6versikt + m\u00e5nadsplanering + v\u00e4nster 3 dagar, h\u00f6ger 4 dagar + informationssidor + m\u00e5nkalender.","robots":{"index":"index","follow":"follow","max-snippet":"max-snippet:-1","max-image-preview":"max-image-preview:large","max-video-preview":"max-video-preview:-1"},"canonical":"https:\/\/leatai.com\/sv\/product\/format-for-innersidor\/48k-innersidor\/lgp-vanster-tre-dagar-hoger-fyra-fargad-liggande-layout-a48k\/","og_locale":"sv_SE","og_type":"article","og_title":"LGP \u2013 v\u00e4nster tre dagar, h\u00f6ger fyra, f\u00e4rgad liggande layout \u2013 A48K - Aff\u00e4rsdagbok inlaga - Leatai \u2013 Tillverkare av anpassade anteckningsb\u00f6cker","og_description":"Aff\u00e4rsdagbokens inlaga: v\u00e4nster tre dagar, h\u00f6ger fyra, f\u00e4rg, papper: vitt obestruket papper, storlek: 48K, tjocklek: 70 lb (80 ark \/ 160 sidor per bok), tryck: f\u00e4rg, inneh\u00e5ll: \u00e5rs\u00f6versikt + m\u00e5nadsplanering + v\u00e4nster 3 dagar, h\u00f6ger 4 dagar + informationssidor + m\u00e5nkalender.","og_url":"https:\/\/leatai.com\/sv\/product\/format-for-innersidor\/48k-innersidor\/lgp-vanster-tre-dagar-hoger-fyra-fargad-liggande-layout-a48k\/","og_site_name":"Leatai \u2013 Tillverkare av anpassade anteckningsb\u00f6cker","article_modified_time":"2026-04-23T08:53:41+00:00","og_image":[{"width":1000,"height":750,"url":"https:\/\/leatai.com\/wp-content\/uploads\/2015_08_19_1445110.jpg","type":"image\/jpeg"}],"twitter_card":"summary_large_image","twitter_misc":{"Ber\u00e4knad l\u00e4stid":"1 minut"},"schema":{"@context":"https:\/\/schema.org","@graph":[{"@type":"WebPage","@id":"https:\/\/leatai.com\/sv\/product\/format-for-innersidor\/48k-innersidor\/lgp-vanster-tre-dagar-hoger-fyra-fargad-liggande-layout-a48k\/","url":"https:\/\/leatai.com\/sv\/product\/format-for-innersidor\/48k-innersidor\/lgp-vanster-tre-dagar-hoger-fyra-fargad-liggande-layout-a48k\/","name":"LGP \u2013 v\u00e4nster tre dagar, h\u00f6ger fyra, f\u00e4rgad liggande layout \u2013 A48K - Aff\u00e4rsdagbok inlaga - Leatai \u2013 Tillverkare av anpassade anteckningsb\u00f6cker","isPartOf":{"@id":"https:\/\/leatai.com\/sv\/#website"},"primaryImageOfPage":{"@id":"https:\/\/leatai.com\/sv\/product\/format-for-innersidor\/48k-innersidor\/lgp-vanster-tre-dagar-hoger-fyra-fargad-liggande-layout-a48k\/#primaryimage"},"image":{"@id":"https:\/\/leatai.com\/sv\/product\/format-for-innersidor\/48k-innersidor\/lgp-vanster-tre-dagar-hoger-fyra-fargad-liggande-layout-a48k\/#primaryimage"},"thumbnailUrl":"https:\/\/leatai.com\/wp-content\/uploads\/2015_08_19_1445110.jpg","datePublished":"2021-06-24T05:17:31+00:00","dateModified":"2026-04-23T08:53:41+00:00","description":"Aff\u00e4rsdagbokens inlaga: v\u00e4nster tre dagar, h\u00f6ger fyra, f\u00e4rg, papper: vitt obestruket papper, storlek: 48K, tjocklek: 70 lb (80 ark \/ 160 sidor per bok), tryck: f\u00e4rg, inneh\u00e5ll: \u00e5rs\u00f6versikt + m\u00e5nadsplanering + v\u00e4nster 3 dagar, h\u00f6ger 4 dagar + informationssidor + m\u00e5nkalender.","breadcrumb":{"@id":"https:\/\/leatai.com\/sv\/product\/format-for-innersidor\/48k-innersidor\/lgp-vanster-tre-dagar-hoger-fyra-fargad-liggande-layout-a48k\/#breadcrumb"},"inLanguage":"sv-SE","potentialAction":[{"@type":"ReadAction","target":["https:\/\/leatai.com\/sv\/product\/format-for-innersidor\/48k-innersidor\/lgp-vanster-tre-dagar-hoger-fyra-fargad-liggande-layout-a48k\/"]}]},{"@type":"ImageObject","inLanguage":"sv-SE","@id":"https:\/\/leatai.com\/sv\/product\/format-for-innersidor\/48k-innersidor\/lgp-vanster-tre-dagar-hoger-fyra-fargad-liggande-layout-a48k\/#primaryimage","url":"https:\/\/leatai.com\/wp-content\/uploads\/2015_08_19_1445110.jpg","contentUrl":"https:\/\/leatai.com\/wp-content\/uploads\/2015_08_19_1445110.jpg","width":1000,"height":750,"caption":"Aff\u00e4rsdagbok inlaga"},{"@type":"BreadcrumbList","@id":"https:\/\/leatai.com\/sv\/product\/format-for-innersidor\/48k-innersidor\/lgp-vanster-tre-dagar-hoger-fyra-fargad-liggande-layout-a48k\/#breadcrumb","itemListElement":[{"@type":"ListItem","position":1,"name":"Home","item":"https:\/\/leatai.com\/sv\/"},{"@type":"ListItem","position":2,"name":"Produktpresentation","item":"https:\/\/leatai.com\/products\/"},{"@type":"ListItem","position":3,"name":"Format f\u00f6r Innersidor","item":"https:\/\/leatai.com\/sv\/produkt-kategori\/format-for-innersidor\/"},{"@type":"ListItem","position":4,"name":"48K Innersidor","item":"https:\/\/leatai.com\/sv\/produkt-kategori\/format-for-innersidor\/48k-innersidor\/"},{"@type":"ListItem","position":5,"name":"LGP \u2013 v\u00e4nster tre dagar, h\u00f6ger fyra, f\u00e4rgad liggande layout \u2013 A48K"}]},{"@type":"WebSite","@id":"https:\/\/leatai.com\/sv\/#website","url":"https:\/\/leatai.com\/sv\/","name":"Leatai \u2013 Tillverkare av anpassade anteckningsb\u00f6cker","description":"Leatai erbjuder anpassade anteckningsb\u00f6cker och planeringsverktyg f\u00f6r varum\u00e4rken och distribut\u00f6rer \u00f6ver hela v\u00e4rlden.","publisher":{"@id":"https:\/\/leatai.com\/sv\/#organization"},"potentialAction":[{"@type":"SearchAction","target":{"@type":"EntryPoint","urlTemplate":"https:\/\/leatai.com\/sv\/?s={search_term_string}"},"query-input":{"@type":"PropertyValueSpecification","valueRequired":true,"valueName":"search_term_string"}}],"inLanguage":"sv-SE"},{"@type":"Organization","@id":"https:\/\/leatai.com\/sv\/#organization","name":"Leatai Diary, customized journal and business organizer","url":"https:\/\/leatai.com\/sv\/","logo":{"@type":"ImageObject","inLanguage":"sv-SE","@id":"https:\/\/leatai.com\/sv\/#\/schema\/logo\/image\/","url":"https:\/\/leatai.com\/wp-content\/uploads\/logo-blue.png","contentUrl":"https:\/\/leatai.com\/wp-content\/uploads\/logo-blue.png","width":230,"height":60,"caption":"Leatai Diary, customized journal and business organizer"},"image":{"@id":"https:\/\/leatai.com\/sv\/#\/schema\/logo\/image\/"},"telephone":"+886-2-8227-8800","legalName":"Leatai Stationary Co., Ltd.","description":"A leading notebook factory in Taiwan offering bespoke branding, high-quality binding, and premium paper selections for corporate gifts and stationery wholesale.","address":{"@type":"PostalAddress","streetAddress":"11F., No. 168, Jiankang Rd.","addressLocality":"Zhonghe Dist.","addressRegion":"New Taipei City","postalCode":"235","addressCountry":"TW"},"contactPoint":{"@type":"ContactPoint","telephone":"+886-2-8227-8800","contactType":"sales","areaServed":"Worldwide","availableLanguage":["zh-TW","en"]}}]}},"_links":{"self":[{"href":"https:\/\/leatai.com\/sv\/wp-json\/wp\/v2\/product\/308654","targetHints":{"allow":["GET"]}}],"collection":[{"href":"https:\/\/leatai.com\/sv\/wp-json\/wp\/v2\/product"}],"about":[{"href":"https:\/\/leatai.com\/sv\/wp-json\/wp\/v2\/types\/product"}],"wp:featuredmedia":[{"embeddable":true,"href":"https:\/\/leatai.com\/sv\/wp-json\/wp\/v2\/media\/308655"}],"wp:attachment":[{"href":"https:\/\/leatai.com\/sv\/wp-json\/wp\/v2\/media?parent=308654"}],"wp:term":[{"taxonomy":"product_brand","embeddable":true,"href":"https:\/\/leatai.com\/sv\/wp-json\/wp\/v2\/product_brand?post=308654"},{"taxonomy":"product_cat","embeddable":true,"href":"https:\/\/leatai.com\/sv\/wp-json\/wp\/v2\/product_cat?post=308654"},{"taxonomy":"product_tag","embeddable":true,"href":"https:\/\/leatai.com\/sv\/wp-json\/wp\/v2\/product_tag?post=308654"},{"taxonomy":"home_works","embeddable":true,"href":"https:\/\/leatai.com\/sv\/wp-json\/wp\/v2\/home_works?post=308654"}],"curies":[{"name":"wp","href":"https:\/\/api.w.org\/{rel}","templated":true}]}}