{"id":308548,"date":"2021-06-24T13:17:30","date_gmt":"2021-06-24T05:17:30","guid":{"rendered":"https:\/\/leatai.com\/product\/okategoriserad\/lgp-rutade-anteckningssidor-l25k\/"},"modified":"2026-04-23T14:31:47","modified_gmt":"2026-04-23T06:31:47","slug":"lgp-rutade-anteckningssidor-l25k","status":"publish","type":"product","link":"https:\/\/leatai.com\/sv\/product\/format-for-innersidor\/a5-innersidor\/lgp-rutade-anteckningssidor-l25k\/","title":{"rendered":"LGP &#8211; rutade anteckningssidor &#8211; L25K"},"content":{"rendered":"<p>Papper: reservoarpennav\u00e4nligt papper (mellanpapper)<br \/>\nStorlek: <a href=\"https:\/\/leatai.com\/sv\/faq\/vad-ar-8k-16k-och-25k-planeringsstorlekar-hur-stora-ar-de\/\" target=\"_blank\" rel=\"noopener\">25K (A5)<\/a> <a href=\"https:\/\/leatai.com\/sv\/faq\/vad-ar-8k-16k-och-25k-planeringsstorlekar-hur-stora-ar-de\/\" target=\"_blank\" rel=\"noopener\">(detaljerad beskrivning och j\u00e4mf\u00f6relsetabell f\u00f6r aff\u00e4rsdagboksstorlekar)<\/a><br \/>\nTjocklek: 80 lb (80 ark \/ 160 sidor per bok)<br \/>\nTryck: enf\u00e4rgat<br \/>\nInneh\u00e5ll: rutade anteckningssidor, \u00e4ven kallat rutpapper. F\u00f6r att m\u00f6ta olika behov har vi utformat v\u00e4nster och h\u00f6ger sida med olika design<\/p>\n<p>V\u00e4nster sida \u00e4r en enf\u00e4rgad linjesida, h\u00f6ger sida \u00e4r rutad. Linjeavst\u00e5ndet p\u00e5 b\u00e5da sidor \u00e4r 5 mm, och kategorif\u00e4ltet p\u00e5 v\u00e4nster sida \u00e4r 2,5 cm brett.<br \/>\nV\u00e4nster sida underl\u00e4ttar kategorisering av olika uppgifter, h\u00f6ger sida \u00e4r 5\u00d75 mm rutpapper, l\u00e4mpligt f\u00f6r ingenj\u00f6rer, konstn\u00e4rer, bullet journal-anv\u00e4ndare och m\u00e5nga andra behov.<\/p>\n<p>F\u00f6rsta och sista sidan har Leatai LOGO som visas i bilden till v\u00e4nster. Om Leatai LOGO inte \u00f6nskas betraktas det som en privat specialutg\u00e5va.<\/p>\n","protected":false},"excerpt":{"rendered":"<p>Papper: reservoarpennav\u00e4nligt papper (mellanpapper) Storlek: 25K (A5) (detaljerad beskrivning och j\u00e4mf\u00f6relsetabell f\u00f6r aff\u00e4rsdagboksstorlekar) Tjocklek: 80 lb (80 ark \/ 160 sidor per bok) Tryck: enf\u00e4rgat Inneh\u00e5ll: rutade anteckningssidor, \u00e4ven kallat rutpapper. F\u00f6r att m\u00f6ta olika behov har vi utformat v\u00e4nster och h\u00f6ger sida med olika design V\u00e4nster sida \u00e4r en enf\u00e4rgad linjesida, h\u00f6ger sida \u00e4r [&hellip;]<\/p>\n","protected":false},"featured_media":308549,"template":"","meta":{"_acf_changed":false},"product_brand":[],"product_cat":[979,1005],"product_tag":[1801,1818,1816],"home_works":[],"class_list":{"0":"post-308548","1":"product","2":"type-product","3":"status-publish","4":"has-post-thumbnail","6":"product_cat-format-for-innersidor","7":"product_cat-a5-innersidor","8":"product_tag-25k","9":"product_tag-a5","10":"product_tag-affarsdagbok-inlaga","12":"first","13":"instock","14":"sold-individually","15":"shipping-taxable","16":"purchasable","17":"product-type-simple"},"acf":[],"yoast_head":"<!-- This site is optimized with the Yoast SEO plugin v27.2 - https:\/\/yoast.com\/product\/yoast-seo-wordpress\/ -->\n<title>LGP - rutade anteckningssidor - L25K - Aff\u00e4rsdagbok inlaga- Leatai \u2013 Tillverkare av anpassade anteckningsb\u00f6cker<\/title>\n<meta name=\"description\" content=\"Aff\u00e4rsdagboksinlaga: rutade anteckningssidor, papper: reservoarpennav\u00e4nligt papper (mellanpapper), storlek: 25K (A5), tjocklek: 80 lb (80 ark \/ 160 sidor per bok), tryck: enf\u00e4rgat, inneh\u00e5ll: rutade anteckningssidor, v\u00e4nster och h\u00f6ger sida har olika layout.\" \/>\n<meta name=\"robots\" content=\"index, follow, max-snippet:-1, max-image-preview:large, max-video-preview:-1\" \/>\n<link rel=\"canonical\" href=\"https:\/\/leatai.com\/sv\/product\/format-for-innersidor\/a5-innersidor\/lgp-rutade-anteckningssidor-l25k\/\" \/>\n<meta property=\"og:locale\" content=\"sv_SE\" \/>\n<meta property=\"og:type\" content=\"article\" \/>\n<meta property=\"og:title\" content=\"LGP - rutade anteckningssidor - L25K - Aff\u00e4rsdagbok inlaga- Leatai \u2013 Tillverkare av anpassade anteckningsb\u00f6cker\" \/>\n<meta property=\"og:description\" content=\"Aff\u00e4rsdagboksinlaga: rutade anteckningssidor, papper: reservoarpennav\u00e4nligt papper (mellanpapper), storlek: 25K (A5), tjocklek: 80 lb (80 ark \/ 160 sidor per bok), tryck: enf\u00e4rgat, inneh\u00e5ll: rutade anteckningssidor, v\u00e4nster och h\u00f6ger sida har olika layout.\" \/>\n<meta property=\"og:url\" content=\"https:\/\/leatai.com\/sv\/product\/format-for-innersidor\/a5-innersidor\/lgp-rutade-anteckningssidor-l25k\/\" \/>\n<meta property=\"og:site_name\" content=\"Leatai \u2013 Tillverkare av anpassade anteckningsb\u00f6cker\" \/>\n<meta property=\"article:modified_time\" content=\"2026-04-23T06:31:47+00:00\" \/>\n<meta property=\"og:image\" content=\"https:\/\/leatai.com\/wp-content\/uploads\/2020_06_16_1346460.jpg\" \/>\n\t<meta property=\"og:image:width\" content=\"1000\" \/>\n\t<meta property=\"og:image:height\" content=\"713\" \/>\n\t<meta property=\"og:image:type\" content=\"image\/jpeg\" \/>\n<meta name=\"twitter:card\" content=\"summary_large_image\" \/>\n<meta name=\"twitter:label1\" content=\"Ber\u00e4knad l\u00e4stid\" \/>\n\t<meta name=\"twitter:data1\" content=\"1 minut\" \/>\n<script type=\"application\/ld+json\" class=\"yoast-schema-graph\">{\"@context\":\"https:\/\/schema.org\",\"@graph\":[{\"@type\":\"WebPage\",\"@id\":\"https:\/\/leatai.com\/sv\/product\/format-for-innersidor\/a5-innersidor\/lgp-rutade-anteckningssidor-l25k\/\",\"url\":\"https:\/\/leatai.com\/sv\/product\/format-for-innersidor\/a5-innersidor\/lgp-rutade-anteckningssidor-l25k\/\",\"name\":\"LGP - rutade anteckningssidor - L25K - Aff\u00e4rsdagbok inlaga- Leatai \u2013 Tillverkare av anpassade anteckningsb\u00f6cker\",\"isPartOf\":{\"@id\":\"https:\/\/leatai.com\/sv\/#website\"},\"primaryImageOfPage\":{\"@id\":\"https:\/\/leatai.com\/sv\/product\/format-for-innersidor\/a5-innersidor\/lgp-rutade-anteckningssidor-l25k\/#primaryimage\"},\"image\":{\"@id\":\"https:\/\/leatai.com\/sv\/product\/format-for-innersidor\/a5-innersidor\/lgp-rutade-anteckningssidor-l25k\/#primaryimage\"},\"thumbnailUrl\":\"https:\/\/leatai.com\/wp-content\/uploads\/2020_06_16_1346460.jpg\",\"datePublished\":\"2021-06-24T05:17:30+00:00\",\"dateModified\":\"2026-04-23T06:31:47+00:00\",\"description\":\"Aff\u00e4rsdagboksinlaga: rutade anteckningssidor, papper: reservoarpennav\u00e4nligt papper (mellanpapper), storlek: 25K (A5), tjocklek: 80 lb (80 ark \/ 160 sidor per bok), tryck: enf\u00e4rgat, inneh\u00e5ll: rutade anteckningssidor, v\u00e4nster och h\u00f6ger sida har olika layout.\",\"breadcrumb\":{\"@id\":\"https:\/\/leatai.com\/sv\/product\/format-for-innersidor\/a5-innersidor\/lgp-rutade-anteckningssidor-l25k\/#breadcrumb\"},\"inLanguage\":\"sv-SE\",\"potentialAction\":[{\"@type\":\"ReadAction\",\"target\":[\"https:\/\/leatai.com\/sv\/product\/format-for-innersidor\/a5-innersidor\/lgp-rutade-anteckningssidor-l25k\/\"]}]},{\"@type\":\"ImageObject\",\"inLanguage\":\"sv-SE\",\"@id\":\"https:\/\/leatai.com\/sv\/product\/format-for-innersidor\/a5-innersidor\/lgp-rutade-anteckningssidor-l25k\/#primaryimage\",\"url\":\"https:\/\/leatai.com\/wp-content\/uploads\/2020_06_16_1346460.jpg\",\"contentUrl\":\"https:\/\/leatai.com\/wp-content\/uploads\/2020_06_16_1346460.jpg\",\"width\":1000,\"height\":713,\"caption\":\"Aff\u00e4rsdagbok inlaga\"},{\"@type\":\"BreadcrumbList\",\"@id\":\"https:\/\/leatai.com\/sv\/product\/format-for-innersidor\/a5-innersidor\/lgp-rutade-anteckningssidor-l25k\/#breadcrumb\",\"itemListElement\":[{\"@type\":\"ListItem\",\"position\":1,\"name\":\"Home\",\"item\":\"https:\/\/leatai.com\/sv\/\"},{\"@type\":\"ListItem\",\"position\":2,\"name\":\"Produktpresentation\",\"item\":\"https:\/\/leatai.com\/products\/\"},{\"@type\":\"ListItem\",\"position\":3,\"name\":\"Format f\u00f6r Innersidor\",\"item\":\"https:\/\/leatai.com\/sv\/produkt-kategori\/format-for-innersidor\/\"},{\"@type\":\"ListItem\",\"position\":4,\"name\":\"A5 Innersidor\",\"item\":\"https:\/\/leatai.com\/sv\/produkt-kategori\/format-for-innersidor\/a5-innersidor\/\"},{\"@type\":\"ListItem\",\"position\":5,\"name\":\"LGP &#8211; rutade anteckningssidor &#8211; L25K\"}]},{\"@type\":\"WebSite\",\"@id\":\"https:\/\/leatai.com\/sv\/#website\",\"url\":\"https:\/\/leatai.com\/sv\/\",\"name\":\"Leatai \u2013 Tillverkare av anpassade anteckningsb\u00f6cker\",\"description\":\"Leatai erbjuder anpassade anteckningsb\u00f6cker och planeringsverktyg f\u00f6r varum\u00e4rken och distribut\u00f6rer \u00f6ver hela v\u00e4rlden.\",\"publisher\":{\"@id\":\"https:\/\/leatai.com\/sv\/#organization\"},\"potentialAction\":[{\"@type\":\"SearchAction\",\"target\":{\"@type\":\"EntryPoint\",\"urlTemplate\":\"https:\/\/leatai.com\/sv\/?s={search_term_string}\"},\"query-input\":{\"@type\":\"PropertyValueSpecification\",\"valueRequired\":true,\"valueName\":\"search_term_string\"}}],\"inLanguage\":\"sv-SE\"},{\"@type\":\"Organization\",\"@id\":\"https:\/\/leatai.com\/sv\/#organization\",\"name\":\"Leatai Diary, customized journal and business organizer\",\"url\":\"https:\/\/leatai.com\/sv\/\",\"logo\":{\"@type\":\"ImageObject\",\"inLanguage\":\"sv-SE\",\"@id\":\"https:\/\/leatai.com\/sv\/#\/schema\/logo\/image\/\",\"url\":\"https:\/\/leatai.com\/wp-content\/uploads\/logo-blue.png\",\"contentUrl\":\"https:\/\/leatai.com\/wp-content\/uploads\/logo-blue.png\",\"width\":230,\"height\":60,\"caption\":\"Leatai Diary, customized journal and business organizer\"},\"image\":{\"@id\":\"https:\/\/leatai.com\/sv\/#\/schema\/logo\/image\/\"},\"telephone\":\"+886-2-8227-8800\",\"legalName\":\"Leatai Stationary Co., Ltd.\",\"description\":\"A leading notebook factory in Taiwan offering bespoke branding, high-quality binding, and premium paper selections for corporate gifts and stationery wholesale.\",\"address\":{\"@type\":\"PostalAddress\",\"streetAddress\":\"11F., No. 168, Jiankang Rd.\",\"addressLocality\":\"Zhonghe Dist.\",\"addressRegion\":\"New Taipei City\",\"postalCode\":\"235\",\"addressCountry\":\"TW\"},\"contactPoint\":{\"@type\":\"ContactPoint\",\"telephone\":\"+886-2-8227-8800\",\"contactType\":\"sales\",\"areaServed\":\"Worldwide\",\"availableLanguage\":[\"zh-TW\",\"en\"]}}]}<\/script>\n<!-- \/ Yoast SEO plugin. -->","yoast_head_json":{"title":"LGP - rutade anteckningssidor - L25K - Aff\u00e4rsdagbok inlaga- Leatai \u2013 Tillverkare av anpassade anteckningsb\u00f6cker","description":"Aff\u00e4rsdagboksinlaga: rutade anteckningssidor, papper: reservoarpennav\u00e4nligt papper (mellanpapper), storlek: 25K (A5), tjocklek: 80 lb (80 ark \/ 160 sidor per bok), tryck: enf\u00e4rgat, inneh\u00e5ll: rutade anteckningssidor, v\u00e4nster och h\u00f6ger sida har olika layout.","robots":{"index":"index","follow":"follow","max-snippet":"max-snippet:-1","max-image-preview":"max-image-preview:large","max-video-preview":"max-video-preview:-1"},"canonical":"https:\/\/leatai.com\/sv\/product\/format-for-innersidor\/a5-innersidor\/lgp-rutade-anteckningssidor-l25k\/","og_locale":"sv_SE","og_type":"article","og_title":"LGP - rutade anteckningssidor - L25K - Aff\u00e4rsdagbok inlaga- Leatai \u2013 Tillverkare av anpassade anteckningsb\u00f6cker","og_description":"Aff\u00e4rsdagboksinlaga: rutade anteckningssidor, papper: reservoarpennav\u00e4nligt papper (mellanpapper), storlek: 25K (A5), tjocklek: 80 lb (80 ark \/ 160 sidor per bok), tryck: enf\u00e4rgat, inneh\u00e5ll: rutade anteckningssidor, v\u00e4nster och h\u00f6ger sida har olika layout.","og_url":"https:\/\/leatai.com\/sv\/product\/format-for-innersidor\/a5-innersidor\/lgp-rutade-anteckningssidor-l25k\/","og_site_name":"Leatai \u2013 Tillverkare av anpassade anteckningsb\u00f6cker","article_modified_time":"2026-04-23T06:31:47+00:00","og_image":[{"width":1000,"height":713,"url":"https:\/\/leatai.com\/wp-content\/uploads\/2020_06_16_1346460.jpg","type":"image\/jpeg"}],"twitter_card":"summary_large_image","twitter_misc":{"Ber\u00e4knad l\u00e4stid":"1 minut"},"schema":{"@context":"https:\/\/schema.org","@graph":[{"@type":"WebPage","@id":"https:\/\/leatai.com\/sv\/product\/format-for-innersidor\/a5-innersidor\/lgp-rutade-anteckningssidor-l25k\/","url":"https:\/\/leatai.com\/sv\/product\/format-for-innersidor\/a5-innersidor\/lgp-rutade-anteckningssidor-l25k\/","name":"LGP - rutade anteckningssidor - L25K - Aff\u00e4rsdagbok inlaga- Leatai \u2013 Tillverkare av anpassade anteckningsb\u00f6cker","isPartOf":{"@id":"https:\/\/leatai.com\/sv\/#website"},"primaryImageOfPage":{"@id":"https:\/\/leatai.com\/sv\/product\/format-for-innersidor\/a5-innersidor\/lgp-rutade-anteckningssidor-l25k\/#primaryimage"},"image":{"@id":"https:\/\/leatai.com\/sv\/product\/format-for-innersidor\/a5-innersidor\/lgp-rutade-anteckningssidor-l25k\/#primaryimage"},"thumbnailUrl":"https:\/\/leatai.com\/wp-content\/uploads\/2020_06_16_1346460.jpg","datePublished":"2021-06-24T05:17:30+00:00","dateModified":"2026-04-23T06:31:47+00:00","description":"Aff\u00e4rsdagboksinlaga: rutade anteckningssidor, papper: reservoarpennav\u00e4nligt papper (mellanpapper), storlek: 25K (A5), tjocklek: 80 lb (80 ark \/ 160 sidor per bok), tryck: enf\u00e4rgat, inneh\u00e5ll: rutade anteckningssidor, v\u00e4nster och h\u00f6ger sida har olika layout.","breadcrumb":{"@id":"https:\/\/leatai.com\/sv\/product\/format-for-innersidor\/a5-innersidor\/lgp-rutade-anteckningssidor-l25k\/#breadcrumb"},"inLanguage":"sv-SE","potentialAction":[{"@type":"ReadAction","target":["https:\/\/leatai.com\/sv\/product\/format-for-innersidor\/a5-innersidor\/lgp-rutade-anteckningssidor-l25k\/"]}]},{"@type":"ImageObject","inLanguage":"sv-SE","@id":"https:\/\/leatai.com\/sv\/product\/format-for-innersidor\/a5-innersidor\/lgp-rutade-anteckningssidor-l25k\/#primaryimage","url":"https:\/\/leatai.com\/wp-content\/uploads\/2020_06_16_1346460.jpg","contentUrl":"https:\/\/leatai.com\/wp-content\/uploads\/2020_06_16_1346460.jpg","width":1000,"height":713,"caption":"Aff\u00e4rsdagbok inlaga"},{"@type":"BreadcrumbList","@id":"https:\/\/leatai.com\/sv\/product\/format-for-innersidor\/a5-innersidor\/lgp-rutade-anteckningssidor-l25k\/#breadcrumb","itemListElement":[{"@type":"ListItem","position":1,"name":"Home","item":"https:\/\/leatai.com\/sv\/"},{"@type":"ListItem","position":2,"name":"Produktpresentation","item":"https:\/\/leatai.com\/products\/"},{"@type":"ListItem","position":3,"name":"Format f\u00f6r Innersidor","item":"https:\/\/leatai.com\/sv\/produkt-kategori\/format-for-innersidor\/"},{"@type":"ListItem","position":4,"name":"A5 Innersidor","item":"https:\/\/leatai.com\/sv\/produkt-kategori\/format-for-innersidor\/a5-innersidor\/"},{"@type":"ListItem","position":5,"name":"LGP &#8211; rutade anteckningssidor &#8211; L25K"}]},{"@type":"WebSite","@id":"https:\/\/leatai.com\/sv\/#website","url":"https:\/\/leatai.com\/sv\/","name":"Leatai \u2013 Tillverkare av anpassade anteckningsb\u00f6cker","description":"Leatai erbjuder anpassade anteckningsb\u00f6cker och planeringsverktyg f\u00f6r varum\u00e4rken och distribut\u00f6rer \u00f6ver hela v\u00e4rlden.","publisher":{"@id":"https:\/\/leatai.com\/sv\/#organization"},"potentialAction":[{"@type":"SearchAction","target":{"@type":"EntryPoint","urlTemplate":"https:\/\/leatai.com\/sv\/?s={search_term_string}"},"query-input":{"@type":"PropertyValueSpecification","valueRequired":true,"valueName":"search_term_string"}}],"inLanguage":"sv-SE"},{"@type":"Organization","@id":"https:\/\/leatai.com\/sv\/#organization","name":"Leatai Diary, customized journal and business organizer","url":"https:\/\/leatai.com\/sv\/","logo":{"@type":"ImageObject","inLanguage":"sv-SE","@id":"https:\/\/leatai.com\/sv\/#\/schema\/logo\/image\/","url":"https:\/\/leatai.com\/wp-content\/uploads\/logo-blue.png","contentUrl":"https:\/\/leatai.com\/wp-content\/uploads\/logo-blue.png","width":230,"height":60,"caption":"Leatai Diary, customized journal and business organizer"},"image":{"@id":"https:\/\/leatai.com\/sv\/#\/schema\/logo\/image\/"},"telephone":"+886-2-8227-8800","legalName":"Leatai Stationary Co., Ltd.","description":"A leading notebook factory in Taiwan offering bespoke branding, high-quality binding, and premium paper selections for corporate gifts and stationery wholesale.","address":{"@type":"PostalAddress","streetAddress":"11F., No. 168, Jiankang Rd.","addressLocality":"Zhonghe Dist.","addressRegion":"New Taipei City","postalCode":"235","addressCountry":"TW"},"contactPoint":{"@type":"ContactPoint","telephone":"+886-2-8227-8800","contactType":"sales","areaServed":"Worldwide","availableLanguage":["zh-TW","en"]}}]}},"_links":{"self":[{"href":"https:\/\/leatai.com\/sv\/wp-json\/wp\/v2\/product\/308548","targetHints":{"allow":["GET"]}}],"collection":[{"href":"https:\/\/leatai.com\/sv\/wp-json\/wp\/v2\/product"}],"about":[{"href":"https:\/\/leatai.com\/sv\/wp-json\/wp\/v2\/types\/product"}],"wp:featuredmedia":[{"embeddable":true,"href":"https:\/\/leatai.com\/sv\/wp-json\/wp\/v2\/media\/308549"}],"wp:attachment":[{"href":"https:\/\/leatai.com\/sv\/wp-json\/wp\/v2\/media?parent=308548"}],"wp:term":[{"taxonomy":"product_brand","embeddable":true,"href":"https:\/\/leatai.com\/sv\/wp-json\/wp\/v2\/product_brand?post=308548"},{"taxonomy":"product_cat","embeddable":true,"href":"https:\/\/leatai.com\/sv\/wp-json\/wp\/v2\/product_cat?post=308548"},{"taxonomy":"product_tag","embeddable":true,"href":"https:\/\/leatai.com\/sv\/wp-json\/wp\/v2\/product_tag?post=308548"},{"taxonomy":"home_works","embeddable":true,"href":"https:\/\/leatai.com\/sv\/wp-json\/wp\/v2\/home_works?post=308548"}],"curies":[{"name":"wp","href":"https:\/\/api.w.org\/{rel}","templated":true}]}}