{"id":308483,"date":"2021-06-24T13:22:22","date_gmt":"2021-06-24T05:22:22","guid":{"rendered":"https:\/\/leatai.com\/product\/okategoriserad\/somnad-pa-uppdrag\/"},"modified":"2026-04-22T17:19:07","modified_gmt":"2026-04-22T09:19:07","slug":"somnad-pa-uppdrag","status":"publish","type":"product","link":"https:\/\/leatai.com\/sv\/product\/annan-tillverkning\/somnad-pa-uppdrag\/","title":{"rendered":"S\u00f6mnad p\u00e5 uppdrag"},"content":{"rendered":"<p>OEM-tj\u00e4nst: s\u00f6mnad, beskrivning: I tillverkningsprocessen av aff\u00e4rsdagb\u00f6cker \u00e4r s\u00f6mnad ett moment som ofta f\u00f6rbises, och de flesta tillverkare l\u00e4gger ut det p\u00e5 extern part. Leatai har utrustning som kan sy tjocka material, och \u00e4kta l\u00e4derprodukter kan genomf\u00f6ras fr\u00e5n provframtagning och materialsk\u00e4rning till s\u00f6mnad i en och samma process.<\/p>\n<p><iframe title=\"Advanced Sewing Techniques\" width=\"800\" height=\"450\" src=\"https:\/\/www.youtube.com\/embed\/xzuFF4DMpJg?feature=oembed&#038;enablejsapi=1&#038;origin=https:\/\/leatai.com\" frameborder=\"0\" allow=\"accelerometer; autoplay; clipboard-write; encrypted-media; gyroscope; picture-in-picture; web-share\" referrerpolicy=\"strict-origin-when-cross-origin\" allowfullscreen><\/iframe><\/p>\n","protected":false},"excerpt":{"rendered":"<p>OEM-tj\u00e4nst: s\u00f6mnad, beskrivning: I tillverkningsprocessen av aff\u00e4rsdagb\u00f6cker \u00e4r s\u00f6mnad ett moment som ofta f\u00f6rbises, och de flesta tillverkare l\u00e4gger ut det p\u00e5 extern part. Leatai har utrustning som kan sy tjocka material, och \u00e4kta l\u00e4derprodukter kan genomf\u00f6ras fr\u00e5n provframtagning och materialsk\u00e4rning till s\u00f6mnad i en och samma process.<\/p>\n","protected":false},"featured_media":308484,"template":"","meta":{"_acf_changed":false},"product_brand":[],"product_cat":[1161],"product_tag":[],"home_works":[],"class_list":{"0":"post-308483","1":"product","2":"type-product","3":"status-publish","4":"has-post-thumbnail","6":"product_cat-annan-tillverkning","8":"first","9":"outofstock","10":"sold-individually","11":"shipping-taxable","12":"purchasable","13":"product-type-variable","14":"has-default-attributes"},"acf":[],"yoast_head":"<!-- This site is optimized with the Yoast SEO plugin v27.2 - https:\/\/yoast.com\/product\/yoast-seo-wordpress\/ -->\n<title>S\u00f6mnad p\u00e5 uppdrag - \u00c4ven tjockt \u00e4kta l\u00e4der beh\u00f6ver du inte oroa dig f\u00f6r - Leatai \u2013 Tillverkare av anpassade anteckningsb\u00f6cker<\/title>\n<meta name=\"description\" content=\"OEM-tj\u00e4nst: s\u00f6mnad, beskrivning: I tillverkningsprocessen av aff\u00e4rsdagb\u00f6cker \u00e4r s\u00f6mnad ett moment som ofta f\u00f6rbises, och de flesta tillverkare l\u00e4gger ut det p\u00e5 extern part. Leatai har utrustning som kan sy tjocka material, och \u00e4kta l\u00e4derprodukter kan genomf\u00f6ras fr\u00e5n provframtagning och materialsk\u00e4rning till s\u00f6mnad i en och samma process.\" \/>\n<meta name=\"robots\" content=\"index, follow, max-snippet:-1, max-image-preview:large, max-video-preview:-1\" \/>\n<link rel=\"canonical\" href=\"https:\/\/leatai.com\/sv\/product\/annan-tillverkning\/somnad-pa-uppdrag\/\" \/>\n<meta property=\"og:locale\" content=\"sv_SE\" \/>\n<meta property=\"og:type\" content=\"article\" \/>\n<meta property=\"og:title\" content=\"S\u00f6mnad p\u00e5 uppdrag - \u00c4ven tjockt \u00e4kta l\u00e4der beh\u00f6ver du inte oroa dig f\u00f6r - Leatai \u2013 Tillverkare av anpassade anteckningsb\u00f6cker\" \/>\n<meta property=\"og:description\" content=\"OEM-tj\u00e4nst: s\u00f6mnad, beskrivning: I tillverkningsprocessen av aff\u00e4rsdagb\u00f6cker \u00e4r s\u00f6mnad ett moment som ofta f\u00f6rbises, och de flesta tillverkare l\u00e4gger ut det p\u00e5 extern part. Leatai har utrustning som kan sy tjocka material, och \u00e4kta l\u00e4derprodukter kan genomf\u00f6ras fr\u00e5n provframtagning och materialsk\u00e4rning till s\u00f6mnad i en och samma process.\" \/>\n<meta property=\"og:url\" content=\"https:\/\/leatai.com\/sv\/product\/annan-tillverkning\/somnad-pa-uppdrag\/\" \/>\n<meta property=\"og:site_name\" content=\"Leatai \u2013 Tillverkare av anpassade anteckningsb\u00f6cker\" \/>\n<meta property=\"article:modified_time\" content=\"2026-04-22T09:19:07+00:00\" \/>\n<meta property=\"og:image\" content=\"https:\/\/leatai.com\/wp-content\/uploads\/2016_01_20_1501290.jpg\" \/>\n\t<meta property=\"og:image:width\" content=\"1000\" \/>\n\t<meta property=\"og:image:height\" content=\"750\" \/>\n\t<meta property=\"og:image:type\" content=\"image\/jpeg\" \/>\n<meta name=\"twitter:card\" content=\"summary_large_image\" \/>\n<meta name=\"twitter:label1\" content=\"Ber\u00e4knad l\u00e4stid\" \/>\n\t<meta name=\"twitter:data1\" content=\"1 minut\" \/>\n<script type=\"application\/ld+json\" class=\"yoast-schema-graph\">{\"@context\":\"https:\/\/schema.org\",\"@graph\":[{\"@type\":\"WebPage\",\"@id\":\"https:\/\/leatai.com\/sv\/product\/annan-tillverkning\/somnad-pa-uppdrag\/\",\"url\":\"https:\/\/leatai.com\/sv\/product\/annan-tillverkning\/somnad-pa-uppdrag\/\",\"name\":\"S\u00f6mnad p\u00e5 uppdrag - \u00c4ven tjockt \u00e4kta l\u00e4der beh\u00f6ver du inte oroa dig f\u00f6r - Leatai \u2013 Tillverkare av anpassade anteckningsb\u00f6cker\",\"isPartOf\":{\"@id\":\"https:\/\/leatai.com\/sv\/#website\"},\"primaryImageOfPage\":{\"@id\":\"https:\/\/leatai.com\/sv\/product\/annan-tillverkning\/somnad-pa-uppdrag\/#primaryimage\"},\"image\":{\"@id\":\"https:\/\/leatai.com\/sv\/product\/annan-tillverkning\/somnad-pa-uppdrag\/#primaryimage\"},\"thumbnailUrl\":\"https:\/\/leatai.com\/wp-content\/uploads\/2016_01_20_1501290.jpg\",\"datePublished\":\"2021-06-24T05:22:22+00:00\",\"dateModified\":\"2026-04-22T09:19:07+00:00\",\"description\":\"OEM-tj\u00e4nst: s\u00f6mnad, beskrivning: I tillverkningsprocessen av aff\u00e4rsdagb\u00f6cker \u00e4r s\u00f6mnad ett moment som ofta f\u00f6rbises, och de flesta tillverkare l\u00e4gger ut det p\u00e5 extern part. Leatai har utrustning som kan sy tjocka material, och \u00e4kta l\u00e4derprodukter kan genomf\u00f6ras fr\u00e5n provframtagning och materialsk\u00e4rning till s\u00f6mnad i en och samma process.\",\"breadcrumb\":{\"@id\":\"https:\/\/leatai.com\/sv\/product\/annan-tillverkning\/somnad-pa-uppdrag\/#breadcrumb\"},\"inLanguage\":\"sv-SE\",\"potentialAction\":[{\"@type\":\"ReadAction\",\"target\":[\"https:\/\/leatai.com\/sv\/product\/annan-tillverkning\/somnad-pa-uppdrag\/\"]}]},{\"@type\":\"ImageObject\",\"inLanguage\":\"sv-SE\",\"@id\":\"https:\/\/leatai.com\/sv\/product\/annan-tillverkning\/somnad-pa-uppdrag\/#primaryimage\",\"url\":\"https:\/\/leatai.com\/wp-content\/uploads\/2016_01_20_1501290.jpg\",\"contentUrl\":\"https:\/\/leatai.com\/wp-content\/uploads\/2016_01_20_1501290.jpg\",\"width\":1000,\"height\":750,\"caption\":\"S\u00f6mnad p\u00e5 uppdrag\"},{\"@type\":\"BreadcrumbList\",\"@id\":\"https:\/\/leatai.com\/sv\/product\/annan-tillverkning\/somnad-pa-uppdrag\/#breadcrumb\",\"itemListElement\":[{\"@type\":\"ListItem\",\"position\":1,\"name\":\"Home\",\"item\":\"https:\/\/leatai.com\/sv\/\"},{\"@type\":\"ListItem\",\"position\":2,\"name\":\"Produktpresentation\",\"item\":\"https:\/\/leatai.com\/products\/\"},{\"@type\":\"ListItem\",\"position\":3,\"name\":\"Annan tillverkning\",\"item\":\"https:\/\/leatai.com\/sv\/produkt-kategori\/annan-tillverkning\/\"},{\"@type\":\"ListItem\",\"position\":4,\"name\":\"S\u00f6mnad p\u00e5 uppdrag\"}]},{\"@type\":\"WebSite\",\"@id\":\"https:\/\/leatai.com\/sv\/#website\",\"url\":\"https:\/\/leatai.com\/sv\/\",\"name\":\"Leatai \u2013 Tillverkare av anpassade anteckningsb\u00f6cker\",\"description\":\"Leatai erbjuder anpassade anteckningsb\u00f6cker och planeringsverktyg f\u00f6r varum\u00e4rken och distribut\u00f6rer \u00f6ver hela v\u00e4rlden.\",\"publisher\":{\"@id\":\"https:\/\/leatai.com\/sv\/#organization\"},\"potentialAction\":[{\"@type\":\"SearchAction\",\"target\":{\"@type\":\"EntryPoint\",\"urlTemplate\":\"https:\/\/leatai.com\/sv\/?s={search_term_string}\"},\"query-input\":{\"@type\":\"PropertyValueSpecification\",\"valueRequired\":true,\"valueName\":\"search_term_string\"}}],\"inLanguage\":\"sv-SE\"},{\"@type\":\"Organization\",\"@id\":\"https:\/\/leatai.com\/sv\/#organization\",\"name\":\"Leatai Diary, customized journal and business organizer\",\"url\":\"https:\/\/leatai.com\/sv\/\",\"logo\":{\"@type\":\"ImageObject\",\"inLanguage\":\"sv-SE\",\"@id\":\"https:\/\/leatai.com\/sv\/#\/schema\/logo\/image\/\",\"url\":\"https:\/\/leatai.com\/wp-content\/uploads\/logo-blue.png\",\"contentUrl\":\"https:\/\/leatai.com\/wp-content\/uploads\/logo-blue.png\",\"width\":230,\"height\":60,\"caption\":\"Leatai Diary, customized journal and business organizer\"},\"image\":{\"@id\":\"https:\/\/leatai.com\/sv\/#\/schema\/logo\/image\/\"},\"telephone\":\"+886-2-8227-8800\",\"legalName\":\"Leatai Stationary Co., Ltd.\",\"description\":\"A leading notebook factory in Taiwan offering bespoke branding, high-quality binding, and premium paper selections for corporate gifts and stationery wholesale.\",\"address\":{\"@type\":\"PostalAddress\",\"streetAddress\":\"11F., No. 168, Jiankang Rd.\",\"addressLocality\":\"Zhonghe Dist.\",\"addressRegion\":\"New Taipei City\",\"postalCode\":\"235\",\"addressCountry\":\"TW\"},\"contactPoint\":{\"@type\":\"ContactPoint\",\"telephone\":\"+886-2-8227-8800\",\"contactType\":\"sales\",\"areaServed\":\"Worldwide\",\"availableLanguage\":[\"zh-TW\",\"en\"]}}]}<\/script>\n<!-- \/ Yoast SEO plugin. -->","yoast_head_json":{"title":"S\u00f6mnad p\u00e5 uppdrag - \u00c4ven tjockt \u00e4kta l\u00e4der beh\u00f6ver du inte oroa dig f\u00f6r - Leatai \u2013 Tillverkare av anpassade anteckningsb\u00f6cker","description":"OEM-tj\u00e4nst: s\u00f6mnad, beskrivning: I tillverkningsprocessen av aff\u00e4rsdagb\u00f6cker \u00e4r s\u00f6mnad ett moment som ofta f\u00f6rbises, och de flesta tillverkare l\u00e4gger ut det p\u00e5 extern part. Leatai har utrustning som kan sy tjocka material, och \u00e4kta l\u00e4derprodukter kan genomf\u00f6ras fr\u00e5n provframtagning och materialsk\u00e4rning till s\u00f6mnad i en och samma process.","robots":{"index":"index","follow":"follow","max-snippet":"max-snippet:-1","max-image-preview":"max-image-preview:large","max-video-preview":"max-video-preview:-1"},"canonical":"https:\/\/leatai.com\/sv\/product\/annan-tillverkning\/somnad-pa-uppdrag\/","og_locale":"sv_SE","og_type":"article","og_title":"S\u00f6mnad p\u00e5 uppdrag - \u00c4ven tjockt \u00e4kta l\u00e4der beh\u00f6ver du inte oroa dig f\u00f6r - Leatai \u2013 Tillverkare av anpassade anteckningsb\u00f6cker","og_description":"OEM-tj\u00e4nst: s\u00f6mnad, beskrivning: I tillverkningsprocessen av aff\u00e4rsdagb\u00f6cker \u00e4r s\u00f6mnad ett moment som ofta f\u00f6rbises, och de flesta tillverkare l\u00e4gger ut det p\u00e5 extern part. Leatai har utrustning som kan sy tjocka material, och \u00e4kta l\u00e4derprodukter kan genomf\u00f6ras fr\u00e5n provframtagning och materialsk\u00e4rning till s\u00f6mnad i en och samma process.","og_url":"https:\/\/leatai.com\/sv\/product\/annan-tillverkning\/somnad-pa-uppdrag\/","og_site_name":"Leatai \u2013 Tillverkare av anpassade anteckningsb\u00f6cker","article_modified_time":"2026-04-22T09:19:07+00:00","og_image":[{"width":1000,"height":750,"url":"https:\/\/leatai.com\/wp-content\/uploads\/2016_01_20_1501290.jpg","type":"image\/jpeg"}],"twitter_card":"summary_large_image","twitter_misc":{"Ber\u00e4knad l\u00e4stid":"1 minut"},"schema":{"@context":"https:\/\/schema.org","@graph":[{"@type":"WebPage","@id":"https:\/\/leatai.com\/sv\/product\/annan-tillverkning\/somnad-pa-uppdrag\/","url":"https:\/\/leatai.com\/sv\/product\/annan-tillverkning\/somnad-pa-uppdrag\/","name":"S\u00f6mnad p\u00e5 uppdrag - \u00c4ven tjockt \u00e4kta l\u00e4der beh\u00f6ver du inte oroa dig f\u00f6r - Leatai \u2013 Tillverkare av anpassade anteckningsb\u00f6cker","isPartOf":{"@id":"https:\/\/leatai.com\/sv\/#website"},"primaryImageOfPage":{"@id":"https:\/\/leatai.com\/sv\/product\/annan-tillverkning\/somnad-pa-uppdrag\/#primaryimage"},"image":{"@id":"https:\/\/leatai.com\/sv\/product\/annan-tillverkning\/somnad-pa-uppdrag\/#primaryimage"},"thumbnailUrl":"https:\/\/leatai.com\/wp-content\/uploads\/2016_01_20_1501290.jpg","datePublished":"2021-06-24T05:22:22+00:00","dateModified":"2026-04-22T09:19:07+00:00","description":"OEM-tj\u00e4nst: s\u00f6mnad, beskrivning: I tillverkningsprocessen av aff\u00e4rsdagb\u00f6cker \u00e4r s\u00f6mnad ett moment som ofta f\u00f6rbises, och de flesta tillverkare l\u00e4gger ut det p\u00e5 extern part. Leatai har utrustning som kan sy tjocka material, och \u00e4kta l\u00e4derprodukter kan genomf\u00f6ras fr\u00e5n provframtagning och materialsk\u00e4rning till s\u00f6mnad i en och samma process.","breadcrumb":{"@id":"https:\/\/leatai.com\/sv\/product\/annan-tillverkning\/somnad-pa-uppdrag\/#breadcrumb"},"inLanguage":"sv-SE","potentialAction":[{"@type":"ReadAction","target":["https:\/\/leatai.com\/sv\/product\/annan-tillverkning\/somnad-pa-uppdrag\/"]}]},{"@type":"ImageObject","inLanguage":"sv-SE","@id":"https:\/\/leatai.com\/sv\/product\/annan-tillverkning\/somnad-pa-uppdrag\/#primaryimage","url":"https:\/\/leatai.com\/wp-content\/uploads\/2016_01_20_1501290.jpg","contentUrl":"https:\/\/leatai.com\/wp-content\/uploads\/2016_01_20_1501290.jpg","width":1000,"height":750,"caption":"S\u00f6mnad p\u00e5 uppdrag"},{"@type":"BreadcrumbList","@id":"https:\/\/leatai.com\/sv\/product\/annan-tillverkning\/somnad-pa-uppdrag\/#breadcrumb","itemListElement":[{"@type":"ListItem","position":1,"name":"Home","item":"https:\/\/leatai.com\/sv\/"},{"@type":"ListItem","position":2,"name":"Produktpresentation","item":"https:\/\/leatai.com\/products\/"},{"@type":"ListItem","position":3,"name":"Annan tillverkning","item":"https:\/\/leatai.com\/sv\/produkt-kategori\/annan-tillverkning\/"},{"@type":"ListItem","position":4,"name":"S\u00f6mnad p\u00e5 uppdrag"}]},{"@type":"WebSite","@id":"https:\/\/leatai.com\/sv\/#website","url":"https:\/\/leatai.com\/sv\/","name":"Leatai \u2013 Tillverkare av anpassade anteckningsb\u00f6cker","description":"Leatai erbjuder anpassade anteckningsb\u00f6cker och planeringsverktyg f\u00f6r varum\u00e4rken och distribut\u00f6rer \u00f6ver hela v\u00e4rlden.","publisher":{"@id":"https:\/\/leatai.com\/sv\/#organization"},"potentialAction":[{"@type":"SearchAction","target":{"@type":"EntryPoint","urlTemplate":"https:\/\/leatai.com\/sv\/?s={search_term_string}"},"query-input":{"@type":"PropertyValueSpecification","valueRequired":true,"valueName":"search_term_string"}}],"inLanguage":"sv-SE"},{"@type":"Organization","@id":"https:\/\/leatai.com\/sv\/#organization","name":"Leatai Diary, customized journal and business organizer","url":"https:\/\/leatai.com\/sv\/","logo":{"@type":"ImageObject","inLanguage":"sv-SE","@id":"https:\/\/leatai.com\/sv\/#\/schema\/logo\/image\/","url":"https:\/\/leatai.com\/wp-content\/uploads\/logo-blue.png","contentUrl":"https:\/\/leatai.com\/wp-content\/uploads\/logo-blue.png","width":230,"height":60,"caption":"Leatai Diary, customized journal and business organizer"},"image":{"@id":"https:\/\/leatai.com\/sv\/#\/schema\/logo\/image\/"},"telephone":"+886-2-8227-8800","legalName":"Leatai Stationary Co., Ltd.","description":"A leading notebook factory in Taiwan offering bespoke branding, high-quality binding, and premium paper selections for corporate gifts and stationery wholesale.","address":{"@type":"PostalAddress","streetAddress":"11F., No. 168, Jiankang Rd.","addressLocality":"Zhonghe Dist.","addressRegion":"New Taipei City","postalCode":"235","addressCountry":"TW"},"contactPoint":{"@type":"ContactPoint","telephone":"+886-2-8227-8800","contactType":"sales","areaServed":"Worldwide","availableLanguage":["zh-TW","en"]}}]}},"_links":{"self":[{"href":"https:\/\/leatai.com\/sv\/wp-json\/wp\/v2\/product\/308483","targetHints":{"allow":["GET"]}}],"collection":[{"href":"https:\/\/leatai.com\/sv\/wp-json\/wp\/v2\/product"}],"about":[{"href":"https:\/\/leatai.com\/sv\/wp-json\/wp\/v2\/types\/product"}],"wp:featuredmedia":[{"embeddable":true,"href":"https:\/\/leatai.com\/sv\/wp-json\/wp\/v2\/media\/308484"}],"wp:attachment":[{"href":"https:\/\/leatai.com\/sv\/wp-json\/wp\/v2\/media?parent=308483"}],"wp:term":[{"taxonomy":"product_brand","embeddable":true,"href":"https:\/\/leatai.com\/sv\/wp-json\/wp\/v2\/product_brand?post=308483"},{"taxonomy":"product_cat","embeddable":true,"href":"https:\/\/leatai.com\/sv\/wp-json\/wp\/v2\/product_cat?post=308483"},{"taxonomy":"product_tag","embeddable":true,"href":"https:\/\/leatai.com\/sv\/wp-json\/wp\/v2\/product_tag?post=308483"},{"taxonomy":"home_works","embeddable":true,"href":"https:\/\/leatai.com\/sv\/wp-json\/wp\/v2\/home_works?post=308483"}],"curies":[{"name":"wp","href":"https:\/\/api.w.org\/{rel}","templated":true}]}}