{"id":308466,"date":"2021-06-24T13:21:17","date_gmt":"2021-06-24T05:21:17","guid":{"rendered":"https:\/\/leatai.com\/product\/okategoriserad\/uppskarning-skivning-och-remskarning-av-ladermaterial-pa-uppdrag\/"},"modified":"2026-04-22T17:33:29","modified_gmt":"2026-04-22T09:33:29","slug":"uppskarning-skivning-och-remskarning-av-ladermaterial-pa-uppdrag","status":"publish","type":"product","link":"https:\/\/leatai.com\/sv\/product\/annan-tillverkning\/uppskarning-skivning-och-remskarning-av-ladermaterial-pa-uppdrag\/","title":{"rendered":"Uppsk\u00e4rning, skivning och remsk\u00e4rning av l\u00e4dermaterial p\u00e5 uppdrag"},"content":{"rendered":"<p>OEM-tj\u00e4nst: uppsk\u00e4rning, skivning och remsk\u00e4rning av l\u00e4dermaterial<br \/>\nBeskrivning: Leatai \u00e4r en av f\u00e5 tillverkare av aff\u00e4rsdagb\u00f6cker i Taiwan som sj\u00e4lva kan hantera uppsk\u00e4rning och remsk\u00e4rning av l\u00e4der. Fr\u00e5n hela rullar av l\u00e4dermaterial som direkt placeras p\u00e5 arbetsbordet, anv\u00e4nds stora sk\u00e4rbord f\u00f6r att skiva och dela upp materialet i remsor, vilket direkt kan anpassas till efterf\u00f6ljande stansning eller s\u00f6mnadsprocesser.<\/p>\n<p><iframe title=\"Leather Slicing and Cutting\" width=\"800\" height=\"450\" src=\"https:\/\/www.youtube.com\/embed\/W2uRI2v_gFU?feature=oembed&#038;enablejsapi=1&#038;origin=https:\/\/leatai.com\" frameborder=\"0\" allow=\"accelerometer; autoplay; clipboard-write; encrypted-media; gyroscope; picture-in-picture; web-share\" referrerpolicy=\"strict-origin-when-cross-origin\" allowfullscreen><\/iframe><\/p>\n","protected":false},"excerpt":{"rendered":"<p>Uppsk\u00e4rning, skivning och remsk\u00e4rning av l\u00e4dermaterial p\u00e5 uppdrag<\/p>\n","protected":false},"featured_media":308467,"template":"","meta":{"_acf_changed":false},"product_brand":[],"product_cat":[1161],"product_tag":[],"home_works":[],"class_list":{"0":"post-308466","1":"product","2":"type-product","3":"status-publish","4":"has-post-thumbnail","6":"product_cat-annan-tillverkning","8":"first","9":"outofstock","10":"sold-individually","11":"shipping-taxable","12":"purchasable","13":"product-type-variable","14":"has-default-attributes"},"acf":[],"yoast_head":"<!-- This site is optimized with the Yoast SEO plugin v27.2 - https:\/\/yoast.com\/product\/yoast-seo-wordpress\/ -->\n<title>Uppsk\u00e4rning, skivning och remsk\u00e4rning av l\u00e4dermaterial p\u00e5 uppdrag - En av f\u00e5 tillverkare av aff\u00e4rsdagb\u00f6cker som sj\u00e4lva kan sk\u00e4ra material- Leatai \u2013 Tillverkare av anpassade anteckningsb\u00f6cker<\/title>\n<meta name=\"description\" content=\"OEM-tj\u00e4nst: uppsk\u00e4rning, skivning och remsk\u00e4rning av l\u00e4dermaterial, beskrivning: Leatai \u00e4r en av f\u00e5 tillverkare av aff\u00e4rsdagb\u00f6cker i Taiwan som sj\u00e4lva kan hantera uppsk\u00e4rning och remsk\u00e4rning av l\u00e4der. Fr\u00e5n hela rullar av l\u00e4dermaterial som direkt placeras p\u00e5 arbetsbordet, anv\u00e4nds stora sk\u00e4rbord f\u00f6r att skiva och dela upp materialet i remsor, vilket direkt kan anpassas till efterf\u00f6ljande stansning eller s\u00f6mnadsprocesser.\" \/>\n<meta name=\"robots\" content=\"index, follow, max-snippet:-1, max-image-preview:large, max-video-preview:-1\" \/>\n<link rel=\"canonical\" href=\"https:\/\/leatai.com\/sv\/product\/annan-tillverkning\/uppskarning-skivning-och-remskarning-av-ladermaterial-pa-uppdrag\/\" \/>\n<meta property=\"og:locale\" content=\"sv_SE\" \/>\n<meta property=\"og:type\" content=\"article\" \/>\n<meta property=\"og:title\" content=\"Uppsk\u00e4rning, skivning och remsk\u00e4rning av l\u00e4dermaterial p\u00e5 uppdrag - En av f\u00e5 tillverkare av aff\u00e4rsdagb\u00f6cker som sj\u00e4lva kan sk\u00e4ra material- Leatai \u2013 Tillverkare av anpassade anteckningsb\u00f6cker\" \/>\n<meta property=\"og:description\" content=\"OEM-tj\u00e4nst: uppsk\u00e4rning, skivning och remsk\u00e4rning av l\u00e4dermaterial, beskrivning: Leatai \u00e4r en av f\u00e5 tillverkare av aff\u00e4rsdagb\u00f6cker i Taiwan som sj\u00e4lva kan hantera uppsk\u00e4rning och remsk\u00e4rning av l\u00e4der. Fr\u00e5n hela rullar av l\u00e4dermaterial som direkt placeras p\u00e5 arbetsbordet, anv\u00e4nds stora sk\u00e4rbord f\u00f6r att skiva och dela upp materialet i remsor, vilket direkt kan anpassas till efterf\u00f6ljande stansning eller s\u00f6mnadsprocesser.\" \/>\n<meta property=\"og:url\" content=\"https:\/\/leatai.com\/sv\/product\/annan-tillverkning\/uppskarning-skivning-och-remskarning-av-ladermaterial-pa-uppdrag\/\" \/>\n<meta property=\"og:site_name\" content=\"Leatai \u2013 Tillverkare av anpassade anteckningsb\u00f6cker\" \/>\n<meta property=\"article:modified_time\" content=\"2026-04-22T09:33:29+00:00\" \/>\n<meta property=\"og:image\" content=\"https:\/\/leatai.com\/wp-content\/uploads\/2016_01_20_1817390.jpg\" \/>\n\t<meta property=\"og:image:width\" content=\"1000\" \/>\n\t<meta property=\"og:image:height\" content=\"750\" \/>\n\t<meta property=\"og:image:type\" content=\"image\/jpeg\" \/>\n<meta name=\"twitter:card\" content=\"summary_large_image\" \/>\n<meta name=\"twitter:label1\" content=\"Ber\u00e4knad l\u00e4stid\" \/>\n\t<meta name=\"twitter:data1\" content=\"1 minut\" \/>\n<script type=\"application\/ld+json\" class=\"yoast-schema-graph\">{\"@context\":\"https:\/\/schema.org\",\"@graph\":[{\"@type\":\"WebPage\",\"@id\":\"https:\/\/leatai.com\/sv\/product\/annan-tillverkning\/uppskarning-skivning-och-remskarning-av-ladermaterial-pa-uppdrag\/\",\"url\":\"https:\/\/leatai.com\/sv\/product\/annan-tillverkning\/uppskarning-skivning-och-remskarning-av-ladermaterial-pa-uppdrag\/\",\"name\":\"Uppsk\u00e4rning, skivning och remsk\u00e4rning av l\u00e4dermaterial p\u00e5 uppdrag - En av f\u00e5 tillverkare av aff\u00e4rsdagb\u00f6cker som sj\u00e4lva kan sk\u00e4ra material- Leatai \u2013 Tillverkare av anpassade anteckningsb\u00f6cker\",\"isPartOf\":{\"@id\":\"https:\/\/leatai.com\/sv\/#website\"},\"primaryImageOfPage\":{\"@id\":\"https:\/\/leatai.com\/sv\/product\/annan-tillverkning\/uppskarning-skivning-och-remskarning-av-ladermaterial-pa-uppdrag\/#primaryimage\"},\"image\":{\"@id\":\"https:\/\/leatai.com\/sv\/product\/annan-tillverkning\/uppskarning-skivning-och-remskarning-av-ladermaterial-pa-uppdrag\/#primaryimage\"},\"thumbnailUrl\":\"https:\/\/leatai.com\/wp-content\/uploads\/2016_01_20_1817390.jpg\",\"datePublished\":\"2021-06-24T05:21:17+00:00\",\"dateModified\":\"2026-04-22T09:33:29+00:00\",\"description\":\"OEM-tj\u00e4nst: uppsk\u00e4rning, skivning och remsk\u00e4rning av l\u00e4dermaterial, beskrivning: Leatai \u00e4r en av f\u00e5 tillverkare av aff\u00e4rsdagb\u00f6cker i Taiwan som sj\u00e4lva kan hantera uppsk\u00e4rning och remsk\u00e4rning av l\u00e4der. Fr\u00e5n hela rullar av l\u00e4dermaterial som direkt placeras p\u00e5 arbetsbordet, anv\u00e4nds stora sk\u00e4rbord f\u00f6r att skiva och dela upp materialet i remsor, vilket direkt kan anpassas till efterf\u00f6ljande stansning eller s\u00f6mnadsprocesser.\",\"breadcrumb\":{\"@id\":\"https:\/\/leatai.com\/sv\/product\/annan-tillverkning\/uppskarning-skivning-och-remskarning-av-ladermaterial-pa-uppdrag\/#breadcrumb\"},\"inLanguage\":\"sv-SE\",\"potentialAction\":[{\"@type\":\"ReadAction\",\"target\":[\"https:\/\/leatai.com\/sv\/product\/annan-tillverkning\/uppskarning-skivning-och-remskarning-av-ladermaterial-pa-uppdrag\/\"]}]},{\"@type\":\"ImageObject\",\"inLanguage\":\"sv-SE\",\"@id\":\"https:\/\/leatai.com\/sv\/product\/annan-tillverkning\/uppskarning-skivning-och-remskarning-av-ladermaterial-pa-uppdrag\/#primaryimage\",\"url\":\"https:\/\/leatai.com\/wp-content\/uploads\/2016_01_20_1817390.jpg\",\"contentUrl\":\"https:\/\/leatai.com\/wp-content\/uploads\/2016_01_20_1817390.jpg\",\"width\":1000,\"height\":750,\"caption\":\"Uppsk\u00e4rning, skivning och remsk\u00e4rning av l\u00e4dermaterial p\u00e5 uppdrag\"},{\"@type\":\"BreadcrumbList\",\"@id\":\"https:\/\/leatai.com\/sv\/product\/annan-tillverkning\/uppskarning-skivning-och-remskarning-av-ladermaterial-pa-uppdrag\/#breadcrumb\",\"itemListElement\":[{\"@type\":\"ListItem\",\"position\":1,\"name\":\"Home\",\"item\":\"https:\/\/leatai.com\/sv\/\"},{\"@type\":\"ListItem\",\"position\":2,\"name\":\"Produktpresentation\",\"item\":\"https:\/\/leatai.com\/products\/\"},{\"@type\":\"ListItem\",\"position\":3,\"name\":\"Annan tillverkning\",\"item\":\"https:\/\/leatai.com\/sv\/produkt-kategori\/annan-tillverkning\/\"},{\"@type\":\"ListItem\",\"position\":4,\"name\":\"Uppsk\u00e4rning, skivning och remsk\u00e4rning av l\u00e4dermaterial p\u00e5 uppdrag\"}]},{\"@type\":\"WebSite\",\"@id\":\"https:\/\/leatai.com\/sv\/#website\",\"url\":\"https:\/\/leatai.com\/sv\/\",\"name\":\"Leatai \u2013 Tillverkare av anpassade anteckningsb\u00f6cker\",\"description\":\"Leatai erbjuder anpassade anteckningsb\u00f6cker och planeringsverktyg f\u00f6r varum\u00e4rken och distribut\u00f6rer \u00f6ver hela v\u00e4rlden.\",\"publisher\":{\"@id\":\"https:\/\/leatai.com\/sv\/#organization\"},\"potentialAction\":[{\"@type\":\"SearchAction\",\"target\":{\"@type\":\"EntryPoint\",\"urlTemplate\":\"https:\/\/leatai.com\/sv\/?s={search_term_string}\"},\"query-input\":{\"@type\":\"PropertyValueSpecification\",\"valueRequired\":true,\"valueName\":\"search_term_string\"}}],\"inLanguage\":\"sv-SE\"},{\"@type\":\"Organization\",\"@id\":\"https:\/\/leatai.com\/sv\/#organization\",\"name\":\"Leatai Diary, customized journal and business organizer\",\"url\":\"https:\/\/leatai.com\/sv\/\",\"logo\":{\"@type\":\"ImageObject\",\"inLanguage\":\"sv-SE\",\"@id\":\"https:\/\/leatai.com\/sv\/#\/schema\/logo\/image\/\",\"url\":\"https:\/\/leatai.com\/wp-content\/uploads\/logo-blue.png\",\"contentUrl\":\"https:\/\/leatai.com\/wp-content\/uploads\/logo-blue.png\",\"width\":230,\"height\":60,\"caption\":\"Leatai Diary, customized journal and business organizer\"},\"image\":{\"@id\":\"https:\/\/leatai.com\/sv\/#\/schema\/logo\/image\/\"},\"telephone\":\"+886-2-8227-8800\",\"legalName\":\"Leatai Stationary Co., Ltd.\",\"description\":\"A leading notebook factory in Taiwan offering bespoke branding, high-quality binding, and premium paper selections for corporate gifts and stationery wholesale.\",\"address\":{\"@type\":\"PostalAddress\",\"streetAddress\":\"11F., No. 168, Jiankang Rd.\",\"addressLocality\":\"Zhonghe Dist.\",\"addressRegion\":\"New Taipei City\",\"postalCode\":\"235\",\"addressCountry\":\"TW\"},\"contactPoint\":{\"@type\":\"ContactPoint\",\"telephone\":\"+886-2-8227-8800\",\"contactType\":\"sales\",\"areaServed\":\"Worldwide\",\"availableLanguage\":[\"zh-TW\",\"en\"]}}]}<\/script>\n<!-- \/ Yoast SEO plugin. -->","yoast_head_json":{"title":"Uppsk\u00e4rning, skivning och remsk\u00e4rning av l\u00e4dermaterial p\u00e5 uppdrag - En av f\u00e5 tillverkare av aff\u00e4rsdagb\u00f6cker som sj\u00e4lva kan sk\u00e4ra material- Leatai \u2013 Tillverkare av anpassade anteckningsb\u00f6cker","description":"OEM-tj\u00e4nst: uppsk\u00e4rning, skivning och remsk\u00e4rning av l\u00e4dermaterial, beskrivning: Leatai \u00e4r en av f\u00e5 tillverkare av aff\u00e4rsdagb\u00f6cker i Taiwan som sj\u00e4lva kan hantera uppsk\u00e4rning och remsk\u00e4rning av l\u00e4der. Fr\u00e5n hela rullar av l\u00e4dermaterial som direkt placeras p\u00e5 arbetsbordet, anv\u00e4nds stora sk\u00e4rbord f\u00f6r att skiva och dela upp materialet i remsor, vilket direkt kan anpassas till efterf\u00f6ljande stansning eller s\u00f6mnadsprocesser.","robots":{"index":"index","follow":"follow","max-snippet":"max-snippet:-1","max-image-preview":"max-image-preview:large","max-video-preview":"max-video-preview:-1"},"canonical":"https:\/\/leatai.com\/sv\/product\/annan-tillverkning\/uppskarning-skivning-och-remskarning-av-ladermaterial-pa-uppdrag\/","og_locale":"sv_SE","og_type":"article","og_title":"Uppsk\u00e4rning, skivning och remsk\u00e4rning av l\u00e4dermaterial p\u00e5 uppdrag - En av f\u00e5 tillverkare av aff\u00e4rsdagb\u00f6cker som sj\u00e4lva kan sk\u00e4ra material- Leatai \u2013 Tillverkare av anpassade anteckningsb\u00f6cker","og_description":"OEM-tj\u00e4nst: uppsk\u00e4rning, skivning och remsk\u00e4rning av l\u00e4dermaterial, beskrivning: Leatai \u00e4r en av f\u00e5 tillverkare av aff\u00e4rsdagb\u00f6cker i Taiwan som sj\u00e4lva kan hantera uppsk\u00e4rning och remsk\u00e4rning av l\u00e4der. Fr\u00e5n hela rullar av l\u00e4dermaterial som direkt placeras p\u00e5 arbetsbordet, anv\u00e4nds stora sk\u00e4rbord f\u00f6r att skiva och dela upp materialet i remsor, vilket direkt kan anpassas till efterf\u00f6ljande stansning eller s\u00f6mnadsprocesser.","og_url":"https:\/\/leatai.com\/sv\/product\/annan-tillverkning\/uppskarning-skivning-och-remskarning-av-ladermaterial-pa-uppdrag\/","og_site_name":"Leatai \u2013 Tillverkare av anpassade anteckningsb\u00f6cker","article_modified_time":"2026-04-22T09:33:29+00:00","og_image":[{"width":1000,"height":750,"url":"https:\/\/leatai.com\/wp-content\/uploads\/2016_01_20_1817390.jpg","type":"image\/jpeg"}],"twitter_card":"summary_large_image","twitter_misc":{"Ber\u00e4knad l\u00e4stid":"1 minut"},"schema":{"@context":"https:\/\/schema.org","@graph":[{"@type":"WebPage","@id":"https:\/\/leatai.com\/sv\/product\/annan-tillverkning\/uppskarning-skivning-och-remskarning-av-ladermaterial-pa-uppdrag\/","url":"https:\/\/leatai.com\/sv\/product\/annan-tillverkning\/uppskarning-skivning-och-remskarning-av-ladermaterial-pa-uppdrag\/","name":"Uppsk\u00e4rning, skivning och remsk\u00e4rning av l\u00e4dermaterial p\u00e5 uppdrag - En av f\u00e5 tillverkare av aff\u00e4rsdagb\u00f6cker som sj\u00e4lva kan sk\u00e4ra material- Leatai \u2013 Tillverkare av anpassade anteckningsb\u00f6cker","isPartOf":{"@id":"https:\/\/leatai.com\/sv\/#website"},"primaryImageOfPage":{"@id":"https:\/\/leatai.com\/sv\/product\/annan-tillverkning\/uppskarning-skivning-och-remskarning-av-ladermaterial-pa-uppdrag\/#primaryimage"},"image":{"@id":"https:\/\/leatai.com\/sv\/product\/annan-tillverkning\/uppskarning-skivning-och-remskarning-av-ladermaterial-pa-uppdrag\/#primaryimage"},"thumbnailUrl":"https:\/\/leatai.com\/wp-content\/uploads\/2016_01_20_1817390.jpg","datePublished":"2021-06-24T05:21:17+00:00","dateModified":"2026-04-22T09:33:29+00:00","description":"OEM-tj\u00e4nst: uppsk\u00e4rning, skivning och remsk\u00e4rning av l\u00e4dermaterial, beskrivning: Leatai \u00e4r en av f\u00e5 tillverkare av aff\u00e4rsdagb\u00f6cker i Taiwan som sj\u00e4lva kan hantera uppsk\u00e4rning och remsk\u00e4rning av l\u00e4der. Fr\u00e5n hela rullar av l\u00e4dermaterial som direkt placeras p\u00e5 arbetsbordet, anv\u00e4nds stora sk\u00e4rbord f\u00f6r att skiva och dela upp materialet i remsor, vilket direkt kan anpassas till efterf\u00f6ljande stansning eller s\u00f6mnadsprocesser.","breadcrumb":{"@id":"https:\/\/leatai.com\/sv\/product\/annan-tillverkning\/uppskarning-skivning-och-remskarning-av-ladermaterial-pa-uppdrag\/#breadcrumb"},"inLanguage":"sv-SE","potentialAction":[{"@type":"ReadAction","target":["https:\/\/leatai.com\/sv\/product\/annan-tillverkning\/uppskarning-skivning-och-remskarning-av-ladermaterial-pa-uppdrag\/"]}]},{"@type":"ImageObject","inLanguage":"sv-SE","@id":"https:\/\/leatai.com\/sv\/product\/annan-tillverkning\/uppskarning-skivning-och-remskarning-av-ladermaterial-pa-uppdrag\/#primaryimage","url":"https:\/\/leatai.com\/wp-content\/uploads\/2016_01_20_1817390.jpg","contentUrl":"https:\/\/leatai.com\/wp-content\/uploads\/2016_01_20_1817390.jpg","width":1000,"height":750,"caption":"Uppsk\u00e4rning, skivning och remsk\u00e4rning av l\u00e4dermaterial p\u00e5 uppdrag"},{"@type":"BreadcrumbList","@id":"https:\/\/leatai.com\/sv\/product\/annan-tillverkning\/uppskarning-skivning-och-remskarning-av-ladermaterial-pa-uppdrag\/#breadcrumb","itemListElement":[{"@type":"ListItem","position":1,"name":"Home","item":"https:\/\/leatai.com\/sv\/"},{"@type":"ListItem","position":2,"name":"Produktpresentation","item":"https:\/\/leatai.com\/products\/"},{"@type":"ListItem","position":3,"name":"Annan tillverkning","item":"https:\/\/leatai.com\/sv\/produkt-kategori\/annan-tillverkning\/"},{"@type":"ListItem","position":4,"name":"Uppsk\u00e4rning, skivning och remsk\u00e4rning av l\u00e4dermaterial p\u00e5 uppdrag"}]},{"@type":"WebSite","@id":"https:\/\/leatai.com\/sv\/#website","url":"https:\/\/leatai.com\/sv\/","name":"Leatai \u2013 Tillverkare av anpassade anteckningsb\u00f6cker","description":"Leatai erbjuder anpassade anteckningsb\u00f6cker och planeringsverktyg f\u00f6r varum\u00e4rken och distribut\u00f6rer \u00f6ver hela v\u00e4rlden.","publisher":{"@id":"https:\/\/leatai.com\/sv\/#organization"},"potentialAction":[{"@type":"SearchAction","target":{"@type":"EntryPoint","urlTemplate":"https:\/\/leatai.com\/sv\/?s={search_term_string}"},"query-input":{"@type":"PropertyValueSpecification","valueRequired":true,"valueName":"search_term_string"}}],"inLanguage":"sv-SE"},{"@type":"Organization","@id":"https:\/\/leatai.com\/sv\/#organization","name":"Leatai Diary, customized journal and business organizer","url":"https:\/\/leatai.com\/sv\/","logo":{"@type":"ImageObject","inLanguage":"sv-SE","@id":"https:\/\/leatai.com\/sv\/#\/schema\/logo\/image\/","url":"https:\/\/leatai.com\/wp-content\/uploads\/logo-blue.png","contentUrl":"https:\/\/leatai.com\/wp-content\/uploads\/logo-blue.png","width":230,"height":60,"caption":"Leatai Diary, customized journal and business organizer"},"image":{"@id":"https:\/\/leatai.com\/sv\/#\/schema\/logo\/image\/"},"telephone":"+886-2-8227-8800","legalName":"Leatai Stationary Co., Ltd.","description":"A leading notebook factory in Taiwan offering bespoke branding, high-quality binding, and premium paper selections for corporate gifts and stationery wholesale.","address":{"@type":"PostalAddress","streetAddress":"11F., No. 168, Jiankang Rd.","addressLocality":"Zhonghe Dist.","addressRegion":"New Taipei City","postalCode":"235","addressCountry":"TW"},"contactPoint":{"@type":"ContactPoint","telephone":"+886-2-8227-8800","contactType":"sales","areaServed":"Worldwide","availableLanguage":["zh-TW","en"]}}]}},"_links":{"self":[{"href":"https:\/\/leatai.com\/sv\/wp-json\/wp\/v2\/product\/308466","targetHints":{"allow":["GET"]}}],"collection":[{"href":"https:\/\/leatai.com\/sv\/wp-json\/wp\/v2\/product"}],"about":[{"href":"https:\/\/leatai.com\/sv\/wp-json\/wp\/v2\/types\/product"}],"wp:featuredmedia":[{"embeddable":true,"href":"https:\/\/leatai.com\/sv\/wp-json\/wp\/v2\/media\/308467"}],"wp:attachment":[{"href":"https:\/\/leatai.com\/sv\/wp-json\/wp\/v2\/media?parent=308466"}],"wp:term":[{"taxonomy":"product_brand","embeddable":true,"href":"https:\/\/leatai.com\/sv\/wp-json\/wp\/v2\/product_brand?post=308466"},{"taxonomy":"product_cat","embeddable":true,"href":"https:\/\/leatai.com\/sv\/wp-json\/wp\/v2\/product_cat?post=308466"},{"taxonomy":"product_tag","embeddable":true,"href":"https:\/\/leatai.com\/sv\/wp-json\/wp\/v2\/product_tag?post=308466"},{"taxonomy":"home_works","embeddable":true,"href":"https:\/\/leatai.com\/sv\/wp-json\/wp\/v2\/home_works?post=308466"}],"curies":[{"name":"wp","href":"https:\/\/api.w.org\/{rel}","templated":true}]}}