{"id":308457,"date":"2021-06-24T13:22:00","date_gmt":"2021-06-24T05:22:00","guid":{"rendered":"https:\/\/leatai.com\/product\/okategoriserad\/laminering-av-ladermaterial-pa-uppdrag\/"},"modified":"2026-04-22T17:16:46","modified_gmt":"2026-04-22T09:16:46","slug":"laminering-av-ladermaterial-pa-uppdrag","status":"publish","type":"product","link":"https:\/\/leatai.com\/sv\/product\/annan-tillverkning\/laminering-av-ladermaterial-pa-uppdrag\/","title":{"rendered":"Laminering av l\u00e4dermaterial p\u00e5 uppdrag"},"content":{"rendered":"<p>OEM-tj\u00e4nst: laminering av l\u00e4dermaterial<br \/>\nBeskrivning: Efter att l\u00e4dret har skurits till l\u00e4mplig storlek beh\u00f6ver det limmas och f\u00e4stas p\u00e5 andra material f\u00f6r att kunna g\u00e5 vidare till n\u00e4sta bearbetningssteg. Olika material kr\u00e4ver olika typer av lim. Det ser enkelt ut, men \u00e4r i sj\u00e4lva verket en mycket komplex process.<\/p>\n<p><iframe title=\"Leather Gluing and Bonding\" width=\"800\" height=\"450\" src=\"https:\/\/www.youtube.com\/embed\/g-Tz9qr5Liw?feature=oembed&#038;enablejsapi=1&#038;origin=https:\/\/leatai.com\" frameborder=\"0\" allow=\"accelerometer; autoplay; clipboard-write; encrypted-media; gyroscope; picture-in-picture; web-share\" referrerpolicy=\"strict-origin-when-cross-origin\" allowfullscreen><\/iframe><\/p>\n","protected":false},"excerpt":{"rendered":"<p>OEM-tj\u00e4nst: laminering av l\u00e4dermaterial Beskrivning: Efter att l\u00e4dret har skurits till l\u00e4mplig storlek beh\u00f6ver det limmas och f\u00e4stas p\u00e5 andra material f\u00f6r att kunna g\u00e5 vidare till n\u00e4sta bearbetningssteg. Olika material kr\u00e4ver olika typer av lim. Det ser enkelt ut, men \u00e4r i sj\u00e4lva verket en mycket komplex process.<\/p>\n","protected":false},"featured_media":308458,"template":"","meta":{"_acf_changed":false},"product_brand":[],"product_cat":[1161],"product_tag":[],"home_works":[],"class_list":{"0":"post-308457","1":"product","2":"type-product","3":"status-publish","4":"has-post-thumbnail","6":"product_cat-annan-tillverkning","8":"first","9":"outofstock","10":"sold-individually","11":"shipping-taxable","12":"purchasable","13":"product-type-variable","14":"has-default-attributes"},"acf":[],"yoast_head":"<!-- This site is optimized with the Yoast SEO plugin v27.2 - https:\/\/yoast.com\/product\/yoast-seo-wordpress\/ -->\n<title>Laminering av l\u00e4dermaterial p\u00e5 uppdrag - Leatai \u2013 Tillverkare av anpassade anteckningsb\u00f6cker<\/title>\n<meta name=\"description\" content=\"OEM-tj\u00e4nst: laminering av l\u00e4dermaterial, beskrivning: Efter att l\u00e4dret har skurits till l\u00e4mplig storlek beh\u00f6ver det limmas och f\u00e4stas p\u00e5 andra material f\u00f6r att kunna g\u00e5 vidare till n\u00e4sta bearbetningssteg. Olika material kr\u00e4ver olika typer av lim. Det ser enkelt ut, men \u00e4r i sj\u00e4lva verket en mycket komplex process.\" \/>\n<meta name=\"robots\" content=\"index, follow, max-snippet:-1, max-image-preview:large, max-video-preview:-1\" \/>\n<link rel=\"canonical\" href=\"https:\/\/leatai.com\/sv\/product\/annan-tillverkning\/laminering-av-ladermaterial-pa-uppdrag\/\" \/>\n<meta property=\"og:locale\" content=\"sv_SE\" \/>\n<meta property=\"og:type\" content=\"article\" \/>\n<meta property=\"og:title\" content=\"Laminering av l\u00e4dermaterial p\u00e5 uppdrag - Leatai \u2013 Tillverkare av anpassade anteckningsb\u00f6cker\" \/>\n<meta property=\"og:description\" content=\"OEM-tj\u00e4nst: laminering av l\u00e4dermaterial, beskrivning: Efter att l\u00e4dret har skurits till l\u00e4mplig storlek beh\u00f6ver det limmas och f\u00e4stas p\u00e5 andra material f\u00f6r att kunna g\u00e5 vidare till n\u00e4sta bearbetningssteg. Olika material kr\u00e4ver olika typer av lim. Det ser enkelt ut, men \u00e4r i sj\u00e4lva verket en mycket komplex process.\" \/>\n<meta property=\"og:url\" content=\"https:\/\/leatai.com\/sv\/product\/annan-tillverkning\/laminering-av-ladermaterial-pa-uppdrag\/\" \/>\n<meta property=\"og:site_name\" content=\"Leatai \u2013 Tillverkare av anpassade anteckningsb\u00f6cker\" \/>\n<meta property=\"article:modified_time\" content=\"2026-04-22T09:16:46+00:00\" \/>\n<meta property=\"og:image\" content=\"https:\/\/leatai.com\/wp-content\/uploads\/2016_01_20_1509170.jpg\" \/>\n\t<meta property=\"og:image:width\" content=\"1000\" \/>\n\t<meta property=\"og:image:height\" content=\"750\" \/>\n\t<meta property=\"og:image:type\" content=\"image\/jpeg\" \/>\n<meta name=\"twitter:card\" content=\"summary_large_image\" \/>\n<meta name=\"twitter:label1\" content=\"Ber\u00e4knad l\u00e4stid\" \/>\n\t<meta name=\"twitter:data1\" content=\"1 minut\" \/>\n<script type=\"application\/ld+json\" class=\"yoast-schema-graph\">{\"@context\":\"https:\/\/schema.org\",\"@graph\":[{\"@type\":\"WebPage\",\"@id\":\"https:\/\/leatai.com\/sv\/product\/annan-tillverkning\/laminering-av-ladermaterial-pa-uppdrag\/\",\"url\":\"https:\/\/leatai.com\/sv\/product\/annan-tillverkning\/laminering-av-ladermaterial-pa-uppdrag\/\",\"name\":\"Laminering av l\u00e4dermaterial p\u00e5 uppdrag - Leatai \u2013 Tillverkare av anpassade anteckningsb\u00f6cker\",\"isPartOf\":{\"@id\":\"https:\/\/leatai.com\/sv\/#website\"},\"primaryImageOfPage\":{\"@id\":\"https:\/\/leatai.com\/sv\/product\/annan-tillverkning\/laminering-av-ladermaterial-pa-uppdrag\/#primaryimage\"},\"image\":{\"@id\":\"https:\/\/leatai.com\/sv\/product\/annan-tillverkning\/laminering-av-ladermaterial-pa-uppdrag\/#primaryimage\"},\"thumbnailUrl\":\"https:\/\/leatai.com\/wp-content\/uploads\/2016_01_20_1509170.jpg\",\"datePublished\":\"2021-06-24T05:22:00+00:00\",\"dateModified\":\"2026-04-22T09:16:46+00:00\",\"description\":\"OEM-tj\u00e4nst: laminering av l\u00e4dermaterial, beskrivning: Efter att l\u00e4dret har skurits till l\u00e4mplig storlek beh\u00f6ver det limmas och f\u00e4stas p\u00e5 andra material f\u00f6r att kunna g\u00e5 vidare till n\u00e4sta bearbetningssteg. Olika material kr\u00e4ver olika typer av lim. Det ser enkelt ut, men \u00e4r i sj\u00e4lva verket en mycket komplex process.\",\"breadcrumb\":{\"@id\":\"https:\/\/leatai.com\/sv\/product\/annan-tillverkning\/laminering-av-ladermaterial-pa-uppdrag\/#breadcrumb\"},\"inLanguage\":\"sv-SE\",\"potentialAction\":[{\"@type\":\"ReadAction\",\"target\":[\"https:\/\/leatai.com\/sv\/product\/annan-tillverkning\/laminering-av-ladermaterial-pa-uppdrag\/\"]}]},{\"@type\":\"ImageObject\",\"inLanguage\":\"sv-SE\",\"@id\":\"https:\/\/leatai.com\/sv\/product\/annan-tillverkning\/laminering-av-ladermaterial-pa-uppdrag\/#primaryimage\",\"url\":\"https:\/\/leatai.com\/wp-content\/uploads\/2016_01_20_1509170.jpg\",\"contentUrl\":\"https:\/\/leatai.com\/wp-content\/uploads\/2016_01_20_1509170.jpg\",\"width\":1000,\"height\":750,\"caption\":\"Laminering av l\u00e4dermaterial p\u00e5 uppdrag\"},{\"@type\":\"BreadcrumbList\",\"@id\":\"https:\/\/leatai.com\/sv\/product\/annan-tillverkning\/laminering-av-ladermaterial-pa-uppdrag\/#breadcrumb\",\"itemListElement\":[{\"@type\":\"ListItem\",\"position\":1,\"name\":\"Home\",\"item\":\"https:\/\/leatai.com\/sv\/\"},{\"@type\":\"ListItem\",\"position\":2,\"name\":\"Produktpresentation\",\"item\":\"https:\/\/leatai.com\/products\/\"},{\"@type\":\"ListItem\",\"position\":3,\"name\":\"Annan tillverkning\",\"item\":\"https:\/\/leatai.com\/sv\/produkt-kategori\/annan-tillverkning\/\"},{\"@type\":\"ListItem\",\"position\":4,\"name\":\"Laminering av l\u00e4dermaterial p\u00e5 uppdrag\"}]},{\"@type\":\"WebSite\",\"@id\":\"https:\/\/leatai.com\/sv\/#website\",\"url\":\"https:\/\/leatai.com\/sv\/\",\"name\":\"Leatai \u2013 Tillverkare av anpassade anteckningsb\u00f6cker\",\"description\":\"Leatai erbjuder anpassade anteckningsb\u00f6cker och planeringsverktyg f\u00f6r varum\u00e4rken och distribut\u00f6rer \u00f6ver hela v\u00e4rlden.\",\"publisher\":{\"@id\":\"https:\/\/leatai.com\/sv\/#organization\"},\"potentialAction\":[{\"@type\":\"SearchAction\",\"target\":{\"@type\":\"EntryPoint\",\"urlTemplate\":\"https:\/\/leatai.com\/sv\/?s={search_term_string}\"},\"query-input\":{\"@type\":\"PropertyValueSpecification\",\"valueRequired\":true,\"valueName\":\"search_term_string\"}}],\"inLanguage\":\"sv-SE\"},{\"@type\":\"Organization\",\"@id\":\"https:\/\/leatai.com\/sv\/#organization\",\"name\":\"Leatai Diary, customized journal and business organizer\",\"url\":\"https:\/\/leatai.com\/sv\/\",\"logo\":{\"@type\":\"ImageObject\",\"inLanguage\":\"sv-SE\",\"@id\":\"https:\/\/leatai.com\/sv\/#\/schema\/logo\/image\/\",\"url\":\"https:\/\/leatai.com\/wp-content\/uploads\/logo-blue.png\",\"contentUrl\":\"https:\/\/leatai.com\/wp-content\/uploads\/logo-blue.png\",\"width\":230,\"height\":60,\"caption\":\"Leatai Diary, customized journal and business organizer\"},\"image\":{\"@id\":\"https:\/\/leatai.com\/sv\/#\/schema\/logo\/image\/\"},\"telephone\":\"+886-2-8227-8800\",\"legalName\":\"Leatai Stationary Co., Ltd.\",\"description\":\"A leading notebook factory in Taiwan offering bespoke branding, high-quality binding, and premium paper selections for corporate gifts and stationery wholesale.\",\"address\":{\"@type\":\"PostalAddress\",\"streetAddress\":\"11F., No. 168, Jiankang Rd.\",\"addressLocality\":\"Zhonghe Dist.\",\"addressRegion\":\"New Taipei City\",\"postalCode\":\"235\",\"addressCountry\":\"TW\"},\"contactPoint\":{\"@type\":\"ContactPoint\",\"telephone\":\"+886-2-8227-8800\",\"contactType\":\"sales\",\"areaServed\":\"Worldwide\",\"availableLanguage\":[\"zh-TW\",\"en\"]}}]}<\/script>\n<!-- \/ Yoast SEO plugin. -->","yoast_head_json":{"title":"Laminering av l\u00e4dermaterial p\u00e5 uppdrag - Leatai \u2013 Tillverkare av anpassade anteckningsb\u00f6cker","description":"OEM-tj\u00e4nst: laminering av l\u00e4dermaterial, beskrivning: Efter att l\u00e4dret har skurits till l\u00e4mplig storlek beh\u00f6ver det limmas och f\u00e4stas p\u00e5 andra material f\u00f6r att kunna g\u00e5 vidare till n\u00e4sta bearbetningssteg. Olika material kr\u00e4ver olika typer av lim. Det ser enkelt ut, men \u00e4r i sj\u00e4lva verket en mycket komplex process.","robots":{"index":"index","follow":"follow","max-snippet":"max-snippet:-1","max-image-preview":"max-image-preview:large","max-video-preview":"max-video-preview:-1"},"canonical":"https:\/\/leatai.com\/sv\/product\/annan-tillverkning\/laminering-av-ladermaterial-pa-uppdrag\/","og_locale":"sv_SE","og_type":"article","og_title":"Laminering av l\u00e4dermaterial p\u00e5 uppdrag - Leatai \u2013 Tillverkare av anpassade anteckningsb\u00f6cker","og_description":"OEM-tj\u00e4nst: laminering av l\u00e4dermaterial, beskrivning: Efter att l\u00e4dret har skurits till l\u00e4mplig storlek beh\u00f6ver det limmas och f\u00e4stas p\u00e5 andra material f\u00f6r att kunna g\u00e5 vidare till n\u00e4sta bearbetningssteg. Olika material kr\u00e4ver olika typer av lim. Det ser enkelt ut, men \u00e4r i sj\u00e4lva verket en mycket komplex process.","og_url":"https:\/\/leatai.com\/sv\/product\/annan-tillverkning\/laminering-av-ladermaterial-pa-uppdrag\/","og_site_name":"Leatai \u2013 Tillverkare av anpassade anteckningsb\u00f6cker","article_modified_time":"2026-04-22T09:16:46+00:00","og_image":[{"width":1000,"height":750,"url":"https:\/\/leatai.com\/wp-content\/uploads\/2016_01_20_1509170.jpg","type":"image\/jpeg"}],"twitter_card":"summary_large_image","twitter_misc":{"Ber\u00e4knad l\u00e4stid":"1 minut"},"schema":{"@context":"https:\/\/schema.org","@graph":[{"@type":"WebPage","@id":"https:\/\/leatai.com\/sv\/product\/annan-tillverkning\/laminering-av-ladermaterial-pa-uppdrag\/","url":"https:\/\/leatai.com\/sv\/product\/annan-tillverkning\/laminering-av-ladermaterial-pa-uppdrag\/","name":"Laminering av l\u00e4dermaterial p\u00e5 uppdrag - Leatai \u2013 Tillverkare av anpassade anteckningsb\u00f6cker","isPartOf":{"@id":"https:\/\/leatai.com\/sv\/#website"},"primaryImageOfPage":{"@id":"https:\/\/leatai.com\/sv\/product\/annan-tillverkning\/laminering-av-ladermaterial-pa-uppdrag\/#primaryimage"},"image":{"@id":"https:\/\/leatai.com\/sv\/product\/annan-tillverkning\/laminering-av-ladermaterial-pa-uppdrag\/#primaryimage"},"thumbnailUrl":"https:\/\/leatai.com\/wp-content\/uploads\/2016_01_20_1509170.jpg","datePublished":"2021-06-24T05:22:00+00:00","dateModified":"2026-04-22T09:16:46+00:00","description":"OEM-tj\u00e4nst: laminering av l\u00e4dermaterial, beskrivning: Efter att l\u00e4dret har skurits till l\u00e4mplig storlek beh\u00f6ver det limmas och f\u00e4stas p\u00e5 andra material f\u00f6r att kunna g\u00e5 vidare till n\u00e4sta bearbetningssteg. Olika material kr\u00e4ver olika typer av lim. Det ser enkelt ut, men \u00e4r i sj\u00e4lva verket en mycket komplex process.","breadcrumb":{"@id":"https:\/\/leatai.com\/sv\/product\/annan-tillverkning\/laminering-av-ladermaterial-pa-uppdrag\/#breadcrumb"},"inLanguage":"sv-SE","potentialAction":[{"@type":"ReadAction","target":["https:\/\/leatai.com\/sv\/product\/annan-tillverkning\/laminering-av-ladermaterial-pa-uppdrag\/"]}]},{"@type":"ImageObject","inLanguage":"sv-SE","@id":"https:\/\/leatai.com\/sv\/product\/annan-tillverkning\/laminering-av-ladermaterial-pa-uppdrag\/#primaryimage","url":"https:\/\/leatai.com\/wp-content\/uploads\/2016_01_20_1509170.jpg","contentUrl":"https:\/\/leatai.com\/wp-content\/uploads\/2016_01_20_1509170.jpg","width":1000,"height":750,"caption":"Laminering av l\u00e4dermaterial p\u00e5 uppdrag"},{"@type":"BreadcrumbList","@id":"https:\/\/leatai.com\/sv\/product\/annan-tillverkning\/laminering-av-ladermaterial-pa-uppdrag\/#breadcrumb","itemListElement":[{"@type":"ListItem","position":1,"name":"Home","item":"https:\/\/leatai.com\/sv\/"},{"@type":"ListItem","position":2,"name":"Produktpresentation","item":"https:\/\/leatai.com\/products\/"},{"@type":"ListItem","position":3,"name":"Annan tillverkning","item":"https:\/\/leatai.com\/sv\/produkt-kategori\/annan-tillverkning\/"},{"@type":"ListItem","position":4,"name":"Laminering av l\u00e4dermaterial p\u00e5 uppdrag"}]},{"@type":"WebSite","@id":"https:\/\/leatai.com\/sv\/#website","url":"https:\/\/leatai.com\/sv\/","name":"Leatai \u2013 Tillverkare av anpassade anteckningsb\u00f6cker","description":"Leatai erbjuder anpassade anteckningsb\u00f6cker och planeringsverktyg f\u00f6r varum\u00e4rken och distribut\u00f6rer \u00f6ver hela v\u00e4rlden.","publisher":{"@id":"https:\/\/leatai.com\/sv\/#organization"},"potentialAction":[{"@type":"SearchAction","target":{"@type":"EntryPoint","urlTemplate":"https:\/\/leatai.com\/sv\/?s={search_term_string}"},"query-input":{"@type":"PropertyValueSpecification","valueRequired":true,"valueName":"search_term_string"}}],"inLanguage":"sv-SE"},{"@type":"Organization","@id":"https:\/\/leatai.com\/sv\/#organization","name":"Leatai Diary, customized journal and business organizer","url":"https:\/\/leatai.com\/sv\/","logo":{"@type":"ImageObject","inLanguage":"sv-SE","@id":"https:\/\/leatai.com\/sv\/#\/schema\/logo\/image\/","url":"https:\/\/leatai.com\/wp-content\/uploads\/logo-blue.png","contentUrl":"https:\/\/leatai.com\/wp-content\/uploads\/logo-blue.png","width":230,"height":60,"caption":"Leatai Diary, customized journal and business organizer"},"image":{"@id":"https:\/\/leatai.com\/sv\/#\/schema\/logo\/image\/"},"telephone":"+886-2-8227-8800","legalName":"Leatai Stationary Co., Ltd.","description":"A leading notebook factory in Taiwan offering bespoke branding, high-quality binding, and premium paper selections for corporate gifts and stationery wholesale.","address":{"@type":"PostalAddress","streetAddress":"11F., No. 168, Jiankang Rd.","addressLocality":"Zhonghe Dist.","addressRegion":"New Taipei City","postalCode":"235","addressCountry":"TW"},"contactPoint":{"@type":"ContactPoint","telephone":"+886-2-8227-8800","contactType":"sales","areaServed":"Worldwide","availableLanguage":["zh-TW","en"]}}]}},"_links":{"self":[{"href":"https:\/\/leatai.com\/sv\/wp-json\/wp\/v2\/product\/308457","targetHints":{"allow":["GET"]}}],"collection":[{"href":"https:\/\/leatai.com\/sv\/wp-json\/wp\/v2\/product"}],"about":[{"href":"https:\/\/leatai.com\/sv\/wp-json\/wp\/v2\/types\/product"}],"wp:featuredmedia":[{"embeddable":true,"href":"https:\/\/leatai.com\/sv\/wp-json\/wp\/v2\/media\/308458"}],"wp:attachment":[{"href":"https:\/\/leatai.com\/sv\/wp-json\/wp\/v2\/media?parent=308457"}],"wp:term":[{"taxonomy":"product_brand","embeddable":true,"href":"https:\/\/leatai.com\/sv\/wp-json\/wp\/v2\/product_brand?post=308457"},{"taxonomy":"product_cat","embeddable":true,"href":"https:\/\/leatai.com\/sv\/wp-json\/wp\/v2\/product_cat?post=308457"},{"taxonomy":"product_tag","embeddable":true,"href":"https:\/\/leatai.com\/sv\/wp-json\/wp\/v2\/product_tag?post=308457"},{"taxonomy":"home_works","embeddable":true,"href":"https:\/\/leatai.com\/sv\/wp-json\/wp\/v2\/home_works?post=308457"}],"curies":[{"name":"wp","href":"https:\/\/api.w.org\/{rel}","templated":true}]}}