{"id":308350,"date":"2023-05-22T20:33:11","date_gmt":"2023-05-22T12:33:11","guid":{"rendered":"https:\/\/leatai.com\/product\/okategoriserad\/hogklassig-kulspetspenna-2\/"},"modified":"2026-04-22T16:34:05","modified_gmt":"2026-04-22T08:34:05","slug":"hogklassig-kulspetspenna-2","status":"publish","type":"product","link":"https:\/\/leatai.com\/sv\/product\/anpassad-anteckningsbok\/gavoset\/hogklassig-kulspetspenna-2\/","title":{"rendered":"H\u00f6gklassig kulspetspenna &#8211; 2"},"content":{"rendered":"<p>Produktmodell: h\u00f6gklassig kulspetspenna &#8211; 2<br \/>\nF\u00e4rg: svart<br \/>\nSpecifikation: l\u00e4ngd cirka 13,5 cm<br \/>\nBl\u00e4ck: svart 0,5 mm<br \/>\nF\u00f6rpackning: OPP-p\u00e5se (tillval, standard \u00e4r utan OPP-p\u00e5se, levereras direkt i kartong) (kostnad f\u00f6r ask tillkommer)<br \/>\nLOGO-bearbetning: lasergravyr<\/p>\n<p>Enhetspris: 190 TWD, inkluderar en lasergravyr<br \/>\n(L\u00e4deretui \u00e4r tillval och debiteras separat, till\u00e4ggspris 130 TWD, inklusive en pr\u00e4gling)<\/p>\n<p>\ud83d\udcd6F\u00f6r fler rekommendationer om specialanpassade anteckningsb\u00f6cker \/ tryck och produktion av f\u00f6retagsdagb\u00f6cker, v\u00e4nligen se:<br \/>\n<a href=\"https:\/\/leatai.com\/sv\/produkt-kategori\/olika-oem-prover\/oem-inbunden-anteckningsbok\/\" target=\"_blank\" rel=\"noopener\">OEM inbundna b\u00f6cker<\/a><br \/>\n<a href=\"https:\/\/leatai.com\/sv\/produkt-kategori\/olika-oem-prover\/oem-losblad-notebook\/\" target=\"_blank\" rel=\"noopener\">OEM ringp\u00e4rmar<\/a><br \/>\n<a href=\"https:\/\/leatai.com\/sv\/produkt-kategori\/olika-oem-prover\/oem-avtagbar-anteckningsbok\/\" target=\"_blank\" rel=\"noopener\">OEM utdragbara ringp\u00e4rmar<\/a><br \/>\n<a href=\"https:\/\/leatai.com\/sv\/produkt-kategori\/olika-oem-prover\/oem-mjukband-notebook\/\" target=\"_blank\" rel=\"noopener\">OEM mjukbandade b\u00f6cker<\/a><br \/>\n<a href=\"https:\/\/leatai.com\/sv\/produkt-kategori\/olika-oem-prover\/oem-spiralanteckningsbok\/\" target=\"_blank\" rel=\"noopener\">OEM spiralbundna b\u00f6cker<\/a><br \/>\n<a href=\"https:\/\/leatai.com\/sv\/produkt-kategori\/olika-oem-prover\/oem-kalender-sv\/\" target=\"_blank\" rel=\"noopener\">OEM specialanpassade avrivningskalendrar \/ tryck av specialanpassade skrivbordskalendrar<\/a><br \/>\n<a href=\"https:\/\/leatai.com\/sv\/produkt-kategori\/olika-oem-prover\/oem-andra\/\" target=\"_blank\" rel=\"noopener\">OEM \u00f6vrigt<\/a><\/p>\n<p>F\u00f6r fullst\u00e4ndig storleksf\u00f6rklaring, v\u00e4nligen se: <a href=\"https:\/\/leatai.com\/sv\/anteckningsbokskunskap\/pappersstorleksguide-forsta-vanliga-storlekar-som-b3-a4-b5-8k-16k-och-mer-en-omfattande-storlekstabell-for-enkel-referens\/\" target=\"_blank\" rel=\"noopener\">Pappersstorleksguide: B3, A4, B5, 8K, 16K och andra vanliga format \u2013 j\u00e4mf\u00f6relsetabell f\u00f6r pappersstorlekar som \u00e4r l\u00e4tt att f\u00f6rst\u00e5!<\/a><\/p>\n<p>&nbsp;<\/p>\n","protected":false},"excerpt":{"rendered":"<p>Produktmodell: h\u00f6gklassig kulspetspenna &#8211; 2 F\u00e4rg: svart Specifikation: l\u00e4ngd cirka 13,5 cm Bl\u00e4ck: svart 0,5 mm F\u00f6rpackning: OPP-p\u00e5se (tillval, standard \u00e4r utan OPP-p\u00e5se, levereras direkt i kartong) (kostnad f\u00f6r ask tillkommer) LOGO-bearbetning: lasergravyr Enhetspris: 190 TWD, inkluderar en lasergravyr (L\u00e4deretui \u00e4r tillval och debiteras separat, till\u00e4ggspris 130 TWD, inklusive en pr\u00e4gling) \ud83d\udcd6F\u00f6r fler rekommendationer om [&hellip;]<\/p>\n","protected":false},"featured_media":308351,"template":"","meta":{"_acf_changed":false},"product_brand":[],"product_cat":[822],"product_tag":[],"home_works":[],"class_list":{"0":"post-308350","1":"product","2":"type-product","3":"status-publish","4":"has-post-thumbnail","6":"product_cat-gavoset","8":"first","9":"outofstock","10":"sold-individually","11":"shipping-taxable","12":"purchasable","13":"product-type-variable","14":"has-default-attributes"},"acf":[],"yoast_head":"<!-- This site is optimized with the Yoast SEO plugin v27.2 - https:\/\/yoast.com\/product\/yoast-seo-wordpress\/ -->\n<title>H\u00f6gklassig presentpenna<\/title>\n<meta name=\"description\" content=\"En bra kundanpassad anteckningsbok b\u00f6r kombineras med en h\u00f6gklassig kulspetspenna f\u00f6r att skapa en unik k\u00e4nsla. Vid f\u00f6retagsg\u00e5vor b\u00f6r det finnas tillr\u00e4cklig s\u00e4rpr\u00e4gel, och ett presentset med anteckningsbok \u00e4r det s\u00e4kraste valet. V\u00e4rme, omtanke och genomt\u00e4nkt design, med detaljer fyllda av uppriktighet, ger ett starkt och positivt intryck.\" \/>\n<meta name=\"robots\" content=\"index, follow, max-snippet:-1, max-image-preview:large, max-video-preview:-1\" \/>\n<link rel=\"canonical\" href=\"https:\/\/leatai.com\/sv\/product\/anpassad-anteckningsbok\/gavoset\/hogklassig-kulspetspenna-2\/\" \/>\n<meta property=\"og:locale\" content=\"sv_SE\" \/>\n<meta property=\"og:type\" content=\"article\" \/>\n<meta property=\"og:title\" content=\"H\u00f6gklassig presentpenna\" \/>\n<meta property=\"og:description\" content=\"En bra kundanpassad anteckningsbok b\u00f6r kombineras med en h\u00f6gklassig kulspetspenna f\u00f6r att skapa en unik k\u00e4nsla. Vid f\u00f6retagsg\u00e5vor b\u00f6r det finnas tillr\u00e4cklig s\u00e4rpr\u00e4gel, och ett presentset med anteckningsbok \u00e4r det s\u00e4kraste valet. V\u00e4rme, omtanke och genomt\u00e4nkt design, med detaljer fyllda av uppriktighet, ger ett starkt och positivt intryck.\" \/>\n<meta property=\"og:url\" content=\"https:\/\/leatai.com\/sv\/product\/anpassad-anteckningsbok\/gavoset\/hogklassig-kulspetspenna-2\/\" \/>\n<meta property=\"og:site_name\" content=\"Leatai \u2013 Tillverkare av anpassade anteckningsb\u00f6cker\" \/>\n<meta property=\"article:modified_time\" content=\"2026-04-22T08:34:05+00:00\" \/>\n<meta property=\"og:image\" content=\"https:\/\/leatai.com\/wp-content\/uploads\/DSC_0620.jpg\" \/>\n\t<meta property=\"og:image:width\" content=\"1000\" \/>\n\t<meta property=\"og:image:height\" content=\"750\" \/>\n\t<meta property=\"og:image:type\" content=\"image\/jpeg\" \/>\n<meta name=\"twitter:card\" content=\"summary_large_image\" \/>\n<meta name=\"twitter:label1\" content=\"Ber\u00e4knad l\u00e4stid\" \/>\n\t<meta name=\"twitter:data1\" content=\"1 minut\" \/>\n<script type=\"application\/ld+json\" class=\"yoast-schema-graph\">{\"@context\":\"https:\/\/schema.org\",\"@graph\":[{\"@type\":\"WebPage\",\"@id\":\"https:\/\/leatai.com\/sv\/product\/anpassad-anteckningsbok\/gavoset\/hogklassig-kulspetspenna-2\/\",\"url\":\"https:\/\/leatai.com\/sv\/product\/anpassad-anteckningsbok\/gavoset\/hogklassig-kulspetspenna-2\/\",\"name\":\"H\u00f6gklassig presentpenna\",\"isPartOf\":{\"@id\":\"https:\/\/leatai.com\/sv\/#website\"},\"primaryImageOfPage\":{\"@id\":\"https:\/\/leatai.com\/sv\/product\/anpassad-anteckningsbok\/gavoset\/hogklassig-kulspetspenna-2\/#primaryimage\"},\"image\":{\"@id\":\"https:\/\/leatai.com\/sv\/product\/anpassad-anteckningsbok\/gavoset\/hogklassig-kulspetspenna-2\/#primaryimage\"},\"thumbnailUrl\":\"https:\/\/leatai.com\/wp-content\/uploads\/DSC_0620.jpg\",\"datePublished\":\"2023-05-22T12:33:11+00:00\",\"dateModified\":\"2026-04-22T08:34:05+00:00\",\"description\":\"En bra kundanpassad anteckningsbok b\u00f6r kombineras med en h\u00f6gklassig kulspetspenna f\u00f6r att skapa en unik k\u00e4nsla. Vid f\u00f6retagsg\u00e5vor b\u00f6r det finnas tillr\u00e4cklig s\u00e4rpr\u00e4gel, och ett presentset med anteckningsbok \u00e4r det s\u00e4kraste valet. V\u00e4rme, omtanke och genomt\u00e4nkt design, med detaljer fyllda av uppriktighet, ger ett starkt och positivt intryck.\",\"breadcrumb\":{\"@id\":\"https:\/\/leatai.com\/sv\/product\/anpassad-anteckningsbok\/gavoset\/hogklassig-kulspetspenna-2\/#breadcrumb\"},\"inLanguage\":\"sv-SE\",\"potentialAction\":[{\"@type\":\"ReadAction\",\"target\":[\"https:\/\/leatai.com\/sv\/product\/anpassad-anteckningsbok\/gavoset\/hogklassig-kulspetspenna-2\/\"]}]},{\"@type\":\"ImageObject\",\"inLanguage\":\"sv-SE\",\"@id\":\"https:\/\/leatai.com\/sv\/product\/anpassad-anteckningsbok\/gavoset\/hogklassig-kulspetspenna-2\/#primaryimage\",\"url\":\"https:\/\/leatai.com\/wp-content\/uploads\/DSC_0620.jpg\",\"contentUrl\":\"https:\/\/leatai.com\/wp-content\/uploads\/DSC_0620.jpg\",\"width\":1000,\"height\":750,\"caption\":\"H\u00f6gklassig presentpenna\"},{\"@type\":\"BreadcrumbList\",\"@id\":\"https:\/\/leatai.com\/sv\/product\/anpassad-anteckningsbok\/gavoset\/hogklassig-kulspetspenna-2\/#breadcrumb\",\"itemListElement\":[{\"@type\":\"ListItem\",\"position\":1,\"name\":\"Home\",\"item\":\"https:\/\/leatai.com\/sv\/\"},{\"@type\":\"ListItem\",\"position\":2,\"name\":\"Produktpresentation\",\"item\":\"https:\/\/leatai.com\/products\/\"},{\"@type\":\"ListItem\",\"position\":3,\"name\":\"Anpassad anteckningsbok\",\"item\":\"https:\/\/leatai.com\/sv\/produkt-kategori\/anpassad-anteckningsbok\/\"},{\"@type\":\"ListItem\",\"position\":4,\"name\":\"G\u00e5voset\",\"item\":\"https:\/\/leatai.com\/sv\/produkt-kategori\/anpassad-anteckningsbok\/gavoset\/\"},{\"@type\":\"ListItem\",\"position\":5,\"name\":\"H\u00f6gklassig kulspetspenna &#8211; 2\"}]},{\"@type\":\"WebSite\",\"@id\":\"https:\/\/leatai.com\/sv\/#website\",\"url\":\"https:\/\/leatai.com\/sv\/\",\"name\":\"Leatai \u2013 Tillverkare av anpassade anteckningsb\u00f6cker\",\"description\":\"Leatai erbjuder anpassade anteckningsb\u00f6cker och planeringsverktyg f\u00f6r varum\u00e4rken och distribut\u00f6rer \u00f6ver hela v\u00e4rlden.\",\"publisher\":{\"@id\":\"https:\/\/leatai.com\/sv\/#organization\"},\"potentialAction\":[{\"@type\":\"SearchAction\",\"target\":{\"@type\":\"EntryPoint\",\"urlTemplate\":\"https:\/\/leatai.com\/sv\/?s={search_term_string}\"},\"query-input\":{\"@type\":\"PropertyValueSpecification\",\"valueRequired\":true,\"valueName\":\"search_term_string\"}}],\"inLanguage\":\"sv-SE\"},{\"@type\":\"Organization\",\"@id\":\"https:\/\/leatai.com\/sv\/#organization\",\"name\":\"Leatai Diary, customized journal and business organizer\",\"url\":\"https:\/\/leatai.com\/sv\/\",\"logo\":{\"@type\":\"ImageObject\",\"inLanguage\":\"sv-SE\",\"@id\":\"https:\/\/leatai.com\/sv\/#\/schema\/logo\/image\/\",\"url\":\"https:\/\/leatai.com\/wp-content\/uploads\/logo-blue.png\",\"contentUrl\":\"https:\/\/leatai.com\/wp-content\/uploads\/logo-blue.png\",\"width\":230,\"height\":60,\"caption\":\"Leatai Diary, customized journal and business organizer\"},\"image\":{\"@id\":\"https:\/\/leatai.com\/sv\/#\/schema\/logo\/image\/\"},\"telephone\":\"+886-2-8227-8800\",\"legalName\":\"Leatai Stationary Co., Ltd.\",\"description\":\"A leading notebook factory in Taiwan offering bespoke branding, high-quality binding, and premium paper selections for corporate gifts and stationery wholesale.\",\"address\":{\"@type\":\"PostalAddress\",\"streetAddress\":\"11F., No. 168, Jiankang Rd.\",\"addressLocality\":\"Zhonghe Dist.\",\"addressRegion\":\"New Taipei City\",\"postalCode\":\"235\",\"addressCountry\":\"TW\"},\"contactPoint\":{\"@type\":\"ContactPoint\",\"telephone\":\"+886-2-8227-8800\",\"contactType\":\"sales\",\"areaServed\":\"Worldwide\",\"availableLanguage\":[\"zh-TW\",\"en\"]}}]}<\/script>\n<!-- \/ Yoast SEO plugin. -->","yoast_head_json":{"title":"H\u00f6gklassig presentpenna","description":"En bra kundanpassad anteckningsbok b\u00f6r kombineras med en h\u00f6gklassig kulspetspenna f\u00f6r att skapa en unik k\u00e4nsla. Vid f\u00f6retagsg\u00e5vor b\u00f6r det finnas tillr\u00e4cklig s\u00e4rpr\u00e4gel, och ett presentset med anteckningsbok \u00e4r det s\u00e4kraste valet. V\u00e4rme, omtanke och genomt\u00e4nkt design, med detaljer fyllda av uppriktighet, ger ett starkt och positivt intryck.","robots":{"index":"index","follow":"follow","max-snippet":"max-snippet:-1","max-image-preview":"max-image-preview:large","max-video-preview":"max-video-preview:-1"},"canonical":"https:\/\/leatai.com\/sv\/product\/anpassad-anteckningsbok\/gavoset\/hogklassig-kulspetspenna-2\/","og_locale":"sv_SE","og_type":"article","og_title":"H\u00f6gklassig presentpenna","og_description":"En bra kundanpassad anteckningsbok b\u00f6r kombineras med en h\u00f6gklassig kulspetspenna f\u00f6r att skapa en unik k\u00e4nsla. Vid f\u00f6retagsg\u00e5vor b\u00f6r det finnas tillr\u00e4cklig s\u00e4rpr\u00e4gel, och ett presentset med anteckningsbok \u00e4r det s\u00e4kraste valet. V\u00e4rme, omtanke och genomt\u00e4nkt design, med detaljer fyllda av uppriktighet, ger ett starkt och positivt intryck.","og_url":"https:\/\/leatai.com\/sv\/product\/anpassad-anteckningsbok\/gavoset\/hogklassig-kulspetspenna-2\/","og_site_name":"Leatai \u2013 Tillverkare av anpassade anteckningsb\u00f6cker","article_modified_time":"2026-04-22T08:34:05+00:00","og_image":[{"width":1000,"height":750,"url":"https:\/\/leatai.com\/wp-content\/uploads\/DSC_0620.jpg","type":"image\/jpeg"}],"twitter_card":"summary_large_image","twitter_misc":{"Ber\u00e4knad l\u00e4stid":"1 minut"},"schema":{"@context":"https:\/\/schema.org","@graph":[{"@type":"WebPage","@id":"https:\/\/leatai.com\/sv\/product\/anpassad-anteckningsbok\/gavoset\/hogklassig-kulspetspenna-2\/","url":"https:\/\/leatai.com\/sv\/product\/anpassad-anteckningsbok\/gavoset\/hogklassig-kulspetspenna-2\/","name":"H\u00f6gklassig presentpenna","isPartOf":{"@id":"https:\/\/leatai.com\/sv\/#website"},"primaryImageOfPage":{"@id":"https:\/\/leatai.com\/sv\/product\/anpassad-anteckningsbok\/gavoset\/hogklassig-kulspetspenna-2\/#primaryimage"},"image":{"@id":"https:\/\/leatai.com\/sv\/product\/anpassad-anteckningsbok\/gavoset\/hogklassig-kulspetspenna-2\/#primaryimage"},"thumbnailUrl":"https:\/\/leatai.com\/wp-content\/uploads\/DSC_0620.jpg","datePublished":"2023-05-22T12:33:11+00:00","dateModified":"2026-04-22T08:34:05+00:00","description":"En bra kundanpassad anteckningsbok b\u00f6r kombineras med en h\u00f6gklassig kulspetspenna f\u00f6r att skapa en unik k\u00e4nsla. Vid f\u00f6retagsg\u00e5vor b\u00f6r det finnas tillr\u00e4cklig s\u00e4rpr\u00e4gel, och ett presentset med anteckningsbok \u00e4r det s\u00e4kraste valet. V\u00e4rme, omtanke och genomt\u00e4nkt design, med detaljer fyllda av uppriktighet, ger ett starkt och positivt intryck.","breadcrumb":{"@id":"https:\/\/leatai.com\/sv\/product\/anpassad-anteckningsbok\/gavoset\/hogklassig-kulspetspenna-2\/#breadcrumb"},"inLanguage":"sv-SE","potentialAction":[{"@type":"ReadAction","target":["https:\/\/leatai.com\/sv\/product\/anpassad-anteckningsbok\/gavoset\/hogklassig-kulspetspenna-2\/"]}]},{"@type":"ImageObject","inLanguage":"sv-SE","@id":"https:\/\/leatai.com\/sv\/product\/anpassad-anteckningsbok\/gavoset\/hogklassig-kulspetspenna-2\/#primaryimage","url":"https:\/\/leatai.com\/wp-content\/uploads\/DSC_0620.jpg","contentUrl":"https:\/\/leatai.com\/wp-content\/uploads\/DSC_0620.jpg","width":1000,"height":750,"caption":"H\u00f6gklassig presentpenna"},{"@type":"BreadcrumbList","@id":"https:\/\/leatai.com\/sv\/product\/anpassad-anteckningsbok\/gavoset\/hogklassig-kulspetspenna-2\/#breadcrumb","itemListElement":[{"@type":"ListItem","position":1,"name":"Home","item":"https:\/\/leatai.com\/sv\/"},{"@type":"ListItem","position":2,"name":"Produktpresentation","item":"https:\/\/leatai.com\/products\/"},{"@type":"ListItem","position":3,"name":"Anpassad anteckningsbok","item":"https:\/\/leatai.com\/sv\/produkt-kategori\/anpassad-anteckningsbok\/"},{"@type":"ListItem","position":4,"name":"G\u00e5voset","item":"https:\/\/leatai.com\/sv\/produkt-kategori\/anpassad-anteckningsbok\/gavoset\/"},{"@type":"ListItem","position":5,"name":"H\u00f6gklassig kulspetspenna &#8211; 2"}]},{"@type":"WebSite","@id":"https:\/\/leatai.com\/sv\/#website","url":"https:\/\/leatai.com\/sv\/","name":"Leatai \u2013 Tillverkare av anpassade anteckningsb\u00f6cker","description":"Leatai erbjuder anpassade anteckningsb\u00f6cker och planeringsverktyg f\u00f6r varum\u00e4rken och distribut\u00f6rer \u00f6ver hela v\u00e4rlden.","publisher":{"@id":"https:\/\/leatai.com\/sv\/#organization"},"potentialAction":[{"@type":"SearchAction","target":{"@type":"EntryPoint","urlTemplate":"https:\/\/leatai.com\/sv\/?s={search_term_string}"},"query-input":{"@type":"PropertyValueSpecification","valueRequired":true,"valueName":"search_term_string"}}],"inLanguage":"sv-SE"},{"@type":"Organization","@id":"https:\/\/leatai.com\/sv\/#organization","name":"Leatai Diary, customized journal and business organizer","url":"https:\/\/leatai.com\/sv\/","logo":{"@type":"ImageObject","inLanguage":"sv-SE","@id":"https:\/\/leatai.com\/sv\/#\/schema\/logo\/image\/","url":"https:\/\/leatai.com\/wp-content\/uploads\/logo-blue.png","contentUrl":"https:\/\/leatai.com\/wp-content\/uploads\/logo-blue.png","width":230,"height":60,"caption":"Leatai Diary, customized journal and business organizer"},"image":{"@id":"https:\/\/leatai.com\/sv\/#\/schema\/logo\/image\/"},"telephone":"+886-2-8227-8800","legalName":"Leatai Stationary Co., Ltd.","description":"A leading notebook factory in Taiwan offering bespoke branding, high-quality binding, and premium paper selections for corporate gifts and stationery wholesale.","address":{"@type":"PostalAddress","streetAddress":"11F., No. 168, Jiankang Rd.","addressLocality":"Zhonghe Dist.","addressRegion":"New Taipei City","postalCode":"235","addressCountry":"TW"},"contactPoint":{"@type":"ContactPoint","telephone":"+886-2-8227-8800","contactType":"sales","areaServed":"Worldwide","availableLanguage":["zh-TW","en"]}}]}},"_links":{"self":[{"href":"https:\/\/leatai.com\/sv\/wp-json\/wp\/v2\/product\/308350","targetHints":{"allow":["GET"]}}],"collection":[{"href":"https:\/\/leatai.com\/sv\/wp-json\/wp\/v2\/product"}],"about":[{"href":"https:\/\/leatai.com\/sv\/wp-json\/wp\/v2\/types\/product"}],"wp:featuredmedia":[{"embeddable":true,"href":"https:\/\/leatai.com\/sv\/wp-json\/wp\/v2\/media\/308351"}],"wp:attachment":[{"href":"https:\/\/leatai.com\/sv\/wp-json\/wp\/v2\/media?parent=308350"}],"wp:term":[{"taxonomy":"product_brand","embeddable":true,"href":"https:\/\/leatai.com\/sv\/wp-json\/wp\/v2\/product_brand?post=308350"},{"taxonomy":"product_cat","embeddable":true,"href":"https:\/\/leatai.com\/sv\/wp-json\/wp\/v2\/product_cat?post=308350"},{"taxonomy":"product_tag","embeddable":true,"href":"https:\/\/leatai.com\/sv\/wp-json\/wp\/v2\/product_tag?post=308350"},{"taxonomy":"home_works","embeddable":true,"href":"https:\/\/leatai.com\/sv\/wp-json\/wp\/v2\/home_works?post=308350"}],"curies":[{"name":"wp","href":"https:\/\/api.w.org\/{rel}","templated":true}]}}