{"id":308260,"date":"2021-08-16T20:29:06","date_gmt":"2021-08-16T12:29:06","guid":{"rendered":"https:\/\/leatai.com\/product\/okategoriserad\/%e4%ba%a4%e5%b1%8b%e5%8c%85-%e4%ba%a4%e8%bb%8a%e5%8c%85-01\/"},"modified":"2026-04-22T15:30:08","modified_gmt":"2026-04-22T07:30:08","slug":"overlamningsmapp-fordonsoverlamningsmapp-01","status":"publish","type":"product","link":"https:\/\/leatai.com\/sv\/product\/overlamnings-biloverforingsvaska\/overlamningsmapp-fordonsoverlamningsmapp-01\/","title":{"rendered":"\u00d6verl\u00e4mningsmapp \/ fordons\u00f6verl\u00e4mningsmapp &#8211; 01"},"content":{"rendered":"<p>Produktmodell: \u00f6verl\u00e4mningsmapp \/ fordons\u00f6verl\u00e4mningsmapp &#8211; 01<br \/>\nOmslagsmaterial: syntetl\u00e4der<br \/>\nF\u00e4rg: svart<br \/>\nSpecifikation: A4 <a href=\"https:\/\/leatai.com\/sv\/faq\/vad-ar-8k-16k-och-25k-planeringsstorlekar-hur-stora-ar-de\/\" target=\"_blank\" rel=\"noopener\">(vanlig storlek)<\/a><br \/>\nInlaga: ingen <a href=\"https:\/\/leatai.com\/sv\/produkt-kategori\/format-for-innersidor\/a5-innersidor\/\" target=\"_blank\" rel=\"noopener\">(val av sidlayout)<\/a><br \/>\nF\u00f6rpackning: OPP-p\u00e5se (tillval)<br \/>\nLOGO-bearbetning: varmpr\u00e4gling i guld, varmpr\u00e4gling i silver, pr\u00e4gling<\/p>\n<p>Produktbeskrivning<br \/>\nLeatai produktmodell: \u00f6verl\u00e4mningsmapp \/ fordons\u00f6verl\u00e4mningsmapp &#8211; 01, att k\u00f6pa ett hus \u00e4r en livsdr\u00f6m f\u00f6r m\u00e5nga. N\u00e4r aff\u00e4ren \u00e4r slutf\u00f6rd b\u00f6r dessa viktiga tillg\u00e5ngar f\u00f6rvaras p\u00e5 ett ordnat s\u00e4tt. Det \u00e4r inte bara en prestation, utan ocks\u00e5 ett framtida minne fyllt av v\u00e4rme. A4 \u00e4r den mest l\u00e4mpliga storleken.<\/p>\n<p>\ud83d\udcd6F\u00f6r fler rekommendationer om specialanpassade anteckningsb\u00f6cker \/ tryck och produktion av f\u00f6retagsdagb\u00f6cker, v\u00e4nligen se:<br \/>\n<a href=\"https:\/\/leatai.com\/sv\/produkt-kategori\/olika-oem-prover\/oem-inbunden-anteckningsbok\/\" target=\"_blank\" rel=\"noopener\">OEM inbundna b\u00f6cker<\/a><br \/>\n<a href=\"https:\/\/leatai.com\/sv\/produkt-kategori\/olika-oem-prover\/oem-losblad-notebook\/\" target=\"_blank\" rel=\"noopener\">OEM ringp\u00e4rmar<\/a><br \/>\n<a href=\"https:\/\/leatai.com\/sv\/produkt-kategori\/olika-oem-prover\/oem-avtagbar-anteckningsbok\/\" target=\"_blank\" rel=\"noopener\">OEM utdragbara ringp\u00e4rmar<\/a><br \/>\n<a href=\"https:\/\/leatai.com\/sv\/produkt-kategori\/olika-oem-prover\/oem-mjukband-notebook\/\" target=\"_blank\" rel=\"noopener\">OEM mjukbandade b\u00f6cker<\/a><br \/>\n<a href=\"https:\/\/leatai.com\/sv\/produkt-kategori\/olika-oem-prover\/oem-spiralanteckningsbok\/\" target=\"_blank\" rel=\"noopener\">OEM spiralbundna b\u00f6cker<\/a><br \/>\n<a href=\"https:\/\/leatai.com\/sv\/produkt-kategori\/olika-oem-prover\/oem-kalender-sv\/\" target=\"_blank\" rel=\"noopener\">OEM specialanpassade avrivningskalendrar \/ tryck av specialanpassade skrivbordskalendrar<\/a><br \/>\n<a href=\"https:\/\/leatai.com\/sv\/produkt-kategori\/olika-oem-prover\/oem-andra\/\" target=\"_blank\" rel=\"noopener\">OEM \u00f6vrigt<\/a><\/p>\n<p>F\u00f6r fullst\u00e4ndig storleksf\u00f6rklaring, v\u00e4nligen se: <a href=\"https:\/\/leatai.com\/sv\/anteckningsbokskunskap\/pappersstorleksguide-forsta-vanliga-storlekar-som-b3-a4-b5-8k-16k-och-mer-en-omfattande-storlekstabell-for-enkel-referens\/\" target=\"_blank\" rel=\"noopener\">Pappersstorleksguide: B3, A4, B5, 8K, 16K och andra vanliga format \u2013 j\u00e4mf\u00f6relsetabell f\u00f6r pappersstorlekar som \u00e4r l\u00e4tt att f\u00f6rst\u00e5!<\/a><\/p>\n<p>&nbsp;<\/p>\n","protected":false},"excerpt":{"rendered":"<p>Produktmodell: \u00f6verl\u00e4mningsmapp \/ fordons\u00f6verl\u00e4mningsmapp &#8211; 01 Omslagsmaterial: syntetl\u00e4der F\u00e4rg: svart Specifikation: A4 (vanlig storlek) Inlaga: ingen (val av sidlayout) F\u00f6rpackning: OPP-p\u00e5se (tillval) LOGO-bearbetning: varmpr\u00e4gling i guld, varmpr\u00e4gling i silver, pr\u00e4gling Produktbeskrivning Leatai produktmodell: \u00f6verl\u00e4mningsmapp \/ fordons\u00f6verl\u00e4mningsmapp &#8211; 01, att k\u00f6pa ett hus \u00e4r en livsdr\u00f6m f\u00f6r m\u00e5nga. N\u00e4r aff\u00e4ren \u00e4r slutf\u00f6rd b\u00f6r dessa viktiga tillg\u00e5ngar [&hellip;]<\/p>\n","protected":false},"featured_media":308261,"template":"","meta":{"_acf_changed":false},"product_brand":[],"product_cat":[813],"product_tag":[1796],"home_works":[],"class_list":{"0":"post-308260","1":"product","2":"type-product","3":"status-publish","4":"has-post-thumbnail","6":"product_cat-overlamnings-biloverforingsvaska","7":"product_tag-kundanpassad-anteckningsbok","9":"first","10":"instock","11":"sold-individually","12":"shipping-taxable","13":"purchasable","14":"product-type-variable","15":"has-default-attributes"},"acf":[],"yoast_head":"<!-- This site is optimized with the Yoast SEO plugin v27.2 - https:\/\/yoast.com\/product\/yoast-seo-wordpress\/ -->\n<title>\u00d6verl\u00e4mningsmapp \/ fordons\u00f6verl\u00e4mningsmapp - 01 - A4-\u00f6verl\u00e4mningsmapp, f\u00f6r att f\u00f6rvara dina viktiga tillg\u00e5ngar - Leatai \u2013 Tillverkare av anpassade anteckningsb\u00f6cker<\/title>\n<meta name=\"description\" content=\"Leatai produktmodell: \u00f6verl\u00e4mningsmapp \/ fordons\u00f6verl\u00e4mningsmapp - 01, att k\u00f6pa ett hus \u00e4r en livsdr\u00f6m f\u00f6r m\u00e5nga. N\u00e4r aff\u00e4ren \u00e4r slutf\u00f6rd b\u00f6r dessa viktiga tillg\u00e5ngar f\u00f6rvaras p\u00e5 ett ordnat s\u00e4tt. Det \u00e4r inte bara en prestation, utan ocks\u00e5 ett framtida minne fyllt av v\u00e4rme. A4 \u00e4r den mest l\u00e4mpliga storleken.\" \/>\n<meta name=\"robots\" content=\"index, follow, max-snippet:-1, max-image-preview:large, max-video-preview:-1\" \/>\n<link rel=\"canonical\" href=\"https:\/\/leatai.com\/sv\/product\/overlamnings-biloverforingsvaska\/overlamningsmapp-fordonsoverlamningsmapp-01\/\" \/>\n<meta property=\"og:locale\" content=\"sv_SE\" \/>\n<meta property=\"og:type\" content=\"article\" \/>\n<meta property=\"og:title\" content=\"\u00d6verl\u00e4mningsmapp \/ fordons\u00f6verl\u00e4mningsmapp - 01 - A4-\u00f6verl\u00e4mningsmapp, f\u00f6r att f\u00f6rvara dina viktiga tillg\u00e5ngar - Leatai \u2013 Tillverkare av anpassade anteckningsb\u00f6cker\" \/>\n<meta property=\"og:description\" content=\"Leatai produktmodell: \u00f6verl\u00e4mningsmapp \/ fordons\u00f6verl\u00e4mningsmapp - 01, att k\u00f6pa ett hus \u00e4r en livsdr\u00f6m f\u00f6r m\u00e5nga. N\u00e4r aff\u00e4ren \u00e4r slutf\u00f6rd b\u00f6r dessa viktiga tillg\u00e5ngar f\u00f6rvaras p\u00e5 ett ordnat s\u00e4tt. Det \u00e4r inte bara en prestation, utan ocks\u00e5 ett framtida minne fyllt av v\u00e4rme. A4 \u00e4r den mest l\u00e4mpliga storleken.\" \/>\n<meta property=\"og:url\" content=\"https:\/\/leatai.com\/sv\/product\/overlamnings-biloverforingsvaska\/overlamningsmapp-fordonsoverlamningsmapp-01\/\" \/>\n<meta property=\"og:site_name\" content=\"Leatai \u2013 Tillverkare av anpassade anteckningsb\u00f6cker\" \/>\n<meta property=\"article:modified_time\" content=\"2026-04-22T07:30:08+00:00\" \/>\n<meta property=\"og:image\" content=\"https:\/\/leatai.com\/wp-content\/uploads\/DSC_8747.jpg\" \/>\n\t<meta property=\"og:image:width\" content=\"1000\" \/>\n\t<meta property=\"og:image:height\" content=\"750\" \/>\n\t<meta property=\"og:image:type\" content=\"image\/jpeg\" \/>\n<meta name=\"twitter:card\" content=\"summary_large_image\" \/>\n<meta name=\"twitter:label1\" content=\"Ber\u00e4knad l\u00e4stid\" \/>\n\t<meta name=\"twitter:data1\" content=\"1 minut\" \/>\n<script type=\"application\/ld+json\" class=\"yoast-schema-graph\">{\"@context\":\"https:\/\/schema.org\",\"@graph\":[{\"@type\":\"WebPage\",\"@id\":\"https:\/\/leatai.com\/sv\/product\/overlamnings-biloverforingsvaska\/overlamningsmapp-fordonsoverlamningsmapp-01\/\",\"url\":\"https:\/\/leatai.com\/sv\/product\/overlamnings-biloverforingsvaska\/overlamningsmapp-fordonsoverlamningsmapp-01\/\",\"name\":\"\u00d6verl\u00e4mningsmapp \/ fordons\u00f6verl\u00e4mningsmapp - 01 - A4-\u00f6verl\u00e4mningsmapp, f\u00f6r att f\u00f6rvara dina viktiga tillg\u00e5ngar - Leatai \u2013 Tillverkare av anpassade anteckningsb\u00f6cker\",\"isPartOf\":{\"@id\":\"https:\/\/leatai.com\/sv\/#website\"},\"primaryImageOfPage\":{\"@id\":\"https:\/\/leatai.com\/sv\/product\/overlamnings-biloverforingsvaska\/overlamningsmapp-fordonsoverlamningsmapp-01\/#primaryimage\"},\"image\":{\"@id\":\"https:\/\/leatai.com\/sv\/product\/overlamnings-biloverforingsvaska\/overlamningsmapp-fordonsoverlamningsmapp-01\/#primaryimage\"},\"thumbnailUrl\":\"https:\/\/leatai.com\/wp-content\/uploads\/DSC_8747.jpg\",\"datePublished\":\"2021-08-16T12:29:06+00:00\",\"dateModified\":\"2026-04-22T07:30:08+00:00\",\"description\":\"Leatai produktmodell: \u00f6verl\u00e4mningsmapp \/ fordons\u00f6verl\u00e4mningsmapp - 01, att k\u00f6pa ett hus \u00e4r en livsdr\u00f6m f\u00f6r m\u00e5nga. N\u00e4r aff\u00e4ren \u00e4r slutf\u00f6rd b\u00f6r dessa viktiga tillg\u00e5ngar f\u00f6rvaras p\u00e5 ett ordnat s\u00e4tt. Det \u00e4r inte bara en prestation, utan ocks\u00e5 ett framtida minne fyllt av v\u00e4rme. A4 \u00e4r den mest l\u00e4mpliga storleken.\",\"breadcrumb\":{\"@id\":\"https:\/\/leatai.com\/sv\/product\/overlamnings-biloverforingsvaska\/overlamningsmapp-fordonsoverlamningsmapp-01\/#breadcrumb\"},\"inLanguage\":\"sv-SE\",\"potentialAction\":[{\"@type\":\"ReadAction\",\"target\":[\"https:\/\/leatai.com\/sv\/product\/overlamnings-biloverforingsvaska\/overlamningsmapp-fordonsoverlamningsmapp-01\/\"]}]},{\"@type\":\"ImageObject\",\"inLanguage\":\"sv-SE\",\"@id\":\"https:\/\/leatai.com\/sv\/product\/overlamnings-biloverforingsvaska\/overlamningsmapp-fordonsoverlamningsmapp-01\/#primaryimage\",\"url\":\"https:\/\/leatai.com\/wp-content\/uploads\/DSC_8747.jpg\",\"contentUrl\":\"https:\/\/leatai.com\/wp-content\/uploads\/DSC_8747.jpg\",\"width\":1000,\"height\":750,\"caption\":\"\u00f6verl\u00e4mningsmapp\"},{\"@type\":\"BreadcrumbList\",\"@id\":\"https:\/\/leatai.com\/sv\/product\/overlamnings-biloverforingsvaska\/overlamningsmapp-fordonsoverlamningsmapp-01\/#breadcrumb\",\"itemListElement\":[{\"@type\":\"ListItem\",\"position\":1,\"name\":\"Home\",\"item\":\"https:\/\/leatai.com\/sv\/\"},{\"@type\":\"ListItem\",\"position\":2,\"name\":\"Produktpresentation\",\"item\":\"https:\/\/leatai.com\/products\/\"},{\"@type\":\"ListItem\",\"position\":3,\"name\":\"\u00d6verl\u00e4mnings-\/Bil\u00f6verf\u00f6ringsv\u00e4ska\",\"item\":\"https:\/\/leatai.com\/sv\/produkt-kategori\/overlamnings-biloverforingsvaska\/\"},{\"@type\":\"ListItem\",\"position\":4,\"name\":\"\u00d6verl\u00e4mningsmapp \/ fordons\u00f6verl\u00e4mningsmapp &#8211; 01\"}]},{\"@type\":\"WebSite\",\"@id\":\"https:\/\/leatai.com\/sv\/#website\",\"url\":\"https:\/\/leatai.com\/sv\/\",\"name\":\"Leatai \u2013 Tillverkare av anpassade anteckningsb\u00f6cker\",\"description\":\"Leatai erbjuder anpassade anteckningsb\u00f6cker och planeringsverktyg f\u00f6r varum\u00e4rken och distribut\u00f6rer \u00f6ver hela v\u00e4rlden.\",\"publisher\":{\"@id\":\"https:\/\/leatai.com\/sv\/#organization\"},\"potentialAction\":[{\"@type\":\"SearchAction\",\"target\":{\"@type\":\"EntryPoint\",\"urlTemplate\":\"https:\/\/leatai.com\/sv\/?s={search_term_string}\"},\"query-input\":{\"@type\":\"PropertyValueSpecification\",\"valueRequired\":true,\"valueName\":\"search_term_string\"}}],\"inLanguage\":\"sv-SE\"},{\"@type\":\"Organization\",\"@id\":\"https:\/\/leatai.com\/sv\/#organization\",\"name\":\"Leatai Diary, customized journal and business organizer\",\"url\":\"https:\/\/leatai.com\/sv\/\",\"logo\":{\"@type\":\"ImageObject\",\"inLanguage\":\"sv-SE\",\"@id\":\"https:\/\/leatai.com\/sv\/#\/schema\/logo\/image\/\",\"url\":\"https:\/\/leatai.com\/wp-content\/uploads\/logo-blue.png\",\"contentUrl\":\"https:\/\/leatai.com\/wp-content\/uploads\/logo-blue.png\",\"width\":230,\"height\":60,\"caption\":\"Leatai Diary, customized journal and business organizer\"},\"image\":{\"@id\":\"https:\/\/leatai.com\/sv\/#\/schema\/logo\/image\/\"},\"telephone\":\"+886-2-8227-8800\",\"legalName\":\"Leatai Stationary Co., Ltd.\",\"description\":\"A leading notebook factory in Taiwan offering bespoke branding, high-quality binding, and premium paper selections for corporate gifts and stationery wholesale.\",\"address\":{\"@type\":\"PostalAddress\",\"streetAddress\":\"11F., No. 168, Jiankang Rd.\",\"addressLocality\":\"Zhonghe Dist.\",\"addressRegion\":\"New Taipei City\",\"postalCode\":\"235\",\"addressCountry\":\"TW\"},\"contactPoint\":{\"@type\":\"ContactPoint\",\"telephone\":\"+886-2-8227-8800\",\"contactType\":\"sales\",\"areaServed\":\"Worldwide\",\"availableLanguage\":[\"zh-TW\",\"en\"]}}]}<\/script>\n<!-- \/ Yoast SEO plugin. -->","yoast_head_json":{"title":"\u00d6verl\u00e4mningsmapp \/ fordons\u00f6verl\u00e4mningsmapp - 01 - A4-\u00f6verl\u00e4mningsmapp, f\u00f6r att f\u00f6rvara dina viktiga tillg\u00e5ngar - Leatai \u2013 Tillverkare av anpassade anteckningsb\u00f6cker","description":"Leatai produktmodell: \u00f6verl\u00e4mningsmapp \/ fordons\u00f6verl\u00e4mningsmapp - 01, att k\u00f6pa ett hus \u00e4r en livsdr\u00f6m f\u00f6r m\u00e5nga. N\u00e4r aff\u00e4ren \u00e4r slutf\u00f6rd b\u00f6r dessa viktiga tillg\u00e5ngar f\u00f6rvaras p\u00e5 ett ordnat s\u00e4tt. Det \u00e4r inte bara en prestation, utan ocks\u00e5 ett framtida minne fyllt av v\u00e4rme. A4 \u00e4r den mest l\u00e4mpliga storleken.","robots":{"index":"index","follow":"follow","max-snippet":"max-snippet:-1","max-image-preview":"max-image-preview:large","max-video-preview":"max-video-preview:-1"},"canonical":"https:\/\/leatai.com\/sv\/product\/overlamnings-biloverforingsvaska\/overlamningsmapp-fordonsoverlamningsmapp-01\/","og_locale":"sv_SE","og_type":"article","og_title":"\u00d6verl\u00e4mningsmapp \/ fordons\u00f6verl\u00e4mningsmapp - 01 - A4-\u00f6verl\u00e4mningsmapp, f\u00f6r att f\u00f6rvara dina viktiga tillg\u00e5ngar - Leatai \u2013 Tillverkare av anpassade anteckningsb\u00f6cker","og_description":"Leatai produktmodell: \u00f6verl\u00e4mningsmapp \/ fordons\u00f6verl\u00e4mningsmapp - 01, att k\u00f6pa ett hus \u00e4r en livsdr\u00f6m f\u00f6r m\u00e5nga. N\u00e4r aff\u00e4ren \u00e4r slutf\u00f6rd b\u00f6r dessa viktiga tillg\u00e5ngar f\u00f6rvaras p\u00e5 ett ordnat s\u00e4tt. Det \u00e4r inte bara en prestation, utan ocks\u00e5 ett framtida minne fyllt av v\u00e4rme. A4 \u00e4r den mest l\u00e4mpliga storleken.","og_url":"https:\/\/leatai.com\/sv\/product\/overlamnings-biloverforingsvaska\/overlamningsmapp-fordonsoverlamningsmapp-01\/","og_site_name":"Leatai \u2013 Tillverkare av anpassade anteckningsb\u00f6cker","article_modified_time":"2026-04-22T07:30:08+00:00","og_image":[{"width":1000,"height":750,"url":"https:\/\/leatai.com\/wp-content\/uploads\/DSC_8747.jpg","type":"image\/jpeg"}],"twitter_card":"summary_large_image","twitter_misc":{"Ber\u00e4knad l\u00e4stid":"1 minut"},"schema":{"@context":"https:\/\/schema.org","@graph":[{"@type":"WebPage","@id":"https:\/\/leatai.com\/sv\/product\/overlamnings-biloverforingsvaska\/overlamningsmapp-fordonsoverlamningsmapp-01\/","url":"https:\/\/leatai.com\/sv\/product\/overlamnings-biloverforingsvaska\/overlamningsmapp-fordonsoverlamningsmapp-01\/","name":"\u00d6verl\u00e4mningsmapp \/ fordons\u00f6verl\u00e4mningsmapp - 01 - A4-\u00f6verl\u00e4mningsmapp, f\u00f6r att f\u00f6rvara dina viktiga tillg\u00e5ngar - Leatai \u2013 Tillverkare av anpassade anteckningsb\u00f6cker","isPartOf":{"@id":"https:\/\/leatai.com\/sv\/#website"},"primaryImageOfPage":{"@id":"https:\/\/leatai.com\/sv\/product\/overlamnings-biloverforingsvaska\/overlamningsmapp-fordonsoverlamningsmapp-01\/#primaryimage"},"image":{"@id":"https:\/\/leatai.com\/sv\/product\/overlamnings-biloverforingsvaska\/overlamningsmapp-fordonsoverlamningsmapp-01\/#primaryimage"},"thumbnailUrl":"https:\/\/leatai.com\/wp-content\/uploads\/DSC_8747.jpg","datePublished":"2021-08-16T12:29:06+00:00","dateModified":"2026-04-22T07:30:08+00:00","description":"Leatai produktmodell: \u00f6verl\u00e4mningsmapp \/ fordons\u00f6verl\u00e4mningsmapp - 01, att k\u00f6pa ett hus \u00e4r en livsdr\u00f6m f\u00f6r m\u00e5nga. N\u00e4r aff\u00e4ren \u00e4r slutf\u00f6rd b\u00f6r dessa viktiga tillg\u00e5ngar f\u00f6rvaras p\u00e5 ett ordnat s\u00e4tt. Det \u00e4r inte bara en prestation, utan ocks\u00e5 ett framtida minne fyllt av v\u00e4rme. A4 \u00e4r den mest l\u00e4mpliga storleken.","breadcrumb":{"@id":"https:\/\/leatai.com\/sv\/product\/overlamnings-biloverforingsvaska\/overlamningsmapp-fordonsoverlamningsmapp-01\/#breadcrumb"},"inLanguage":"sv-SE","potentialAction":[{"@type":"ReadAction","target":["https:\/\/leatai.com\/sv\/product\/overlamnings-biloverforingsvaska\/overlamningsmapp-fordonsoverlamningsmapp-01\/"]}]},{"@type":"ImageObject","inLanguage":"sv-SE","@id":"https:\/\/leatai.com\/sv\/product\/overlamnings-biloverforingsvaska\/overlamningsmapp-fordonsoverlamningsmapp-01\/#primaryimage","url":"https:\/\/leatai.com\/wp-content\/uploads\/DSC_8747.jpg","contentUrl":"https:\/\/leatai.com\/wp-content\/uploads\/DSC_8747.jpg","width":1000,"height":750,"caption":"\u00f6verl\u00e4mningsmapp"},{"@type":"BreadcrumbList","@id":"https:\/\/leatai.com\/sv\/product\/overlamnings-biloverforingsvaska\/overlamningsmapp-fordonsoverlamningsmapp-01\/#breadcrumb","itemListElement":[{"@type":"ListItem","position":1,"name":"Home","item":"https:\/\/leatai.com\/sv\/"},{"@type":"ListItem","position":2,"name":"Produktpresentation","item":"https:\/\/leatai.com\/products\/"},{"@type":"ListItem","position":3,"name":"\u00d6verl\u00e4mnings-\/Bil\u00f6verf\u00f6ringsv\u00e4ska","item":"https:\/\/leatai.com\/sv\/produkt-kategori\/overlamnings-biloverforingsvaska\/"},{"@type":"ListItem","position":4,"name":"\u00d6verl\u00e4mningsmapp \/ fordons\u00f6verl\u00e4mningsmapp &#8211; 01"}]},{"@type":"WebSite","@id":"https:\/\/leatai.com\/sv\/#website","url":"https:\/\/leatai.com\/sv\/","name":"Leatai \u2013 Tillverkare av anpassade anteckningsb\u00f6cker","description":"Leatai erbjuder anpassade anteckningsb\u00f6cker och planeringsverktyg f\u00f6r varum\u00e4rken och distribut\u00f6rer \u00f6ver hela v\u00e4rlden.","publisher":{"@id":"https:\/\/leatai.com\/sv\/#organization"},"potentialAction":[{"@type":"SearchAction","target":{"@type":"EntryPoint","urlTemplate":"https:\/\/leatai.com\/sv\/?s={search_term_string}"},"query-input":{"@type":"PropertyValueSpecification","valueRequired":true,"valueName":"search_term_string"}}],"inLanguage":"sv-SE"},{"@type":"Organization","@id":"https:\/\/leatai.com\/sv\/#organization","name":"Leatai Diary, customized journal and business organizer","url":"https:\/\/leatai.com\/sv\/","logo":{"@type":"ImageObject","inLanguage":"sv-SE","@id":"https:\/\/leatai.com\/sv\/#\/schema\/logo\/image\/","url":"https:\/\/leatai.com\/wp-content\/uploads\/logo-blue.png","contentUrl":"https:\/\/leatai.com\/wp-content\/uploads\/logo-blue.png","width":230,"height":60,"caption":"Leatai Diary, customized journal and business organizer"},"image":{"@id":"https:\/\/leatai.com\/sv\/#\/schema\/logo\/image\/"},"telephone":"+886-2-8227-8800","legalName":"Leatai Stationary Co., Ltd.","description":"A leading notebook factory in Taiwan offering bespoke branding, high-quality binding, and premium paper selections for corporate gifts and stationery wholesale.","address":{"@type":"PostalAddress","streetAddress":"11F., No. 168, Jiankang Rd.","addressLocality":"Zhonghe Dist.","addressRegion":"New Taipei City","postalCode":"235","addressCountry":"TW"},"contactPoint":{"@type":"ContactPoint","telephone":"+886-2-8227-8800","contactType":"sales","areaServed":"Worldwide","availableLanguage":["zh-TW","en"]}}]}},"_links":{"self":[{"href":"https:\/\/leatai.com\/sv\/wp-json\/wp\/v2\/product\/308260","targetHints":{"allow":["GET"]}}],"collection":[{"href":"https:\/\/leatai.com\/sv\/wp-json\/wp\/v2\/product"}],"about":[{"href":"https:\/\/leatai.com\/sv\/wp-json\/wp\/v2\/types\/product"}],"wp:featuredmedia":[{"embeddable":true,"href":"https:\/\/leatai.com\/sv\/wp-json\/wp\/v2\/media\/308261"}],"wp:attachment":[{"href":"https:\/\/leatai.com\/sv\/wp-json\/wp\/v2\/media?parent=308260"}],"wp:term":[{"taxonomy":"product_brand","embeddable":true,"href":"https:\/\/leatai.com\/sv\/wp-json\/wp\/v2\/product_brand?post=308260"},{"taxonomy":"product_cat","embeddable":true,"href":"https:\/\/leatai.com\/sv\/wp-json\/wp\/v2\/product_cat?post=308260"},{"taxonomy":"product_tag","embeddable":true,"href":"https:\/\/leatai.com\/sv\/wp-json\/wp\/v2\/product_tag?post=308260"},{"taxonomy":"home_works","embeddable":true,"href":"https:\/\/leatai.com\/sv\/wp-json\/wp\/v2\/home_works?post=308260"}],"curies":[{"name":"wp","href":"https:\/\/api.w.org\/{rel}","templated":true}]}}