{"id":308259,"date":"2025-04-24T15:51:06","date_gmt":"2025-04-24T07:51:06","guid":{"rendered":"https:\/\/leatai.com\/?post_type=product&#038;p=308259"},"modified":"2026-04-22T15:37:34","modified_gmt":"2026-04-22T07:37:34","slug":"produktmodell-overlamningsmapp-fordonsoverlamningsmapp-06","status":"publish","type":"product","link":"https:\/\/leatai.com\/sv\/product\/overlamnings-biloverforingsvaska\/produktmodell-overlamningsmapp-fordonsoverlamningsmapp-06\/","title":{"rendered":"\u00d6verl\u00e4mningsmapp \/ fordons\u00f6verl\u00e4mningsmapp &#8211; 06"},"content":{"rendered":"<p>Produktmodell: \u00f6verl\u00e4mningsmapp \/ fordons\u00f6verl\u00e4mningsmapp &#8211; 06<br \/>\nOmslagsmaterial: syntetl\u00e4der<br \/>\nF\u00e4rg: gr\u00f6n<br \/>\nSpecifikation: anpassad storlek <a href=\"https:\/\/leatai.com\/sv\/faq\/vad-ar-8k-16k-och-25k-planeringsstorlekar-hur-stora-ar-de\/\" target=\"_blank\" rel=\"noopener\">(vanlig storlek)<\/a><br \/>\nInlaga: ingen <a href=\"https:\/\/leatai.com\/sv\/produkt-kategori\/format-for-innersidor\/a5-innersidor\/\" target=\"_blank\" rel=\"noopener\">(val av sidlayout)<\/a><br \/>\nF\u00f6rpackning: OPP-p\u00e5se (tillval)<br \/>\nLOGO-bearbetning: varmpr\u00e4gling i guld, varmpr\u00e4gling i silver, pr\u00e4gling<\/p>\n<p>Produktbeskrivning<br \/>\nLeatai produktmodell: \u00f6verl\u00e4mningsmapp \/ fordons\u00f6verl\u00e4mningsmapp &#8211; 06, en kundanpassad \u00f6verl\u00e4mningsmapp som helt kan uppfylla anv\u00e4ndarens behov. Den g\u00f6r \u00f6verl\u00e4mningsprocessen smidigare och bevarar samtidigt de fina minnena p\u00e5 ett komplett s\u00e4tt.<\/p>\n<p>\ud83d\udcd6F\u00f6r fler rekommendationer om specialanpassade anteckningsb\u00f6cker \/ tryck och produktion av f\u00f6retagsdagb\u00f6cker, v\u00e4nligen se:<br \/>\n<a href=\"https:\/\/leatai.com\/sv\/produkt-kategori\/olika-oem-prover\/oem-inbunden-anteckningsbok\/\" target=\"_blank\" rel=\"noopener\">OEM inbundna b\u00f6cker<\/a><br \/>\n<a href=\"https:\/\/leatai.com\/sv\/produkt-kategori\/olika-oem-prover\/oem-losblad-notebook\/\" target=\"_blank\" rel=\"noopener\">OEM ringp\u00e4rmar<\/a><br \/>\n<a href=\"https:\/\/leatai.com\/sv\/produkt-kategori\/olika-oem-prover\/oem-avtagbar-anteckningsbok\/\" target=\"_blank\" rel=\"noopener\">OEM utdragbara ringp\u00e4rmar<\/a><br \/>\n<a href=\"https:\/\/leatai.com\/sv\/produkt-kategori\/olika-oem-prover\/oem-mjukband-notebook\/\" target=\"_blank\" rel=\"noopener\">OEM mjukbandade b\u00f6cker<\/a><br \/>\n<a href=\"https:\/\/leatai.com\/sv\/produkt-kategori\/olika-oem-prover\/oem-spiralanteckningsbok\/\" target=\"_blank\" rel=\"noopener\">OEM spiralbundna b\u00f6cker<\/a><br \/>\n<a href=\"https:\/\/leatai.com\/sv\/produkt-kategori\/olika-oem-prover\/oem-kalender-sv\/\" target=\"_blank\" rel=\"noopener\">OEM specialanpassade avrivningskalendrar \/ tryck av specialanpassade skrivbordskalendrar<\/a><br \/>\n<a href=\"https:\/\/leatai.com\/sv\/produkt-kategori\/olika-oem-prover\/oem-andra\/\" target=\"_blank\" rel=\"noopener\">OEM \u00f6vrigt<\/a><\/p>\n<p>F\u00f6r fullst\u00e4ndig storleksf\u00f6rklaring, v\u00e4nligen se: <a href=\"https:\/\/leatai.com\/sv\/anteckningsbokskunskap\/pappersstorleksguide-forsta-vanliga-storlekar-som-b3-a4-b5-8k-16k-och-mer-en-omfattande-storlekstabell-for-enkel-referens\/\" target=\"_blank\" rel=\"noopener\">Pappersstorleksguide: B3, A4, B5, 8K, 16K och andra vanliga format \u2013 j\u00e4mf\u00f6relsetabell f\u00f6r pappersstorlekar som \u00e4r l\u00e4tt att f\u00f6rst\u00e5!<\/a><\/p>\n<p>&nbsp;<\/p>\n","protected":false},"excerpt":{"rendered":"<p>Produktmodell: \u00f6verl\u00e4mningsmapp \/ fordons\u00f6verl\u00e4mningsmapp &#8211; 06 Omslagsmaterial: syntetl\u00e4der F\u00e4rg: gr\u00f6n Specifikation: anpassad storlek (vanlig storlek) Inlaga: ingen (val av sidlayout) F\u00f6rpackning: OPP-p\u00e5se (tillval) LOGO-bearbetning: varmpr\u00e4gling i guld, varmpr\u00e4gling i silver, pr\u00e4gling Produktbeskrivning Leatai produktmodell: \u00f6verl\u00e4mningsmapp \/ fordons\u00f6verl\u00e4mningsmapp &#8211; 06, en kundanpassad \u00f6verl\u00e4mningsmapp som helt kan uppfylla anv\u00e4ndarens behov. Den g\u00f6r \u00f6verl\u00e4mningsprocessen smidigare och bevarar samtidigt [&hellip;]<\/p>\n","protected":false},"featured_media":194113,"template":"","meta":{"_acf_changed":false},"product_brand":[],"product_cat":[813],"product_tag":[],"home_works":[],"class_list":{"0":"post-308259","1":"product","2":"type-product","3":"status-publish","4":"has-post-thumbnail","6":"product_cat-overlamnings-biloverforingsvaska","8":"first","9":"instock","10":"sold-individually","11":"shipping-taxable","12":"purchasable","13":"product-type-variable","14":"has-default-attributes"},"acf":[],"yoast_head":"<!-- This site is optimized with the Yoast SEO plugin v27.2 - https:\/\/yoast.com\/product\/yoast-seo-wordpress\/ -->\n<title>\u00d6verl\u00e4mningsmapp \/ fordons\u00f6verl\u00e4mningsmapp - 06 - Leatai \u2013 Tillverkare av anpassade anteckningsb\u00f6cker<\/title>\n<meta name=\"description\" content=\"Leatai produktmodell: \u00f6verl\u00e4mningsmapp \/ fordons\u00f6verl\u00e4mningsmapp - 06, en kundanpassad \u00f6verl\u00e4mningsmapp som helt kan uppfylla anv\u00e4ndarens behov. Den g\u00f6r \u00f6verl\u00e4mningsprocessen smidigare och bevarar samtidigt de fina minnena p\u00e5 ett komplett s\u00e4tt.\" \/>\n<meta name=\"robots\" content=\"index, follow, max-snippet:-1, max-image-preview:large, max-video-preview:-1\" \/>\n<link rel=\"canonical\" href=\"https:\/\/leatai.com\/sv\/product\/overlamnings-biloverforingsvaska\/produktmodell-overlamningsmapp-fordonsoverlamningsmapp-06\/\" \/>\n<meta property=\"og:locale\" content=\"sv_SE\" \/>\n<meta property=\"og:type\" content=\"article\" \/>\n<meta property=\"og:title\" content=\"\u00d6verl\u00e4mningsmapp \/ fordons\u00f6verl\u00e4mningsmapp - 06 - Leatai \u2013 Tillverkare av anpassade anteckningsb\u00f6cker\" \/>\n<meta property=\"og:description\" content=\"Leatai produktmodell: \u00f6verl\u00e4mningsmapp \/ fordons\u00f6verl\u00e4mningsmapp - 06, en kundanpassad \u00f6verl\u00e4mningsmapp som helt kan uppfylla anv\u00e4ndarens behov. Den g\u00f6r \u00f6verl\u00e4mningsprocessen smidigare och bevarar samtidigt de fina minnena p\u00e5 ett komplett s\u00e4tt.\" \/>\n<meta property=\"og:url\" content=\"https:\/\/leatai.com\/sv\/product\/overlamnings-biloverforingsvaska\/produktmodell-overlamningsmapp-fordonsoverlamningsmapp-06\/\" \/>\n<meta property=\"og:site_name\" content=\"Leatai \u2013 Tillverkare av anpassade anteckningsb\u00f6cker\" \/>\n<meta property=\"article:modified_time\" content=\"2026-04-22T07:37:34+00:00\" \/>\n<meta property=\"og:image\" content=\"https:\/\/leatai.com\/wp-content\/uploads\/DSC_3049.jpg\" \/>\n\t<meta property=\"og:image:width\" content=\"1000\" \/>\n\t<meta property=\"og:image:height\" content=\"750\" \/>\n\t<meta property=\"og:image:type\" content=\"image\/jpeg\" \/>\n<meta name=\"twitter:card\" content=\"summary_large_image\" \/>\n<meta name=\"twitter:label1\" content=\"Ber\u00e4knad l\u00e4stid\" \/>\n\t<meta name=\"twitter:data1\" content=\"1 minut\" \/>\n<script type=\"application\/ld+json\" class=\"yoast-schema-graph\">{\"@context\":\"https:\/\/schema.org\",\"@graph\":[{\"@type\":\"WebPage\",\"@id\":\"https:\/\/leatai.com\/sv\/product\/overlamnings-biloverforingsvaska\/produktmodell-overlamningsmapp-fordonsoverlamningsmapp-06\/\",\"url\":\"https:\/\/leatai.com\/sv\/product\/overlamnings-biloverforingsvaska\/produktmodell-overlamningsmapp-fordonsoverlamningsmapp-06\/\",\"name\":\"\u00d6verl\u00e4mningsmapp \/ fordons\u00f6verl\u00e4mningsmapp - 06 - Leatai \u2013 Tillverkare av anpassade anteckningsb\u00f6cker\",\"isPartOf\":{\"@id\":\"https:\/\/leatai.com\/sv\/#website\"},\"primaryImageOfPage\":{\"@id\":\"https:\/\/leatai.com\/sv\/product\/overlamnings-biloverforingsvaska\/produktmodell-overlamningsmapp-fordonsoverlamningsmapp-06\/#primaryimage\"},\"image\":{\"@id\":\"https:\/\/leatai.com\/sv\/product\/overlamnings-biloverforingsvaska\/produktmodell-overlamningsmapp-fordonsoverlamningsmapp-06\/#primaryimage\"},\"thumbnailUrl\":\"https:\/\/leatai.com\/wp-content\/uploads\/DSC_3049.jpg\",\"datePublished\":\"2025-04-24T07:51:06+00:00\",\"dateModified\":\"2026-04-22T07:37:34+00:00\",\"description\":\"Leatai produktmodell: \u00f6verl\u00e4mningsmapp \/ fordons\u00f6verl\u00e4mningsmapp - 06, en kundanpassad \u00f6verl\u00e4mningsmapp som helt kan uppfylla anv\u00e4ndarens behov. Den g\u00f6r \u00f6verl\u00e4mningsprocessen smidigare och bevarar samtidigt de fina minnena p\u00e5 ett komplett s\u00e4tt.\",\"breadcrumb\":{\"@id\":\"https:\/\/leatai.com\/sv\/product\/overlamnings-biloverforingsvaska\/produktmodell-overlamningsmapp-fordonsoverlamningsmapp-06\/#breadcrumb\"},\"inLanguage\":\"sv-SE\",\"potentialAction\":[{\"@type\":\"ReadAction\",\"target\":[\"https:\/\/leatai.com\/sv\/product\/overlamnings-biloverforingsvaska\/produktmodell-overlamningsmapp-fordonsoverlamningsmapp-06\/\"]}]},{\"@type\":\"ImageObject\",\"inLanguage\":\"sv-SE\",\"@id\":\"https:\/\/leatai.com\/sv\/product\/overlamnings-biloverforingsvaska\/produktmodell-overlamningsmapp-fordonsoverlamningsmapp-06\/#primaryimage\",\"url\":\"https:\/\/leatai.com\/wp-content\/uploads\/DSC_3049.jpg\",\"contentUrl\":\"https:\/\/leatai.com\/wp-content\/uploads\/DSC_3049.jpg\",\"width\":1000,\"height\":750},{\"@type\":\"BreadcrumbList\",\"@id\":\"https:\/\/leatai.com\/sv\/product\/overlamnings-biloverforingsvaska\/produktmodell-overlamningsmapp-fordonsoverlamningsmapp-06\/#breadcrumb\",\"itemListElement\":[{\"@type\":\"ListItem\",\"position\":1,\"name\":\"Home\",\"item\":\"https:\/\/leatai.com\/sv\/\"},{\"@type\":\"ListItem\",\"position\":2,\"name\":\"Produktpresentation\",\"item\":\"https:\/\/leatai.com\/products\/\"},{\"@type\":\"ListItem\",\"position\":3,\"name\":\"\u00d6verl\u00e4mnings-\/Bil\u00f6verf\u00f6ringsv\u00e4ska\",\"item\":\"https:\/\/leatai.com\/sv\/produkt-kategori\/overlamnings-biloverforingsvaska\/\"},{\"@type\":\"ListItem\",\"position\":4,\"name\":\"\u00d6verl\u00e4mningsmapp \/ fordons\u00f6verl\u00e4mningsmapp &#8211; 06\"}]},{\"@type\":\"WebSite\",\"@id\":\"https:\/\/leatai.com\/sv\/#website\",\"url\":\"https:\/\/leatai.com\/sv\/\",\"name\":\"Leatai \u2013 Tillverkare av anpassade anteckningsb\u00f6cker\",\"description\":\"Leatai erbjuder anpassade anteckningsb\u00f6cker och planeringsverktyg f\u00f6r varum\u00e4rken och distribut\u00f6rer \u00f6ver hela v\u00e4rlden.\",\"publisher\":{\"@id\":\"https:\/\/leatai.com\/sv\/#organization\"},\"potentialAction\":[{\"@type\":\"SearchAction\",\"target\":{\"@type\":\"EntryPoint\",\"urlTemplate\":\"https:\/\/leatai.com\/sv\/?s={search_term_string}\"},\"query-input\":{\"@type\":\"PropertyValueSpecification\",\"valueRequired\":true,\"valueName\":\"search_term_string\"}}],\"inLanguage\":\"sv-SE\"},{\"@type\":\"Organization\",\"@id\":\"https:\/\/leatai.com\/sv\/#organization\",\"name\":\"Leatai Diary, customized journal and business organizer\",\"url\":\"https:\/\/leatai.com\/sv\/\",\"logo\":{\"@type\":\"ImageObject\",\"inLanguage\":\"sv-SE\",\"@id\":\"https:\/\/leatai.com\/sv\/#\/schema\/logo\/image\/\",\"url\":\"https:\/\/leatai.com\/wp-content\/uploads\/logo-blue.png\",\"contentUrl\":\"https:\/\/leatai.com\/wp-content\/uploads\/logo-blue.png\",\"width\":230,\"height\":60,\"caption\":\"Leatai Diary, customized journal and business organizer\"},\"image\":{\"@id\":\"https:\/\/leatai.com\/sv\/#\/schema\/logo\/image\/\"},\"telephone\":\"+886-2-8227-8800\",\"legalName\":\"Leatai Stationary Co., Ltd.\",\"description\":\"A leading notebook factory in Taiwan offering bespoke branding, high-quality binding, and premium paper selections for corporate gifts and stationery wholesale.\",\"address\":{\"@type\":\"PostalAddress\",\"streetAddress\":\"11F., No. 168, Jiankang Rd.\",\"addressLocality\":\"Zhonghe Dist.\",\"addressRegion\":\"New Taipei City\",\"postalCode\":\"235\",\"addressCountry\":\"TW\"},\"contactPoint\":{\"@type\":\"ContactPoint\",\"telephone\":\"+886-2-8227-8800\",\"contactType\":\"sales\",\"areaServed\":\"Worldwide\",\"availableLanguage\":[\"zh-TW\",\"en\"]}}]}<\/script>\n<!-- \/ Yoast SEO plugin. -->","yoast_head_json":{"title":"\u00d6verl\u00e4mningsmapp \/ fordons\u00f6verl\u00e4mningsmapp - 06 - Leatai \u2013 Tillverkare av anpassade anteckningsb\u00f6cker","description":"Leatai produktmodell: \u00f6verl\u00e4mningsmapp \/ fordons\u00f6verl\u00e4mningsmapp - 06, en kundanpassad \u00f6verl\u00e4mningsmapp som helt kan uppfylla anv\u00e4ndarens behov. Den g\u00f6r \u00f6verl\u00e4mningsprocessen smidigare och bevarar samtidigt de fina minnena p\u00e5 ett komplett s\u00e4tt.","robots":{"index":"index","follow":"follow","max-snippet":"max-snippet:-1","max-image-preview":"max-image-preview:large","max-video-preview":"max-video-preview:-1"},"canonical":"https:\/\/leatai.com\/sv\/product\/overlamnings-biloverforingsvaska\/produktmodell-overlamningsmapp-fordonsoverlamningsmapp-06\/","og_locale":"sv_SE","og_type":"article","og_title":"\u00d6verl\u00e4mningsmapp \/ fordons\u00f6verl\u00e4mningsmapp - 06 - Leatai \u2013 Tillverkare av anpassade anteckningsb\u00f6cker","og_description":"Leatai produktmodell: \u00f6verl\u00e4mningsmapp \/ fordons\u00f6verl\u00e4mningsmapp - 06, en kundanpassad \u00f6verl\u00e4mningsmapp som helt kan uppfylla anv\u00e4ndarens behov. Den g\u00f6r \u00f6verl\u00e4mningsprocessen smidigare och bevarar samtidigt de fina minnena p\u00e5 ett komplett s\u00e4tt.","og_url":"https:\/\/leatai.com\/sv\/product\/overlamnings-biloverforingsvaska\/produktmodell-overlamningsmapp-fordonsoverlamningsmapp-06\/","og_site_name":"Leatai \u2013 Tillverkare av anpassade anteckningsb\u00f6cker","article_modified_time":"2026-04-22T07:37:34+00:00","og_image":[{"width":1000,"height":750,"url":"https:\/\/leatai.com\/wp-content\/uploads\/DSC_3049.jpg","type":"image\/jpeg"}],"twitter_card":"summary_large_image","twitter_misc":{"Ber\u00e4knad l\u00e4stid":"1 minut"},"schema":{"@context":"https:\/\/schema.org","@graph":[{"@type":"WebPage","@id":"https:\/\/leatai.com\/sv\/product\/overlamnings-biloverforingsvaska\/produktmodell-overlamningsmapp-fordonsoverlamningsmapp-06\/","url":"https:\/\/leatai.com\/sv\/product\/overlamnings-biloverforingsvaska\/produktmodell-overlamningsmapp-fordonsoverlamningsmapp-06\/","name":"\u00d6verl\u00e4mningsmapp \/ fordons\u00f6verl\u00e4mningsmapp - 06 - Leatai \u2013 Tillverkare av anpassade anteckningsb\u00f6cker","isPartOf":{"@id":"https:\/\/leatai.com\/sv\/#website"},"primaryImageOfPage":{"@id":"https:\/\/leatai.com\/sv\/product\/overlamnings-biloverforingsvaska\/produktmodell-overlamningsmapp-fordonsoverlamningsmapp-06\/#primaryimage"},"image":{"@id":"https:\/\/leatai.com\/sv\/product\/overlamnings-biloverforingsvaska\/produktmodell-overlamningsmapp-fordonsoverlamningsmapp-06\/#primaryimage"},"thumbnailUrl":"https:\/\/leatai.com\/wp-content\/uploads\/DSC_3049.jpg","datePublished":"2025-04-24T07:51:06+00:00","dateModified":"2026-04-22T07:37:34+00:00","description":"Leatai produktmodell: \u00f6verl\u00e4mningsmapp \/ fordons\u00f6verl\u00e4mningsmapp - 06, en kundanpassad \u00f6verl\u00e4mningsmapp som helt kan uppfylla anv\u00e4ndarens behov. Den g\u00f6r \u00f6verl\u00e4mningsprocessen smidigare och bevarar samtidigt de fina minnena p\u00e5 ett komplett s\u00e4tt.","breadcrumb":{"@id":"https:\/\/leatai.com\/sv\/product\/overlamnings-biloverforingsvaska\/produktmodell-overlamningsmapp-fordonsoverlamningsmapp-06\/#breadcrumb"},"inLanguage":"sv-SE","potentialAction":[{"@type":"ReadAction","target":["https:\/\/leatai.com\/sv\/product\/overlamnings-biloverforingsvaska\/produktmodell-overlamningsmapp-fordonsoverlamningsmapp-06\/"]}]},{"@type":"ImageObject","inLanguage":"sv-SE","@id":"https:\/\/leatai.com\/sv\/product\/overlamnings-biloverforingsvaska\/produktmodell-overlamningsmapp-fordonsoverlamningsmapp-06\/#primaryimage","url":"https:\/\/leatai.com\/wp-content\/uploads\/DSC_3049.jpg","contentUrl":"https:\/\/leatai.com\/wp-content\/uploads\/DSC_3049.jpg","width":1000,"height":750},{"@type":"BreadcrumbList","@id":"https:\/\/leatai.com\/sv\/product\/overlamnings-biloverforingsvaska\/produktmodell-overlamningsmapp-fordonsoverlamningsmapp-06\/#breadcrumb","itemListElement":[{"@type":"ListItem","position":1,"name":"Home","item":"https:\/\/leatai.com\/sv\/"},{"@type":"ListItem","position":2,"name":"Produktpresentation","item":"https:\/\/leatai.com\/products\/"},{"@type":"ListItem","position":3,"name":"\u00d6verl\u00e4mnings-\/Bil\u00f6verf\u00f6ringsv\u00e4ska","item":"https:\/\/leatai.com\/sv\/produkt-kategori\/overlamnings-biloverforingsvaska\/"},{"@type":"ListItem","position":4,"name":"\u00d6verl\u00e4mningsmapp \/ fordons\u00f6verl\u00e4mningsmapp &#8211; 06"}]},{"@type":"WebSite","@id":"https:\/\/leatai.com\/sv\/#website","url":"https:\/\/leatai.com\/sv\/","name":"Leatai \u2013 Tillverkare av anpassade anteckningsb\u00f6cker","description":"Leatai erbjuder anpassade anteckningsb\u00f6cker och planeringsverktyg f\u00f6r varum\u00e4rken och distribut\u00f6rer \u00f6ver hela v\u00e4rlden.","publisher":{"@id":"https:\/\/leatai.com\/sv\/#organization"},"potentialAction":[{"@type":"SearchAction","target":{"@type":"EntryPoint","urlTemplate":"https:\/\/leatai.com\/sv\/?s={search_term_string}"},"query-input":{"@type":"PropertyValueSpecification","valueRequired":true,"valueName":"search_term_string"}}],"inLanguage":"sv-SE"},{"@type":"Organization","@id":"https:\/\/leatai.com\/sv\/#organization","name":"Leatai Diary, customized journal and business organizer","url":"https:\/\/leatai.com\/sv\/","logo":{"@type":"ImageObject","inLanguage":"sv-SE","@id":"https:\/\/leatai.com\/sv\/#\/schema\/logo\/image\/","url":"https:\/\/leatai.com\/wp-content\/uploads\/logo-blue.png","contentUrl":"https:\/\/leatai.com\/wp-content\/uploads\/logo-blue.png","width":230,"height":60,"caption":"Leatai Diary, customized journal and business organizer"},"image":{"@id":"https:\/\/leatai.com\/sv\/#\/schema\/logo\/image\/"},"telephone":"+886-2-8227-8800","legalName":"Leatai Stationary Co., Ltd.","description":"A leading notebook factory in Taiwan offering bespoke branding, high-quality binding, and premium paper selections for corporate gifts and stationery wholesale.","address":{"@type":"PostalAddress","streetAddress":"11F., No. 168, Jiankang Rd.","addressLocality":"Zhonghe Dist.","addressRegion":"New Taipei City","postalCode":"235","addressCountry":"TW"},"contactPoint":{"@type":"ContactPoint","telephone":"+886-2-8227-8800","contactType":"sales","areaServed":"Worldwide","availableLanguage":["zh-TW","en"]}}]}},"_links":{"self":[{"href":"https:\/\/leatai.com\/sv\/wp-json\/wp\/v2\/product\/308259","targetHints":{"allow":["GET"]}}],"collection":[{"href":"https:\/\/leatai.com\/sv\/wp-json\/wp\/v2\/product"}],"about":[{"href":"https:\/\/leatai.com\/sv\/wp-json\/wp\/v2\/types\/product"}],"wp:featuredmedia":[{"embeddable":true,"href":"https:\/\/leatai.com\/sv\/wp-json\/wp\/v2\/media\/194113"}],"wp:attachment":[{"href":"https:\/\/leatai.com\/sv\/wp-json\/wp\/v2\/media?parent=308259"}],"wp:term":[{"taxonomy":"product_brand","embeddable":true,"href":"https:\/\/leatai.com\/sv\/wp-json\/wp\/v2\/product_brand?post=308259"},{"taxonomy":"product_cat","embeddable":true,"href":"https:\/\/leatai.com\/sv\/wp-json\/wp\/v2\/product_cat?post=308259"},{"taxonomy":"product_tag","embeddable":true,"href":"https:\/\/leatai.com\/sv\/wp-json\/wp\/v2\/product_tag?post=308259"},{"taxonomy":"home_works","embeddable":true,"href":"https:\/\/leatai.com\/sv\/wp-json\/wp\/v2\/home_works?post=308259"}],"curies":[{"name":"wp","href":"https:\/\/api.w.org\/{rel}","templated":true}]}}