{"id":307338,"date":"2021-06-24T13:33:46","date_gmt":"2021-06-24T05:33:46","guid":{"rendered":"https:\/\/leatai.com\/product\/okategoriserad\/lhc-010\/"},"modified":"2026-04-22T13:36:00","modified_gmt":"2026-04-22T05:36:00","slug":"lhc-010","status":"publish","type":"product","link":"https:\/\/leatai.com\/sv\/product\/anpassad-anteckningsbok\/anteckningsbok-med-hardparm\/lhc-010\/","title":{"rendered":"LHC-010"},"content":{"rendered":"<p>[Materialet har utg\u00e5tt, endast visningsprodukt kvar]<\/p>\n<p>Produktmodell: LHC-010<br \/>\nOmslagsmaterial: h\u00f6gkvalitativt linnetyg<br \/>\nF\u00e4rg: brun \/ off-white<br \/>\nSpecifikation: 16K \/ 25K \/ 48K <a href=\"https:\/\/leatai.com\/sv\/faq\/vad-ar-8k-16k-och-25k-planeringsstorlekar-hur-stora-ar-de\/\" target=\"_blank\" rel=\"noopener\">(vanliga storlekar)<\/a><br \/>\nInnerblad: Standard\u00a0<a href=\"https:\/\/leatai.com\/sv\/produkt-kategori\/format-for-innersidor\/\" target=\"_blank\" rel=\"noopener\">(val av layout)<\/a><br \/>\nF\u00f6rpackning: OPP-p\u00e5se (tillval)<br \/>\nLOGO-bearbetning: varmpr\u00e4gling i guld, varmpr\u00e4gling i silver, pr\u00e4gling<\/p>\n<p>Inbunden med rund rygg:<br \/>\nBokens rygg har en rundad design med mjuka linjer och en klassisk bokf\u00e5ra!<\/p>\n<p>Inbunden med rak rygg:<br \/>\nBokens rygg har en rak design, fast och stadig k\u00e4nsla, lika uts\u00f6kt som en sagobok, varje skrivstund \u00e4r en njutning!<\/p>\n<p>Certifikatstil inbunden:<br \/>\nUtan rygg och bokf\u00e5ra, l\u00e4tt att bl\u00e4ddra i, med rundade h\u00f6rn f\u00f6r en mjukare och l\u00e4ttare k\u00e4nsla!<\/p>\n<p>Produktbeskrivning<br \/>\nLeatai produktmodell: LHC-010, med en mening beskrivet \u2013 en k\u00e4nsla fr\u00e5n naturen. En inbunden aff\u00e4rsdagbok tillverkad av linnetyg, med en s\u00e4llsynt v\u00e4vd struktur som g\u00f6r den sv\u00e5r att sl\u00e4ppa ifr\u00e5n sig. Hela boken \u00e4r fylld av en k\u00e4nsla av kreativt hantverk.<\/p>\n<p>\ud83d\udcd6F\u00f6r fler rekommendationer om specialanpassade anteckningsb\u00f6cker \/ tryck och produktion av f\u00f6retagsdagb\u00f6cker, v\u00e4nligen se:<br \/>\n<a href=\"https:\/\/leatai.com\/sv\/produkt-kategori\/olika-oem-prover\/oem-inbunden-anteckningsbok\/\" target=\"_blank\" rel=\"noopener\">OEM inbundna b\u00f6cker<\/a><br \/>\n<a href=\"https:\/\/leatai.com\/sv\/produkt-kategori\/olika-oem-prover\/oem-losblad-notebook\/\" target=\"_blank\" rel=\"noopener\">OEM ringp\u00e4rmar<\/a><br \/>\n<a href=\"https:\/\/leatai.com\/sv\/produkt-kategori\/olika-oem-prover\/oem-avtagbar-anteckningsbok\/\" target=\"_blank\" rel=\"noopener\">OEM utdragbara ringp\u00e4rmar<\/a><br \/>\n<a href=\"https:\/\/leatai.com\/sv\/produkt-kategori\/olika-oem-prover\/oem-mjukband-notebook\/\" target=\"_blank\" rel=\"noopener\">OEM mjukbandade b\u00f6cker<\/a><br \/>\n<a href=\"https:\/\/leatai.com\/sv\/produkt-kategori\/olika-oem-prover\/oem-spiralanteckningsbok\/\" target=\"_blank\" rel=\"noopener\">OEM spiralbundna b\u00f6cker<\/a><br \/>\n<a href=\"https:\/\/leatai.com\/sv\/produkt-kategori\/olika-oem-prover\/oem-kalender-sv\/\" target=\"_blank\" rel=\"noopener\">OEM specialanpassade avrivningskalendrar \/ tryck av specialanpassade skrivbordskalendrar<\/a><br \/>\n<a href=\"https:\/\/leatai.com\/sv\/produkt-kategori\/olika-oem-prover\/oem-andra\/\" target=\"_blank\" rel=\"noopener\">OEM \u00f6vrigt<\/a><\/p>\n<p>F\u00f6r fullst\u00e4ndig storleksf\u00f6rklaring, v\u00e4nligen se: <a href=\"https:\/\/leatai.com\/sv\/anteckningsbokskunskap\/pappersstorleksguide-forsta-vanliga-storlekar-som-b3-a4-b5-8k-16k-och-mer-en-omfattande-storlekstabell-for-enkel-referens\/\" target=\"_blank\" rel=\"noopener\">Pappersstorleksguide: B3, A4, B5, 8K, 16K och andra vanliga format \u2013 j\u00e4mf\u00f6relsetabell f\u00f6r pappersstorlekar som \u00e4r l\u00e4tt att f\u00f6rst\u00e5!<\/a><\/p>\n<p>&nbsp;<\/p>\n","protected":false},"excerpt":{"rendered":"<p>[Materialet har utg\u00e5tt, endast visningsprodukt kvar] Produktmodell: LHC-010 Omslagsmaterial: h\u00f6gkvalitativt linnetyg F\u00e4rg: brun \/ off-white Specifikation: 16K \/ 25K \/ 48K (vanliga storlekar) Innerblad: Standard\u00a0(val av layout) F\u00f6rpackning: OPP-p\u00e5se (tillval) LOGO-bearbetning: varmpr\u00e4gling i guld, varmpr\u00e4gling i silver, pr\u00e4gling Inbunden med rund rygg: Bokens rygg har en rundad design med mjuka linjer och en klassisk bokf\u00e5ra! [&hellip;]<\/p>\n","protected":false},"featured_media":307339,"template":"","meta":{"_acf_changed":false},"product_brand":[],"product_cat":[776],"product_tag":[1796],"home_works":[],"class_list":{"0":"post-307338","1":"product","2":"type-product","3":"status-publish","4":"has-post-thumbnail","6":"product_cat-anteckningsbok-med-hardparm","7":"product_tag-kundanpassad-anteckningsbok","9":"first","10":"instock","11":"sold-individually","12":"shipping-taxable","13":"purchasable","14":"product-type-variable","15":"has-default-attributes"},"acf":[],"yoast_head":"<!-- This site is optimized with the Yoast SEO plugin v27.2 - https:\/\/yoast.com\/product\/yoast-seo-wordpress\/ -->\n<title>LHC-010 - En k\u00e4nsla av naturen - Leatai \u2013 Tillverkare av anpassade anteckningsb\u00f6cker<\/title>\n<meta name=\"description\" content=\"Leatai produktmodell: LHC-010, med en mening beskrivet \u2013 en k\u00e4nsla fr\u00e5n naturen. En inbunden aff\u00e4rsdagbok tillverkad av linnetyg, med en s\u00e4llsynt v\u00e4vd struktur som g\u00f6r den sv\u00e5r att sl\u00e4ppa ifr\u00e5n sig. Hela boken \u00e4r fylld av en k\u00e4nsla av kreativt hantverk.\" \/>\n<meta name=\"robots\" content=\"index, follow, max-snippet:-1, max-image-preview:large, max-video-preview:-1\" \/>\n<link rel=\"canonical\" href=\"https:\/\/leatai.com\/sv\/product\/anpassad-anteckningsbok\/anteckningsbok-med-hardparm\/lhc-010\/\" \/>\n<meta property=\"og:locale\" content=\"sv_SE\" \/>\n<meta property=\"og:type\" content=\"article\" \/>\n<meta property=\"og:title\" content=\"LHC-010 - En k\u00e4nsla av naturen - Leatai \u2013 Tillverkare av anpassade anteckningsb\u00f6cker\" \/>\n<meta property=\"og:description\" content=\"Leatai produktmodell: LHC-010, med en mening beskrivet \u2013 en k\u00e4nsla fr\u00e5n naturen. En inbunden aff\u00e4rsdagbok tillverkad av linnetyg, med en s\u00e4llsynt v\u00e4vd struktur som g\u00f6r den sv\u00e5r att sl\u00e4ppa ifr\u00e5n sig. Hela boken \u00e4r fylld av en k\u00e4nsla av kreativt hantverk.\" \/>\n<meta property=\"og:url\" content=\"https:\/\/leatai.com\/sv\/product\/anpassad-anteckningsbok\/anteckningsbok-med-hardparm\/lhc-010\/\" \/>\n<meta property=\"og:site_name\" content=\"Leatai \u2013 Tillverkare av anpassade anteckningsb\u00f6cker\" \/>\n<meta property=\"article:modified_time\" content=\"2026-04-22T05:36:00+00:00\" \/>\n<meta property=\"og:image\" content=\"https:\/\/leatai.com\/wp-content\/uploads\/2015_08_24_1621420.jpg\" \/>\n\t<meta property=\"og:image:width\" content=\"1000\" \/>\n\t<meta property=\"og:image:height\" content=\"750\" \/>\n\t<meta property=\"og:image:type\" content=\"image\/jpeg\" \/>\n<meta name=\"twitter:card\" content=\"summary_large_image\" \/>\n<meta name=\"twitter:label1\" content=\"Ber\u00e4knad l\u00e4stid\" \/>\n\t<meta name=\"twitter:data1\" content=\"2 minuter\" \/>\n<script type=\"application\/ld+json\" class=\"yoast-schema-graph\">{\"@context\":\"https:\/\/schema.org\",\"@graph\":[{\"@type\":\"WebPage\",\"@id\":\"https:\/\/leatai.com\/sv\/product\/anpassad-anteckningsbok\/anteckningsbok-med-hardparm\/lhc-010\/\",\"url\":\"https:\/\/leatai.com\/sv\/product\/anpassad-anteckningsbok\/anteckningsbok-med-hardparm\/lhc-010\/\",\"name\":\"LHC-010 - En k\u00e4nsla av naturen - Leatai \u2013 Tillverkare av anpassade anteckningsb\u00f6cker\",\"isPartOf\":{\"@id\":\"https:\/\/leatai.com\/sv\/#website\"},\"primaryImageOfPage\":{\"@id\":\"https:\/\/leatai.com\/sv\/product\/anpassad-anteckningsbok\/anteckningsbok-med-hardparm\/lhc-010\/#primaryimage\"},\"image\":{\"@id\":\"https:\/\/leatai.com\/sv\/product\/anpassad-anteckningsbok\/anteckningsbok-med-hardparm\/lhc-010\/#primaryimage\"},\"thumbnailUrl\":\"https:\/\/leatai.com\/wp-content\/uploads\/2015_08_24_1621420.jpg\",\"datePublished\":\"2021-06-24T05:33:46+00:00\",\"dateModified\":\"2026-04-22T05:36:00+00:00\",\"description\":\"Leatai produktmodell: LHC-010, med en mening beskrivet \u2013 en k\u00e4nsla fr\u00e5n naturen. En inbunden aff\u00e4rsdagbok tillverkad av linnetyg, med en s\u00e4llsynt v\u00e4vd struktur som g\u00f6r den sv\u00e5r att sl\u00e4ppa ifr\u00e5n sig. Hela boken \u00e4r fylld av en k\u00e4nsla av kreativt hantverk.\",\"breadcrumb\":{\"@id\":\"https:\/\/leatai.com\/sv\/product\/anpassad-anteckningsbok\/anteckningsbok-med-hardparm\/lhc-010\/#breadcrumb\"},\"inLanguage\":\"sv-SE\",\"potentialAction\":[{\"@type\":\"ReadAction\",\"target\":[\"https:\/\/leatai.com\/sv\/product\/anpassad-anteckningsbok\/anteckningsbok-med-hardparm\/lhc-010\/\"]}]},{\"@type\":\"ImageObject\",\"inLanguage\":\"sv-SE\",\"@id\":\"https:\/\/leatai.com\/sv\/product\/anpassad-anteckningsbok\/anteckningsbok-med-hardparm\/lhc-010\/#primaryimage\",\"url\":\"https:\/\/leatai.com\/wp-content\/uploads\/2015_08_24_1621420.jpg\",\"contentUrl\":\"https:\/\/leatai.com\/wp-content\/uploads\/2015_08_24_1621420.jpg\",\"width\":1000,\"height\":750,\"caption\":\"Aff\u00e4rsdagbok\"},{\"@type\":\"BreadcrumbList\",\"@id\":\"https:\/\/leatai.com\/sv\/product\/anpassad-anteckningsbok\/anteckningsbok-med-hardparm\/lhc-010\/#breadcrumb\",\"itemListElement\":[{\"@type\":\"ListItem\",\"position\":1,\"name\":\"Home\",\"item\":\"https:\/\/leatai.com\/sv\/\"},{\"@type\":\"ListItem\",\"position\":2,\"name\":\"Produktpresentation\",\"item\":\"https:\/\/leatai.com\/products\/\"},{\"@type\":\"ListItem\",\"position\":3,\"name\":\"Anpassad anteckningsbok\",\"item\":\"https:\/\/leatai.com\/sv\/produkt-kategori\/anpassad-anteckningsbok\/\"},{\"@type\":\"ListItem\",\"position\":4,\"name\":\"Anteckningsbok med h\u00e5rdp\u00e4rm\",\"item\":\"https:\/\/leatai.com\/sv\/produkt-kategori\/anpassad-anteckningsbok\/anteckningsbok-med-hardparm\/\"},{\"@type\":\"ListItem\",\"position\":5,\"name\":\"LHC-010\"}]},{\"@type\":\"WebSite\",\"@id\":\"https:\/\/leatai.com\/sv\/#website\",\"url\":\"https:\/\/leatai.com\/sv\/\",\"name\":\"Leatai \u2013 Tillverkare av anpassade anteckningsb\u00f6cker\",\"description\":\"Leatai erbjuder anpassade anteckningsb\u00f6cker och planeringsverktyg f\u00f6r varum\u00e4rken och distribut\u00f6rer \u00f6ver hela v\u00e4rlden.\",\"publisher\":{\"@id\":\"https:\/\/leatai.com\/sv\/#organization\"},\"potentialAction\":[{\"@type\":\"SearchAction\",\"target\":{\"@type\":\"EntryPoint\",\"urlTemplate\":\"https:\/\/leatai.com\/sv\/?s={search_term_string}\"},\"query-input\":{\"@type\":\"PropertyValueSpecification\",\"valueRequired\":true,\"valueName\":\"search_term_string\"}}],\"inLanguage\":\"sv-SE\"},{\"@type\":\"Organization\",\"@id\":\"https:\/\/leatai.com\/sv\/#organization\",\"name\":\"Leatai Diary, customized journal and business organizer\",\"url\":\"https:\/\/leatai.com\/sv\/\",\"logo\":{\"@type\":\"ImageObject\",\"inLanguage\":\"sv-SE\",\"@id\":\"https:\/\/leatai.com\/sv\/#\/schema\/logo\/image\/\",\"url\":\"https:\/\/leatai.com\/wp-content\/uploads\/logo-blue.png\",\"contentUrl\":\"https:\/\/leatai.com\/wp-content\/uploads\/logo-blue.png\",\"width\":230,\"height\":60,\"caption\":\"Leatai Diary, customized journal and business organizer\"},\"image\":{\"@id\":\"https:\/\/leatai.com\/sv\/#\/schema\/logo\/image\/\"},\"telephone\":\"+886-2-8227-8800\",\"legalName\":\"Leatai Stationary Co., Ltd.\",\"description\":\"A leading notebook factory in Taiwan offering bespoke branding, high-quality binding, and premium paper selections for corporate gifts and stationery wholesale.\",\"address\":{\"@type\":\"PostalAddress\",\"streetAddress\":\"11F., No. 168, Jiankang Rd.\",\"addressLocality\":\"Zhonghe Dist.\",\"addressRegion\":\"New Taipei City\",\"postalCode\":\"235\",\"addressCountry\":\"TW\"},\"contactPoint\":{\"@type\":\"ContactPoint\",\"telephone\":\"+886-2-8227-8800\",\"contactType\":\"sales\",\"areaServed\":\"Worldwide\",\"availableLanguage\":[\"zh-TW\",\"en\"]}}]}<\/script>\n<!-- \/ Yoast SEO plugin. -->","yoast_head_json":{"title":"LHC-010 - En k\u00e4nsla av naturen - Leatai \u2013 Tillverkare av anpassade anteckningsb\u00f6cker","description":"Leatai produktmodell: LHC-010, med en mening beskrivet \u2013 en k\u00e4nsla fr\u00e5n naturen. En inbunden aff\u00e4rsdagbok tillverkad av linnetyg, med en s\u00e4llsynt v\u00e4vd struktur som g\u00f6r den sv\u00e5r att sl\u00e4ppa ifr\u00e5n sig. Hela boken \u00e4r fylld av en k\u00e4nsla av kreativt hantverk.","robots":{"index":"index","follow":"follow","max-snippet":"max-snippet:-1","max-image-preview":"max-image-preview:large","max-video-preview":"max-video-preview:-1"},"canonical":"https:\/\/leatai.com\/sv\/product\/anpassad-anteckningsbok\/anteckningsbok-med-hardparm\/lhc-010\/","og_locale":"sv_SE","og_type":"article","og_title":"LHC-010 - En k\u00e4nsla av naturen - Leatai \u2013 Tillverkare av anpassade anteckningsb\u00f6cker","og_description":"Leatai produktmodell: LHC-010, med en mening beskrivet \u2013 en k\u00e4nsla fr\u00e5n naturen. En inbunden aff\u00e4rsdagbok tillverkad av linnetyg, med en s\u00e4llsynt v\u00e4vd struktur som g\u00f6r den sv\u00e5r att sl\u00e4ppa ifr\u00e5n sig. Hela boken \u00e4r fylld av en k\u00e4nsla av kreativt hantverk.","og_url":"https:\/\/leatai.com\/sv\/product\/anpassad-anteckningsbok\/anteckningsbok-med-hardparm\/lhc-010\/","og_site_name":"Leatai \u2013 Tillverkare av anpassade anteckningsb\u00f6cker","article_modified_time":"2026-04-22T05:36:00+00:00","og_image":[{"width":1000,"height":750,"url":"https:\/\/leatai.com\/wp-content\/uploads\/2015_08_24_1621420.jpg","type":"image\/jpeg"}],"twitter_card":"summary_large_image","twitter_misc":{"Ber\u00e4knad l\u00e4stid":"2 minuter"},"schema":{"@context":"https:\/\/schema.org","@graph":[{"@type":"WebPage","@id":"https:\/\/leatai.com\/sv\/product\/anpassad-anteckningsbok\/anteckningsbok-med-hardparm\/lhc-010\/","url":"https:\/\/leatai.com\/sv\/product\/anpassad-anteckningsbok\/anteckningsbok-med-hardparm\/lhc-010\/","name":"LHC-010 - En k\u00e4nsla av naturen - Leatai \u2013 Tillverkare av anpassade anteckningsb\u00f6cker","isPartOf":{"@id":"https:\/\/leatai.com\/sv\/#website"},"primaryImageOfPage":{"@id":"https:\/\/leatai.com\/sv\/product\/anpassad-anteckningsbok\/anteckningsbok-med-hardparm\/lhc-010\/#primaryimage"},"image":{"@id":"https:\/\/leatai.com\/sv\/product\/anpassad-anteckningsbok\/anteckningsbok-med-hardparm\/lhc-010\/#primaryimage"},"thumbnailUrl":"https:\/\/leatai.com\/wp-content\/uploads\/2015_08_24_1621420.jpg","datePublished":"2021-06-24T05:33:46+00:00","dateModified":"2026-04-22T05:36:00+00:00","description":"Leatai produktmodell: LHC-010, med en mening beskrivet \u2013 en k\u00e4nsla fr\u00e5n naturen. En inbunden aff\u00e4rsdagbok tillverkad av linnetyg, med en s\u00e4llsynt v\u00e4vd struktur som g\u00f6r den sv\u00e5r att sl\u00e4ppa ifr\u00e5n sig. Hela boken \u00e4r fylld av en k\u00e4nsla av kreativt hantverk.","breadcrumb":{"@id":"https:\/\/leatai.com\/sv\/product\/anpassad-anteckningsbok\/anteckningsbok-med-hardparm\/lhc-010\/#breadcrumb"},"inLanguage":"sv-SE","potentialAction":[{"@type":"ReadAction","target":["https:\/\/leatai.com\/sv\/product\/anpassad-anteckningsbok\/anteckningsbok-med-hardparm\/lhc-010\/"]}]},{"@type":"ImageObject","inLanguage":"sv-SE","@id":"https:\/\/leatai.com\/sv\/product\/anpassad-anteckningsbok\/anteckningsbok-med-hardparm\/lhc-010\/#primaryimage","url":"https:\/\/leatai.com\/wp-content\/uploads\/2015_08_24_1621420.jpg","contentUrl":"https:\/\/leatai.com\/wp-content\/uploads\/2015_08_24_1621420.jpg","width":1000,"height":750,"caption":"Aff\u00e4rsdagbok"},{"@type":"BreadcrumbList","@id":"https:\/\/leatai.com\/sv\/product\/anpassad-anteckningsbok\/anteckningsbok-med-hardparm\/lhc-010\/#breadcrumb","itemListElement":[{"@type":"ListItem","position":1,"name":"Home","item":"https:\/\/leatai.com\/sv\/"},{"@type":"ListItem","position":2,"name":"Produktpresentation","item":"https:\/\/leatai.com\/products\/"},{"@type":"ListItem","position":3,"name":"Anpassad anteckningsbok","item":"https:\/\/leatai.com\/sv\/produkt-kategori\/anpassad-anteckningsbok\/"},{"@type":"ListItem","position":4,"name":"Anteckningsbok med h\u00e5rdp\u00e4rm","item":"https:\/\/leatai.com\/sv\/produkt-kategori\/anpassad-anteckningsbok\/anteckningsbok-med-hardparm\/"},{"@type":"ListItem","position":5,"name":"LHC-010"}]},{"@type":"WebSite","@id":"https:\/\/leatai.com\/sv\/#website","url":"https:\/\/leatai.com\/sv\/","name":"Leatai \u2013 Tillverkare av anpassade anteckningsb\u00f6cker","description":"Leatai erbjuder anpassade anteckningsb\u00f6cker och planeringsverktyg f\u00f6r varum\u00e4rken och distribut\u00f6rer \u00f6ver hela v\u00e4rlden.","publisher":{"@id":"https:\/\/leatai.com\/sv\/#organization"},"potentialAction":[{"@type":"SearchAction","target":{"@type":"EntryPoint","urlTemplate":"https:\/\/leatai.com\/sv\/?s={search_term_string}"},"query-input":{"@type":"PropertyValueSpecification","valueRequired":true,"valueName":"search_term_string"}}],"inLanguage":"sv-SE"},{"@type":"Organization","@id":"https:\/\/leatai.com\/sv\/#organization","name":"Leatai Diary, customized journal and business organizer","url":"https:\/\/leatai.com\/sv\/","logo":{"@type":"ImageObject","inLanguage":"sv-SE","@id":"https:\/\/leatai.com\/sv\/#\/schema\/logo\/image\/","url":"https:\/\/leatai.com\/wp-content\/uploads\/logo-blue.png","contentUrl":"https:\/\/leatai.com\/wp-content\/uploads\/logo-blue.png","width":230,"height":60,"caption":"Leatai Diary, customized journal and business organizer"},"image":{"@id":"https:\/\/leatai.com\/sv\/#\/schema\/logo\/image\/"},"telephone":"+886-2-8227-8800","legalName":"Leatai Stationary Co., Ltd.","description":"A leading notebook factory in Taiwan offering bespoke branding, high-quality binding, and premium paper selections for corporate gifts and stationery wholesale.","address":{"@type":"PostalAddress","streetAddress":"11F., No. 168, Jiankang Rd.","addressLocality":"Zhonghe Dist.","addressRegion":"New Taipei City","postalCode":"235","addressCountry":"TW"},"contactPoint":{"@type":"ContactPoint","telephone":"+886-2-8227-8800","contactType":"sales","areaServed":"Worldwide","availableLanguage":["zh-TW","en"]}}]}},"_links":{"self":[{"href":"https:\/\/leatai.com\/sv\/wp-json\/wp\/v2\/product\/307338","targetHints":{"allow":["GET"]}}],"collection":[{"href":"https:\/\/leatai.com\/sv\/wp-json\/wp\/v2\/product"}],"about":[{"href":"https:\/\/leatai.com\/sv\/wp-json\/wp\/v2\/types\/product"}],"wp:featuredmedia":[{"embeddable":true,"href":"https:\/\/leatai.com\/sv\/wp-json\/wp\/v2\/media\/307339"}],"wp:attachment":[{"href":"https:\/\/leatai.com\/sv\/wp-json\/wp\/v2\/media?parent=307338"}],"wp:term":[{"taxonomy":"product_brand","embeddable":true,"href":"https:\/\/leatai.com\/sv\/wp-json\/wp\/v2\/product_brand?post=307338"},{"taxonomy":"product_cat","embeddable":true,"href":"https:\/\/leatai.com\/sv\/wp-json\/wp\/v2\/product_cat?post=307338"},{"taxonomy":"product_tag","embeddable":true,"href":"https:\/\/leatai.com\/sv\/wp-json\/wp\/v2\/product_tag?post=307338"},{"taxonomy":"home_works","embeddable":true,"href":"https:\/\/leatai.com\/sv\/wp-json\/wp\/v2\/home_works?post=307338"}],"curies":[{"name":"wp","href":"https:\/\/api.w.org\/{rel}","templated":true}]}}