{"id":305845,"date":"2022-08-05T00:11:35","date_gmt":"2022-08-04T16:11:35","guid":{"rendered":"https:\/\/leatai.com\/product\/okategoriserad\/lef-054\/"},"modified":"2026-04-21T15:38:44","modified_gmt":"2026-04-21T07:38:44","slug":"lef-054","status":"publish","type":"product","link":"https:\/\/leatai.com\/sv\/product\/anpassad-anteckningsbok\/losblad-anteckningsbok\/lef-054\/","title":{"rendered":"LEF-054"},"content":{"rendered":"<p>Produktmodell: LEF-054<br \/>\nOmslagsmaterial: syntetiskt l\u00e4der<br \/>\nF\u00e4rg: gr\u00e5 \/ bl\u00e5<br \/>\nSpecifikation: 16K \/ 25K \/ 48K <a href=\"https:\/\/leatai.com\/sv\/faq\/vad-ar-8k-16k-och-25k-planeringsstorlekar-hur-stora-ar-de\/\" target=\"_blank\" rel=\"noopener\">(vanliga storlekar)<\/a><br \/>\nInnerblad: Standard\u00a0<a href=\"https:\/\/leatai.com\/sv\/produkt-kategori\/format-for-innersidor\/\" target=\"_blank\" rel=\"noopener\">(val av layout)<\/a><br \/>\nF\u00f6rpackning: OPP-p\u00e5se (valbart)<br \/>\nLOGO-bearbetning: varmpr\u00e4gling i guld, varmpr\u00e4gling i silver, pr\u00e4gling<\/p>\n<p>Produktbeskrivning<br \/>\nLeatai produktmodell: LEF-054, denna aff\u00e4rsdagbok utg\u00e5r fr\u00e5n en stilren och minimalistisk design som ger en fr\u00e4sch k\u00e4nsla utan att tappa den aff\u00e4rsm\u00e4ssiga tonen. Skr\u00e4ddarsydda f\u00e4rgkombinationer ger den ringbundna anteckningsboken mer karakt\u00e4r, bryter mot det traditionella och \u00e4r en l\u00e4tt mogen stil v\u00e4rd att rekommendera.<\/p>\n<p>\ud83d\udcd6F\u00f6r fler rekommendationer om specialanpassade anteckningsb\u00f6cker \/ tryck och produktion av f\u00f6retagsdagb\u00f6cker, v\u00e4nligen se:<br \/>\n<a href=\"https:\/\/leatai.com\/sv\/produkt-kategori\/olika-oem-prover\/oem-inbunden-anteckningsbok\/\" target=\"_blank\" rel=\"noopener\">OEM inbundna b\u00f6cker<\/a><br \/>\n<a href=\"https:\/\/leatai.com\/sv\/produkt-kategori\/olika-oem-prover\/oem-losblad-notebook\/\" target=\"_blank\" rel=\"noopener\">OEM ringp\u00e4rmar<\/a><br \/>\n<a href=\"https:\/\/leatai.com\/sv\/produkt-kategori\/olika-oem-prover\/oem-avtagbar-anteckningsbok\/\" target=\"_blank\" rel=\"noopener\">OEM utdragbara ringp\u00e4rmar<\/a><br \/>\n<a href=\"https:\/\/leatai.com\/sv\/produkt-kategori\/olika-oem-prover\/oem-mjukband-notebook\/\" target=\"_blank\" rel=\"noopener\">OEM mjukbandade b\u00f6cker<\/a><br \/>\n<a href=\"https:\/\/leatai.com\/sv\/produkt-kategori\/olika-oem-prover\/oem-spiralanteckningsbok\/\" target=\"_blank\" rel=\"noopener\">OEM spiralbundna b\u00f6cker<\/a><br \/>\n<a href=\"https:\/\/leatai.com\/sv\/produkt-kategori\/olika-oem-prover\/oem-kalender-sv\/\" target=\"_blank\" rel=\"noopener\">OEM specialanpassade avrivningskalendrar \/ tryck av specialanpassade skrivbordskalendrar<\/a><br \/>\n<a href=\"https:\/\/leatai.com\/sv\/produkt-kategori\/olika-oem-prover\/oem-andra\/\" target=\"_blank\" rel=\"noopener\">OEM \u00f6vrigt<\/a><\/p>\n<p>F\u00f6r fullst\u00e4ndig storleksf\u00f6rklaring, v\u00e4nligen se: <a href=\"https:\/\/leatai.com\/sv\/anteckningsbokskunskap\/pappersstorleksguide-forsta-vanliga-storlekar-som-b3-a4-b5-8k-16k-och-mer-en-omfattande-storlekstabell-for-enkel-referens\/\" target=\"_blank\" rel=\"noopener\">Pappersstorleksguide: B3, A4, B5, 8K, 16K och andra vanliga format \u2013 j\u00e4mf\u00f6relsetabell f\u00f6r pappersstorlekar som \u00e4r l\u00e4tt att f\u00f6rst\u00e5!<\/a><\/p>\n<p>&nbsp;<\/p>\n","protected":false},"excerpt":{"rendered":"<p>Produktmodell: LEF-054 Omslagsmaterial: syntetiskt l\u00e4der F\u00e4rg: gr\u00e5 \/ bl\u00e5 Specifikation: 16K \/ 25K \/ 48K (vanliga storlekar) Innerblad: Standard\u00a0(val av layout) F\u00f6rpackning: OPP-p\u00e5se (valbart) LOGO-bearbetning: varmpr\u00e4gling i guld, varmpr\u00e4gling i silver, pr\u00e4gling Produktbeskrivning Leatai produktmodell: LEF-054, denna aff\u00e4rsdagbok utg\u00e5r fr\u00e5n en stilren och minimalistisk design som ger en fr\u00e4sch k\u00e4nsla utan att tappa den aff\u00e4rsm\u00e4ssiga [&hellip;]<\/p>\n","protected":false},"featured_media":81260,"template":"","meta":{"_acf_changed":false},"product_brand":[],"product_cat":[767],"product_tag":[1801],"home_works":[],"class_list":{"0":"post-305845","1":"product","2":"type-product","3":"status-publish","4":"has-post-thumbnail","6":"product_cat-losblad-anteckningsbok","7":"product_tag-25k","9":"first","10":"instock","11":"sold-individually","12":"shipping-taxable","13":"purchasable","14":"product-type-variable","15":"has-default-attributes"},"acf":[],"yoast_head":"<!-- This site is optimized with the Yoast SEO plugin v27.2 - https:\/\/yoast.com\/product\/yoast-seo-wordpress\/ -->\n<title>LEF-054 - En minimalistisk aff\u00e4rsk\u00e4nsla, stilren och v\u00e4lformad, ger ett stort plus i arbetslivet - Leatai \u2013 Tillverkare av anpassade anteckningsb\u00f6cker<\/title>\n<meta name=\"description\" content=\"Leatai produktmodell: LEF-054, denna aff\u00e4rsdagbok utg\u00e5r fr\u00e5n en stilren och minimalistisk design som ger en fr\u00e4sch k\u00e4nsla utan att tappa den aff\u00e4rsm\u00e4ssiga tonen. Skr\u00e4ddarsydda f\u00e4rgkombinationer ger den ringbundna anteckningsboken mer karakt\u00e4r, bryter mot det traditionella och \u00e4r en l\u00e4tt mogen stil v\u00e4rd att rekommendera.\" \/>\n<meta name=\"robots\" content=\"index, follow, max-snippet:-1, max-image-preview:large, max-video-preview:-1\" \/>\n<link rel=\"canonical\" href=\"https:\/\/leatai.com\/sv\/product\/anpassad-anteckningsbok\/losblad-anteckningsbok\/lef-054\/\" \/>\n<meta property=\"og:locale\" content=\"sv_SE\" \/>\n<meta property=\"og:type\" content=\"article\" \/>\n<meta property=\"og:title\" content=\"LEF-054 - En minimalistisk aff\u00e4rsk\u00e4nsla, stilren och v\u00e4lformad, ger ett stort plus i arbetslivet - Leatai \u2013 Tillverkare av anpassade anteckningsb\u00f6cker\" \/>\n<meta property=\"og:description\" content=\"Leatai produktmodell: LEF-054, denna aff\u00e4rsdagbok utg\u00e5r fr\u00e5n en stilren och minimalistisk design som ger en fr\u00e4sch k\u00e4nsla utan att tappa den aff\u00e4rsm\u00e4ssiga tonen. Skr\u00e4ddarsydda f\u00e4rgkombinationer ger den ringbundna anteckningsboken mer karakt\u00e4r, bryter mot det traditionella och \u00e4r en l\u00e4tt mogen stil v\u00e4rd att rekommendera.\" \/>\n<meta property=\"og:url\" content=\"https:\/\/leatai.com\/sv\/product\/anpassad-anteckningsbok\/losblad-anteckningsbok\/lef-054\/\" \/>\n<meta property=\"og:site_name\" content=\"Leatai \u2013 Tillverkare av anpassade anteckningsb\u00f6cker\" \/>\n<meta property=\"article:modified_time\" content=\"2026-04-21T07:38:44+00:00\" \/>\n<meta property=\"og:image\" content=\"https:\/\/leatai.com\/wp-content\/uploads\/DSC_6514.jpg\" \/>\n\t<meta property=\"og:image:width\" content=\"1000\" \/>\n\t<meta property=\"og:image:height\" content=\"750\" \/>\n\t<meta property=\"og:image:type\" content=\"image\/jpeg\" \/>\n<meta name=\"twitter:card\" content=\"summary_large_image\" \/>\n<meta name=\"twitter:label1\" content=\"Ber\u00e4knad l\u00e4stid\" \/>\n\t<meta name=\"twitter:data1\" content=\"1 minut\" \/>\n<script type=\"application\/ld+json\" class=\"yoast-schema-graph\">{\"@context\":\"https:\/\/schema.org\",\"@graph\":[{\"@type\":\"WebPage\",\"@id\":\"https:\/\/leatai.com\/sv\/product\/anpassad-anteckningsbok\/losblad-anteckningsbok\/lef-054\/\",\"url\":\"https:\/\/leatai.com\/sv\/product\/anpassad-anteckningsbok\/losblad-anteckningsbok\/lef-054\/\",\"name\":\"LEF-054 - En minimalistisk aff\u00e4rsk\u00e4nsla, stilren och v\u00e4lformad, ger ett stort plus i arbetslivet - Leatai \u2013 Tillverkare av anpassade anteckningsb\u00f6cker\",\"isPartOf\":{\"@id\":\"https:\/\/leatai.com\/sv\/#website\"},\"primaryImageOfPage\":{\"@id\":\"https:\/\/leatai.com\/sv\/product\/anpassad-anteckningsbok\/losblad-anteckningsbok\/lef-054\/#primaryimage\"},\"image\":{\"@id\":\"https:\/\/leatai.com\/sv\/product\/anpassad-anteckningsbok\/losblad-anteckningsbok\/lef-054\/#primaryimage\"},\"thumbnailUrl\":\"https:\/\/leatai.com\/wp-content\/uploads\/DSC_6514.jpg\",\"datePublished\":\"2022-08-04T16:11:35+00:00\",\"dateModified\":\"2026-04-21T07:38:44+00:00\",\"description\":\"Leatai produktmodell: LEF-054, denna aff\u00e4rsdagbok utg\u00e5r fr\u00e5n en stilren och minimalistisk design som ger en fr\u00e4sch k\u00e4nsla utan att tappa den aff\u00e4rsm\u00e4ssiga tonen. Skr\u00e4ddarsydda f\u00e4rgkombinationer ger den ringbundna anteckningsboken mer karakt\u00e4r, bryter mot det traditionella och \u00e4r en l\u00e4tt mogen stil v\u00e4rd att rekommendera.\",\"breadcrumb\":{\"@id\":\"https:\/\/leatai.com\/sv\/product\/anpassad-anteckningsbok\/losblad-anteckningsbok\/lef-054\/#breadcrumb\"},\"inLanguage\":\"sv-SE\",\"potentialAction\":[{\"@type\":\"ReadAction\",\"target\":[\"https:\/\/leatai.com\/sv\/product\/anpassad-anteckningsbok\/losblad-anteckningsbok\/lef-054\/\"]}]},{\"@type\":\"ImageObject\",\"inLanguage\":\"sv-SE\",\"@id\":\"https:\/\/leatai.com\/sv\/product\/anpassad-anteckningsbok\/losblad-anteckningsbok\/lef-054\/#primaryimage\",\"url\":\"https:\/\/leatai.com\/wp-content\/uploads\/DSC_6514.jpg\",\"contentUrl\":\"https:\/\/leatai.com\/wp-content\/uploads\/DSC_6514.jpg\",\"width\":1000,\"height\":750,\"caption\":\"Aff\u00e4rsdagbok l\u00f6sbladsbok\"},{\"@type\":\"BreadcrumbList\",\"@id\":\"https:\/\/leatai.com\/sv\/product\/anpassad-anteckningsbok\/losblad-anteckningsbok\/lef-054\/#breadcrumb\",\"itemListElement\":[{\"@type\":\"ListItem\",\"position\":1,\"name\":\"Home\",\"item\":\"https:\/\/leatai.com\/sv\/\"},{\"@type\":\"ListItem\",\"position\":2,\"name\":\"Produktpresentation\",\"item\":\"https:\/\/leatai.com\/products\/\"},{\"@type\":\"ListItem\",\"position\":3,\"name\":\"Anpassad anteckningsbok\",\"item\":\"https:\/\/leatai.com\/sv\/produkt-kategori\/anpassad-anteckningsbok\/\"},{\"@type\":\"ListItem\",\"position\":4,\"name\":\"L\u00f6sblad anteckningsbok\",\"item\":\"https:\/\/leatai.com\/sv\/produkt-kategori\/anpassad-anteckningsbok\/losblad-anteckningsbok\/\"},{\"@type\":\"ListItem\",\"position\":5,\"name\":\"LEF-054\"}]},{\"@type\":\"WebSite\",\"@id\":\"https:\/\/leatai.com\/sv\/#website\",\"url\":\"https:\/\/leatai.com\/sv\/\",\"name\":\"Leatai \u2013 Tillverkare av anpassade anteckningsb\u00f6cker\",\"description\":\"Leatai erbjuder anpassade anteckningsb\u00f6cker och planeringsverktyg f\u00f6r varum\u00e4rken och distribut\u00f6rer \u00f6ver hela v\u00e4rlden.\",\"publisher\":{\"@id\":\"https:\/\/leatai.com\/sv\/#organization\"},\"potentialAction\":[{\"@type\":\"SearchAction\",\"target\":{\"@type\":\"EntryPoint\",\"urlTemplate\":\"https:\/\/leatai.com\/sv\/?s={search_term_string}\"},\"query-input\":{\"@type\":\"PropertyValueSpecification\",\"valueRequired\":true,\"valueName\":\"search_term_string\"}}],\"inLanguage\":\"sv-SE\"},{\"@type\":\"Organization\",\"@id\":\"https:\/\/leatai.com\/sv\/#organization\",\"name\":\"Leatai Diary, customized journal and business organizer\",\"url\":\"https:\/\/leatai.com\/sv\/\",\"logo\":{\"@type\":\"ImageObject\",\"inLanguage\":\"sv-SE\",\"@id\":\"https:\/\/leatai.com\/sv\/#\/schema\/logo\/image\/\",\"url\":\"https:\/\/leatai.com\/wp-content\/uploads\/logo-blue.png\",\"contentUrl\":\"https:\/\/leatai.com\/wp-content\/uploads\/logo-blue.png\",\"width\":230,\"height\":60,\"caption\":\"Leatai Diary, customized journal and business organizer\"},\"image\":{\"@id\":\"https:\/\/leatai.com\/sv\/#\/schema\/logo\/image\/\"},\"telephone\":\"+886-2-8227-8800\",\"legalName\":\"Leatai Stationary Co., Ltd.\",\"description\":\"A leading notebook factory in Taiwan offering bespoke branding, high-quality binding, and premium paper selections for corporate gifts and stationery wholesale.\",\"address\":{\"@type\":\"PostalAddress\",\"streetAddress\":\"11F., No. 168, Jiankang Rd.\",\"addressLocality\":\"Zhonghe Dist.\",\"addressRegion\":\"New Taipei City\",\"postalCode\":\"235\",\"addressCountry\":\"TW\"},\"contactPoint\":{\"@type\":\"ContactPoint\",\"telephone\":\"+886-2-8227-8800\",\"contactType\":\"sales\",\"areaServed\":\"Worldwide\",\"availableLanguage\":[\"zh-TW\",\"en\"]}}]}<\/script>\n<!-- \/ Yoast SEO plugin. -->","yoast_head_json":{"title":"LEF-054 - En minimalistisk aff\u00e4rsk\u00e4nsla, stilren och v\u00e4lformad, ger ett stort plus i arbetslivet - Leatai \u2013 Tillverkare av anpassade anteckningsb\u00f6cker","description":"Leatai produktmodell: LEF-054, denna aff\u00e4rsdagbok utg\u00e5r fr\u00e5n en stilren och minimalistisk design som ger en fr\u00e4sch k\u00e4nsla utan att tappa den aff\u00e4rsm\u00e4ssiga tonen. Skr\u00e4ddarsydda f\u00e4rgkombinationer ger den ringbundna anteckningsboken mer karakt\u00e4r, bryter mot det traditionella och \u00e4r en l\u00e4tt mogen stil v\u00e4rd att rekommendera.","robots":{"index":"index","follow":"follow","max-snippet":"max-snippet:-1","max-image-preview":"max-image-preview:large","max-video-preview":"max-video-preview:-1"},"canonical":"https:\/\/leatai.com\/sv\/product\/anpassad-anteckningsbok\/losblad-anteckningsbok\/lef-054\/","og_locale":"sv_SE","og_type":"article","og_title":"LEF-054 - En minimalistisk aff\u00e4rsk\u00e4nsla, stilren och v\u00e4lformad, ger ett stort plus i arbetslivet - Leatai \u2013 Tillverkare av anpassade anteckningsb\u00f6cker","og_description":"Leatai produktmodell: LEF-054, denna aff\u00e4rsdagbok utg\u00e5r fr\u00e5n en stilren och minimalistisk design som ger en fr\u00e4sch k\u00e4nsla utan att tappa den aff\u00e4rsm\u00e4ssiga tonen. Skr\u00e4ddarsydda f\u00e4rgkombinationer ger den ringbundna anteckningsboken mer karakt\u00e4r, bryter mot det traditionella och \u00e4r en l\u00e4tt mogen stil v\u00e4rd att rekommendera.","og_url":"https:\/\/leatai.com\/sv\/product\/anpassad-anteckningsbok\/losblad-anteckningsbok\/lef-054\/","og_site_name":"Leatai \u2013 Tillverkare av anpassade anteckningsb\u00f6cker","article_modified_time":"2026-04-21T07:38:44+00:00","og_image":[{"width":1000,"height":750,"url":"https:\/\/leatai.com\/wp-content\/uploads\/DSC_6514.jpg","type":"image\/jpeg"}],"twitter_card":"summary_large_image","twitter_misc":{"Ber\u00e4knad l\u00e4stid":"1 minut"},"schema":{"@context":"https:\/\/schema.org","@graph":[{"@type":"WebPage","@id":"https:\/\/leatai.com\/sv\/product\/anpassad-anteckningsbok\/losblad-anteckningsbok\/lef-054\/","url":"https:\/\/leatai.com\/sv\/product\/anpassad-anteckningsbok\/losblad-anteckningsbok\/lef-054\/","name":"LEF-054 - En minimalistisk aff\u00e4rsk\u00e4nsla, stilren och v\u00e4lformad, ger ett stort plus i arbetslivet - Leatai \u2013 Tillverkare av anpassade anteckningsb\u00f6cker","isPartOf":{"@id":"https:\/\/leatai.com\/sv\/#website"},"primaryImageOfPage":{"@id":"https:\/\/leatai.com\/sv\/product\/anpassad-anteckningsbok\/losblad-anteckningsbok\/lef-054\/#primaryimage"},"image":{"@id":"https:\/\/leatai.com\/sv\/product\/anpassad-anteckningsbok\/losblad-anteckningsbok\/lef-054\/#primaryimage"},"thumbnailUrl":"https:\/\/leatai.com\/wp-content\/uploads\/DSC_6514.jpg","datePublished":"2022-08-04T16:11:35+00:00","dateModified":"2026-04-21T07:38:44+00:00","description":"Leatai produktmodell: LEF-054, denna aff\u00e4rsdagbok utg\u00e5r fr\u00e5n en stilren och minimalistisk design som ger en fr\u00e4sch k\u00e4nsla utan att tappa den aff\u00e4rsm\u00e4ssiga tonen. Skr\u00e4ddarsydda f\u00e4rgkombinationer ger den ringbundna anteckningsboken mer karakt\u00e4r, bryter mot det traditionella och \u00e4r en l\u00e4tt mogen stil v\u00e4rd att rekommendera.","breadcrumb":{"@id":"https:\/\/leatai.com\/sv\/product\/anpassad-anteckningsbok\/losblad-anteckningsbok\/lef-054\/#breadcrumb"},"inLanguage":"sv-SE","potentialAction":[{"@type":"ReadAction","target":["https:\/\/leatai.com\/sv\/product\/anpassad-anteckningsbok\/losblad-anteckningsbok\/lef-054\/"]}]},{"@type":"ImageObject","inLanguage":"sv-SE","@id":"https:\/\/leatai.com\/sv\/product\/anpassad-anteckningsbok\/losblad-anteckningsbok\/lef-054\/#primaryimage","url":"https:\/\/leatai.com\/wp-content\/uploads\/DSC_6514.jpg","contentUrl":"https:\/\/leatai.com\/wp-content\/uploads\/DSC_6514.jpg","width":1000,"height":750,"caption":"Aff\u00e4rsdagbok l\u00f6sbladsbok"},{"@type":"BreadcrumbList","@id":"https:\/\/leatai.com\/sv\/product\/anpassad-anteckningsbok\/losblad-anteckningsbok\/lef-054\/#breadcrumb","itemListElement":[{"@type":"ListItem","position":1,"name":"Home","item":"https:\/\/leatai.com\/sv\/"},{"@type":"ListItem","position":2,"name":"Produktpresentation","item":"https:\/\/leatai.com\/products\/"},{"@type":"ListItem","position":3,"name":"Anpassad anteckningsbok","item":"https:\/\/leatai.com\/sv\/produkt-kategori\/anpassad-anteckningsbok\/"},{"@type":"ListItem","position":4,"name":"L\u00f6sblad anteckningsbok","item":"https:\/\/leatai.com\/sv\/produkt-kategori\/anpassad-anteckningsbok\/losblad-anteckningsbok\/"},{"@type":"ListItem","position":5,"name":"LEF-054"}]},{"@type":"WebSite","@id":"https:\/\/leatai.com\/sv\/#website","url":"https:\/\/leatai.com\/sv\/","name":"Leatai \u2013 Tillverkare av anpassade anteckningsb\u00f6cker","description":"Leatai erbjuder anpassade anteckningsb\u00f6cker och planeringsverktyg f\u00f6r varum\u00e4rken och distribut\u00f6rer \u00f6ver hela v\u00e4rlden.","publisher":{"@id":"https:\/\/leatai.com\/sv\/#organization"},"potentialAction":[{"@type":"SearchAction","target":{"@type":"EntryPoint","urlTemplate":"https:\/\/leatai.com\/sv\/?s={search_term_string}"},"query-input":{"@type":"PropertyValueSpecification","valueRequired":true,"valueName":"search_term_string"}}],"inLanguage":"sv-SE"},{"@type":"Organization","@id":"https:\/\/leatai.com\/sv\/#organization","name":"Leatai Diary, customized journal and business organizer","url":"https:\/\/leatai.com\/sv\/","logo":{"@type":"ImageObject","inLanguage":"sv-SE","@id":"https:\/\/leatai.com\/sv\/#\/schema\/logo\/image\/","url":"https:\/\/leatai.com\/wp-content\/uploads\/logo-blue.png","contentUrl":"https:\/\/leatai.com\/wp-content\/uploads\/logo-blue.png","width":230,"height":60,"caption":"Leatai Diary, customized journal and business organizer"},"image":{"@id":"https:\/\/leatai.com\/sv\/#\/schema\/logo\/image\/"},"telephone":"+886-2-8227-8800","legalName":"Leatai Stationary Co., Ltd.","description":"A leading notebook factory in Taiwan offering bespoke branding, high-quality binding, and premium paper selections for corporate gifts and stationery wholesale.","address":{"@type":"PostalAddress","streetAddress":"11F., No. 168, Jiankang Rd.","addressLocality":"Zhonghe Dist.","addressRegion":"New Taipei City","postalCode":"235","addressCountry":"TW"},"contactPoint":{"@type":"ContactPoint","telephone":"+886-2-8227-8800","contactType":"sales","areaServed":"Worldwide","availableLanguage":["zh-TW","en"]}}]}},"_links":{"self":[{"href":"https:\/\/leatai.com\/sv\/wp-json\/wp\/v2\/product\/305845","targetHints":{"allow":["GET"]}}],"collection":[{"href":"https:\/\/leatai.com\/sv\/wp-json\/wp\/v2\/product"}],"about":[{"href":"https:\/\/leatai.com\/sv\/wp-json\/wp\/v2\/types\/product"}],"wp:featuredmedia":[{"embeddable":true,"href":"https:\/\/leatai.com\/sv\/wp-json\/wp\/v2\/media\/81260"}],"wp:attachment":[{"href":"https:\/\/leatai.com\/sv\/wp-json\/wp\/v2\/media?parent=305845"}],"wp:term":[{"taxonomy":"product_brand","embeddable":true,"href":"https:\/\/leatai.com\/sv\/wp-json\/wp\/v2\/product_brand?post=305845"},{"taxonomy":"product_cat","embeddable":true,"href":"https:\/\/leatai.com\/sv\/wp-json\/wp\/v2\/product_cat?post=305845"},{"taxonomy":"product_tag","embeddable":true,"href":"https:\/\/leatai.com\/sv\/wp-json\/wp\/v2\/product_tag?post=305845"},{"taxonomy":"home_works","embeddable":true,"href":"https:\/\/leatai.com\/sv\/wp-json\/wp\/v2\/home_works?post=305845"}],"curies":[{"name":"wp","href":"https:\/\/api.w.org\/{rel}","templated":true}]}}