{"id":304563,"date":"2021-06-24T13:38:55","date_gmt":"2021-06-24T05:38:55","guid":{"rendered":"https:\/\/leatai.com\/product\/okategoriserad\/lef-033\/"},"modified":"2026-04-21T14:15:24","modified_gmt":"2026-04-21T06:15:24","slug":"lef-033","status":"publish","type":"product","link":"https:\/\/leatai.com\/sv\/product\/anpassad-anteckningsbok\/losblad-anteckningsbok\/lef-033\/","title":{"rendered":"LEF-033"},"content":{"rendered":"<p>Produktmodell: LEF-033<br \/>\nOmslagsmaterial: f\u00e4rgskiftande PU syntetiskt l\u00e4der<br \/>\nOmslagsf\u00e4rger: bl\u00e5 \/ rosa<br \/>\nSpecifikation: 16K \/ 25K \/ 48K <a href=\"https:\/\/leatai.com\/sv\/faq\/vad-ar-8k-16k-och-25k-planeringsstorlekar-hur-stora-ar-de\/\" target=\"_blank\" rel=\"noopener\">(vanliga storlekar)<\/a><br \/>\nInnerblad: Standard\u00a0<a href=\"https:\/\/leatai.com\/sv\/produkt-kategori\/format-for-innersidor\/\" target=\"_blank\" rel=\"noopener\">(val av layout)<\/a><br \/>\nF\u00f6rpackning: OPP-p\u00e5se (tillval)<br \/>\nLOGO-bearbetning: guldpr\u00e4gling, silverpr\u00e4gling, blindpr\u00e4gling<\/p>\n<p>Produktbeskrivning\uff1a<br \/>\nLeatai produktmodell: LEF-033, en klassisk aff\u00e4rsdagbok d\u00e4r designen inte alltid beh\u00f6ver vara komplicerad. Att beh\u00e5lla det traditionella utf\u00f6randet g\u00f6r den tidl\u00f6s, och med ett annat material f\u00e5r den en ny k\u00e4nsla. Rekommenderas till mer erfarna kollegor, f\u00f6r att visa att du \u00e4r jordn\u00e4ra och inte \u00f6verdrivet pr\u00e5lig.<\/p>\n<p>\ud83d\udcd6F\u00f6r fler rekommendationer om specialanpassade anteckningsb\u00f6cker \/ tryck och produktion av f\u00f6retagsdagb\u00f6cker, v\u00e4nligen se:<br \/>\n<a href=\"https:\/\/leatai.com\/sv\/produkt-kategori\/olika-oem-prover\/oem-inbunden-anteckningsbok\/\" target=\"_blank\" rel=\"noopener\">OEM inbundna b\u00f6cker<\/a><br \/>\n<a href=\"https:\/\/leatai.com\/sv\/produkt-kategori\/olika-oem-prover\/oem-losblad-notebook\/\" target=\"_blank\" rel=\"noopener\">OEM ringp\u00e4rmar<\/a><br \/>\n<a href=\"https:\/\/leatai.com\/sv\/produkt-kategori\/olika-oem-prover\/oem-avtagbar-anteckningsbok\/\" target=\"_blank\" rel=\"noopener\">OEM utdragbara ringp\u00e4rmar<\/a><br \/>\n<a href=\"https:\/\/leatai.com\/sv\/produkt-kategori\/olika-oem-prover\/oem-mjukband-notebook\/\" target=\"_blank\" rel=\"noopener\">OEM mjukbandade b\u00f6cker<\/a><br \/>\n<a href=\"https:\/\/leatai.com\/sv\/produkt-kategori\/olika-oem-prover\/oem-spiralanteckningsbok\/\" target=\"_blank\" rel=\"noopener\">OEM spiralbundna b\u00f6cker<\/a><br \/>\n<a href=\"https:\/\/leatai.com\/sv\/produkt-kategori\/olika-oem-prover\/oem-kalender-sv\/\" target=\"_blank\" rel=\"noopener\">OEM specialanpassade avrivningskalendrar \/ tryck av specialanpassade skrivbordskalendrar<\/a><br \/>\n<a href=\"https:\/\/leatai.com\/sv\/produkt-kategori\/olika-oem-prover\/oem-andra\/\" target=\"_blank\" rel=\"noopener\">OEM \u00f6vrigt<\/a><\/p>\n<p>F\u00f6r fullst\u00e4ndig storleksf\u00f6rklaring, v\u00e4nligen se: <a href=\"https:\/\/leatai.com\/sv\/anteckningsbokskunskap\/pappersstorleksguide-forsta-vanliga-storlekar-som-b3-a4-b5-8k-16k-och-mer-en-omfattande-storlekstabell-for-enkel-referens\/\" target=\"_blank\" rel=\"noopener\">Pappersstorleksguide: B3, A4, B5, 8K, 16K och andra vanliga format \u2013 j\u00e4mf\u00f6relsetabell f\u00f6r pappersstorlekar som \u00e4r l\u00e4tt att f\u00f6rst\u00e5!<\/a><\/p>\n<p>&nbsp;<\/p>\n","protected":false},"excerpt":{"rendered":"<p>Produktmodell: LEF-033 Omslagsmaterial: f\u00e4rgskiftande PU syntetiskt l\u00e4der Omslagsf\u00e4rger: bl\u00e5 \/ rosa Specifikation: 16K \/ 25K \/ 48K (vanliga storlekar) Innerblad: Standard\u00a0(val av layout) F\u00f6rpackning: OPP-p\u00e5se (tillval) LOGO-bearbetning: guldpr\u00e4gling, silverpr\u00e4gling, blindpr\u00e4gling Produktbeskrivning\uff1a Leatai produktmodell: LEF-033, en klassisk aff\u00e4rsdagbok d\u00e4r designen inte alltid beh\u00f6ver vara komplicerad. Att beh\u00e5lla det traditionella utf\u00f6randet g\u00f6r den tidl\u00f6s, och med ett [&hellip;]<\/p>\n","protected":false},"featured_media":304564,"template":"","meta":{"_acf_changed":false},"product_brand":[],"product_cat":[767],"product_tag":[1796],"home_works":[],"class_list":{"0":"post-304563","1":"product","2":"type-product","3":"status-publish","4":"has-post-thumbnail","6":"product_cat-losblad-anteckningsbok","7":"product_tag-kundanpassad-anteckningsbok","9":"first","10":"outofstock","11":"sold-individually","12":"shipping-taxable","13":"purchasable","14":"product-type-variable","15":"has-default-attributes"},"acf":[],"yoast_head":"<!-- This site is optimized with the Yoast SEO plugin v27.2 - https:\/\/yoast.com\/product\/yoast-seo-wordpress\/ -->\n<title>LEF-033 - Klassiska modeller \u00e4r alltid tidl\u00f6sa - Leatai \u2013 Tillverkare av anpassade anteckningsb\u00f6cker<\/title>\n<meta name=\"description\" content=\"Leatai produktmodell: LEF-033, en klassisk aff\u00e4rsdagbok d\u00e4r designen inte alltid beh\u00f6ver vara komplicerad. Att beh\u00e5lla det traditionella utf\u00f6randet g\u00f6r den tidl\u00f6s, och med ett annat material f\u00e5r den en ny k\u00e4nsla. Rekommenderas till mer erfarna kollegor, f\u00f6r att visa att du \u00e4r jordn\u00e4ra och inte \u00f6verdrivet pr\u00e5lig.\" \/>\n<meta name=\"robots\" content=\"index, follow, max-snippet:-1, max-image-preview:large, max-video-preview:-1\" \/>\n<link rel=\"canonical\" href=\"https:\/\/leatai.com\/sv\/product\/anpassad-anteckningsbok\/losblad-anteckningsbok\/lef-033\/\" \/>\n<meta property=\"og:locale\" content=\"sv_SE\" \/>\n<meta property=\"og:type\" content=\"article\" \/>\n<meta property=\"og:title\" content=\"LEF-033 - Klassiska modeller \u00e4r alltid tidl\u00f6sa - Leatai \u2013 Tillverkare av anpassade anteckningsb\u00f6cker\" \/>\n<meta property=\"og:description\" content=\"Leatai produktmodell: LEF-033, en klassisk aff\u00e4rsdagbok d\u00e4r designen inte alltid beh\u00f6ver vara komplicerad. Att beh\u00e5lla det traditionella utf\u00f6randet g\u00f6r den tidl\u00f6s, och med ett annat material f\u00e5r den en ny k\u00e4nsla. Rekommenderas till mer erfarna kollegor, f\u00f6r att visa att du \u00e4r jordn\u00e4ra och inte \u00f6verdrivet pr\u00e5lig.\" \/>\n<meta property=\"og:url\" content=\"https:\/\/leatai.com\/sv\/product\/anpassad-anteckningsbok\/losblad-anteckningsbok\/lef-033\/\" \/>\n<meta property=\"og:site_name\" content=\"Leatai \u2013 Tillverkare av anpassade anteckningsb\u00f6cker\" \/>\n<meta property=\"article:modified_time\" content=\"2026-04-21T06:15:24+00:00\" \/>\n<meta property=\"og:image\" content=\"https:\/\/leatai.com\/wp-content\/uploads\/2018_07_29_2123290.jpg\" \/>\n\t<meta property=\"og:image:width\" content=\"1000\" \/>\n\t<meta property=\"og:image:height\" content=\"750\" \/>\n\t<meta property=\"og:image:type\" content=\"image\/jpeg\" \/>\n<meta name=\"twitter:card\" content=\"summary_large_image\" \/>\n<meta name=\"twitter:label1\" content=\"Ber\u00e4knad l\u00e4stid\" \/>\n\t<meta name=\"twitter:data1\" content=\"1 minut\" \/>\n<script type=\"application\/ld+json\" class=\"yoast-schema-graph\">{\"@context\":\"https:\/\/schema.org\",\"@graph\":[{\"@type\":\"WebPage\",\"@id\":\"https:\/\/leatai.com\/sv\/product\/anpassad-anteckningsbok\/losblad-anteckningsbok\/lef-033\/\",\"url\":\"https:\/\/leatai.com\/sv\/product\/anpassad-anteckningsbok\/losblad-anteckningsbok\/lef-033\/\",\"name\":\"LEF-033 - Klassiska modeller \u00e4r alltid tidl\u00f6sa - Leatai \u2013 Tillverkare av anpassade anteckningsb\u00f6cker\",\"isPartOf\":{\"@id\":\"https:\/\/leatai.com\/sv\/#website\"},\"primaryImageOfPage\":{\"@id\":\"https:\/\/leatai.com\/sv\/product\/anpassad-anteckningsbok\/losblad-anteckningsbok\/lef-033\/#primaryimage\"},\"image\":{\"@id\":\"https:\/\/leatai.com\/sv\/product\/anpassad-anteckningsbok\/losblad-anteckningsbok\/lef-033\/#primaryimage\"},\"thumbnailUrl\":\"https:\/\/leatai.com\/wp-content\/uploads\/2018_07_29_2123290.jpg\",\"datePublished\":\"2021-06-24T05:38:55+00:00\",\"dateModified\":\"2026-04-21T06:15:24+00:00\",\"description\":\"Leatai produktmodell: LEF-033, en klassisk aff\u00e4rsdagbok d\u00e4r designen inte alltid beh\u00f6ver vara komplicerad. Att beh\u00e5lla det traditionella utf\u00f6randet g\u00f6r den tidl\u00f6s, och med ett annat material f\u00e5r den en ny k\u00e4nsla. Rekommenderas till mer erfarna kollegor, f\u00f6r att visa att du \u00e4r jordn\u00e4ra och inte \u00f6verdrivet pr\u00e5lig.\",\"breadcrumb\":{\"@id\":\"https:\/\/leatai.com\/sv\/product\/anpassad-anteckningsbok\/losblad-anteckningsbok\/lef-033\/#breadcrumb\"},\"inLanguage\":\"sv-SE\",\"potentialAction\":[{\"@type\":\"ReadAction\",\"target\":[\"https:\/\/leatai.com\/sv\/product\/anpassad-anteckningsbok\/losblad-anteckningsbok\/lef-033\/\"]}]},{\"@type\":\"ImageObject\",\"inLanguage\":\"sv-SE\",\"@id\":\"https:\/\/leatai.com\/sv\/product\/anpassad-anteckningsbok\/losblad-anteckningsbok\/lef-033\/#primaryimage\",\"url\":\"https:\/\/leatai.com\/wp-content\/uploads\/2018_07_29_2123290.jpg\",\"contentUrl\":\"https:\/\/leatai.com\/wp-content\/uploads\/2018_07_29_2123290.jpg\",\"width\":1000,\"height\":750},{\"@type\":\"BreadcrumbList\",\"@id\":\"https:\/\/leatai.com\/sv\/product\/anpassad-anteckningsbok\/losblad-anteckningsbok\/lef-033\/#breadcrumb\",\"itemListElement\":[{\"@type\":\"ListItem\",\"position\":1,\"name\":\"Home\",\"item\":\"https:\/\/leatai.com\/sv\/\"},{\"@type\":\"ListItem\",\"position\":2,\"name\":\"Produktpresentation\",\"item\":\"https:\/\/leatai.com\/products\/\"},{\"@type\":\"ListItem\",\"position\":3,\"name\":\"Anpassad anteckningsbok\",\"item\":\"https:\/\/leatai.com\/sv\/produkt-kategori\/anpassad-anteckningsbok\/\"},{\"@type\":\"ListItem\",\"position\":4,\"name\":\"L\u00f6sblad anteckningsbok\",\"item\":\"https:\/\/leatai.com\/sv\/produkt-kategori\/anpassad-anteckningsbok\/losblad-anteckningsbok\/\"},{\"@type\":\"ListItem\",\"position\":5,\"name\":\"LEF-033\"}]},{\"@type\":\"WebSite\",\"@id\":\"https:\/\/leatai.com\/sv\/#website\",\"url\":\"https:\/\/leatai.com\/sv\/\",\"name\":\"Leatai \u2013 Tillverkare av anpassade anteckningsb\u00f6cker\",\"description\":\"Leatai erbjuder anpassade anteckningsb\u00f6cker och planeringsverktyg f\u00f6r varum\u00e4rken och distribut\u00f6rer \u00f6ver hela v\u00e4rlden.\",\"publisher\":{\"@id\":\"https:\/\/leatai.com\/sv\/#organization\"},\"potentialAction\":[{\"@type\":\"SearchAction\",\"target\":{\"@type\":\"EntryPoint\",\"urlTemplate\":\"https:\/\/leatai.com\/sv\/?s={search_term_string}\"},\"query-input\":{\"@type\":\"PropertyValueSpecification\",\"valueRequired\":true,\"valueName\":\"search_term_string\"}}],\"inLanguage\":\"sv-SE\"},{\"@type\":\"Organization\",\"@id\":\"https:\/\/leatai.com\/sv\/#organization\",\"name\":\"Leatai Diary, customized journal and business organizer\",\"url\":\"https:\/\/leatai.com\/sv\/\",\"logo\":{\"@type\":\"ImageObject\",\"inLanguage\":\"sv-SE\",\"@id\":\"https:\/\/leatai.com\/sv\/#\/schema\/logo\/image\/\",\"url\":\"https:\/\/leatai.com\/wp-content\/uploads\/logo-blue.png\",\"contentUrl\":\"https:\/\/leatai.com\/wp-content\/uploads\/logo-blue.png\",\"width\":230,\"height\":60,\"caption\":\"Leatai Diary, customized journal and business organizer\"},\"image\":{\"@id\":\"https:\/\/leatai.com\/sv\/#\/schema\/logo\/image\/\"},\"telephone\":\"+886-2-8227-8800\",\"legalName\":\"Leatai Stationary Co., Ltd.\",\"description\":\"A leading notebook factory in Taiwan offering bespoke branding, high-quality binding, and premium paper selections for corporate gifts and stationery wholesale.\",\"address\":{\"@type\":\"PostalAddress\",\"streetAddress\":\"11F., No. 168, Jiankang Rd.\",\"addressLocality\":\"Zhonghe Dist.\",\"addressRegion\":\"New Taipei City\",\"postalCode\":\"235\",\"addressCountry\":\"TW\"},\"contactPoint\":{\"@type\":\"ContactPoint\",\"telephone\":\"+886-2-8227-8800\",\"contactType\":\"sales\",\"areaServed\":\"Worldwide\",\"availableLanguage\":[\"zh-TW\",\"en\"]}}]}<\/script>\n<!-- \/ Yoast SEO plugin. -->","yoast_head_json":{"title":"LEF-033 - Klassiska modeller \u00e4r alltid tidl\u00f6sa - Leatai \u2013 Tillverkare av anpassade anteckningsb\u00f6cker","description":"Leatai produktmodell: LEF-033, en klassisk aff\u00e4rsdagbok d\u00e4r designen inte alltid beh\u00f6ver vara komplicerad. Att beh\u00e5lla det traditionella utf\u00f6randet g\u00f6r den tidl\u00f6s, och med ett annat material f\u00e5r den en ny k\u00e4nsla. Rekommenderas till mer erfarna kollegor, f\u00f6r att visa att du \u00e4r jordn\u00e4ra och inte \u00f6verdrivet pr\u00e5lig.","robots":{"index":"index","follow":"follow","max-snippet":"max-snippet:-1","max-image-preview":"max-image-preview:large","max-video-preview":"max-video-preview:-1"},"canonical":"https:\/\/leatai.com\/sv\/product\/anpassad-anteckningsbok\/losblad-anteckningsbok\/lef-033\/","og_locale":"sv_SE","og_type":"article","og_title":"LEF-033 - Klassiska modeller \u00e4r alltid tidl\u00f6sa - Leatai \u2013 Tillverkare av anpassade anteckningsb\u00f6cker","og_description":"Leatai produktmodell: LEF-033, en klassisk aff\u00e4rsdagbok d\u00e4r designen inte alltid beh\u00f6ver vara komplicerad. Att beh\u00e5lla det traditionella utf\u00f6randet g\u00f6r den tidl\u00f6s, och med ett annat material f\u00e5r den en ny k\u00e4nsla. Rekommenderas till mer erfarna kollegor, f\u00f6r att visa att du \u00e4r jordn\u00e4ra och inte \u00f6verdrivet pr\u00e5lig.","og_url":"https:\/\/leatai.com\/sv\/product\/anpassad-anteckningsbok\/losblad-anteckningsbok\/lef-033\/","og_site_name":"Leatai \u2013 Tillverkare av anpassade anteckningsb\u00f6cker","article_modified_time":"2026-04-21T06:15:24+00:00","og_image":[{"width":1000,"height":750,"url":"https:\/\/leatai.com\/wp-content\/uploads\/2018_07_29_2123290.jpg","type":"image\/jpeg"}],"twitter_card":"summary_large_image","twitter_misc":{"Ber\u00e4knad l\u00e4stid":"1 minut"},"schema":{"@context":"https:\/\/schema.org","@graph":[{"@type":"WebPage","@id":"https:\/\/leatai.com\/sv\/product\/anpassad-anteckningsbok\/losblad-anteckningsbok\/lef-033\/","url":"https:\/\/leatai.com\/sv\/product\/anpassad-anteckningsbok\/losblad-anteckningsbok\/lef-033\/","name":"LEF-033 - Klassiska modeller \u00e4r alltid tidl\u00f6sa - Leatai \u2013 Tillverkare av anpassade anteckningsb\u00f6cker","isPartOf":{"@id":"https:\/\/leatai.com\/sv\/#website"},"primaryImageOfPage":{"@id":"https:\/\/leatai.com\/sv\/product\/anpassad-anteckningsbok\/losblad-anteckningsbok\/lef-033\/#primaryimage"},"image":{"@id":"https:\/\/leatai.com\/sv\/product\/anpassad-anteckningsbok\/losblad-anteckningsbok\/lef-033\/#primaryimage"},"thumbnailUrl":"https:\/\/leatai.com\/wp-content\/uploads\/2018_07_29_2123290.jpg","datePublished":"2021-06-24T05:38:55+00:00","dateModified":"2026-04-21T06:15:24+00:00","description":"Leatai produktmodell: LEF-033, en klassisk aff\u00e4rsdagbok d\u00e4r designen inte alltid beh\u00f6ver vara komplicerad. Att beh\u00e5lla det traditionella utf\u00f6randet g\u00f6r den tidl\u00f6s, och med ett annat material f\u00e5r den en ny k\u00e4nsla. Rekommenderas till mer erfarna kollegor, f\u00f6r att visa att du \u00e4r jordn\u00e4ra och inte \u00f6verdrivet pr\u00e5lig.","breadcrumb":{"@id":"https:\/\/leatai.com\/sv\/product\/anpassad-anteckningsbok\/losblad-anteckningsbok\/lef-033\/#breadcrumb"},"inLanguage":"sv-SE","potentialAction":[{"@type":"ReadAction","target":["https:\/\/leatai.com\/sv\/product\/anpassad-anteckningsbok\/losblad-anteckningsbok\/lef-033\/"]}]},{"@type":"ImageObject","inLanguage":"sv-SE","@id":"https:\/\/leatai.com\/sv\/product\/anpassad-anteckningsbok\/losblad-anteckningsbok\/lef-033\/#primaryimage","url":"https:\/\/leatai.com\/wp-content\/uploads\/2018_07_29_2123290.jpg","contentUrl":"https:\/\/leatai.com\/wp-content\/uploads\/2018_07_29_2123290.jpg","width":1000,"height":750},{"@type":"BreadcrumbList","@id":"https:\/\/leatai.com\/sv\/product\/anpassad-anteckningsbok\/losblad-anteckningsbok\/lef-033\/#breadcrumb","itemListElement":[{"@type":"ListItem","position":1,"name":"Home","item":"https:\/\/leatai.com\/sv\/"},{"@type":"ListItem","position":2,"name":"Produktpresentation","item":"https:\/\/leatai.com\/products\/"},{"@type":"ListItem","position":3,"name":"Anpassad anteckningsbok","item":"https:\/\/leatai.com\/sv\/produkt-kategori\/anpassad-anteckningsbok\/"},{"@type":"ListItem","position":4,"name":"L\u00f6sblad anteckningsbok","item":"https:\/\/leatai.com\/sv\/produkt-kategori\/anpassad-anteckningsbok\/losblad-anteckningsbok\/"},{"@type":"ListItem","position":5,"name":"LEF-033"}]},{"@type":"WebSite","@id":"https:\/\/leatai.com\/sv\/#website","url":"https:\/\/leatai.com\/sv\/","name":"Leatai \u2013 Tillverkare av anpassade anteckningsb\u00f6cker","description":"Leatai erbjuder anpassade anteckningsb\u00f6cker och planeringsverktyg f\u00f6r varum\u00e4rken och distribut\u00f6rer \u00f6ver hela v\u00e4rlden.","publisher":{"@id":"https:\/\/leatai.com\/sv\/#organization"},"potentialAction":[{"@type":"SearchAction","target":{"@type":"EntryPoint","urlTemplate":"https:\/\/leatai.com\/sv\/?s={search_term_string}"},"query-input":{"@type":"PropertyValueSpecification","valueRequired":true,"valueName":"search_term_string"}}],"inLanguage":"sv-SE"},{"@type":"Organization","@id":"https:\/\/leatai.com\/sv\/#organization","name":"Leatai Diary, customized journal and business organizer","url":"https:\/\/leatai.com\/sv\/","logo":{"@type":"ImageObject","inLanguage":"sv-SE","@id":"https:\/\/leatai.com\/sv\/#\/schema\/logo\/image\/","url":"https:\/\/leatai.com\/wp-content\/uploads\/logo-blue.png","contentUrl":"https:\/\/leatai.com\/wp-content\/uploads\/logo-blue.png","width":230,"height":60,"caption":"Leatai Diary, customized journal and business organizer"},"image":{"@id":"https:\/\/leatai.com\/sv\/#\/schema\/logo\/image\/"},"telephone":"+886-2-8227-8800","legalName":"Leatai Stationary Co., Ltd.","description":"A leading notebook factory in Taiwan offering bespoke branding, high-quality binding, and premium paper selections for corporate gifts and stationery wholesale.","address":{"@type":"PostalAddress","streetAddress":"11F., No. 168, Jiankang Rd.","addressLocality":"Zhonghe Dist.","addressRegion":"New Taipei City","postalCode":"235","addressCountry":"TW"},"contactPoint":{"@type":"ContactPoint","telephone":"+886-2-8227-8800","contactType":"sales","areaServed":"Worldwide","availableLanguage":["zh-TW","en"]}}]}},"_links":{"self":[{"href":"https:\/\/leatai.com\/sv\/wp-json\/wp\/v2\/product\/304563","targetHints":{"allow":["GET"]}}],"collection":[{"href":"https:\/\/leatai.com\/sv\/wp-json\/wp\/v2\/product"}],"about":[{"href":"https:\/\/leatai.com\/sv\/wp-json\/wp\/v2\/types\/product"}],"wp:featuredmedia":[{"embeddable":true,"href":"https:\/\/leatai.com\/sv\/wp-json\/wp\/v2\/media\/304564"}],"wp:attachment":[{"href":"https:\/\/leatai.com\/sv\/wp-json\/wp\/v2\/media?parent=304563"}],"wp:term":[{"taxonomy":"product_brand","embeddable":true,"href":"https:\/\/leatai.com\/sv\/wp-json\/wp\/v2\/product_brand?post=304563"},{"taxonomy":"product_cat","embeddable":true,"href":"https:\/\/leatai.com\/sv\/wp-json\/wp\/v2\/product_cat?post=304563"},{"taxonomy":"product_tag","embeddable":true,"href":"https:\/\/leatai.com\/sv\/wp-json\/wp\/v2\/product_tag?post=304563"},{"taxonomy":"home_works","embeddable":true,"href":"https:\/\/leatai.com\/sv\/wp-json\/wp\/v2\/home_works?post=304563"}],"curies":[{"name":"wp","href":"https:\/\/api.w.org\/{rel}","templated":true}]}}