{"id":299697,"date":"2022-08-04T23:54:45","date_gmt":"2022-08-04T15:54:45","guid":{"rendered":"https:\/\/leatai.com\/product\/okategoriserad\/ldo-030\/"},"modified":"2022-08-04T23:54:45","modified_gmt":"2022-08-04T15:54:45","slug":"ldo-030","status":"publish","type":"product","link":"https:\/\/leatai.com\/sv\/product\/anpassad-anteckningsbok\/avtagbar-anteckningsbok\/ldo-030\/","title":{"rendered":"LDO-030"},"content":{"rendered":"<p>Produktmodell: LDO-030<br \/>\nOmslagsmaterial: syntetiskt l\u00e4der<br \/>\nF\u00e4rger: lila \/ aprikos<br \/>\nSpecifikation: 25K (20 h\u00e5l\/6 h\u00e5l) \/ 48K (18 h\u00e5l\/6 h\u00e5l) <a href=\"https:\/\/leatai.com\/sv\/faq\/vad-ar-8k-16k-och-25k-planeringsstorlekar-hur-stora-ar-de\/\" target=\"_blank\" rel=\"noopener\">(vanliga storlekar)<\/a><br \/>\nInnerblad: Standard <a href=\"https:\/\/leatai.com\/sv\/produkt-kategori\/format-for-innersidor\/\" target=\"_blank\" rel=\"noopener\">(val av layout)<\/a><br \/>\nF\u00f6rpackning: OPP-p\u00e5se (tillval)<br \/>\nLOGO-bearbetning: guldpr\u00e4gling, silverpr\u00e4gling, blindpr\u00e4gling<\/p>\n<p>Produktbeskrivning<br \/>\nLeatai produktmodell: LDO-030, i strukturen f\u00f6r en l\u00f6stagbar ringp\u00e4rm \u00e4r f\u00f6rdelen att olika tillbeh\u00f6r \u00e4r l\u00e4tta att byta ut samtidigt som den f\u00f6rblir l\u00e4tt. Nackdelen \u00e4r att den, j\u00e4mf\u00f6rt med traditionella ringp\u00e4rmar, saknar pennh\u00e5llare. Denna modell har direkt en inbyggd elastisk pennh\u00e5llare p\u00e5 omslaget, helt enkelt perfekt.<\/p>\n<p>\ud83d\udcd6F\u00f6r fler rekommendationer om specialanpassade anteckningsb\u00f6cker \/ tryck och produktion av f\u00f6retagsdagb\u00f6cker, v\u00e4nligen se:<br \/>\n<a href=\"https:\/\/leatai.com\/sv\/produkt-kategori\/olika-oem-prover\/oem-inbunden-anteckningsbok\/\" target=\"_blank\" rel=\"noopener\">OEM inbundna b\u00f6cker<\/a><br \/>\n<a href=\"https:\/\/leatai.com\/sv\/produkt-kategori\/olika-oem-prover\/oem-losblad-notebook\/\" target=\"_blank\" rel=\"noopener\">OEM ringp\u00e4rmar<\/a><br \/>\n<a href=\"https:\/\/leatai.com\/sv\/produkt-kategori\/olika-oem-prover\/oem-avtagbar-anteckningsbok\/\" target=\"_blank\" rel=\"noopener\">OEM utdragbara ringp\u00e4rmar<\/a><br \/>\n<a href=\"https:\/\/leatai.com\/sv\/produkt-kategori\/olika-oem-prover\/oem-mjukband-notebook\/\" target=\"_blank\" rel=\"noopener\">OEM mjukbandade b\u00f6cker<\/a><br \/>\n<a href=\"https:\/\/leatai.com\/sv\/produkt-kategori\/olika-oem-prover\/oem-spiralanteckningsbok\/\" target=\"_blank\" rel=\"noopener\">OEM spiralbundna b\u00f6cker<\/a><br \/>\n<a href=\"https:\/\/leatai.com\/sv\/produkt-kategori\/olika-oem-prover\/oem-kalender-sv\/\" target=\"_blank\" rel=\"noopener\">OEM specialanpassade avrivningskalendrar \/ tryck av specialanpassade skrivbordskalendrar<\/a><br \/>\n<a href=\"https:\/\/leatai.com\/sv\/produkt-kategori\/olika-oem-prover\/oem-andra\/\" target=\"_blank\" rel=\"noopener\">OEM \u00f6vrigt<\/a><\/p>\n<p>F\u00f6r fullst\u00e4ndig storleksf\u00f6rklaring, v\u00e4nligen se: <a href=\"https:\/\/leatai.com\/sv\/anteckningsbokskunskap\/pappersstorleksguide-forsta-vanliga-storlekar-som-b3-a4-b5-8k-16k-och-mer-en-omfattande-storlekstabell-for-enkel-referens\/\" target=\"_blank\" rel=\"noopener\">Pappersstorleksguide: B3, A4, B5, 8K, 16K och andra vanliga format \u2013 j\u00e4mf\u00f6relsetabell f\u00f6r pappersstorlekar som \u00e4r l\u00e4tt att f\u00f6rst\u00e5!<\/a><\/p>\n<p>&nbsp;<\/p>\n<p><iframe title=\"How to DIY a removable notebook\" width=\"800\" height=\"450\" src=\"https:\/\/www.youtube.com\/embed\/OsLvh1PRzxo?feature=oembed&#038;enablejsapi=1&#038;origin=https:\/\/leatai.com\" frameborder=\"0\" allow=\"accelerometer; autoplay; clipboard-write; encrypted-media; gyroscope; picture-in-picture; web-share\" referrerpolicy=\"strict-origin-when-cross-origin\" allowfullscreen><\/iframe><\/p>\n","protected":false},"excerpt":{"rendered":"<p>Produktmodell: LDO-030 Omslagsmaterial: syntetiskt l\u00e4der F\u00e4rger: lila \/ aprikos Specifikation: 25K (20 h\u00e5l\/6 h\u00e5l) \/ 48K (18 h\u00e5l\/6 h\u00e5l) (vanliga storlekar) Innerblad: Standard (val av layout) F\u00f6rpackning: OPP-p\u00e5se (tillval) LOGO-bearbetning: guldpr\u00e4gling, silverpr\u00e4gling, blindpr\u00e4gling Produktbeskrivning Leatai produktmodell: LDO-030, i strukturen f\u00f6r en l\u00f6stagbar ringp\u00e4rm \u00e4r f\u00f6rdelen att olika tillbeh\u00f6r \u00e4r l\u00e4tta att byta ut samtidigt som [&hellip;]<\/p>\n","protected":false},"featured_media":208831,"template":"","meta":{"_acf_changed":false},"product_brand":[],"product_cat":[786],"product_tag":[1801,1796],"home_works":[],"class_list":{"0":"post-299697","1":"product","2":"type-product","3":"status-publish","4":"has-post-thumbnail","6":"product_cat-avtagbar-anteckningsbok","7":"product_tag-25k","8":"product_tag-kundanpassad-anteckningsbok","10":"first","11":"outofstock","12":"sold-individually","13":"shipping-taxable","14":"purchasable","15":"product-type-variable","16":"has-default-attributes"},"acf":[],"yoast_head":"<!-- This site is optimized with the Yoast SEO plugin v27.2 - https:\/\/yoast.com\/product\/yoast-seo-wordpress\/ -->\n<title>LDO-030 - Du beh\u00f6ver aldrig mer bekymra dig \u00f6ver pennh\u00e5llaren - Leatai \u2013 Tillverkare av anpassade anteckningsb\u00f6cker<\/title>\n<meta name=\"description\" content=\"Leatai produktmodell: LDO-030, i strukturen f\u00f6r en l\u00f6stagbar ringp\u00e4rm \u00e4r f\u00f6rdelen att olika tillbeh\u00f6r \u00e4r l\u00e4tta att byta ut samtidigt som den f\u00f6rblir l\u00e4tt. Nackdelen \u00e4r att den, j\u00e4mf\u00f6rt med traditionella ringp\u00e4rmar, saknar pennh\u00e5llare. Denna modell har direkt en inbyggd elastisk pennh\u00e5llare p\u00e5 omslaget, helt enkelt perfekt.\" \/>\n<meta name=\"robots\" content=\"index, follow, max-snippet:-1, max-image-preview:large, max-video-preview:-1\" \/>\n<link rel=\"canonical\" href=\"https:\/\/leatai.com\/sv\/product\/anpassad-anteckningsbok\/avtagbar-anteckningsbok\/ldo-030\/\" \/>\n<meta property=\"og:locale\" content=\"sv_SE\" \/>\n<meta property=\"og:type\" content=\"article\" \/>\n<meta property=\"og:title\" content=\"LDO-030 - Du beh\u00f6ver aldrig mer bekymra dig \u00f6ver pennh\u00e5llaren - Leatai \u2013 Tillverkare av anpassade anteckningsb\u00f6cker\" \/>\n<meta property=\"og:description\" content=\"Leatai produktmodell: LDO-030, i strukturen f\u00f6r en l\u00f6stagbar ringp\u00e4rm \u00e4r f\u00f6rdelen att olika tillbeh\u00f6r \u00e4r l\u00e4tta att byta ut samtidigt som den f\u00f6rblir l\u00e4tt. Nackdelen \u00e4r att den, j\u00e4mf\u00f6rt med traditionella ringp\u00e4rmar, saknar pennh\u00e5llare. Denna modell har direkt en inbyggd elastisk pennh\u00e5llare p\u00e5 omslaget, helt enkelt perfekt.\" \/>\n<meta property=\"og:url\" content=\"https:\/\/leatai.com\/sv\/product\/anpassad-anteckningsbok\/avtagbar-anteckningsbok\/ldo-030\/\" \/>\n<meta property=\"og:site_name\" content=\"Leatai \u2013 Tillverkare av anpassade anteckningsb\u00f6cker\" \/>\n<meta property=\"og:image\" content=\"https:\/\/leatai.com\/wp-content\/uploads\/DSC_6436.jpg\" \/>\n\t<meta property=\"og:image:width\" content=\"1000\" \/>\n\t<meta property=\"og:image:height\" content=\"750\" \/>\n\t<meta property=\"og:image:type\" content=\"image\/jpeg\" \/>\n<meta name=\"twitter:card\" content=\"summary_large_image\" \/>\n<meta name=\"twitter:label1\" content=\"Ber\u00e4knad l\u00e4stid\" \/>\n\t<meta name=\"twitter:data1\" content=\"1 minut\" \/>\n<script type=\"application\/ld+json\" class=\"yoast-schema-graph\">{\"@context\":\"https:\/\/schema.org\",\"@graph\":[{\"@type\":\"WebPage\",\"@id\":\"https:\/\/leatai.com\/sv\/product\/anpassad-anteckningsbok\/avtagbar-anteckningsbok\/ldo-030\/\",\"url\":\"https:\/\/leatai.com\/sv\/product\/anpassad-anteckningsbok\/avtagbar-anteckningsbok\/ldo-030\/\",\"name\":\"LDO-030 - Du beh\u00f6ver aldrig mer bekymra dig \u00f6ver pennh\u00e5llaren - Leatai \u2013 Tillverkare av anpassade anteckningsb\u00f6cker\",\"isPartOf\":{\"@id\":\"https:\/\/leatai.com\/sv\/#website\"},\"primaryImageOfPage\":{\"@id\":\"https:\/\/leatai.com\/sv\/product\/anpassad-anteckningsbok\/avtagbar-anteckningsbok\/ldo-030\/#primaryimage\"},\"image\":{\"@id\":\"https:\/\/leatai.com\/sv\/product\/anpassad-anteckningsbok\/avtagbar-anteckningsbok\/ldo-030\/#primaryimage\"},\"thumbnailUrl\":\"https:\/\/leatai.com\/wp-content\/uploads\/DSC_6436.jpg\",\"datePublished\":\"2022-08-04T15:54:45+00:00\",\"description\":\"Leatai produktmodell: LDO-030, i strukturen f\u00f6r en l\u00f6stagbar ringp\u00e4rm \u00e4r f\u00f6rdelen att olika tillbeh\u00f6r \u00e4r l\u00e4tta att byta ut samtidigt som den f\u00f6rblir l\u00e4tt. Nackdelen \u00e4r att den, j\u00e4mf\u00f6rt med traditionella ringp\u00e4rmar, saknar pennh\u00e5llare. Denna modell har direkt en inbyggd elastisk pennh\u00e5llare p\u00e5 omslaget, helt enkelt perfekt.\",\"breadcrumb\":{\"@id\":\"https:\/\/leatai.com\/sv\/product\/anpassad-anteckningsbok\/avtagbar-anteckningsbok\/ldo-030\/#breadcrumb\"},\"inLanguage\":\"sv-SE\",\"potentialAction\":[{\"@type\":\"ReadAction\",\"target\":[\"https:\/\/leatai.com\/sv\/product\/anpassad-anteckningsbok\/avtagbar-anteckningsbok\/ldo-030\/\"]}]},{\"@type\":\"ImageObject\",\"inLanguage\":\"sv-SE\",\"@id\":\"https:\/\/leatai.com\/sv\/product\/anpassad-anteckningsbok\/avtagbar-anteckningsbok\/ldo-030\/#primaryimage\",\"url\":\"https:\/\/leatai.com\/wp-content\/uploads\/DSC_6436.jpg\",\"contentUrl\":\"https:\/\/leatai.com\/wp-content\/uploads\/DSC_6436.jpg\",\"width\":1000,\"height\":750},{\"@type\":\"BreadcrumbList\",\"@id\":\"https:\/\/leatai.com\/sv\/product\/anpassad-anteckningsbok\/avtagbar-anteckningsbok\/ldo-030\/#breadcrumb\",\"itemListElement\":[{\"@type\":\"ListItem\",\"position\":1,\"name\":\"Home\",\"item\":\"https:\/\/leatai.com\/sv\/\"},{\"@type\":\"ListItem\",\"position\":2,\"name\":\"Produktpresentation\",\"item\":\"https:\/\/leatai.com\/products\/\"},{\"@type\":\"ListItem\",\"position\":3,\"name\":\"Anpassad anteckningsbok\",\"item\":\"https:\/\/leatai.com\/sv\/produkt-kategori\/anpassad-anteckningsbok\/\"},{\"@type\":\"ListItem\",\"position\":4,\"name\":\"Avtagbar anteckningsbok\",\"item\":\"https:\/\/leatai.com\/sv\/produkt-kategori\/anpassad-anteckningsbok\/avtagbar-anteckningsbok\/\"},{\"@type\":\"ListItem\",\"position\":5,\"name\":\"LDO-030\"}]},{\"@type\":\"WebSite\",\"@id\":\"https:\/\/leatai.com\/sv\/#website\",\"url\":\"https:\/\/leatai.com\/sv\/\",\"name\":\"Leatai \u2013 Tillverkare av anpassade anteckningsb\u00f6cker\",\"description\":\"Leatai erbjuder anpassade anteckningsb\u00f6cker och planeringsverktyg f\u00f6r varum\u00e4rken och distribut\u00f6rer \u00f6ver hela v\u00e4rlden.\",\"publisher\":{\"@id\":\"https:\/\/leatai.com\/sv\/#organization\"},\"potentialAction\":[{\"@type\":\"SearchAction\",\"target\":{\"@type\":\"EntryPoint\",\"urlTemplate\":\"https:\/\/leatai.com\/sv\/?s={search_term_string}\"},\"query-input\":{\"@type\":\"PropertyValueSpecification\",\"valueRequired\":true,\"valueName\":\"search_term_string\"}}],\"inLanguage\":\"sv-SE\"},{\"@type\":\"Organization\",\"@id\":\"https:\/\/leatai.com\/sv\/#organization\",\"name\":\"Leatai Diary, customized journal and business organizer\",\"url\":\"https:\/\/leatai.com\/sv\/\",\"logo\":{\"@type\":\"ImageObject\",\"inLanguage\":\"sv-SE\",\"@id\":\"https:\/\/leatai.com\/sv\/#\/schema\/logo\/image\/\",\"url\":\"https:\/\/leatai.com\/wp-content\/uploads\/logo-blue.png\",\"contentUrl\":\"https:\/\/leatai.com\/wp-content\/uploads\/logo-blue.png\",\"width\":230,\"height\":60,\"caption\":\"Leatai Diary, customized journal and business organizer\"},\"image\":{\"@id\":\"https:\/\/leatai.com\/sv\/#\/schema\/logo\/image\/\"}}]}<\/script>\n<!-- \/ Yoast SEO plugin. -->","yoast_head_json":{"title":"LDO-030 - Du beh\u00f6ver aldrig mer bekymra dig \u00f6ver pennh\u00e5llaren - Leatai \u2013 Tillverkare av anpassade anteckningsb\u00f6cker","description":"Leatai produktmodell: LDO-030, i strukturen f\u00f6r en l\u00f6stagbar ringp\u00e4rm \u00e4r f\u00f6rdelen att olika tillbeh\u00f6r \u00e4r l\u00e4tta att byta ut samtidigt som den f\u00f6rblir l\u00e4tt. Nackdelen \u00e4r att den, j\u00e4mf\u00f6rt med traditionella ringp\u00e4rmar, saknar pennh\u00e5llare. Denna modell har direkt en inbyggd elastisk pennh\u00e5llare p\u00e5 omslaget, helt enkelt perfekt.","robots":{"index":"index","follow":"follow","max-snippet":"max-snippet:-1","max-image-preview":"max-image-preview:large","max-video-preview":"max-video-preview:-1"},"canonical":"https:\/\/leatai.com\/sv\/product\/anpassad-anteckningsbok\/avtagbar-anteckningsbok\/ldo-030\/","og_locale":"sv_SE","og_type":"article","og_title":"LDO-030 - Du beh\u00f6ver aldrig mer bekymra dig \u00f6ver pennh\u00e5llaren - Leatai \u2013 Tillverkare av anpassade anteckningsb\u00f6cker","og_description":"Leatai produktmodell: LDO-030, i strukturen f\u00f6r en l\u00f6stagbar ringp\u00e4rm \u00e4r f\u00f6rdelen att olika tillbeh\u00f6r \u00e4r l\u00e4tta att byta ut samtidigt som den f\u00f6rblir l\u00e4tt. Nackdelen \u00e4r att den, j\u00e4mf\u00f6rt med traditionella ringp\u00e4rmar, saknar pennh\u00e5llare. Denna modell har direkt en inbyggd elastisk pennh\u00e5llare p\u00e5 omslaget, helt enkelt perfekt.","og_url":"https:\/\/leatai.com\/sv\/product\/anpassad-anteckningsbok\/avtagbar-anteckningsbok\/ldo-030\/","og_site_name":"Leatai \u2013 Tillverkare av anpassade anteckningsb\u00f6cker","og_image":[{"width":1000,"height":750,"url":"https:\/\/leatai.com\/wp-content\/uploads\/DSC_6436.jpg","type":"image\/jpeg"}],"twitter_card":"summary_large_image","twitter_misc":{"Ber\u00e4knad l\u00e4stid":"1 minut"},"schema":{"@context":"https:\/\/schema.org","@graph":[{"@type":"WebPage","@id":"https:\/\/leatai.com\/sv\/product\/anpassad-anteckningsbok\/avtagbar-anteckningsbok\/ldo-030\/","url":"https:\/\/leatai.com\/sv\/product\/anpassad-anteckningsbok\/avtagbar-anteckningsbok\/ldo-030\/","name":"LDO-030 - Du beh\u00f6ver aldrig mer bekymra dig \u00f6ver pennh\u00e5llaren - Leatai \u2013 Tillverkare av anpassade anteckningsb\u00f6cker","isPartOf":{"@id":"https:\/\/leatai.com\/sv\/#website"},"primaryImageOfPage":{"@id":"https:\/\/leatai.com\/sv\/product\/anpassad-anteckningsbok\/avtagbar-anteckningsbok\/ldo-030\/#primaryimage"},"image":{"@id":"https:\/\/leatai.com\/sv\/product\/anpassad-anteckningsbok\/avtagbar-anteckningsbok\/ldo-030\/#primaryimage"},"thumbnailUrl":"https:\/\/leatai.com\/wp-content\/uploads\/DSC_6436.jpg","datePublished":"2022-08-04T15:54:45+00:00","description":"Leatai produktmodell: LDO-030, i strukturen f\u00f6r en l\u00f6stagbar ringp\u00e4rm \u00e4r f\u00f6rdelen att olika tillbeh\u00f6r \u00e4r l\u00e4tta att byta ut samtidigt som den f\u00f6rblir l\u00e4tt. Nackdelen \u00e4r att den, j\u00e4mf\u00f6rt med traditionella ringp\u00e4rmar, saknar pennh\u00e5llare. Denna modell har direkt en inbyggd elastisk pennh\u00e5llare p\u00e5 omslaget, helt enkelt perfekt.","breadcrumb":{"@id":"https:\/\/leatai.com\/sv\/product\/anpassad-anteckningsbok\/avtagbar-anteckningsbok\/ldo-030\/#breadcrumb"},"inLanguage":"sv-SE","potentialAction":[{"@type":"ReadAction","target":["https:\/\/leatai.com\/sv\/product\/anpassad-anteckningsbok\/avtagbar-anteckningsbok\/ldo-030\/"]}]},{"@type":"ImageObject","inLanguage":"sv-SE","@id":"https:\/\/leatai.com\/sv\/product\/anpassad-anteckningsbok\/avtagbar-anteckningsbok\/ldo-030\/#primaryimage","url":"https:\/\/leatai.com\/wp-content\/uploads\/DSC_6436.jpg","contentUrl":"https:\/\/leatai.com\/wp-content\/uploads\/DSC_6436.jpg","width":1000,"height":750},{"@type":"BreadcrumbList","@id":"https:\/\/leatai.com\/sv\/product\/anpassad-anteckningsbok\/avtagbar-anteckningsbok\/ldo-030\/#breadcrumb","itemListElement":[{"@type":"ListItem","position":1,"name":"Home","item":"https:\/\/leatai.com\/sv\/"},{"@type":"ListItem","position":2,"name":"Produktpresentation","item":"https:\/\/leatai.com\/products\/"},{"@type":"ListItem","position":3,"name":"Anpassad anteckningsbok","item":"https:\/\/leatai.com\/sv\/produkt-kategori\/anpassad-anteckningsbok\/"},{"@type":"ListItem","position":4,"name":"Avtagbar anteckningsbok","item":"https:\/\/leatai.com\/sv\/produkt-kategori\/anpassad-anteckningsbok\/avtagbar-anteckningsbok\/"},{"@type":"ListItem","position":5,"name":"LDO-030"}]},{"@type":"WebSite","@id":"https:\/\/leatai.com\/sv\/#website","url":"https:\/\/leatai.com\/sv\/","name":"Leatai \u2013 Tillverkare av anpassade anteckningsb\u00f6cker","description":"Leatai erbjuder anpassade anteckningsb\u00f6cker och planeringsverktyg f\u00f6r varum\u00e4rken och distribut\u00f6rer \u00f6ver hela v\u00e4rlden.","publisher":{"@id":"https:\/\/leatai.com\/sv\/#organization"},"potentialAction":[{"@type":"SearchAction","target":{"@type":"EntryPoint","urlTemplate":"https:\/\/leatai.com\/sv\/?s={search_term_string}"},"query-input":{"@type":"PropertyValueSpecification","valueRequired":true,"valueName":"search_term_string"}}],"inLanguage":"sv-SE"},{"@type":"Organization","@id":"https:\/\/leatai.com\/sv\/#organization","name":"Leatai Diary, customized journal and business organizer","url":"https:\/\/leatai.com\/sv\/","logo":{"@type":"ImageObject","inLanguage":"sv-SE","@id":"https:\/\/leatai.com\/sv\/#\/schema\/logo\/image\/","url":"https:\/\/leatai.com\/wp-content\/uploads\/logo-blue.png","contentUrl":"https:\/\/leatai.com\/wp-content\/uploads\/logo-blue.png","width":230,"height":60,"caption":"Leatai Diary, customized journal and business organizer"},"image":{"@id":"https:\/\/leatai.com\/sv\/#\/schema\/logo\/image\/"}}]}},"_links":{"self":[{"href":"https:\/\/leatai.com\/sv\/wp-json\/wp\/v2\/product\/299697","targetHints":{"allow":["GET"]}}],"collection":[{"href":"https:\/\/leatai.com\/sv\/wp-json\/wp\/v2\/product"}],"about":[{"href":"https:\/\/leatai.com\/sv\/wp-json\/wp\/v2\/types\/product"}],"wp:featuredmedia":[{"embeddable":true,"href":"https:\/\/leatai.com\/sv\/wp-json\/wp\/v2\/media\/208831"}],"wp:attachment":[{"href":"https:\/\/leatai.com\/sv\/wp-json\/wp\/v2\/media?parent=299697"}],"wp:term":[{"taxonomy":"product_brand","embeddable":true,"href":"https:\/\/leatai.com\/sv\/wp-json\/wp\/v2\/product_brand?post=299697"},{"taxonomy":"product_cat","embeddable":true,"href":"https:\/\/leatai.com\/sv\/wp-json\/wp\/v2\/product_cat?post=299697"},{"taxonomy":"product_tag","embeddable":true,"href":"https:\/\/leatai.com\/sv\/wp-json\/wp\/v2\/product_tag?post=299697"},{"taxonomy":"home_works","embeddable":true,"href":"https:\/\/leatai.com\/sv\/wp-json\/wp\/v2\/home_works?post=299697"}],"curies":[{"name":"wp","href":"https:\/\/api.w.org\/{rel}","templated":true}]}}