{"id":299361,"date":"2023-06-15T15:59:07","date_gmt":"2023-06-15T07:59:07","guid":{"rendered":"https:\/\/leatai.com\/product\/okategoriserad\/ldo-031\/"},"modified":"2026-04-17T14:06:13","modified_gmt":"2026-04-17T06:06:13","slug":"ldo-031","status":"publish","type":"product","link":"https:\/\/leatai.com\/sv\/product\/anpassad-anteckningsbok\/avtagbar-anteckningsbok\/ldo-031\/","title":{"rendered":"LDO-031"},"content":{"rendered":"<p>Produktmodell: LDO-031<br \/>\nOmslagsmaterial: syntetiskt l\u00e4der<br \/>\nF\u00e4rger: r\u00f6d \/ bl\u00e5gr\u00f6n \/ gr\u00e5<br \/>\nSpecifikation: 25K (20 h\u00e5l\/6 h\u00e5l) \/ 48K (18 h\u00e5l\/6 h\u00e5l) <a href=\"https:\/\/leatai.com\/sv\/faq\/vad-ar-8k-16k-och-25k-planeringsstorlekar-hur-stora-ar-de\/\" target=\"_blank\" rel=\"noopener\">(vanliga storlekar)<\/a><br \/>\nInnerblad: Standard <a href=\"https:\/\/leatai.com\/sv\/produkt-kategori\/format-for-innersidor\/\" target=\"_blank\" rel=\"noopener\">(val av layout)<\/a><br \/>\nF\u00f6rpackning: OPP-p\u00e5se (tillval)<br \/>\nLOGO-bearbetning: guldpr\u00e4gling, silverpr\u00e4gling, blindpr\u00e4gling<\/p>\n<p>Produktbeskrivning<br \/>\nLeatai produktmodell: LDO-031, forts\u00e4tter med f\u00f6rdelarna fr\u00e5n denna serie, beh\u00e5ller l\u00e4tt vikt och multifunktionalitet, vilket b\u00e4ttre motsvarar m\u00e5nga kunders preferenser. Genom att justera olika kontraster framh\u00e4vs en varum\u00e4rkesk\u00e4nsla som b\u00e4ttre uttrycker olika f\u00f6retags identitet.<\/p>\n<p>\ud83d\udcd6F\u00f6r fler rekommendationer om specialanpassade anteckningsb\u00f6cker \/ tryck och produktion av f\u00f6retagsdagb\u00f6cker, v\u00e4nligen se:<br \/>\n<a href=\"https:\/\/leatai.com\/sv\/produkt-kategori\/olika-oem-prover\/oem-inbunden-anteckningsbok\/\" target=\"_blank\" rel=\"noopener\">OEM inbundna b\u00f6cker<\/a><br \/>\n<a href=\"https:\/\/leatai.com\/sv\/produkt-kategori\/olika-oem-prover\/oem-losblad-notebook\/\" target=\"_blank\" rel=\"noopener\">OEM ringp\u00e4rmar<\/a><br \/>\n<a href=\"https:\/\/leatai.com\/sv\/produkt-kategori\/olika-oem-prover\/oem-avtagbar-anteckningsbok\/\" target=\"_blank\" rel=\"noopener\">OEM utdragbara ringp\u00e4rmar<\/a><br \/>\n<a href=\"https:\/\/leatai.com\/sv\/produkt-kategori\/olika-oem-prover\/oem-mjukband-notebook\/\" target=\"_blank\" rel=\"noopener\">OEM mjukbandade b\u00f6cker<\/a><br \/>\n<a href=\"https:\/\/leatai.com\/sv\/produkt-kategori\/olika-oem-prover\/oem-spiralanteckningsbok\/\" target=\"_blank\" rel=\"noopener\">OEM spiralbundna b\u00f6cker<\/a><br \/>\n<a href=\"https:\/\/leatai.com\/sv\/produkt-kategori\/olika-oem-prover\/oem-kalender-sv\/\" target=\"_blank\" rel=\"noopener\">OEM specialanpassade avrivningskalendrar \/ tryck av specialanpassade skrivbordskalendrar<\/a><br \/>\n<a href=\"https:\/\/leatai.com\/sv\/produkt-kategori\/olika-oem-prover\/oem-andra\/\" target=\"_blank\" rel=\"noopener\">OEM \u00f6vrigt<\/a><\/p>\n<p>F\u00f6r fullst\u00e4ndig storleksf\u00f6rklaring, v\u00e4nligen se: <a href=\"https:\/\/leatai.com\/sv\/anteckningsbokskunskap\/pappersstorleksguide-forsta-vanliga-storlekar-som-b3-a4-b5-8k-16k-och-mer-en-omfattande-storlekstabell-for-enkel-referens\/\" target=\"_blank\" rel=\"noopener\">Pappersstorleksguide: B3, A4, B5, 8K, 16K och andra vanliga format \u2013 j\u00e4mf\u00f6relsetabell f\u00f6r pappersstorlekar som \u00e4r l\u00e4tt att f\u00f6rst\u00e5!<\/a><\/p>\n<p>&nbsp;<\/p>\n<p><iframe title=\"How to DIY a removable notebook\" width=\"800\" height=\"450\" src=\"https:\/\/www.youtube.com\/embed\/OsLvh1PRzxo?feature=oembed&#038;enablejsapi=1&#038;origin=https:\/\/leatai.com\" frameborder=\"0\" allow=\"accelerometer; autoplay; clipboard-write; encrypted-media; gyroscope; picture-in-picture; web-share\" referrerpolicy=\"strict-origin-when-cross-origin\" allowfullscreen><\/iframe><\/p>\n","protected":false},"excerpt":{"rendered":"<p>Produktmodell: LDO-031 Omslagsmaterial: syntetiskt l\u00e4der F\u00e4rger: r\u00f6d \/ bl\u00e5gr\u00f6n \/ gr\u00e5 Specifikation: 25K (20 h\u00e5l\/6 h\u00e5l) \/ 48K (18 h\u00e5l\/6 h\u00e5l) (vanliga storlekar) Innerblad: Standard (val av layout) F\u00f6rpackning: OPP-p\u00e5se (tillval) LOGO-bearbetning: guldpr\u00e4gling, silverpr\u00e4gling, blindpr\u00e4gling Produktbeskrivning Leatai produktmodell: LDO-031, forts\u00e4tter med f\u00f6rdelarna fr\u00e5n denna serie, beh\u00e5ller l\u00e4tt vikt och multifunktionalitet, vilket b\u00e4ttre motsvarar m\u00e5nga kunders [&hellip;]<\/p>\n","protected":false},"featured_media":299362,"template":"","meta":{"_acf_changed":false},"product_brand":[],"product_cat":[786],"product_tag":[],"home_works":[],"class_list":{"0":"post-299361","1":"product","2":"type-product","3":"status-publish","4":"has-post-thumbnail","6":"product_cat-avtagbar-anteckningsbok","8":"first","9":"outofstock","10":"sold-individually","11":"shipping-taxable","12":"purchasable","13":"product-type-variable","14":"has-default-attributes"},"acf":[],"yoast_head":"<!-- This site is optimized with the Yoast SEO plugin v27.2 - https:\/\/yoast.com\/product\/yoast-seo-wordpress\/ -->\n<title>LDO-031 - L\u00e4tt och multifunktionell, med mer unika f\u00e4rgkombinationer - Leatai \u2013 Tillverkare av anpassade anteckningsb\u00f6cker<\/title>\n<meta name=\"description\" content=\"Leatai produktmodell: LDO-031, forts\u00e4tter med f\u00f6rdelarna fr\u00e5n denna serie, beh\u00e5ller l\u00e4tt vikt och multifunktionalitet, vilket b\u00e4ttre motsvarar m\u00e5nga kunders preferenser. Genom att justera olika kontraster framh\u00e4vs en varum\u00e4rkesk\u00e4nsla som b\u00e4ttre uttrycker olika f\u00f6retags identitet.\" \/>\n<meta name=\"robots\" content=\"index, follow, max-snippet:-1, max-image-preview:large, max-video-preview:-1\" \/>\n<link rel=\"canonical\" href=\"https:\/\/leatai.com\/sv\/product\/anpassad-anteckningsbok\/avtagbar-anteckningsbok\/ldo-031\/\" \/>\n<meta property=\"og:locale\" content=\"sv_SE\" \/>\n<meta property=\"og:type\" content=\"article\" \/>\n<meta property=\"og:title\" content=\"LDO-031 - L\u00e4tt och multifunktionell, med mer unika f\u00e4rgkombinationer - Leatai \u2013 Tillverkare av anpassade anteckningsb\u00f6cker\" \/>\n<meta property=\"og:description\" content=\"Leatai produktmodell: LDO-031, forts\u00e4tter med f\u00f6rdelarna fr\u00e5n denna serie, beh\u00e5ller l\u00e4tt vikt och multifunktionalitet, vilket b\u00e4ttre motsvarar m\u00e5nga kunders preferenser. Genom att justera olika kontraster framh\u00e4vs en varum\u00e4rkesk\u00e4nsla som b\u00e4ttre uttrycker olika f\u00f6retags identitet.\" \/>\n<meta property=\"og:url\" content=\"https:\/\/leatai.com\/sv\/product\/anpassad-anteckningsbok\/avtagbar-anteckningsbok\/ldo-031\/\" \/>\n<meta property=\"og:site_name\" content=\"Leatai \u2013 Tillverkare av anpassade anteckningsb\u00f6cker\" \/>\n<meta property=\"article:modified_time\" content=\"2026-04-17T06:06:13+00:00\" \/>\n<meta property=\"og:image\" content=\"https:\/\/leatai.com\/wp-content\/uploads\/DSC_0539-2.jpg\" \/>\n\t<meta property=\"og:image:width\" content=\"1000\" \/>\n\t<meta property=\"og:image:height\" content=\"750\" \/>\n\t<meta property=\"og:image:type\" content=\"image\/jpeg\" \/>\n<meta name=\"twitter:card\" content=\"summary_large_image\" \/>\n<meta name=\"twitter:label1\" content=\"Ber\u00e4knad l\u00e4stid\" \/>\n\t<meta name=\"twitter:data1\" content=\"1 minut\" \/>\n<script type=\"application\/ld+json\" class=\"yoast-schema-graph\">{\"@context\":\"https:\/\/schema.org\",\"@graph\":[{\"@type\":\"WebPage\",\"@id\":\"https:\/\/leatai.com\/sv\/product\/anpassad-anteckningsbok\/avtagbar-anteckningsbok\/ldo-031\/\",\"url\":\"https:\/\/leatai.com\/sv\/product\/anpassad-anteckningsbok\/avtagbar-anteckningsbok\/ldo-031\/\",\"name\":\"LDO-031 - L\u00e4tt och multifunktionell, med mer unika f\u00e4rgkombinationer - Leatai \u2013 Tillverkare av anpassade anteckningsb\u00f6cker\",\"isPartOf\":{\"@id\":\"https:\/\/leatai.com\/sv\/#website\"},\"primaryImageOfPage\":{\"@id\":\"https:\/\/leatai.com\/sv\/product\/anpassad-anteckningsbok\/avtagbar-anteckningsbok\/ldo-031\/#primaryimage\"},\"image\":{\"@id\":\"https:\/\/leatai.com\/sv\/product\/anpassad-anteckningsbok\/avtagbar-anteckningsbok\/ldo-031\/#primaryimage\"},\"thumbnailUrl\":\"https:\/\/leatai.com\/wp-content\/uploads\/DSC_0539-2.jpg\",\"datePublished\":\"2023-06-15T07:59:07+00:00\",\"dateModified\":\"2026-04-17T06:06:13+00:00\",\"description\":\"Leatai produktmodell: LDO-031, forts\u00e4tter med f\u00f6rdelarna fr\u00e5n denna serie, beh\u00e5ller l\u00e4tt vikt och multifunktionalitet, vilket b\u00e4ttre motsvarar m\u00e5nga kunders preferenser. Genom att justera olika kontraster framh\u00e4vs en varum\u00e4rkesk\u00e4nsla som b\u00e4ttre uttrycker olika f\u00f6retags identitet.\",\"breadcrumb\":{\"@id\":\"https:\/\/leatai.com\/sv\/product\/anpassad-anteckningsbok\/avtagbar-anteckningsbok\/ldo-031\/#breadcrumb\"},\"inLanguage\":\"sv-SE\",\"potentialAction\":[{\"@type\":\"ReadAction\",\"target\":[\"https:\/\/leatai.com\/sv\/product\/anpassad-anteckningsbok\/avtagbar-anteckningsbok\/ldo-031\/\"]}]},{\"@type\":\"ImageObject\",\"inLanguage\":\"sv-SE\",\"@id\":\"https:\/\/leatai.com\/sv\/product\/anpassad-anteckningsbok\/avtagbar-anteckningsbok\/ldo-031\/#primaryimage\",\"url\":\"https:\/\/leatai.com\/wp-content\/uploads\/DSC_0539-2.jpg\",\"contentUrl\":\"https:\/\/leatai.com\/wp-content\/uploads\/DSC_0539-2.jpg\",\"width\":1000,\"height\":750,\"caption\":\"Aff\u00e4rsdagbok uttagbar l\u00f6sbladsbok\"},{\"@type\":\"BreadcrumbList\",\"@id\":\"https:\/\/leatai.com\/sv\/product\/anpassad-anteckningsbok\/avtagbar-anteckningsbok\/ldo-031\/#breadcrumb\",\"itemListElement\":[{\"@type\":\"ListItem\",\"position\":1,\"name\":\"Home\",\"item\":\"https:\/\/leatai.com\/sv\/\"},{\"@type\":\"ListItem\",\"position\":2,\"name\":\"Produktpresentation\",\"item\":\"https:\/\/leatai.com\/products\/\"},{\"@type\":\"ListItem\",\"position\":3,\"name\":\"Anpassad anteckningsbok\",\"item\":\"https:\/\/leatai.com\/sv\/produkt-kategori\/anpassad-anteckningsbok\/\"},{\"@type\":\"ListItem\",\"position\":4,\"name\":\"Avtagbar anteckningsbok\",\"item\":\"https:\/\/leatai.com\/sv\/produkt-kategori\/anpassad-anteckningsbok\/avtagbar-anteckningsbok\/\"},{\"@type\":\"ListItem\",\"position\":5,\"name\":\"LDO-031\"}]},{\"@type\":\"WebSite\",\"@id\":\"https:\/\/leatai.com\/sv\/#website\",\"url\":\"https:\/\/leatai.com\/sv\/\",\"name\":\"Leatai \u2013 Tillverkare av anpassade anteckningsb\u00f6cker\",\"description\":\"Leatai erbjuder anpassade anteckningsb\u00f6cker och planeringsverktyg f\u00f6r varum\u00e4rken och distribut\u00f6rer \u00f6ver hela v\u00e4rlden.\",\"publisher\":{\"@id\":\"https:\/\/leatai.com\/sv\/#organization\"},\"potentialAction\":[{\"@type\":\"SearchAction\",\"target\":{\"@type\":\"EntryPoint\",\"urlTemplate\":\"https:\/\/leatai.com\/sv\/?s={search_term_string}\"},\"query-input\":{\"@type\":\"PropertyValueSpecification\",\"valueRequired\":true,\"valueName\":\"search_term_string\"}}],\"inLanguage\":\"sv-SE\"},{\"@type\":\"Organization\",\"@id\":\"https:\/\/leatai.com\/sv\/#organization\",\"name\":\"Leatai Diary, customized journal and business organizer\",\"url\":\"https:\/\/leatai.com\/sv\/\",\"logo\":{\"@type\":\"ImageObject\",\"inLanguage\":\"sv-SE\",\"@id\":\"https:\/\/leatai.com\/sv\/#\/schema\/logo\/image\/\",\"url\":\"https:\/\/leatai.com\/wp-content\/uploads\/logo-blue.png\",\"contentUrl\":\"https:\/\/leatai.com\/wp-content\/uploads\/logo-blue.png\",\"width\":230,\"height\":60,\"caption\":\"Leatai Diary, customized journal and business organizer\"},\"image\":{\"@id\":\"https:\/\/leatai.com\/sv\/#\/schema\/logo\/image\/\"}}]}<\/script>\n<!-- \/ Yoast SEO plugin. -->","yoast_head_json":{"title":"LDO-031 - L\u00e4tt och multifunktionell, med mer unika f\u00e4rgkombinationer - Leatai \u2013 Tillverkare av anpassade anteckningsb\u00f6cker","description":"Leatai produktmodell: LDO-031, forts\u00e4tter med f\u00f6rdelarna fr\u00e5n denna serie, beh\u00e5ller l\u00e4tt vikt och multifunktionalitet, vilket b\u00e4ttre motsvarar m\u00e5nga kunders preferenser. Genom att justera olika kontraster framh\u00e4vs en varum\u00e4rkesk\u00e4nsla som b\u00e4ttre uttrycker olika f\u00f6retags identitet.","robots":{"index":"index","follow":"follow","max-snippet":"max-snippet:-1","max-image-preview":"max-image-preview:large","max-video-preview":"max-video-preview:-1"},"canonical":"https:\/\/leatai.com\/sv\/product\/anpassad-anteckningsbok\/avtagbar-anteckningsbok\/ldo-031\/","og_locale":"sv_SE","og_type":"article","og_title":"LDO-031 - L\u00e4tt och multifunktionell, med mer unika f\u00e4rgkombinationer - Leatai \u2013 Tillverkare av anpassade anteckningsb\u00f6cker","og_description":"Leatai produktmodell: LDO-031, forts\u00e4tter med f\u00f6rdelarna fr\u00e5n denna serie, beh\u00e5ller l\u00e4tt vikt och multifunktionalitet, vilket b\u00e4ttre motsvarar m\u00e5nga kunders preferenser. Genom att justera olika kontraster framh\u00e4vs en varum\u00e4rkesk\u00e4nsla som b\u00e4ttre uttrycker olika f\u00f6retags identitet.","og_url":"https:\/\/leatai.com\/sv\/product\/anpassad-anteckningsbok\/avtagbar-anteckningsbok\/ldo-031\/","og_site_name":"Leatai \u2013 Tillverkare av anpassade anteckningsb\u00f6cker","article_modified_time":"2026-04-17T06:06:13+00:00","og_image":[{"width":1000,"height":750,"url":"https:\/\/leatai.com\/wp-content\/uploads\/DSC_0539-2.jpg","type":"image\/jpeg"}],"twitter_card":"summary_large_image","twitter_misc":{"Ber\u00e4knad l\u00e4stid":"1 minut"},"schema":{"@context":"https:\/\/schema.org","@graph":[{"@type":"WebPage","@id":"https:\/\/leatai.com\/sv\/product\/anpassad-anteckningsbok\/avtagbar-anteckningsbok\/ldo-031\/","url":"https:\/\/leatai.com\/sv\/product\/anpassad-anteckningsbok\/avtagbar-anteckningsbok\/ldo-031\/","name":"LDO-031 - L\u00e4tt och multifunktionell, med mer unika f\u00e4rgkombinationer - Leatai \u2013 Tillverkare av anpassade anteckningsb\u00f6cker","isPartOf":{"@id":"https:\/\/leatai.com\/sv\/#website"},"primaryImageOfPage":{"@id":"https:\/\/leatai.com\/sv\/product\/anpassad-anteckningsbok\/avtagbar-anteckningsbok\/ldo-031\/#primaryimage"},"image":{"@id":"https:\/\/leatai.com\/sv\/product\/anpassad-anteckningsbok\/avtagbar-anteckningsbok\/ldo-031\/#primaryimage"},"thumbnailUrl":"https:\/\/leatai.com\/wp-content\/uploads\/DSC_0539-2.jpg","datePublished":"2023-06-15T07:59:07+00:00","dateModified":"2026-04-17T06:06:13+00:00","description":"Leatai produktmodell: LDO-031, forts\u00e4tter med f\u00f6rdelarna fr\u00e5n denna serie, beh\u00e5ller l\u00e4tt vikt och multifunktionalitet, vilket b\u00e4ttre motsvarar m\u00e5nga kunders preferenser. Genom att justera olika kontraster framh\u00e4vs en varum\u00e4rkesk\u00e4nsla som b\u00e4ttre uttrycker olika f\u00f6retags identitet.","breadcrumb":{"@id":"https:\/\/leatai.com\/sv\/product\/anpassad-anteckningsbok\/avtagbar-anteckningsbok\/ldo-031\/#breadcrumb"},"inLanguage":"sv-SE","potentialAction":[{"@type":"ReadAction","target":["https:\/\/leatai.com\/sv\/product\/anpassad-anteckningsbok\/avtagbar-anteckningsbok\/ldo-031\/"]}]},{"@type":"ImageObject","inLanguage":"sv-SE","@id":"https:\/\/leatai.com\/sv\/product\/anpassad-anteckningsbok\/avtagbar-anteckningsbok\/ldo-031\/#primaryimage","url":"https:\/\/leatai.com\/wp-content\/uploads\/DSC_0539-2.jpg","contentUrl":"https:\/\/leatai.com\/wp-content\/uploads\/DSC_0539-2.jpg","width":1000,"height":750,"caption":"Aff\u00e4rsdagbok uttagbar l\u00f6sbladsbok"},{"@type":"BreadcrumbList","@id":"https:\/\/leatai.com\/sv\/product\/anpassad-anteckningsbok\/avtagbar-anteckningsbok\/ldo-031\/#breadcrumb","itemListElement":[{"@type":"ListItem","position":1,"name":"Home","item":"https:\/\/leatai.com\/sv\/"},{"@type":"ListItem","position":2,"name":"Produktpresentation","item":"https:\/\/leatai.com\/products\/"},{"@type":"ListItem","position":3,"name":"Anpassad anteckningsbok","item":"https:\/\/leatai.com\/sv\/produkt-kategori\/anpassad-anteckningsbok\/"},{"@type":"ListItem","position":4,"name":"Avtagbar anteckningsbok","item":"https:\/\/leatai.com\/sv\/produkt-kategori\/anpassad-anteckningsbok\/avtagbar-anteckningsbok\/"},{"@type":"ListItem","position":5,"name":"LDO-031"}]},{"@type":"WebSite","@id":"https:\/\/leatai.com\/sv\/#website","url":"https:\/\/leatai.com\/sv\/","name":"Leatai \u2013 Tillverkare av anpassade anteckningsb\u00f6cker","description":"Leatai erbjuder anpassade anteckningsb\u00f6cker och planeringsverktyg f\u00f6r varum\u00e4rken och distribut\u00f6rer \u00f6ver hela v\u00e4rlden.","publisher":{"@id":"https:\/\/leatai.com\/sv\/#organization"},"potentialAction":[{"@type":"SearchAction","target":{"@type":"EntryPoint","urlTemplate":"https:\/\/leatai.com\/sv\/?s={search_term_string}"},"query-input":{"@type":"PropertyValueSpecification","valueRequired":true,"valueName":"search_term_string"}}],"inLanguage":"sv-SE"},{"@type":"Organization","@id":"https:\/\/leatai.com\/sv\/#organization","name":"Leatai Diary, customized journal and business organizer","url":"https:\/\/leatai.com\/sv\/","logo":{"@type":"ImageObject","inLanguage":"sv-SE","@id":"https:\/\/leatai.com\/sv\/#\/schema\/logo\/image\/","url":"https:\/\/leatai.com\/wp-content\/uploads\/logo-blue.png","contentUrl":"https:\/\/leatai.com\/wp-content\/uploads\/logo-blue.png","width":230,"height":60,"caption":"Leatai Diary, customized journal and business organizer"},"image":{"@id":"https:\/\/leatai.com\/sv\/#\/schema\/logo\/image\/"}}]}},"_links":{"self":[{"href":"https:\/\/leatai.com\/sv\/wp-json\/wp\/v2\/product\/299361","targetHints":{"allow":["GET"]}}],"collection":[{"href":"https:\/\/leatai.com\/sv\/wp-json\/wp\/v2\/product"}],"about":[{"href":"https:\/\/leatai.com\/sv\/wp-json\/wp\/v2\/types\/product"}],"wp:featuredmedia":[{"embeddable":true,"href":"https:\/\/leatai.com\/sv\/wp-json\/wp\/v2\/media\/299362"}],"wp:attachment":[{"href":"https:\/\/leatai.com\/sv\/wp-json\/wp\/v2\/media?parent=299361"}],"wp:term":[{"taxonomy":"product_brand","embeddable":true,"href":"https:\/\/leatai.com\/sv\/wp-json\/wp\/v2\/product_brand?post=299361"},{"taxonomy":"product_cat","embeddable":true,"href":"https:\/\/leatai.com\/sv\/wp-json\/wp\/v2\/product_cat?post=299361"},{"taxonomy":"product_tag","embeddable":true,"href":"https:\/\/leatai.com\/sv\/wp-json\/wp\/v2\/product_tag?post=299361"},{"taxonomy":"home_works","embeddable":true,"href":"https:\/\/leatai.com\/sv\/wp-json\/wp\/v2\/home_works?post=299361"}],"curies":[{"name":"wp","href":"https:\/\/api.w.org\/{rel}","templated":true}]}}