{"id":299286,"date":"2021-08-30T21:33:28","date_gmt":"2021-08-30T13:33:28","guid":{"rendered":"https:\/\/leatai.com\/product\/okategoriserad\/tillvalstillbehor-lasergravyr-pa-utdragbar-klamma\/"},"modified":"2021-08-30T21:33:28","modified_gmt":"2021-08-30T13:33:28","slug":"tillvalstillbehor-lasergravyr-pa-utdragbar-klamma","status":"publish","type":"product","link":"https:\/\/leatai.com\/sv\/product\/anpassad-anteckningsbok\/avtagbar-anteckningsbok\/tillvalstillbehor-lasergravyr-pa-utdragbar-klamma\/","title":{"rendered":"Tillvalstillbeh\u00f6r \u2013 lasergravyr p\u00e5 utdragbar kl\u00e4mma"},"content":{"rendered":"<p>Produktbeskrivning<br \/>\nLeatai produktmodell: Tillvalstillbeh\u00f6r \u2013 lasergravyr p\u00e5 utdragbar kl\u00e4mma, den mest minnesv\u00e4rda metoden \u00e4r att direkt gravera unika bilder och texter p\u00e5 kl\u00e4mman, vilket g\u00f6r din ringp\u00e4rm helt unik. Man \u00e4r ung bara en g\u00e5ng, du f\u00f6rtj\u00e4nar att ta vara p\u00e5 ditt liv.<\/p>\n<p>\ud83d\udcd6F\u00f6r fler rekommendationer om specialanpassade anteckningsb\u00f6cker \/ tryck och produktion av f\u00f6retagsdagb\u00f6cker, v\u00e4nligen se:<br \/>\n<a href=\"https:\/\/leatai.com\/sv\/produkt-kategori\/olika-oem-prover\/oem-inbunden-anteckningsbok\/\" target=\"_blank\" rel=\"noopener\">OEM inbundna b\u00f6cker<\/a><br \/>\n<a href=\"https:\/\/leatai.com\/sv\/produkt-kategori\/olika-oem-prover\/oem-losblad-notebook\/\" target=\"_blank\" rel=\"noopener\">OEM ringp\u00e4rmar<\/a><br \/>\n<a href=\"https:\/\/leatai.com\/sv\/produkt-kategori\/olika-oem-prover\/oem-avtagbar-anteckningsbok\/\" target=\"_blank\" rel=\"noopener\">OEM utdragbara ringp\u00e4rmar<\/a><br \/>\n<a href=\"https:\/\/leatai.com\/sv\/produkt-kategori\/olika-oem-prover\/oem-mjukband-notebook\/\" target=\"_blank\" rel=\"noopener\">OEM mjukbandade b\u00f6cker<\/a><br \/>\n<a href=\"https:\/\/leatai.com\/sv\/produkt-kategori\/olika-oem-prover\/oem-spiralanteckningsbok\/\" target=\"_blank\" rel=\"noopener\">OEM spiralbundna b\u00f6cker<\/a><br \/>\n<a href=\"https:\/\/leatai.com\/sv\/produkt-kategori\/olika-oem-prover\/oem-kalender-sv\/\" target=\"_blank\" rel=\"noopener\">OEM specialanpassade avrivningskalendrar \/ tryck av specialanpassade skrivbordskalendrar<\/a><br \/>\n<a href=\"https:\/\/leatai.com\/sv\/produkt-kategori\/olika-oem-prover\/oem-andra\/\" target=\"_blank\" rel=\"noopener\">OEM \u00f6vrigt<\/a><\/p>\n<p>F\u00f6r fullst\u00e4ndig storleksf\u00f6rklaring, v\u00e4nligen se: <a href=\"https:\/\/leatai.com\/sv\/anteckningsbokskunskap\/pappersstorleksguide-forsta-vanliga-storlekar-som-b3-a4-b5-8k-16k-och-mer-en-omfattande-storlekstabell-for-enkel-referens\/\" target=\"_blank\" rel=\"noopener\">Pappersstorleksguide: B3, A4, B5, 8K, 16K och andra vanliga format \u2013 j\u00e4mf\u00f6relsetabell f\u00f6r pappersstorlekar som \u00e4r l\u00e4tt att f\u00f6rst\u00e5!<\/a><\/p>\n","protected":false},"excerpt":{"rendered":"<p>Produktbeskrivning Leatai produktmodell: Tillvalstillbeh\u00f6r \u2013 lasergravyr p\u00e5 utdragbar kl\u00e4mma, den mest minnesv\u00e4rda metoden \u00e4r att direkt gravera unika bilder och texter p\u00e5 kl\u00e4mman, vilket g\u00f6r din ringp\u00e4rm helt unik. Man \u00e4r ung bara en g\u00e5ng, du f\u00f6rtj\u00e4nar att ta vara p\u00e5 ditt liv. \ud83d\udcd6F\u00f6r fler rekommendationer om specialanpassade anteckningsb\u00f6cker \/ tryck och produktion av f\u00f6retagsdagb\u00f6cker, [&hellip;]<\/p>\n","protected":false},"featured_media":299287,"template":"","meta":{"_acf_changed":false},"product_brand":[],"product_cat":[786],"product_tag":[],"home_works":[],"class_list":{"0":"post-299286","1":"product","2":"type-product","3":"status-publish","4":"has-post-thumbnail","6":"product_cat-avtagbar-anteckningsbok","8":"first","9":"instock","10":"sold-individually","11":"shipping-taxable","12":"purchasable","13":"product-type-simple"},"acf":[],"yoast_head":"<!-- This site is optimized with the Yoast SEO plugin v27.2 - https:\/\/yoast.com\/product\/yoast-seo-wordpress\/ -->\n<title>Tillvalstillbeh\u00f6r \u2013 lasergravyr p\u00e5 utdragbar kl\u00e4mma - Produktbeskrivning Leatai produktmodell: Tillvalstillbeh\u00f6r \u2013 lasergravyr p\u00e5 utdragbar kl\u00e4mma, den mest minnesv\u00e4rda metoden \u00e4r att direkt gravera unika bilder och texter p\u00e5 kl\u00e4mman, vilket g\u00f6r din ringp\u00e4rm helt unik. Man \u00e4r ung bara en g\u00e5ng, du f\u00f6rtj\u00e4nar att ta vara p\u00e5 ditt liv. - Leatai \u2013 Tillverkare av anpassade anteckningsb\u00f6cker<\/title>\n<meta name=\"description\" content=\"Produktbeskrivning Leatai produktmodell: Tillvalstillbeh\u00f6r \u2013 lasergravyr p\u00e5 utdragbar kl\u00e4mma, den mest minnesv\u00e4rda metoden \u00e4r att direkt gravera unika bilder och texter p\u00e5 kl\u00e4mman, vilket g\u00f6r din ringp\u00e4rm helt unik. Man \u00e4r ung bara en g\u00e5ng, du f\u00f6rtj\u00e4nar att ta vara p\u00e5 ditt liv.\" \/>\n<meta name=\"robots\" content=\"index, follow, max-snippet:-1, max-image-preview:large, max-video-preview:-1\" \/>\n<link rel=\"canonical\" href=\"https:\/\/leatai.com\/sv\/product\/anpassad-anteckningsbok\/avtagbar-anteckningsbok\/tillvalstillbehor-lasergravyr-pa-utdragbar-klamma\/\" \/>\n<meta property=\"og:locale\" content=\"sv_SE\" \/>\n<meta property=\"og:type\" content=\"article\" \/>\n<meta property=\"og:title\" content=\"Tillvalstillbeh\u00f6r \u2013 lasergravyr p\u00e5 utdragbar kl\u00e4mma - Produktbeskrivning Leatai produktmodell: Tillvalstillbeh\u00f6r \u2013 lasergravyr p\u00e5 utdragbar kl\u00e4mma, den mest minnesv\u00e4rda metoden \u00e4r att direkt gravera unika bilder och texter p\u00e5 kl\u00e4mman, vilket g\u00f6r din ringp\u00e4rm helt unik. Man \u00e4r ung bara en g\u00e5ng, du f\u00f6rtj\u00e4nar att ta vara p\u00e5 ditt liv. - Leatai \u2013 Tillverkare av anpassade anteckningsb\u00f6cker\" \/>\n<meta property=\"og:description\" content=\"Produktbeskrivning Leatai produktmodell: Tillvalstillbeh\u00f6r \u2013 lasergravyr p\u00e5 utdragbar kl\u00e4mma, den mest minnesv\u00e4rda metoden \u00e4r att direkt gravera unika bilder och texter p\u00e5 kl\u00e4mman, vilket g\u00f6r din ringp\u00e4rm helt unik. Man \u00e4r ung bara en g\u00e5ng, du f\u00f6rtj\u00e4nar att ta vara p\u00e5 ditt liv.\" \/>\n<meta property=\"og:url\" content=\"https:\/\/leatai.com\/sv\/product\/anpassad-anteckningsbok\/avtagbar-anteckningsbok\/tillvalstillbehor-lasergravyr-pa-utdragbar-klamma\/\" \/>\n<meta property=\"og:site_name\" content=\"Leatai \u2013 Tillverkare av anpassade anteckningsb\u00f6cker\" \/>\n<meta property=\"og:image\" content=\"https:\/\/leatai.com\/wp-content\/uploads\/DSC_3325.jpg\" \/>\n\t<meta property=\"og:image:width\" content=\"1000\" \/>\n\t<meta property=\"og:image:height\" content=\"750\" \/>\n\t<meta property=\"og:image:type\" content=\"image\/jpeg\" \/>\n<meta name=\"twitter:card\" content=\"summary_large_image\" \/>\n<meta name=\"twitter:label1\" content=\"Ber\u00e4knad l\u00e4stid\" \/>\n\t<meta name=\"twitter:data1\" content=\"1 minut\" \/>\n<script type=\"application\/ld+json\" class=\"yoast-schema-graph\">{\"@context\":\"https:\/\/schema.org\",\"@graph\":[{\"@type\":\"WebPage\",\"@id\":\"https:\/\/leatai.com\/sv\/product\/anpassad-anteckningsbok\/avtagbar-anteckningsbok\/tillvalstillbehor-lasergravyr-pa-utdragbar-klamma\/\",\"url\":\"https:\/\/leatai.com\/sv\/product\/anpassad-anteckningsbok\/avtagbar-anteckningsbok\/tillvalstillbehor-lasergravyr-pa-utdragbar-klamma\/\",\"name\":\"Tillvalstillbeh\u00f6r \u2013 lasergravyr p\u00e5 utdragbar kl\u00e4mma - Produktbeskrivning Leatai produktmodell: Tillvalstillbeh\u00f6r \u2013 lasergravyr p\u00e5 utdragbar kl\u00e4mma, den mest minnesv\u00e4rda metoden \u00e4r att direkt gravera unika bilder och texter p\u00e5 kl\u00e4mman, vilket g\u00f6r din ringp\u00e4rm helt unik. Man \u00e4r ung bara en g\u00e5ng, du f\u00f6rtj\u00e4nar att ta vara p\u00e5 ditt liv. - Leatai \u2013 Tillverkare av anpassade anteckningsb\u00f6cker\",\"isPartOf\":{\"@id\":\"https:\/\/leatai.com\/sv\/#website\"},\"primaryImageOfPage\":{\"@id\":\"https:\/\/leatai.com\/sv\/product\/anpassad-anteckningsbok\/avtagbar-anteckningsbok\/tillvalstillbehor-lasergravyr-pa-utdragbar-klamma\/#primaryimage\"},\"image\":{\"@id\":\"https:\/\/leatai.com\/sv\/product\/anpassad-anteckningsbok\/avtagbar-anteckningsbok\/tillvalstillbehor-lasergravyr-pa-utdragbar-klamma\/#primaryimage\"},\"thumbnailUrl\":\"https:\/\/leatai.com\/wp-content\/uploads\/DSC_3325.jpg\",\"datePublished\":\"2021-08-30T13:33:28+00:00\",\"description\":\"Produktbeskrivning Leatai produktmodell: Tillvalstillbeh\u00f6r \u2013 lasergravyr p\u00e5 utdragbar kl\u00e4mma, den mest minnesv\u00e4rda metoden \u00e4r att direkt gravera unika bilder och texter p\u00e5 kl\u00e4mman, vilket g\u00f6r din ringp\u00e4rm helt unik. Man \u00e4r ung bara en g\u00e5ng, du f\u00f6rtj\u00e4nar att ta vara p\u00e5 ditt liv.\",\"breadcrumb\":{\"@id\":\"https:\/\/leatai.com\/sv\/product\/anpassad-anteckningsbok\/avtagbar-anteckningsbok\/tillvalstillbehor-lasergravyr-pa-utdragbar-klamma\/#breadcrumb\"},\"inLanguage\":\"sv-SE\",\"potentialAction\":[{\"@type\":\"ReadAction\",\"target\":[\"https:\/\/leatai.com\/sv\/product\/anpassad-anteckningsbok\/avtagbar-anteckningsbok\/tillvalstillbehor-lasergravyr-pa-utdragbar-klamma\/\"]}]},{\"@type\":\"ImageObject\",\"inLanguage\":\"sv-SE\",\"@id\":\"https:\/\/leatai.com\/sv\/product\/anpassad-anteckningsbok\/avtagbar-anteckningsbok\/tillvalstillbehor-lasergravyr-pa-utdragbar-klamma\/#primaryimage\",\"url\":\"https:\/\/leatai.com\/wp-content\/uploads\/DSC_3325.jpg\",\"contentUrl\":\"https:\/\/leatai.com\/wp-content\/uploads\/DSC_3325.jpg\",\"width\":1000,\"height\":750},{\"@type\":\"BreadcrumbList\",\"@id\":\"https:\/\/leatai.com\/sv\/product\/anpassad-anteckningsbok\/avtagbar-anteckningsbok\/tillvalstillbehor-lasergravyr-pa-utdragbar-klamma\/#breadcrumb\",\"itemListElement\":[{\"@type\":\"ListItem\",\"position\":1,\"name\":\"Home\",\"item\":\"https:\/\/leatai.com\/sv\/\"},{\"@type\":\"ListItem\",\"position\":2,\"name\":\"Produktpresentation\",\"item\":\"https:\/\/leatai.com\/products\/\"},{\"@type\":\"ListItem\",\"position\":3,\"name\":\"Anpassad anteckningsbok\",\"item\":\"https:\/\/leatai.com\/sv\/produkt-kategori\/anpassad-anteckningsbok\/\"},{\"@type\":\"ListItem\",\"position\":4,\"name\":\"Avtagbar anteckningsbok\",\"item\":\"https:\/\/leatai.com\/sv\/produkt-kategori\/anpassad-anteckningsbok\/avtagbar-anteckningsbok\/\"},{\"@type\":\"ListItem\",\"position\":5,\"name\":\"Tillvalstillbeh\u00f6r \u2013 lasergravyr p\u00e5 utdragbar kl\u00e4mma\"}]},{\"@type\":\"WebSite\",\"@id\":\"https:\/\/leatai.com\/sv\/#website\",\"url\":\"https:\/\/leatai.com\/sv\/\",\"name\":\"Leatai \u2013 Tillverkare av anpassade anteckningsb\u00f6cker\",\"description\":\"Leatai erbjuder anpassade anteckningsb\u00f6cker och planeringsverktyg f\u00f6r varum\u00e4rken och distribut\u00f6rer \u00f6ver hela v\u00e4rlden.\",\"publisher\":{\"@id\":\"https:\/\/leatai.com\/sv\/#organization\"},\"potentialAction\":[{\"@type\":\"SearchAction\",\"target\":{\"@type\":\"EntryPoint\",\"urlTemplate\":\"https:\/\/leatai.com\/sv\/?s={search_term_string}\"},\"query-input\":{\"@type\":\"PropertyValueSpecification\",\"valueRequired\":true,\"valueName\":\"search_term_string\"}}],\"inLanguage\":\"sv-SE\"},{\"@type\":\"Organization\",\"@id\":\"https:\/\/leatai.com\/sv\/#organization\",\"name\":\"Leatai Diary, customized journal and business organizer\",\"url\":\"https:\/\/leatai.com\/sv\/\",\"logo\":{\"@type\":\"ImageObject\",\"inLanguage\":\"sv-SE\",\"@id\":\"https:\/\/leatai.com\/sv\/#\/schema\/logo\/image\/\",\"url\":\"https:\/\/leatai.com\/wp-content\/uploads\/logo-blue.png\",\"contentUrl\":\"https:\/\/leatai.com\/wp-content\/uploads\/logo-blue.png\",\"width\":230,\"height\":60,\"caption\":\"Leatai Diary, customized journal and business organizer\"},\"image\":{\"@id\":\"https:\/\/leatai.com\/sv\/#\/schema\/logo\/image\/\"}}]}<\/script>\n<!-- \/ Yoast SEO plugin. -->","yoast_head_json":{"title":"Tillvalstillbeh\u00f6r \u2013 lasergravyr p\u00e5 utdragbar kl\u00e4mma - Produktbeskrivning Leatai produktmodell: Tillvalstillbeh\u00f6r \u2013 lasergravyr p\u00e5 utdragbar kl\u00e4mma, den mest minnesv\u00e4rda metoden \u00e4r att direkt gravera unika bilder och texter p\u00e5 kl\u00e4mman, vilket g\u00f6r din ringp\u00e4rm helt unik. Man \u00e4r ung bara en g\u00e5ng, du f\u00f6rtj\u00e4nar att ta vara p\u00e5 ditt liv. - Leatai \u2013 Tillverkare av anpassade anteckningsb\u00f6cker","description":"Produktbeskrivning Leatai produktmodell: Tillvalstillbeh\u00f6r \u2013 lasergravyr p\u00e5 utdragbar kl\u00e4mma, den mest minnesv\u00e4rda metoden \u00e4r att direkt gravera unika bilder och texter p\u00e5 kl\u00e4mman, vilket g\u00f6r din ringp\u00e4rm helt unik. Man \u00e4r ung bara en g\u00e5ng, du f\u00f6rtj\u00e4nar att ta vara p\u00e5 ditt liv.","robots":{"index":"index","follow":"follow","max-snippet":"max-snippet:-1","max-image-preview":"max-image-preview:large","max-video-preview":"max-video-preview:-1"},"canonical":"https:\/\/leatai.com\/sv\/product\/anpassad-anteckningsbok\/avtagbar-anteckningsbok\/tillvalstillbehor-lasergravyr-pa-utdragbar-klamma\/","og_locale":"sv_SE","og_type":"article","og_title":"Tillvalstillbeh\u00f6r \u2013 lasergravyr p\u00e5 utdragbar kl\u00e4mma - Produktbeskrivning Leatai produktmodell: Tillvalstillbeh\u00f6r \u2013 lasergravyr p\u00e5 utdragbar kl\u00e4mma, den mest minnesv\u00e4rda metoden \u00e4r att direkt gravera unika bilder och texter p\u00e5 kl\u00e4mman, vilket g\u00f6r din ringp\u00e4rm helt unik. Man \u00e4r ung bara en g\u00e5ng, du f\u00f6rtj\u00e4nar att ta vara p\u00e5 ditt liv. - Leatai \u2013 Tillverkare av anpassade anteckningsb\u00f6cker","og_description":"Produktbeskrivning Leatai produktmodell: Tillvalstillbeh\u00f6r \u2013 lasergravyr p\u00e5 utdragbar kl\u00e4mma, den mest minnesv\u00e4rda metoden \u00e4r att direkt gravera unika bilder och texter p\u00e5 kl\u00e4mman, vilket g\u00f6r din ringp\u00e4rm helt unik. Man \u00e4r ung bara en g\u00e5ng, du f\u00f6rtj\u00e4nar att ta vara p\u00e5 ditt liv.","og_url":"https:\/\/leatai.com\/sv\/product\/anpassad-anteckningsbok\/avtagbar-anteckningsbok\/tillvalstillbehor-lasergravyr-pa-utdragbar-klamma\/","og_site_name":"Leatai \u2013 Tillverkare av anpassade anteckningsb\u00f6cker","og_image":[{"width":1000,"height":750,"url":"https:\/\/leatai.com\/wp-content\/uploads\/DSC_3325.jpg","type":"image\/jpeg"}],"twitter_card":"summary_large_image","twitter_misc":{"Ber\u00e4knad l\u00e4stid":"1 minut"},"schema":{"@context":"https:\/\/schema.org","@graph":[{"@type":"WebPage","@id":"https:\/\/leatai.com\/sv\/product\/anpassad-anteckningsbok\/avtagbar-anteckningsbok\/tillvalstillbehor-lasergravyr-pa-utdragbar-klamma\/","url":"https:\/\/leatai.com\/sv\/product\/anpassad-anteckningsbok\/avtagbar-anteckningsbok\/tillvalstillbehor-lasergravyr-pa-utdragbar-klamma\/","name":"Tillvalstillbeh\u00f6r \u2013 lasergravyr p\u00e5 utdragbar kl\u00e4mma - Produktbeskrivning Leatai produktmodell: Tillvalstillbeh\u00f6r \u2013 lasergravyr p\u00e5 utdragbar kl\u00e4mma, den mest minnesv\u00e4rda metoden \u00e4r att direkt gravera unika bilder och texter p\u00e5 kl\u00e4mman, vilket g\u00f6r din ringp\u00e4rm helt unik. Man \u00e4r ung bara en g\u00e5ng, du f\u00f6rtj\u00e4nar att ta vara p\u00e5 ditt liv. - Leatai \u2013 Tillverkare av anpassade anteckningsb\u00f6cker","isPartOf":{"@id":"https:\/\/leatai.com\/sv\/#website"},"primaryImageOfPage":{"@id":"https:\/\/leatai.com\/sv\/product\/anpassad-anteckningsbok\/avtagbar-anteckningsbok\/tillvalstillbehor-lasergravyr-pa-utdragbar-klamma\/#primaryimage"},"image":{"@id":"https:\/\/leatai.com\/sv\/product\/anpassad-anteckningsbok\/avtagbar-anteckningsbok\/tillvalstillbehor-lasergravyr-pa-utdragbar-klamma\/#primaryimage"},"thumbnailUrl":"https:\/\/leatai.com\/wp-content\/uploads\/DSC_3325.jpg","datePublished":"2021-08-30T13:33:28+00:00","description":"Produktbeskrivning Leatai produktmodell: Tillvalstillbeh\u00f6r \u2013 lasergravyr p\u00e5 utdragbar kl\u00e4mma, den mest minnesv\u00e4rda metoden \u00e4r att direkt gravera unika bilder och texter p\u00e5 kl\u00e4mman, vilket g\u00f6r din ringp\u00e4rm helt unik. Man \u00e4r ung bara en g\u00e5ng, du f\u00f6rtj\u00e4nar att ta vara p\u00e5 ditt liv.","breadcrumb":{"@id":"https:\/\/leatai.com\/sv\/product\/anpassad-anteckningsbok\/avtagbar-anteckningsbok\/tillvalstillbehor-lasergravyr-pa-utdragbar-klamma\/#breadcrumb"},"inLanguage":"sv-SE","potentialAction":[{"@type":"ReadAction","target":["https:\/\/leatai.com\/sv\/product\/anpassad-anteckningsbok\/avtagbar-anteckningsbok\/tillvalstillbehor-lasergravyr-pa-utdragbar-klamma\/"]}]},{"@type":"ImageObject","inLanguage":"sv-SE","@id":"https:\/\/leatai.com\/sv\/product\/anpassad-anteckningsbok\/avtagbar-anteckningsbok\/tillvalstillbehor-lasergravyr-pa-utdragbar-klamma\/#primaryimage","url":"https:\/\/leatai.com\/wp-content\/uploads\/DSC_3325.jpg","contentUrl":"https:\/\/leatai.com\/wp-content\/uploads\/DSC_3325.jpg","width":1000,"height":750},{"@type":"BreadcrumbList","@id":"https:\/\/leatai.com\/sv\/product\/anpassad-anteckningsbok\/avtagbar-anteckningsbok\/tillvalstillbehor-lasergravyr-pa-utdragbar-klamma\/#breadcrumb","itemListElement":[{"@type":"ListItem","position":1,"name":"Home","item":"https:\/\/leatai.com\/sv\/"},{"@type":"ListItem","position":2,"name":"Produktpresentation","item":"https:\/\/leatai.com\/products\/"},{"@type":"ListItem","position":3,"name":"Anpassad anteckningsbok","item":"https:\/\/leatai.com\/sv\/produkt-kategori\/anpassad-anteckningsbok\/"},{"@type":"ListItem","position":4,"name":"Avtagbar anteckningsbok","item":"https:\/\/leatai.com\/sv\/produkt-kategori\/anpassad-anteckningsbok\/avtagbar-anteckningsbok\/"},{"@type":"ListItem","position":5,"name":"Tillvalstillbeh\u00f6r \u2013 lasergravyr p\u00e5 utdragbar kl\u00e4mma"}]},{"@type":"WebSite","@id":"https:\/\/leatai.com\/sv\/#website","url":"https:\/\/leatai.com\/sv\/","name":"Leatai \u2013 Tillverkare av anpassade anteckningsb\u00f6cker","description":"Leatai erbjuder anpassade anteckningsb\u00f6cker och planeringsverktyg f\u00f6r varum\u00e4rken och distribut\u00f6rer \u00f6ver hela v\u00e4rlden.","publisher":{"@id":"https:\/\/leatai.com\/sv\/#organization"},"potentialAction":[{"@type":"SearchAction","target":{"@type":"EntryPoint","urlTemplate":"https:\/\/leatai.com\/sv\/?s={search_term_string}"},"query-input":{"@type":"PropertyValueSpecification","valueRequired":true,"valueName":"search_term_string"}}],"inLanguage":"sv-SE"},{"@type":"Organization","@id":"https:\/\/leatai.com\/sv\/#organization","name":"Leatai Diary, customized journal and business organizer","url":"https:\/\/leatai.com\/sv\/","logo":{"@type":"ImageObject","inLanguage":"sv-SE","@id":"https:\/\/leatai.com\/sv\/#\/schema\/logo\/image\/","url":"https:\/\/leatai.com\/wp-content\/uploads\/logo-blue.png","contentUrl":"https:\/\/leatai.com\/wp-content\/uploads\/logo-blue.png","width":230,"height":60,"caption":"Leatai Diary, customized journal and business organizer"},"image":{"@id":"https:\/\/leatai.com\/sv\/#\/schema\/logo\/image\/"}}]}},"_links":{"self":[{"href":"https:\/\/leatai.com\/sv\/wp-json\/wp\/v2\/product\/299286","targetHints":{"allow":["GET"]}}],"collection":[{"href":"https:\/\/leatai.com\/sv\/wp-json\/wp\/v2\/product"}],"about":[{"href":"https:\/\/leatai.com\/sv\/wp-json\/wp\/v2\/types\/product"}],"wp:featuredmedia":[{"embeddable":true,"href":"https:\/\/leatai.com\/sv\/wp-json\/wp\/v2\/media\/299287"}],"wp:attachment":[{"href":"https:\/\/leatai.com\/sv\/wp-json\/wp\/v2\/media?parent=299286"}],"wp:term":[{"taxonomy":"product_brand","embeddable":true,"href":"https:\/\/leatai.com\/sv\/wp-json\/wp\/v2\/product_brand?post=299286"},{"taxonomy":"product_cat","embeddable":true,"href":"https:\/\/leatai.com\/sv\/wp-json\/wp\/v2\/product_cat?post=299286"},{"taxonomy":"product_tag","embeddable":true,"href":"https:\/\/leatai.com\/sv\/wp-json\/wp\/v2\/product_tag?post=299286"},{"taxonomy":"home_works","embeddable":true,"href":"https:\/\/leatai.com\/sv\/wp-json\/wp\/v2\/home_works?post=299286"}],"curies":[{"name":"wp","href":"https:\/\/api.w.org\/{rel}","templated":true}]}}