{"id":298508,"date":"2021-06-24T13:26:43","date_gmt":"2021-06-24T05:26:43","guid":{"rendered":"https:\/\/leatai.com\/product\/okategoriserad\/%e6%96%b9%e6%a0%bc%e7%ad%86%e8%a8%98%e6%9c%ac%e9%8b%bc%e7%ad%86%e5%b0%88%e7%94%a8%e7%b4%99%ef%bc%8d%e5%8f%b0%e7%81%a3%e7%8d%a8%e5%ae%b6%e9%8b%bc%e7%ad%86%e5%b0%88%e7%94%a8%e7%ad%86%e8%a8%98%e6%9c%ac\/"},"modified":"2026-04-16T16:39:48","modified_gmt":"2026-04-16T08:39:48","slug":"rutad-anteckningsbok-papper-for-reservoarpenna-taiwans-exklusiva-anteckningsbok-for-reservoarpennor","status":"publish","type":"product","link":"https:\/\/leatai.com\/sv\/product\/anpassad-anteckningsbok\/pocketbok-anteckningsbok\/rutad-anteckningsbok-papper-for-reservoarpenna-taiwans-exklusiva-anteckningsbok-for-reservoarpennor\/","title":{"rendered":"Rutad anteckningsbok (papper f\u00f6r reservoarpenna) \u2013 Taiwans exklusiva anteckningsbok f\u00f6r reservoarpennor"},"content":{"rendered":"<p>Produktmodell: LSC-011 \u2013 Klassisk rutad anteckningsbok (Leatai Classic Notebook)<br \/>\nPapper: Exklusivt \u2013 Jie-papper (skrivpapper f\u00f6r reservoarpenna \u2013 beige) \/ svart omslag<br \/>\nTjocklek: 80 g (80 ark, 160 sidor per bok)<br \/>\nFormat: <a href=\"https:\/\/leatai.com\/en\/product\/inner-page-format\/a5-25k-inner-pages\/lgp-grid-and-lined-pages-l25k\/\" target=\"_blank\" rel=\"noopener\"><em>LGP \u2013 rutad anteckningssida \u2013 L25K<\/em><\/a><br \/>\nStorlek: 25K \u2013 A5 (ca 14,8 \u00d7 20,5 cm)<br \/>\nF\u00f6rpackning: OPP-p\u00e5se (tillval)<br \/>\nLOGO-bearbetning: Guldfoliering \/ silverfoliering<br \/>\nInneh\u00e5ll:<\/p>\n<p>Taiwans exklusiva anteckningsbok f\u00f6r reservoarpennor, utvecklad s\u00e4rskilt f\u00f6r entusiaster av reservoarpennor<br \/>\nFSC-certifierat milj\u00f6v\u00e4nligt papper, certifikatnummer: SGSHK-COC-008383<br \/>\nAnteckningsboken kan \u00f6ppnas helt plant i 180 grader, vilket ger en smidig skrivupplevelse<br \/>\nTillsatt med s\u00e4rskilda komponenter som g\u00f6r att bl\u00e4cket fr\u00e5n reservoarpennan framtr\u00e4der mer fylligt<br \/>\nSkrivpapper s\u00e4rskilt f\u00f6r reservoarpennor, vilket minskar mer \u00e4n 90 % av bl\u00e4ckbl\u00f6dning och fj\u00e4derkanter<\/p>\n<p>Den rutade anteckningsboken, \u00e4ven kallad rutpapper, \u00e4r utformad f\u00f6r att m\u00f6ta olika behov. Vi har designat v\u00e4nster och h\u00f6ger sida med olika layout, och boken kan \u00f6ppnas helt plant f\u00f6r en smidig skrivupplevelse.<\/p>\n<p>V\u00e4nster sida \u00e4r en enf\u00e4rgad linjesida, h\u00f6ger sida \u00e4r rutad. Avst\u00e5ndet mellan linjerna p\u00e5 b\u00e5da sidor \u00e4r 5 mm, och kategorikolumnen p\u00e5 v\u00e4nster sida \u00e4r 2,5 cm bred.<\/p>\n<p>V\u00e4nster sida g\u00f6r det enkelt att kategorisera olika uppgifter, medan h\u00f6ger sida med 5\u00d75 mm rutn\u00e4t passar f\u00f6r ingenj\u00f6rer, konstn\u00e4rer, bullet journal-anv\u00e4ndare och m\u00e5nga andra behov.<\/p>\n<p>Detta papper kan kallas specialpapper f\u00f6r reservoarpennor, s\u00e4rskilt utvecklat f\u00f6r entusiaster. Med tillsatta specialkomponenter framtr\u00e4der bl\u00e4cket mer fylligt och minskar \u00f6ver 90 % av fj\u00e4derkanter. J\u00e4mf\u00f6rt med vanliga anteckningsb\u00f6cker p\u00e5 marknaden \u00e4r skillnaden tydlig, och med f\u00f6rstoringsglas syns den fina kvaliteten \u00e4nnu b\u00e4ttre. G\u00f6r ditt skrivande till en konstform! Uppfyller FSC-standarder!<\/p>\n<p>\ud83d\udcd6F\u00f6r fler rekommendationer om specialanpassade anteckningsb\u00f6cker \/ tryck och produktion av f\u00f6retagsdagb\u00f6cker, v\u00e4nligen se:<br \/>\n<a href=\"https:\/\/leatai.com\/sv\/produkt-kategori\/olika-oem-prover\/oem-inbunden-anteckningsbok\/\" target=\"_blank\" rel=\"noopener\">OEM inbundna b\u00f6cker<\/a><br \/>\n<a href=\"https:\/\/leatai.com\/sv\/produkt-kategori\/olika-oem-prover\/oem-losblad-notebook\/\" target=\"_blank\" rel=\"noopener\">OEM ringp\u00e4rmar<\/a><br \/>\n<a href=\"https:\/\/leatai.com\/sv\/produkt-kategori\/olika-oem-prover\/oem-avtagbar-anteckningsbok\/\" target=\"_blank\" rel=\"noopener\">OEM utdragbara ringp\u00e4rmar<\/a><br \/>\n<a href=\"https:\/\/leatai.com\/sv\/produkt-kategori\/olika-oem-prover\/oem-mjukband-notebook\/\" target=\"_blank\" rel=\"noopener\">OEM mjukbandade b\u00f6cker<\/a><br \/>\n<a href=\"https:\/\/leatai.com\/sv\/produkt-kategori\/olika-oem-prover\/oem-spiralanteckningsbok\/\" target=\"_blank\" rel=\"noopener\">OEM spiralbundna b\u00f6cker<\/a><br \/>\n<a href=\"https:\/\/leatai.com\/sv\/produkt-kategori\/olika-oem-prover\/oem-kalender-sv\/\" target=\"_blank\" rel=\"noopener\">OEM specialanpassade avrivningskalendrar \/ tryck av specialanpassade skrivbordskalendrar<\/a><br \/>\n<a href=\"https:\/\/leatai.com\/sv\/produkt-kategori\/olika-oem-prover\/oem-andra\/\" target=\"_blank\" rel=\"noopener\">OEM \u00f6vrigt<\/a><\/p>\n<p>F\u00f6r fullst\u00e4ndig storleksf\u00f6rklaring, v\u00e4nligen se: <a href=\"https:\/\/leatai.com\/sv\/anteckningsbokskunskap\/pappersstorleksguide-forsta-vanliga-storlekar-som-b3-a4-b5-8k-16k-och-mer-en-omfattande-storlekstabell-for-enkel-referens\/\" target=\"_blank\" rel=\"noopener\">Pappersstorleksguide: B3, A4, B5, 8K, 16K och andra vanliga format \u2013 j\u00e4mf\u00f6relsetabell f\u00f6r pappersstorlekar som \u00e4r l\u00e4tt att f\u00f6rst\u00e5!<\/a><\/p>\n","protected":false},"excerpt":{"rendered":"<p>Leatai Classic Notebook<br \/>\nEn stolthet fr\u00e5n Taiwan \u2013 Jie-papper [Mui Kai Paper]. \u201cMui Kai\u201d \u00e4r uttalet p\u00e5 taiwanesiska f\u00f6r \u201cmedium\u201d, och taiwanesiska \u00e4r ett lokalt spr\u00e5k i Taiwan. Papper \u00e4r just ett medium, ett medium f\u00f6r att f\u00f6rmedla k\u00e4nslor och bevara minnen.<\/p>\n<p>Exklusivt tillverkat med Jie-papper [Mui Kai Paper] fr\u00e5n Taiwan, med en kvalitet som kan m\u00e4ta sig med Tyskland och Japan. S\u00e4rskilt utvecklat f\u00f6r anv\u00e4ndare av reservoarpennor, detta \u00e4r ett skrivpapper i toppklass skapat med avancerat hantverk. Den sl\u00e4ta ytan ger en behaglig k\u00e4nsla, g\u00f6r att bl\u00e4cket framtr\u00e4der mer fylligt och minskar avsev\u00e4rt den vanliga f\u00f6rekomsten av fj\u00e4derkanter, s\u00e5 att ditt skrivande blir som en konstn\u00e4rlig upplevelse.<\/p>\n","protected":false},"featured_media":298509,"template":"","meta":{"_acf_changed":false},"product_brand":[],"product_cat":[804],"product_tag":[1796],"home_works":[],"class_list":{"0":"post-298508","1":"product","2":"type-product","3":"status-publish","4":"has-post-thumbnail","6":"product_cat-pocketbok-anteckningsbok","7":"product_tag-kundanpassad-anteckningsbok","9":"first","10":"outofstock","11":"sold-individually","12":"shipping-taxable","13":"purchasable","14":"product-type-variable","15":"has-default-attributes"},"acf":[],"yoast_head":"<!-- This site is optimized with the Yoast SEO plugin v27.2 - https:\/\/yoast.com\/product\/yoast-seo-wordpress\/ -->\n<title>Rutad anteckningsbok (papper f\u00f6r reservoarpenna) - Leatai \u2013 Tillverkare av anpassade anteckningsb\u00f6cker<\/title>\n<meta name=\"description\" content=\"En anteckningsbok med Jie-papper exklusivt tillverkat i Taiwan (skrivpapper s\u00e4rskilt f\u00f6r reservoarpennor), med en kvalitet som kan m\u00e4ta sig med Tyskland och Japan. Speciellt framtagen f\u00f6r anv\u00e4ndare av reservoarpennor, med en sl\u00e4t och behaglig k\u00e4nsla som g\u00f6r att bl\u00e4cket framtr\u00e4der mer fylligt, samtidigt som den minskar f\u00f6rekomsten av fj\u00e4derkanter, s\u00e5 att du kan uppleva en konstn\u00e4rlig skrivupplevelse.\" \/>\n<meta name=\"robots\" content=\"index, follow, max-snippet:-1, max-image-preview:large, max-video-preview:-1\" \/>\n<link rel=\"canonical\" href=\"https:\/\/leatai.com\/sv\/product\/anpassad-anteckningsbok\/pocketbok-anteckningsbok\/rutad-anteckningsbok-papper-for-reservoarpenna-taiwans-exklusiva-anteckningsbok-for-reservoarpennor\/\" \/>\n<meta property=\"og:locale\" content=\"sv_SE\" \/>\n<meta property=\"og:type\" content=\"article\" \/>\n<meta property=\"og:title\" content=\"Rutad anteckningsbok (papper f\u00f6r reservoarpenna) - Leatai \u2013 Tillverkare av anpassade anteckningsb\u00f6cker\" \/>\n<meta property=\"og:description\" content=\"En anteckningsbok med Jie-papper exklusivt tillverkat i Taiwan (skrivpapper s\u00e4rskilt f\u00f6r reservoarpennor), med en kvalitet som kan m\u00e4ta sig med Tyskland och Japan. Speciellt framtagen f\u00f6r anv\u00e4ndare av reservoarpennor, med en sl\u00e4t och behaglig k\u00e4nsla som g\u00f6r att bl\u00e4cket framtr\u00e4der mer fylligt, samtidigt som den minskar f\u00f6rekomsten av fj\u00e4derkanter, s\u00e5 att du kan uppleva en konstn\u00e4rlig skrivupplevelse.\" \/>\n<meta property=\"og:url\" content=\"https:\/\/leatai.com\/sv\/product\/anpassad-anteckningsbok\/pocketbok-anteckningsbok\/rutad-anteckningsbok-papper-for-reservoarpenna-taiwans-exklusiva-anteckningsbok-for-reservoarpennor\/\" \/>\n<meta property=\"og:site_name\" content=\"Leatai \u2013 Tillverkare av anpassade anteckningsb\u00f6cker\" \/>\n<meta property=\"article:modified_time\" content=\"2026-04-16T08:39:48+00:00\" \/>\n<meta property=\"og:image\" content=\"https:\/\/leatai.com\/wp-content\/uploads\/2016_02_18_2114310.jpg\" \/>\n\t<meta property=\"og:image:width\" content=\"1000\" \/>\n\t<meta property=\"og:image:height\" content=\"750\" \/>\n\t<meta property=\"og:image:type\" content=\"image\/jpeg\" \/>\n<meta name=\"twitter:card\" content=\"summary_large_image\" \/>\n<meta name=\"twitter:label1\" content=\"Ber\u00e4knad l\u00e4stid\" \/>\n\t<meta name=\"twitter:data1\" content=\"2 minuter\" \/>\n<script type=\"application\/ld+json\" class=\"yoast-schema-graph\">{\"@context\":\"https:\/\/schema.org\",\"@graph\":[{\"@type\":\"WebPage\",\"@id\":\"https:\/\/leatai.com\/sv\/product\/anpassad-anteckningsbok\/pocketbok-anteckningsbok\/rutad-anteckningsbok-papper-for-reservoarpenna-taiwans-exklusiva-anteckningsbok-for-reservoarpennor\/\",\"url\":\"https:\/\/leatai.com\/sv\/product\/anpassad-anteckningsbok\/pocketbok-anteckningsbok\/rutad-anteckningsbok-papper-for-reservoarpenna-taiwans-exklusiva-anteckningsbok-for-reservoarpennor\/\",\"name\":\"Rutad anteckningsbok (papper f\u00f6r reservoarpenna) - Leatai \u2013 Tillverkare av anpassade anteckningsb\u00f6cker\",\"isPartOf\":{\"@id\":\"https:\/\/leatai.com\/sv\/#website\"},\"primaryImageOfPage\":{\"@id\":\"https:\/\/leatai.com\/sv\/product\/anpassad-anteckningsbok\/pocketbok-anteckningsbok\/rutad-anteckningsbok-papper-for-reservoarpenna-taiwans-exklusiva-anteckningsbok-for-reservoarpennor\/#primaryimage\"},\"image\":{\"@id\":\"https:\/\/leatai.com\/sv\/product\/anpassad-anteckningsbok\/pocketbok-anteckningsbok\/rutad-anteckningsbok-papper-for-reservoarpenna-taiwans-exklusiva-anteckningsbok-for-reservoarpennor\/#primaryimage\"},\"thumbnailUrl\":\"https:\/\/leatai.com\/wp-content\/uploads\/2016_02_18_2114310.jpg\",\"datePublished\":\"2021-06-24T05:26:43+00:00\",\"dateModified\":\"2026-04-16T08:39:48+00:00\",\"description\":\"En anteckningsbok med Jie-papper exklusivt tillverkat i Taiwan (skrivpapper s\u00e4rskilt f\u00f6r reservoarpennor), med en kvalitet som kan m\u00e4ta sig med Tyskland och Japan. Speciellt framtagen f\u00f6r anv\u00e4ndare av reservoarpennor, med en sl\u00e4t och behaglig k\u00e4nsla som g\u00f6r att bl\u00e4cket framtr\u00e4der mer fylligt, samtidigt som den minskar f\u00f6rekomsten av fj\u00e4derkanter, s\u00e5 att du kan uppleva en konstn\u00e4rlig skrivupplevelse.\",\"breadcrumb\":{\"@id\":\"https:\/\/leatai.com\/sv\/product\/anpassad-anteckningsbok\/pocketbok-anteckningsbok\/rutad-anteckningsbok-papper-for-reservoarpenna-taiwans-exklusiva-anteckningsbok-for-reservoarpennor\/#breadcrumb\"},\"inLanguage\":\"sv-SE\",\"potentialAction\":[{\"@type\":\"ReadAction\",\"target\":[\"https:\/\/leatai.com\/sv\/product\/anpassad-anteckningsbok\/pocketbok-anteckningsbok\/rutad-anteckningsbok-papper-for-reservoarpenna-taiwans-exklusiva-anteckningsbok-for-reservoarpennor\/\"]}]},{\"@type\":\"ImageObject\",\"inLanguage\":\"sv-SE\",\"@id\":\"https:\/\/leatai.com\/sv\/product\/anpassad-anteckningsbok\/pocketbok-anteckningsbok\/rutad-anteckningsbok-papper-for-reservoarpenna-taiwans-exklusiva-anteckningsbok-for-reservoarpennor\/#primaryimage\",\"url\":\"https:\/\/leatai.com\/wp-content\/uploads\/2016_02_18_2114310.jpg\",\"contentUrl\":\"https:\/\/leatai.com\/wp-content\/uploads\/2016_02_18_2114310.jpg\",\"width\":1000,\"height\":750},{\"@type\":\"BreadcrumbList\",\"@id\":\"https:\/\/leatai.com\/sv\/product\/anpassad-anteckningsbok\/pocketbok-anteckningsbok\/rutad-anteckningsbok-papper-for-reservoarpenna-taiwans-exklusiva-anteckningsbok-for-reservoarpennor\/#breadcrumb\",\"itemListElement\":[{\"@type\":\"ListItem\",\"position\":1,\"name\":\"Home\",\"item\":\"https:\/\/leatai.com\/sv\/\"},{\"@type\":\"ListItem\",\"position\":2,\"name\":\"Produktpresentation\",\"item\":\"https:\/\/leatai.com\/products\/\"},{\"@type\":\"ListItem\",\"position\":3,\"name\":\"Anpassad anteckningsbok\",\"item\":\"https:\/\/leatai.com\/sv\/produkt-kategori\/anpassad-anteckningsbok\/\"},{\"@type\":\"ListItem\",\"position\":4,\"name\":\"Pocketbok anteckningsbok\",\"item\":\"https:\/\/leatai.com\/sv\/produkt-kategori\/anpassad-anteckningsbok\/pocketbok-anteckningsbok\/\"},{\"@type\":\"ListItem\",\"position\":5,\"name\":\"Rutad anteckningsbok (papper f\u00f6r reservoarpenna) \u2013 Taiwans exklusiva anteckningsbok f\u00f6r reservoarpennor\"}]},{\"@type\":\"WebSite\",\"@id\":\"https:\/\/leatai.com\/sv\/#website\",\"url\":\"https:\/\/leatai.com\/sv\/\",\"name\":\"Leatai \u2013 Tillverkare av anpassade anteckningsb\u00f6cker\",\"description\":\"Leatai erbjuder anpassade anteckningsb\u00f6cker och planeringsverktyg f\u00f6r varum\u00e4rken och distribut\u00f6rer \u00f6ver hela v\u00e4rlden.\",\"publisher\":{\"@id\":\"https:\/\/leatai.com\/sv\/#organization\"},\"potentialAction\":[{\"@type\":\"SearchAction\",\"target\":{\"@type\":\"EntryPoint\",\"urlTemplate\":\"https:\/\/leatai.com\/sv\/?s={search_term_string}\"},\"query-input\":{\"@type\":\"PropertyValueSpecification\",\"valueRequired\":true,\"valueName\":\"search_term_string\"}}],\"inLanguage\":\"sv-SE\"},{\"@type\":\"Organization\",\"@id\":\"https:\/\/leatai.com\/sv\/#organization\",\"name\":\"Leatai Diary, customized journal and business organizer\",\"url\":\"https:\/\/leatai.com\/sv\/\",\"logo\":{\"@type\":\"ImageObject\",\"inLanguage\":\"sv-SE\",\"@id\":\"https:\/\/leatai.com\/sv\/#\/schema\/logo\/image\/\",\"url\":\"https:\/\/leatai.com\/wp-content\/uploads\/logo-blue.png\",\"contentUrl\":\"https:\/\/leatai.com\/wp-content\/uploads\/logo-blue.png\",\"width\":230,\"height\":60,\"caption\":\"Leatai Diary, customized journal and business organizer\"},\"image\":{\"@id\":\"https:\/\/leatai.com\/sv\/#\/schema\/logo\/image\/\"}}]}<\/script>\n<!-- \/ Yoast SEO plugin. -->","yoast_head_json":{"title":"Rutad anteckningsbok (papper f\u00f6r reservoarpenna) - Leatai \u2013 Tillverkare av anpassade anteckningsb\u00f6cker","description":"En anteckningsbok med Jie-papper exklusivt tillverkat i Taiwan (skrivpapper s\u00e4rskilt f\u00f6r reservoarpennor), med en kvalitet som kan m\u00e4ta sig med Tyskland och Japan. Speciellt framtagen f\u00f6r anv\u00e4ndare av reservoarpennor, med en sl\u00e4t och behaglig k\u00e4nsla som g\u00f6r att bl\u00e4cket framtr\u00e4der mer fylligt, samtidigt som den minskar f\u00f6rekomsten av fj\u00e4derkanter, s\u00e5 att du kan uppleva en konstn\u00e4rlig skrivupplevelse.","robots":{"index":"index","follow":"follow","max-snippet":"max-snippet:-1","max-image-preview":"max-image-preview:large","max-video-preview":"max-video-preview:-1"},"canonical":"https:\/\/leatai.com\/sv\/product\/anpassad-anteckningsbok\/pocketbok-anteckningsbok\/rutad-anteckningsbok-papper-for-reservoarpenna-taiwans-exklusiva-anteckningsbok-for-reservoarpennor\/","og_locale":"sv_SE","og_type":"article","og_title":"Rutad anteckningsbok (papper f\u00f6r reservoarpenna) - Leatai \u2013 Tillverkare av anpassade anteckningsb\u00f6cker","og_description":"En anteckningsbok med Jie-papper exklusivt tillverkat i Taiwan (skrivpapper s\u00e4rskilt f\u00f6r reservoarpennor), med en kvalitet som kan m\u00e4ta sig med Tyskland och Japan. Speciellt framtagen f\u00f6r anv\u00e4ndare av reservoarpennor, med en sl\u00e4t och behaglig k\u00e4nsla som g\u00f6r att bl\u00e4cket framtr\u00e4der mer fylligt, samtidigt som den minskar f\u00f6rekomsten av fj\u00e4derkanter, s\u00e5 att du kan uppleva en konstn\u00e4rlig skrivupplevelse.","og_url":"https:\/\/leatai.com\/sv\/product\/anpassad-anteckningsbok\/pocketbok-anteckningsbok\/rutad-anteckningsbok-papper-for-reservoarpenna-taiwans-exklusiva-anteckningsbok-for-reservoarpennor\/","og_site_name":"Leatai \u2013 Tillverkare av anpassade anteckningsb\u00f6cker","article_modified_time":"2026-04-16T08:39:48+00:00","og_image":[{"width":1000,"height":750,"url":"https:\/\/leatai.com\/wp-content\/uploads\/2016_02_18_2114310.jpg","type":"image\/jpeg"}],"twitter_card":"summary_large_image","twitter_misc":{"Ber\u00e4knad l\u00e4stid":"2 minuter"},"schema":{"@context":"https:\/\/schema.org","@graph":[{"@type":"WebPage","@id":"https:\/\/leatai.com\/sv\/product\/anpassad-anteckningsbok\/pocketbok-anteckningsbok\/rutad-anteckningsbok-papper-for-reservoarpenna-taiwans-exklusiva-anteckningsbok-for-reservoarpennor\/","url":"https:\/\/leatai.com\/sv\/product\/anpassad-anteckningsbok\/pocketbok-anteckningsbok\/rutad-anteckningsbok-papper-for-reservoarpenna-taiwans-exklusiva-anteckningsbok-for-reservoarpennor\/","name":"Rutad anteckningsbok (papper f\u00f6r reservoarpenna) - Leatai \u2013 Tillverkare av anpassade anteckningsb\u00f6cker","isPartOf":{"@id":"https:\/\/leatai.com\/sv\/#website"},"primaryImageOfPage":{"@id":"https:\/\/leatai.com\/sv\/product\/anpassad-anteckningsbok\/pocketbok-anteckningsbok\/rutad-anteckningsbok-papper-for-reservoarpenna-taiwans-exklusiva-anteckningsbok-for-reservoarpennor\/#primaryimage"},"image":{"@id":"https:\/\/leatai.com\/sv\/product\/anpassad-anteckningsbok\/pocketbok-anteckningsbok\/rutad-anteckningsbok-papper-for-reservoarpenna-taiwans-exklusiva-anteckningsbok-for-reservoarpennor\/#primaryimage"},"thumbnailUrl":"https:\/\/leatai.com\/wp-content\/uploads\/2016_02_18_2114310.jpg","datePublished":"2021-06-24T05:26:43+00:00","dateModified":"2026-04-16T08:39:48+00:00","description":"En anteckningsbok med Jie-papper exklusivt tillverkat i Taiwan (skrivpapper s\u00e4rskilt f\u00f6r reservoarpennor), med en kvalitet som kan m\u00e4ta sig med Tyskland och Japan. Speciellt framtagen f\u00f6r anv\u00e4ndare av reservoarpennor, med en sl\u00e4t och behaglig k\u00e4nsla som g\u00f6r att bl\u00e4cket framtr\u00e4der mer fylligt, samtidigt som den minskar f\u00f6rekomsten av fj\u00e4derkanter, s\u00e5 att du kan uppleva en konstn\u00e4rlig skrivupplevelse.","breadcrumb":{"@id":"https:\/\/leatai.com\/sv\/product\/anpassad-anteckningsbok\/pocketbok-anteckningsbok\/rutad-anteckningsbok-papper-for-reservoarpenna-taiwans-exklusiva-anteckningsbok-for-reservoarpennor\/#breadcrumb"},"inLanguage":"sv-SE","potentialAction":[{"@type":"ReadAction","target":["https:\/\/leatai.com\/sv\/product\/anpassad-anteckningsbok\/pocketbok-anteckningsbok\/rutad-anteckningsbok-papper-for-reservoarpenna-taiwans-exklusiva-anteckningsbok-for-reservoarpennor\/"]}]},{"@type":"ImageObject","inLanguage":"sv-SE","@id":"https:\/\/leatai.com\/sv\/product\/anpassad-anteckningsbok\/pocketbok-anteckningsbok\/rutad-anteckningsbok-papper-for-reservoarpenna-taiwans-exklusiva-anteckningsbok-for-reservoarpennor\/#primaryimage","url":"https:\/\/leatai.com\/wp-content\/uploads\/2016_02_18_2114310.jpg","contentUrl":"https:\/\/leatai.com\/wp-content\/uploads\/2016_02_18_2114310.jpg","width":1000,"height":750},{"@type":"BreadcrumbList","@id":"https:\/\/leatai.com\/sv\/product\/anpassad-anteckningsbok\/pocketbok-anteckningsbok\/rutad-anteckningsbok-papper-for-reservoarpenna-taiwans-exklusiva-anteckningsbok-for-reservoarpennor\/#breadcrumb","itemListElement":[{"@type":"ListItem","position":1,"name":"Home","item":"https:\/\/leatai.com\/sv\/"},{"@type":"ListItem","position":2,"name":"Produktpresentation","item":"https:\/\/leatai.com\/products\/"},{"@type":"ListItem","position":3,"name":"Anpassad anteckningsbok","item":"https:\/\/leatai.com\/sv\/produkt-kategori\/anpassad-anteckningsbok\/"},{"@type":"ListItem","position":4,"name":"Pocketbok anteckningsbok","item":"https:\/\/leatai.com\/sv\/produkt-kategori\/anpassad-anteckningsbok\/pocketbok-anteckningsbok\/"},{"@type":"ListItem","position":5,"name":"Rutad anteckningsbok (papper f\u00f6r reservoarpenna) \u2013 Taiwans exklusiva anteckningsbok f\u00f6r reservoarpennor"}]},{"@type":"WebSite","@id":"https:\/\/leatai.com\/sv\/#website","url":"https:\/\/leatai.com\/sv\/","name":"Leatai \u2013 Tillverkare av anpassade anteckningsb\u00f6cker","description":"Leatai erbjuder anpassade anteckningsb\u00f6cker och planeringsverktyg f\u00f6r varum\u00e4rken och distribut\u00f6rer \u00f6ver hela v\u00e4rlden.","publisher":{"@id":"https:\/\/leatai.com\/sv\/#organization"},"potentialAction":[{"@type":"SearchAction","target":{"@type":"EntryPoint","urlTemplate":"https:\/\/leatai.com\/sv\/?s={search_term_string}"},"query-input":{"@type":"PropertyValueSpecification","valueRequired":true,"valueName":"search_term_string"}}],"inLanguage":"sv-SE"},{"@type":"Organization","@id":"https:\/\/leatai.com\/sv\/#organization","name":"Leatai Diary, customized journal and business organizer","url":"https:\/\/leatai.com\/sv\/","logo":{"@type":"ImageObject","inLanguage":"sv-SE","@id":"https:\/\/leatai.com\/sv\/#\/schema\/logo\/image\/","url":"https:\/\/leatai.com\/wp-content\/uploads\/logo-blue.png","contentUrl":"https:\/\/leatai.com\/wp-content\/uploads\/logo-blue.png","width":230,"height":60,"caption":"Leatai Diary, customized journal and business organizer"},"image":{"@id":"https:\/\/leatai.com\/sv\/#\/schema\/logo\/image\/"}}]}},"_links":{"self":[{"href":"https:\/\/leatai.com\/sv\/wp-json\/wp\/v2\/product\/298508","targetHints":{"allow":["GET"]}}],"collection":[{"href":"https:\/\/leatai.com\/sv\/wp-json\/wp\/v2\/product"}],"about":[{"href":"https:\/\/leatai.com\/sv\/wp-json\/wp\/v2\/types\/product"}],"wp:featuredmedia":[{"embeddable":true,"href":"https:\/\/leatai.com\/sv\/wp-json\/wp\/v2\/media\/298509"}],"wp:attachment":[{"href":"https:\/\/leatai.com\/sv\/wp-json\/wp\/v2\/media?parent=298508"}],"wp:term":[{"taxonomy":"product_brand","embeddable":true,"href":"https:\/\/leatai.com\/sv\/wp-json\/wp\/v2\/product_brand?post=298508"},{"taxonomy":"product_cat","embeddable":true,"href":"https:\/\/leatai.com\/sv\/wp-json\/wp\/v2\/product_cat?post=298508"},{"taxonomy":"product_tag","embeddable":true,"href":"https:\/\/leatai.com\/sv\/wp-json\/wp\/v2\/product_tag?post=298508"},{"taxonomy":"home_works","embeddable":true,"href":"https:\/\/leatai.com\/sv\/wp-json\/wp\/v2\/home_works?post=298508"}],"curies":[{"name":"wp","href":"https:\/\/api.w.org\/{rel}","templated":true}]}}