{"id":298158,"date":"2023-06-17T16:41:58","date_gmt":"2023-06-17T08:41:58","guid":{"rendered":"https:\/\/leatai.com\/product\/okategoriserad\/lsc-020\/"},"modified":"2026-04-16T16:09:09","modified_gmt":"2026-04-16T08:09:09","slug":"lsc-020","status":"publish","type":"product","link":"https:\/\/leatai.com\/sv\/product\/anpassad-anteckningsbok\/pocketbok-anteckningsbok\/lsc-020\/","title":{"rendered":"LSC-020"},"content":{"rendered":"<p>Produktmodell: LSC-020<br \/>\nOmslagsmaterial: H\u00f6gkvalitativt f\u00e4rgskiftande PU-syntetl\u00e4der<br \/>\nF\u00e4rg: Gr\u00e5 \/ Bl\u00e5<br \/>\nSpecifikation: 25K <a href=\"https:\/\/leatai.com\/sv\/faq\/vad-ar-8k-16k-och-25k-planeringsstorlekar-hur-stora-ar-de\/\" target=\"_blank\" rel=\"noopener\">(vanlig storlek)<\/a><br \/>\nInnerblad: Standard <a href=\"https:\/\/leatai.com\/sv\/produkt-kategori\/format-for-innersidor\/\" target=\"_blank\" rel=\"noopener\">(val av layout)<\/a><br \/>\nF\u00f6rpackning: OPP-p\u00e5se (tillval)<br \/>\nLOGO-bearbetning: Pr\u00e4gling, guldfoliering, silverfoliering<\/p>\n<p>Produktbeskrivning:<br \/>\nLeatai produktmodell: LSC-020, i arbetslivet beh\u00f6vs en mer stabil och aff\u00e4rsm\u00e4ssig k\u00e4nsla f\u00f6r att framst\u00e5 som naturligt professionell. Denna design har en dekorativ detalj p\u00e5 sidan, med en v\u00e4lavv\u00e4gd proportion som g\u00f6r att andra naturligt uppfattar en som n\u00e5gon med god k\u00e4nsla f\u00f6r balans, ett stort plus.<\/p>\n<p>\ud83d\udcd6F\u00f6r fler rekommendationer om specialanpassade anteckningsb\u00f6cker \/ tryck och produktion av f\u00f6retagsdagb\u00f6cker, v\u00e4nligen se:<br \/>\n<a href=\"https:\/\/leatai.com\/sv\/produkt-kategori\/olika-oem-prover\/oem-inbunden-anteckningsbok\/\" target=\"_blank\" rel=\"noopener\">OEM inbundna b\u00f6cker<\/a><br \/>\n<a href=\"https:\/\/leatai.com\/sv\/produkt-kategori\/olika-oem-prover\/oem-losblad-notebook\/\" target=\"_blank\" rel=\"noopener\">OEM ringp\u00e4rmar<\/a><br \/>\n<a href=\"https:\/\/leatai.com\/sv\/produkt-kategori\/olika-oem-prover\/oem-avtagbar-anteckningsbok\/\" target=\"_blank\" rel=\"noopener\">OEM utdragbara ringp\u00e4rmar<\/a><br \/>\n<a href=\"https:\/\/leatai.com\/sv\/produkt-kategori\/olika-oem-prover\/oem-mjukband-notebook\/\" target=\"_blank\" rel=\"noopener\">OEM mjukbandade b\u00f6cker<\/a><br \/>\n<a href=\"https:\/\/leatai.com\/sv\/produkt-kategori\/olika-oem-prover\/oem-spiralanteckningsbok\/\" target=\"_blank\" rel=\"noopener\">OEM spiralbundna b\u00f6cker<\/a><br \/>\n<a href=\"https:\/\/leatai.com\/sv\/produkt-kategori\/olika-oem-prover\/oem-kalender-sv\/\" target=\"_blank\" rel=\"noopener\">OEM specialanpassade avrivningskalendrar \/ tryck av specialanpassade skrivbordskalendrar<\/a><br \/>\n<a href=\"https:\/\/leatai.com\/sv\/produkt-kategori\/olika-oem-prover\/oem-andra\/\" target=\"_blank\" rel=\"noopener\">OEM \u00f6vrigt<\/a><\/p>\n<p>F\u00f6r fullst\u00e4ndig storleksf\u00f6rklaring, v\u00e4nligen se: <a href=\"https:\/\/leatai.com\/sv\/anteckningsbokskunskap\/pappersstorleksguide-forsta-vanliga-storlekar-som-b3-a4-b5-8k-16k-och-mer-en-omfattande-storlekstabell-for-enkel-referens\/\" target=\"_blank\" rel=\"noopener\">Pappersstorleksguide: B3, A4, B5, 8K, 16K och andra vanliga format \u2013 j\u00e4mf\u00f6relsetabell f\u00f6r pappersstorlekar som \u00e4r l\u00e4tt att f\u00f6rst\u00e5!<\/a><\/p>\n","protected":false},"excerpt":{"rendered":"<p>Produktmodell: LSC-020 Omslagsmaterial: H\u00f6gkvalitativt f\u00e4rgskiftande PU-syntetl\u00e4der F\u00e4rg: Gr\u00e5 \/ Bl\u00e5 Specifikation: 25K (vanlig storlek) Innerblad: Standard (val av layout) F\u00f6rpackning: OPP-p\u00e5se (tillval) LOGO-bearbetning: Pr\u00e4gling, guldfoliering, silverfoliering Produktbeskrivning: Leatai produktmodell: LSC-020, i arbetslivet beh\u00f6vs en mer stabil och aff\u00e4rsm\u00e4ssig k\u00e4nsla f\u00f6r att framst\u00e5 som naturligt professionell. Denna design har en dekorativ detalj p\u00e5 sidan, med en [&hellip;]<\/p>\n","protected":false},"featured_media":298159,"template":"","meta":{"_acf_changed":false},"product_brand":[],"product_cat":[804],"product_tag":[],"home_works":[],"class_list":{"0":"post-298158","1":"product","2":"type-product","3":"status-publish","4":"has-post-thumbnail","6":"product_cat-pocketbok-anteckningsbok","8":"first","9":"outofstock","10":"sold-individually","11":"shipping-taxable","12":"purchasable","13":"product-type-variable","14":"has-default-attributes"},"acf":[],"yoast_head":"<!-- This site is optimized with the Yoast SEO plugin v27.2 - https:\/\/yoast.com\/product\/yoast-seo-wordpress\/ -->\n<title>LSC-020 - En design som \u00e4r precis lagom - Leatai \u2013 Tillverkare av anpassade anteckningsb\u00f6cker<\/title>\n<meta name=\"description\" content=\"Leatai produktmodell: LSC-020, i arbetslivet beh\u00f6vs en mer stabil och aff\u00e4rsm\u00e4ssig k\u00e4nsla f\u00f6r att framst\u00e5 som naturligt professionell. Denna design har en dekorativ detalj p\u00e5 sidan, med en v\u00e4lavv\u00e4gd proportion som g\u00f6r att andra naturligt uppfattar en som n\u00e5gon med god k\u00e4nsla f\u00f6r balans, ett stort plus.\" \/>\n<meta name=\"robots\" content=\"index, follow, max-snippet:-1, max-image-preview:large, max-video-preview:-1\" \/>\n<link rel=\"canonical\" href=\"https:\/\/leatai.com\/sv\/product\/anpassad-anteckningsbok\/pocketbok-anteckningsbok\/lsc-020\/\" \/>\n<meta property=\"og:locale\" content=\"sv_SE\" \/>\n<meta property=\"og:type\" content=\"article\" \/>\n<meta property=\"og:title\" content=\"LSC-020 - En design som \u00e4r precis lagom - Leatai \u2013 Tillverkare av anpassade anteckningsb\u00f6cker\" \/>\n<meta property=\"og:description\" content=\"Leatai produktmodell: LSC-020, i arbetslivet beh\u00f6vs en mer stabil och aff\u00e4rsm\u00e4ssig k\u00e4nsla f\u00f6r att framst\u00e5 som naturligt professionell. Denna design har en dekorativ detalj p\u00e5 sidan, med en v\u00e4lavv\u00e4gd proportion som g\u00f6r att andra naturligt uppfattar en som n\u00e5gon med god k\u00e4nsla f\u00f6r balans, ett stort plus.\" \/>\n<meta property=\"og:url\" content=\"https:\/\/leatai.com\/sv\/product\/anpassad-anteckningsbok\/pocketbok-anteckningsbok\/lsc-020\/\" \/>\n<meta property=\"og:site_name\" content=\"Leatai \u2013 Tillverkare av anpassade anteckningsb\u00f6cker\" \/>\n<meta property=\"article:modified_time\" content=\"2026-04-16T08:09:09+00:00\" \/>\n<meta property=\"og:image\" content=\"https:\/\/leatai.com\/wp-content\/uploads\/DSC_0591-1.jpg\" \/>\n\t<meta property=\"og:image:width\" content=\"1000\" \/>\n\t<meta property=\"og:image:height\" content=\"750\" \/>\n\t<meta property=\"og:image:type\" content=\"image\/jpeg\" \/>\n<meta name=\"twitter:card\" content=\"summary_large_image\" \/>\n<meta name=\"twitter:label1\" content=\"Ber\u00e4knad l\u00e4stid\" \/>\n\t<meta name=\"twitter:data1\" content=\"1 minut\" \/>\n<script type=\"application\/ld+json\" class=\"yoast-schema-graph\">{\"@context\":\"https:\/\/schema.org\",\"@graph\":[{\"@type\":\"WebPage\",\"@id\":\"https:\/\/leatai.com\/sv\/product\/anpassad-anteckningsbok\/pocketbok-anteckningsbok\/lsc-020\/\",\"url\":\"https:\/\/leatai.com\/sv\/product\/anpassad-anteckningsbok\/pocketbok-anteckningsbok\/lsc-020\/\",\"name\":\"LSC-020 - En design som \u00e4r precis lagom - Leatai \u2013 Tillverkare av anpassade anteckningsb\u00f6cker\",\"isPartOf\":{\"@id\":\"https:\/\/leatai.com\/sv\/#website\"},\"primaryImageOfPage\":{\"@id\":\"https:\/\/leatai.com\/sv\/product\/anpassad-anteckningsbok\/pocketbok-anteckningsbok\/lsc-020\/#primaryimage\"},\"image\":{\"@id\":\"https:\/\/leatai.com\/sv\/product\/anpassad-anteckningsbok\/pocketbok-anteckningsbok\/lsc-020\/#primaryimage\"},\"thumbnailUrl\":\"https:\/\/leatai.com\/wp-content\/uploads\/DSC_0591-1.jpg\",\"datePublished\":\"2023-06-17T08:41:58+00:00\",\"dateModified\":\"2026-04-16T08:09:09+00:00\",\"description\":\"Leatai produktmodell: LSC-020, i arbetslivet beh\u00f6vs en mer stabil och aff\u00e4rsm\u00e4ssig k\u00e4nsla f\u00f6r att framst\u00e5 som naturligt professionell. Denna design har en dekorativ detalj p\u00e5 sidan, med en v\u00e4lavv\u00e4gd proportion som g\u00f6r att andra naturligt uppfattar en som n\u00e5gon med god k\u00e4nsla f\u00f6r balans, ett stort plus.\",\"breadcrumb\":{\"@id\":\"https:\/\/leatai.com\/sv\/product\/anpassad-anteckningsbok\/pocketbok-anteckningsbok\/lsc-020\/#breadcrumb\"},\"inLanguage\":\"sv-SE\",\"potentialAction\":[{\"@type\":\"ReadAction\",\"target\":[\"https:\/\/leatai.com\/sv\/product\/anpassad-anteckningsbok\/pocketbok-anteckningsbok\/lsc-020\/\"]}]},{\"@type\":\"ImageObject\",\"inLanguage\":\"sv-SE\",\"@id\":\"https:\/\/leatai.com\/sv\/product\/anpassad-anteckningsbok\/pocketbok-anteckningsbok\/lsc-020\/#primaryimage\",\"url\":\"https:\/\/leatai.com\/wp-content\/uploads\/DSC_0591-1.jpg\",\"contentUrl\":\"https:\/\/leatai.com\/wp-content\/uploads\/DSC_0591-1.jpg\",\"width\":1000,\"height\":750,\"caption\":\"\u5de5\u5546\u65e5\u8a8c\u5e73\u88dd\u672c\"},{\"@type\":\"BreadcrumbList\",\"@id\":\"https:\/\/leatai.com\/sv\/product\/anpassad-anteckningsbok\/pocketbok-anteckningsbok\/lsc-020\/#breadcrumb\",\"itemListElement\":[{\"@type\":\"ListItem\",\"position\":1,\"name\":\"Home\",\"item\":\"https:\/\/leatai.com\/sv\/\"},{\"@type\":\"ListItem\",\"position\":2,\"name\":\"Produktpresentation\",\"item\":\"https:\/\/leatai.com\/products\/\"},{\"@type\":\"ListItem\",\"position\":3,\"name\":\"Anpassad anteckningsbok\",\"item\":\"https:\/\/leatai.com\/sv\/produkt-kategori\/anpassad-anteckningsbok\/\"},{\"@type\":\"ListItem\",\"position\":4,\"name\":\"Pocketbok anteckningsbok\",\"item\":\"https:\/\/leatai.com\/sv\/produkt-kategori\/anpassad-anteckningsbok\/pocketbok-anteckningsbok\/\"},{\"@type\":\"ListItem\",\"position\":5,\"name\":\"LSC-020\"}]},{\"@type\":\"WebSite\",\"@id\":\"https:\/\/leatai.com\/sv\/#website\",\"url\":\"https:\/\/leatai.com\/sv\/\",\"name\":\"Leatai \u2013 Tillverkare av anpassade anteckningsb\u00f6cker\",\"description\":\"Leatai erbjuder anpassade anteckningsb\u00f6cker och planeringsverktyg f\u00f6r varum\u00e4rken och distribut\u00f6rer \u00f6ver hela v\u00e4rlden.\",\"publisher\":{\"@id\":\"https:\/\/leatai.com\/sv\/#organization\"},\"potentialAction\":[{\"@type\":\"SearchAction\",\"target\":{\"@type\":\"EntryPoint\",\"urlTemplate\":\"https:\/\/leatai.com\/sv\/?s={search_term_string}\"},\"query-input\":{\"@type\":\"PropertyValueSpecification\",\"valueRequired\":true,\"valueName\":\"search_term_string\"}}],\"inLanguage\":\"sv-SE\"},{\"@type\":\"Organization\",\"@id\":\"https:\/\/leatai.com\/sv\/#organization\",\"name\":\"Leatai Diary, customized journal and business organizer\",\"url\":\"https:\/\/leatai.com\/sv\/\",\"logo\":{\"@type\":\"ImageObject\",\"inLanguage\":\"sv-SE\",\"@id\":\"https:\/\/leatai.com\/sv\/#\/schema\/logo\/image\/\",\"url\":\"https:\/\/leatai.com\/wp-content\/uploads\/logo-blue.png\",\"contentUrl\":\"https:\/\/leatai.com\/wp-content\/uploads\/logo-blue.png\",\"width\":230,\"height\":60,\"caption\":\"Leatai Diary, customized journal and business organizer\"},\"image\":{\"@id\":\"https:\/\/leatai.com\/sv\/#\/schema\/logo\/image\/\"}}]}<\/script>\n<!-- \/ Yoast SEO plugin. -->","yoast_head_json":{"title":"LSC-020 - En design som \u00e4r precis lagom - Leatai \u2013 Tillverkare av anpassade anteckningsb\u00f6cker","description":"Leatai produktmodell: LSC-020, i arbetslivet beh\u00f6vs en mer stabil och aff\u00e4rsm\u00e4ssig k\u00e4nsla f\u00f6r att framst\u00e5 som naturligt professionell. Denna design har en dekorativ detalj p\u00e5 sidan, med en v\u00e4lavv\u00e4gd proportion som g\u00f6r att andra naturligt uppfattar en som n\u00e5gon med god k\u00e4nsla f\u00f6r balans, ett stort plus.","robots":{"index":"index","follow":"follow","max-snippet":"max-snippet:-1","max-image-preview":"max-image-preview:large","max-video-preview":"max-video-preview:-1"},"canonical":"https:\/\/leatai.com\/sv\/product\/anpassad-anteckningsbok\/pocketbok-anteckningsbok\/lsc-020\/","og_locale":"sv_SE","og_type":"article","og_title":"LSC-020 - En design som \u00e4r precis lagom - Leatai \u2013 Tillverkare av anpassade anteckningsb\u00f6cker","og_description":"Leatai produktmodell: LSC-020, i arbetslivet beh\u00f6vs en mer stabil och aff\u00e4rsm\u00e4ssig k\u00e4nsla f\u00f6r att framst\u00e5 som naturligt professionell. Denna design har en dekorativ detalj p\u00e5 sidan, med en v\u00e4lavv\u00e4gd proportion som g\u00f6r att andra naturligt uppfattar en som n\u00e5gon med god k\u00e4nsla f\u00f6r balans, ett stort plus.","og_url":"https:\/\/leatai.com\/sv\/product\/anpassad-anteckningsbok\/pocketbok-anteckningsbok\/lsc-020\/","og_site_name":"Leatai \u2013 Tillverkare av anpassade anteckningsb\u00f6cker","article_modified_time":"2026-04-16T08:09:09+00:00","og_image":[{"width":1000,"height":750,"url":"https:\/\/leatai.com\/wp-content\/uploads\/DSC_0591-1.jpg","type":"image\/jpeg"}],"twitter_card":"summary_large_image","twitter_misc":{"Ber\u00e4knad l\u00e4stid":"1 minut"},"schema":{"@context":"https:\/\/schema.org","@graph":[{"@type":"WebPage","@id":"https:\/\/leatai.com\/sv\/product\/anpassad-anteckningsbok\/pocketbok-anteckningsbok\/lsc-020\/","url":"https:\/\/leatai.com\/sv\/product\/anpassad-anteckningsbok\/pocketbok-anteckningsbok\/lsc-020\/","name":"LSC-020 - En design som \u00e4r precis lagom - Leatai \u2013 Tillverkare av anpassade anteckningsb\u00f6cker","isPartOf":{"@id":"https:\/\/leatai.com\/sv\/#website"},"primaryImageOfPage":{"@id":"https:\/\/leatai.com\/sv\/product\/anpassad-anteckningsbok\/pocketbok-anteckningsbok\/lsc-020\/#primaryimage"},"image":{"@id":"https:\/\/leatai.com\/sv\/product\/anpassad-anteckningsbok\/pocketbok-anteckningsbok\/lsc-020\/#primaryimage"},"thumbnailUrl":"https:\/\/leatai.com\/wp-content\/uploads\/DSC_0591-1.jpg","datePublished":"2023-06-17T08:41:58+00:00","dateModified":"2026-04-16T08:09:09+00:00","description":"Leatai produktmodell: LSC-020, i arbetslivet beh\u00f6vs en mer stabil och aff\u00e4rsm\u00e4ssig k\u00e4nsla f\u00f6r att framst\u00e5 som naturligt professionell. Denna design har en dekorativ detalj p\u00e5 sidan, med en v\u00e4lavv\u00e4gd proportion som g\u00f6r att andra naturligt uppfattar en som n\u00e5gon med god k\u00e4nsla f\u00f6r balans, ett stort plus.","breadcrumb":{"@id":"https:\/\/leatai.com\/sv\/product\/anpassad-anteckningsbok\/pocketbok-anteckningsbok\/lsc-020\/#breadcrumb"},"inLanguage":"sv-SE","potentialAction":[{"@type":"ReadAction","target":["https:\/\/leatai.com\/sv\/product\/anpassad-anteckningsbok\/pocketbok-anteckningsbok\/lsc-020\/"]}]},{"@type":"ImageObject","inLanguage":"sv-SE","@id":"https:\/\/leatai.com\/sv\/product\/anpassad-anteckningsbok\/pocketbok-anteckningsbok\/lsc-020\/#primaryimage","url":"https:\/\/leatai.com\/wp-content\/uploads\/DSC_0591-1.jpg","contentUrl":"https:\/\/leatai.com\/wp-content\/uploads\/DSC_0591-1.jpg","width":1000,"height":750,"caption":"\u5de5\u5546\u65e5\u8a8c\u5e73\u88dd\u672c"},{"@type":"BreadcrumbList","@id":"https:\/\/leatai.com\/sv\/product\/anpassad-anteckningsbok\/pocketbok-anteckningsbok\/lsc-020\/#breadcrumb","itemListElement":[{"@type":"ListItem","position":1,"name":"Home","item":"https:\/\/leatai.com\/sv\/"},{"@type":"ListItem","position":2,"name":"Produktpresentation","item":"https:\/\/leatai.com\/products\/"},{"@type":"ListItem","position":3,"name":"Anpassad anteckningsbok","item":"https:\/\/leatai.com\/sv\/produkt-kategori\/anpassad-anteckningsbok\/"},{"@type":"ListItem","position":4,"name":"Pocketbok anteckningsbok","item":"https:\/\/leatai.com\/sv\/produkt-kategori\/anpassad-anteckningsbok\/pocketbok-anteckningsbok\/"},{"@type":"ListItem","position":5,"name":"LSC-020"}]},{"@type":"WebSite","@id":"https:\/\/leatai.com\/sv\/#website","url":"https:\/\/leatai.com\/sv\/","name":"Leatai \u2013 Tillverkare av anpassade anteckningsb\u00f6cker","description":"Leatai erbjuder anpassade anteckningsb\u00f6cker och planeringsverktyg f\u00f6r varum\u00e4rken och distribut\u00f6rer \u00f6ver hela v\u00e4rlden.","publisher":{"@id":"https:\/\/leatai.com\/sv\/#organization"},"potentialAction":[{"@type":"SearchAction","target":{"@type":"EntryPoint","urlTemplate":"https:\/\/leatai.com\/sv\/?s={search_term_string}"},"query-input":{"@type":"PropertyValueSpecification","valueRequired":true,"valueName":"search_term_string"}}],"inLanguage":"sv-SE"},{"@type":"Organization","@id":"https:\/\/leatai.com\/sv\/#organization","name":"Leatai Diary, customized journal and business organizer","url":"https:\/\/leatai.com\/sv\/","logo":{"@type":"ImageObject","inLanguage":"sv-SE","@id":"https:\/\/leatai.com\/sv\/#\/schema\/logo\/image\/","url":"https:\/\/leatai.com\/wp-content\/uploads\/logo-blue.png","contentUrl":"https:\/\/leatai.com\/wp-content\/uploads\/logo-blue.png","width":230,"height":60,"caption":"Leatai Diary, customized journal and business organizer"},"image":{"@id":"https:\/\/leatai.com\/sv\/#\/schema\/logo\/image\/"}}]}},"_links":{"self":[{"href":"https:\/\/leatai.com\/sv\/wp-json\/wp\/v2\/product\/298158","targetHints":{"allow":["GET"]}}],"collection":[{"href":"https:\/\/leatai.com\/sv\/wp-json\/wp\/v2\/product"}],"about":[{"href":"https:\/\/leatai.com\/sv\/wp-json\/wp\/v2\/types\/product"}],"wp:featuredmedia":[{"embeddable":true,"href":"https:\/\/leatai.com\/sv\/wp-json\/wp\/v2\/media\/298159"}],"wp:attachment":[{"href":"https:\/\/leatai.com\/sv\/wp-json\/wp\/v2\/media?parent=298158"}],"wp:term":[{"taxonomy":"product_brand","embeddable":true,"href":"https:\/\/leatai.com\/sv\/wp-json\/wp\/v2\/product_brand?post=298158"},{"taxonomy":"product_cat","embeddable":true,"href":"https:\/\/leatai.com\/sv\/wp-json\/wp\/v2\/product_cat?post=298158"},{"taxonomy":"product_tag","embeddable":true,"href":"https:\/\/leatai.com\/sv\/wp-json\/wp\/v2\/product_tag?post=298158"},{"taxonomy":"home_works","embeddable":true,"href":"https:\/\/leatai.com\/sv\/wp-json\/wp\/v2\/home_works?post=298158"}],"curies":[{"name":"wp","href":"https:\/\/api.w.org\/{rel}","templated":true}]}}