{"id":296947,"date":"2025-07-12T11:39:30","date_gmt":"2025-07-12T03:39:30","guid":{"rendered":"https:\/\/leatai.com\/product\/okategoriserad\/lsc-026\/"},"modified":"2026-04-16T16:15:56","modified_gmt":"2026-04-16T08:15:56","slug":"lsc-026","status":"publish","type":"product","link":"https:\/\/leatai.com\/sv\/product\/anpassad-anteckningsbok\/pocketbok-anteckningsbok\/lsc-026\/","title":{"rendered":"LSC-026"},"content":{"rendered":"<p>Produktmodell: LSC-026<br \/>\nOmslagsmaterial: H\u00f6gkvalitativt f\u00e4rgskiftande PU-syntetl\u00e4der<br \/>\nF\u00e4rg: Ljuslila \/ Ljusgr\u00f6n<br \/>\nSpecifikation: 25K <a href=\"https:\/\/leatai.com\/sv\/faq\/vad-ar-8k-16k-och-25k-planeringsstorlekar-hur-stora-ar-de\/\" target=\"_blank\" rel=\"noopener\">(vanlig storlek)<\/a><br \/>\nInnerblad: Standard <a href=\"https:\/\/leatai.com\/sv\/produkt-kategori\/format-for-innersidor\/\" target=\"_blank\" rel=\"noopener\">(val av layout)<\/a><br \/>\nF\u00f6rpackning: OPP-p\u00e5se (tillval)<br \/>\nLOGO-bearbetning: Pr\u00e4gling, guldfoliering, silverfoliering<\/p>\n<p>Produktbeskrivning:<br \/>\nLeatai produktmodell: LSC-026, f\u00f6rdelen med en mjukbandad bok \u00e4r att innerbladen enkelt kan bytas ut. Denna g\u00e5ng har vi gjort en omfattande omdesign av omslaget och dj\u00e4rvt valt unga f\u00e4rger. Inte bara har funktionerna uppgraderats avsev\u00e4rt, utan det g\u00f6r ocks\u00e5 att du g\u00e4rna vill b\u00e4ra med dig denna bok \u00f6verallt, s\u00e5 l\u00e5t oss bara ge oss iv\u00e4g.<\/p>\n<p>&nbsp;<\/p>\n<p>\ud83d\udcd6F\u00f6r fler rekommendationer om specialanpassade anteckningsb\u00f6cker \/ tryck och produktion av f\u00f6retagsdagb\u00f6cker, v\u00e4nligen se:<br \/>\n<a href=\"https:\/\/leatai.com\/sv\/produkt-kategori\/olika-oem-prover\/oem-inbunden-anteckningsbok\/\" target=\"_blank\" rel=\"noopener\">OEM inbundna b\u00f6cker<\/a><br \/>\n<a href=\"https:\/\/leatai.com\/sv\/produkt-kategori\/olika-oem-prover\/oem-losblad-notebook\/\" target=\"_blank\" rel=\"noopener\">OEM ringp\u00e4rmar<\/a><br \/>\n<a href=\"https:\/\/leatai.com\/sv\/produkt-kategori\/olika-oem-prover\/oem-avtagbar-anteckningsbok\/\" target=\"_blank\" rel=\"noopener\">OEM utdragbara ringp\u00e4rmar<\/a><br \/>\n<a href=\"https:\/\/leatai.com\/sv\/produkt-kategori\/olika-oem-prover\/oem-mjukband-notebook\/\" target=\"_blank\" rel=\"noopener\">OEM mjukbandade b\u00f6cker<\/a><br \/>\n<a href=\"https:\/\/leatai.com\/sv\/produkt-kategori\/olika-oem-prover\/oem-spiralanteckningsbok\/\" target=\"_blank\" rel=\"noopener\">OEM spiralbundna b\u00f6cker<\/a><br \/>\n<a href=\"https:\/\/leatai.com\/sv\/produkt-kategori\/olika-oem-prover\/oem-kalender-sv\/\" target=\"_blank\" rel=\"noopener\">OEM specialanpassade avrivningskalendrar \/ tryck av specialanpassade skrivbordskalendrar<\/a><br \/>\n<a href=\"https:\/\/leatai.com\/sv\/produkt-kategori\/olika-oem-prover\/oem-andra\/\" target=\"_blank\" rel=\"noopener\">OEM \u00f6vrigt<\/a><\/p>\n<p>F\u00f6r fullst\u00e4ndig storleksf\u00f6rklaring, v\u00e4nligen se: <a href=\"https:\/\/leatai.com\/sv\/anteckningsbokskunskap\/pappersstorleksguide-forsta-vanliga-storlekar-som-b3-a4-b5-8k-16k-och-mer-en-omfattande-storlekstabell-for-enkel-referens\/\" target=\"_blank\" rel=\"noopener\">Pappersstorleksguide: B3, A4, B5, 8K, 16K och andra vanliga format \u2013 j\u00e4mf\u00f6relsetabell f\u00f6r pappersstorlekar som \u00e4r l\u00e4tt att f\u00f6rst\u00e5!<\/a><\/p>\n","protected":false},"excerpt":{"rendered":"<p>Produktmodell: LSC-026 Omslagsmaterial: H\u00f6gkvalitativt f\u00e4rgskiftande PU-syntetl\u00e4der F\u00e4rg: Ljuslila \/ Ljusgr\u00f6n Specifikation: 25K (vanlig storlek) Innerblad: Standard (val av layout) F\u00f6rpackning: OPP-p\u00e5se (tillval) LOGO-bearbetning: Pr\u00e4gling, guldfoliering, silverfoliering Produktbeskrivning: Leatai produktmodell: LSC-026, f\u00f6rdelen med en mjukbandad bok \u00e4r att innerbladen enkelt kan bytas ut. Denna g\u00e5ng har vi gjort en omfattande omdesign av omslaget och dj\u00e4rvt valt [&hellip;]<\/p>\n","protected":false},"featured_media":215627,"template":"","meta":{"_acf_changed":false},"product_brand":[],"product_cat":[804],"product_tag":[1795],"home_works":[],"class_list":{"0":"post-296947","1":"product","2":"type-product","3":"status-publish","4":"has-post-thumbnail","6":"product_cat-pocketbok-anteckningsbok","7":"product_tag-2026new","9":"first","10":"instock","11":"sold-individually","12":"shipping-taxable","13":"purchasable","14":"product-type-variable","15":"has-default-attributes"},"acf":[],"yoast_head":"<!-- This site is optimized with the Yoast SEO plugin v27.2 - https:\/\/yoast.com\/product\/yoast-seo-wordpress\/ -->\n<title>LSC-026 - Leatai \u2013 Tillverkare av anpassade anteckningsb\u00f6cker<\/title>\n<meta name=\"description\" content=\"Produktbeskrivning: Leatai produktmodell: LSC-026, f\u00f6rdelen med en mjukbandad bok \u00e4r att innerbladen enkelt kan bytas ut. Denna g\u00e5ng har vi gjort en omfattande omdesign av omslaget och dj\u00e4rvt valt unga f\u00e4rger. Inte bara har funktionerna uppgraderats avsev\u00e4rt, utan det g\u00f6r ocks\u00e5 att du g\u00e4rna vill b\u00e4ra med dig denna bok \u00f6verallt, s\u00e5 l\u00e5t oss bara ge oss iv\u00e4g.\" \/>\n<meta name=\"robots\" content=\"index, follow, max-snippet:-1, max-image-preview:large, max-video-preview:-1\" \/>\n<link rel=\"canonical\" href=\"https:\/\/leatai.com\/sv\/product\/anpassad-anteckningsbok\/pocketbok-anteckningsbok\/lsc-026\/\" \/>\n<meta property=\"og:locale\" content=\"sv_SE\" \/>\n<meta property=\"og:type\" content=\"article\" \/>\n<meta property=\"og:title\" content=\"LSC-026 - Leatai \u2013 Tillverkare av anpassade anteckningsb\u00f6cker\" \/>\n<meta property=\"og:description\" content=\"Produktbeskrivning: Leatai produktmodell: LSC-026, f\u00f6rdelen med en mjukbandad bok \u00e4r att innerbladen enkelt kan bytas ut. Denna g\u00e5ng har vi gjort en omfattande omdesign av omslaget och dj\u00e4rvt valt unga f\u00e4rger. Inte bara har funktionerna uppgraderats avsev\u00e4rt, utan det g\u00f6r ocks\u00e5 att du g\u00e4rna vill b\u00e4ra med dig denna bok \u00f6verallt, s\u00e5 l\u00e5t oss bara ge oss iv\u00e4g.\" \/>\n<meta property=\"og:url\" content=\"https:\/\/leatai.com\/sv\/product\/anpassad-anteckningsbok\/pocketbok-anteckningsbok\/lsc-026\/\" \/>\n<meta property=\"og:site_name\" content=\"Leatai \u2013 Tillverkare av anpassade anteckningsb\u00f6cker\" \/>\n<meta property=\"article:modified_time\" content=\"2026-04-16T08:15:56+00:00\" \/>\n<meta property=\"og:image\" content=\"https:\/\/leatai.com\/wp-content\/uploads\/DSC_3252-1.jpg\" \/>\n\t<meta property=\"og:image:width\" content=\"1000\" \/>\n\t<meta property=\"og:image:height\" content=\"750\" \/>\n\t<meta property=\"og:image:type\" content=\"image\/jpeg\" \/>\n<meta name=\"twitter:card\" content=\"summary_large_image\" \/>\n<meta name=\"twitter:label1\" content=\"Ber\u00e4knad l\u00e4stid\" \/>\n\t<meta name=\"twitter:data1\" content=\"1 minut\" \/>\n<script type=\"application\/ld+json\" class=\"yoast-schema-graph\">{\"@context\":\"https:\/\/schema.org\",\"@graph\":[{\"@type\":\"WebPage\",\"@id\":\"https:\/\/leatai.com\/sv\/product\/anpassad-anteckningsbok\/pocketbok-anteckningsbok\/lsc-026\/\",\"url\":\"https:\/\/leatai.com\/sv\/product\/anpassad-anteckningsbok\/pocketbok-anteckningsbok\/lsc-026\/\",\"name\":\"LSC-026 - Leatai \u2013 Tillverkare av anpassade anteckningsb\u00f6cker\",\"isPartOf\":{\"@id\":\"https:\/\/leatai.com\/sv\/#website\"},\"primaryImageOfPage\":{\"@id\":\"https:\/\/leatai.com\/sv\/product\/anpassad-anteckningsbok\/pocketbok-anteckningsbok\/lsc-026\/#primaryimage\"},\"image\":{\"@id\":\"https:\/\/leatai.com\/sv\/product\/anpassad-anteckningsbok\/pocketbok-anteckningsbok\/lsc-026\/#primaryimage\"},\"thumbnailUrl\":\"https:\/\/leatai.com\/wp-content\/uploads\/DSC_3252-1.jpg\",\"datePublished\":\"2025-07-12T03:39:30+00:00\",\"dateModified\":\"2026-04-16T08:15:56+00:00\",\"description\":\"Produktbeskrivning: Leatai produktmodell: LSC-026, f\u00f6rdelen med en mjukbandad bok \u00e4r att innerbladen enkelt kan bytas ut. Denna g\u00e5ng har vi gjort en omfattande omdesign av omslaget och dj\u00e4rvt valt unga f\u00e4rger. Inte bara har funktionerna uppgraderats avsev\u00e4rt, utan det g\u00f6r ocks\u00e5 att du g\u00e4rna vill b\u00e4ra med dig denna bok \u00f6verallt, s\u00e5 l\u00e5t oss bara ge oss iv\u00e4g.\",\"breadcrumb\":{\"@id\":\"https:\/\/leatai.com\/sv\/product\/anpassad-anteckningsbok\/pocketbok-anteckningsbok\/lsc-026\/#breadcrumb\"},\"inLanguage\":\"sv-SE\",\"potentialAction\":[{\"@type\":\"ReadAction\",\"target\":[\"https:\/\/leatai.com\/sv\/product\/anpassad-anteckningsbok\/pocketbok-anteckningsbok\/lsc-026\/\"]}]},{\"@type\":\"ImageObject\",\"inLanguage\":\"sv-SE\",\"@id\":\"https:\/\/leatai.com\/sv\/product\/anpassad-anteckningsbok\/pocketbok-anteckningsbok\/lsc-026\/#primaryimage\",\"url\":\"https:\/\/leatai.com\/wp-content\/uploads\/DSC_3252-1.jpg\",\"contentUrl\":\"https:\/\/leatai.com\/wp-content\/uploads\/DSC_3252-1.jpg\",\"width\":1000,\"height\":750,\"caption\":\"Mjukbandsanteckningsbok\"},{\"@type\":\"BreadcrumbList\",\"@id\":\"https:\/\/leatai.com\/sv\/product\/anpassad-anteckningsbok\/pocketbok-anteckningsbok\/lsc-026\/#breadcrumb\",\"itemListElement\":[{\"@type\":\"ListItem\",\"position\":1,\"name\":\"Home\",\"item\":\"https:\/\/leatai.com\/sv\/\"},{\"@type\":\"ListItem\",\"position\":2,\"name\":\"Produktpresentation\",\"item\":\"https:\/\/leatai.com\/products\/\"},{\"@type\":\"ListItem\",\"position\":3,\"name\":\"Anpassad anteckningsbok\",\"item\":\"https:\/\/leatai.com\/sv\/produkt-kategori\/anpassad-anteckningsbok\/\"},{\"@type\":\"ListItem\",\"position\":4,\"name\":\"Pocketbok anteckningsbok\",\"item\":\"https:\/\/leatai.com\/sv\/produkt-kategori\/anpassad-anteckningsbok\/pocketbok-anteckningsbok\/\"},{\"@type\":\"ListItem\",\"position\":5,\"name\":\"LSC-026\"}]},{\"@type\":\"WebSite\",\"@id\":\"https:\/\/leatai.com\/sv\/#website\",\"url\":\"https:\/\/leatai.com\/sv\/\",\"name\":\"Leatai \u2013 Tillverkare av anpassade anteckningsb\u00f6cker\",\"description\":\"Leatai erbjuder anpassade anteckningsb\u00f6cker och planeringsverktyg f\u00f6r varum\u00e4rken och distribut\u00f6rer \u00f6ver hela v\u00e4rlden.\",\"publisher\":{\"@id\":\"https:\/\/leatai.com\/sv\/#organization\"},\"potentialAction\":[{\"@type\":\"SearchAction\",\"target\":{\"@type\":\"EntryPoint\",\"urlTemplate\":\"https:\/\/leatai.com\/sv\/?s={search_term_string}\"},\"query-input\":{\"@type\":\"PropertyValueSpecification\",\"valueRequired\":true,\"valueName\":\"search_term_string\"}}],\"inLanguage\":\"sv-SE\"},{\"@type\":\"Organization\",\"@id\":\"https:\/\/leatai.com\/sv\/#organization\",\"name\":\"Leatai Diary, customized journal and business organizer\",\"url\":\"https:\/\/leatai.com\/sv\/\",\"logo\":{\"@type\":\"ImageObject\",\"inLanguage\":\"sv-SE\",\"@id\":\"https:\/\/leatai.com\/sv\/#\/schema\/logo\/image\/\",\"url\":\"https:\/\/leatai.com\/wp-content\/uploads\/logo-blue.png\",\"contentUrl\":\"https:\/\/leatai.com\/wp-content\/uploads\/logo-blue.png\",\"width\":230,\"height\":60,\"caption\":\"Leatai Diary, customized journal and business organizer\"},\"image\":{\"@id\":\"https:\/\/leatai.com\/sv\/#\/schema\/logo\/image\/\"}}]}<\/script>\n<!-- \/ Yoast SEO plugin. -->","yoast_head_json":{"title":"LSC-026 - Leatai \u2013 Tillverkare av anpassade anteckningsb\u00f6cker","description":"Produktbeskrivning: Leatai produktmodell: LSC-026, f\u00f6rdelen med en mjukbandad bok \u00e4r att innerbladen enkelt kan bytas ut. Denna g\u00e5ng har vi gjort en omfattande omdesign av omslaget och dj\u00e4rvt valt unga f\u00e4rger. Inte bara har funktionerna uppgraderats avsev\u00e4rt, utan det g\u00f6r ocks\u00e5 att du g\u00e4rna vill b\u00e4ra med dig denna bok \u00f6verallt, s\u00e5 l\u00e5t oss bara ge oss iv\u00e4g.","robots":{"index":"index","follow":"follow","max-snippet":"max-snippet:-1","max-image-preview":"max-image-preview:large","max-video-preview":"max-video-preview:-1"},"canonical":"https:\/\/leatai.com\/sv\/product\/anpassad-anteckningsbok\/pocketbok-anteckningsbok\/lsc-026\/","og_locale":"sv_SE","og_type":"article","og_title":"LSC-026 - Leatai \u2013 Tillverkare av anpassade anteckningsb\u00f6cker","og_description":"Produktbeskrivning: Leatai produktmodell: LSC-026, f\u00f6rdelen med en mjukbandad bok \u00e4r att innerbladen enkelt kan bytas ut. Denna g\u00e5ng har vi gjort en omfattande omdesign av omslaget och dj\u00e4rvt valt unga f\u00e4rger. Inte bara har funktionerna uppgraderats avsev\u00e4rt, utan det g\u00f6r ocks\u00e5 att du g\u00e4rna vill b\u00e4ra med dig denna bok \u00f6verallt, s\u00e5 l\u00e5t oss bara ge oss iv\u00e4g.","og_url":"https:\/\/leatai.com\/sv\/product\/anpassad-anteckningsbok\/pocketbok-anteckningsbok\/lsc-026\/","og_site_name":"Leatai \u2013 Tillverkare av anpassade anteckningsb\u00f6cker","article_modified_time":"2026-04-16T08:15:56+00:00","og_image":[{"width":1000,"height":750,"url":"https:\/\/leatai.com\/wp-content\/uploads\/DSC_3252-1.jpg","type":"image\/jpeg"}],"twitter_card":"summary_large_image","twitter_misc":{"Ber\u00e4knad l\u00e4stid":"1 minut"},"schema":{"@context":"https:\/\/schema.org","@graph":[{"@type":"WebPage","@id":"https:\/\/leatai.com\/sv\/product\/anpassad-anteckningsbok\/pocketbok-anteckningsbok\/lsc-026\/","url":"https:\/\/leatai.com\/sv\/product\/anpassad-anteckningsbok\/pocketbok-anteckningsbok\/lsc-026\/","name":"LSC-026 - Leatai \u2013 Tillverkare av anpassade anteckningsb\u00f6cker","isPartOf":{"@id":"https:\/\/leatai.com\/sv\/#website"},"primaryImageOfPage":{"@id":"https:\/\/leatai.com\/sv\/product\/anpassad-anteckningsbok\/pocketbok-anteckningsbok\/lsc-026\/#primaryimage"},"image":{"@id":"https:\/\/leatai.com\/sv\/product\/anpassad-anteckningsbok\/pocketbok-anteckningsbok\/lsc-026\/#primaryimage"},"thumbnailUrl":"https:\/\/leatai.com\/wp-content\/uploads\/DSC_3252-1.jpg","datePublished":"2025-07-12T03:39:30+00:00","dateModified":"2026-04-16T08:15:56+00:00","description":"Produktbeskrivning: Leatai produktmodell: LSC-026, f\u00f6rdelen med en mjukbandad bok \u00e4r att innerbladen enkelt kan bytas ut. Denna g\u00e5ng har vi gjort en omfattande omdesign av omslaget och dj\u00e4rvt valt unga f\u00e4rger. Inte bara har funktionerna uppgraderats avsev\u00e4rt, utan det g\u00f6r ocks\u00e5 att du g\u00e4rna vill b\u00e4ra med dig denna bok \u00f6verallt, s\u00e5 l\u00e5t oss bara ge oss iv\u00e4g.","breadcrumb":{"@id":"https:\/\/leatai.com\/sv\/product\/anpassad-anteckningsbok\/pocketbok-anteckningsbok\/lsc-026\/#breadcrumb"},"inLanguage":"sv-SE","potentialAction":[{"@type":"ReadAction","target":["https:\/\/leatai.com\/sv\/product\/anpassad-anteckningsbok\/pocketbok-anteckningsbok\/lsc-026\/"]}]},{"@type":"ImageObject","inLanguage":"sv-SE","@id":"https:\/\/leatai.com\/sv\/product\/anpassad-anteckningsbok\/pocketbok-anteckningsbok\/lsc-026\/#primaryimage","url":"https:\/\/leatai.com\/wp-content\/uploads\/DSC_3252-1.jpg","contentUrl":"https:\/\/leatai.com\/wp-content\/uploads\/DSC_3252-1.jpg","width":1000,"height":750,"caption":"Mjukbandsanteckningsbok"},{"@type":"BreadcrumbList","@id":"https:\/\/leatai.com\/sv\/product\/anpassad-anteckningsbok\/pocketbok-anteckningsbok\/lsc-026\/#breadcrumb","itemListElement":[{"@type":"ListItem","position":1,"name":"Home","item":"https:\/\/leatai.com\/sv\/"},{"@type":"ListItem","position":2,"name":"Produktpresentation","item":"https:\/\/leatai.com\/products\/"},{"@type":"ListItem","position":3,"name":"Anpassad anteckningsbok","item":"https:\/\/leatai.com\/sv\/produkt-kategori\/anpassad-anteckningsbok\/"},{"@type":"ListItem","position":4,"name":"Pocketbok anteckningsbok","item":"https:\/\/leatai.com\/sv\/produkt-kategori\/anpassad-anteckningsbok\/pocketbok-anteckningsbok\/"},{"@type":"ListItem","position":5,"name":"LSC-026"}]},{"@type":"WebSite","@id":"https:\/\/leatai.com\/sv\/#website","url":"https:\/\/leatai.com\/sv\/","name":"Leatai \u2013 Tillverkare av anpassade anteckningsb\u00f6cker","description":"Leatai erbjuder anpassade anteckningsb\u00f6cker och planeringsverktyg f\u00f6r varum\u00e4rken och distribut\u00f6rer \u00f6ver hela v\u00e4rlden.","publisher":{"@id":"https:\/\/leatai.com\/sv\/#organization"},"potentialAction":[{"@type":"SearchAction","target":{"@type":"EntryPoint","urlTemplate":"https:\/\/leatai.com\/sv\/?s={search_term_string}"},"query-input":{"@type":"PropertyValueSpecification","valueRequired":true,"valueName":"search_term_string"}}],"inLanguage":"sv-SE"},{"@type":"Organization","@id":"https:\/\/leatai.com\/sv\/#organization","name":"Leatai Diary, customized journal and business organizer","url":"https:\/\/leatai.com\/sv\/","logo":{"@type":"ImageObject","inLanguage":"sv-SE","@id":"https:\/\/leatai.com\/sv\/#\/schema\/logo\/image\/","url":"https:\/\/leatai.com\/wp-content\/uploads\/logo-blue.png","contentUrl":"https:\/\/leatai.com\/wp-content\/uploads\/logo-blue.png","width":230,"height":60,"caption":"Leatai Diary, customized journal and business organizer"},"image":{"@id":"https:\/\/leatai.com\/sv\/#\/schema\/logo\/image\/"}}]}},"_links":{"self":[{"href":"https:\/\/leatai.com\/sv\/wp-json\/wp\/v2\/product\/296947","targetHints":{"allow":["GET"]}}],"collection":[{"href":"https:\/\/leatai.com\/sv\/wp-json\/wp\/v2\/product"}],"about":[{"href":"https:\/\/leatai.com\/sv\/wp-json\/wp\/v2\/types\/product"}],"wp:featuredmedia":[{"embeddable":true,"href":"https:\/\/leatai.com\/sv\/wp-json\/wp\/v2\/media\/215627"}],"wp:attachment":[{"href":"https:\/\/leatai.com\/sv\/wp-json\/wp\/v2\/media?parent=296947"}],"wp:term":[{"taxonomy":"product_brand","embeddable":true,"href":"https:\/\/leatai.com\/sv\/wp-json\/wp\/v2\/product_brand?post=296947"},{"taxonomy":"product_cat","embeddable":true,"href":"https:\/\/leatai.com\/sv\/wp-json\/wp\/v2\/product_cat?post=296947"},{"taxonomy":"product_tag","embeddable":true,"href":"https:\/\/leatai.com\/sv\/wp-json\/wp\/v2\/product_tag?post=296947"},{"taxonomy":"home_works","embeddable":true,"href":"https:\/\/leatai.com\/sv\/wp-json\/wp\/v2\/home_works?post=296947"}],"curies":[{"name":"wp","href":"https:\/\/api.w.org\/{rel}","templated":true}]}}