{"id":296766,"date":"2021-08-19T21:03:49","date_gmt":"2021-08-19T13:03:49","guid":{"rendered":"https:\/\/leatai.com\/product\/okategoriserad\/winking-studios\/"},"modified":"2026-04-15T15:20:46","modified_gmt":"2026-04-15T07:20:46","slug":"winking-studios","status":"publish","type":"product","link":"https:\/\/leatai.com\/sv\/product\/olika-oem-prover\/oem-inbunden-anteckningsbok\/winking-studios\/","title":{"rendered":"Winking Studios"},"content":{"rendered":"<p>Kundnamn: Winking Studios<br \/>\nFormat: 32K<br \/>\nUtf\u00f6rande: Inbunden anteckningsbok<br \/>\nOmslagseffekt: Pr\u00e4gling + silverfolietryck + bokomslag + pappersask<br \/>\nS\u00e4rskilda egenskaper: Ett spelkonstf\u00f6retag som l\u00e4gger stor vikt vid anv\u00e4ndarupplevelsen. F\u00f6rutom att l\u00e4gga till ett bokomslag f\u00f6r att st\u00e4rka imagen har man \u00e4ven anv\u00e4nt en utdragbar pappersask f\u00f6r att g\u00f6ra det bekv\u00e4mt f\u00f6r anv\u00e4ndaren att ta ut produkten.<\/p>\n<p>\ud83d\udcd6F\u00f6r ordinarie produkter f\u00f6r kundanpassade anteckningsb\u00f6cker\/aff\u00e4rsdagb\u00f6cker, se:<br \/>\n<a href=\"https:\/\/leatai.com\/sv\/produkt-kategori\/anpassad-anteckningsbok\/anteckningsbok-med-hardparm\/\" target=\"_blank\" rel=\"noopener\">Inbundna anteckningsb\u00f6cker\/inbundna aff\u00e4rsdagb\u00f6cker<\/a><br \/>\n<a href=\"https:\/\/leatai.com\/sv\/produkt-kategori\/anpassad-anteckningsbok\/losblad-anteckningsbok\/\" target=\"_blank\" rel=\"noopener\">L\u00f6sbladsanteckningsb\u00f6cker\/l\u00f6sbladsaff\u00e4rsdagb\u00f6cker<\/a><br \/>\n<a href=\"https:\/\/leatai.com\/sv\/produkt-kategori\/anpassad-anteckningsbok\/avtagbar-anteckningsbok\/\" target=\"_blank\" rel=\"noopener\">Uttagbara l\u00f6sbladsb\u00f6cker\/uttagbara aff\u00e4rsdagb\u00f6cker<\/a><br \/>\n<a href=\"https:\/\/leatai.com\/sv\/produkt-kategori\/anpassad-anteckningsbok\/pocketbok-anteckningsbok\/\" target=\"_blank\" rel=\"noopener\">Mjukbandsanteckningsb\u00f6cker\/mjukbandsaff\u00e4rsdagb\u00f6cker<\/a><br \/>\n<a href=\"https:\/\/leatai.com\/sv\/produkt-kategori\/anpassad-anteckningsbok\/spiral-anteckningsbok\/\" target=\"_blank\" rel=\"noopener\">Spiralanteckningsb\u00f6cker\/spiralaff\u00e4rsdagb\u00f6cker<\/a><\/p>\n<p>\ud83d\udcd6F\u00f6r fullst\u00e4ndig storleksf\u00f6rklaring, se: <a href=\"https:\/\/leatai.com\/sv\/anteckningsbokskunskap\/pappersstorleksguide-forsta-vanliga-storlekar-som-b3-a4-b5-8k-16k-och-mer-en-omfattande-storlekstabell-for-enkel-referens\/\" target=\"_blank\" rel=\"noopener\">Guide till pappersstorlekar: hur skiljer man vanliga storlekar som B3, A4, B5, 8K och 16K \u00e5t? En \u00f6versiktstabell \u00f6ver pappersstorlekar som \u00e4r l\u00e4tt att f\u00f6rst\u00e5!<\/a><\/p>\n","protected":false},"excerpt":{"rendered":"<p>Kundnamn: Winking Studios Format: 32K Utf\u00f6rande: Inbunden anteckningsbok Omslagseffekt: Pr\u00e4gling + silverfolietryck + bokomslag + pappersask S\u00e4rskilda egenskaper: Ett spelkonstf\u00f6retag som l\u00e4gger stor vikt vid anv\u00e4ndarupplevelsen. F\u00f6rutom att l\u00e4gga till ett bokomslag f\u00f6r att st\u00e4rka imagen har man \u00e4ven anv\u00e4nt en utdragbar pappersask f\u00f6r att g\u00f6ra det bekv\u00e4mt f\u00f6r anv\u00e4ndaren att ta ut produkten. \ud83d\udcd6F\u00f6r [&hellip;]<\/p>\n","protected":false},"featured_media":211299,"template":"","meta":{"_acf_changed":false},"product_brand":[],"product_cat":[888],"product_tag":[1549],"home_works":[],"class_list":{"0":"post-296766","1":"product","2":"type-product","3":"status-publish","4":"has-post-thumbnail","6":"product_cat-oem-inbunden-anteckningsbok","7":"product_tag-oem-sv","9":"first","10":"outofstock","11":"sold-individually","12":"shipping-taxable","13":"purchasable","14":"product-type-variable","15":"has-default-attributes"},"acf":[],"yoast_head":"<!-- This site is optimized with the Yoast SEO plugin v27.2 - https:\/\/yoast.com\/product\/yoast-seo-wordpress\/ -->\n<title>Winking Studios - De sm\u00e5 detaljerna som v\u00e4rdes\u00e4tter anv\u00e4ndarupplevelsen mest - Leatai \u2013 Tillverkare av anpassade anteckningsb\u00f6cker<\/title>\n<meta name=\"description\" content=\"Kundnamn: Winking Studios Format: 32K Utf\u00f6rande: Inbunden anteckningsbok Omslagseffekt: Pr\u00e4gling + silverfolietryck + bokomslag + pappersask S\u00e4rskilda egenskaper: Ett spelkonstf\u00f6retag som l\u00e4gger stor vikt vid anv\u00e4ndarupplevelsen. F\u00f6rutom att l\u00e4gga till ett bokomslag f\u00f6r att st\u00e4rka imagen har man \u00e4ven anv\u00e4nt en utdragbar pappersask f\u00f6r att g\u00f6ra det bekv\u00e4mt f\u00f6r anv\u00e4ndaren att ta ut produkten.\" \/>\n<meta name=\"robots\" content=\"index, follow, max-snippet:-1, max-image-preview:large, max-video-preview:-1\" \/>\n<link rel=\"canonical\" href=\"https:\/\/leatai.com\/sv\/product\/olika-oem-prover\/oem-inbunden-anteckningsbok\/winking-studios\/\" \/>\n<meta property=\"og:locale\" content=\"sv_SE\" \/>\n<meta property=\"og:type\" content=\"article\" \/>\n<meta property=\"og:title\" content=\"Winking Studios - De sm\u00e5 detaljerna som v\u00e4rdes\u00e4tter anv\u00e4ndarupplevelsen mest - Leatai \u2013 Tillverkare av anpassade anteckningsb\u00f6cker\" \/>\n<meta property=\"og:description\" content=\"Kundnamn: Winking Studios Format: 32K Utf\u00f6rande: Inbunden anteckningsbok Omslagseffekt: Pr\u00e4gling + silverfolietryck + bokomslag + pappersask S\u00e4rskilda egenskaper: Ett spelkonstf\u00f6retag som l\u00e4gger stor vikt vid anv\u00e4ndarupplevelsen. F\u00f6rutom att l\u00e4gga till ett bokomslag f\u00f6r att st\u00e4rka imagen har man \u00e4ven anv\u00e4nt en utdragbar pappersask f\u00f6r att g\u00f6ra det bekv\u00e4mt f\u00f6r anv\u00e4ndaren att ta ut produkten.\" \/>\n<meta property=\"og:url\" content=\"https:\/\/leatai.com\/sv\/product\/olika-oem-prover\/oem-inbunden-anteckningsbok\/winking-studios\/\" \/>\n<meta property=\"og:site_name\" content=\"Leatai \u2013 Tillverkare av anpassade anteckningsb\u00f6cker\" \/>\n<meta property=\"article:modified_time\" content=\"2026-04-15T07:20:46+00:00\" \/>\n<meta property=\"og:image\" content=\"https:\/\/leatai.com\/wp-content\/uploads\/DSC_0587.jpg\" \/>\n\t<meta property=\"og:image:width\" content=\"1000\" \/>\n\t<meta property=\"og:image:height\" content=\"750\" \/>\n\t<meta property=\"og:image:type\" content=\"image\/jpeg\" \/>\n<meta name=\"twitter:card\" content=\"summary_large_image\" \/>\n<meta name=\"twitter:label1\" content=\"Ber\u00e4knad l\u00e4stid\" \/>\n\t<meta name=\"twitter:data1\" content=\"1 minut\" \/>\n<script type=\"application\/ld+json\" class=\"yoast-schema-graph\">{\"@context\":\"https:\/\/schema.org\",\"@graph\":[{\"@type\":\"WebPage\",\"@id\":\"https:\/\/leatai.com\/sv\/product\/olika-oem-prover\/oem-inbunden-anteckningsbok\/winking-studios\/\",\"url\":\"https:\/\/leatai.com\/sv\/product\/olika-oem-prover\/oem-inbunden-anteckningsbok\/winking-studios\/\",\"name\":\"Winking Studios - De sm\u00e5 detaljerna som v\u00e4rdes\u00e4tter anv\u00e4ndarupplevelsen mest - Leatai \u2013 Tillverkare av anpassade anteckningsb\u00f6cker\",\"isPartOf\":{\"@id\":\"https:\/\/leatai.com\/sv\/#website\"},\"primaryImageOfPage\":{\"@id\":\"https:\/\/leatai.com\/sv\/product\/olika-oem-prover\/oem-inbunden-anteckningsbok\/winking-studios\/#primaryimage\"},\"image\":{\"@id\":\"https:\/\/leatai.com\/sv\/product\/olika-oem-prover\/oem-inbunden-anteckningsbok\/winking-studios\/#primaryimage\"},\"thumbnailUrl\":\"https:\/\/leatai.com\/wp-content\/uploads\/DSC_0587.jpg\",\"datePublished\":\"2021-08-19T13:03:49+00:00\",\"dateModified\":\"2026-04-15T07:20:46+00:00\",\"description\":\"Kundnamn: Winking Studios Format: 32K Utf\u00f6rande: Inbunden anteckningsbok Omslagseffekt: Pr\u00e4gling + silverfolietryck + bokomslag + pappersask S\u00e4rskilda egenskaper: Ett spelkonstf\u00f6retag som l\u00e4gger stor vikt vid anv\u00e4ndarupplevelsen. F\u00f6rutom att l\u00e4gga till ett bokomslag f\u00f6r att st\u00e4rka imagen har man \u00e4ven anv\u00e4nt en utdragbar pappersask f\u00f6r att g\u00f6ra det bekv\u00e4mt f\u00f6r anv\u00e4ndaren att ta ut produkten.\",\"breadcrumb\":{\"@id\":\"https:\/\/leatai.com\/sv\/product\/olika-oem-prover\/oem-inbunden-anteckningsbok\/winking-studios\/#breadcrumb\"},\"inLanguage\":\"sv-SE\",\"potentialAction\":[{\"@type\":\"ReadAction\",\"target\":[\"https:\/\/leatai.com\/sv\/product\/olika-oem-prover\/oem-inbunden-anteckningsbok\/winking-studios\/\"]}]},{\"@type\":\"ImageObject\",\"inLanguage\":\"sv-SE\",\"@id\":\"https:\/\/leatai.com\/sv\/product\/olika-oem-prover\/oem-inbunden-anteckningsbok\/winking-studios\/#primaryimage\",\"url\":\"https:\/\/leatai.com\/wp-content\/uploads\/DSC_0587.jpg\",\"contentUrl\":\"https:\/\/leatai.com\/wp-content\/uploads\/DSC_0587.jpg\",\"width\":1000,\"height\":750,\"caption\":\"Inbunden bok\"},{\"@type\":\"BreadcrumbList\",\"@id\":\"https:\/\/leatai.com\/sv\/product\/olika-oem-prover\/oem-inbunden-anteckningsbok\/winking-studios\/#breadcrumb\",\"itemListElement\":[{\"@type\":\"ListItem\",\"position\":1,\"name\":\"Home\",\"item\":\"https:\/\/leatai.com\/sv\/\"},{\"@type\":\"ListItem\",\"position\":2,\"name\":\"Produktpresentation\",\"item\":\"https:\/\/leatai.com\/products\/\"},{\"@type\":\"ListItem\",\"position\":3,\"name\":\"Olika OEM-prover\",\"item\":\"https:\/\/leatai.com\/sv\/produkt-kategori\/olika-oem-prover\/\"},{\"@type\":\"ListItem\",\"position\":4,\"name\":\"OEM Inbunden Anteckningsbok\",\"item\":\"https:\/\/leatai.com\/sv\/produkt-kategori\/olika-oem-prover\/oem-inbunden-anteckningsbok\/\"},{\"@type\":\"ListItem\",\"position\":5,\"name\":\"Winking Studios\"}]},{\"@type\":\"WebSite\",\"@id\":\"https:\/\/leatai.com\/sv\/#website\",\"url\":\"https:\/\/leatai.com\/sv\/\",\"name\":\"Leatai \u2013 Tillverkare av anpassade anteckningsb\u00f6cker\",\"description\":\"Leatai erbjuder anpassade anteckningsb\u00f6cker och planeringsverktyg f\u00f6r varum\u00e4rken och distribut\u00f6rer \u00f6ver hela v\u00e4rlden.\",\"publisher\":{\"@id\":\"https:\/\/leatai.com\/sv\/#organization\"},\"potentialAction\":[{\"@type\":\"SearchAction\",\"target\":{\"@type\":\"EntryPoint\",\"urlTemplate\":\"https:\/\/leatai.com\/sv\/?s={search_term_string}\"},\"query-input\":{\"@type\":\"PropertyValueSpecification\",\"valueRequired\":true,\"valueName\":\"search_term_string\"}}],\"inLanguage\":\"sv-SE\"},{\"@type\":\"Organization\",\"@id\":\"https:\/\/leatai.com\/sv\/#organization\",\"name\":\"Leatai Diary, customized journal and business organizer\",\"url\":\"https:\/\/leatai.com\/sv\/\",\"logo\":{\"@type\":\"ImageObject\",\"inLanguage\":\"sv-SE\",\"@id\":\"https:\/\/leatai.com\/sv\/#\/schema\/logo\/image\/\",\"url\":\"https:\/\/leatai.com\/wp-content\/uploads\/logo-blue.png\",\"contentUrl\":\"https:\/\/leatai.com\/wp-content\/uploads\/logo-blue.png\",\"width\":230,\"height\":60,\"caption\":\"Leatai Diary, customized journal and business organizer\"},\"image\":{\"@id\":\"https:\/\/leatai.com\/sv\/#\/schema\/logo\/image\/\"}}]}<\/script>\n<!-- \/ Yoast SEO plugin. -->","yoast_head_json":{"title":"Winking Studios - De sm\u00e5 detaljerna som v\u00e4rdes\u00e4tter anv\u00e4ndarupplevelsen mest - Leatai \u2013 Tillverkare av anpassade anteckningsb\u00f6cker","description":"Kundnamn: Winking Studios Format: 32K Utf\u00f6rande: Inbunden anteckningsbok Omslagseffekt: Pr\u00e4gling + silverfolietryck + bokomslag + pappersask S\u00e4rskilda egenskaper: Ett spelkonstf\u00f6retag som l\u00e4gger stor vikt vid anv\u00e4ndarupplevelsen. F\u00f6rutom att l\u00e4gga till ett bokomslag f\u00f6r att st\u00e4rka imagen har man \u00e4ven anv\u00e4nt en utdragbar pappersask f\u00f6r att g\u00f6ra det bekv\u00e4mt f\u00f6r anv\u00e4ndaren att ta ut produkten.","robots":{"index":"index","follow":"follow","max-snippet":"max-snippet:-1","max-image-preview":"max-image-preview:large","max-video-preview":"max-video-preview:-1"},"canonical":"https:\/\/leatai.com\/sv\/product\/olika-oem-prover\/oem-inbunden-anteckningsbok\/winking-studios\/","og_locale":"sv_SE","og_type":"article","og_title":"Winking Studios - De sm\u00e5 detaljerna som v\u00e4rdes\u00e4tter anv\u00e4ndarupplevelsen mest - Leatai \u2013 Tillverkare av anpassade anteckningsb\u00f6cker","og_description":"Kundnamn: Winking Studios Format: 32K Utf\u00f6rande: Inbunden anteckningsbok Omslagseffekt: Pr\u00e4gling + silverfolietryck + bokomslag + pappersask S\u00e4rskilda egenskaper: Ett spelkonstf\u00f6retag som l\u00e4gger stor vikt vid anv\u00e4ndarupplevelsen. F\u00f6rutom att l\u00e4gga till ett bokomslag f\u00f6r att st\u00e4rka imagen har man \u00e4ven anv\u00e4nt en utdragbar pappersask f\u00f6r att g\u00f6ra det bekv\u00e4mt f\u00f6r anv\u00e4ndaren att ta ut produkten.","og_url":"https:\/\/leatai.com\/sv\/product\/olika-oem-prover\/oem-inbunden-anteckningsbok\/winking-studios\/","og_site_name":"Leatai \u2013 Tillverkare av anpassade anteckningsb\u00f6cker","article_modified_time":"2026-04-15T07:20:46+00:00","og_image":[{"width":1000,"height":750,"url":"https:\/\/leatai.com\/wp-content\/uploads\/DSC_0587.jpg","type":"image\/jpeg"}],"twitter_card":"summary_large_image","twitter_misc":{"Ber\u00e4knad l\u00e4stid":"1 minut"},"schema":{"@context":"https:\/\/schema.org","@graph":[{"@type":"WebPage","@id":"https:\/\/leatai.com\/sv\/product\/olika-oem-prover\/oem-inbunden-anteckningsbok\/winking-studios\/","url":"https:\/\/leatai.com\/sv\/product\/olika-oem-prover\/oem-inbunden-anteckningsbok\/winking-studios\/","name":"Winking Studios - De sm\u00e5 detaljerna som v\u00e4rdes\u00e4tter anv\u00e4ndarupplevelsen mest - Leatai \u2013 Tillverkare av anpassade anteckningsb\u00f6cker","isPartOf":{"@id":"https:\/\/leatai.com\/sv\/#website"},"primaryImageOfPage":{"@id":"https:\/\/leatai.com\/sv\/product\/olika-oem-prover\/oem-inbunden-anteckningsbok\/winking-studios\/#primaryimage"},"image":{"@id":"https:\/\/leatai.com\/sv\/product\/olika-oem-prover\/oem-inbunden-anteckningsbok\/winking-studios\/#primaryimage"},"thumbnailUrl":"https:\/\/leatai.com\/wp-content\/uploads\/DSC_0587.jpg","datePublished":"2021-08-19T13:03:49+00:00","dateModified":"2026-04-15T07:20:46+00:00","description":"Kundnamn: Winking Studios Format: 32K Utf\u00f6rande: Inbunden anteckningsbok Omslagseffekt: Pr\u00e4gling + silverfolietryck + bokomslag + pappersask S\u00e4rskilda egenskaper: Ett spelkonstf\u00f6retag som l\u00e4gger stor vikt vid anv\u00e4ndarupplevelsen. F\u00f6rutom att l\u00e4gga till ett bokomslag f\u00f6r att st\u00e4rka imagen har man \u00e4ven anv\u00e4nt en utdragbar pappersask f\u00f6r att g\u00f6ra det bekv\u00e4mt f\u00f6r anv\u00e4ndaren att ta ut produkten.","breadcrumb":{"@id":"https:\/\/leatai.com\/sv\/product\/olika-oem-prover\/oem-inbunden-anteckningsbok\/winking-studios\/#breadcrumb"},"inLanguage":"sv-SE","potentialAction":[{"@type":"ReadAction","target":["https:\/\/leatai.com\/sv\/product\/olika-oem-prover\/oem-inbunden-anteckningsbok\/winking-studios\/"]}]},{"@type":"ImageObject","inLanguage":"sv-SE","@id":"https:\/\/leatai.com\/sv\/product\/olika-oem-prover\/oem-inbunden-anteckningsbok\/winking-studios\/#primaryimage","url":"https:\/\/leatai.com\/wp-content\/uploads\/DSC_0587.jpg","contentUrl":"https:\/\/leatai.com\/wp-content\/uploads\/DSC_0587.jpg","width":1000,"height":750,"caption":"Inbunden bok"},{"@type":"BreadcrumbList","@id":"https:\/\/leatai.com\/sv\/product\/olika-oem-prover\/oem-inbunden-anteckningsbok\/winking-studios\/#breadcrumb","itemListElement":[{"@type":"ListItem","position":1,"name":"Home","item":"https:\/\/leatai.com\/sv\/"},{"@type":"ListItem","position":2,"name":"Produktpresentation","item":"https:\/\/leatai.com\/products\/"},{"@type":"ListItem","position":3,"name":"Olika OEM-prover","item":"https:\/\/leatai.com\/sv\/produkt-kategori\/olika-oem-prover\/"},{"@type":"ListItem","position":4,"name":"OEM Inbunden Anteckningsbok","item":"https:\/\/leatai.com\/sv\/produkt-kategori\/olika-oem-prover\/oem-inbunden-anteckningsbok\/"},{"@type":"ListItem","position":5,"name":"Winking Studios"}]},{"@type":"WebSite","@id":"https:\/\/leatai.com\/sv\/#website","url":"https:\/\/leatai.com\/sv\/","name":"Leatai \u2013 Tillverkare av anpassade anteckningsb\u00f6cker","description":"Leatai erbjuder anpassade anteckningsb\u00f6cker och planeringsverktyg f\u00f6r varum\u00e4rken och distribut\u00f6rer \u00f6ver hela v\u00e4rlden.","publisher":{"@id":"https:\/\/leatai.com\/sv\/#organization"},"potentialAction":[{"@type":"SearchAction","target":{"@type":"EntryPoint","urlTemplate":"https:\/\/leatai.com\/sv\/?s={search_term_string}"},"query-input":{"@type":"PropertyValueSpecification","valueRequired":true,"valueName":"search_term_string"}}],"inLanguage":"sv-SE"},{"@type":"Organization","@id":"https:\/\/leatai.com\/sv\/#organization","name":"Leatai Diary, customized journal and business organizer","url":"https:\/\/leatai.com\/sv\/","logo":{"@type":"ImageObject","inLanguage":"sv-SE","@id":"https:\/\/leatai.com\/sv\/#\/schema\/logo\/image\/","url":"https:\/\/leatai.com\/wp-content\/uploads\/logo-blue.png","contentUrl":"https:\/\/leatai.com\/wp-content\/uploads\/logo-blue.png","width":230,"height":60,"caption":"Leatai Diary, customized journal and business organizer"},"image":{"@id":"https:\/\/leatai.com\/sv\/#\/schema\/logo\/image\/"}}]}},"_links":{"self":[{"href":"https:\/\/leatai.com\/sv\/wp-json\/wp\/v2\/product\/296766","targetHints":{"allow":["GET"]}}],"collection":[{"href":"https:\/\/leatai.com\/sv\/wp-json\/wp\/v2\/product"}],"about":[{"href":"https:\/\/leatai.com\/sv\/wp-json\/wp\/v2\/types\/product"}],"wp:featuredmedia":[{"embeddable":true,"href":"https:\/\/leatai.com\/sv\/wp-json\/wp\/v2\/media\/211299"}],"wp:attachment":[{"href":"https:\/\/leatai.com\/sv\/wp-json\/wp\/v2\/media?parent=296766"}],"wp:term":[{"taxonomy":"product_brand","embeddable":true,"href":"https:\/\/leatai.com\/sv\/wp-json\/wp\/v2\/product_brand?post=296766"},{"taxonomy":"product_cat","embeddable":true,"href":"https:\/\/leatai.com\/sv\/wp-json\/wp\/v2\/product_cat?post=296766"},{"taxonomy":"product_tag","embeddable":true,"href":"https:\/\/leatai.com\/sv\/wp-json\/wp\/v2\/product_tag?post=296766"},{"taxonomy":"home_works","embeddable":true,"href":"https:\/\/leatai.com\/sv\/wp-json\/wp\/v2\/home_works?post=296766"}],"curies":[{"name":"wp","href":"https:\/\/api.w.org\/{rel}","templated":true}]}}