{"id":295601,"date":"2025-04-22T15:18:39","date_gmt":"2025-04-22T07:18:39","guid":{"rendered":"https:\/\/leatai.com\/product\/okategoriserad\/yana-family\/"},"modified":"2025-04-22T15:18:39","modified_gmt":"2025-04-22T07:18:39","slug":"yana-family","status":"publish","type":"product","link":"https:\/\/leatai.com\/sv\/product\/olika-oem-prover\/oem-inbunden-anteckningsbok\/yana-family\/","title":{"rendered":"Yana Family"},"content":{"rendered":"<p>Kundnamn: Yana Family<br \/>\nExempelm\u00e5tt: 25K<br \/>\nExempelstil: Helt uppslagsbar inbunden anteckningsbok<br \/>\nLogoeffekt: Tryck<br \/>\nS\u00e4rskilda egenskaper: Omslaget anv\u00e4nder konstpapper med uts\u00f6kt f\u00e4rgtryck. Den helt uppslagsbara inbundna anteckningsboken tillh\u00f6r \u00e4ven ett varum\u00e4rke inom husdjursprodukter, och ut\u00f6ver en varm k\u00e4nsla l\u00e4ggs \u00e4nnu st\u00f6rre omsorg p\u00e5 kvaliteten.<\/p>\n<p>\ud83d\udcd6F\u00f6r ordinarie produkter f\u00f6r kundanpassade anteckningsb\u00f6cker\/aff\u00e4rsdagb\u00f6cker, se:<br \/>\n<a href=\"https:\/\/leatai.com\/sv\/produkt-kategori\/anpassad-anteckningsbok\/anteckningsbok-med-hardparm\/\" target=\"_blank\" rel=\"noopener\">Inbundna anteckningsb\u00f6cker\/inbundna aff\u00e4rsdagb\u00f6cker<\/a><br \/>\n<a href=\"https:\/\/leatai.com\/sv\/produkt-kategori\/anpassad-anteckningsbok\/losblad-anteckningsbok\/\" target=\"_blank\" rel=\"noopener\">L\u00f6sbladsanteckningsb\u00f6cker\/l\u00f6sbladsaff\u00e4rsdagb\u00f6cker<\/a><br \/>\n<a href=\"https:\/\/leatai.com\/sv\/produkt-kategori\/anpassad-anteckningsbok\/avtagbar-anteckningsbok\/\" target=\"_blank\" rel=\"noopener\">Uttagbara l\u00f6sbladsb\u00f6cker\/uttagbara aff\u00e4rsdagb\u00f6cker<\/a><br \/>\n<a href=\"https:\/\/leatai.com\/sv\/produkt-kategori\/anpassad-anteckningsbok\/pocketbok-anteckningsbok\/\" target=\"_blank\" rel=\"noopener\">Mjukbandsanteckningsb\u00f6cker\/mjukbandsaff\u00e4rsdagb\u00f6cker<\/a><br \/>\n<a href=\"https:\/\/leatai.com\/sv\/produkt-kategori\/anpassad-anteckningsbok\/spiral-anteckningsbok\/\" target=\"_blank\" rel=\"noopener\">Spiralanteckningsb\u00f6cker\/spiralaff\u00e4rsdagb\u00f6cker<\/a><\/p>\n<p>\ud83d\udcd6F\u00f6r fullst\u00e4ndig storleksf\u00f6rklaring, se: <a href=\"https:\/\/leatai.com\/sv\/anteckningsbokskunskap\/pappersstorleksguide-forsta-vanliga-storlekar-som-b3-a4-b5-8k-16k-och-mer-en-omfattande-storlekstabell-for-enkel-referens\/\" target=\"_blank\" rel=\"noopener\">Guide till pappersstorlekar: hur skiljer man vanliga storlekar som B3, A4, B5, 8K och 16K \u00e5t? En \u00f6versiktstabell \u00f6ver pappersstorlekar som \u00e4r l\u00e4tt att f\u00f6rst\u00e5!<\/a><\/p>\n","protected":false},"excerpt":{"rendered":"<p>Kundnamn: Yana Family Exempelm\u00e5tt: 25K Exempelstil: Helt uppslagsbar inbunden anteckningsbok Logoeffekt: Tryck S\u00e4rskilda egenskaper: Omslaget anv\u00e4nder konstpapper med uts\u00f6kt f\u00e4rgtryck. Den helt uppslagsbara inbundna anteckningsboken tillh\u00f6r \u00e4ven ett varum\u00e4rke inom husdjursprodukter, och ut\u00f6ver en varm k\u00e4nsla l\u00e4ggs \u00e4nnu st\u00f6rre omsorg p\u00e5 kvaliteten. \ud83d\udcd6F\u00f6r ordinarie produkter f\u00f6r kundanpassade anteckningsb\u00f6cker\/aff\u00e4rsdagb\u00f6cker, se: Inbundna anteckningsb\u00f6cker\/inbundna aff\u00e4rsdagb\u00f6cker L\u00f6sbladsanteckningsb\u00f6cker\/l\u00f6sbladsaff\u00e4rsdagb\u00f6cker Uttagbara l\u00f6sbladsb\u00f6cker\/uttagbara [&hellip;]<\/p>\n","protected":false},"featured_media":188124,"template":"","meta":{"_acf_changed":false},"product_brand":[],"product_cat":[888],"product_tag":[1549],"home_works":[],"class_list":{"0":"post-295601","1":"product","2":"type-product","3":"status-publish","4":"has-post-thumbnail","6":"product_cat-oem-inbunden-anteckningsbok","7":"product_tag-oem-sv","9":"first","10":"outofstock","11":"sold-individually","12":"shipping-taxable","13":"purchasable","14":"product-type-variable","15":"has-default-attributes"},"acf":[],"yoast_head":"<!-- This site is optimized with the Yoast SEO plugin v27.2 - https:\/\/yoast.com\/product\/yoast-seo-wordpress\/ -->\n<title>Yana Family -K\u00e4nd IP-relaterad merchandiseproduktion - Leatai \u2013 Tillverkare av anpassade anteckningsb\u00f6cker<\/title>\n<meta name=\"description\" content=\"Kundnamn: Yana Family Exempelm\u00e5tt: 25K Exempelstil: Helt uppslagsbar inbunden anteckningsbok Logoeffekt: Tryck S\u00e4rskilda egenskaper: Omslaget anv\u00e4nder konstpapper med uts\u00f6kt f\u00e4rgtryck. Den helt uppslagsbara inbundna anteckningsboken tillh\u00f6r \u00e4ven ett varum\u00e4rke inom husdjursprodukter, och ut\u00f6ver en varm k\u00e4nsla l\u00e4ggs \u00e4nnu st\u00f6rre omsorg p\u00e5 kvaliteten.\" \/>\n<meta name=\"robots\" content=\"index, follow, max-snippet:-1, max-image-preview:large, max-video-preview:-1\" \/>\n<link rel=\"canonical\" href=\"https:\/\/leatai.com\/sv\/product\/olika-oem-prover\/oem-inbunden-anteckningsbok\/yana-family\/\" \/>\n<meta property=\"og:locale\" content=\"sv_SE\" \/>\n<meta property=\"og:type\" content=\"article\" \/>\n<meta property=\"og:title\" content=\"Yana Family -K\u00e4nd IP-relaterad merchandiseproduktion - Leatai \u2013 Tillverkare av anpassade anteckningsb\u00f6cker\" \/>\n<meta property=\"og:description\" content=\"Kundnamn: Yana Family Exempelm\u00e5tt: 25K Exempelstil: Helt uppslagsbar inbunden anteckningsbok Logoeffekt: Tryck S\u00e4rskilda egenskaper: Omslaget anv\u00e4nder konstpapper med uts\u00f6kt f\u00e4rgtryck. Den helt uppslagsbara inbundna anteckningsboken tillh\u00f6r \u00e4ven ett varum\u00e4rke inom husdjursprodukter, och ut\u00f6ver en varm k\u00e4nsla l\u00e4ggs \u00e4nnu st\u00f6rre omsorg p\u00e5 kvaliteten.\" \/>\n<meta property=\"og:url\" content=\"https:\/\/leatai.com\/sv\/product\/olika-oem-prover\/oem-inbunden-anteckningsbok\/yana-family\/\" \/>\n<meta property=\"og:site_name\" content=\"Leatai \u2013 Tillverkare av anpassade anteckningsb\u00f6cker\" \/>\n<meta property=\"og:image\" content=\"https:\/\/leatai.com\/wp-content\/uploads\/DSC_2973.jpg\" \/>\n\t<meta property=\"og:image:width\" content=\"1000\" \/>\n\t<meta property=\"og:image:height\" content=\"750\" \/>\n\t<meta property=\"og:image:type\" content=\"image\/jpeg\" \/>\n<meta name=\"twitter:card\" content=\"summary_large_image\" \/>\n<meta name=\"twitter:label1\" content=\"Ber\u00e4knad l\u00e4stid\" \/>\n\t<meta name=\"twitter:data1\" content=\"1 minut\" \/>\n<script type=\"application\/ld+json\" class=\"yoast-schema-graph\">{\"@context\":\"https:\/\/schema.org\",\"@graph\":[{\"@type\":\"WebPage\",\"@id\":\"https:\/\/leatai.com\/sv\/product\/olika-oem-prover\/oem-inbunden-anteckningsbok\/yana-family\/\",\"url\":\"https:\/\/leatai.com\/sv\/product\/olika-oem-prover\/oem-inbunden-anteckningsbok\/yana-family\/\",\"name\":\"Yana Family -K\u00e4nd IP-relaterad merchandiseproduktion - Leatai \u2013 Tillverkare av anpassade anteckningsb\u00f6cker\",\"isPartOf\":{\"@id\":\"https:\/\/leatai.com\/sv\/#website\"},\"primaryImageOfPage\":{\"@id\":\"https:\/\/leatai.com\/sv\/product\/olika-oem-prover\/oem-inbunden-anteckningsbok\/yana-family\/#primaryimage\"},\"image\":{\"@id\":\"https:\/\/leatai.com\/sv\/product\/olika-oem-prover\/oem-inbunden-anteckningsbok\/yana-family\/#primaryimage\"},\"thumbnailUrl\":\"https:\/\/leatai.com\/wp-content\/uploads\/DSC_2973.jpg\",\"datePublished\":\"2025-04-22T07:18:39+00:00\",\"description\":\"Kundnamn: Yana Family Exempelm\u00e5tt: 25K Exempelstil: Helt uppslagsbar inbunden anteckningsbok Logoeffekt: Tryck S\u00e4rskilda egenskaper: Omslaget anv\u00e4nder konstpapper med uts\u00f6kt f\u00e4rgtryck. Den helt uppslagsbara inbundna anteckningsboken tillh\u00f6r \u00e4ven ett varum\u00e4rke inom husdjursprodukter, och ut\u00f6ver en varm k\u00e4nsla l\u00e4ggs \u00e4nnu st\u00f6rre omsorg p\u00e5 kvaliteten.\",\"breadcrumb\":{\"@id\":\"https:\/\/leatai.com\/sv\/product\/olika-oem-prover\/oem-inbunden-anteckningsbok\/yana-family\/#breadcrumb\"},\"inLanguage\":\"sv-SE\",\"potentialAction\":[{\"@type\":\"ReadAction\",\"target\":[\"https:\/\/leatai.com\/sv\/product\/olika-oem-prover\/oem-inbunden-anteckningsbok\/yana-family\/\"]}]},{\"@type\":\"ImageObject\",\"inLanguage\":\"sv-SE\",\"@id\":\"https:\/\/leatai.com\/sv\/product\/olika-oem-prover\/oem-inbunden-anteckningsbok\/yana-family\/#primaryimage\",\"url\":\"https:\/\/leatai.com\/wp-content\/uploads\/DSC_2973.jpg\",\"contentUrl\":\"https:\/\/leatai.com\/wp-content\/uploads\/DSC_2973.jpg\",\"width\":1000,\"height\":750},{\"@type\":\"BreadcrumbList\",\"@id\":\"https:\/\/leatai.com\/sv\/product\/olika-oem-prover\/oem-inbunden-anteckningsbok\/yana-family\/#breadcrumb\",\"itemListElement\":[{\"@type\":\"ListItem\",\"position\":1,\"name\":\"Home\",\"item\":\"https:\/\/leatai.com\/sv\/\"},{\"@type\":\"ListItem\",\"position\":2,\"name\":\"Produktpresentation\",\"item\":\"https:\/\/leatai.com\/products\/\"},{\"@type\":\"ListItem\",\"position\":3,\"name\":\"Yana Family\"}]},{\"@type\":\"WebSite\",\"@id\":\"https:\/\/leatai.com\/sv\/#website\",\"url\":\"https:\/\/leatai.com\/sv\/\",\"name\":\"Leatai \u2013 Tillverkare av anpassade anteckningsb\u00f6cker\",\"description\":\"Leatai erbjuder anpassade anteckningsb\u00f6cker och planeringsverktyg f\u00f6r varum\u00e4rken och distribut\u00f6rer \u00f6ver hela v\u00e4rlden.\",\"publisher\":{\"@id\":\"https:\/\/leatai.com\/sv\/#organization\"},\"potentialAction\":[{\"@type\":\"SearchAction\",\"target\":{\"@type\":\"EntryPoint\",\"urlTemplate\":\"https:\/\/leatai.com\/sv\/?s={search_term_string}\"},\"query-input\":{\"@type\":\"PropertyValueSpecification\",\"valueRequired\":true,\"valueName\":\"search_term_string\"}}],\"inLanguage\":\"sv-SE\"},{\"@type\":\"Organization\",\"@id\":\"https:\/\/leatai.com\/sv\/#organization\",\"name\":\"Leatai Diary, customized journal and business organizer\",\"url\":\"https:\/\/leatai.com\/sv\/\",\"logo\":{\"@type\":\"ImageObject\",\"inLanguage\":\"sv-SE\",\"@id\":\"https:\/\/leatai.com\/sv\/#\/schema\/logo\/image\/\",\"url\":\"https:\/\/leatai.com\/wp-content\/uploads\/logo-blue.png\",\"contentUrl\":\"https:\/\/leatai.com\/wp-content\/uploads\/logo-blue.png\",\"width\":230,\"height\":60,\"caption\":\"Leatai Diary, customized journal and business organizer\"},\"image\":{\"@id\":\"https:\/\/leatai.com\/sv\/#\/schema\/logo\/image\/\"}}]}<\/script>\n<!-- \/ Yoast SEO plugin. -->","yoast_head_json":{"title":"Yana Family -K\u00e4nd IP-relaterad merchandiseproduktion - Leatai \u2013 Tillverkare av anpassade anteckningsb\u00f6cker","description":"Kundnamn: Yana Family Exempelm\u00e5tt: 25K Exempelstil: Helt uppslagsbar inbunden anteckningsbok Logoeffekt: Tryck S\u00e4rskilda egenskaper: Omslaget anv\u00e4nder konstpapper med uts\u00f6kt f\u00e4rgtryck. Den helt uppslagsbara inbundna anteckningsboken tillh\u00f6r \u00e4ven ett varum\u00e4rke inom husdjursprodukter, och ut\u00f6ver en varm k\u00e4nsla l\u00e4ggs \u00e4nnu st\u00f6rre omsorg p\u00e5 kvaliteten.","robots":{"index":"index","follow":"follow","max-snippet":"max-snippet:-1","max-image-preview":"max-image-preview:large","max-video-preview":"max-video-preview:-1"},"canonical":"https:\/\/leatai.com\/sv\/product\/olika-oem-prover\/oem-inbunden-anteckningsbok\/yana-family\/","og_locale":"sv_SE","og_type":"article","og_title":"Yana Family -K\u00e4nd IP-relaterad merchandiseproduktion - Leatai \u2013 Tillverkare av anpassade anteckningsb\u00f6cker","og_description":"Kundnamn: Yana Family Exempelm\u00e5tt: 25K Exempelstil: Helt uppslagsbar inbunden anteckningsbok Logoeffekt: Tryck S\u00e4rskilda egenskaper: Omslaget anv\u00e4nder konstpapper med uts\u00f6kt f\u00e4rgtryck. Den helt uppslagsbara inbundna anteckningsboken tillh\u00f6r \u00e4ven ett varum\u00e4rke inom husdjursprodukter, och ut\u00f6ver en varm k\u00e4nsla l\u00e4ggs \u00e4nnu st\u00f6rre omsorg p\u00e5 kvaliteten.","og_url":"https:\/\/leatai.com\/sv\/product\/olika-oem-prover\/oem-inbunden-anteckningsbok\/yana-family\/","og_site_name":"Leatai \u2013 Tillverkare av anpassade anteckningsb\u00f6cker","og_image":[{"width":1000,"height":750,"url":"https:\/\/leatai.com\/wp-content\/uploads\/DSC_2973.jpg","type":"image\/jpeg"}],"twitter_card":"summary_large_image","twitter_misc":{"Ber\u00e4knad l\u00e4stid":"1 minut"},"schema":{"@context":"https:\/\/schema.org","@graph":[{"@type":"WebPage","@id":"https:\/\/leatai.com\/sv\/product\/olika-oem-prover\/oem-inbunden-anteckningsbok\/yana-family\/","url":"https:\/\/leatai.com\/sv\/product\/olika-oem-prover\/oem-inbunden-anteckningsbok\/yana-family\/","name":"Yana Family -K\u00e4nd IP-relaterad merchandiseproduktion - Leatai \u2013 Tillverkare av anpassade anteckningsb\u00f6cker","isPartOf":{"@id":"https:\/\/leatai.com\/sv\/#website"},"primaryImageOfPage":{"@id":"https:\/\/leatai.com\/sv\/product\/olika-oem-prover\/oem-inbunden-anteckningsbok\/yana-family\/#primaryimage"},"image":{"@id":"https:\/\/leatai.com\/sv\/product\/olika-oem-prover\/oem-inbunden-anteckningsbok\/yana-family\/#primaryimage"},"thumbnailUrl":"https:\/\/leatai.com\/wp-content\/uploads\/DSC_2973.jpg","datePublished":"2025-04-22T07:18:39+00:00","description":"Kundnamn: Yana Family Exempelm\u00e5tt: 25K Exempelstil: Helt uppslagsbar inbunden anteckningsbok Logoeffekt: Tryck S\u00e4rskilda egenskaper: Omslaget anv\u00e4nder konstpapper med uts\u00f6kt f\u00e4rgtryck. Den helt uppslagsbara inbundna anteckningsboken tillh\u00f6r \u00e4ven ett varum\u00e4rke inom husdjursprodukter, och ut\u00f6ver en varm k\u00e4nsla l\u00e4ggs \u00e4nnu st\u00f6rre omsorg p\u00e5 kvaliteten.","breadcrumb":{"@id":"https:\/\/leatai.com\/sv\/product\/olika-oem-prover\/oem-inbunden-anteckningsbok\/yana-family\/#breadcrumb"},"inLanguage":"sv-SE","potentialAction":[{"@type":"ReadAction","target":["https:\/\/leatai.com\/sv\/product\/olika-oem-prover\/oem-inbunden-anteckningsbok\/yana-family\/"]}]},{"@type":"ImageObject","inLanguage":"sv-SE","@id":"https:\/\/leatai.com\/sv\/product\/olika-oem-prover\/oem-inbunden-anteckningsbok\/yana-family\/#primaryimage","url":"https:\/\/leatai.com\/wp-content\/uploads\/DSC_2973.jpg","contentUrl":"https:\/\/leatai.com\/wp-content\/uploads\/DSC_2973.jpg","width":1000,"height":750},{"@type":"BreadcrumbList","@id":"https:\/\/leatai.com\/sv\/product\/olika-oem-prover\/oem-inbunden-anteckningsbok\/yana-family\/#breadcrumb","itemListElement":[{"@type":"ListItem","position":1,"name":"Home","item":"https:\/\/leatai.com\/sv\/"},{"@type":"ListItem","position":2,"name":"Produktpresentation","item":"https:\/\/leatai.com\/products\/"},{"@type":"ListItem","position":3,"name":"Yana Family"}]},{"@type":"WebSite","@id":"https:\/\/leatai.com\/sv\/#website","url":"https:\/\/leatai.com\/sv\/","name":"Leatai \u2013 Tillverkare av anpassade anteckningsb\u00f6cker","description":"Leatai erbjuder anpassade anteckningsb\u00f6cker och planeringsverktyg f\u00f6r varum\u00e4rken och distribut\u00f6rer \u00f6ver hela v\u00e4rlden.","publisher":{"@id":"https:\/\/leatai.com\/sv\/#organization"},"potentialAction":[{"@type":"SearchAction","target":{"@type":"EntryPoint","urlTemplate":"https:\/\/leatai.com\/sv\/?s={search_term_string}"},"query-input":{"@type":"PropertyValueSpecification","valueRequired":true,"valueName":"search_term_string"}}],"inLanguage":"sv-SE"},{"@type":"Organization","@id":"https:\/\/leatai.com\/sv\/#organization","name":"Leatai Diary, customized journal and business organizer","url":"https:\/\/leatai.com\/sv\/","logo":{"@type":"ImageObject","inLanguage":"sv-SE","@id":"https:\/\/leatai.com\/sv\/#\/schema\/logo\/image\/","url":"https:\/\/leatai.com\/wp-content\/uploads\/logo-blue.png","contentUrl":"https:\/\/leatai.com\/wp-content\/uploads\/logo-blue.png","width":230,"height":60,"caption":"Leatai Diary, customized journal and business organizer"},"image":{"@id":"https:\/\/leatai.com\/sv\/#\/schema\/logo\/image\/"}}]}},"_links":{"self":[{"href":"https:\/\/leatai.com\/sv\/wp-json\/wp\/v2\/product\/295601","targetHints":{"allow":["GET"]}}],"collection":[{"href":"https:\/\/leatai.com\/sv\/wp-json\/wp\/v2\/product"}],"about":[{"href":"https:\/\/leatai.com\/sv\/wp-json\/wp\/v2\/types\/product"}],"wp:featuredmedia":[{"embeddable":true,"href":"https:\/\/leatai.com\/sv\/wp-json\/wp\/v2\/media\/188124"}],"wp:attachment":[{"href":"https:\/\/leatai.com\/sv\/wp-json\/wp\/v2\/media?parent=295601"}],"wp:term":[{"taxonomy":"product_brand","embeddable":true,"href":"https:\/\/leatai.com\/sv\/wp-json\/wp\/v2\/product_brand?post=295601"},{"taxonomy":"product_cat","embeddable":true,"href":"https:\/\/leatai.com\/sv\/wp-json\/wp\/v2\/product_cat?post=295601"},{"taxonomy":"product_tag","embeddable":true,"href":"https:\/\/leatai.com\/sv\/wp-json\/wp\/v2\/product_tag?post=295601"},{"taxonomy":"home_works","embeddable":true,"href":"https:\/\/leatai.com\/sv\/wp-json\/wp\/v2\/home_works?post=295601"}],"curies":[{"name":"wp","href":"https:\/\/api.w.org\/{rel}","templated":true}]}}