{"id":293523,"date":"2024-08-16T19:21:48","date_gmt":"2024-08-16T11:21:48","guid":{"rendered":"https:\/\/leatai.com\/product\/okategoriserad\/a-designer-edition\/"},"modified":"2026-04-01T10:48:04","modified_gmt":"2026-04-01T02:48:04","slug":"a-designer-edition","status":"publish","type":"product","link":"https:\/\/leatai.com\/sv\/product\/olika-oem-prover\/oem-mjukband-notebook\/a-designer-edition\/","title":{"rendered":"A designer edition"},"content":{"rendered":"<p>Kundnamn: A designer edition<br \/>\nFallstorlek: 25K<br \/>\nFallmodell: mjukbandsanteckningsbok<br \/>\nLogoeffekt i exemplet: vit pr\u00e4gling, stor yta med pr\u00e4gling<br \/>\nS\u00e4rskilda k\u00e4nnetecken: Designen \u00e4r inspirerad av ljudutrustning. F\u00f6rutom den stora pr\u00e4glade ytan p\u00e5 omslaget har den \u00e4ven justerats till tv\u00e5 remmar, vilket ger ett mer genomarbetat och stilfullt utseende.<\/p>\n<p>\ud83d\udcd6F\u00f6r ordinarie produkter f\u00f6r kundanpassade anteckningsb\u00f6cker\/aff\u00e4rsdagb\u00f6cker, se:<br \/>\n<a href=\"https:\/\/leatai.com\/sv\/produkt-kategori\/anpassad-anteckningsbok\/anteckningsbok-med-hardparm\/\" target=\"_blank\" rel=\"noopener\">Inbundna anteckningsb\u00f6cker\/inbundna aff\u00e4rsdagb\u00f6cker<\/a><br \/>\n<a href=\"https:\/\/leatai.com\/sv\/produkt-kategori\/anpassad-anteckningsbok\/losblad-anteckningsbok\/\" target=\"_blank\" rel=\"noopener\">L\u00f6sbladsanteckningsb\u00f6cker\/l\u00f6sbladsaff\u00e4rsdagb\u00f6cker<\/a><br \/>\n<a href=\"https:\/\/leatai.com\/sv\/produkt-kategori\/anpassad-anteckningsbok\/avtagbar-anteckningsbok\/\" target=\"_blank\" rel=\"noopener\">Uttagbara l\u00f6sbladsb\u00f6cker\/uttagbara aff\u00e4rsdagb\u00f6cker<\/a><br \/>\n<a href=\"https:\/\/leatai.com\/sv\/produkt-kategori\/anpassad-anteckningsbok\/pocketbok-anteckningsbok\/\" target=\"_blank\" rel=\"noopener\">Mjukbandsanteckningsb\u00f6cker\/mjukbandsaff\u00e4rsdagb\u00f6cker<\/a><br \/>\n<a href=\"https:\/\/leatai.com\/sv\/produkt-kategori\/anpassad-anteckningsbok\/spiral-anteckningsbok\/\" target=\"_blank\" rel=\"noopener\">Spiralanteckningsb\u00f6cker\/spiralaff\u00e4rsdagb\u00f6cker<\/a><\/p>\n<p>\ud83d\udcd6F\u00f6r fullst\u00e4ndig storleksf\u00f6rklaring, se: <a href=\"https:\/\/leatai.com\/sv\/anteckningsbokskunskap\/pappersstorleksguide-forsta-vanliga-storlekar-som-b3-a4-b5-8k-16k-och-mer-en-omfattande-storlekstabell-for-enkel-referens\/\" target=\"_blank\" rel=\"noopener\">Guide till pappersstorlekar: hur skiljer man vanliga storlekar som B3, A4, B5, 8K och 16K \u00e5t? En \u00f6versiktstabell \u00f6ver pappersstorlekar som \u00e4r l\u00e4tt att f\u00f6rst\u00e5!<\/a><\/p>\n","protected":false},"excerpt":{"rendered":"<p>Kundnamn: A designer edition Fallstorlek: 25K Fallmodell: mjukbandsanteckningsbok Logoeffekt i exemplet: vit pr\u00e4gling, stor yta med pr\u00e4gling S\u00e4rskilda k\u00e4nnetecken: Designen \u00e4r inspirerad av ljudutrustning. F\u00f6rutom den stora pr\u00e4glade ytan p\u00e5 omslaget har den \u00e4ven justerats till tv\u00e5 remmar, vilket ger ett mer genomarbetat och stilfullt utseende. \ud83d\udcd6F\u00f6r ordinarie produkter f\u00f6r kundanpassade anteckningsb\u00f6cker\/aff\u00e4rsdagb\u00f6cker, se: Inbundna anteckningsb\u00f6cker\/inbundna [&hellip;]<\/p>\n","protected":false},"featured_media":75304,"template":"","meta":{"_acf_changed":false},"product_brand":[],"product_cat":[940],"product_tag":[1549],"home_works":[],"class_list":{"0":"post-293523","1":"product","2":"type-product","3":"status-publish","4":"has-post-thumbnail","6":"product_cat-oem-mjukband-notebook","7":"product_tag-oem-sv","9":"first","10":"outofstock","11":"sold-individually","12":"shipping-taxable","13":"purchasable","14":"product-type-variable","15":"has-default-attributes"},"acf":[],"yoast_head":"<!-- This site is optimized with the Yoast SEO plugin v27.2 - https:\/\/yoast.com\/product\/yoast-seo-wordpress\/ -->\n<title>A designer edition - Kundanpassad anteckningsbok - Leatai \u2013 Tillverkare av anpassade anteckningsb\u00f6cker<\/title>\n<meta name=\"description\" content=\"Kundnamn: A designer edition Fallstorlek: 25K Fallmodell: mjukbandsanteckningsbok Logoeffekt i exemplet: vit pr\u00e4gling, stor yta med pr\u00e4gling S\u00e4rskilda k\u00e4nnetecken: Designen \u00e4r inspirerad av ljudutrustning. F\u00f6rutom den stora pr\u00e4glade ytan p\u00e5 omslaget har den \u00e4ven justerats till tv\u00e5 remmar, vilket ger ett mer genomarbetat och stilfullt utseende.\" \/>\n<meta name=\"robots\" content=\"index, follow, max-snippet:-1, max-image-preview:large, max-video-preview:-1\" \/>\n<link rel=\"canonical\" href=\"https:\/\/leatai.com\/sv\/product\/olika-oem-prover\/oem-mjukband-notebook\/a-designer-edition\/\" \/>\n<meta property=\"og:locale\" content=\"sv_SE\" \/>\n<meta property=\"og:type\" content=\"article\" \/>\n<meta property=\"og:title\" content=\"A designer edition - Kundanpassad anteckningsbok - Leatai \u2013 Tillverkare av anpassade anteckningsb\u00f6cker\" \/>\n<meta property=\"og:description\" content=\"Kundnamn: A designer edition Fallstorlek: 25K Fallmodell: mjukbandsanteckningsbok Logoeffekt i exemplet: vit pr\u00e4gling, stor yta med pr\u00e4gling S\u00e4rskilda k\u00e4nnetecken: Designen \u00e4r inspirerad av ljudutrustning. F\u00f6rutom den stora pr\u00e4glade ytan p\u00e5 omslaget har den \u00e4ven justerats till tv\u00e5 remmar, vilket ger ett mer genomarbetat och stilfullt utseende.\" \/>\n<meta property=\"og:url\" content=\"https:\/\/leatai.com\/sv\/product\/olika-oem-prover\/oem-mjukband-notebook\/a-designer-edition\/\" \/>\n<meta property=\"og:site_name\" content=\"Leatai \u2013 Tillverkare av anpassade anteckningsb\u00f6cker\" \/>\n<meta property=\"article:modified_time\" content=\"2026-04-01T02:48:04+00:00\" \/>\n<meta property=\"og:image\" content=\"https:\/\/leatai.com\/wp-content\/uploads\/DSC_0231.jpg\" \/>\n\t<meta property=\"og:image:width\" content=\"1000\" \/>\n\t<meta property=\"og:image:height\" content=\"750\" \/>\n\t<meta property=\"og:image:type\" content=\"image\/jpeg\" \/>\n<meta name=\"twitter:card\" content=\"summary_large_image\" \/>\n<meta name=\"twitter:label1\" content=\"Ber\u00e4knad l\u00e4stid\" \/>\n\t<meta name=\"twitter:data1\" content=\"1 minut\" \/>\n<script type=\"application\/ld+json\" class=\"yoast-schema-graph\">{\"@context\":\"https:\/\/schema.org\",\"@graph\":[{\"@type\":\"WebPage\",\"@id\":\"https:\/\/leatai.com\/sv\/product\/olika-oem-prover\/oem-mjukband-notebook\/a-designer-edition\/\",\"url\":\"https:\/\/leatai.com\/sv\/product\/olika-oem-prover\/oem-mjukband-notebook\/a-designer-edition\/\",\"name\":\"A designer edition - Kundanpassad anteckningsbok - Leatai \u2013 Tillverkare av anpassade anteckningsb\u00f6cker\",\"isPartOf\":{\"@id\":\"https:\/\/leatai.com\/sv\/#website\"},\"primaryImageOfPage\":{\"@id\":\"https:\/\/leatai.com\/sv\/product\/olika-oem-prover\/oem-mjukband-notebook\/a-designer-edition\/#primaryimage\"},\"image\":{\"@id\":\"https:\/\/leatai.com\/sv\/product\/olika-oem-prover\/oem-mjukband-notebook\/a-designer-edition\/#primaryimage\"},\"thumbnailUrl\":\"https:\/\/leatai.com\/wp-content\/uploads\/DSC_0231.jpg\",\"datePublished\":\"2024-08-16T11:21:48+00:00\",\"dateModified\":\"2026-04-01T02:48:04+00:00\",\"description\":\"Kundnamn: A designer edition Fallstorlek: 25K Fallmodell: mjukbandsanteckningsbok Logoeffekt i exemplet: vit pr\u00e4gling, stor yta med pr\u00e4gling S\u00e4rskilda k\u00e4nnetecken: Designen \u00e4r inspirerad av ljudutrustning. F\u00f6rutom den stora pr\u00e4glade ytan p\u00e5 omslaget har den \u00e4ven justerats till tv\u00e5 remmar, vilket ger ett mer genomarbetat och stilfullt utseende.\",\"breadcrumb\":{\"@id\":\"https:\/\/leatai.com\/sv\/product\/olika-oem-prover\/oem-mjukband-notebook\/a-designer-edition\/#breadcrumb\"},\"inLanguage\":\"sv-SE\",\"potentialAction\":[{\"@type\":\"ReadAction\",\"target\":[\"https:\/\/leatai.com\/sv\/product\/olika-oem-prover\/oem-mjukband-notebook\/a-designer-edition\/\"]}]},{\"@type\":\"ImageObject\",\"inLanguage\":\"sv-SE\",\"@id\":\"https:\/\/leatai.com\/sv\/product\/olika-oem-prover\/oem-mjukband-notebook\/a-designer-edition\/#primaryimage\",\"url\":\"https:\/\/leatai.com\/wp-content\/uploads\/DSC_0231.jpg\",\"contentUrl\":\"https:\/\/leatai.com\/wp-content\/uploads\/DSC_0231.jpg\",\"width\":1000,\"height\":750},{\"@type\":\"BreadcrumbList\",\"@id\":\"https:\/\/leatai.com\/sv\/product\/olika-oem-prover\/oem-mjukband-notebook\/a-designer-edition\/#breadcrumb\",\"itemListElement\":[{\"@type\":\"ListItem\",\"position\":1,\"name\":\"Home\",\"item\":\"https:\/\/leatai.com\/sv\/\"},{\"@type\":\"ListItem\",\"position\":2,\"name\":\"Produktpresentation\",\"item\":\"https:\/\/leatai.com\/products\/\"},{\"@type\":\"ListItem\",\"position\":3,\"name\":\"Olika OEM-prover\",\"item\":\"https:\/\/leatai.com\/sv\/produkt-kategori\/olika-oem-prover\/\"},{\"@type\":\"ListItem\",\"position\":4,\"name\":\"OEM Mjukband Notebook\",\"item\":\"https:\/\/leatai.com\/sv\/produkt-kategori\/olika-oem-prover\/oem-mjukband-notebook\/\"},{\"@type\":\"ListItem\",\"position\":5,\"name\":\"A designer edition\"}]},{\"@type\":\"WebSite\",\"@id\":\"https:\/\/leatai.com\/sv\/#website\",\"url\":\"https:\/\/leatai.com\/sv\/\",\"name\":\"Leatai \u2013 Tillverkare av anpassade anteckningsb\u00f6cker\",\"description\":\"Leatai erbjuder anpassade anteckningsb\u00f6cker och planeringsverktyg f\u00f6r varum\u00e4rken och distribut\u00f6rer \u00f6ver hela v\u00e4rlden.\",\"publisher\":{\"@id\":\"https:\/\/leatai.com\/sv\/#organization\"},\"potentialAction\":[{\"@type\":\"SearchAction\",\"target\":{\"@type\":\"EntryPoint\",\"urlTemplate\":\"https:\/\/leatai.com\/sv\/?s={search_term_string}\"},\"query-input\":{\"@type\":\"PropertyValueSpecification\",\"valueRequired\":true,\"valueName\":\"search_term_string\"}}],\"inLanguage\":\"sv-SE\"},{\"@type\":\"Organization\",\"@id\":\"https:\/\/leatai.com\/sv\/#organization\",\"name\":\"Leatai Diary, customized journal and business organizer\",\"url\":\"https:\/\/leatai.com\/sv\/\",\"logo\":{\"@type\":\"ImageObject\",\"inLanguage\":\"sv-SE\",\"@id\":\"https:\/\/leatai.com\/sv\/#\/schema\/logo\/image\/\",\"url\":\"https:\/\/leatai.com\/wp-content\/uploads\/logo-blue.png\",\"contentUrl\":\"https:\/\/leatai.com\/wp-content\/uploads\/logo-blue.png\",\"width\":230,\"height\":60,\"caption\":\"Leatai Diary, customized journal and business organizer\"},\"image\":{\"@id\":\"https:\/\/leatai.com\/sv\/#\/schema\/logo\/image\/\"}}]}<\/script>\n<!-- \/ Yoast SEO plugin. -->","yoast_head_json":{"title":"A designer edition - Kundanpassad anteckningsbok - Leatai \u2013 Tillverkare av anpassade anteckningsb\u00f6cker","description":"Kundnamn: A designer edition Fallstorlek: 25K Fallmodell: mjukbandsanteckningsbok Logoeffekt i exemplet: vit pr\u00e4gling, stor yta med pr\u00e4gling S\u00e4rskilda k\u00e4nnetecken: Designen \u00e4r inspirerad av ljudutrustning. F\u00f6rutom den stora pr\u00e4glade ytan p\u00e5 omslaget har den \u00e4ven justerats till tv\u00e5 remmar, vilket ger ett mer genomarbetat och stilfullt utseende.","robots":{"index":"index","follow":"follow","max-snippet":"max-snippet:-1","max-image-preview":"max-image-preview:large","max-video-preview":"max-video-preview:-1"},"canonical":"https:\/\/leatai.com\/sv\/product\/olika-oem-prover\/oem-mjukband-notebook\/a-designer-edition\/","og_locale":"sv_SE","og_type":"article","og_title":"A designer edition - Kundanpassad anteckningsbok - Leatai \u2013 Tillverkare av anpassade anteckningsb\u00f6cker","og_description":"Kundnamn: A designer edition Fallstorlek: 25K Fallmodell: mjukbandsanteckningsbok Logoeffekt i exemplet: vit pr\u00e4gling, stor yta med pr\u00e4gling S\u00e4rskilda k\u00e4nnetecken: Designen \u00e4r inspirerad av ljudutrustning. F\u00f6rutom den stora pr\u00e4glade ytan p\u00e5 omslaget har den \u00e4ven justerats till tv\u00e5 remmar, vilket ger ett mer genomarbetat och stilfullt utseende.","og_url":"https:\/\/leatai.com\/sv\/product\/olika-oem-prover\/oem-mjukband-notebook\/a-designer-edition\/","og_site_name":"Leatai \u2013 Tillverkare av anpassade anteckningsb\u00f6cker","article_modified_time":"2026-04-01T02:48:04+00:00","og_image":[{"width":1000,"height":750,"url":"https:\/\/leatai.com\/wp-content\/uploads\/DSC_0231.jpg","type":"image\/jpeg"}],"twitter_card":"summary_large_image","twitter_misc":{"Ber\u00e4knad l\u00e4stid":"1 minut"},"schema":{"@context":"https:\/\/schema.org","@graph":[{"@type":"WebPage","@id":"https:\/\/leatai.com\/sv\/product\/olika-oem-prover\/oem-mjukband-notebook\/a-designer-edition\/","url":"https:\/\/leatai.com\/sv\/product\/olika-oem-prover\/oem-mjukband-notebook\/a-designer-edition\/","name":"A designer edition - Kundanpassad anteckningsbok - Leatai \u2013 Tillverkare av anpassade anteckningsb\u00f6cker","isPartOf":{"@id":"https:\/\/leatai.com\/sv\/#website"},"primaryImageOfPage":{"@id":"https:\/\/leatai.com\/sv\/product\/olika-oem-prover\/oem-mjukband-notebook\/a-designer-edition\/#primaryimage"},"image":{"@id":"https:\/\/leatai.com\/sv\/product\/olika-oem-prover\/oem-mjukband-notebook\/a-designer-edition\/#primaryimage"},"thumbnailUrl":"https:\/\/leatai.com\/wp-content\/uploads\/DSC_0231.jpg","datePublished":"2024-08-16T11:21:48+00:00","dateModified":"2026-04-01T02:48:04+00:00","description":"Kundnamn: A designer edition Fallstorlek: 25K Fallmodell: mjukbandsanteckningsbok Logoeffekt i exemplet: vit pr\u00e4gling, stor yta med pr\u00e4gling S\u00e4rskilda k\u00e4nnetecken: Designen \u00e4r inspirerad av ljudutrustning. F\u00f6rutom den stora pr\u00e4glade ytan p\u00e5 omslaget har den \u00e4ven justerats till tv\u00e5 remmar, vilket ger ett mer genomarbetat och stilfullt utseende.","breadcrumb":{"@id":"https:\/\/leatai.com\/sv\/product\/olika-oem-prover\/oem-mjukband-notebook\/a-designer-edition\/#breadcrumb"},"inLanguage":"sv-SE","potentialAction":[{"@type":"ReadAction","target":["https:\/\/leatai.com\/sv\/product\/olika-oem-prover\/oem-mjukband-notebook\/a-designer-edition\/"]}]},{"@type":"ImageObject","inLanguage":"sv-SE","@id":"https:\/\/leatai.com\/sv\/product\/olika-oem-prover\/oem-mjukband-notebook\/a-designer-edition\/#primaryimage","url":"https:\/\/leatai.com\/wp-content\/uploads\/DSC_0231.jpg","contentUrl":"https:\/\/leatai.com\/wp-content\/uploads\/DSC_0231.jpg","width":1000,"height":750},{"@type":"BreadcrumbList","@id":"https:\/\/leatai.com\/sv\/product\/olika-oem-prover\/oem-mjukband-notebook\/a-designer-edition\/#breadcrumb","itemListElement":[{"@type":"ListItem","position":1,"name":"Home","item":"https:\/\/leatai.com\/sv\/"},{"@type":"ListItem","position":2,"name":"Produktpresentation","item":"https:\/\/leatai.com\/products\/"},{"@type":"ListItem","position":3,"name":"Olika OEM-prover","item":"https:\/\/leatai.com\/sv\/produkt-kategori\/olika-oem-prover\/"},{"@type":"ListItem","position":4,"name":"OEM Mjukband Notebook","item":"https:\/\/leatai.com\/sv\/produkt-kategori\/olika-oem-prover\/oem-mjukband-notebook\/"},{"@type":"ListItem","position":5,"name":"A designer edition"}]},{"@type":"WebSite","@id":"https:\/\/leatai.com\/sv\/#website","url":"https:\/\/leatai.com\/sv\/","name":"Leatai \u2013 Tillverkare av anpassade anteckningsb\u00f6cker","description":"Leatai erbjuder anpassade anteckningsb\u00f6cker och planeringsverktyg f\u00f6r varum\u00e4rken och distribut\u00f6rer \u00f6ver hela v\u00e4rlden.","publisher":{"@id":"https:\/\/leatai.com\/sv\/#organization"},"potentialAction":[{"@type":"SearchAction","target":{"@type":"EntryPoint","urlTemplate":"https:\/\/leatai.com\/sv\/?s={search_term_string}"},"query-input":{"@type":"PropertyValueSpecification","valueRequired":true,"valueName":"search_term_string"}}],"inLanguage":"sv-SE"},{"@type":"Organization","@id":"https:\/\/leatai.com\/sv\/#organization","name":"Leatai Diary, customized journal and business organizer","url":"https:\/\/leatai.com\/sv\/","logo":{"@type":"ImageObject","inLanguage":"sv-SE","@id":"https:\/\/leatai.com\/sv\/#\/schema\/logo\/image\/","url":"https:\/\/leatai.com\/wp-content\/uploads\/logo-blue.png","contentUrl":"https:\/\/leatai.com\/wp-content\/uploads\/logo-blue.png","width":230,"height":60,"caption":"Leatai Diary, customized journal and business organizer"},"image":{"@id":"https:\/\/leatai.com\/sv\/#\/schema\/logo\/image\/"}}]}},"_links":{"self":[{"href":"https:\/\/leatai.com\/sv\/wp-json\/wp\/v2\/product\/293523","targetHints":{"allow":["GET"]}}],"collection":[{"href":"https:\/\/leatai.com\/sv\/wp-json\/wp\/v2\/product"}],"about":[{"href":"https:\/\/leatai.com\/sv\/wp-json\/wp\/v2\/types\/product"}],"wp:featuredmedia":[{"embeddable":true,"href":"https:\/\/leatai.com\/sv\/wp-json\/wp\/v2\/media\/75304"}],"wp:attachment":[{"href":"https:\/\/leatai.com\/sv\/wp-json\/wp\/v2\/media?parent=293523"}],"wp:term":[{"taxonomy":"product_brand","embeddable":true,"href":"https:\/\/leatai.com\/sv\/wp-json\/wp\/v2\/product_brand?post=293523"},{"taxonomy":"product_cat","embeddable":true,"href":"https:\/\/leatai.com\/sv\/wp-json\/wp\/v2\/product_cat?post=293523"},{"taxonomy":"product_tag","embeddable":true,"href":"https:\/\/leatai.com\/sv\/wp-json\/wp\/v2\/product_tag?post=293523"},{"taxonomy":"home_works","embeddable":true,"href":"https:\/\/leatai.com\/sv\/wp-json\/wp\/v2\/home_works?post=293523"}],"curies":[{"name":"wp","href":"https:\/\/api.w.org\/{rel}","templated":true}]}}