{"id":96701,"date":"2023-05-07T19:06:09","date_gmt":"2023-05-07T11:06:09","guid":{"rendered":"https:\/\/leatai.com\/product\/sem%20categoria\/taiwans-famous-influencer-hook\/"},"modified":"2025-11-03T16:08:19","modified_gmt":"2025-11-03T08:08:19","slug":"taiwans-famous-influencer-hook","status":"publish","type":"product","link":"https:\/\/leatai.com\/pt-br\/product\/varios-amostras-oem\/calendario-oem-pt-br\/taiwans-famous-influencer-hook\/","title":{"rendered":"Taiwan\u2019s Famous Influencer Hook"},"content":{"rendered":"<p>Nome do cliente: Hook, influenciador famoso de Taiwan<br \/>\nTamanho do caso: Tamanho personalizado<br \/>\nModelo do caso: Produ\u00e7\u00e3o e impress\u00e3o de pequeno calend\u00e1rio destac\u00e1vel<br \/>\nEfeito do logotipo do caso: Impress\u00e3o colorida<br \/>\nDestaques: O famoso influenciador HOOK, com milh\u00f5es de seguidores, dedicou muito tempo \u00e0 prepara\u00e7\u00e3o da produ\u00e7\u00e3o do calend\u00e1rio destac\u00e1vel. Um projeto de crowdfunding cuidadosamente planejado que alcan\u00e7ou um sucesso not\u00e1vel na plataforma Zeczec, encerrando-se com perfei\u00e7\u00e3o.<\/p>\n<p>&nbsp;<\/p>\n<p><strong>\ud83d\udcd6<\/strong>Todos os exemplos de personaliza\u00e7\u00e3o: <a href=\"https:\/\/leatai.com\/pt-br\/produto-tag\/oem-pt-br\/\" target=\"_blank\" rel=\"noopener\">Cadernos personalizados \/ Di\u00e1rios comerciais personalizados<\/a><br \/>\n<strong>\ud83d\udcd6<\/strong>Para produtos padr\u00e3o de cadernos personalizados \/ di\u00e1rios comerciais, consulte:<br \/>\n<a href=\"https:\/\/leatai.com\/pt-br\/categoria-produto\/caderno-personalizado\/caderno-com-capa-dura\/\" target=\"_blank\" rel=\"noopener\">Caderno de capa dura \/ Di\u00e1rio comercial de capa dura<\/a><br \/>\n<a href=\"https:\/\/leatai.com\/pt-br\/categoria-produto\/caderno-personalizado\/caderno-de-folhas-soltas\/\" target=\"_blank\" rel=\"noopener\">Caderno de argolas \/ Di\u00e1rio comercial de argolas<\/a><br \/>\n<a href=\"https:\/\/leatai.com\/pt-br\/categoria-produto\/caderno-personalizado\/caderno-removivel\/\" target=\"_blank\" rel=\"noopener\">Caderno de argolas destac\u00e1vel \/ Di\u00e1rio comercial destac\u00e1vel<\/a><br \/>\n<a href=\"https:\/\/leatai.com\/pt-br\/categoria-produto\/caderno-personalizado\/caderno-brochura\/\" target=\"_blank\" rel=\"noopener\">Caderno de brochura \/ Di\u00e1rio comercial de brochura<\/a><br \/>\n<a href=\"https:\/\/leatai.com\/pt-br\/categoria-produto\/caderno-personalizado\/caderno-espiral\/\" target=\"_blank\" rel=\"noopener\">Caderno espiral \/ Di\u00e1rio comercial espiral<\/a><\/p>\n<p><strong><b>\ud83d\udcd6<\/b><\/strong>Para uma explica\u00e7\u00e3o completa dos tamanhos, consulte:<a href=\"https:\/\/leatai.com\/pt-br\/conhecimento-sobre-cadernos\/guia-de-tamanhos-de-papel-entendendo-tamanhos-comuns-como-b3-a4-b5-8k-16k-e-mais-um-grafico-de-tamanhos-abrangente-para-referencia-facil\/\" target=\"_blank\" rel=\"noopener\"> Guia de tamanhos de papel: como diferenciar B3, A4, B5, 8K, 16K e outros tamanhos comuns? Tabela de compara\u00e7\u00e3o de tamanhos de papel f\u00e1cil de entender!<\/a><\/p>\n","protected":false},"excerpt":{"rendered":"<p>Nome do cliente: Hook, influenciador famoso de Taiwan Tamanho do caso: Tamanho personalizado Modelo do caso: Produ\u00e7\u00e3o e impress\u00e3o de pequeno calend\u00e1rio destac\u00e1vel Efeito do logotipo do caso: Impress\u00e3o colorida Destaques: O famoso influenciador HOOK, com milh\u00f5es de seguidores, dedicou muito tempo \u00e0 prepara\u00e7\u00e3o da produ\u00e7\u00e3o do calend\u00e1rio destac\u00e1vel. Um projeto de crowdfunding cuidadosamente planejado [&hellip;]<\/p>\n","protected":false},"featured_media":96702,"template":"","meta":{"_acf_changed":false},"product_brand":[],"product_cat":[964],"product_tag":[1548],"home_works":[],"class_list":{"0":"post-96701","1":"product","2":"type-product","3":"status-publish","4":"has-post-thumbnail","6":"product_cat-calendario-oem-pt-br","7":"product_tag-oem-pt-br","9":"first","10":"instock","11":"sold-individually","12":"shipping-taxable","13":"purchasable","14":"product-type-variable","15":"has-default-attributes"},"acf":[],"yoast_head":"<!-- This site is optimized with the Yoast SEO plugin v27.2 - https:\/\/yoast.com\/product\/yoast-seo-wordpress\/ -->\n<title>Calend\u00e1rio destac\u00e1vel | Cada dia uma hist\u00f3ria \u2013 Impress\u00e3o e produ\u00e7\u00e3o personalizada de calend\u00e1rios destac\u00e1veis populares em crowdfunding - Leatai \u2013 Fabricante de cadernos personalizados<\/title>\n<meta name=\"description\" content=\"Explore os servi\u00e7os de personaliza\u00e7\u00e3o, impress\u00e3o e produ\u00e7\u00e3o de calend\u00e1rios destac\u00e1veis de alta qualidade da Leatai. Os nossos calend\u00e1rios s\u00e3o elegantes, fabricados com materiais premium e ideais tanto para empresas quanto para uso pessoal. Escolha o fabricante de calend\u00e1rios destac\u00e1veis que melhor se adapta \u00e0s suas necessidades para elevar a imagem da sua marca e melhorar a sua capacidade de planeamento di\u00e1rio. Visite agora o site oficial da Leatai para saber mais sobre os calend\u00e1rios destac\u00e1veis e desfrute de uma experi\u00eancia eficiente de registo e organiza\u00e7\u00e3o!\" \/>\n<meta name=\"robots\" content=\"index, follow, max-snippet:-1, max-image-preview:large, max-video-preview:-1\" \/>\n<link rel=\"canonical\" href=\"https:\/\/leatai.com\/pt-br\/product\/varios-amostras-oem\/calendario-oem-pt-br\/taiwans-famous-influencer-hook\/\" \/>\n<meta property=\"og:locale\" content=\"pt_BR\" \/>\n<meta property=\"og:type\" content=\"article\" \/>\n<meta property=\"og:title\" content=\"Calend\u00e1rio destac\u00e1vel | Cada dia uma hist\u00f3ria \u2013 Impress\u00e3o e produ\u00e7\u00e3o personalizada de calend\u00e1rios destac\u00e1veis populares em crowdfunding - Leatai \u2013 Fabricante de cadernos personalizados\" \/>\n<meta property=\"og:description\" content=\"Explore os servi\u00e7os de personaliza\u00e7\u00e3o, impress\u00e3o e produ\u00e7\u00e3o de calend\u00e1rios destac\u00e1veis de alta qualidade da Leatai. Os nossos calend\u00e1rios s\u00e3o elegantes, fabricados com materiais premium e ideais tanto para empresas quanto para uso pessoal. Escolha o fabricante de calend\u00e1rios destac\u00e1veis que melhor se adapta \u00e0s suas necessidades para elevar a imagem da sua marca e melhorar a sua capacidade de planeamento di\u00e1rio. Visite agora o site oficial da Leatai para saber mais sobre os calend\u00e1rios destac\u00e1veis e desfrute de uma experi\u00eancia eficiente de registo e organiza\u00e7\u00e3o!\" \/>\n<meta property=\"og:url\" content=\"https:\/\/leatai.com\/pt-br\/product\/varios-amostras-oem\/calendario-oem-pt-br\/taiwans-famous-influencer-hook\/\" \/>\n<meta property=\"og:site_name\" content=\"Leatai \u2013 Fabricante de cadernos personalizados\" \/>\n<meta property=\"article:modified_time\" content=\"2025-11-03T08:08:19+00:00\" \/>\n<meta property=\"og:image\" content=\"https:\/\/leatai.com\/wp-content\/uploads\/DSC_0156.jpg\" \/>\n\t<meta property=\"og:image:width\" content=\"1000\" \/>\n\t<meta property=\"og:image:height\" content=\"750\" \/>\n\t<meta property=\"og:image:type\" content=\"image\/jpeg\" \/>\n<meta name=\"twitter:card\" content=\"summary_large_image\" \/>\n<meta name=\"twitter:label1\" content=\"Est. tempo de leitura\" \/>\n\t<meta name=\"twitter:data1\" content=\"2 minutos\" \/>\n<script type=\"application\/ld+json\" class=\"yoast-schema-graph\">{\"@context\":\"https:\/\/schema.org\",\"@graph\":[{\"@type\":\"WebPage\",\"@id\":\"https:\/\/leatai.com\/pt-br\/product\/varios-amostras-oem\/calendario-oem-pt-br\/taiwans-famous-influencer-hook\/\",\"url\":\"https:\/\/leatai.com\/pt-br\/product\/varios-amostras-oem\/calendario-oem-pt-br\/taiwans-famous-influencer-hook\/\",\"name\":\"Calend\u00e1rio destac\u00e1vel | Cada dia uma hist\u00f3ria \u2013 Impress\u00e3o e produ\u00e7\u00e3o personalizada de calend\u00e1rios destac\u00e1veis populares em crowdfunding - Leatai \u2013 Fabricante de cadernos personalizados\",\"isPartOf\":{\"@id\":\"https:\/\/leatai.com\/pt-br\/#website\"},\"primaryImageOfPage\":{\"@id\":\"https:\/\/leatai.com\/pt-br\/product\/varios-amostras-oem\/calendario-oem-pt-br\/taiwans-famous-influencer-hook\/#primaryimage\"},\"image\":{\"@id\":\"https:\/\/leatai.com\/pt-br\/product\/varios-amostras-oem\/calendario-oem-pt-br\/taiwans-famous-influencer-hook\/#primaryimage\"},\"thumbnailUrl\":\"https:\/\/leatai.com\/wp-content\/uploads\/DSC_0156.jpg\",\"datePublished\":\"2023-05-07T11:06:09+00:00\",\"dateModified\":\"2025-11-03T08:08:19+00:00\",\"description\":\"Explore os servi\u00e7os de personaliza\u00e7\u00e3o, impress\u00e3o e produ\u00e7\u00e3o de calend\u00e1rios destac\u00e1veis de alta qualidade da Leatai. Os nossos calend\u00e1rios s\u00e3o elegantes, fabricados com materiais premium e ideais tanto para empresas quanto para uso pessoal. Escolha o fabricante de calend\u00e1rios destac\u00e1veis que melhor se adapta \u00e0s suas necessidades para elevar a imagem da sua marca e melhorar a sua capacidade de planeamento di\u00e1rio. Visite agora o site oficial da Leatai para saber mais sobre os calend\u00e1rios destac\u00e1veis e desfrute de uma experi\u00eancia eficiente de registo e organiza\u00e7\u00e3o!\",\"breadcrumb\":{\"@id\":\"https:\/\/leatai.com\/pt-br\/product\/varios-amostras-oem\/calendario-oem-pt-br\/taiwans-famous-influencer-hook\/#breadcrumb\"},\"inLanguage\":\"pt-BR\",\"potentialAction\":[{\"@type\":\"ReadAction\",\"target\":[\"https:\/\/leatai.com\/pt-br\/product\/varios-amostras-oem\/calendario-oem-pt-br\/taiwans-famous-influencer-hook\/\"]}]},{\"@type\":\"ImageObject\",\"inLanguage\":\"pt-BR\",\"@id\":\"https:\/\/leatai.com\/pt-br\/product\/varios-amostras-oem\/calendario-oem-pt-br\/taiwans-famous-influencer-hook\/#primaryimage\",\"url\":\"https:\/\/leatai.com\/wp-content\/uploads\/DSC_0156.jpg\",\"contentUrl\":\"https:\/\/leatai.com\/wp-content\/uploads\/DSC_0156.jpg\",\"width\":1000,\"height\":750,\"caption\":\"Pequeno calend\u00e1rio destac\u00e1vel\"},{\"@type\":\"BreadcrumbList\",\"@id\":\"https:\/\/leatai.com\/pt-br\/product\/varios-amostras-oem\/calendario-oem-pt-br\/taiwans-famous-influencer-hook\/#breadcrumb\",\"itemListElement\":[{\"@type\":\"ListItem\",\"position\":1,\"name\":\"Home\",\"item\":\"https:\/\/leatai.com\/pt-br\/\"},{\"@type\":\"ListItem\",\"position\":2,\"name\":\"Apresenta\u00e7\u00e3o de produtos\",\"item\":\"https:\/\/leatai.com\/products\/\"},{\"@type\":\"ListItem\",\"position\":3,\"name\":\"V\u00e1rios Amostras OEM\",\"item\":\"https:\/\/leatai.com\/pt-br\/categoria-produto\/varios-amostras-oem\/\"},{\"@type\":\"ListItem\",\"position\":4,\"name\":\"Calend\u00e1rio-OEM\",\"item\":\"https:\/\/leatai.com\/pt-br\/categoria-produto\/varios-amostras-oem\/calendario-oem-pt-br\/\"},{\"@type\":\"ListItem\",\"position\":5,\"name\":\"Taiwan\u2019s Famous Influencer Hook\"}]},{\"@type\":\"WebSite\",\"@id\":\"https:\/\/leatai.com\/pt-br\/#website\",\"url\":\"https:\/\/leatai.com\/pt-br\/\",\"name\":\"Leatai \u2013 Fabricante de cadernos personalizados\",\"description\":\"A Leatai fornece cadernos e planejadores personalizados para marcas e distribuidores em todo o mundo.\",\"publisher\":{\"@id\":\"https:\/\/leatai.com\/pt-br\/#organization\"},\"potentialAction\":[{\"@type\":\"SearchAction\",\"target\":{\"@type\":\"EntryPoint\",\"urlTemplate\":\"https:\/\/leatai.com\/pt-br\/?s={search_term_string}\"},\"query-input\":{\"@type\":\"PropertyValueSpecification\",\"valueRequired\":true,\"valueName\":\"search_term_string\"}}],\"inLanguage\":\"pt-BR\"},{\"@type\":\"Organization\",\"@id\":\"https:\/\/leatai.com\/pt-br\/#organization\",\"name\":\"Leatai Diary, customized journal and business organizer\",\"url\":\"https:\/\/leatai.com\/pt-br\/\",\"logo\":{\"@type\":\"ImageObject\",\"inLanguage\":\"pt-BR\",\"@id\":\"https:\/\/leatai.com\/pt-br\/#\/schema\/logo\/image\/\",\"url\":\"https:\/\/leatai.com\/wp-content\/uploads\/logo-blue.png\",\"contentUrl\":\"https:\/\/leatai.com\/wp-content\/uploads\/logo-blue.png\",\"width\":230,\"height\":60,\"caption\":\"Leatai Diary, customized journal and business organizer\"},\"image\":{\"@id\":\"https:\/\/leatai.com\/pt-br\/#\/schema\/logo\/image\/\"}}]}<\/script>\n<!-- \/ Yoast SEO plugin. -->","yoast_head_json":{"title":"Calend\u00e1rio destac\u00e1vel | Cada dia uma hist\u00f3ria \u2013 Impress\u00e3o e produ\u00e7\u00e3o personalizada de calend\u00e1rios destac\u00e1veis populares em crowdfunding - Leatai \u2013 Fabricante de cadernos personalizados","description":"Explore os servi\u00e7os de personaliza\u00e7\u00e3o, impress\u00e3o e produ\u00e7\u00e3o de calend\u00e1rios destac\u00e1veis de alta qualidade da Leatai. Os nossos calend\u00e1rios s\u00e3o elegantes, fabricados com materiais premium e ideais tanto para empresas quanto para uso pessoal. Escolha o fabricante de calend\u00e1rios destac\u00e1veis que melhor se adapta \u00e0s suas necessidades para elevar a imagem da sua marca e melhorar a sua capacidade de planeamento di\u00e1rio. Visite agora o site oficial da Leatai para saber mais sobre os calend\u00e1rios destac\u00e1veis e desfrute de uma experi\u00eancia eficiente de registo e organiza\u00e7\u00e3o!","robots":{"index":"index","follow":"follow","max-snippet":"max-snippet:-1","max-image-preview":"max-image-preview:large","max-video-preview":"max-video-preview:-1"},"canonical":"https:\/\/leatai.com\/pt-br\/product\/varios-amostras-oem\/calendario-oem-pt-br\/taiwans-famous-influencer-hook\/","og_locale":"pt_BR","og_type":"article","og_title":"Calend\u00e1rio destac\u00e1vel | Cada dia uma hist\u00f3ria \u2013 Impress\u00e3o e produ\u00e7\u00e3o personalizada de calend\u00e1rios destac\u00e1veis populares em crowdfunding - Leatai \u2013 Fabricante de cadernos personalizados","og_description":"Explore os servi\u00e7os de personaliza\u00e7\u00e3o, impress\u00e3o e produ\u00e7\u00e3o de calend\u00e1rios destac\u00e1veis de alta qualidade da Leatai. Os nossos calend\u00e1rios s\u00e3o elegantes, fabricados com materiais premium e ideais tanto para empresas quanto para uso pessoal. Escolha o fabricante de calend\u00e1rios destac\u00e1veis que melhor se adapta \u00e0s suas necessidades para elevar a imagem da sua marca e melhorar a sua capacidade de planeamento di\u00e1rio. Visite agora o site oficial da Leatai para saber mais sobre os calend\u00e1rios destac\u00e1veis e desfrute de uma experi\u00eancia eficiente de registo e organiza\u00e7\u00e3o!","og_url":"https:\/\/leatai.com\/pt-br\/product\/varios-amostras-oem\/calendario-oem-pt-br\/taiwans-famous-influencer-hook\/","og_site_name":"Leatai \u2013 Fabricante de cadernos personalizados","article_modified_time":"2025-11-03T08:08:19+00:00","og_image":[{"width":1000,"height":750,"url":"https:\/\/leatai.com\/wp-content\/uploads\/DSC_0156.jpg","type":"image\/jpeg"}],"twitter_card":"summary_large_image","twitter_misc":{"Est. tempo de leitura":"2 minutos"},"schema":{"@context":"https:\/\/schema.org","@graph":[{"@type":"WebPage","@id":"https:\/\/leatai.com\/pt-br\/product\/varios-amostras-oem\/calendario-oem-pt-br\/taiwans-famous-influencer-hook\/","url":"https:\/\/leatai.com\/pt-br\/product\/varios-amostras-oem\/calendario-oem-pt-br\/taiwans-famous-influencer-hook\/","name":"Calend\u00e1rio destac\u00e1vel | Cada dia uma hist\u00f3ria \u2013 Impress\u00e3o e produ\u00e7\u00e3o personalizada de calend\u00e1rios destac\u00e1veis populares em crowdfunding - Leatai \u2013 Fabricante de cadernos personalizados","isPartOf":{"@id":"https:\/\/leatai.com\/pt-br\/#website"},"primaryImageOfPage":{"@id":"https:\/\/leatai.com\/pt-br\/product\/varios-amostras-oem\/calendario-oem-pt-br\/taiwans-famous-influencer-hook\/#primaryimage"},"image":{"@id":"https:\/\/leatai.com\/pt-br\/product\/varios-amostras-oem\/calendario-oem-pt-br\/taiwans-famous-influencer-hook\/#primaryimage"},"thumbnailUrl":"https:\/\/leatai.com\/wp-content\/uploads\/DSC_0156.jpg","datePublished":"2023-05-07T11:06:09+00:00","dateModified":"2025-11-03T08:08:19+00:00","description":"Explore os servi\u00e7os de personaliza\u00e7\u00e3o, impress\u00e3o e produ\u00e7\u00e3o de calend\u00e1rios destac\u00e1veis de alta qualidade da Leatai. Os nossos calend\u00e1rios s\u00e3o elegantes, fabricados com materiais premium e ideais tanto para empresas quanto para uso pessoal. Escolha o fabricante de calend\u00e1rios destac\u00e1veis que melhor se adapta \u00e0s suas necessidades para elevar a imagem da sua marca e melhorar a sua capacidade de planeamento di\u00e1rio. Visite agora o site oficial da Leatai para saber mais sobre os calend\u00e1rios destac\u00e1veis e desfrute de uma experi\u00eancia eficiente de registo e organiza\u00e7\u00e3o!","breadcrumb":{"@id":"https:\/\/leatai.com\/pt-br\/product\/varios-amostras-oem\/calendario-oem-pt-br\/taiwans-famous-influencer-hook\/#breadcrumb"},"inLanguage":"pt-BR","potentialAction":[{"@type":"ReadAction","target":["https:\/\/leatai.com\/pt-br\/product\/varios-amostras-oem\/calendario-oem-pt-br\/taiwans-famous-influencer-hook\/"]}]},{"@type":"ImageObject","inLanguage":"pt-BR","@id":"https:\/\/leatai.com\/pt-br\/product\/varios-amostras-oem\/calendario-oem-pt-br\/taiwans-famous-influencer-hook\/#primaryimage","url":"https:\/\/leatai.com\/wp-content\/uploads\/DSC_0156.jpg","contentUrl":"https:\/\/leatai.com\/wp-content\/uploads\/DSC_0156.jpg","width":1000,"height":750,"caption":"Pequeno calend\u00e1rio destac\u00e1vel"},{"@type":"BreadcrumbList","@id":"https:\/\/leatai.com\/pt-br\/product\/varios-amostras-oem\/calendario-oem-pt-br\/taiwans-famous-influencer-hook\/#breadcrumb","itemListElement":[{"@type":"ListItem","position":1,"name":"Home","item":"https:\/\/leatai.com\/pt-br\/"},{"@type":"ListItem","position":2,"name":"Apresenta\u00e7\u00e3o de produtos","item":"https:\/\/leatai.com\/products\/"},{"@type":"ListItem","position":3,"name":"V\u00e1rios Amostras OEM","item":"https:\/\/leatai.com\/pt-br\/categoria-produto\/varios-amostras-oem\/"},{"@type":"ListItem","position":4,"name":"Calend\u00e1rio-OEM","item":"https:\/\/leatai.com\/pt-br\/categoria-produto\/varios-amostras-oem\/calendario-oem-pt-br\/"},{"@type":"ListItem","position":5,"name":"Taiwan\u2019s Famous Influencer Hook"}]},{"@type":"WebSite","@id":"https:\/\/leatai.com\/pt-br\/#website","url":"https:\/\/leatai.com\/pt-br\/","name":"Leatai \u2013 Fabricante de cadernos personalizados","description":"A Leatai fornece cadernos e planejadores personalizados para marcas e distribuidores em todo o mundo.","publisher":{"@id":"https:\/\/leatai.com\/pt-br\/#organization"},"potentialAction":[{"@type":"SearchAction","target":{"@type":"EntryPoint","urlTemplate":"https:\/\/leatai.com\/pt-br\/?s={search_term_string}"},"query-input":{"@type":"PropertyValueSpecification","valueRequired":true,"valueName":"search_term_string"}}],"inLanguage":"pt-BR"},{"@type":"Organization","@id":"https:\/\/leatai.com\/pt-br\/#organization","name":"Leatai Diary, customized journal and business organizer","url":"https:\/\/leatai.com\/pt-br\/","logo":{"@type":"ImageObject","inLanguage":"pt-BR","@id":"https:\/\/leatai.com\/pt-br\/#\/schema\/logo\/image\/","url":"https:\/\/leatai.com\/wp-content\/uploads\/logo-blue.png","contentUrl":"https:\/\/leatai.com\/wp-content\/uploads\/logo-blue.png","width":230,"height":60,"caption":"Leatai Diary, customized journal and business organizer"},"image":{"@id":"https:\/\/leatai.com\/pt-br\/#\/schema\/logo\/image\/"}}]}},"_links":{"self":[{"href":"https:\/\/leatai.com\/pt-br\/wp-json\/wp\/v2\/product\/96701","targetHints":{"allow":["GET"]}}],"collection":[{"href":"https:\/\/leatai.com\/pt-br\/wp-json\/wp\/v2\/product"}],"about":[{"href":"https:\/\/leatai.com\/pt-br\/wp-json\/wp\/v2\/types\/product"}],"wp:featuredmedia":[{"embeddable":true,"href":"https:\/\/leatai.com\/pt-br\/wp-json\/wp\/v2\/media\/96702"}],"wp:attachment":[{"href":"https:\/\/leatai.com\/pt-br\/wp-json\/wp\/v2\/media?parent=96701"}],"wp:term":[{"taxonomy":"product_brand","embeddable":true,"href":"https:\/\/leatai.com\/pt-br\/wp-json\/wp\/v2\/product_brand?post=96701"},{"taxonomy":"product_cat","embeddable":true,"href":"https:\/\/leatai.com\/pt-br\/wp-json\/wp\/v2\/product_cat?post=96701"},{"taxonomy":"product_tag","embeddable":true,"href":"https:\/\/leatai.com\/pt-br\/wp-json\/wp\/v2\/product_tag?post=96701"},{"taxonomy":"home_works","embeddable":true,"href":"https:\/\/leatai.com\/pt-br\/wp-json\/wp\/v2\/home_works?post=96701"}],"curies":[{"name":"wp","href":"https:\/\/api.w.org\/{rel}","templated":true}]}}