{"id":247829,"date":"2021-08-16T21:34:52","date_gmt":"2021-08-16T13:34:52","guid":{"rendered":"https:\/\/leatai.com\/product\/sem categoria\/aftek\/"},"modified":"2021-08-16T21:34:52","modified_gmt":"2021-08-16T13:34:52","slug":"aftek","status":"publish","type":"product","link":"https:\/\/leatai.com\/pt-br\/product\/varios-amostras-oem\/caderno-espiral-oem\/aftek\/","title":{"rendered":"Aftek"},"content":{"rendered":"<p>Nome do cliente: Aftek<br \/>\nTamanho do caso: 25K<br \/>\nModelo do caso: Caderno com espiral<br \/>\nEfeito do logo no caso: Hot stamping em prata<br \/>\nPontos de destaque: Marca l\u00edder em consultoria de materiais de constru\u00e7\u00e3o, estreitamente ligada ao nosso cotidiano. Escolheu um caderno espiral extremamente pr\u00e1tico, com papel art\u00edstico de textura delicada, expressando um gosto refinado e discreto.<\/p>\n<p><strong>\ud83d\udcd6<\/strong>Todos os exemplos de personaliza\u00e7\u00e3o: <a href=\"https:\/\/leatai.com\/pt-br\/produto-tag\/oem-pt-br\/\" target=\"_blank\" rel=\"noopener\">Cadernos personalizados \/ Di\u00e1rios comerciais personalizados<\/a><br \/>\n<strong>\ud83d\udcd6<\/strong>Para produtos padr\u00e3o de cadernos personalizados \/ di\u00e1rios comerciais, consulte:<br \/>\n<a href=\"https:\/\/leatai.com\/pt-br\/categoria-produto\/caderno-personalizado\/caderno-com-capa-dura\/\" target=\"_blank\" rel=\"noopener\">Caderno de capa dura \/ Di\u00e1rio comercial de capa dura<\/a><br \/>\n<a href=\"https:\/\/leatai.com\/pt-br\/categoria-produto\/caderno-personalizado\/caderno-de-folhas-soltas\/\" target=\"_blank\" rel=\"noopener\">Caderno de argolas \/ Di\u00e1rio comercial de argolas<\/a><br \/>\n<a href=\"https:\/\/leatai.com\/pt-br\/categoria-produto\/caderno-personalizado\/caderno-removivel\/\" target=\"_blank\" rel=\"noopener\">Caderno de argolas destac\u00e1vel \/ Di\u00e1rio comercial destac\u00e1vel<\/a><br \/>\n<a href=\"https:\/\/leatai.com\/pt-br\/categoria-produto\/caderno-personalizado\/caderno-brochura\/\" target=\"_blank\" rel=\"noopener\">Caderno de brochura \/ Di\u00e1rio comercial de brochura<\/a><br \/>\n<a href=\"https:\/\/leatai.com\/pt-br\/categoria-produto\/caderno-personalizado\/caderno-espiral\/\" target=\"_blank\" rel=\"noopener\">Caderno espiral \/ Di\u00e1rio comercial espiral<\/a><\/p>\n<p><strong><b>\ud83d\udcd6<\/b><\/strong>Para uma explica\u00e7\u00e3o completa dos tamanhos, consulte:<a href=\"https:\/\/leatai.com\/pt-br\/conhecimento-sobre-cadernos\/guia-de-tamanhos-de-papel-entendendo-tamanhos-comuns-como-b3-a4-b5-8k-16k-e-mais-um-grafico-de-tamanhos-abrangente-para-referencia-facil\/\" target=\"_blank\" rel=\"noopener\"> Guia de tamanhos de papel: como diferenciar B3, A4, B5, 8K, 16K e outros tamanhos comuns? Tabela de compara\u00e7\u00e3o de tamanhos de papel f\u00e1cil de entender!<\/a><\/p>\n","protected":false},"excerpt":{"rendered":"<p>Nome do cliente: Aftek Tamanho do caso: 25K Modelo do caso: Caderno com espiral Efeito do logo no caso: Hot stamping em prata Pontos de destaque: Marca l\u00edder em consultoria de materiais de constru\u00e7\u00e3o, estreitamente ligada ao nosso cotidiano. Escolheu um caderno espiral extremamente pr\u00e1tico, com papel art\u00edstico de textura delicada, expressando um gosto refinado [&hellip;]<\/p>\n","protected":false},"featured_media":247830,"template":"","meta":{"_acf_changed":false},"product_brand":[],"product_cat":[925],"product_tag":[1548],"home_works":[],"class_list":{"0":"post-247829","1":"product","2":"type-product","3":"status-publish","4":"has-post-thumbnail","6":"product_cat-caderno-espiral-oem","7":"product_tag-oem-pt-br","9":"first","10":"outofstock","11":"sold-individually","12":"shipping-taxable","13":"purchasable","14":"product-type-variable","15":"has-default-attributes"},"acf":[],"yoast_head":"<!-- This site is optimized with the Yoast SEO plugin v27.2 - https:\/\/yoast.com\/product\/yoast-seo-wordpress\/ -->\n<title>Aftek - Consultoria de materiais de constru\u00e7\u00e3o intimamente ligada ao nosso cotidiano- Leatai \u2013 Fabricante de cadernos personalizados<\/title>\n<meta name=\"description\" content=\"Caso de caderno com espiral OEM: Aftek, modelo: caderno com espiral, tamanho: 25. Pontos de destaque: Marca l\u00edder em consultoria de materiais de constru\u00e7\u00e3o, estreitamente ligada ao nosso cotidiano. Escolheu um caderno com espiral extremamente pr\u00e1tico, utilizando papel art\u00edstico com uma textura delicada, expressando um estilo elegante e discreto, sem ostenta\u00e7\u00e3o.\" \/>\n<meta name=\"robots\" content=\"index, follow, max-snippet:-1, max-image-preview:large, max-video-preview:-1\" \/>\n<link rel=\"canonical\" href=\"https:\/\/leatai.com\/pt-br\/product\/varios-amostras-oem\/caderno-espiral-oem\/aftek\/\" \/>\n<meta property=\"og:locale\" content=\"pt_BR\" \/>\n<meta property=\"og:type\" content=\"article\" \/>\n<meta property=\"og:title\" content=\"Aftek - Consultoria de materiais de constru\u00e7\u00e3o intimamente ligada ao nosso cotidiano- Leatai \u2013 Fabricante de cadernos personalizados\" \/>\n<meta property=\"og:description\" content=\"Caso de caderno com espiral OEM: Aftek, modelo: caderno com espiral, tamanho: 25. Pontos de destaque: Marca l\u00edder em consultoria de materiais de constru\u00e7\u00e3o, estreitamente ligada ao nosso cotidiano. Escolheu um caderno com espiral extremamente pr\u00e1tico, utilizando papel art\u00edstico com uma textura delicada, expressando um estilo elegante e discreto, sem ostenta\u00e7\u00e3o.\" \/>\n<meta property=\"og:url\" content=\"https:\/\/leatai.com\/pt-br\/product\/varios-amostras-oem\/caderno-espiral-oem\/aftek\/\" \/>\n<meta property=\"og:site_name\" content=\"Leatai \u2013 Fabricante de cadernos personalizados\" \/>\n<meta property=\"og:image\" content=\"https:\/\/leatai.com\/wp-content\/uploads\/DSC_8595-1.jpg\" \/>\n\t<meta property=\"og:image:width\" content=\"1000\" \/>\n\t<meta property=\"og:image:height\" content=\"750\" \/>\n\t<meta property=\"og:image:type\" content=\"image\/jpeg\" \/>\n<meta name=\"twitter:card\" content=\"summary_large_image\" \/>\n<meta name=\"twitter:label1\" content=\"Est. tempo de leitura\" \/>\n\t<meta name=\"twitter:data1\" content=\"1 minuto\" \/>\n<script type=\"application\/ld+json\" class=\"yoast-schema-graph\">{\"@context\":\"https:\/\/schema.org\",\"@graph\":[{\"@type\":\"WebPage\",\"@id\":\"https:\/\/leatai.com\/pt-br\/product\/varios-amostras-oem\/caderno-espiral-oem\/aftek\/\",\"url\":\"https:\/\/leatai.com\/pt-br\/product\/varios-amostras-oem\/caderno-espiral-oem\/aftek\/\",\"name\":\"Aftek - Consultoria de materiais de constru\u00e7\u00e3o intimamente ligada ao nosso cotidiano- Leatai \u2013 Fabricante de cadernos personalizados\",\"isPartOf\":{\"@id\":\"https:\/\/leatai.com\/pt-br\/#website\"},\"primaryImageOfPage\":{\"@id\":\"https:\/\/leatai.com\/pt-br\/product\/varios-amostras-oem\/caderno-espiral-oem\/aftek\/#primaryimage\"},\"image\":{\"@id\":\"https:\/\/leatai.com\/pt-br\/product\/varios-amostras-oem\/caderno-espiral-oem\/aftek\/#primaryimage\"},\"thumbnailUrl\":\"https:\/\/leatai.com\/wp-content\/uploads\/DSC_8595-1.jpg\",\"datePublished\":\"2021-08-16T13:34:52+00:00\",\"description\":\"Caso de caderno com espiral OEM: Aftek, modelo: caderno com espiral, tamanho: 25. Pontos de destaque: Marca l\u00edder em consultoria de materiais de constru\u00e7\u00e3o, estreitamente ligada ao nosso cotidiano. Escolheu um caderno com espiral extremamente pr\u00e1tico, utilizando papel art\u00edstico com uma textura delicada, expressando um estilo elegante e discreto, sem ostenta\u00e7\u00e3o.\",\"breadcrumb\":{\"@id\":\"https:\/\/leatai.com\/pt-br\/product\/varios-amostras-oem\/caderno-espiral-oem\/aftek\/#breadcrumb\"},\"inLanguage\":\"pt-BR\",\"potentialAction\":[{\"@type\":\"ReadAction\",\"target\":[\"https:\/\/leatai.com\/pt-br\/product\/varios-amostras-oem\/caderno-espiral-oem\/aftek\/\"]}]},{\"@type\":\"ImageObject\",\"inLanguage\":\"pt-BR\",\"@id\":\"https:\/\/leatai.com\/pt-br\/product\/varios-amostras-oem\/caderno-espiral-oem\/aftek\/#primaryimage\",\"url\":\"https:\/\/leatai.com\/wp-content\/uploads\/DSC_8595-1.jpg\",\"contentUrl\":\"https:\/\/leatai.com\/wp-content\/uploads\/DSC_8595-1.jpg\",\"width\":1000,\"height\":750,\"caption\":\"Caderno espiral\"},{\"@type\":\"BreadcrumbList\",\"@id\":\"https:\/\/leatai.com\/pt-br\/product\/varios-amostras-oem\/caderno-espiral-oem\/aftek\/#breadcrumb\",\"itemListElement\":[{\"@type\":\"ListItem\",\"position\":1,\"name\":\"Home\",\"item\":\"https:\/\/leatai.com\/pt-br\/\"},{\"@type\":\"ListItem\",\"position\":2,\"name\":\"Apresenta\u00e7\u00e3o de produtos\",\"item\":\"https:\/\/leatai.com\/products\/\"},{\"@type\":\"ListItem\",\"position\":3,\"name\":\"Aftek\"}]},{\"@type\":\"WebSite\",\"@id\":\"https:\/\/leatai.com\/pt-br\/#website\",\"url\":\"https:\/\/leatai.com\/pt-br\/\",\"name\":\"Leatai \u2013 Fabricante de cadernos personalizados\",\"description\":\"A Leatai fornece cadernos e planejadores personalizados para marcas e distribuidores em todo o mundo.\",\"publisher\":{\"@id\":\"https:\/\/leatai.com\/pt-br\/#organization\"},\"potentialAction\":[{\"@type\":\"SearchAction\",\"target\":{\"@type\":\"EntryPoint\",\"urlTemplate\":\"https:\/\/leatai.com\/pt-br\/?s={search_term_string}\"},\"query-input\":{\"@type\":\"PropertyValueSpecification\",\"valueRequired\":true,\"valueName\":\"search_term_string\"}}],\"inLanguage\":\"pt-BR\"},{\"@type\":\"Organization\",\"@id\":\"https:\/\/leatai.com\/pt-br\/#organization\",\"name\":\"Leatai Diary, customized journal and business organizer\",\"url\":\"https:\/\/leatai.com\/pt-br\/\",\"logo\":{\"@type\":\"ImageObject\",\"inLanguage\":\"pt-BR\",\"@id\":\"https:\/\/leatai.com\/pt-br\/#\/schema\/logo\/image\/\",\"url\":\"https:\/\/leatai.com\/wp-content\/uploads\/logo-blue.png\",\"contentUrl\":\"https:\/\/leatai.com\/wp-content\/uploads\/logo-blue.png\",\"width\":230,\"height\":60,\"caption\":\"Leatai Diary, customized journal and business organizer\"},\"image\":{\"@id\":\"https:\/\/leatai.com\/pt-br\/#\/schema\/logo\/image\/\"}}]}<\/script>\n<!-- \/ Yoast SEO plugin. -->","yoast_head_json":{"title":"Aftek - Consultoria de materiais de constru\u00e7\u00e3o intimamente ligada ao nosso cotidiano- Leatai \u2013 Fabricante de cadernos personalizados","description":"Caso de caderno com espiral OEM: Aftek, modelo: caderno com espiral, tamanho: 25. Pontos de destaque: Marca l\u00edder em consultoria de materiais de constru\u00e7\u00e3o, estreitamente ligada ao nosso cotidiano. Escolheu um caderno com espiral extremamente pr\u00e1tico, utilizando papel art\u00edstico com uma textura delicada, expressando um estilo elegante e discreto, sem ostenta\u00e7\u00e3o.","robots":{"index":"index","follow":"follow","max-snippet":"max-snippet:-1","max-image-preview":"max-image-preview:large","max-video-preview":"max-video-preview:-1"},"canonical":"https:\/\/leatai.com\/pt-br\/product\/varios-amostras-oem\/caderno-espiral-oem\/aftek\/","og_locale":"pt_BR","og_type":"article","og_title":"Aftek - Consultoria de materiais de constru\u00e7\u00e3o intimamente ligada ao nosso cotidiano- Leatai \u2013 Fabricante de cadernos personalizados","og_description":"Caso de caderno com espiral OEM: Aftek, modelo: caderno com espiral, tamanho: 25. Pontos de destaque: Marca l\u00edder em consultoria de materiais de constru\u00e7\u00e3o, estreitamente ligada ao nosso cotidiano. Escolheu um caderno com espiral extremamente pr\u00e1tico, utilizando papel art\u00edstico com uma textura delicada, expressando um estilo elegante e discreto, sem ostenta\u00e7\u00e3o.","og_url":"https:\/\/leatai.com\/pt-br\/product\/varios-amostras-oem\/caderno-espiral-oem\/aftek\/","og_site_name":"Leatai \u2013 Fabricante de cadernos personalizados","og_image":[{"width":1000,"height":750,"url":"https:\/\/leatai.com\/wp-content\/uploads\/DSC_8595-1.jpg","type":"image\/jpeg"}],"twitter_card":"summary_large_image","twitter_misc":{"Est. tempo de leitura":"1 minuto"},"schema":{"@context":"https:\/\/schema.org","@graph":[{"@type":"WebPage","@id":"https:\/\/leatai.com\/pt-br\/product\/varios-amostras-oem\/caderno-espiral-oem\/aftek\/","url":"https:\/\/leatai.com\/pt-br\/product\/varios-amostras-oem\/caderno-espiral-oem\/aftek\/","name":"Aftek - Consultoria de materiais de constru\u00e7\u00e3o intimamente ligada ao nosso cotidiano- Leatai \u2013 Fabricante de cadernos personalizados","isPartOf":{"@id":"https:\/\/leatai.com\/pt-br\/#website"},"primaryImageOfPage":{"@id":"https:\/\/leatai.com\/pt-br\/product\/varios-amostras-oem\/caderno-espiral-oem\/aftek\/#primaryimage"},"image":{"@id":"https:\/\/leatai.com\/pt-br\/product\/varios-amostras-oem\/caderno-espiral-oem\/aftek\/#primaryimage"},"thumbnailUrl":"https:\/\/leatai.com\/wp-content\/uploads\/DSC_8595-1.jpg","datePublished":"2021-08-16T13:34:52+00:00","description":"Caso de caderno com espiral OEM: Aftek, modelo: caderno com espiral, tamanho: 25. Pontos de destaque: Marca l\u00edder em consultoria de materiais de constru\u00e7\u00e3o, estreitamente ligada ao nosso cotidiano. Escolheu um caderno com espiral extremamente pr\u00e1tico, utilizando papel art\u00edstico com uma textura delicada, expressando um estilo elegante e discreto, sem ostenta\u00e7\u00e3o.","breadcrumb":{"@id":"https:\/\/leatai.com\/pt-br\/product\/varios-amostras-oem\/caderno-espiral-oem\/aftek\/#breadcrumb"},"inLanguage":"pt-BR","potentialAction":[{"@type":"ReadAction","target":["https:\/\/leatai.com\/pt-br\/product\/varios-amostras-oem\/caderno-espiral-oem\/aftek\/"]}]},{"@type":"ImageObject","inLanguage":"pt-BR","@id":"https:\/\/leatai.com\/pt-br\/product\/varios-amostras-oem\/caderno-espiral-oem\/aftek\/#primaryimage","url":"https:\/\/leatai.com\/wp-content\/uploads\/DSC_8595-1.jpg","contentUrl":"https:\/\/leatai.com\/wp-content\/uploads\/DSC_8595-1.jpg","width":1000,"height":750,"caption":"Caderno espiral"},{"@type":"BreadcrumbList","@id":"https:\/\/leatai.com\/pt-br\/product\/varios-amostras-oem\/caderno-espiral-oem\/aftek\/#breadcrumb","itemListElement":[{"@type":"ListItem","position":1,"name":"Home","item":"https:\/\/leatai.com\/pt-br\/"},{"@type":"ListItem","position":2,"name":"Apresenta\u00e7\u00e3o de produtos","item":"https:\/\/leatai.com\/products\/"},{"@type":"ListItem","position":3,"name":"Aftek"}]},{"@type":"WebSite","@id":"https:\/\/leatai.com\/pt-br\/#website","url":"https:\/\/leatai.com\/pt-br\/","name":"Leatai \u2013 Fabricante de cadernos personalizados","description":"A Leatai fornece cadernos e planejadores personalizados para marcas e distribuidores em todo o mundo.","publisher":{"@id":"https:\/\/leatai.com\/pt-br\/#organization"},"potentialAction":[{"@type":"SearchAction","target":{"@type":"EntryPoint","urlTemplate":"https:\/\/leatai.com\/pt-br\/?s={search_term_string}"},"query-input":{"@type":"PropertyValueSpecification","valueRequired":true,"valueName":"search_term_string"}}],"inLanguage":"pt-BR"},{"@type":"Organization","@id":"https:\/\/leatai.com\/pt-br\/#organization","name":"Leatai Diary, customized journal and business organizer","url":"https:\/\/leatai.com\/pt-br\/","logo":{"@type":"ImageObject","inLanguage":"pt-BR","@id":"https:\/\/leatai.com\/pt-br\/#\/schema\/logo\/image\/","url":"https:\/\/leatai.com\/wp-content\/uploads\/logo-blue.png","contentUrl":"https:\/\/leatai.com\/wp-content\/uploads\/logo-blue.png","width":230,"height":60,"caption":"Leatai Diary, customized journal and business organizer"},"image":{"@id":"https:\/\/leatai.com\/pt-br\/#\/schema\/logo\/image\/"}}]}},"_links":{"self":[{"href":"https:\/\/leatai.com\/pt-br\/wp-json\/wp\/v2\/product\/247829","targetHints":{"allow":["GET"]}}],"collection":[{"href":"https:\/\/leatai.com\/pt-br\/wp-json\/wp\/v2\/product"}],"about":[{"href":"https:\/\/leatai.com\/pt-br\/wp-json\/wp\/v2\/types\/product"}],"wp:featuredmedia":[{"embeddable":true,"href":"https:\/\/leatai.com\/pt-br\/wp-json\/wp\/v2\/media\/247830"}],"wp:attachment":[{"href":"https:\/\/leatai.com\/pt-br\/wp-json\/wp\/v2\/media?parent=247829"}],"wp:term":[{"taxonomy":"product_brand","embeddable":true,"href":"https:\/\/leatai.com\/pt-br\/wp-json\/wp\/v2\/product_brand?post=247829"},{"taxonomy":"product_cat","embeddable":true,"href":"https:\/\/leatai.com\/pt-br\/wp-json\/wp\/v2\/product_cat?post=247829"},{"taxonomy":"product_tag","embeddable":true,"href":"https:\/\/leatai.com\/pt-br\/wp-json\/wp\/v2\/product_tag?post=247829"},{"taxonomy":"home_works","embeddable":true,"href":"https:\/\/leatai.com\/pt-br\/wp-json\/wp\/v2\/home_works?post=247829"}],"curies":[{"name":"wp","href":"https:\/\/api.w.org\/{rel}","templated":true}]}}