{"id":245246,"date":"2023-05-22T16:29:55","date_gmt":"2023-05-22T08:29:55","guid":{"rendered":"https:\/\/leatai.com\/product\/sem%20categoria\/caixa-de-presente-com-caderno-03\/"},"modified":"2025-12-05T15:27:15","modified_gmt":"2025-12-05T07:27:15","slug":"caixa-de-presente-com-caderno-03","status":"publish","type":"product","link":"https:\/\/leatai.com\/pt-br\/product\/caderno-personalizado\/conjunto-de-presente\/caixa-de-presente-com-caderno-03\/","title":{"rendered":"Caixa de presente com caderno &#8211; 03"},"content":{"rendered":"<p>Produto modelo: Caixa de presente com caderno &#8211; 03<br \/>\nMaterial da caixa: papel Yun Si (papel com efeito de fios nublados)<br \/>\nCor da caixa: preto<br \/>\nTamanho da caixa: 23,3 cm (comprimento) x 25,2 cm (largura) x 2,7 cm (altura), quando fechada<br \/>\nConte\u00fado: caderno capa dura personalizado 25K \/ caderno fich\u00e1rio personalizado (escolher um) + caneta esferogr\u00e1fica premium (escolher uma)<br \/>\nTamanhos do caderno: 16K \/ 25K \/ 48K<a href=\"https:\/\/leatai.com\/pt-br\/faq\/quais-sao-os-tamanhos-de-planejadores-8k-16k-e-25k-qual-e-o-tamanho-deles\/\" target=\"_blank\" rel=\"noopener\"> (tamanhos comuns)<\/a><br \/>\nCaneta esferogr\u00e1fica premium: modelos <a href=\"https:\/\/leatai.com\/pt-br\/product\/caderno-personalizado\/conjunto-de-presente\/caneta-esferografica-de-fibra-de-carbono-premium-1\/\" target=\"_blank\" rel=\"noopener\">01<\/a> \/<a href=\"https:\/\/leatai.com\/pt-br\/product\/caderno-personalizado\/conjunto-de-presente\/caneta-esferografica-premium-2\/\" target=\"_blank\" rel=\"noopener\"> 02<\/a> \/ <a href=\"https:\/\/leatai.com\/pt-br\/product\/caderno-personalizado\/conjunto-de-presente\/caneta-esferografica-premium-3\/\" target=\"_blank\" rel=\"noopener\">03<\/a> (escolher um)<br \/>\nEmbalagem: fita de cetim \/ papel kraft (opcional)<br \/>\nM\u00e9todos de aplica\u00e7\u00e3o do LOGO: hot stamping dourado, hot stamping prateado, grava\u00e7\u00e3o<\/p>\n<p>Descri\u00e7\u00e3o do produto<br \/>\nModelo da Leatai: O papel Yun Si cria um efeito visual et\u00e9reo e vibrante, dando ao presente uma sensa\u00e7\u00e3o de fantasia. O logotipo em branco perolado eleva facilmente a identidade da marca. A caixa cont\u00e9m um caderno personalizado e uma caneta esferogr\u00e1fica premium. Com fecho magn\u00e9tico lateral e apresenta\u00e7\u00e3o repleta de cuidado, \u00e9 um presente cheio de significado e digno de aprecia\u00e7\u00e3o.<\/p>\n<p>&nbsp;<\/p>\n<p>\ud83d\udcd6 Di\u00e1rio comercial padr\u00e3o:<a href=\"https:\/\/leatai.com\/pt-br\/categoria-produto\/caderno-personalizado\/\" target=\"_blank\" rel=\"noopener\"> todos os modelos da s\u00e9rie de di\u00e1rios comerciais \/ p\u00e1ginas internas dos di\u00e1rios comerciais<\/a><br \/>\n\ud83d\udcd6 Para mais recomenda\u00e7\u00f5es de notebooks personalizados\/produ\u00e7\u00e3o personalizada de di\u00e1rios comerciais, consulte:<br \/>\n<a href=\"https:\/\/leatai.com\/pt-br\/categoria-produto\/varios-amostras-oem\/caderno-de-capa-dura-oem\/\" target=\"_blank\" rel=\"noopener\">OEM capa dura<\/a><br \/>\n<a href=\"https:\/\/leatai.com\/pt-br\/categoria-produto\/varios-amostras-oem\/caderno-de-folhas-soltas-oem\/\" target=\"_blank\" rel=\"noopener\">OEM fich\u00e1rio<\/a><br \/>\n<a href=\"https:\/\/leatai.com\/pt-br\/categoria-produto\/varios-amostras-oem\/caderno-removivel-oem\/\" target=\"_blank\" rel=\"noopener\">OEM fich\u00e1rio destac\u00e1vel<\/a><br \/>\n<a href=\"https:\/\/leatai.com\/pt-br\/categoria-produto\/varios-amostras-oem\/caderno-brochura-oem\/\" target=\"_blank\" rel=\"noopener\">OEM capa mole<\/a><br \/>\n<a href=\"https:\/\/leatai.com\/pt-br\/categoria-produto\/varios-amostras-oem\/caderno-espiral-oem\/\" target=\"_blank\" rel=\"noopener\">OEM espiral<\/a><br \/>\n<a href=\"https:\/\/leatai.com\/pt-br\/categoria-produto\/varios-amostras-oem\/calendario-oem-pt-br\/\" target=\"_blank\" rel=\"noopener\">OEM produ\u00e7\u00e3o personalizada de mini calend\u00e1rios destac\u00e1veis\/calend\u00e1rios de mesa personalizados<\/a><br \/>\n<a href=\"https:\/\/leatai.com\/pt-br\/categoria-produto\/varios-amostras-oem\/oem-outros\/\" target=\"_blank\" rel=\"noopener\">OEM outros<\/a><\/p>\n<p>Para explica\u00e7\u00f5es completas sobre tamanhos, consulte: <a href=\"https:\/\/leatai.com\/pt-br\/conhecimento-sobre-cadernos\/guia-de-tamanhos-de-papel-entendendo-tamanhos-comuns-como-b3-a4-b5-8k-16k-e-mais-um-grafico-de-tamanhos-abrangente-para-referencia-facil\/\" target=\"_blank\" rel=\"noopener\">Guia de tamanhos de papel: B3, A4, B5, 8K, 16K e outros \u2014 como diferenciar? Tabela comparativa de tamanhos de papel para entender de imediato!<\/a><\/p>\n","protected":false},"excerpt":{"rendered":"<p>Produto modelo: Caixa de presente com caderno &#8211; 03 Material da caixa: papel Yun Si (papel com efeito de fios nublados) Cor da caixa: preto Tamanho da caixa: 23,3 cm (comprimento) x 25,2 cm (largura) x 2,7 cm (altura), quando fechada Conte\u00fado: caderno capa dura personalizado 25K \/ caderno fich\u00e1rio personalizado (escolher um) + caneta [&hellip;]<\/p>\n","protected":false},"featured_media":245247,"template":"","meta":{"_acf_changed":false},"product_brand":[],"product_cat":[821],"product_tag":[1633],"home_works":[],"class_list":{"0":"post-245246","1":"product","2":"type-product","3":"status-publish","4":"has-post-thumbnail","6":"product_cat-conjunto-de-presente","7":"product_tag-caixa-de-presente-com-caderno","9":"first","10":"outofstock","11":"sold-individually","12":"shipping-taxable","13":"purchasable","14":"product-type-variable","15":"has-default-attributes"},"acf":[],"yoast_head":"<!-- This site is optimized with the Yoast SEO plugin v27.2 - https:\/\/yoast.com\/product\/yoast-seo-wordpress\/ -->\n<title>Caixa de presente com caderno personalizada - papel Yun Si vibrante e fascinante - Leatai \u2013 Fabricante de cadernos personalizados<\/title>\n<meta name=\"description\" content=\"Modelo da Leatai: O papel Yun Si, vibrante e encantado, acrescenta um efeito visual et\u00e9reo ao presente. O logotipo em branco perolado eleva facilmente o n\u00edvel da marca. A caixa inclui um caderno personalizado e uma caneta esferogr\u00e1fica premium. Com fecho magn\u00e9tico lateral, \u00e9 um presente repleto de cuidado e digno de admira\u00e7\u00e3o.\" \/>\n<meta name=\"robots\" content=\"index, follow, max-snippet:-1, max-image-preview:large, max-video-preview:-1\" \/>\n<link rel=\"canonical\" href=\"https:\/\/leatai.com\/pt-br\/product\/caderno-personalizado\/conjunto-de-presente\/caixa-de-presente-com-caderno-03\/\" \/>\n<meta property=\"og:locale\" content=\"pt_BR\" \/>\n<meta property=\"og:type\" content=\"article\" \/>\n<meta property=\"og:title\" content=\"Caixa de presente com caderno personalizada - papel Yun Si vibrante e fascinante - Leatai \u2013 Fabricante de cadernos personalizados\" \/>\n<meta property=\"og:description\" content=\"Modelo da Leatai: O papel Yun Si, vibrante e encantado, acrescenta um efeito visual et\u00e9reo ao presente. O logotipo em branco perolado eleva facilmente o n\u00edvel da marca. A caixa inclui um caderno personalizado e uma caneta esferogr\u00e1fica premium. Com fecho magn\u00e9tico lateral, \u00e9 um presente repleto de cuidado e digno de admira\u00e7\u00e3o.\" \/>\n<meta property=\"og:url\" content=\"https:\/\/leatai.com\/pt-br\/product\/caderno-personalizado\/conjunto-de-presente\/caixa-de-presente-com-caderno-03\/\" \/>\n<meta property=\"og:site_name\" content=\"Leatai \u2013 Fabricante de cadernos personalizados\" \/>\n<meta property=\"article:modified_time\" content=\"2025-12-05T07:27:15+00:00\" \/>\n<meta property=\"og:image\" content=\"https:\/\/leatai.com\/wp-content\/uploads\/DSC_0697.jpg\" \/>\n\t<meta property=\"og:image:width\" content=\"1000\" \/>\n\t<meta property=\"og:image:height\" content=\"750\" \/>\n\t<meta property=\"og:image:type\" content=\"image\/jpeg\" \/>\n<meta name=\"twitter:card\" content=\"summary_large_image\" \/>\n<meta name=\"twitter:label1\" content=\"Est. tempo de leitura\" \/>\n\t<meta name=\"twitter:data1\" content=\"2 minutos\" \/>\n<script type=\"application\/ld+json\" class=\"yoast-schema-graph\">{\"@context\":\"https:\/\/schema.org\",\"@graph\":[{\"@type\":\"WebPage\",\"@id\":\"https:\/\/leatai.com\/pt-br\/product\/caderno-personalizado\/conjunto-de-presente\/caixa-de-presente-com-caderno-03\/\",\"url\":\"https:\/\/leatai.com\/pt-br\/product\/caderno-personalizado\/conjunto-de-presente\/caixa-de-presente-com-caderno-03\/\",\"name\":\"Caixa de presente com caderno personalizada - papel Yun Si vibrante e fascinante - Leatai \u2013 Fabricante de cadernos personalizados\",\"isPartOf\":{\"@id\":\"https:\/\/leatai.com\/pt-br\/#website\"},\"primaryImageOfPage\":{\"@id\":\"https:\/\/leatai.com\/pt-br\/product\/caderno-personalizado\/conjunto-de-presente\/caixa-de-presente-com-caderno-03\/#primaryimage\"},\"image\":{\"@id\":\"https:\/\/leatai.com\/pt-br\/product\/caderno-personalizado\/conjunto-de-presente\/caixa-de-presente-com-caderno-03\/#primaryimage\"},\"thumbnailUrl\":\"https:\/\/leatai.com\/wp-content\/uploads\/DSC_0697.jpg\",\"datePublished\":\"2023-05-22T08:29:55+00:00\",\"dateModified\":\"2025-12-05T07:27:15+00:00\",\"description\":\"Modelo da Leatai: O papel Yun Si, vibrante e encantado, acrescenta um efeito visual et\u00e9reo ao presente. O logotipo em branco perolado eleva facilmente o n\u00edvel da marca. A caixa inclui um caderno personalizado e uma caneta esferogr\u00e1fica premium. Com fecho magn\u00e9tico lateral, \u00e9 um presente repleto de cuidado e digno de admira\u00e7\u00e3o.\",\"breadcrumb\":{\"@id\":\"https:\/\/leatai.com\/pt-br\/product\/caderno-personalizado\/conjunto-de-presente\/caixa-de-presente-com-caderno-03\/#breadcrumb\"},\"inLanguage\":\"pt-BR\",\"potentialAction\":[{\"@type\":\"ReadAction\",\"target\":[\"https:\/\/leatai.com\/pt-br\/product\/caderno-personalizado\/conjunto-de-presente\/caixa-de-presente-com-caderno-03\/\"]}]},{\"@type\":\"ImageObject\",\"inLanguage\":\"pt-BR\",\"@id\":\"https:\/\/leatai.com\/pt-br\/product\/caderno-personalizado\/conjunto-de-presente\/caixa-de-presente-com-caderno-03\/#primaryimage\",\"url\":\"https:\/\/leatai.com\/wp-content\/uploads\/DSC_0697.jpg\",\"contentUrl\":\"https:\/\/leatai.com\/wp-content\/uploads\/DSC_0697.jpg\",\"width\":1000,\"height\":750,\"caption\":\"Caixa de presente com caderno\"},{\"@type\":\"BreadcrumbList\",\"@id\":\"https:\/\/leatai.com\/pt-br\/product\/caderno-personalizado\/conjunto-de-presente\/caixa-de-presente-com-caderno-03\/#breadcrumb\",\"itemListElement\":[{\"@type\":\"ListItem\",\"position\":1,\"name\":\"Home\",\"item\":\"https:\/\/leatai.com\/pt-br\/\"},{\"@type\":\"ListItem\",\"position\":2,\"name\":\"Apresenta\u00e7\u00e3o de produtos\",\"item\":\"https:\/\/leatai.com\/products\/\"},{\"@type\":\"ListItem\",\"position\":3,\"name\":\"Caderno personalizado\",\"item\":\"https:\/\/leatai.com\/pt-br\/categoria-produto\/caderno-personalizado\/\"},{\"@type\":\"ListItem\",\"position\":4,\"name\":\"Conjunto de presente\",\"item\":\"https:\/\/leatai.com\/pt-br\/categoria-produto\/caderno-personalizado\/conjunto-de-presente\/\"},{\"@type\":\"ListItem\",\"position\":5,\"name\":\"Caixa de presente com caderno &#8211; 03\"}]},{\"@type\":\"WebSite\",\"@id\":\"https:\/\/leatai.com\/pt-br\/#website\",\"url\":\"https:\/\/leatai.com\/pt-br\/\",\"name\":\"Leatai \u2013 Fabricante de cadernos personalizados\",\"description\":\"A Leatai fornece cadernos e planejadores personalizados para marcas e distribuidores em todo o mundo.\",\"publisher\":{\"@id\":\"https:\/\/leatai.com\/pt-br\/#organization\"},\"potentialAction\":[{\"@type\":\"SearchAction\",\"target\":{\"@type\":\"EntryPoint\",\"urlTemplate\":\"https:\/\/leatai.com\/pt-br\/?s={search_term_string}\"},\"query-input\":{\"@type\":\"PropertyValueSpecification\",\"valueRequired\":true,\"valueName\":\"search_term_string\"}}],\"inLanguage\":\"pt-BR\"},{\"@type\":\"Organization\",\"@id\":\"https:\/\/leatai.com\/pt-br\/#organization\",\"name\":\"Leatai Diary, customized journal and business organizer\",\"url\":\"https:\/\/leatai.com\/pt-br\/\",\"logo\":{\"@type\":\"ImageObject\",\"inLanguage\":\"pt-BR\",\"@id\":\"https:\/\/leatai.com\/pt-br\/#\/schema\/logo\/image\/\",\"url\":\"https:\/\/leatai.com\/wp-content\/uploads\/logo-blue.png\",\"contentUrl\":\"https:\/\/leatai.com\/wp-content\/uploads\/logo-blue.png\",\"width\":230,\"height\":60,\"caption\":\"Leatai Diary, customized journal and business organizer\"},\"image\":{\"@id\":\"https:\/\/leatai.com\/pt-br\/#\/schema\/logo\/image\/\"}}]}<\/script>\n<!-- \/ Yoast SEO plugin. -->","yoast_head_json":{"title":"Caixa de presente com caderno personalizada - papel Yun Si vibrante e fascinante - Leatai \u2013 Fabricante de cadernos personalizados","description":"Modelo da Leatai: O papel Yun Si, vibrante e encantado, acrescenta um efeito visual et\u00e9reo ao presente. O logotipo em branco perolado eleva facilmente o n\u00edvel da marca. A caixa inclui um caderno personalizado e uma caneta esferogr\u00e1fica premium. Com fecho magn\u00e9tico lateral, \u00e9 um presente repleto de cuidado e digno de admira\u00e7\u00e3o.","robots":{"index":"index","follow":"follow","max-snippet":"max-snippet:-1","max-image-preview":"max-image-preview:large","max-video-preview":"max-video-preview:-1"},"canonical":"https:\/\/leatai.com\/pt-br\/product\/caderno-personalizado\/conjunto-de-presente\/caixa-de-presente-com-caderno-03\/","og_locale":"pt_BR","og_type":"article","og_title":"Caixa de presente com caderno personalizada - papel Yun Si vibrante e fascinante - Leatai \u2013 Fabricante de cadernos personalizados","og_description":"Modelo da Leatai: O papel Yun Si, vibrante e encantado, acrescenta um efeito visual et\u00e9reo ao presente. O logotipo em branco perolado eleva facilmente o n\u00edvel da marca. A caixa inclui um caderno personalizado e uma caneta esferogr\u00e1fica premium. Com fecho magn\u00e9tico lateral, \u00e9 um presente repleto de cuidado e digno de admira\u00e7\u00e3o.","og_url":"https:\/\/leatai.com\/pt-br\/product\/caderno-personalizado\/conjunto-de-presente\/caixa-de-presente-com-caderno-03\/","og_site_name":"Leatai \u2013 Fabricante de cadernos personalizados","article_modified_time":"2025-12-05T07:27:15+00:00","og_image":[{"width":1000,"height":750,"url":"https:\/\/leatai.com\/wp-content\/uploads\/DSC_0697.jpg","type":"image\/jpeg"}],"twitter_card":"summary_large_image","twitter_misc":{"Est. tempo de leitura":"2 minutos"},"schema":{"@context":"https:\/\/schema.org","@graph":[{"@type":"WebPage","@id":"https:\/\/leatai.com\/pt-br\/product\/caderno-personalizado\/conjunto-de-presente\/caixa-de-presente-com-caderno-03\/","url":"https:\/\/leatai.com\/pt-br\/product\/caderno-personalizado\/conjunto-de-presente\/caixa-de-presente-com-caderno-03\/","name":"Caixa de presente com caderno personalizada - papel Yun Si vibrante e fascinante - Leatai \u2013 Fabricante de cadernos personalizados","isPartOf":{"@id":"https:\/\/leatai.com\/pt-br\/#website"},"primaryImageOfPage":{"@id":"https:\/\/leatai.com\/pt-br\/product\/caderno-personalizado\/conjunto-de-presente\/caixa-de-presente-com-caderno-03\/#primaryimage"},"image":{"@id":"https:\/\/leatai.com\/pt-br\/product\/caderno-personalizado\/conjunto-de-presente\/caixa-de-presente-com-caderno-03\/#primaryimage"},"thumbnailUrl":"https:\/\/leatai.com\/wp-content\/uploads\/DSC_0697.jpg","datePublished":"2023-05-22T08:29:55+00:00","dateModified":"2025-12-05T07:27:15+00:00","description":"Modelo da Leatai: O papel Yun Si, vibrante e encantado, acrescenta um efeito visual et\u00e9reo ao presente. O logotipo em branco perolado eleva facilmente o n\u00edvel da marca. A caixa inclui um caderno personalizado e uma caneta esferogr\u00e1fica premium. Com fecho magn\u00e9tico lateral, \u00e9 um presente repleto de cuidado e digno de admira\u00e7\u00e3o.","breadcrumb":{"@id":"https:\/\/leatai.com\/pt-br\/product\/caderno-personalizado\/conjunto-de-presente\/caixa-de-presente-com-caderno-03\/#breadcrumb"},"inLanguage":"pt-BR","potentialAction":[{"@type":"ReadAction","target":["https:\/\/leatai.com\/pt-br\/product\/caderno-personalizado\/conjunto-de-presente\/caixa-de-presente-com-caderno-03\/"]}]},{"@type":"ImageObject","inLanguage":"pt-BR","@id":"https:\/\/leatai.com\/pt-br\/product\/caderno-personalizado\/conjunto-de-presente\/caixa-de-presente-com-caderno-03\/#primaryimage","url":"https:\/\/leatai.com\/wp-content\/uploads\/DSC_0697.jpg","contentUrl":"https:\/\/leatai.com\/wp-content\/uploads\/DSC_0697.jpg","width":1000,"height":750,"caption":"Caixa de presente com caderno"},{"@type":"BreadcrumbList","@id":"https:\/\/leatai.com\/pt-br\/product\/caderno-personalizado\/conjunto-de-presente\/caixa-de-presente-com-caderno-03\/#breadcrumb","itemListElement":[{"@type":"ListItem","position":1,"name":"Home","item":"https:\/\/leatai.com\/pt-br\/"},{"@type":"ListItem","position":2,"name":"Apresenta\u00e7\u00e3o de produtos","item":"https:\/\/leatai.com\/products\/"},{"@type":"ListItem","position":3,"name":"Caderno personalizado","item":"https:\/\/leatai.com\/pt-br\/categoria-produto\/caderno-personalizado\/"},{"@type":"ListItem","position":4,"name":"Conjunto de presente","item":"https:\/\/leatai.com\/pt-br\/categoria-produto\/caderno-personalizado\/conjunto-de-presente\/"},{"@type":"ListItem","position":5,"name":"Caixa de presente com caderno &#8211; 03"}]},{"@type":"WebSite","@id":"https:\/\/leatai.com\/pt-br\/#website","url":"https:\/\/leatai.com\/pt-br\/","name":"Leatai \u2013 Fabricante de cadernos personalizados","description":"A Leatai fornece cadernos e planejadores personalizados para marcas e distribuidores em todo o mundo.","publisher":{"@id":"https:\/\/leatai.com\/pt-br\/#organization"},"potentialAction":[{"@type":"SearchAction","target":{"@type":"EntryPoint","urlTemplate":"https:\/\/leatai.com\/pt-br\/?s={search_term_string}"},"query-input":{"@type":"PropertyValueSpecification","valueRequired":true,"valueName":"search_term_string"}}],"inLanguage":"pt-BR"},{"@type":"Organization","@id":"https:\/\/leatai.com\/pt-br\/#organization","name":"Leatai Diary, customized journal and business organizer","url":"https:\/\/leatai.com\/pt-br\/","logo":{"@type":"ImageObject","inLanguage":"pt-BR","@id":"https:\/\/leatai.com\/pt-br\/#\/schema\/logo\/image\/","url":"https:\/\/leatai.com\/wp-content\/uploads\/logo-blue.png","contentUrl":"https:\/\/leatai.com\/wp-content\/uploads\/logo-blue.png","width":230,"height":60,"caption":"Leatai Diary, customized journal and business organizer"},"image":{"@id":"https:\/\/leatai.com\/pt-br\/#\/schema\/logo\/image\/"}}]}},"_links":{"self":[{"href":"https:\/\/leatai.com\/pt-br\/wp-json\/wp\/v2\/product\/245246","targetHints":{"allow":["GET"]}}],"collection":[{"href":"https:\/\/leatai.com\/pt-br\/wp-json\/wp\/v2\/product"}],"about":[{"href":"https:\/\/leatai.com\/pt-br\/wp-json\/wp\/v2\/types\/product"}],"wp:featuredmedia":[{"embeddable":true,"href":"https:\/\/leatai.com\/pt-br\/wp-json\/wp\/v2\/media\/245247"}],"wp:attachment":[{"href":"https:\/\/leatai.com\/pt-br\/wp-json\/wp\/v2\/media?parent=245246"}],"wp:term":[{"taxonomy":"product_brand","embeddable":true,"href":"https:\/\/leatai.com\/pt-br\/wp-json\/wp\/v2\/product_brand?post=245246"},{"taxonomy":"product_cat","embeddable":true,"href":"https:\/\/leatai.com\/pt-br\/wp-json\/wp\/v2\/product_cat?post=245246"},{"taxonomy":"product_tag","embeddable":true,"href":"https:\/\/leatai.com\/pt-br\/wp-json\/wp\/v2\/product_tag?post=245246"},{"taxonomy":"home_works","embeddable":true,"href":"https:\/\/leatai.com\/pt-br\/wp-json\/wp\/v2\/home_works?post=245246"}],"curies":[{"name":"wp","href":"https:\/\/api.w.org\/{rel}","templated":true}]}}