{"id":237919,"date":"2021-06-24T13:30:42","date_gmt":"2021-06-24T05:30:42","guid":{"rendered":"https:\/\/leatai.com\/product\/sem%20categoria\/ldo-007\/"},"modified":"2025-12-02T10:48:18","modified_gmt":"2025-12-02T02:48:18","slug":"ldo-007","status":"publish","type":"product","link":"https:\/\/leatai.com\/pt-br\/product\/caderno-personalizado\/caderno-removivel\/ldo-007\/","title":{"rendered":"LDO-007"},"content":{"rendered":"<p>Modelo do produto: LDO-007<br \/>\nMaterial da capa: papel art\u00edstico<br \/>\nCor: verde<br \/>\nEspecifica\u00e7\u00f5es: 25K (20 furos\/6 furos) \/ 48K (18 furos\/6 furos) <a href=\"https:\/\/leatai.com\/pt-br\/faq\/quais-sao-os-tamanhos-de-planejadores-8k-16k-e-25k-qual-e-o-tamanho-deles\/\" target=\"_blank\" rel=\"noopener\">(tamanhos comuns)<\/a><br \/>\nP\u00e1ginas internas: modelo padr\u00e3o<a href=\"https:\/\/leatai.com\/pt-br\/categoria-produto\/formato-da-pagina-interna\/\" target=\"_blank\" rel=\"noopener\"> (op\u00e7\u00f5es de formato das p\u00e1ginas internas)<\/a><br \/>\nEmbalagem: saco OPP (opcional)<br \/>\nM\u00e9todos de aplica\u00e7\u00e3o do LOGO: hot stamping dourado, hot stamping prateado, grava\u00e7\u00e3o em baixo-relevo<\/p>\n<p>Descri\u00e7\u00e3o do produto<br \/>\nModelo de produto Leatai: LDO-007. O verde jovem \u00e9 uma cor dif\u00edcil de dominar, especialmente para empresas que desejam expressar uma imagem de marca mais jovem, mas que ainda transmita confian\u00e7a. Por isso, foram acrescentados padr\u00f5es de galhos, cuja textura delicada lembra um pensamento cuidadoso \u2014 ousado, por\u00e9m prudente.<\/p>\n<p>\ud83d\udcd6 Di\u00e1rio comercial padr\u00e3o:<a href=\"https:\/\/leatai.com\/pt-br\/categoria-produto\/caderno-personalizado\/\" target=\"_blank\" rel=\"noopener\"> todos os modelos da s\u00e9rie de di\u00e1rios comerciais \/ p\u00e1ginas internas dos di\u00e1rios comerciais<\/a><br \/>\n\ud83d\udcd6 Para mais recomenda\u00e7\u00f5es de notebooks personalizados\/produ\u00e7\u00e3o personalizada de di\u00e1rios comerciais, consulte:<br \/>\n<a href=\"https:\/\/leatai.com\/pt-br\/categoria-produto\/varios-amostras-oem\/caderno-de-capa-dura-oem\/\" target=\"_blank\" rel=\"noopener\">OEM capa dura<\/a><br \/>\n<a href=\"https:\/\/leatai.com\/pt-br\/categoria-produto\/varios-amostras-oem\/caderno-de-folhas-soltas-oem\/\" target=\"_blank\" rel=\"noopener\">OEM fich\u00e1rio<\/a><br \/>\n<a href=\"https:\/\/leatai.com\/pt-br\/categoria-produto\/varios-amostras-oem\/caderno-removivel-oem\/\" target=\"_blank\" rel=\"noopener\">OEM fich\u00e1rio destac\u00e1vel<\/a><br \/>\n<a href=\"https:\/\/leatai.com\/pt-br\/categoria-produto\/varios-amostras-oem\/caderno-brochura-oem\/\" target=\"_blank\" rel=\"noopener\">OEM capa mole<\/a><br \/>\n<a href=\"https:\/\/leatai.com\/pt-br\/categoria-produto\/varios-amostras-oem\/caderno-espiral-oem\/\" target=\"_blank\" rel=\"noopener\">OEM espiral<\/a><br \/>\n<a href=\"https:\/\/leatai.com\/pt-br\/categoria-produto\/varios-amostras-oem\/calendario-oem-pt-br\/\" target=\"_blank\" rel=\"noopener\">OEM produ\u00e7\u00e3o personalizada de mini calend\u00e1rios destac\u00e1veis\/calend\u00e1rios de mesa personalizados<\/a><br \/>\n<a href=\"https:\/\/leatai.com\/pt-br\/categoria-produto\/varios-amostras-oem\/oem-outros\/\" target=\"_blank\" rel=\"noopener\">OEM outros<\/a><\/p>\n<p>Para explica\u00e7\u00f5es completas sobre tamanhos, consulte: <a href=\"https:\/\/leatai.com\/pt-br\/conhecimento-sobre-cadernos\/guia-de-tamanhos-de-papel-entendendo-tamanhos-comuns-como-b3-a4-b5-8k-16k-e-mais-um-grafico-de-tamanhos-abrangente-para-referencia-facil\/\" target=\"_blank\" rel=\"noopener\">Guia de tamanhos de papel: B3, A4, B5, 8K, 16K e outros \u2014 como diferenciar? Tabela comparativa de tamanhos de papel para entender de imediato!<\/a><\/p>\n<p><iframe title=\"How to DIY a removable notebook\" width=\"800\" height=\"450\" src=\"https:\/\/www.youtube.com\/embed\/OsLvh1PRzxo?feature=oembed&#038;enablejsapi=1&#038;origin=https:\/\/leatai.com\" frameborder=\"0\" allow=\"accelerometer; autoplay; clipboard-write; encrypted-media; gyroscope; picture-in-picture; web-share\" referrerpolicy=\"strict-origin-when-cross-origin\" allowfullscreen><\/iframe><\/p>\n","protected":false},"excerpt":{"rendered":"<p>Modelo do produto: LDO-007 Material da capa: papel art\u00edstico Cor: verde Especifica\u00e7\u00f5es: 25K (20 furos\/6 furos) \/ 48K (18 furos\/6 furos) (tamanhos comuns) P\u00e1ginas internas: modelo padr\u00e3o (op\u00e7\u00f5es de formato das p\u00e1ginas internas) Embalagem: saco OPP (opcional) M\u00e9todos de aplica\u00e7\u00e3o do LOGO: hot stamping dourado, hot stamping prateado, grava\u00e7\u00e3o em baixo-relevo Descri\u00e7\u00e3o do produto Modelo [&hellip;]<\/p>\n","protected":false},"featured_media":237920,"template":"","meta":{"_acf_changed":false},"product_brand":[],"product_cat":[784],"product_tag":[1620],"home_works":[],"class_list":{"0":"post-237919","1":"product","2":"type-product","3":"status-publish","4":"has-post-thumbnail","6":"product_cat-caderno-removivel","7":"product_tag-caderno-personalizado","9":"first","10":"outofstock","11":"sold-individually","12":"shipping-taxable","13":"purchasable","14":"product-type-variable","15":"has-default-attributes"},"acf":[],"yoast_head":"<!-- This site is optimized with the Yoast SEO plugin v27.2 - https:\/\/yoast.com\/product\/yoast-seo-wordpress\/ -->\n<title>LDO-007 - Leatai \u2013 Fabricante de cadernos personalizados<\/title>\n<meta name=\"description\" content=\"\u78ca\u6cf0\u7522\u54c1\u578b\u865f\uff1aLDO-007\uff0c\u5e74\u8f15\u7684\u7da0\u8272\u5f88\u96e3\u99d5\u99ad\uff0c\u5c24\u5176\u662f\u5e0c\u671b\u8868\u73fe\u51fa\u5177\u6709\u5e74\u8f15\u54c1\u724c\u5f62\u8c61\u7684\u4f01\u696d\uff0c\u4f46\u53c8\u8981\u80fd\u8b93\u4eba\u653e\u5fc3\uff0c\u56e0\u6b64\u591a\u6dfb\u52a0\u4e86\u4e00\u4e9b\u6a39\u679d\u7d0b\uff0c\u7d30\u7dfb\u7684\u7d0b\u7406\u5c31\u50cf\u7e1d\u5bc6\u7684\u5fc3\u601d\uff0c\u52c7\u6562\u800c\u8b39\u614e\u3002\" \/>\n<meta name=\"robots\" content=\"index, follow, max-snippet:-1, max-image-preview:large, max-video-preview:-1\" \/>\n<link rel=\"canonical\" href=\"https:\/\/leatai.com\/pt-br\/product\/caderno-personalizado\/caderno-removivel\/ldo-007\/\" \/>\n<meta property=\"og:locale\" content=\"pt_BR\" \/>\n<meta property=\"og:type\" content=\"article\" \/>\n<meta property=\"og:title\" content=\"LDO-007 - Leatai \u2013 Fabricante de cadernos personalizados\" \/>\n<meta property=\"og:description\" content=\"\u78ca\u6cf0\u7522\u54c1\u578b\u865f\uff1aLDO-007\uff0c\u5e74\u8f15\u7684\u7da0\u8272\u5f88\u96e3\u99d5\u99ad\uff0c\u5c24\u5176\u662f\u5e0c\u671b\u8868\u73fe\u51fa\u5177\u6709\u5e74\u8f15\u54c1\u724c\u5f62\u8c61\u7684\u4f01\u696d\uff0c\u4f46\u53c8\u8981\u80fd\u8b93\u4eba\u653e\u5fc3\uff0c\u56e0\u6b64\u591a\u6dfb\u52a0\u4e86\u4e00\u4e9b\u6a39\u679d\u7d0b\uff0c\u7d30\u7dfb\u7684\u7d0b\u7406\u5c31\u50cf\u7e1d\u5bc6\u7684\u5fc3\u601d\uff0c\u52c7\u6562\u800c\u8b39\u614e\u3002\" \/>\n<meta property=\"og:url\" content=\"https:\/\/leatai.com\/pt-br\/product\/caderno-personalizado\/caderno-removivel\/ldo-007\/\" \/>\n<meta property=\"og:site_name\" content=\"Leatai \u2013 Fabricante de cadernos personalizados\" \/>\n<meta property=\"article:modified_time\" content=\"2025-12-02T02:48:18+00:00\" \/>\n<meta property=\"og:image\" content=\"https:\/\/leatai.com\/wp-content\/uploads\/2015_08_18_1513140.jpg\" \/>\n\t<meta property=\"og:image:width\" content=\"1000\" \/>\n\t<meta property=\"og:image:height\" content=\"750\" \/>\n\t<meta property=\"og:image:type\" content=\"image\/jpeg\" \/>\n<meta name=\"twitter:card\" content=\"summary_large_image\" \/>\n<meta name=\"twitter:label1\" content=\"Est. tempo de leitura\" \/>\n\t<meta name=\"twitter:data1\" content=\"1 minuto\" \/>\n<script type=\"application\/ld+json\" class=\"yoast-schema-graph\">{\"@context\":\"https:\/\/schema.org\",\"@graph\":[{\"@type\":\"WebPage\",\"@id\":\"https:\/\/leatai.com\/pt-br\/product\/caderno-personalizado\/caderno-removivel\/ldo-007\/\",\"url\":\"https:\/\/leatai.com\/pt-br\/product\/caderno-personalizado\/caderno-removivel\/ldo-007\/\",\"name\":\"LDO-007 - Leatai \u2013 Fabricante de cadernos personalizados\",\"isPartOf\":{\"@id\":\"https:\/\/leatai.com\/pt-br\/#website\"},\"primaryImageOfPage\":{\"@id\":\"https:\/\/leatai.com\/pt-br\/product\/caderno-personalizado\/caderno-removivel\/ldo-007\/#primaryimage\"},\"image\":{\"@id\":\"https:\/\/leatai.com\/pt-br\/product\/caderno-personalizado\/caderno-removivel\/ldo-007\/#primaryimage\"},\"thumbnailUrl\":\"https:\/\/leatai.com\/wp-content\/uploads\/2015_08_18_1513140.jpg\",\"datePublished\":\"2021-06-24T05:30:42+00:00\",\"dateModified\":\"2025-12-02T02:48:18+00:00\",\"description\":\"\u78ca\u6cf0\u7522\u54c1\u578b\u865f\uff1aLDO-007\uff0c\u5e74\u8f15\u7684\u7da0\u8272\u5f88\u96e3\u99d5\u99ad\uff0c\u5c24\u5176\u662f\u5e0c\u671b\u8868\u73fe\u51fa\u5177\u6709\u5e74\u8f15\u54c1\u724c\u5f62\u8c61\u7684\u4f01\u696d\uff0c\u4f46\u53c8\u8981\u80fd\u8b93\u4eba\u653e\u5fc3\uff0c\u56e0\u6b64\u591a\u6dfb\u52a0\u4e86\u4e00\u4e9b\u6a39\u679d\u7d0b\uff0c\u7d30\u7dfb\u7684\u7d0b\u7406\u5c31\u50cf\u7e1d\u5bc6\u7684\u5fc3\u601d\uff0c\u52c7\u6562\u800c\u8b39\u614e\u3002\",\"breadcrumb\":{\"@id\":\"https:\/\/leatai.com\/pt-br\/product\/caderno-personalizado\/caderno-removivel\/ldo-007\/#breadcrumb\"},\"inLanguage\":\"pt-BR\",\"potentialAction\":[{\"@type\":\"ReadAction\",\"target\":[\"https:\/\/leatai.com\/pt-br\/product\/caderno-personalizado\/caderno-removivel\/ldo-007\/\"]}]},{\"@type\":\"ImageObject\",\"inLanguage\":\"pt-BR\",\"@id\":\"https:\/\/leatai.com\/pt-br\/product\/caderno-personalizado\/caderno-removivel\/ldo-007\/#primaryimage\",\"url\":\"https:\/\/leatai.com\/wp-content\/uploads\/2015_08_18_1513140.jpg\",\"contentUrl\":\"https:\/\/leatai.com\/wp-content\/uploads\/2015_08_18_1513140.jpg\",\"width\":1000,\"height\":750},{\"@type\":\"BreadcrumbList\",\"@id\":\"https:\/\/leatai.com\/pt-br\/product\/caderno-personalizado\/caderno-removivel\/ldo-007\/#breadcrumb\",\"itemListElement\":[{\"@type\":\"ListItem\",\"position\":1,\"name\":\"Home\",\"item\":\"https:\/\/leatai.com\/pt-br\/\"},{\"@type\":\"ListItem\",\"position\":2,\"name\":\"Apresenta\u00e7\u00e3o de produtos\",\"item\":\"https:\/\/leatai.com\/products\/\"},{\"@type\":\"ListItem\",\"position\":3,\"name\":\"Caderno personalizado\",\"item\":\"https:\/\/leatai.com\/pt-br\/categoria-produto\/caderno-personalizado\/\"},{\"@type\":\"ListItem\",\"position\":4,\"name\":\"Caderno remov\u00edvel\",\"item\":\"https:\/\/leatai.com\/pt-br\/categoria-produto\/caderno-personalizado\/caderno-removivel\/\"},{\"@type\":\"ListItem\",\"position\":5,\"name\":\"LDO-007\"}]},{\"@type\":\"WebSite\",\"@id\":\"https:\/\/leatai.com\/pt-br\/#website\",\"url\":\"https:\/\/leatai.com\/pt-br\/\",\"name\":\"Leatai \u2013 Fabricante de cadernos personalizados\",\"description\":\"A Leatai fornece cadernos e planejadores personalizados para marcas e distribuidores em todo o mundo.\",\"publisher\":{\"@id\":\"https:\/\/leatai.com\/pt-br\/#organization\"},\"potentialAction\":[{\"@type\":\"SearchAction\",\"target\":{\"@type\":\"EntryPoint\",\"urlTemplate\":\"https:\/\/leatai.com\/pt-br\/?s={search_term_string}\"},\"query-input\":{\"@type\":\"PropertyValueSpecification\",\"valueRequired\":true,\"valueName\":\"search_term_string\"}}],\"inLanguage\":\"pt-BR\"},{\"@type\":\"Organization\",\"@id\":\"https:\/\/leatai.com\/pt-br\/#organization\",\"name\":\"Leatai Diary, customized journal and business organizer\",\"url\":\"https:\/\/leatai.com\/pt-br\/\",\"logo\":{\"@type\":\"ImageObject\",\"inLanguage\":\"pt-BR\",\"@id\":\"https:\/\/leatai.com\/pt-br\/#\/schema\/logo\/image\/\",\"url\":\"https:\/\/leatai.com\/wp-content\/uploads\/logo-blue.png\",\"contentUrl\":\"https:\/\/leatai.com\/wp-content\/uploads\/logo-blue.png\",\"width\":230,\"height\":60,\"caption\":\"Leatai Diary, customized journal and business organizer\"},\"image\":{\"@id\":\"https:\/\/leatai.com\/pt-br\/#\/schema\/logo\/image\/\"},\"telephone\":\"+886-2-8227-8800\",\"legalName\":\"Leatai Stationary Co., Ltd.\",\"description\":\"A leading notebook factory in Taiwan offering bespoke branding, high-quality binding, and premium paper selections for corporate gifts and stationery wholesale.\",\"address\":{\"@type\":\"PostalAddress\",\"streetAddress\":\"11F., No. 168, Jiankang Rd.\",\"addressLocality\":\"Zhonghe Dist.\",\"addressRegion\":\"New Taipei City\",\"postalCode\":\"235\",\"addressCountry\":\"TW\"},\"contactPoint\":{\"@type\":\"ContactPoint\",\"telephone\":\"+886-2-8227-8800\",\"contactType\":\"sales\",\"areaServed\":\"Worldwide\",\"availableLanguage\":[\"zh-TW\",\"en\"]}}]}<\/script>\n<!-- \/ Yoast SEO plugin. -->","yoast_head_json":{"title":"LDO-007 - Leatai \u2013 Fabricante de cadernos personalizados","description":"\u78ca\u6cf0\u7522\u54c1\u578b\u865f\uff1aLDO-007\uff0c\u5e74\u8f15\u7684\u7da0\u8272\u5f88\u96e3\u99d5\u99ad\uff0c\u5c24\u5176\u662f\u5e0c\u671b\u8868\u73fe\u51fa\u5177\u6709\u5e74\u8f15\u54c1\u724c\u5f62\u8c61\u7684\u4f01\u696d\uff0c\u4f46\u53c8\u8981\u80fd\u8b93\u4eba\u653e\u5fc3\uff0c\u56e0\u6b64\u591a\u6dfb\u52a0\u4e86\u4e00\u4e9b\u6a39\u679d\u7d0b\uff0c\u7d30\u7dfb\u7684\u7d0b\u7406\u5c31\u50cf\u7e1d\u5bc6\u7684\u5fc3\u601d\uff0c\u52c7\u6562\u800c\u8b39\u614e\u3002","robots":{"index":"index","follow":"follow","max-snippet":"max-snippet:-1","max-image-preview":"max-image-preview:large","max-video-preview":"max-video-preview:-1"},"canonical":"https:\/\/leatai.com\/pt-br\/product\/caderno-personalizado\/caderno-removivel\/ldo-007\/","og_locale":"pt_BR","og_type":"article","og_title":"LDO-007 - Leatai \u2013 Fabricante de cadernos personalizados","og_description":"\u78ca\u6cf0\u7522\u54c1\u578b\u865f\uff1aLDO-007\uff0c\u5e74\u8f15\u7684\u7da0\u8272\u5f88\u96e3\u99d5\u99ad\uff0c\u5c24\u5176\u662f\u5e0c\u671b\u8868\u73fe\u51fa\u5177\u6709\u5e74\u8f15\u54c1\u724c\u5f62\u8c61\u7684\u4f01\u696d\uff0c\u4f46\u53c8\u8981\u80fd\u8b93\u4eba\u653e\u5fc3\uff0c\u56e0\u6b64\u591a\u6dfb\u52a0\u4e86\u4e00\u4e9b\u6a39\u679d\u7d0b\uff0c\u7d30\u7dfb\u7684\u7d0b\u7406\u5c31\u50cf\u7e1d\u5bc6\u7684\u5fc3\u601d\uff0c\u52c7\u6562\u800c\u8b39\u614e\u3002","og_url":"https:\/\/leatai.com\/pt-br\/product\/caderno-personalizado\/caderno-removivel\/ldo-007\/","og_site_name":"Leatai \u2013 Fabricante de cadernos personalizados","article_modified_time":"2025-12-02T02:48:18+00:00","og_image":[{"width":1000,"height":750,"url":"https:\/\/leatai.com\/wp-content\/uploads\/2015_08_18_1513140.jpg","type":"image\/jpeg"}],"twitter_card":"summary_large_image","twitter_misc":{"Est. tempo de leitura":"1 minuto"},"schema":{"@context":"https:\/\/schema.org","@graph":[{"@type":"WebPage","@id":"https:\/\/leatai.com\/pt-br\/product\/caderno-personalizado\/caderno-removivel\/ldo-007\/","url":"https:\/\/leatai.com\/pt-br\/product\/caderno-personalizado\/caderno-removivel\/ldo-007\/","name":"LDO-007 - Leatai \u2013 Fabricante de cadernos personalizados","isPartOf":{"@id":"https:\/\/leatai.com\/pt-br\/#website"},"primaryImageOfPage":{"@id":"https:\/\/leatai.com\/pt-br\/product\/caderno-personalizado\/caderno-removivel\/ldo-007\/#primaryimage"},"image":{"@id":"https:\/\/leatai.com\/pt-br\/product\/caderno-personalizado\/caderno-removivel\/ldo-007\/#primaryimage"},"thumbnailUrl":"https:\/\/leatai.com\/wp-content\/uploads\/2015_08_18_1513140.jpg","datePublished":"2021-06-24T05:30:42+00:00","dateModified":"2025-12-02T02:48:18+00:00","description":"\u78ca\u6cf0\u7522\u54c1\u578b\u865f\uff1aLDO-007\uff0c\u5e74\u8f15\u7684\u7da0\u8272\u5f88\u96e3\u99d5\u99ad\uff0c\u5c24\u5176\u662f\u5e0c\u671b\u8868\u73fe\u51fa\u5177\u6709\u5e74\u8f15\u54c1\u724c\u5f62\u8c61\u7684\u4f01\u696d\uff0c\u4f46\u53c8\u8981\u80fd\u8b93\u4eba\u653e\u5fc3\uff0c\u56e0\u6b64\u591a\u6dfb\u52a0\u4e86\u4e00\u4e9b\u6a39\u679d\u7d0b\uff0c\u7d30\u7dfb\u7684\u7d0b\u7406\u5c31\u50cf\u7e1d\u5bc6\u7684\u5fc3\u601d\uff0c\u52c7\u6562\u800c\u8b39\u614e\u3002","breadcrumb":{"@id":"https:\/\/leatai.com\/pt-br\/product\/caderno-personalizado\/caderno-removivel\/ldo-007\/#breadcrumb"},"inLanguage":"pt-BR","potentialAction":[{"@type":"ReadAction","target":["https:\/\/leatai.com\/pt-br\/product\/caderno-personalizado\/caderno-removivel\/ldo-007\/"]}]},{"@type":"ImageObject","inLanguage":"pt-BR","@id":"https:\/\/leatai.com\/pt-br\/product\/caderno-personalizado\/caderno-removivel\/ldo-007\/#primaryimage","url":"https:\/\/leatai.com\/wp-content\/uploads\/2015_08_18_1513140.jpg","contentUrl":"https:\/\/leatai.com\/wp-content\/uploads\/2015_08_18_1513140.jpg","width":1000,"height":750},{"@type":"BreadcrumbList","@id":"https:\/\/leatai.com\/pt-br\/product\/caderno-personalizado\/caderno-removivel\/ldo-007\/#breadcrumb","itemListElement":[{"@type":"ListItem","position":1,"name":"Home","item":"https:\/\/leatai.com\/pt-br\/"},{"@type":"ListItem","position":2,"name":"Apresenta\u00e7\u00e3o de produtos","item":"https:\/\/leatai.com\/products\/"},{"@type":"ListItem","position":3,"name":"Caderno personalizado","item":"https:\/\/leatai.com\/pt-br\/categoria-produto\/caderno-personalizado\/"},{"@type":"ListItem","position":4,"name":"Caderno remov\u00edvel","item":"https:\/\/leatai.com\/pt-br\/categoria-produto\/caderno-personalizado\/caderno-removivel\/"},{"@type":"ListItem","position":5,"name":"LDO-007"}]},{"@type":"WebSite","@id":"https:\/\/leatai.com\/pt-br\/#website","url":"https:\/\/leatai.com\/pt-br\/","name":"Leatai \u2013 Fabricante de cadernos personalizados","description":"A Leatai fornece cadernos e planejadores personalizados para marcas e distribuidores em todo o mundo.","publisher":{"@id":"https:\/\/leatai.com\/pt-br\/#organization"},"potentialAction":[{"@type":"SearchAction","target":{"@type":"EntryPoint","urlTemplate":"https:\/\/leatai.com\/pt-br\/?s={search_term_string}"},"query-input":{"@type":"PropertyValueSpecification","valueRequired":true,"valueName":"search_term_string"}}],"inLanguage":"pt-BR"},{"@type":"Organization","@id":"https:\/\/leatai.com\/pt-br\/#organization","name":"Leatai Diary, customized journal and business organizer","url":"https:\/\/leatai.com\/pt-br\/","logo":{"@type":"ImageObject","inLanguage":"pt-BR","@id":"https:\/\/leatai.com\/pt-br\/#\/schema\/logo\/image\/","url":"https:\/\/leatai.com\/wp-content\/uploads\/logo-blue.png","contentUrl":"https:\/\/leatai.com\/wp-content\/uploads\/logo-blue.png","width":230,"height":60,"caption":"Leatai Diary, customized journal and business organizer"},"image":{"@id":"https:\/\/leatai.com\/pt-br\/#\/schema\/logo\/image\/"},"telephone":"+886-2-8227-8800","legalName":"Leatai Stationary Co., Ltd.","description":"A leading notebook factory in Taiwan offering bespoke branding, high-quality binding, and premium paper selections for corporate gifts and stationery wholesale.","address":{"@type":"PostalAddress","streetAddress":"11F., No. 168, Jiankang Rd.","addressLocality":"Zhonghe Dist.","addressRegion":"New Taipei City","postalCode":"235","addressCountry":"TW"},"contactPoint":{"@type":"ContactPoint","telephone":"+886-2-8227-8800","contactType":"sales","areaServed":"Worldwide","availableLanguage":["zh-TW","en"]}}]}},"_links":{"self":[{"href":"https:\/\/leatai.com\/pt-br\/wp-json\/wp\/v2\/product\/237919","targetHints":{"allow":["GET"]}}],"collection":[{"href":"https:\/\/leatai.com\/pt-br\/wp-json\/wp\/v2\/product"}],"about":[{"href":"https:\/\/leatai.com\/pt-br\/wp-json\/wp\/v2\/types\/product"}],"wp:featuredmedia":[{"embeddable":true,"href":"https:\/\/leatai.com\/pt-br\/wp-json\/wp\/v2\/media\/237920"}],"wp:attachment":[{"href":"https:\/\/leatai.com\/pt-br\/wp-json\/wp\/v2\/media?parent=237919"}],"wp:term":[{"taxonomy":"product_brand","embeddable":true,"href":"https:\/\/leatai.com\/pt-br\/wp-json\/wp\/v2\/product_brand?post=237919"},{"taxonomy":"product_cat","embeddable":true,"href":"https:\/\/leatai.com\/pt-br\/wp-json\/wp\/v2\/product_cat?post=237919"},{"taxonomy":"product_tag","embeddable":true,"href":"https:\/\/leatai.com\/pt-br\/wp-json\/wp\/v2\/product_tag?post=237919"},{"taxonomy":"home_works","embeddable":true,"href":"https:\/\/leatai.com\/pt-br\/wp-json\/wp\/v2\/home_works?post=237919"}],"curies":[{"name":"wp","href":"https:\/\/api.w.org\/{rel}","templated":true}]}}