{"id":235920,"date":"2021-06-24T13:29:16","date_gmt":"2021-06-24T05:29:16","guid":{"rendered":"https:\/\/leatai.com\/product\/sem%20categoria\/%e9%85%8d%e4%bb%b6-%e7%8e%ab%e7%91%b0%e9%87%91%e5%ad%9f%e5%ae%97%e7%ab%b9%e6%8a%bd%e5%8f%96%e5%a4%be\/"},"modified":"2025-12-02T14:31:41","modified_gmt":"2025-12-02T06:31:41","slug":"acessorio-clipe-extrator-em-bambu-moso-com-acabamento-em-ouro-rose","status":"publish","type":"product","link":"https:\/\/leatai.com\/pt-br\/product\/caderno-personalizado\/caderno-removivel\/acessorio-clipe-extrator-em-bambu-moso-com-acabamento-em-ouro-rose\/","title":{"rendered":"Acess\u00f3rio \u2013 Clipe extrator em bambu Moso com acabamento em ouro ros\u00e9."},"content":{"rendered":"<p>Descri\u00e7\u00e3o do produto<br \/>\nO produto da Leatai, modelo Acess\u00f3rio \u2013 Ros\u00e9 Gold + Clipe extrator em bambu Moso, j\u00e1 se destaca pelo uso do bambu Moso, um material natural de excelente qualidade, por\u00e9m com alta taxa de perda durante a produ\u00e7\u00e3o. Agora, combinado com o clipe extrator em tom ros\u00e9 gold, o resultado \u00e9 um acabamento com um n\u00edvel de sofistica\u00e7\u00e3o insubstitu\u00edvel. Um m\u00e9todo exclusivo e uma inova\u00e7\u00e3o realmente dif\u00edcil de alcan\u00e7ar.<\/p>\n<p>\ud83d\udcd6 Di\u00e1rio comercial padr\u00e3o:<a href=\"https:\/\/leatai.com\/pt-br\/categoria-produto\/caderno-personalizado\/\" target=\"_blank\" rel=\"noopener\"> todos os modelos da s\u00e9rie de di\u00e1rios comerciais \/ p\u00e1ginas internas dos di\u00e1rios comerciais<\/a><br \/>\n\ud83d\udcd6 Para mais recomenda\u00e7\u00f5es de notebooks personalizados\/produ\u00e7\u00e3o personalizada de di\u00e1rios comerciais, consulte:<br \/>\n<a href=\"https:\/\/leatai.com\/pt-br\/categoria-produto\/varios-amostras-oem\/caderno-de-capa-dura-oem\/\" target=\"_blank\" rel=\"noopener\">OEM capa dura<\/a><br \/>\n<a href=\"https:\/\/leatai.com\/pt-br\/categoria-produto\/varios-amostras-oem\/caderno-de-folhas-soltas-oem\/\" target=\"_blank\" rel=\"noopener\">OEM fich\u00e1rio<\/a><br \/>\n<a href=\"https:\/\/leatai.com\/pt-br\/categoria-produto\/varios-amostras-oem\/caderno-removivel-oem\/\" target=\"_blank\" rel=\"noopener\">OEM fich\u00e1rio destac\u00e1vel<\/a><br \/>\n<a href=\"https:\/\/leatai.com\/pt-br\/categoria-produto\/varios-amostras-oem\/caderno-brochura-oem\/\" target=\"_blank\" rel=\"noopener\">OEM capa mole<\/a><br \/>\n<a href=\"https:\/\/leatai.com\/pt-br\/categoria-produto\/varios-amostras-oem\/caderno-espiral-oem\/\" target=\"_blank\" rel=\"noopener\">OEM espiral<\/a><br \/>\n<a href=\"https:\/\/leatai.com\/pt-br\/categoria-produto\/varios-amostras-oem\/calendario-oem-pt-br\/\" target=\"_blank\" rel=\"noopener\">OEM produ\u00e7\u00e3o personalizada de mini calend\u00e1rios destac\u00e1veis\/calend\u00e1rios de mesa personalizados<\/a><br \/>\n<a href=\"https:\/\/leatai.com\/pt-br\/categoria-produto\/varios-amostras-oem\/oem-outros\/\" target=\"_blank\" rel=\"noopener\">OEM outros<\/a><\/p>\n<p>Para explica\u00e7\u00f5es completas sobre tamanhos, consulte: <a href=\"https:\/\/leatai.com\/pt-br\/conhecimento-sobre-cadernos\/guia-de-tamanhos-de-papel-entendendo-tamanhos-comuns-como-b3-a4-b5-8k-16k-e-mais-um-grafico-de-tamanhos-abrangente-para-referencia-facil\/\" target=\"_blank\" rel=\"noopener\">Guia de tamanhos de papel: B3, A4, B5, 8K, 16K e outros \u2014 como diferenciar? Tabela comparativa de tamanhos de papel para entender de imediato!<\/a><\/p>\n<p><iframe title=\"How to DIY a removable notebook\" width=\"800\" height=\"450\" src=\"https:\/\/www.youtube.com\/embed\/OsLvh1PRzxo?feature=oembed&#038;enablejsapi=1&#038;origin=https:\/\/leatai.com\" frameborder=\"0\" allow=\"accelerometer; autoplay; clipboard-write; encrypted-media; gyroscope; picture-in-picture; web-share\" referrerpolicy=\"strict-origin-when-cross-origin\" allowfullscreen><\/iframe><\/p>\n","protected":false},"excerpt":{"rendered":"<p>Caderno de argolas remov\u00edveis com acess\u00f3rios met\u00e1licos em tom ros\u00e9 gold, combinado com bambu Moso natural. A sensa\u00e7\u00e3o ao toque \u00e9 suave e acolhedora, unindo beleza e funcionalidade.<\/p>\n","protected":false},"featured_media":235921,"template":"","meta":{"_acf_changed":false},"product_brand":[],"product_cat":[784],"product_tag":[],"home_works":[],"class_list":{"0":"post-235920","1":"product","2":"type-product","3":"status-publish","4":"has-post-thumbnail","6":"product_cat-caderno-removivel","8":"first","9":"outofstock","10":"sold-individually","11":"shipping-taxable","12":"purchasable","13":"product-type-variable","14":"has-default-attributes"},"acf":[],"yoast_head":"<!-- This site is optimized with the Yoast SEO plugin v27.2 - https:\/\/yoast.com\/product\/yoast-seo-wordpress\/ -->\n<title>Acess\u00f3rio \u2013 Clipe extrator em bambu Moso com acabamento em ouro ros\u00e9. - \u00c9 incr\u00edvel que exista um fich\u00e1rio em ros\u00e9 gold. - Leatai \u2013 Fabricante de cadernos personalizados<\/title>\n<meta name=\"description\" content=\"O produto da Leatai, modelo Acess\u00f3rio \u2013 Ros\u00e9 Gold + Clipe extrator em bambu Moso, j\u00e1 se destaca pelo uso do bambu Moso, um material natural de excelente qualidade, por\u00e9m com alta taxa de perda durante a produ\u00e7\u00e3o. Agora, combinado com o clipe extrator em tom ros\u00e9 gold, o resultado \u00e9 um acabamento com um n\u00edvel de sofistica\u00e7\u00e3o insubstitu\u00edvel. Um m\u00e9todo exclusivo e uma inova\u00e7\u00e3o realmente dif\u00edcil de alcan\u00e7ar.\" \/>\n<meta name=\"robots\" content=\"index, follow, max-snippet:-1, max-image-preview:large, max-video-preview:-1\" \/>\n<link rel=\"canonical\" href=\"https:\/\/leatai.com\/pt-br\/product\/caderno-personalizado\/caderno-removivel\/acessorio-clipe-extrator-em-bambu-moso-com-acabamento-em-ouro-rose\/\" \/>\n<meta property=\"og:locale\" content=\"pt_BR\" \/>\n<meta property=\"og:type\" content=\"article\" \/>\n<meta property=\"og:title\" content=\"Acess\u00f3rio \u2013 Clipe extrator em bambu Moso com acabamento em ouro ros\u00e9. - \u00c9 incr\u00edvel que exista um fich\u00e1rio em ros\u00e9 gold. - Leatai \u2013 Fabricante de cadernos personalizados\" \/>\n<meta property=\"og:description\" content=\"O produto da Leatai, modelo Acess\u00f3rio \u2013 Ros\u00e9 Gold + Clipe extrator em bambu Moso, j\u00e1 se destaca pelo uso do bambu Moso, um material natural de excelente qualidade, por\u00e9m com alta taxa de perda durante a produ\u00e7\u00e3o. Agora, combinado com o clipe extrator em tom ros\u00e9 gold, o resultado \u00e9 um acabamento com um n\u00edvel de sofistica\u00e7\u00e3o insubstitu\u00edvel. Um m\u00e9todo exclusivo e uma inova\u00e7\u00e3o realmente dif\u00edcil de alcan\u00e7ar.\" \/>\n<meta property=\"og:url\" content=\"https:\/\/leatai.com\/pt-br\/product\/caderno-personalizado\/caderno-removivel\/acessorio-clipe-extrator-em-bambu-moso-com-acabamento-em-ouro-rose\/\" \/>\n<meta property=\"og:site_name\" content=\"Leatai \u2013 Fabricante de cadernos personalizados\" \/>\n<meta property=\"article:modified_time\" content=\"2025-12-02T06:31:41+00:00\" \/>\n<meta property=\"og:image\" content=\"https:\/\/leatai.com\/wp-content\/uploads\/2020_08_11_1632170.jpg\" \/>\n\t<meta property=\"og:image:width\" content=\"1000\" \/>\n\t<meta property=\"og:image:height\" content=\"750\" \/>\n\t<meta property=\"og:image:type\" content=\"image\/jpeg\" \/>\n<meta name=\"twitter:card\" content=\"summary_large_image\" \/>\n<meta name=\"twitter:label1\" content=\"Est. tempo de leitura\" \/>\n\t<meta name=\"twitter:data1\" content=\"2 minutos\" \/>\n<script type=\"application\/ld+json\" class=\"yoast-schema-graph\">{\"@context\":\"https:\/\/schema.org\",\"@graph\":[{\"@type\":\"WebPage\",\"@id\":\"https:\/\/leatai.com\/pt-br\/product\/caderno-personalizado\/caderno-removivel\/acessorio-clipe-extrator-em-bambu-moso-com-acabamento-em-ouro-rose\/\",\"url\":\"https:\/\/leatai.com\/pt-br\/product\/caderno-personalizado\/caderno-removivel\/acessorio-clipe-extrator-em-bambu-moso-com-acabamento-em-ouro-rose\/\",\"name\":\"Acess\u00f3rio \u2013 Clipe extrator em bambu Moso com acabamento em ouro ros\u00e9. - \u00c9 incr\u00edvel que exista um fich\u00e1rio em ros\u00e9 gold. - Leatai \u2013 Fabricante de cadernos personalizados\",\"isPartOf\":{\"@id\":\"https:\/\/leatai.com\/pt-br\/#website\"},\"primaryImageOfPage\":{\"@id\":\"https:\/\/leatai.com\/pt-br\/product\/caderno-personalizado\/caderno-removivel\/acessorio-clipe-extrator-em-bambu-moso-com-acabamento-em-ouro-rose\/#primaryimage\"},\"image\":{\"@id\":\"https:\/\/leatai.com\/pt-br\/product\/caderno-personalizado\/caderno-removivel\/acessorio-clipe-extrator-em-bambu-moso-com-acabamento-em-ouro-rose\/#primaryimage\"},\"thumbnailUrl\":\"https:\/\/leatai.com\/wp-content\/uploads\/2020_08_11_1632170.jpg\",\"datePublished\":\"2021-06-24T05:29:16+00:00\",\"dateModified\":\"2025-12-02T06:31:41+00:00\",\"description\":\"O produto da Leatai, modelo Acess\u00f3rio \u2013 Ros\u00e9 Gold + Clipe extrator em bambu Moso, j\u00e1 se destaca pelo uso do bambu Moso, um material natural de excelente qualidade, por\u00e9m com alta taxa de perda durante a produ\u00e7\u00e3o. Agora, combinado com o clipe extrator em tom ros\u00e9 gold, o resultado \u00e9 um acabamento com um n\u00edvel de sofistica\u00e7\u00e3o insubstitu\u00edvel. Um m\u00e9todo exclusivo e uma inova\u00e7\u00e3o realmente dif\u00edcil de alcan\u00e7ar.\",\"breadcrumb\":{\"@id\":\"https:\/\/leatai.com\/pt-br\/product\/caderno-personalizado\/caderno-removivel\/acessorio-clipe-extrator-em-bambu-moso-com-acabamento-em-ouro-rose\/#breadcrumb\"},\"inLanguage\":\"pt-BR\",\"potentialAction\":[{\"@type\":\"ReadAction\",\"target\":[\"https:\/\/leatai.com\/pt-br\/product\/caderno-personalizado\/caderno-removivel\/acessorio-clipe-extrator-em-bambu-moso-com-acabamento-em-ouro-rose\/\"]}]},{\"@type\":\"ImageObject\",\"inLanguage\":\"pt-BR\",\"@id\":\"https:\/\/leatai.com\/pt-br\/product\/caderno-personalizado\/caderno-removivel\/acessorio-clipe-extrator-em-bambu-moso-com-acabamento-em-ouro-rose\/#primaryimage\",\"url\":\"https:\/\/leatai.com\/wp-content\/uploads\/2020_08_11_1632170.jpg\",\"contentUrl\":\"https:\/\/leatai.com\/wp-content\/uploads\/2020_08_11_1632170.jpg\",\"width\":1000,\"height\":750},{\"@type\":\"BreadcrumbList\",\"@id\":\"https:\/\/leatai.com\/pt-br\/product\/caderno-personalizado\/caderno-removivel\/acessorio-clipe-extrator-em-bambu-moso-com-acabamento-em-ouro-rose\/#breadcrumb\",\"itemListElement\":[{\"@type\":\"ListItem\",\"position\":1,\"name\":\"Home\",\"item\":\"https:\/\/leatai.com\/pt-br\/\"},{\"@type\":\"ListItem\",\"position\":2,\"name\":\"Apresenta\u00e7\u00e3o de produtos\",\"item\":\"https:\/\/leatai.com\/products\/\"},{\"@type\":\"ListItem\",\"position\":3,\"name\":\"Caderno personalizado\",\"item\":\"https:\/\/leatai.com\/pt-br\/categoria-produto\/caderno-personalizado\/\"},{\"@type\":\"ListItem\",\"position\":4,\"name\":\"Caderno remov\u00edvel\",\"item\":\"https:\/\/leatai.com\/pt-br\/categoria-produto\/caderno-personalizado\/caderno-removivel\/\"},{\"@type\":\"ListItem\",\"position\":5,\"name\":\"Acess\u00f3rio \u2013 Clipe extrator em bambu Moso com acabamento em ouro ros\u00e9.\"}]},{\"@type\":\"WebSite\",\"@id\":\"https:\/\/leatai.com\/pt-br\/#website\",\"url\":\"https:\/\/leatai.com\/pt-br\/\",\"name\":\"Leatai \u2013 Fabricante de cadernos personalizados\",\"description\":\"A Leatai fornece cadernos e planejadores personalizados para marcas e distribuidores em todo o mundo.\",\"publisher\":{\"@id\":\"https:\/\/leatai.com\/pt-br\/#organization\"},\"potentialAction\":[{\"@type\":\"SearchAction\",\"target\":{\"@type\":\"EntryPoint\",\"urlTemplate\":\"https:\/\/leatai.com\/pt-br\/?s={search_term_string}\"},\"query-input\":{\"@type\":\"PropertyValueSpecification\",\"valueRequired\":true,\"valueName\":\"search_term_string\"}}],\"inLanguage\":\"pt-BR\"},{\"@type\":\"Organization\",\"@id\":\"https:\/\/leatai.com\/pt-br\/#organization\",\"name\":\"Leatai Diary, customized journal and business organizer\",\"url\":\"https:\/\/leatai.com\/pt-br\/\",\"logo\":{\"@type\":\"ImageObject\",\"inLanguage\":\"pt-BR\",\"@id\":\"https:\/\/leatai.com\/pt-br\/#\/schema\/logo\/image\/\",\"url\":\"https:\/\/leatai.com\/wp-content\/uploads\/logo-blue.png\",\"contentUrl\":\"https:\/\/leatai.com\/wp-content\/uploads\/logo-blue.png\",\"width\":230,\"height\":60,\"caption\":\"Leatai Diary, customized journal and business organizer\"},\"image\":{\"@id\":\"https:\/\/leatai.com\/pt-br\/#\/schema\/logo\/image\/\"},\"telephone\":\"+886-2-8227-8800\",\"legalName\":\"Leatai Stationary Co., Ltd.\",\"description\":\"A leading notebook factory in Taiwan offering bespoke branding, high-quality binding, and premium paper selections for corporate gifts and stationery wholesale.\",\"address\":{\"@type\":\"PostalAddress\",\"streetAddress\":\"11F., No. 168, Jiankang Rd.\",\"addressLocality\":\"Zhonghe Dist.\",\"addressRegion\":\"New Taipei City\",\"postalCode\":\"235\",\"addressCountry\":\"TW\"},\"contactPoint\":{\"@type\":\"ContactPoint\",\"telephone\":\"+886-2-8227-8800\",\"contactType\":\"sales\",\"areaServed\":\"Worldwide\",\"availableLanguage\":[\"zh-TW\",\"en\"]}}]}<\/script>\n<!-- \/ Yoast SEO plugin. -->","yoast_head_json":{"title":"Acess\u00f3rio \u2013 Clipe extrator em bambu Moso com acabamento em ouro ros\u00e9. - \u00c9 incr\u00edvel que exista um fich\u00e1rio em ros\u00e9 gold. - Leatai \u2013 Fabricante de cadernos personalizados","description":"O produto da Leatai, modelo Acess\u00f3rio \u2013 Ros\u00e9 Gold + Clipe extrator em bambu Moso, j\u00e1 se destaca pelo uso do bambu Moso, um material natural de excelente qualidade, por\u00e9m com alta taxa de perda durante a produ\u00e7\u00e3o. Agora, combinado com o clipe extrator em tom ros\u00e9 gold, o resultado \u00e9 um acabamento com um n\u00edvel de sofistica\u00e7\u00e3o insubstitu\u00edvel. Um m\u00e9todo exclusivo e uma inova\u00e7\u00e3o realmente dif\u00edcil de alcan\u00e7ar.","robots":{"index":"index","follow":"follow","max-snippet":"max-snippet:-1","max-image-preview":"max-image-preview:large","max-video-preview":"max-video-preview:-1"},"canonical":"https:\/\/leatai.com\/pt-br\/product\/caderno-personalizado\/caderno-removivel\/acessorio-clipe-extrator-em-bambu-moso-com-acabamento-em-ouro-rose\/","og_locale":"pt_BR","og_type":"article","og_title":"Acess\u00f3rio \u2013 Clipe extrator em bambu Moso com acabamento em ouro ros\u00e9. - \u00c9 incr\u00edvel que exista um fich\u00e1rio em ros\u00e9 gold. - Leatai \u2013 Fabricante de cadernos personalizados","og_description":"O produto da Leatai, modelo Acess\u00f3rio \u2013 Ros\u00e9 Gold + Clipe extrator em bambu Moso, j\u00e1 se destaca pelo uso do bambu Moso, um material natural de excelente qualidade, por\u00e9m com alta taxa de perda durante a produ\u00e7\u00e3o. Agora, combinado com o clipe extrator em tom ros\u00e9 gold, o resultado \u00e9 um acabamento com um n\u00edvel de sofistica\u00e7\u00e3o insubstitu\u00edvel. Um m\u00e9todo exclusivo e uma inova\u00e7\u00e3o realmente dif\u00edcil de alcan\u00e7ar.","og_url":"https:\/\/leatai.com\/pt-br\/product\/caderno-personalizado\/caderno-removivel\/acessorio-clipe-extrator-em-bambu-moso-com-acabamento-em-ouro-rose\/","og_site_name":"Leatai \u2013 Fabricante de cadernos personalizados","article_modified_time":"2025-12-02T06:31:41+00:00","og_image":[{"width":1000,"height":750,"url":"https:\/\/leatai.com\/wp-content\/uploads\/2020_08_11_1632170.jpg","type":"image\/jpeg"}],"twitter_card":"summary_large_image","twitter_misc":{"Est. tempo de leitura":"2 minutos"},"schema":{"@context":"https:\/\/schema.org","@graph":[{"@type":"WebPage","@id":"https:\/\/leatai.com\/pt-br\/product\/caderno-personalizado\/caderno-removivel\/acessorio-clipe-extrator-em-bambu-moso-com-acabamento-em-ouro-rose\/","url":"https:\/\/leatai.com\/pt-br\/product\/caderno-personalizado\/caderno-removivel\/acessorio-clipe-extrator-em-bambu-moso-com-acabamento-em-ouro-rose\/","name":"Acess\u00f3rio \u2013 Clipe extrator em bambu Moso com acabamento em ouro ros\u00e9. - \u00c9 incr\u00edvel que exista um fich\u00e1rio em ros\u00e9 gold. - Leatai \u2013 Fabricante de cadernos personalizados","isPartOf":{"@id":"https:\/\/leatai.com\/pt-br\/#website"},"primaryImageOfPage":{"@id":"https:\/\/leatai.com\/pt-br\/product\/caderno-personalizado\/caderno-removivel\/acessorio-clipe-extrator-em-bambu-moso-com-acabamento-em-ouro-rose\/#primaryimage"},"image":{"@id":"https:\/\/leatai.com\/pt-br\/product\/caderno-personalizado\/caderno-removivel\/acessorio-clipe-extrator-em-bambu-moso-com-acabamento-em-ouro-rose\/#primaryimage"},"thumbnailUrl":"https:\/\/leatai.com\/wp-content\/uploads\/2020_08_11_1632170.jpg","datePublished":"2021-06-24T05:29:16+00:00","dateModified":"2025-12-02T06:31:41+00:00","description":"O produto da Leatai, modelo Acess\u00f3rio \u2013 Ros\u00e9 Gold + Clipe extrator em bambu Moso, j\u00e1 se destaca pelo uso do bambu Moso, um material natural de excelente qualidade, por\u00e9m com alta taxa de perda durante a produ\u00e7\u00e3o. Agora, combinado com o clipe extrator em tom ros\u00e9 gold, o resultado \u00e9 um acabamento com um n\u00edvel de sofistica\u00e7\u00e3o insubstitu\u00edvel. Um m\u00e9todo exclusivo e uma inova\u00e7\u00e3o realmente dif\u00edcil de alcan\u00e7ar.","breadcrumb":{"@id":"https:\/\/leatai.com\/pt-br\/product\/caderno-personalizado\/caderno-removivel\/acessorio-clipe-extrator-em-bambu-moso-com-acabamento-em-ouro-rose\/#breadcrumb"},"inLanguage":"pt-BR","potentialAction":[{"@type":"ReadAction","target":["https:\/\/leatai.com\/pt-br\/product\/caderno-personalizado\/caderno-removivel\/acessorio-clipe-extrator-em-bambu-moso-com-acabamento-em-ouro-rose\/"]}]},{"@type":"ImageObject","inLanguage":"pt-BR","@id":"https:\/\/leatai.com\/pt-br\/product\/caderno-personalizado\/caderno-removivel\/acessorio-clipe-extrator-em-bambu-moso-com-acabamento-em-ouro-rose\/#primaryimage","url":"https:\/\/leatai.com\/wp-content\/uploads\/2020_08_11_1632170.jpg","contentUrl":"https:\/\/leatai.com\/wp-content\/uploads\/2020_08_11_1632170.jpg","width":1000,"height":750},{"@type":"BreadcrumbList","@id":"https:\/\/leatai.com\/pt-br\/product\/caderno-personalizado\/caderno-removivel\/acessorio-clipe-extrator-em-bambu-moso-com-acabamento-em-ouro-rose\/#breadcrumb","itemListElement":[{"@type":"ListItem","position":1,"name":"Home","item":"https:\/\/leatai.com\/pt-br\/"},{"@type":"ListItem","position":2,"name":"Apresenta\u00e7\u00e3o de produtos","item":"https:\/\/leatai.com\/products\/"},{"@type":"ListItem","position":3,"name":"Caderno personalizado","item":"https:\/\/leatai.com\/pt-br\/categoria-produto\/caderno-personalizado\/"},{"@type":"ListItem","position":4,"name":"Caderno remov\u00edvel","item":"https:\/\/leatai.com\/pt-br\/categoria-produto\/caderno-personalizado\/caderno-removivel\/"},{"@type":"ListItem","position":5,"name":"Acess\u00f3rio \u2013 Clipe extrator em bambu Moso com acabamento em ouro ros\u00e9."}]},{"@type":"WebSite","@id":"https:\/\/leatai.com\/pt-br\/#website","url":"https:\/\/leatai.com\/pt-br\/","name":"Leatai \u2013 Fabricante de cadernos personalizados","description":"A Leatai fornece cadernos e planejadores personalizados para marcas e distribuidores em todo o mundo.","publisher":{"@id":"https:\/\/leatai.com\/pt-br\/#organization"},"potentialAction":[{"@type":"SearchAction","target":{"@type":"EntryPoint","urlTemplate":"https:\/\/leatai.com\/pt-br\/?s={search_term_string}"},"query-input":{"@type":"PropertyValueSpecification","valueRequired":true,"valueName":"search_term_string"}}],"inLanguage":"pt-BR"},{"@type":"Organization","@id":"https:\/\/leatai.com\/pt-br\/#organization","name":"Leatai Diary, customized journal and business organizer","url":"https:\/\/leatai.com\/pt-br\/","logo":{"@type":"ImageObject","inLanguage":"pt-BR","@id":"https:\/\/leatai.com\/pt-br\/#\/schema\/logo\/image\/","url":"https:\/\/leatai.com\/wp-content\/uploads\/logo-blue.png","contentUrl":"https:\/\/leatai.com\/wp-content\/uploads\/logo-blue.png","width":230,"height":60,"caption":"Leatai Diary, customized journal and business organizer"},"image":{"@id":"https:\/\/leatai.com\/pt-br\/#\/schema\/logo\/image\/"},"telephone":"+886-2-8227-8800","legalName":"Leatai Stationary Co., Ltd.","description":"A leading notebook factory in Taiwan offering bespoke branding, high-quality binding, and premium paper selections for corporate gifts and stationery wholesale.","address":{"@type":"PostalAddress","streetAddress":"11F., No. 168, Jiankang Rd.","addressLocality":"Zhonghe Dist.","addressRegion":"New Taipei City","postalCode":"235","addressCountry":"TW"},"contactPoint":{"@type":"ContactPoint","telephone":"+886-2-8227-8800","contactType":"sales","areaServed":"Worldwide","availableLanguage":["zh-TW","en"]}}]}},"_links":{"self":[{"href":"https:\/\/leatai.com\/pt-br\/wp-json\/wp\/v2\/product\/235920","targetHints":{"allow":["GET"]}}],"collection":[{"href":"https:\/\/leatai.com\/pt-br\/wp-json\/wp\/v2\/product"}],"about":[{"href":"https:\/\/leatai.com\/pt-br\/wp-json\/wp\/v2\/types\/product"}],"wp:featuredmedia":[{"embeddable":true,"href":"https:\/\/leatai.com\/pt-br\/wp-json\/wp\/v2\/media\/235921"}],"wp:attachment":[{"href":"https:\/\/leatai.com\/pt-br\/wp-json\/wp\/v2\/media?parent=235920"}],"wp:term":[{"taxonomy":"product_brand","embeddable":true,"href":"https:\/\/leatai.com\/pt-br\/wp-json\/wp\/v2\/product_brand?post=235920"},{"taxonomy":"product_cat","embeddable":true,"href":"https:\/\/leatai.com\/pt-br\/wp-json\/wp\/v2\/product_cat?post=235920"},{"taxonomy":"product_tag","embeddable":true,"href":"https:\/\/leatai.com\/pt-br\/wp-json\/wp\/v2\/product_tag?post=235920"},{"taxonomy":"home_works","embeddable":true,"href":"https:\/\/leatai.com\/pt-br\/wp-json\/wp\/v2\/home_works?post=235920"}],"curies":[{"name":"wp","href":"https:\/\/api.w.org\/{rel}","templated":true}]}}