{"id":235440,"date":"2021-06-24T13:26:43","date_gmt":"2021-06-24T05:26:43","guid":{"rendered":"https:\/\/leatai.com\/product\/sem%20categoria\/caderno-quadriculado-papel-proprio-para-caneta-tinteiro-caderno-exclusivo-de-taiwan-para-uso-com-caneta-tinteiro\/"},"modified":"2025-12-01T16:16:37","modified_gmt":"2025-12-01T08:16:37","slug":"caderno-quadriculado-papel-proprio-para-caneta-tinteiro-caderno-exclusivo-de-taiwan-para-uso-com-caneta-tinteiro","status":"publish","type":"product","link":"https:\/\/leatai.com\/pt-br\/product\/caderno-personalizado\/caderno-brochura\/caderno-quadriculado-papel-proprio-para-caneta-tinteiro-caderno-exclusivo-de-taiwan-para-uso-com-caneta-tinteiro\/","title":{"rendered":"Caderno quadriculado (papel pr\u00f3prio para caneta-tinteiro) \u2013 caderno exclusivo de Taiwan para uso com caneta-tinteiro"},"content":{"rendered":"<p>Modelo do produto: LSC-011 \u2013 Caderno Cl\u00e1ssico Quadriculado (Leatai Classic Notebook \u2013 Caderno Cl\u00e1ssico)<br \/>\nPapel: exclusivo \u2013 papel <em>Jieshi<\/em> (papel especial para caneta-tinteiro \u2013 bege) \/ capa preta<br \/>\nEspessura: 80 g (80 folhas, 160 p\u00e1ginas por caderno)<br \/>\nFormato: <a href=\"https:\/\/leatai.com\/pt-br\/product\/formato-da-pagina-interna\/paginas-internas-a5\/lgp-paginas-quadriculadas-para-anotacoes-l25k\/\" target=\"_blank\" rel=\"noopener\">LGP \u2013 p\u00e1ginas quadriculadas \u2013 L25K<\/a><br \/>\nTamanho: 25K \u2013 A5 (aprox. 14,8 \u00d7 20,5 cm)<br \/>\nEmbalagem: saco OPP (opcional)<br \/>\nM\u00e9todo de aplica\u00e7\u00e3o do LOGO: hot stamping dourado \/ hot stamping prateado<br \/>\nConte\u00fado:<\/p>\n<p>Caderno exclusivo de Taiwan para caneta-tinteiro, desenvolvido especialmente para entusiastas de canetas-tinteiro<br \/>\nPapel ecol\u00f3gico com certifica\u00e7\u00e3o FSC, n\u00famero do certificado: SGSHK-COC-008383<br \/>\nO caderno abre totalmente a 180 graus, permitindo uma escrita fluida<br \/>\nCom adi\u00e7\u00e3o de componentes especiais para tornar a tinta da caneta-tinteiro mais intensa<br \/>\nPapel especial para escrita com caneta-tinteiro, reduz mais de 90% do efeito de penugem<\/p>\n<p>O caderno quadriculado, tamb\u00e9m conhecido como <em>grid notebook<\/em>, foi projetado para atender \u00e0s necessidades do p\u00fablico. As p\u00e1ginas esquerda e direita possuem layouts diferentes e podem ser totalmente abertas, garantindo escrita sem travar.<\/p>\n<p>A p\u00e1gina esquerda \u00e9 composta por linhas monocrom\u00e1ticas, e a p\u00e1gina direita \u00e9 quadriculada; o espa\u00e7amento vertical entre linhas em ambas \u00e9 de 5 mm, e a coluna de classifica\u00e7\u00e3o da p\u00e1gina esquerda tem 2,5 cm de largura.<\/p>\n<p>A p\u00e1gina esquerda facilita a organiza\u00e7\u00e3o de tarefas e listas; a p\u00e1gina direita possui quadros de 5 \u00d7 5 mm, ideal para engenheiros, artistas, entusiastas de <em>planners<\/em> e muitos outros usos.<\/p>\n<p>Este papel pode ser chamado de papel especial para caneta-tinteiro, desenvolvido especificamente para quem escreve com caneta-tinteiro. A adi\u00e7\u00e3o de componentes especiais torna a tinta mais v\u00edvida e reduz mais de 90% do efeito de penugem. Em compara\u00e7\u00e3o com agendas comuns dispon\u00edveis no mercado, a diferen\u00e7a \u00e9 evidente \u2014 com uma lupa, \u00e9 ainda mais poss\u00edvel observar seu acabamento refinado. Fa\u00e7a da sua escrita uma forma de arte! Em conformidade com os padr\u00f5es FSC.<\/p>\n<p>Compras no varejo: <a href=\"https:\/\/leatai.net\/product-tag\/%e6%96%b9%e6%a0%bc%e7%ad%86%e8%a8%98%e6%9c%ac\/\" target=\"_blank\" rel=\"noopener\">caderno quadriculado<\/a> \/ <a href=\"https:\/\/leatai.net\/product\/a5-%E7%B6%93%E5%85%B8%E6%96%B9%E6%A0%BC%E7%AD%86%E8%A8%98%E6%9C%AC-%E7%B1%B3%E8%89%B2-10%E6%9C%AC-%E7%B5%84\/?srsltid=AfmBOopbn1qMckeiSqMWjjngPel0vbyIBqdAOTZYYoC_CIUIAJnXHb56\" target=\"_blank\" rel=\"noopener\">caderno quadriculado em embalagem grande<\/a><\/p>\n<p>\ud83d\udcd6 Di\u00e1rio comercial padr\u00e3o:<a href=\"https:\/\/leatai.com\/pt-br\/categoria-produto\/caderno-personalizado\/\" target=\"_blank\" rel=\"noopener\"> todos os modelos da s\u00e9rie de di\u00e1rios comerciais \/ p\u00e1ginas internas dos di\u00e1rios comerciais<\/a><br \/>\n\ud83d\udcd6 Para mais recomenda\u00e7\u00f5es de notebooks personalizados\/produ\u00e7\u00e3o personalizada de di\u00e1rios comerciais, consulte:<br \/>\n<a href=\"https:\/\/leatai.com\/pt-br\/categoria-produto\/varios-amostras-oem\/caderno-de-capa-dura-oem\/\" target=\"_blank\" rel=\"noopener\">OEM capa dura<\/a><br \/>\n<a href=\"https:\/\/leatai.com\/pt-br\/categoria-produto\/varios-amostras-oem\/caderno-de-folhas-soltas-oem\/\" target=\"_blank\" rel=\"noopener\">OEM fich\u00e1rio<\/a><br \/>\n<a href=\"https:\/\/leatai.com\/pt-br\/categoria-produto\/varios-amostras-oem\/caderno-removivel-oem\/\" target=\"_blank\" rel=\"noopener\">OEM fich\u00e1rio destac\u00e1vel<\/a><br \/>\n<a href=\"https:\/\/leatai.com\/pt-br\/categoria-produto\/varios-amostras-oem\/caderno-brochura-oem\/\" target=\"_blank\" rel=\"noopener\">OEM capa mole<\/a><br \/>\n<a href=\"https:\/\/leatai.com\/pt-br\/categoria-produto\/varios-amostras-oem\/caderno-espiral-oem\/\" target=\"_blank\" rel=\"noopener\">OEM espiral<\/a><br \/>\n<a href=\"https:\/\/leatai.com\/pt-br\/categoria-produto\/varios-amostras-oem\/calendario-oem-pt-br\/\" target=\"_blank\" rel=\"noopener\">OEM produ\u00e7\u00e3o personalizada de mini calend\u00e1rios destac\u00e1veis\/calend\u00e1rios de mesa personalizados<\/a><br \/>\n<a href=\"https:\/\/leatai.com\/pt-br\/categoria-produto\/varios-amostras-oem\/oem-outros\/\" target=\"_blank\" rel=\"noopener\">OEM outros<\/a><\/p>\n<p>Para explica\u00e7\u00f5es completas sobre tamanhos, consulte: <a href=\"https:\/\/leatai.com\/pt-br\/conhecimento-sobre-cadernos\/guia-de-tamanhos-de-papel-entendendo-tamanhos-comuns-como-b3-a4-b5-8k-16k-e-mais-um-grafico-de-tamanhos-abrangente-para-referencia-facil\/\" target=\"_blank\" rel=\"noopener\">Guia de tamanhos de papel: B3, A4, B5, 8K, 16K e outros \u2014 como diferenciar? Tabela comparativa de tamanhos de papel para entender de imediato!<\/a><\/p>\n","protected":false},"excerpt":{"rendered":"<p>Leatai Classic Notebook<br \/>\nO orgulho de Taiwan \u2014 o papel <em>Mui Kai<\/em>. [Mui Kai Paper]. Mui Kai \u00e9 a pron\u00fancia em taiwan\u00eas da palavra \u201c meio de transmiss\u00e3o\u201d (meio, meio de transmiss\u00e3o), e o taiwan\u00eas \u00e9 uma l\u00edngua nativa de Taiwan. O papel \u00e9 um meio \u2014 um meio que transmite sentimentos e registra mem\u00f3rias.<\/p>\n<p>Utilizando exclusivamente o papel <em>Mui Kai<\/em> fabricado em Taiwan, cuja qualidade \u00e9 compar\u00e1vel \u00e0 da Alemanha e do Jap\u00e3o, foi desenvolvido especialmente para quem escreve com caneta-tinteiro. Com artesanato refinado, este papel de escrita premium possui um toque suave, permite que a tinta revele uma cor mais intensa e reduz significativamente o efeito de penugem, transformando sua escrita em uma verdadeira experi\u00eancia art\u00edstica.<\/p>\n","protected":false},"featured_media":235441,"template":"","meta":{"_acf_changed":false},"product_brand":[],"product_cat":[803],"product_tag":[1620],"home_works":[],"class_list":{"0":"post-235440","1":"product","2":"type-product","3":"status-publish","4":"has-post-thumbnail","6":"product_cat-caderno-brochura","7":"product_tag-caderno-personalizado","9":"first","10":"instock","11":"sold-individually","12":"shipping-taxable","13":"purchasable","14":"product-type-variable","15":"has-default-attributes"},"acf":[],"yoast_head":"<!-- This site is optimized with the Yoast SEO plugin v27.2 - https:\/\/yoast.com\/product\/yoast-seo-wordpress\/ -->\n<title>Caderno quadriculado (papel especial para caneta-tinteiro) - Leatai \u2013 Fabricante de cadernos personalizados<\/title>\n<meta name=\"description\" content=\"Caderno com **Mui Kai Paper** fabricado exclusivamente em Taiwan (caderno com papel especial para caneta-tinteiro), com qualidade compar\u00e1vel \u00e0 da Alemanha e do Jap\u00e3o. Desenvolvido especialmente para quem escreve com caneta-tinteiro, possui toque suave, permite que a tinta apresente uma cor mais intensa e reduz o efeito de penugem, oferecendo uma experi\u00eancia de escrita t\u00e3o agrad\u00e1vel quanto apreciar uma obra de arte.\" \/>\n<meta name=\"robots\" content=\"index, follow, max-snippet:-1, max-image-preview:large, max-video-preview:-1\" \/>\n<link rel=\"canonical\" href=\"https:\/\/leatai.com\/pt-br\/product\/caderno-personalizado\/caderno-brochura\/caderno-quadriculado-papel-proprio-para-caneta-tinteiro-caderno-exclusivo-de-taiwan-para-uso-com-caneta-tinteiro\/\" \/>\n<meta property=\"og:locale\" content=\"pt_BR\" \/>\n<meta property=\"og:type\" content=\"article\" \/>\n<meta property=\"og:title\" content=\"Caderno quadriculado (papel especial para caneta-tinteiro) - Leatai \u2013 Fabricante de cadernos personalizados\" \/>\n<meta property=\"og:description\" content=\"Caderno com **Mui Kai Paper** fabricado exclusivamente em Taiwan (caderno com papel especial para caneta-tinteiro), com qualidade compar\u00e1vel \u00e0 da Alemanha e do Jap\u00e3o. Desenvolvido especialmente para quem escreve com caneta-tinteiro, possui toque suave, permite que a tinta apresente uma cor mais intensa e reduz o efeito de penugem, oferecendo uma experi\u00eancia de escrita t\u00e3o agrad\u00e1vel quanto apreciar uma obra de arte.\" \/>\n<meta property=\"og:url\" content=\"https:\/\/leatai.com\/pt-br\/product\/caderno-personalizado\/caderno-brochura\/caderno-quadriculado-papel-proprio-para-caneta-tinteiro-caderno-exclusivo-de-taiwan-para-uso-com-caneta-tinteiro\/\" \/>\n<meta property=\"og:site_name\" content=\"Leatai \u2013 Fabricante de cadernos personalizados\" \/>\n<meta property=\"article:modified_time\" content=\"2025-12-01T08:16:37+00:00\" \/>\n<meta property=\"og:image\" content=\"https:\/\/leatai.com\/wp-content\/uploads\/2016_02_18_2114310.jpg\" \/>\n\t<meta property=\"og:image:width\" content=\"1000\" \/>\n\t<meta property=\"og:image:height\" content=\"750\" \/>\n\t<meta property=\"og:image:type\" content=\"image\/jpeg\" \/>\n<meta name=\"twitter:card\" content=\"summary_large_image\" \/>\n<meta name=\"twitter:label1\" content=\"Est. tempo de leitura\" \/>\n\t<meta name=\"twitter:data1\" content=\"3 minutos\" \/>\n<script type=\"application\/ld+json\" class=\"yoast-schema-graph\">{\"@context\":\"https:\/\/schema.org\",\"@graph\":[{\"@type\":\"WebPage\",\"@id\":\"https:\/\/leatai.com\/pt-br\/product\/caderno-personalizado\/caderno-brochura\/caderno-quadriculado-papel-proprio-para-caneta-tinteiro-caderno-exclusivo-de-taiwan-para-uso-com-caneta-tinteiro\/\",\"url\":\"https:\/\/leatai.com\/pt-br\/product\/caderno-personalizado\/caderno-brochura\/caderno-quadriculado-papel-proprio-para-caneta-tinteiro-caderno-exclusivo-de-taiwan-para-uso-com-caneta-tinteiro\/\",\"name\":\"Caderno quadriculado (papel especial para caneta-tinteiro) - Leatai \u2013 Fabricante de cadernos personalizados\",\"isPartOf\":{\"@id\":\"https:\/\/leatai.com\/pt-br\/#website\"},\"primaryImageOfPage\":{\"@id\":\"https:\/\/leatai.com\/pt-br\/product\/caderno-personalizado\/caderno-brochura\/caderno-quadriculado-papel-proprio-para-caneta-tinteiro-caderno-exclusivo-de-taiwan-para-uso-com-caneta-tinteiro\/#primaryimage\"},\"image\":{\"@id\":\"https:\/\/leatai.com\/pt-br\/product\/caderno-personalizado\/caderno-brochura\/caderno-quadriculado-papel-proprio-para-caneta-tinteiro-caderno-exclusivo-de-taiwan-para-uso-com-caneta-tinteiro\/#primaryimage\"},\"thumbnailUrl\":\"https:\/\/leatai.com\/wp-content\/uploads\/2016_02_18_2114310.jpg\",\"datePublished\":\"2021-06-24T05:26:43+00:00\",\"dateModified\":\"2025-12-01T08:16:37+00:00\",\"description\":\"Caderno com **Mui Kai Paper** fabricado exclusivamente em Taiwan (caderno com papel especial para caneta-tinteiro), com qualidade compar\u00e1vel \u00e0 da Alemanha e do Jap\u00e3o. Desenvolvido especialmente para quem escreve com caneta-tinteiro, possui toque suave, permite que a tinta apresente uma cor mais intensa e reduz o efeito de penugem, oferecendo uma experi\u00eancia de escrita t\u00e3o agrad\u00e1vel quanto apreciar uma obra de arte.\",\"breadcrumb\":{\"@id\":\"https:\/\/leatai.com\/pt-br\/product\/caderno-personalizado\/caderno-brochura\/caderno-quadriculado-papel-proprio-para-caneta-tinteiro-caderno-exclusivo-de-taiwan-para-uso-com-caneta-tinteiro\/#breadcrumb\"},\"inLanguage\":\"pt-BR\",\"potentialAction\":[{\"@type\":\"ReadAction\",\"target\":[\"https:\/\/leatai.com\/pt-br\/product\/caderno-personalizado\/caderno-brochura\/caderno-quadriculado-papel-proprio-para-caneta-tinteiro-caderno-exclusivo-de-taiwan-para-uso-com-caneta-tinteiro\/\"]}]},{\"@type\":\"ImageObject\",\"inLanguage\":\"pt-BR\",\"@id\":\"https:\/\/leatai.com\/pt-br\/product\/caderno-personalizado\/caderno-brochura\/caderno-quadriculado-papel-proprio-para-caneta-tinteiro-caderno-exclusivo-de-taiwan-para-uso-com-caneta-tinteiro\/#primaryimage\",\"url\":\"https:\/\/leatai.com\/wp-content\/uploads\/2016_02_18_2114310.jpg\",\"contentUrl\":\"https:\/\/leatai.com\/wp-content\/uploads\/2016_02_18_2114310.jpg\",\"width\":1000,\"height\":750},{\"@type\":\"BreadcrumbList\",\"@id\":\"https:\/\/leatai.com\/pt-br\/product\/caderno-personalizado\/caderno-brochura\/caderno-quadriculado-papel-proprio-para-caneta-tinteiro-caderno-exclusivo-de-taiwan-para-uso-com-caneta-tinteiro\/#breadcrumb\",\"itemListElement\":[{\"@type\":\"ListItem\",\"position\":1,\"name\":\"Home\",\"item\":\"https:\/\/leatai.com\/pt-br\/\"},{\"@type\":\"ListItem\",\"position\":2,\"name\":\"Apresenta\u00e7\u00e3o de produtos\",\"item\":\"https:\/\/leatai.com\/products\/\"},{\"@type\":\"ListItem\",\"position\":3,\"name\":\"Caderno personalizado\",\"item\":\"https:\/\/leatai.com\/pt-br\/categoria-produto\/caderno-personalizado\/\"},{\"@type\":\"ListItem\",\"position\":4,\"name\":\"Caderno brochura\",\"item\":\"https:\/\/leatai.com\/pt-br\/categoria-produto\/caderno-personalizado\/caderno-brochura\/\"},{\"@type\":\"ListItem\",\"position\":5,\"name\":\"Caderno quadriculado (papel pr\u00f3prio para caneta-tinteiro) \u2013 caderno exclusivo de Taiwan para uso com caneta-tinteiro\"}]},{\"@type\":\"WebSite\",\"@id\":\"https:\/\/leatai.com\/pt-br\/#website\",\"url\":\"https:\/\/leatai.com\/pt-br\/\",\"name\":\"Leatai \u2013 Fabricante de cadernos personalizados\",\"description\":\"A Leatai fornece cadernos e planejadores personalizados para marcas e distribuidores em todo o mundo.\",\"publisher\":{\"@id\":\"https:\/\/leatai.com\/pt-br\/#organization\"},\"potentialAction\":[{\"@type\":\"SearchAction\",\"target\":{\"@type\":\"EntryPoint\",\"urlTemplate\":\"https:\/\/leatai.com\/pt-br\/?s={search_term_string}\"},\"query-input\":{\"@type\":\"PropertyValueSpecification\",\"valueRequired\":true,\"valueName\":\"search_term_string\"}}],\"inLanguage\":\"pt-BR\"},{\"@type\":\"Organization\",\"@id\":\"https:\/\/leatai.com\/pt-br\/#organization\",\"name\":\"Leatai Diary, customized journal and business organizer\",\"url\":\"https:\/\/leatai.com\/pt-br\/\",\"logo\":{\"@type\":\"ImageObject\",\"inLanguage\":\"pt-BR\",\"@id\":\"https:\/\/leatai.com\/pt-br\/#\/schema\/logo\/image\/\",\"url\":\"https:\/\/leatai.com\/wp-content\/uploads\/logo-blue.png\",\"contentUrl\":\"https:\/\/leatai.com\/wp-content\/uploads\/logo-blue.png\",\"width\":230,\"height\":60,\"caption\":\"Leatai Diary, customized journal and business organizer\"},\"image\":{\"@id\":\"https:\/\/leatai.com\/pt-br\/#\/schema\/logo\/image\/\"},\"telephone\":\"+886-2-8227-8800\",\"legalName\":\"Leatai Stationary Co., Ltd.\",\"description\":\"A leading notebook factory in Taiwan offering bespoke branding, high-quality binding, and premium paper selections for corporate gifts and stationery wholesale.\",\"address\":{\"@type\":\"PostalAddress\",\"streetAddress\":\"11F., No. 168, Jiankang Rd.\",\"addressLocality\":\"Zhonghe Dist.\",\"addressRegion\":\"New Taipei City\",\"postalCode\":\"235\",\"addressCountry\":\"TW\"},\"contactPoint\":{\"@type\":\"ContactPoint\",\"telephone\":\"+886-2-8227-8800\",\"contactType\":\"sales\",\"areaServed\":\"Worldwide\",\"availableLanguage\":[\"zh-TW\",\"en\"]}}]}<\/script>\n<!-- \/ Yoast SEO plugin. -->","yoast_head_json":{"title":"Caderno quadriculado (papel especial para caneta-tinteiro) - Leatai \u2013 Fabricante de cadernos personalizados","description":"Caderno com **Mui Kai Paper** fabricado exclusivamente em Taiwan (caderno com papel especial para caneta-tinteiro), com qualidade compar\u00e1vel \u00e0 da Alemanha e do Jap\u00e3o. Desenvolvido especialmente para quem escreve com caneta-tinteiro, possui toque suave, permite que a tinta apresente uma cor mais intensa e reduz o efeito de penugem, oferecendo uma experi\u00eancia de escrita t\u00e3o agrad\u00e1vel quanto apreciar uma obra de arte.","robots":{"index":"index","follow":"follow","max-snippet":"max-snippet:-1","max-image-preview":"max-image-preview:large","max-video-preview":"max-video-preview:-1"},"canonical":"https:\/\/leatai.com\/pt-br\/product\/caderno-personalizado\/caderno-brochura\/caderno-quadriculado-papel-proprio-para-caneta-tinteiro-caderno-exclusivo-de-taiwan-para-uso-com-caneta-tinteiro\/","og_locale":"pt_BR","og_type":"article","og_title":"Caderno quadriculado (papel especial para caneta-tinteiro) - Leatai \u2013 Fabricante de cadernos personalizados","og_description":"Caderno com **Mui Kai Paper** fabricado exclusivamente em Taiwan (caderno com papel especial para caneta-tinteiro), com qualidade compar\u00e1vel \u00e0 da Alemanha e do Jap\u00e3o. Desenvolvido especialmente para quem escreve com caneta-tinteiro, possui toque suave, permite que a tinta apresente uma cor mais intensa e reduz o efeito de penugem, oferecendo uma experi\u00eancia de escrita t\u00e3o agrad\u00e1vel quanto apreciar uma obra de arte.","og_url":"https:\/\/leatai.com\/pt-br\/product\/caderno-personalizado\/caderno-brochura\/caderno-quadriculado-papel-proprio-para-caneta-tinteiro-caderno-exclusivo-de-taiwan-para-uso-com-caneta-tinteiro\/","og_site_name":"Leatai \u2013 Fabricante de cadernos personalizados","article_modified_time":"2025-12-01T08:16:37+00:00","og_image":[{"width":1000,"height":750,"url":"https:\/\/leatai.com\/wp-content\/uploads\/2016_02_18_2114310.jpg","type":"image\/jpeg"}],"twitter_card":"summary_large_image","twitter_misc":{"Est. tempo de leitura":"3 minutos"},"schema":{"@context":"https:\/\/schema.org","@graph":[{"@type":"WebPage","@id":"https:\/\/leatai.com\/pt-br\/product\/caderno-personalizado\/caderno-brochura\/caderno-quadriculado-papel-proprio-para-caneta-tinteiro-caderno-exclusivo-de-taiwan-para-uso-com-caneta-tinteiro\/","url":"https:\/\/leatai.com\/pt-br\/product\/caderno-personalizado\/caderno-brochura\/caderno-quadriculado-papel-proprio-para-caneta-tinteiro-caderno-exclusivo-de-taiwan-para-uso-com-caneta-tinteiro\/","name":"Caderno quadriculado (papel especial para caneta-tinteiro) - Leatai \u2013 Fabricante de cadernos personalizados","isPartOf":{"@id":"https:\/\/leatai.com\/pt-br\/#website"},"primaryImageOfPage":{"@id":"https:\/\/leatai.com\/pt-br\/product\/caderno-personalizado\/caderno-brochura\/caderno-quadriculado-papel-proprio-para-caneta-tinteiro-caderno-exclusivo-de-taiwan-para-uso-com-caneta-tinteiro\/#primaryimage"},"image":{"@id":"https:\/\/leatai.com\/pt-br\/product\/caderno-personalizado\/caderno-brochura\/caderno-quadriculado-papel-proprio-para-caneta-tinteiro-caderno-exclusivo-de-taiwan-para-uso-com-caneta-tinteiro\/#primaryimage"},"thumbnailUrl":"https:\/\/leatai.com\/wp-content\/uploads\/2016_02_18_2114310.jpg","datePublished":"2021-06-24T05:26:43+00:00","dateModified":"2025-12-01T08:16:37+00:00","description":"Caderno com **Mui Kai Paper** fabricado exclusivamente em Taiwan (caderno com papel especial para caneta-tinteiro), com qualidade compar\u00e1vel \u00e0 da Alemanha e do Jap\u00e3o. Desenvolvido especialmente para quem escreve com caneta-tinteiro, possui toque suave, permite que a tinta apresente uma cor mais intensa e reduz o efeito de penugem, oferecendo uma experi\u00eancia de escrita t\u00e3o agrad\u00e1vel quanto apreciar uma obra de arte.","breadcrumb":{"@id":"https:\/\/leatai.com\/pt-br\/product\/caderno-personalizado\/caderno-brochura\/caderno-quadriculado-papel-proprio-para-caneta-tinteiro-caderno-exclusivo-de-taiwan-para-uso-com-caneta-tinteiro\/#breadcrumb"},"inLanguage":"pt-BR","potentialAction":[{"@type":"ReadAction","target":["https:\/\/leatai.com\/pt-br\/product\/caderno-personalizado\/caderno-brochura\/caderno-quadriculado-papel-proprio-para-caneta-tinteiro-caderno-exclusivo-de-taiwan-para-uso-com-caneta-tinteiro\/"]}]},{"@type":"ImageObject","inLanguage":"pt-BR","@id":"https:\/\/leatai.com\/pt-br\/product\/caderno-personalizado\/caderno-brochura\/caderno-quadriculado-papel-proprio-para-caneta-tinteiro-caderno-exclusivo-de-taiwan-para-uso-com-caneta-tinteiro\/#primaryimage","url":"https:\/\/leatai.com\/wp-content\/uploads\/2016_02_18_2114310.jpg","contentUrl":"https:\/\/leatai.com\/wp-content\/uploads\/2016_02_18_2114310.jpg","width":1000,"height":750},{"@type":"BreadcrumbList","@id":"https:\/\/leatai.com\/pt-br\/product\/caderno-personalizado\/caderno-brochura\/caderno-quadriculado-papel-proprio-para-caneta-tinteiro-caderno-exclusivo-de-taiwan-para-uso-com-caneta-tinteiro\/#breadcrumb","itemListElement":[{"@type":"ListItem","position":1,"name":"Home","item":"https:\/\/leatai.com\/pt-br\/"},{"@type":"ListItem","position":2,"name":"Apresenta\u00e7\u00e3o de produtos","item":"https:\/\/leatai.com\/products\/"},{"@type":"ListItem","position":3,"name":"Caderno personalizado","item":"https:\/\/leatai.com\/pt-br\/categoria-produto\/caderno-personalizado\/"},{"@type":"ListItem","position":4,"name":"Caderno brochura","item":"https:\/\/leatai.com\/pt-br\/categoria-produto\/caderno-personalizado\/caderno-brochura\/"},{"@type":"ListItem","position":5,"name":"Caderno quadriculado (papel pr\u00f3prio para caneta-tinteiro) \u2013 caderno exclusivo de Taiwan para uso com caneta-tinteiro"}]},{"@type":"WebSite","@id":"https:\/\/leatai.com\/pt-br\/#website","url":"https:\/\/leatai.com\/pt-br\/","name":"Leatai \u2013 Fabricante de cadernos personalizados","description":"A Leatai fornece cadernos e planejadores personalizados para marcas e distribuidores em todo o mundo.","publisher":{"@id":"https:\/\/leatai.com\/pt-br\/#organization"},"potentialAction":[{"@type":"SearchAction","target":{"@type":"EntryPoint","urlTemplate":"https:\/\/leatai.com\/pt-br\/?s={search_term_string}"},"query-input":{"@type":"PropertyValueSpecification","valueRequired":true,"valueName":"search_term_string"}}],"inLanguage":"pt-BR"},{"@type":"Organization","@id":"https:\/\/leatai.com\/pt-br\/#organization","name":"Leatai Diary, customized journal and business organizer","url":"https:\/\/leatai.com\/pt-br\/","logo":{"@type":"ImageObject","inLanguage":"pt-BR","@id":"https:\/\/leatai.com\/pt-br\/#\/schema\/logo\/image\/","url":"https:\/\/leatai.com\/wp-content\/uploads\/logo-blue.png","contentUrl":"https:\/\/leatai.com\/wp-content\/uploads\/logo-blue.png","width":230,"height":60,"caption":"Leatai Diary, customized journal and business organizer"},"image":{"@id":"https:\/\/leatai.com\/pt-br\/#\/schema\/logo\/image\/"},"telephone":"+886-2-8227-8800","legalName":"Leatai Stationary Co., Ltd.","description":"A leading notebook factory in Taiwan offering bespoke branding, high-quality binding, and premium paper selections for corporate gifts and stationery wholesale.","address":{"@type":"PostalAddress","streetAddress":"11F., No. 168, Jiankang Rd.","addressLocality":"Zhonghe Dist.","addressRegion":"New Taipei City","postalCode":"235","addressCountry":"TW"},"contactPoint":{"@type":"ContactPoint","telephone":"+886-2-8227-8800","contactType":"sales","areaServed":"Worldwide","availableLanguage":["zh-TW","en"]}}]}},"_links":{"self":[{"href":"https:\/\/leatai.com\/pt-br\/wp-json\/wp\/v2\/product\/235440","targetHints":{"allow":["GET"]}}],"collection":[{"href":"https:\/\/leatai.com\/pt-br\/wp-json\/wp\/v2\/product"}],"about":[{"href":"https:\/\/leatai.com\/pt-br\/wp-json\/wp\/v2\/types\/product"}],"wp:featuredmedia":[{"embeddable":true,"href":"https:\/\/leatai.com\/pt-br\/wp-json\/wp\/v2\/media\/235441"}],"wp:attachment":[{"href":"https:\/\/leatai.com\/pt-br\/wp-json\/wp\/v2\/media?parent=235440"}],"wp:term":[{"taxonomy":"product_brand","embeddable":true,"href":"https:\/\/leatai.com\/pt-br\/wp-json\/wp\/v2\/product_brand?post=235440"},{"taxonomy":"product_cat","embeddable":true,"href":"https:\/\/leatai.com\/pt-br\/wp-json\/wp\/v2\/product_cat?post=235440"},{"taxonomy":"product_tag","embeddable":true,"href":"https:\/\/leatai.com\/pt-br\/wp-json\/wp\/v2\/product_tag?post=235440"},{"taxonomy":"home_works","embeddable":true,"href":"https:\/\/leatai.com\/pt-br\/wp-json\/wp\/v2\/home_works?post=235440"}],"curies":[{"name":"wp","href":"https:\/\/api.w.org\/{rel}","templated":true}]}}