{"id":235374,"date":"2025-07-12T11:39:30","date_gmt":"2025-07-12T03:39:30","guid":{"rendered":"https:\/\/leatai.com\/product\/sem%20categoria\/lsc-026\/"},"modified":"2025-12-10T09:38:34","modified_gmt":"2025-12-10T01:38:34","slug":"lsc-026","status":"publish","type":"product","link":"https:\/\/leatai.com\/pt-br\/product\/caderno-personalizado\/caderno-brochura\/lsc-026\/","title":{"rendered":"LSC-026"},"content":{"rendered":"<p>Modelo do produto: LSC-026<br \/>\nMaterial da capa: couro sint\u00e9tico PU de alta qualidade que muda de cor<br \/>\nCores: lil\u00e1s claro \/ verde claro<br \/>\nEspecifica\u00e7\u00f5es: 25K<a href=\"https:\/\/leatai.com\/pt-br\/faq\/quais-sao-os-tamanhos-de-planejadores-8k-16k-e-25k-qual-e-o-tamanho-deles\/\" target=\"_blank\" rel=\"noopener\">(tamanhos comuns)<\/a><br \/>\nP\u00e1ginas internas: modelo padr\u00e3o <a href=\"https:\/\/leatai.com\/pt-br\/categoria-produto\/formato-da-pagina-interna\/\" target=\"_blank\" rel=\"noopener\">(op\u00e7\u00f5es de formato das p\u00e1ginas internas)<\/a><br \/>\nEmbalagem: saco OPP (opcional)<br \/>\nM\u00e9todos de aplica\u00e7\u00e3o do LOGO: grava\u00e7\u00e3o em baixo-relevo, hot stamping dourado, hot stamping prateado<\/p>\n<p>Descri\u00e7\u00e3o do produto:<br \/>\nModelo de produto Leatai: LSC-026. A vantagem de um caderno de capa mole \u00e9 a possibilidade de trocar as p\u00e1ginas internas livremente. Desta vez, renovamos completamente a capa e ousamos adotar uma paleta de cores mais jovem. N\u00e3o s\u00f3 as funcionalidades foram significativamente aprimoradas, como tamb\u00e9m se tornou um item que voc\u00ea vai querer levar sempre com voc\u00ea \u2014 \u00e9 s\u00f3 decidir e partir.<\/p>\n<p>&nbsp;<\/p>\n<p>\ud83d\udcd6 Di\u00e1rio comercial padr\u00e3o:<a href=\"https:\/\/leatai.com\/pt-br\/categoria-produto\/caderno-personalizado\/\" target=\"_blank\" rel=\"noopener\"> todos os modelos da s\u00e9rie de di\u00e1rios comerciais \/ p\u00e1ginas internas dos di\u00e1rios comerciais<\/a><br \/>\n\ud83d\udcd6 Para mais recomenda\u00e7\u00f5es de notebooks personalizados\/produ\u00e7\u00e3o personalizada de di\u00e1rios comerciais, consulte:<br \/>\n<a href=\"https:\/\/leatai.com\/pt-br\/categoria-produto\/varios-amostras-oem\/caderno-de-capa-dura-oem\/\" target=\"_blank\" rel=\"noopener\">OEM capa dura<\/a><br \/>\n<a href=\"https:\/\/leatai.com\/pt-br\/categoria-produto\/varios-amostras-oem\/caderno-de-folhas-soltas-oem\/\" target=\"_blank\" rel=\"noopener\">OEM fich\u00e1rio<\/a><br \/>\n<a href=\"https:\/\/leatai.com\/pt-br\/categoria-produto\/varios-amostras-oem\/caderno-removivel-oem\/\" target=\"_blank\" rel=\"noopener\">OEM fich\u00e1rio destac\u00e1vel<\/a><br \/>\n<a href=\"https:\/\/leatai.com\/pt-br\/categoria-produto\/varios-amostras-oem\/caderno-brochura-oem\/\" target=\"_blank\" rel=\"noopener\">OEM capa mole<\/a><br \/>\n<a href=\"https:\/\/leatai.com\/pt-br\/categoria-produto\/varios-amostras-oem\/caderno-espiral-oem\/\" target=\"_blank\" rel=\"noopener\">OEM espiral<\/a><br \/>\n<a href=\"https:\/\/leatai.com\/pt-br\/categoria-produto\/varios-amostras-oem\/calendario-oem-pt-br\/\" target=\"_blank\" rel=\"noopener\">OEM produ\u00e7\u00e3o personalizada de mini calend\u00e1rios destac\u00e1veis\/calend\u00e1rios de mesa personalizados<\/a><br \/>\n<a href=\"https:\/\/leatai.com\/pt-br\/categoria-produto\/varios-amostras-oem\/oem-outros\/\" target=\"_blank\" rel=\"noopener\">OEM outros<\/a><\/p>\n<p>Para explica\u00e7\u00f5es completas sobre tamanhos, consulte: <a href=\"https:\/\/leatai.com\/pt-br\/conhecimento-sobre-cadernos\/guia-de-tamanhos-de-papel-entendendo-tamanhos-comuns-como-b3-a4-b5-8k-16k-e-mais-um-grafico-de-tamanhos-abrangente-para-referencia-facil\/\" target=\"_blank\" rel=\"noopener\">Guia de tamanhos de papel: B3, A4, B5, 8K, 16K e outros \u2014 como diferenciar? Tabela comparativa de tamanhos de papel para entender de imediato!<\/a><\/p>\n","protected":false},"excerpt":{"rendered":"<p>Modelo do produto: LSC-026 Material da capa: couro sint\u00e9tico PU de alta qualidade que muda de cor Cores: lil\u00e1s claro \/ verde claro Especifica\u00e7\u00f5es: 25K(tamanhos comuns) P\u00e1ginas internas: modelo padr\u00e3o (op\u00e7\u00f5es de formato das p\u00e1ginas internas) Embalagem: saco OPP (opcional) M\u00e9todos de aplica\u00e7\u00e3o do LOGO: grava\u00e7\u00e3o em baixo-relevo, hot stamping dourado, hot stamping prateado Descri\u00e7\u00e3o [&hellip;]<\/p>\n","protected":false},"featured_media":215625,"template":"","meta":{"_acf_changed":false},"product_brand":[],"product_cat":[803],"product_tag":[1622],"home_works":[],"class_list":{"0":"post-235374","1":"product","2":"type-product","3":"status-publish","4":"has-post-thumbnail","6":"product_cat-caderno-brochura","7":"product_tag-2026new","9":"first","10":"instock","11":"sold-individually","12":"shipping-taxable","13":"purchasable","14":"product-type-variable","15":"has-default-attributes"},"acf":[],"yoast_head":"<!-- This site is optimized with the Yoast SEO plugin v27.2 - https:\/\/yoast.com\/product\/yoast-seo-wordpress\/ -->\n<title>LSC-026 - Leatai \u2013 Fabricante de cadernos personalizados<\/title>\n<meta name=\"description\" content=\"Modelo de produto Leatai: LSC-026. A vantagem de um caderno de capa mole \u00e9 a possibilidade de trocar as p\u00e1ginas internas livremente. Desta vez, renovamos completamente a capa e ousamos adotar uma paleta de cores mais jovem. N\u00e3o s\u00f3 as funcionalidades foram significativamente aprimoradas, como tamb\u00e9m se tornou um item que voc\u00ea vai querer levar sempre com voc\u00ea \u2014 \u00e9 s\u00f3 decidir e partir.\" \/>\n<meta name=\"robots\" content=\"index, follow, max-snippet:-1, max-image-preview:large, max-video-preview:-1\" \/>\n<link rel=\"canonical\" href=\"https:\/\/leatai.com\/pt-br\/product\/caderno-personalizado\/caderno-brochura\/lsc-026\/\" \/>\n<meta property=\"og:locale\" content=\"pt_BR\" \/>\n<meta property=\"og:type\" content=\"article\" \/>\n<meta property=\"og:title\" content=\"LSC-026 - Leatai \u2013 Fabricante de cadernos personalizados\" \/>\n<meta property=\"og:description\" content=\"Modelo de produto Leatai: LSC-026. A vantagem de um caderno de capa mole \u00e9 a possibilidade de trocar as p\u00e1ginas internas livremente. Desta vez, renovamos completamente a capa e ousamos adotar uma paleta de cores mais jovem. N\u00e3o s\u00f3 as funcionalidades foram significativamente aprimoradas, como tamb\u00e9m se tornou um item que voc\u00ea vai querer levar sempre com voc\u00ea \u2014 \u00e9 s\u00f3 decidir e partir.\" \/>\n<meta property=\"og:url\" content=\"https:\/\/leatai.com\/pt-br\/product\/caderno-personalizado\/caderno-brochura\/lsc-026\/\" \/>\n<meta property=\"og:site_name\" content=\"Leatai \u2013 Fabricante de cadernos personalizados\" \/>\n<meta property=\"article:modified_time\" content=\"2025-12-10T01:38:34+00:00\" \/>\n<meta property=\"og:image\" content=\"https:\/\/leatai.com\/wp-content\/uploads\/DSC_3252-1.jpg\" \/>\n\t<meta property=\"og:image:width\" content=\"1000\" \/>\n\t<meta property=\"og:image:height\" content=\"750\" \/>\n\t<meta property=\"og:image:type\" content=\"image\/jpeg\" \/>\n<meta name=\"twitter:card\" content=\"summary_large_image\" \/>\n<meta name=\"twitter:label1\" content=\"Est. tempo de leitura\" \/>\n\t<meta name=\"twitter:data1\" content=\"2 minutos\" \/>\n<script type=\"application\/ld+json\" class=\"yoast-schema-graph\">{\"@context\":\"https:\/\/schema.org\",\"@graph\":[{\"@type\":\"WebPage\",\"@id\":\"https:\/\/leatai.com\/pt-br\/product\/caderno-personalizado\/caderno-brochura\/lsc-026\/\",\"url\":\"https:\/\/leatai.com\/pt-br\/product\/caderno-personalizado\/caderno-brochura\/lsc-026\/\",\"name\":\"LSC-026 - Leatai \u2013 Fabricante de cadernos personalizados\",\"isPartOf\":{\"@id\":\"https:\/\/leatai.com\/pt-br\/#website\"},\"primaryImageOfPage\":{\"@id\":\"https:\/\/leatai.com\/pt-br\/product\/caderno-personalizado\/caderno-brochura\/lsc-026\/#primaryimage\"},\"image\":{\"@id\":\"https:\/\/leatai.com\/pt-br\/product\/caderno-personalizado\/caderno-brochura\/lsc-026\/#primaryimage\"},\"thumbnailUrl\":\"https:\/\/leatai.com\/wp-content\/uploads\/DSC_3252-1.jpg\",\"datePublished\":\"2025-07-12T03:39:30+00:00\",\"dateModified\":\"2025-12-10T01:38:34+00:00\",\"description\":\"Modelo de produto Leatai: LSC-026. A vantagem de um caderno de capa mole \u00e9 a possibilidade de trocar as p\u00e1ginas internas livremente. Desta vez, renovamos completamente a capa e ousamos adotar uma paleta de cores mais jovem. N\u00e3o s\u00f3 as funcionalidades foram significativamente aprimoradas, como tamb\u00e9m se tornou um item que voc\u00ea vai querer levar sempre com voc\u00ea \u2014 \u00e9 s\u00f3 decidir e partir.\",\"breadcrumb\":{\"@id\":\"https:\/\/leatai.com\/pt-br\/product\/caderno-personalizado\/caderno-brochura\/lsc-026\/#breadcrumb\"},\"inLanguage\":\"pt-BR\",\"potentialAction\":[{\"@type\":\"ReadAction\",\"target\":[\"https:\/\/leatai.com\/pt-br\/product\/caderno-personalizado\/caderno-brochura\/lsc-026\/\"]}]},{\"@type\":\"ImageObject\",\"inLanguage\":\"pt-BR\",\"@id\":\"https:\/\/leatai.com\/pt-br\/product\/caderno-personalizado\/caderno-brochura\/lsc-026\/#primaryimage\",\"url\":\"https:\/\/leatai.com\/wp-content\/uploads\/DSC_3252-1.jpg\",\"contentUrl\":\"https:\/\/leatai.com\/wp-content\/uploads\/DSC_3252-1.jpg\",\"width\":1000,\"height\":750,\"caption\":\"Caderno de brochura\"},{\"@type\":\"BreadcrumbList\",\"@id\":\"https:\/\/leatai.com\/pt-br\/product\/caderno-personalizado\/caderno-brochura\/lsc-026\/#breadcrumb\",\"itemListElement\":[{\"@type\":\"ListItem\",\"position\":1,\"name\":\"Home\",\"item\":\"https:\/\/leatai.com\/pt-br\/\"},{\"@type\":\"ListItem\",\"position\":2,\"name\":\"Apresenta\u00e7\u00e3o de produtos\",\"item\":\"https:\/\/leatai.com\/products\/\"},{\"@type\":\"ListItem\",\"position\":3,\"name\":\"Caderno personalizado\",\"item\":\"https:\/\/leatai.com\/pt-br\/categoria-produto\/caderno-personalizado\/\"},{\"@type\":\"ListItem\",\"position\":4,\"name\":\"Caderno brochura\",\"item\":\"https:\/\/leatai.com\/pt-br\/categoria-produto\/caderno-personalizado\/caderno-brochura\/\"},{\"@type\":\"ListItem\",\"position\":5,\"name\":\"LSC-026\"}]},{\"@type\":\"WebSite\",\"@id\":\"https:\/\/leatai.com\/pt-br\/#website\",\"url\":\"https:\/\/leatai.com\/pt-br\/\",\"name\":\"Leatai \u2013 Fabricante de cadernos personalizados\",\"description\":\"A Leatai fornece cadernos e planejadores personalizados para marcas e distribuidores em todo o mundo.\",\"publisher\":{\"@id\":\"https:\/\/leatai.com\/pt-br\/#organization\"},\"potentialAction\":[{\"@type\":\"SearchAction\",\"target\":{\"@type\":\"EntryPoint\",\"urlTemplate\":\"https:\/\/leatai.com\/pt-br\/?s={search_term_string}\"},\"query-input\":{\"@type\":\"PropertyValueSpecification\",\"valueRequired\":true,\"valueName\":\"search_term_string\"}}],\"inLanguage\":\"pt-BR\"},{\"@type\":\"Organization\",\"@id\":\"https:\/\/leatai.com\/pt-br\/#organization\",\"name\":\"Leatai Diary, customized journal and business organizer\",\"url\":\"https:\/\/leatai.com\/pt-br\/\",\"logo\":{\"@type\":\"ImageObject\",\"inLanguage\":\"pt-BR\",\"@id\":\"https:\/\/leatai.com\/pt-br\/#\/schema\/logo\/image\/\",\"url\":\"https:\/\/leatai.com\/wp-content\/uploads\/logo-blue.png\",\"contentUrl\":\"https:\/\/leatai.com\/wp-content\/uploads\/logo-blue.png\",\"width\":230,\"height\":60,\"caption\":\"Leatai Diary, customized journal and business organizer\"},\"image\":{\"@id\":\"https:\/\/leatai.com\/pt-br\/#\/schema\/logo\/image\/\"}}]}<\/script>\n<!-- \/ Yoast SEO plugin. -->","yoast_head_json":{"title":"LSC-026 - Leatai \u2013 Fabricante de cadernos personalizados","description":"Modelo de produto Leatai: LSC-026. A vantagem de um caderno de capa mole \u00e9 a possibilidade de trocar as p\u00e1ginas internas livremente. Desta vez, renovamos completamente a capa e ousamos adotar uma paleta de cores mais jovem. N\u00e3o s\u00f3 as funcionalidades foram significativamente aprimoradas, como tamb\u00e9m se tornou um item que voc\u00ea vai querer levar sempre com voc\u00ea \u2014 \u00e9 s\u00f3 decidir e partir.","robots":{"index":"index","follow":"follow","max-snippet":"max-snippet:-1","max-image-preview":"max-image-preview:large","max-video-preview":"max-video-preview:-1"},"canonical":"https:\/\/leatai.com\/pt-br\/product\/caderno-personalizado\/caderno-brochura\/lsc-026\/","og_locale":"pt_BR","og_type":"article","og_title":"LSC-026 - Leatai \u2013 Fabricante de cadernos personalizados","og_description":"Modelo de produto Leatai: LSC-026. A vantagem de um caderno de capa mole \u00e9 a possibilidade de trocar as p\u00e1ginas internas livremente. Desta vez, renovamos completamente a capa e ousamos adotar uma paleta de cores mais jovem. N\u00e3o s\u00f3 as funcionalidades foram significativamente aprimoradas, como tamb\u00e9m se tornou um item que voc\u00ea vai querer levar sempre com voc\u00ea \u2014 \u00e9 s\u00f3 decidir e partir.","og_url":"https:\/\/leatai.com\/pt-br\/product\/caderno-personalizado\/caderno-brochura\/lsc-026\/","og_site_name":"Leatai \u2013 Fabricante de cadernos personalizados","article_modified_time":"2025-12-10T01:38:34+00:00","og_image":[{"width":1000,"height":750,"url":"https:\/\/leatai.com\/wp-content\/uploads\/DSC_3252-1.jpg","type":"image\/jpeg"}],"twitter_card":"summary_large_image","twitter_misc":{"Est. tempo de leitura":"2 minutos"},"schema":{"@context":"https:\/\/schema.org","@graph":[{"@type":"WebPage","@id":"https:\/\/leatai.com\/pt-br\/product\/caderno-personalizado\/caderno-brochura\/lsc-026\/","url":"https:\/\/leatai.com\/pt-br\/product\/caderno-personalizado\/caderno-brochura\/lsc-026\/","name":"LSC-026 - Leatai \u2013 Fabricante de cadernos personalizados","isPartOf":{"@id":"https:\/\/leatai.com\/pt-br\/#website"},"primaryImageOfPage":{"@id":"https:\/\/leatai.com\/pt-br\/product\/caderno-personalizado\/caderno-brochura\/lsc-026\/#primaryimage"},"image":{"@id":"https:\/\/leatai.com\/pt-br\/product\/caderno-personalizado\/caderno-brochura\/lsc-026\/#primaryimage"},"thumbnailUrl":"https:\/\/leatai.com\/wp-content\/uploads\/DSC_3252-1.jpg","datePublished":"2025-07-12T03:39:30+00:00","dateModified":"2025-12-10T01:38:34+00:00","description":"Modelo de produto Leatai: LSC-026. A vantagem de um caderno de capa mole \u00e9 a possibilidade de trocar as p\u00e1ginas internas livremente. Desta vez, renovamos completamente a capa e ousamos adotar uma paleta de cores mais jovem. N\u00e3o s\u00f3 as funcionalidades foram significativamente aprimoradas, como tamb\u00e9m se tornou um item que voc\u00ea vai querer levar sempre com voc\u00ea \u2014 \u00e9 s\u00f3 decidir e partir.","breadcrumb":{"@id":"https:\/\/leatai.com\/pt-br\/product\/caderno-personalizado\/caderno-brochura\/lsc-026\/#breadcrumb"},"inLanguage":"pt-BR","potentialAction":[{"@type":"ReadAction","target":["https:\/\/leatai.com\/pt-br\/product\/caderno-personalizado\/caderno-brochura\/lsc-026\/"]}]},{"@type":"ImageObject","inLanguage":"pt-BR","@id":"https:\/\/leatai.com\/pt-br\/product\/caderno-personalizado\/caderno-brochura\/lsc-026\/#primaryimage","url":"https:\/\/leatai.com\/wp-content\/uploads\/DSC_3252-1.jpg","contentUrl":"https:\/\/leatai.com\/wp-content\/uploads\/DSC_3252-1.jpg","width":1000,"height":750,"caption":"Caderno de brochura"},{"@type":"BreadcrumbList","@id":"https:\/\/leatai.com\/pt-br\/product\/caderno-personalizado\/caderno-brochura\/lsc-026\/#breadcrumb","itemListElement":[{"@type":"ListItem","position":1,"name":"Home","item":"https:\/\/leatai.com\/pt-br\/"},{"@type":"ListItem","position":2,"name":"Apresenta\u00e7\u00e3o de produtos","item":"https:\/\/leatai.com\/products\/"},{"@type":"ListItem","position":3,"name":"Caderno personalizado","item":"https:\/\/leatai.com\/pt-br\/categoria-produto\/caderno-personalizado\/"},{"@type":"ListItem","position":4,"name":"Caderno brochura","item":"https:\/\/leatai.com\/pt-br\/categoria-produto\/caderno-personalizado\/caderno-brochura\/"},{"@type":"ListItem","position":5,"name":"LSC-026"}]},{"@type":"WebSite","@id":"https:\/\/leatai.com\/pt-br\/#website","url":"https:\/\/leatai.com\/pt-br\/","name":"Leatai \u2013 Fabricante de cadernos personalizados","description":"A Leatai fornece cadernos e planejadores personalizados para marcas e distribuidores em todo o mundo.","publisher":{"@id":"https:\/\/leatai.com\/pt-br\/#organization"},"potentialAction":[{"@type":"SearchAction","target":{"@type":"EntryPoint","urlTemplate":"https:\/\/leatai.com\/pt-br\/?s={search_term_string}"},"query-input":{"@type":"PropertyValueSpecification","valueRequired":true,"valueName":"search_term_string"}}],"inLanguage":"pt-BR"},{"@type":"Organization","@id":"https:\/\/leatai.com\/pt-br\/#organization","name":"Leatai Diary, customized journal and business organizer","url":"https:\/\/leatai.com\/pt-br\/","logo":{"@type":"ImageObject","inLanguage":"pt-BR","@id":"https:\/\/leatai.com\/pt-br\/#\/schema\/logo\/image\/","url":"https:\/\/leatai.com\/wp-content\/uploads\/logo-blue.png","contentUrl":"https:\/\/leatai.com\/wp-content\/uploads\/logo-blue.png","width":230,"height":60,"caption":"Leatai Diary, customized journal and business organizer"},"image":{"@id":"https:\/\/leatai.com\/pt-br\/#\/schema\/logo\/image\/"}}]}},"_links":{"self":[{"href":"https:\/\/leatai.com\/pt-br\/wp-json\/wp\/v2\/product\/235374","targetHints":{"allow":["GET"]}}],"collection":[{"href":"https:\/\/leatai.com\/pt-br\/wp-json\/wp\/v2\/product"}],"about":[{"href":"https:\/\/leatai.com\/pt-br\/wp-json\/wp\/v2\/types\/product"}],"wp:featuredmedia":[{"embeddable":true,"href":"https:\/\/leatai.com\/pt-br\/wp-json\/wp\/v2\/media\/215625"}],"wp:attachment":[{"href":"https:\/\/leatai.com\/pt-br\/wp-json\/wp\/v2\/media?parent=235374"}],"wp:term":[{"taxonomy":"product_brand","embeddable":true,"href":"https:\/\/leatai.com\/pt-br\/wp-json\/wp\/v2\/product_brand?post=235374"},{"taxonomy":"product_cat","embeddable":true,"href":"https:\/\/leatai.com\/pt-br\/wp-json\/wp\/v2\/product_cat?post=235374"},{"taxonomy":"product_tag","embeddable":true,"href":"https:\/\/leatai.com\/pt-br\/wp-json\/wp\/v2\/product_tag?post=235374"},{"taxonomy":"home_works","embeddable":true,"href":"https:\/\/leatai.com\/pt-br\/wp-json\/wp\/v2\/home_works?post=235374"}],"curies":[{"name":"wp","href":"https:\/\/api.w.org\/{rel}","templated":true}]}}