{"id":234110,"date":"2021-06-24T13:26:18","date_gmt":"2021-06-24T05:26:18","guid":{"rendered":"https:\/\/leatai.com\/product\/sem%20categoria\/lsc-006-meow\/"},"modified":"2025-12-01T16:13:15","modified_gmt":"2025-12-01T08:13:15","slug":"lsc-006-meow","status":"publish","type":"product","link":"https:\/\/leatai.com\/pt-br\/product\/caderno-personalizado\/caderno-brochura\/lsc-006-meow\/","title":{"rendered":"LSC-006-Meow"},"content":{"rendered":"<p>Modelo do produto: LSC-006-Meow<br \/>\nMaterial da capa: feltro<br \/>\nCores: verde\/azul\/preto\/amarelo\/vermelho\/branco\/roxo<br \/>\nEspecifica\u00e7\u00f5es: 16K \/ 25K \/ 48K <a href=\"https:\/\/leatai.com\/pt-br\/faq\/quais-sao-os-tamanhos-de-planejadores-8k-16k-e-25k-qual-e-o-tamanho-deles\/\" target=\"_blank\" rel=\"noopener\">(tamanhos comuns)<\/a><br \/>\nP\u00e1ginas internas: modelo padr\u00e3o <a href=\"https:\/\/leatai.com\/pt-br\/categoria-produto\/formato-da-pagina-interna\/\" target=\"_blank\" rel=\"noopener\">(op\u00e7\u00f5es de formato das p\u00e1ginas internas)<\/a><br \/>\nEmbalagem: saco OPP (opcional)<br \/>\nM\u00e9todos de aplica\u00e7\u00e3o do LOGO: hot stamping dourado, hot stamping prateado, grava\u00e7\u00e3o em baixo-relevo, corte especial (necessita molde adicional)<\/p>\n<p>Descri\u00e7\u00e3o do produto<br \/>\nModelo de produto Leatai: LSC-006 \u2013 s\u00e9rie fofinha \u2013 Meow. O feltro passa por um tratamento especial, tornando-se mais resistente \u00e0 sujeira e mais estruturado, ideal para uso prolongado e menos propenso a formar bolinhas. Ap\u00f3s o corte especial, as bordas ficam limpas e definidas. As cores vivas podem ser escolhidas livremente. Combinado com um design vazado de m\u00faltiplas camadas, \u00e9 um item inesquec\u00edvel e irresist\u00edvel!<\/p>\n<p>V\u00e1rias patentes exclusivas. Reprodu\u00e7\u00e3o n\u00e3o autorizada ser\u00e1 punida.<\/p>\n<p>\ud83d\udcd6 Di\u00e1rio comercial padr\u00e3o:<a href=\"https:\/\/leatai.com\/pt-br\/categoria-produto\/caderno-personalizado\/\" target=\"_blank\" rel=\"noopener\"> todos os modelos da s\u00e9rie de di\u00e1rios comerciais \/ p\u00e1ginas internas dos di\u00e1rios comerciais<\/a><br \/>\n\ud83d\udcd6 Para mais recomenda\u00e7\u00f5es de notebooks personalizados\/produ\u00e7\u00e3o personalizada de di\u00e1rios comerciais, consulte:<br \/>\n<a href=\"https:\/\/leatai.com\/pt-br\/categoria-produto\/varios-amostras-oem\/caderno-de-capa-dura-oem\/\" target=\"_blank\" rel=\"noopener\">OEM capa dura<\/a><br \/>\n<a href=\"https:\/\/leatai.com\/pt-br\/categoria-produto\/varios-amostras-oem\/caderno-de-folhas-soltas-oem\/\" target=\"_blank\" rel=\"noopener\">OEM fich\u00e1rio<\/a><br \/>\n<a href=\"https:\/\/leatai.com\/pt-br\/categoria-produto\/varios-amostras-oem\/caderno-removivel-oem\/\" target=\"_blank\" rel=\"noopener\">OEM fich\u00e1rio destac\u00e1vel<\/a><br \/>\n<a href=\"https:\/\/leatai.com\/pt-br\/categoria-produto\/varios-amostras-oem\/caderno-brochura-oem\/\" target=\"_blank\" rel=\"noopener\">OEM capa mole<\/a><br \/>\n<a href=\"https:\/\/leatai.com\/pt-br\/categoria-produto\/varios-amostras-oem\/caderno-espiral-oem\/\" target=\"_blank\" rel=\"noopener\">OEM espiral<\/a><br \/>\n<a href=\"https:\/\/leatai.com\/pt-br\/categoria-produto\/varios-amostras-oem\/calendario-oem-pt-br\/\" target=\"_blank\" rel=\"noopener\">OEM produ\u00e7\u00e3o personalizada de mini calend\u00e1rios destac\u00e1veis\/calend\u00e1rios de mesa personalizados<\/a><br \/>\n<a href=\"https:\/\/leatai.com\/pt-br\/categoria-produto\/varios-amostras-oem\/oem-outros\/\" target=\"_blank\" rel=\"noopener\">OEM outros<\/a><\/p>\n<p>Para explica\u00e7\u00f5es completas sobre tamanhos, consulte: <a href=\"https:\/\/leatai.com\/pt-br\/conhecimento-sobre-cadernos\/guia-de-tamanhos-de-papel-entendendo-tamanhos-comuns-como-b3-a4-b5-8k-16k-e-mais-um-grafico-de-tamanhos-abrangente-para-referencia-facil\/\" target=\"_blank\" rel=\"noopener\">Guia de tamanhos de papel: B3, A4, B5, 8K, 16K e outros \u2014 como diferenciar? Tabela comparativa de tamanhos de papel para entender de imediato!<\/a><\/p>\n","protected":false},"excerpt":{"rendered":"<p>Modelo do produto: LSC-006-Meow Material da capa: feltro Cores: verde\/azul\/preto\/amarelo\/vermelho\/branco\/roxo Especifica\u00e7\u00f5es: 16K \/ 25K \/ 48K (tamanhos comuns) P\u00e1ginas internas: modelo padr\u00e3o (op\u00e7\u00f5es de formato das p\u00e1ginas internas) Embalagem: saco OPP (opcional) M\u00e9todos de aplica\u00e7\u00e3o do LOGO: hot stamping dourado, hot stamping prateado, grava\u00e7\u00e3o em baixo-relevo, corte especial (necessita molde adicional) Descri\u00e7\u00e3o do produto Modelo [&hellip;]<\/p>\n","protected":false},"featured_media":234111,"template":"","meta":{"_acf_changed":false},"product_brand":[],"product_cat":[803],"product_tag":[1620],"home_works":[],"class_list":{"0":"post-234110","1":"product","2":"type-product","3":"status-publish","4":"has-post-thumbnail","6":"product_cat-caderno-brochura","7":"product_tag-caderno-personalizado","9":"first","10":"instock","11":"sold-individually","12":"shipping-taxable","13":"purchasable","14":"product-type-variable","15":"has-default-attributes"},"acf":[],"yoast_head":"<!-- This site is optimized with the Yoast SEO plugin v27.2 - https:\/\/yoast.com\/product\/yoast-seo-wordpress\/ -->\n<title>LSC-006-Meow - \u5c08\u5229\u5e73\u88dd\u672c - Leatai \u2013 Fabricante de cadernos personalizados<\/title>\n<meta name=\"description\" content=\"\u78ca\u6cf0\u7522\u54c1\u578b\u865f\uff1aLSC-006-Meow\uff0c\u6bdb\u6c08\u7d93\u904e\u7279\u6b8a\u8655\u88e1\uff0c\u66f4\u52a0\u6297\u6c59\u4e14\u786c\u633a\uff0c\u9069\u5408\u9577\u6642\u9593\u4f7f\u7528\uff0c\u540c\u6642\u4e0d\u6613\u8d77\u6bdb\u7403\uff0c\u8ecb\u578b\u5f8c\u65b7\u9762\u4e7e\u6de8\u4fd0\u843d\uff0c\u984f\u8272\u9bae\u8c54\u53ef\u81ea\u7531\u9078\u64c7\uff0c\u642d\u914d\u591a\u5c64\u6b21\u7c0d\u7a7a\u8a2d\u8a08\uff0c\u8b93\u4eba\u904e\u76ee\u4e0d\u5fd8\u53c8\u611b\u4e0d\u91cb\u624b!!\" \/>\n<meta name=\"robots\" content=\"index, follow, max-snippet:-1, max-image-preview:large, max-video-preview:-1\" \/>\n<link rel=\"canonical\" href=\"https:\/\/leatai.com\/pt-br\/product\/caderno-personalizado\/caderno-brochura\/lsc-006-meow\/\" \/>\n<meta property=\"og:locale\" content=\"pt_BR\" \/>\n<meta property=\"og:type\" content=\"article\" \/>\n<meta property=\"og:title\" content=\"LSC-006-Meow - \u5c08\u5229\u5e73\u88dd\u672c - Leatai \u2013 Fabricante de cadernos personalizados\" \/>\n<meta property=\"og:description\" content=\"\u78ca\u6cf0\u7522\u54c1\u578b\u865f\uff1aLSC-006-Meow\uff0c\u6bdb\u6c08\u7d93\u904e\u7279\u6b8a\u8655\u88e1\uff0c\u66f4\u52a0\u6297\u6c59\u4e14\u786c\u633a\uff0c\u9069\u5408\u9577\u6642\u9593\u4f7f\u7528\uff0c\u540c\u6642\u4e0d\u6613\u8d77\u6bdb\u7403\uff0c\u8ecb\u578b\u5f8c\u65b7\u9762\u4e7e\u6de8\u4fd0\u843d\uff0c\u984f\u8272\u9bae\u8c54\u53ef\u81ea\u7531\u9078\u64c7\uff0c\u642d\u914d\u591a\u5c64\u6b21\u7c0d\u7a7a\u8a2d\u8a08\uff0c\u8b93\u4eba\u904e\u76ee\u4e0d\u5fd8\u53c8\u611b\u4e0d\u91cb\u624b!!\" \/>\n<meta property=\"og:url\" content=\"https:\/\/leatai.com\/pt-br\/product\/caderno-personalizado\/caderno-brochura\/lsc-006-meow\/\" \/>\n<meta property=\"og:site_name\" content=\"Leatai \u2013 Fabricante de cadernos personalizados\" \/>\n<meta property=\"article:modified_time\" content=\"2025-12-01T08:13:15+00:00\" \/>\n<meta property=\"og:image\" content=\"https:\/\/leatai.com\/wp-content\/uploads\/2015_09_05_2117580.jpg\" \/>\n\t<meta property=\"og:image:width\" content=\"1000\" \/>\n\t<meta property=\"og:image:height\" content=\"750\" \/>\n\t<meta property=\"og:image:type\" content=\"image\/jpeg\" \/>\n<meta name=\"twitter:card\" content=\"summary_large_image\" \/>\n<meta name=\"twitter:label1\" content=\"Est. tempo de leitura\" \/>\n\t<meta name=\"twitter:data1\" content=\"2 minutos\" \/>\n<script type=\"application\/ld+json\" class=\"yoast-schema-graph\">{\"@context\":\"https:\/\/schema.org\",\"@graph\":[{\"@type\":\"WebPage\",\"@id\":\"https:\/\/leatai.com\/pt-br\/product\/caderno-personalizado\/caderno-brochura\/lsc-006-meow\/\",\"url\":\"https:\/\/leatai.com\/pt-br\/product\/caderno-personalizado\/caderno-brochura\/lsc-006-meow\/\",\"name\":\"LSC-006-Meow - \u5c08\u5229\u5e73\u88dd\u672c - Leatai \u2013 Fabricante de cadernos personalizados\",\"isPartOf\":{\"@id\":\"https:\/\/leatai.com\/pt-br\/#website\"},\"primaryImageOfPage\":{\"@id\":\"https:\/\/leatai.com\/pt-br\/product\/caderno-personalizado\/caderno-brochura\/lsc-006-meow\/#primaryimage\"},\"image\":{\"@id\":\"https:\/\/leatai.com\/pt-br\/product\/caderno-personalizado\/caderno-brochura\/lsc-006-meow\/#primaryimage\"},\"thumbnailUrl\":\"https:\/\/leatai.com\/wp-content\/uploads\/2015_09_05_2117580.jpg\",\"datePublished\":\"2021-06-24T05:26:18+00:00\",\"dateModified\":\"2025-12-01T08:13:15+00:00\",\"description\":\"\u78ca\u6cf0\u7522\u54c1\u578b\u865f\uff1aLSC-006-Meow\uff0c\u6bdb\u6c08\u7d93\u904e\u7279\u6b8a\u8655\u88e1\uff0c\u66f4\u52a0\u6297\u6c59\u4e14\u786c\u633a\uff0c\u9069\u5408\u9577\u6642\u9593\u4f7f\u7528\uff0c\u540c\u6642\u4e0d\u6613\u8d77\u6bdb\u7403\uff0c\u8ecb\u578b\u5f8c\u65b7\u9762\u4e7e\u6de8\u4fd0\u843d\uff0c\u984f\u8272\u9bae\u8c54\u53ef\u81ea\u7531\u9078\u64c7\uff0c\u642d\u914d\u591a\u5c64\u6b21\u7c0d\u7a7a\u8a2d\u8a08\uff0c\u8b93\u4eba\u904e\u76ee\u4e0d\u5fd8\u53c8\u611b\u4e0d\u91cb\u624b!!\",\"breadcrumb\":{\"@id\":\"https:\/\/leatai.com\/pt-br\/product\/caderno-personalizado\/caderno-brochura\/lsc-006-meow\/#breadcrumb\"},\"inLanguage\":\"pt-BR\",\"potentialAction\":[{\"@type\":\"ReadAction\",\"target\":[\"https:\/\/leatai.com\/pt-br\/product\/caderno-personalizado\/caderno-brochura\/lsc-006-meow\/\"]}]},{\"@type\":\"ImageObject\",\"inLanguage\":\"pt-BR\",\"@id\":\"https:\/\/leatai.com\/pt-br\/product\/caderno-personalizado\/caderno-brochura\/lsc-006-meow\/#primaryimage\",\"url\":\"https:\/\/leatai.com\/wp-content\/uploads\/2015_09_05_2117580.jpg\",\"contentUrl\":\"https:\/\/leatai.com\/wp-content\/uploads\/2015_09_05_2117580.jpg\",\"width\":1000,\"height\":750},{\"@type\":\"BreadcrumbList\",\"@id\":\"https:\/\/leatai.com\/pt-br\/product\/caderno-personalizado\/caderno-brochura\/lsc-006-meow\/#breadcrumb\",\"itemListElement\":[{\"@type\":\"ListItem\",\"position\":1,\"name\":\"Home\",\"item\":\"https:\/\/leatai.com\/pt-br\/\"},{\"@type\":\"ListItem\",\"position\":2,\"name\":\"Apresenta\u00e7\u00e3o de produtos\",\"item\":\"https:\/\/leatai.com\/products\/\"},{\"@type\":\"ListItem\",\"position\":3,\"name\":\"Caderno personalizado\",\"item\":\"https:\/\/leatai.com\/pt-br\/categoria-produto\/caderno-personalizado\/\"},{\"@type\":\"ListItem\",\"position\":4,\"name\":\"Caderno brochura\",\"item\":\"https:\/\/leatai.com\/pt-br\/categoria-produto\/caderno-personalizado\/caderno-brochura\/\"},{\"@type\":\"ListItem\",\"position\":5,\"name\":\"LSC-006-Meow\"}]},{\"@type\":\"WebSite\",\"@id\":\"https:\/\/leatai.com\/pt-br\/#website\",\"url\":\"https:\/\/leatai.com\/pt-br\/\",\"name\":\"Leatai \u2013 Fabricante de cadernos personalizados\",\"description\":\"A Leatai fornece cadernos e planejadores personalizados para marcas e distribuidores em todo o mundo.\",\"publisher\":{\"@id\":\"https:\/\/leatai.com\/pt-br\/#organization\"},\"potentialAction\":[{\"@type\":\"SearchAction\",\"target\":{\"@type\":\"EntryPoint\",\"urlTemplate\":\"https:\/\/leatai.com\/pt-br\/?s={search_term_string}\"},\"query-input\":{\"@type\":\"PropertyValueSpecification\",\"valueRequired\":true,\"valueName\":\"search_term_string\"}}],\"inLanguage\":\"pt-BR\"},{\"@type\":\"Organization\",\"@id\":\"https:\/\/leatai.com\/pt-br\/#organization\",\"name\":\"Leatai Diary, customized journal and business organizer\",\"url\":\"https:\/\/leatai.com\/pt-br\/\",\"logo\":{\"@type\":\"ImageObject\",\"inLanguage\":\"pt-BR\",\"@id\":\"https:\/\/leatai.com\/pt-br\/#\/schema\/logo\/image\/\",\"url\":\"https:\/\/leatai.com\/wp-content\/uploads\/logo-blue.png\",\"contentUrl\":\"https:\/\/leatai.com\/wp-content\/uploads\/logo-blue.png\",\"width\":230,\"height\":60,\"caption\":\"Leatai Diary, customized journal and business organizer\"},\"image\":{\"@id\":\"https:\/\/leatai.com\/pt-br\/#\/schema\/logo\/image\/\"}}]}<\/script>\n<!-- \/ Yoast SEO plugin. -->","yoast_head_json":{"title":"LSC-006-Meow - \u5c08\u5229\u5e73\u88dd\u672c - Leatai \u2013 Fabricante de cadernos personalizados","description":"\u78ca\u6cf0\u7522\u54c1\u578b\u865f\uff1aLSC-006-Meow\uff0c\u6bdb\u6c08\u7d93\u904e\u7279\u6b8a\u8655\u88e1\uff0c\u66f4\u52a0\u6297\u6c59\u4e14\u786c\u633a\uff0c\u9069\u5408\u9577\u6642\u9593\u4f7f\u7528\uff0c\u540c\u6642\u4e0d\u6613\u8d77\u6bdb\u7403\uff0c\u8ecb\u578b\u5f8c\u65b7\u9762\u4e7e\u6de8\u4fd0\u843d\uff0c\u984f\u8272\u9bae\u8c54\u53ef\u81ea\u7531\u9078\u64c7\uff0c\u642d\u914d\u591a\u5c64\u6b21\u7c0d\u7a7a\u8a2d\u8a08\uff0c\u8b93\u4eba\u904e\u76ee\u4e0d\u5fd8\u53c8\u611b\u4e0d\u91cb\u624b!!","robots":{"index":"index","follow":"follow","max-snippet":"max-snippet:-1","max-image-preview":"max-image-preview:large","max-video-preview":"max-video-preview:-1"},"canonical":"https:\/\/leatai.com\/pt-br\/product\/caderno-personalizado\/caderno-brochura\/lsc-006-meow\/","og_locale":"pt_BR","og_type":"article","og_title":"LSC-006-Meow - \u5c08\u5229\u5e73\u88dd\u672c - Leatai \u2013 Fabricante de cadernos personalizados","og_description":"\u78ca\u6cf0\u7522\u54c1\u578b\u865f\uff1aLSC-006-Meow\uff0c\u6bdb\u6c08\u7d93\u904e\u7279\u6b8a\u8655\u88e1\uff0c\u66f4\u52a0\u6297\u6c59\u4e14\u786c\u633a\uff0c\u9069\u5408\u9577\u6642\u9593\u4f7f\u7528\uff0c\u540c\u6642\u4e0d\u6613\u8d77\u6bdb\u7403\uff0c\u8ecb\u578b\u5f8c\u65b7\u9762\u4e7e\u6de8\u4fd0\u843d\uff0c\u984f\u8272\u9bae\u8c54\u53ef\u81ea\u7531\u9078\u64c7\uff0c\u642d\u914d\u591a\u5c64\u6b21\u7c0d\u7a7a\u8a2d\u8a08\uff0c\u8b93\u4eba\u904e\u76ee\u4e0d\u5fd8\u53c8\u611b\u4e0d\u91cb\u624b!!","og_url":"https:\/\/leatai.com\/pt-br\/product\/caderno-personalizado\/caderno-brochura\/lsc-006-meow\/","og_site_name":"Leatai \u2013 Fabricante de cadernos personalizados","article_modified_time":"2025-12-01T08:13:15+00:00","og_image":[{"width":1000,"height":750,"url":"https:\/\/leatai.com\/wp-content\/uploads\/2015_09_05_2117580.jpg","type":"image\/jpeg"}],"twitter_card":"summary_large_image","twitter_misc":{"Est. tempo de leitura":"2 minutos"},"schema":{"@context":"https:\/\/schema.org","@graph":[{"@type":"WebPage","@id":"https:\/\/leatai.com\/pt-br\/product\/caderno-personalizado\/caderno-brochura\/lsc-006-meow\/","url":"https:\/\/leatai.com\/pt-br\/product\/caderno-personalizado\/caderno-brochura\/lsc-006-meow\/","name":"LSC-006-Meow - \u5c08\u5229\u5e73\u88dd\u672c - Leatai \u2013 Fabricante de cadernos personalizados","isPartOf":{"@id":"https:\/\/leatai.com\/pt-br\/#website"},"primaryImageOfPage":{"@id":"https:\/\/leatai.com\/pt-br\/product\/caderno-personalizado\/caderno-brochura\/lsc-006-meow\/#primaryimage"},"image":{"@id":"https:\/\/leatai.com\/pt-br\/product\/caderno-personalizado\/caderno-brochura\/lsc-006-meow\/#primaryimage"},"thumbnailUrl":"https:\/\/leatai.com\/wp-content\/uploads\/2015_09_05_2117580.jpg","datePublished":"2021-06-24T05:26:18+00:00","dateModified":"2025-12-01T08:13:15+00:00","description":"\u78ca\u6cf0\u7522\u54c1\u578b\u865f\uff1aLSC-006-Meow\uff0c\u6bdb\u6c08\u7d93\u904e\u7279\u6b8a\u8655\u88e1\uff0c\u66f4\u52a0\u6297\u6c59\u4e14\u786c\u633a\uff0c\u9069\u5408\u9577\u6642\u9593\u4f7f\u7528\uff0c\u540c\u6642\u4e0d\u6613\u8d77\u6bdb\u7403\uff0c\u8ecb\u578b\u5f8c\u65b7\u9762\u4e7e\u6de8\u4fd0\u843d\uff0c\u984f\u8272\u9bae\u8c54\u53ef\u81ea\u7531\u9078\u64c7\uff0c\u642d\u914d\u591a\u5c64\u6b21\u7c0d\u7a7a\u8a2d\u8a08\uff0c\u8b93\u4eba\u904e\u76ee\u4e0d\u5fd8\u53c8\u611b\u4e0d\u91cb\u624b!!","breadcrumb":{"@id":"https:\/\/leatai.com\/pt-br\/product\/caderno-personalizado\/caderno-brochura\/lsc-006-meow\/#breadcrumb"},"inLanguage":"pt-BR","potentialAction":[{"@type":"ReadAction","target":["https:\/\/leatai.com\/pt-br\/product\/caderno-personalizado\/caderno-brochura\/lsc-006-meow\/"]}]},{"@type":"ImageObject","inLanguage":"pt-BR","@id":"https:\/\/leatai.com\/pt-br\/product\/caderno-personalizado\/caderno-brochura\/lsc-006-meow\/#primaryimage","url":"https:\/\/leatai.com\/wp-content\/uploads\/2015_09_05_2117580.jpg","contentUrl":"https:\/\/leatai.com\/wp-content\/uploads\/2015_09_05_2117580.jpg","width":1000,"height":750},{"@type":"BreadcrumbList","@id":"https:\/\/leatai.com\/pt-br\/product\/caderno-personalizado\/caderno-brochura\/lsc-006-meow\/#breadcrumb","itemListElement":[{"@type":"ListItem","position":1,"name":"Home","item":"https:\/\/leatai.com\/pt-br\/"},{"@type":"ListItem","position":2,"name":"Apresenta\u00e7\u00e3o de produtos","item":"https:\/\/leatai.com\/products\/"},{"@type":"ListItem","position":3,"name":"Caderno personalizado","item":"https:\/\/leatai.com\/pt-br\/categoria-produto\/caderno-personalizado\/"},{"@type":"ListItem","position":4,"name":"Caderno brochura","item":"https:\/\/leatai.com\/pt-br\/categoria-produto\/caderno-personalizado\/caderno-brochura\/"},{"@type":"ListItem","position":5,"name":"LSC-006-Meow"}]},{"@type":"WebSite","@id":"https:\/\/leatai.com\/pt-br\/#website","url":"https:\/\/leatai.com\/pt-br\/","name":"Leatai \u2013 Fabricante de cadernos personalizados","description":"A Leatai fornece cadernos e planejadores personalizados para marcas e distribuidores em todo o mundo.","publisher":{"@id":"https:\/\/leatai.com\/pt-br\/#organization"},"potentialAction":[{"@type":"SearchAction","target":{"@type":"EntryPoint","urlTemplate":"https:\/\/leatai.com\/pt-br\/?s={search_term_string}"},"query-input":{"@type":"PropertyValueSpecification","valueRequired":true,"valueName":"search_term_string"}}],"inLanguage":"pt-BR"},{"@type":"Organization","@id":"https:\/\/leatai.com\/pt-br\/#organization","name":"Leatai Diary, customized journal and business organizer","url":"https:\/\/leatai.com\/pt-br\/","logo":{"@type":"ImageObject","inLanguage":"pt-BR","@id":"https:\/\/leatai.com\/pt-br\/#\/schema\/logo\/image\/","url":"https:\/\/leatai.com\/wp-content\/uploads\/logo-blue.png","contentUrl":"https:\/\/leatai.com\/wp-content\/uploads\/logo-blue.png","width":230,"height":60,"caption":"Leatai Diary, customized journal and business organizer"},"image":{"@id":"https:\/\/leatai.com\/pt-br\/#\/schema\/logo\/image\/"}}]}},"_links":{"self":[{"href":"https:\/\/leatai.com\/pt-br\/wp-json\/wp\/v2\/product\/234110","targetHints":{"allow":["GET"]}}],"collection":[{"href":"https:\/\/leatai.com\/pt-br\/wp-json\/wp\/v2\/product"}],"about":[{"href":"https:\/\/leatai.com\/pt-br\/wp-json\/wp\/v2\/types\/product"}],"wp:featuredmedia":[{"embeddable":true,"href":"https:\/\/leatai.com\/pt-br\/wp-json\/wp\/v2\/media\/234111"}],"wp:attachment":[{"href":"https:\/\/leatai.com\/pt-br\/wp-json\/wp\/v2\/media?parent=234110"}],"wp:term":[{"taxonomy":"product_brand","embeddable":true,"href":"https:\/\/leatai.com\/pt-br\/wp-json\/wp\/v2\/product_brand?post=234110"},{"taxonomy":"product_cat","embeddable":true,"href":"https:\/\/leatai.com\/pt-br\/wp-json\/wp\/v2\/product_cat?post=234110"},{"taxonomy":"product_tag","embeddable":true,"href":"https:\/\/leatai.com\/pt-br\/wp-json\/wp\/v2\/product_tag?post=234110"},{"taxonomy":"home_works","embeddable":true,"href":"https:\/\/leatai.com\/pt-br\/wp-json\/wp\/v2\/home_works?post=234110"}],"curies":[{"name":"wp","href":"https:\/\/api.w.org\/{rel}","templated":true}]}}