{"id":233821,"date":"2021-06-24T13:17:56","date_gmt":"2021-06-24T05:17:56","guid":{"rendered":"https:\/\/leatai.com\/product\/sem%20categoria\/porta-copo-de-feltro-com-patente\/"},"modified":"2025-11-28T16:25:27","modified_gmt":"2025-11-28T08:25:27","slug":"porta-copo-de-feltro-com-patente","status":"publish","type":"product","link":"https:\/\/leatai.com\/pt-br\/product\/produtos-de-presente-e-couro\/produtos-de-feltro\/porta-copo-de-feltro-com-patente\/","title":{"rendered":"Porta-copo de feltro com patente"},"content":{"rendered":"<p>Descri\u00e7\u00e3o<\/p>\n<p>Modelo do produto: Porta-copo de feltro com patente<br \/>\nMaterial da capa: feltro<br \/>\nCores: vermelho \/ azul \/ preto \/ roxo \/ amarelo \/ branco \/ laranja \/ verde<br \/>\nEspecifica\u00e7\u00f5es: di\u00e2metro 10 cm<br \/>\nOutros:<\/p>\n<p>O feltro \u00e9, na verdade, um material comum e simples. Quando utilizado em produtos tradicionais, apresenta bordas \u00e1speras, excesso de fiapos na superf\u00edcie de corte e maciez excessiva \u2014 caracter\u00edsticas que frequentemente limitam suas aplica\u00e7\u00f5es.<\/p>\n<p>Ap\u00f3s o processo exclusivo de tratamento da Leatai, a superf\u00edcie torna-se mais uniforme, com redu\u00e7\u00e3o de 90% da aspereza; quase n\u00e3o h\u00e1 res\u00edduos de fibras no corte e n\u00e3o surgem marcas de afundamento na costura. Al\u00e9m disso, o material ganha resist\u00eancia \u00e0 sujeira, e as cores vivas ampliam enormemente o espa\u00e7o criativo.<\/p>\n<p>Este \u00e9 um produto com patente exclusiva da Leatai \u2014 venha explorar todo o potencial da sua criatividade conosco!<\/p>\n<p>Embalagem: saco OPP (opcional)<br \/>\nProcessos de aplica\u00e7\u00e3o do LOGO: corte especial, serigrafia \u00e0 base d\u2019\u00e1gua<\/p>\n","protected":false},"excerpt":{"rendered":"[embed]https:\/\/www.youtube.com\/embed\/MvMfdwEUKnk[\/embed]\n","protected":false},"featured_media":233822,"template":"","meta":{"_acf_changed":false},"product_brand":[],"product_cat":[1146,1172],"product_tag":[],"home_works":[],"class_list":{"0":"post-233821","1":"product","2":"type-product","3":"status-publish","4":"has-post-thumbnail","6":"product_cat-produtos-de-feltro","7":"product_cat-produtos-exclusivos","9":"first","10":"instock","11":"sold-individually","12":"shipping-taxable","13":"purchasable","14":"product-type-simple"},"acf":[],"yoast_head":"<!-- This site is optimized with the Yoast SEO plugin v27.2 - https:\/\/yoast.com\/product\/yoast-seo-wordpress\/ -->\n<title>Porta-copo de feltro com patente - Leatai \u2013 Fabricante de cadernos personalizados<\/title>\n<meta name=\"description\" content=\"Ap\u00f3s o processo exclusivo de tratamento da Leatai, a superf\u00edcie torna-se totalmente nivelada, com redu\u00e7\u00e3o de 90% da aspereza; quase n\u00e3o h\u00e1 fibras residuais no corte, e n\u00e3o surgem marcas de afundamento na costura. Ao mesmo tempo, o material adquire resist\u00eancia a manchas \u2014 algo que originalmente n\u00e3o possu\u00eda \u2014 e as cores vivas oferecem um espa\u00e7o criativo ilimitado.\" \/>\n<meta name=\"robots\" content=\"index, follow, max-snippet:-1, max-image-preview:large, max-video-preview:-1\" \/>\n<link rel=\"canonical\" href=\"https:\/\/leatai.com\/pt-br\/product\/produtos-de-presente-e-couro\/produtos-de-feltro\/porta-copo-de-feltro-com-patente\/\" \/>\n<meta property=\"og:locale\" content=\"pt_BR\" \/>\n<meta property=\"og:type\" content=\"article\" \/>\n<meta property=\"og:title\" content=\"Porta-copo de feltro com patente - Leatai \u2013 Fabricante de cadernos personalizados\" \/>\n<meta property=\"og:description\" content=\"Ap\u00f3s o processo exclusivo de tratamento da Leatai, a superf\u00edcie torna-se totalmente nivelada, com redu\u00e7\u00e3o de 90% da aspereza; quase n\u00e3o h\u00e1 fibras residuais no corte, e n\u00e3o surgem marcas de afundamento na costura. Ao mesmo tempo, o material adquire resist\u00eancia a manchas \u2014 algo que originalmente n\u00e3o possu\u00eda \u2014 e as cores vivas oferecem um espa\u00e7o criativo ilimitado.\" \/>\n<meta property=\"og:url\" content=\"https:\/\/leatai.com\/pt-br\/product\/produtos-de-presente-e-couro\/produtos-de-feltro\/porta-copo-de-feltro-com-patente\/\" \/>\n<meta property=\"og:site_name\" content=\"Leatai \u2013 Fabricante de cadernos personalizados\" \/>\n<meta property=\"article:modified_time\" content=\"2025-11-28T08:25:27+00:00\" \/>\n<meta property=\"og:image\" content=\"https:\/\/leatai.com\/wp-content\/uploads\/2016_01_04_1436500.jpg\" \/>\n\t<meta property=\"og:image:width\" content=\"1000\" \/>\n\t<meta property=\"og:image:height\" content=\"750\" \/>\n\t<meta property=\"og:image:type\" content=\"image\/jpeg\" \/>\n<meta name=\"twitter:card\" content=\"summary_large_image\" \/>\n<meta name=\"twitter:label1\" content=\"Est. tempo de leitura\" \/>\n\t<meta name=\"twitter:data1\" content=\"2 minutos\" \/>\n<script type=\"application\/ld+json\" class=\"yoast-schema-graph\">{\"@context\":\"https:\/\/schema.org\",\"@graph\":[{\"@type\":\"WebPage\",\"@id\":\"https:\/\/leatai.com\/pt-br\/product\/produtos-de-presente-e-couro\/produtos-de-feltro\/porta-copo-de-feltro-com-patente\/\",\"url\":\"https:\/\/leatai.com\/pt-br\/product\/produtos-de-presente-e-couro\/produtos-de-feltro\/porta-copo-de-feltro-com-patente\/\",\"name\":\"Porta-copo de feltro com patente - Leatai \u2013 Fabricante de cadernos personalizados\",\"isPartOf\":{\"@id\":\"https:\/\/leatai.com\/pt-br\/#website\"},\"primaryImageOfPage\":{\"@id\":\"https:\/\/leatai.com\/pt-br\/product\/produtos-de-presente-e-couro\/produtos-de-feltro\/porta-copo-de-feltro-com-patente\/#primaryimage\"},\"image\":{\"@id\":\"https:\/\/leatai.com\/pt-br\/product\/produtos-de-presente-e-couro\/produtos-de-feltro\/porta-copo-de-feltro-com-patente\/#primaryimage\"},\"thumbnailUrl\":\"https:\/\/leatai.com\/wp-content\/uploads\/2016_01_04_1436500.jpg\",\"datePublished\":\"2021-06-24T05:17:56+00:00\",\"dateModified\":\"2025-11-28T08:25:27+00:00\",\"description\":\"Ap\u00f3s o processo exclusivo de tratamento da Leatai, a superf\u00edcie torna-se totalmente nivelada, com redu\u00e7\u00e3o de 90% da aspereza; quase n\u00e3o h\u00e1 fibras residuais no corte, e n\u00e3o surgem marcas de afundamento na costura. Ao mesmo tempo, o material adquire resist\u00eancia a manchas \u2014 algo que originalmente n\u00e3o possu\u00eda \u2014 e as cores vivas oferecem um espa\u00e7o criativo ilimitado.\",\"breadcrumb\":{\"@id\":\"https:\/\/leatai.com\/pt-br\/product\/produtos-de-presente-e-couro\/produtos-de-feltro\/porta-copo-de-feltro-com-patente\/#breadcrumb\"},\"inLanguage\":\"pt-BR\",\"potentialAction\":[{\"@type\":\"ReadAction\",\"target\":[\"https:\/\/leatai.com\/pt-br\/product\/produtos-de-presente-e-couro\/produtos-de-feltro\/porta-copo-de-feltro-com-patente\/\"]}]},{\"@type\":\"ImageObject\",\"inLanguage\":\"pt-BR\",\"@id\":\"https:\/\/leatai.com\/pt-br\/product\/produtos-de-presente-e-couro\/produtos-de-feltro\/porta-copo-de-feltro-com-patente\/#primaryimage\",\"url\":\"https:\/\/leatai.com\/wp-content\/uploads\/2016_01_04_1436500.jpg\",\"contentUrl\":\"https:\/\/leatai.com\/wp-content\/uploads\/2016_01_04_1436500.jpg\",\"width\":1000,\"height\":750},{\"@type\":\"BreadcrumbList\",\"@id\":\"https:\/\/leatai.com\/pt-br\/product\/produtos-de-presente-e-couro\/produtos-de-feltro\/porta-copo-de-feltro-com-patente\/#breadcrumb\",\"itemListElement\":[{\"@type\":\"ListItem\",\"position\":1,\"name\":\"Home\",\"item\":\"https:\/\/leatai.com\/pt-br\/\"},{\"@type\":\"ListItem\",\"position\":2,\"name\":\"Apresenta\u00e7\u00e3o de produtos\",\"item\":\"https:\/\/leatai.com\/products\/\"},{\"@type\":\"ListItem\",\"position\":3,\"name\":\"Produtos de Presente e Couro\",\"item\":\"https:\/\/leatai.com\/pt-br\/categoria-produto\/produtos-de-presente-e-couro\/\"},{\"@type\":\"ListItem\",\"position\":4,\"name\":\"Produtos de feltro\",\"item\":\"https:\/\/leatai.com\/pt-br\/categoria-produto\/produtos-de-presente-e-couro\/produtos-de-feltro\/\"},{\"@type\":\"ListItem\",\"position\":5,\"name\":\"Porta-copo de feltro com patente\"}]},{\"@type\":\"WebSite\",\"@id\":\"https:\/\/leatai.com\/pt-br\/#website\",\"url\":\"https:\/\/leatai.com\/pt-br\/\",\"name\":\"Leatai \u2013 Fabricante de cadernos personalizados\",\"description\":\"A Leatai fornece cadernos e planejadores personalizados para marcas e distribuidores em todo o mundo.\",\"publisher\":{\"@id\":\"https:\/\/leatai.com\/pt-br\/#organization\"},\"potentialAction\":[{\"@type\":\"SearchAction\",\"target\":{\"@type\":\"EntryPoint\",\"urlTemplate\":\"https:\/\/leatai.com\/pt-br\/?s={search_term_string}\"},\"query-input\":{\"@type\":\"PropertyValueSpecification\",\"valueRequired\":true,\"valueName\":\"search_term_string\"}}],\"inLanguage\":\"pt-BR\"},{\"@type\":\"Organization\",\"@id\":\"https:\/\/leatai.com\/pt-br\/#organization\",\"name\":\"Leatai Diary, customized journal and business organizer\",\"url\":\"https:\/\/leatai.com\/pt-br\/\",\"logo\":{\"@type\":\"ImageObject\",\"inLanguage\":\"pt-BR\",\"@id\":\"https:\/\/leatai.com\/pt-br\/#\/schema\/logo\/image\/\",\"url\":\"https:\/\/leatai.com\/wp-content\/uploads\/logo-blue.png\",\"contentUrl\":\"https:\/\/leatai.com\/wp-content\/uploads\/logo-blue.png\",\"width\":230,\"height\":60,\"caption\":\"Leatai Diary, customized journal and business organizer\"},\"image\":{\"@id\":\"https:\/\/leatai.com\/pt-br\/#\/schema\/logo\/image\/\"}}]}<\/script>\n<!-- \/ Yoast SEO plugin. -->","yoast_head_json":{"title":"Porta-copo de feltro com patente - Leatai \u2013 Fabricante de cadernos personalizados","description":"Ap\u00f3s o processo exclusivo de tratamento da Leatai, a superf\u00edcie torna-se totalmente nivelada, com redu\u00e7\u00e3o de 90% da aspereza; quase n\u00e3o h\u00e1 fibras residuais no corte, e n\u00e3o surgem marcas de afundamento na costura. Ao mesmo tempo, o material adquire resist\u00eancia a manchas \u2014 algo que originalmente n\u00e3o possu\u00eda \u2014 e as cores vivas oferecem um espa\u00e7o criativo ilimitado.","robots":{"index":"index","follow":"follow","max-snippet":"max-snippet:-1","max-image-preview":"max-image-preview:large","max-video-preview":"max-video-preview:-1"},"canonical":"https:\/\/leatai.com\/pt-br\/product\/produtos-de-presente-e-couro\/produtos-de-feltro\/porta-copo-de-feltro-com-patente\/","og_locale":"pt_BR","og_type":"article","og_title":"Porta-copo de feltro com patente - Leatai \u2013 Fabricante de cadernos personalizados","og_description":"Ap\u00f3s o processo exclusivo de tratamento da Leatai, a superf\u00edcie torna-se totalmente nivelada, com redu\u00e7\u00e3o de 90% da aspereza; quase n\u00e3o h\u00e1 fibras residuais no corte, e n\u00e3o surgem marcas de afundamento na costura. Ao mesmo tempo, o material adquire resist\u00eancia a manchas \u2014 algo que originalmente n\u00e3o possu\u00eda \u2014 e as cores vivas oferecem um espa\u00e7o criativo ilimitado.","og_url":"https:\/\/leatai.com\/pt-br\/product\/produtos-de-presente-e-couro\/produtos-de-feltro\/porta-copo-de-feltro-com-patente\/","og_site_name":"Leatai \u2013 Fabricante de cadernos personalizados","article_modified_time":"2025-11-28T08:25:27+00:00","og_image":[{"width":1000,"height":750,"url":"https:\/\/leatai.com\/wp-content\/uploads\/2016_01_04_1436500.jpg","type":"image\/jpeg"}],"twitter_card":"summary_large_image","twitter_misc":{"Est. tempo de leitura":"2 minutos"},"schema":{"@context":"https:\/\/schema.org","@graph":[{"@type":"WebPage","@id":"https:\/\/leatai.com\/pt-br\/product\/produtos-de-presente-e-couro\/produtos-de-feltro\/porta-copo-de-feltro-com-patente\/","url":"https:\/\/leatai.com\/pt-br\/product\/produtos-de-presente-e-couro\/produtos-de-feltro\/porta-copo-de-feltro-com-patente\/","name":"Porta-copo de feltro com patente - Leatai \u2013 Fabricante de cadernos personalizados","isPartOf":{"@id":"https:\/\/leatai.com\/pt-br\/#website"},"primaryImageOfPage":{"@id":"https:\/\/leatai.com\/pt-br\/product\/produtos-de-presente-e-couro\/produtos-de-feltro\/porta-copo-de-feltro-com-patente\/#primaryimage"},"image":{"@id":"https:\/\/leatai.com\/pt-br\/product\/produtos-de-presente-e-couro\/produtos-de-feltro\/porta-copo-de-feltro-com-patente\/#primaryimage"},"thumbnailUrl":"https:\/\/leatai.com\/wp-content\/uploads\/2016_01_04_1436500.jpg","datePublished":"2021-06-24T05:17:56+00:00","dateModified":"2025-11-28T08:25:27+00:00","description":"Ap\u00f3s o processo exclusivo de tratamento da Leatai, a superf\u00edcie torna-se totalmente nivelada, com redu\u00e7\u00e3o de 90% da aspereza; quase n\u00e3o h\u00e1 fibras residuais no corte, e n\u00e3o surgem marcas de afundamento na costura. Ao mesmo tempo, o material adquire resist\u00eancia a manchas \u2014 algo que originalmente n\u00e3o possu\u00eda \u2014 e as cores vivas oferecem um espa\u00e7o criativo ilimitado.","breadcrumb":{"@id":"https:\/\/leatai.com\/pt-br\/product\/produtos-de-presente-e-couro\/produtos-de-feltro\/porta-copo-de-feltro-com-patente\/#breadcrumb"},"inLanguage":"pt-BR","potentialAction":[{"@type":"ReadAction","target":["https:\/\/leatai.com\/pt-br\/product\/produtos-de-presente-e-couro\/produtos-de-feltro\/porta-copo-de-feltro-com-patente\/"]}]},{"@type":"ImageObject","inLanguage":"pt-BR","@id":"https:\/\/leatai.com\/pt-br\/product\/produtos-de-presente-e-couro\/produtos-de-feltro\/porta-copo-de-feltro-com-patente\/#primaryimage","url":"https:\/\/leatai.com\/wp-content\/uploads\/2016_01_04_1436500.jpg","contentUrl":"https:\/\/leatai.com\/wp-content\/uploads\/2016_01_04_1436500.jpg","width":1000,"height":750},{"@type":"BreadcrumbList","@id":"https:\/\/leatai.com\/pt-br\/product\/produtos-de-presente-e-couro\/produtos-de-feltro\/porta-copo-de-feltro-com-patente\/#breadcrumb","itemListElement":[{"@type":"ListItem","position":1,"name":"Home","item":"https:\/\/leatai.com\/pt-br\/"},{"@type":"ListItem","position":2,"name":"Apresenta\u00e7\u00e3o de produtos","item":"https:\/\/leatai.com\/products\/"},{"@type":"ListItem","position":3,"name":"Produtos de Presente e Couro","item":"https:\/\/leatai.com\/pt-br\/categoria-produto\/produtos-de-presente-e-couro\/"},{"@type":"ListItem","position":4,"name":"Produtos de feltro","item":"https:\/\/leatai.com\/pt-br\/categoria-produto\/produtos-de-presente-e-couro\/produtos-de-feltro\/"},{"@type":"ListItem","position":5,"name":"Porta-copo de feltro com patente"}]},{"@type":"WebSite","@id":"https:\/\/leatai.com\/pt-br\/#website","url":"https:\/\/leatai.com\/pt-br\/","name":"Leatai \u2013 Fabricante de cadernos personalizados","description":"A Leatai fornece cadernos e planejadores personalizados para marcas e distribuidores em todo o mundo.","publisher":{"@id":"https:\/\/leatai.com\/pt-br\/#organization"},"potentialAction":[{"@type":"SearchAction","target":{"@type":"EntryPoint","urlTemplate":"https:\/\/leatai.com\/pt-br\/?s={search_term_string}"},"query-input":{"@type":"PropertyValueSpecification","valueRequired":true,"valueName":"search_term_string"}}],"inLanguage":"pt-BR"},{"@type":"Organization","@id":"https:\/\/leatai.com\/pt-br\/#organization","name":"Leatai Diary, customized journal and business organizer","url":"https:\/\/leatai.com\/pt-br\/","logo":{"@type":"ImageObject","inLanguage":"pt-BR","@id":"https:\/\/leatai.com\/pt-br\/#\/schema\/logo\/image\/","url":"https:\/\/leatai.com\/wp-content\/uploads\/logo-blue.png","contentUrl":"https:\/\/leatai.com\/wp-content\/uploads\/logo-blue.png","width":230,"height":60,"caption":"Leatai Diary, customized journal and business organizer"},"image":{"@id":"https:\/\/leatai.com\/pt-br\/#\/schema\/logo\/image\/"}}]}},"_links":{"self":[{"href":"https:\/\/leatai.com\/pt-br\/wp-json\/wp\/v2\/product\/233821","targetHints":{"allow":["GET"]}}],"collection":[{"href":"https:\/\/leatai.com\/pt-br\/wp-json\/wp\/v2\/product"}],"about":[{"href":"https:\/\/leatai.com\/pt-br\/wp-json\/wp\/v2\/types\/product"}],"wp:featuredmedia":[{"embeddable":true,"href":"https:\/\/leatai.com\/pt-br\/wp-json\/wp\/v2\/media\/233822"}],"wp:attachment":[{"href":"https:\/\/leatai.com\/pt-br\/wp-json\/wp\/v2\/media?parent=233821"}],"wp:term":[{"taxonomy":"product_brand","embeddable":true,"href":"https:\/\/leatai.com\/pt-br\/wp-json\/wp\/v2\/product_brand?post=233821"},{"taxonomy":"product_cat","embeddable":true,"href":"https:\/\/leatai.com\/pt-br\/wp-json\/wp\/v2\/product_cat?post=233821"},{"taxonomy":"product_tag","embeddable":true,"href":"https:\/\/leatai.com\/pt-br\/wp-json\/wp\/v2\/product_tag?post=233821"},{"taxonomy":"home_works","embeddable":true,"href":"https:\/\/leatai.com\/pt-br\/wp-json\/wp\/v2\/home_works?post=233821"}],"curies":[{"name":"wp","href":"https:\/\/api.w.org\/{rel}","templated":true}]}}