{"id":233818,"date":"2021-06-24T13:22:46","date_gmt":"2021-06-24T05:22:46","guid":{"rendered":"https:\/\/leatai.com\/product\/sem%20categoria\/porta-chaves-em-couro-legitimo-com-acabamento-artesanal\/"},"modified":"2025-11-28T16:24:15","modified_gmt":"2025-11-28T08:24:15","slug":"porta-chaves-em-couro-legitimo-com-acabamento-artesanal","status":"publish","type":"product","link":"https:\/\/leatai.com\/pt-br\/product\/produtos-de-presente-e-couro\/produtos-de-couro-e-artigos-de-escritorio\/porta-chaves-em-couro-legitimo-com-acabamento-artesanal\/","title":{"rendered":"Porta-chaves em couro leg\u00edtimo com acabamento artesanal"},"content":{"rendered":"<p>Material: couro bovino importado + couro de cordeiro<br \/>\nEmbalagem: saco OPP<\/p>\n<p>Descri\u00e7\u00e3o do produto<\/p>\n<p>Este porta-chaves de design especial \u00e9 feito com couro bovino importado e couro de cordeiro.<br \/>\nA amostra mostrada na foto \u00e9 costurada \u00e0 m\u00e3o com linha encerada; na produ\u00e7\u00e3o em massa, ser\u00e1 utilizada costura em m\u00e1quina com linha grossa para aumentar o refinamento.<br \/>\nAl\u00e9m do porta-chaves, tamb\u00e9m \u00e9 poss\u00edvel encomendar outros produtos em couro leg\u00edtimo, como capas de couro, porta-moedas, porta-passaporte, porta-cart\u00f5es de visita, porta-crach\u00e1s e muitos outros artigos em couro. Entre em contato para consultar.<\/p>\n","protected":false},"excerpt":{"rendered":"<p>Material: couro bovino importado + couro de cordeiro Embalagem: saco OPP Descri\u00e7\u00e3o do produto Este porta-chaves de design especial \u00e9 feito com couro bovino importado e couro de cordeiro. A amostra mostrada na foto \u00e9 costurada \u00e0 m\u00e3o com linha encerada; na produ\u00e7\u00e3o em massa, ser\u00e1 utilizada costura em m\u00e1quina com linha grossa para aumentar [&hellip;]<\/p>\n","protected":false},"featured_media":233819,"template":"","meta":{"_acf_changed":false},"product_brand":[],"product_cat":[1133],"product_tag":[],"home_works":[],"class_list":{"0":"post-233818","1":"product","2":"type-product","3":"status-publish","4":"has-post-thumbnail","6":"product_cat-produtos-de-couro-e-artigos-de-escritorio","8":"first","9":"instock","10":"sold-individually","11":"shipping-taxable","12":"purchasable","13":"product-type-simple"},"acf":[],"yoast_head":"<!-- This site is optimized with the Yoast SEO plugin v27.2 - https:\/\/yoast.com\/product\/yoast-seo-wordpress\/ -->\n<title>Porta-chaves em couro leg\u00edtimo com acabamento artesanal - Leatai \u2013 Fabricante de cadernos personalizados<\/title>\n<meta name=\"description\" content=\"Transformar o porta-chaves em um formato de cora\u00e7\u00e3o com efeito tridimensional exige um processo artesanal complexo. Combinado com couro de cordeiro, o toque torna-se especialmente sofisticado \u2014 \u00e9 um produto de couro leg\u00edtimo raro e \u00fanico.\" \/>\n<meta name=\"robots\" content=\"index, follow, max-snippet:-1, max-image-preview:large, max-video-preview:-1\" \/>\n<link rel=\"canonical\" href=\"https:\/\/leatai.com\/pt-br\/product\/produtos-de-presente-e-couro\/produtos-de-couro-e-artigos-de-escritorio\/porta-chaves-em-couro-legitimo-com-acabamento-artesanal\/\" \/>\n<meta property=\"og:locale\" content=\"pt_BR\" \/>\n<meta property=\"og:type\" content=\"article\" \/>\n<meta property=\"og:title\" content=\"Porta-chaves em couro leg\u00edtimo com acabamento artesanal - Leatai \u2013 Fabricante de cadernos personalizados\" \/>\n<meta property=\"og:description\" content=\"Transformar o porta-chaves em um formato de cora\u00e7\u00e3o com efeito tridimensional exige um processo artesanal complexo. Combinado com couro de cordeiro, o toque torna-se especialmente sofisticado \u2014 \u00e9 um produto de couro leg\u00edtimo raro e \u00fanico.\" \/>\n<meta property=\"og:url\" content=\"https:\/\/leatai.com\/pt-br\/product\/produtos-de-presente-e-couro\/produtos-de-couro-e-artigos-de-escritorio\/porta-chaves-em-couro-legitimo-com-acabamento-artesanal\/\" \/>\n<meta property=\"og:site_name\" content=\"Leatai \u2013 Fabricante de cadernos personalizados\" \/>\n<meta property=\"article:modified_time\" content=\"2025-11-28T08:24:15+00:00\" \/>\n<meta property=\"og:image\" content=\"https:\/\/leatai.com\/wp-content\/uploads\/2016_01_20_1758360.jpg\" \/>\n\t<meta property=\"og:image:width\" content=\"1000\" \/>\n\t<meta property=\"og:image:height\" content=\"750\" \/>\n\t<meta property=\"og:image:type\" content=\"image\/jpeg\" \/>\n<meta name=\"twitter:card\" content=\"summary_large_image\" \/>\n<meta name=\"twitter:label1\" content=\"Est. tempo de leitura\" \/>\n\t<meta name=\"twitter:data1\" content=\"1 minuto\" \/>\n<script type=\"application\/ld+json\" class=\"yoast-schema-graph\">{\"@context\":\"https:\/\/schema.org\",\"@graph\":[{\"@type\":\"WebPage\",\"@id\":\"https:\/\/leatai.com\/pt-br\/product\/produtos-de-presente-e-couro\/produtos-de-couro-e-artigos-de-escritorio\/porta-chaves-em-couro-legitimo-com-acabamento-artesanal\/\",\"url\":\"https:\/\/leatai.com\/pt-br\/product\/produtos-de-presente-e-couro\/produtos-de-couro-e-artigos-de-escritorio\/porta-chaves-em-couro-legitimo-com-acabamento-artesanal\/\",\"name\":\"Porta-chaves em couro leg\u00edtimo com acabamento artesanal - Leatai \u2013 Fabricante de cadernos personalizados\",\"isPartOf\":{\"@id\":\"https:\/\/leatai.com\/pt-br\/#website\"},\"primaryImageOfPage\":{\"@id\":\"https:\/\/leatai.com\/pt-br\/product\/produtos-de-presente-e-couro\/produtos-de-couro-e-artigos-de-escritorio\/porta-chaves-em-couro-legitimo-com-acabamento-artesanal\/#primaryimage\"},\"image\":{\"@id\":\"https:\/\/leatai.com\/pt-br\/product\/produtos-de-presente-e-couro\/produtos-de-couro-e-artigos-de-escritorio\/porta-chaves-em-couro-legitimo-com-acabamento-artesanal\/#primaryimage\"},\"thumbnailUrl\":\"https:\/\/leatai.com\/wp-content\/uploads\/2016_01_20_1758360.jpg\",\"datePublished\":\"2021-06-24T05:22:46+00:00\",\"dateModified\":\"2025-11-28T08:24:15+00:00\",\"description\":\"Transformar o porta-chaves em um formato de cora\u00e7\u00e3o com efeito tridimensional exige um processo artesanal complexo. Combinado com couro de cordeiro, o toque torna-se especialmente sofisticado \u2014 \u00e9 um produto de couro leg\u00edtimo raro e \u00fanico.\",\"breadcrumb\":{\"@id\":\"https:\/\/leatai.com\/pt-br\/product\/produtos-de-presente-e-couro\/produtos-de-couro-e-artigos-de-escritorio\/porta-chaves-em-couro-legitimo-com-acabamento-artesanal\/#breadcrumb\"},\"inLanguage\":\"pt-BR\",\"potentialAction\":[{\"@type\":\"ReadAction\",\"target\":[\"https:\/\/leatai.com\/pt-br\/product\/produtos-de-presente-e-couro\/produtos-de-couro-e-artigos-de-escritorio\/porta-chaves-em-couro-legitimo-com-acabamento-artesanal\/\"]}]},{\"@type\":\"ImageObject\",\"inLanguage\":\"pt-BR\",\"@id\":\"https:\/\/leatai.com\/pt-br\/product\/produtos-de-presente-e-couro\/produtos-de-couro-e-artigos-de-escritorio\/porta-chaves-em-couro-legitimo-com-acabamento-artesanal\/#primaryimage\",\"url\":\"https:\/\/leatai.com\/wp-content\/uploads\/2016_01_20_1758360.jpg\",\"contentUrl\":\"https:\/\/leatai.com\/wp-content\/uploads\/2016_01_20_1758360.jpg\",\"width\":1000,\"height\":750},{\"@type\":\"BreadcrumbList\",\"@id\":\"https:\/\/leatai.com\/pt-br\/product\/produtos-de-presente-e-couro\/produtos-de-couro-e-artigos-de-escritorio\/porta-chaves-em-couro-legitimo-com-acabamento-artesanal\/#breadcrumb\",\"itemListElement\":[{\"@type\":\"ListItem\",\"position\":1,\"name\":\"Home\",\"item\":\"https:\/\/leatai.com\/pt-br\/\"},{\"@type\":\"ListItem\",\"position\":2,\"name\":\"Apresenta\u00e7\u00e3o de produtos\",\"item\":\"https:\/\/leatai.com\/products\/\"},{\"@type\":\"ListItem\",\"position\":3,\"name\":\"Produtos de Presente e Couro\",\"item\":\"https:\/\/leatai.com\/pt-br\/categoria-produto\/produtos-de-presente-e-couro\/\"},{\"@type\":\"ListItem\",\"position\":4,\"name\":\"Produtos de couro e artigos de escrit\u00f3rio\",\"item\":\"https:\/\/leatai.com\/pt-br\/categoria-produto\/produtos-de-presente-e-couro\/produtos-de-couro-e-artigos-de-escritorio\/\"},{\"@type\":\"ListItem\",\"position\":5,\"name\":\"Porta-chaves em couro leg\u00edtimo com acabamento artesanal\"}]},{\"@type\":\"WebSite\",\"@id\":\"https:\/\/leatai.com\/pt-br\/#website\",\"url\":\"https:\/\/leatai.com\/pt-br\/\",\"name\":\"Leatai \u2013 Fabricante de cadernos personalizados\",\"description\":\"A Leatai fornece cadernos e planejadores personalizados para marcas e distribuidores em todo o mundo.\",\"publisher\":{\"@id\":\"https:\/\/leatai.com\/pt-br\/#organization\"},\"potentialAction\":[{\"@type\":\"SearchAction\",\"target\":{\"@type\":\"EntryPoint\",\"urlTemplate\":\"https:\/\/leatai.com\/pt-br\/?s={search_term_string}\"},\"query-input\":{\"@type\":\"PropertyValueSpecification\",\"valueRequired\":true,\"valueName\":\"search_term_string\"}}],\"inLanguage\":\"pt-BR\"},{\"@type\":\"Organization\",\"@id\":\"https:\/\/leatai.com\/pt-br\/#organization\",\"name\":\"Leatai Diary, customized journal and business organizer\",\"url\":\"https:\/\/leatai.com\/pt-br\/\",\"logo\":{\"@type\":\"ImageObject\",\"inLanguage\":\"pt-BR\",\"@id\":\"https:\/\/leatai.com\/pt-br\/#\/schema\/logo\/image\/\",\"url\":\"https:\/\/leatai.com\/wp-content\/uploads\/logo-blue.png\",\"contentUrl\":\"https:\/\/leatai.com\/wp-content\/uploads\/logo-blue.png\",\"width\":230,\"height\":60,\"caption\":\"Leatai Diary, customized journal and business organizer\"},\"image\":{\"@id\":\"https:\/\/leatai.com\/pt-br\/#\/schema\/logo\/image\/\"}}]}<\/script>\n<!-- \/ Yoast SEO plugin. -->","yoast_head_json":{"title":"Porta-chaves em couro leg\u00edtimo com acabamento artesanal - Leatai \u2013 Fabricante de cadernos personalizados","description":"Transformar o porta-chaves em um formato de cora\u00e7\u00e3o com efeito tridimensional exige um processo artesanal complexo. Combinado com couro de cordeiro, o toque torna-se especialmente sofisticado \u2014 \u00e9 um produto de couro leg\u00edtimo raro e \u00fanico.","robots":{"index":"index","follow":"follow","max-snippet":"max-snippet:-1","max-image-preview":"max-image-preview:large","max-video-preview":"max-video-preview:-1"},"canonical":"https:\/\/leatai.com\/pt-br\/product\/produtos-de-presente-e-couro\/produtos-de-couro-e-artigos-de-escritorio\/porta-chaves-em-couro-legitimo-com-acabamento-artesanal\/","og_locale":"pt_BR","og_type":"article","og_title":"Porta-chaves em couro leg\u00edtimo com acabamento artesanal - Leatai \u2013 Fabricante de cadernos personalizados","og_description":"Transformar o porta-chaves em um formato de cora\u00e7\u00e3o com efeito tridimensional exige um processo artesanal complexo. Combinado com couro de cordeiro, o toque torna-se especialmente sofisticado \u2014 \u00e9 um produto de couro leg\u00edtimo raro e \u00fanico.","og_url":"https:\/\/leatai.com\/pt-br\/product\/produtos-de-presente-e-couro\/produtos-de-couro-e-artigos-de-escritorio\/porta-chaves-em-couro-legitimo-com-acabamento-artesanal\/","og_site_name":"Leatai \u2013 Fabricante de cadernos personalizados","article_modified_time":"2025-11-28T08:24:15+00:00","og_image":[{"width":1000,"height":750,"url":"https:\/\/leatai.com\/wp-content\/uploads\/2016_01_20_1758360.jpg","type":"image\/jpeg"}],"twitter_card":"summary_large_image","twitter_misc":{"Est. tempo de leitura":"1 minuto"},"schema":{"@context":"https:\/\/schema.org","@graph":[{"@type":"WebPage","@id":"https:\/\/leatai.com\/pt-br\/product\/produtos-de-presente-e-couro\/produtos-de-couro-e-artigos-de-escritorio\/porta-chaves-em-couro-legitimo-com-acabamento-artesanal\/","url":"https:\/\/leatai.com\/pt-br\/product\/produtos-de-presente-e-couro\/produtos-de-couro-e-artigos-de-escritorio\/porta-chaves-em-couro-legitimo-com-acabamento-artesanal\/","name":"Porta-chaves em couro leg\u00edtimo com acabamento artesanal - Leatai \u2013 Fabricante de cadernos personalizados","isPartOf":{"@id":"https:\/\/leatai.com\/pt-br\/#website"},"primaryImageOfPage":{"@id":"https:\/\/leatai.com\/pt-br\/product\/produtos-de-presente-e-couro\/produtos-de-couro-e-artigos-de-escritorio\/porta-chaves-em-couro-legitimo-com-acabamento-artesanal\/#primaryimage"},"image":{"@id":"https:\/\/leatai.com\/pt-br\/product\/produtos-de-presente-e-couro\/produtos-de-couro-e-artigos-de-escritorio\/porta-chaves-em-couro-legitimo-com-acabamento-artesanal\/#primaryimage"},"thumbnailUrl":"https:\/\/leatai.com\/wp-content\/uploads\/2016_01_20_1758360.jpg","datePublished":"2021-06-24T05:22:46+00:00","dateModified":"2025-11-28T08:24:15+00:00","description":"Transformar o porta-chaves em um formato de cora\u00e7\u00e3o com efeito tridimensional exige um processo artesanal complexo. Combinado com couro de cordeiro, o toque torna-se especialmente sofisticado \u2014 \u00e9 um produto de couro leg\u00edtimo raro e \u00fanico.","breadcrumb":{"@id":"https:\/\/leatai.com\/pt-br\/product\/produtos-de-presente-e-couro\/produtos-de-couro-e-artigos-de-escritorio\/porta-chaves-em-couro-legitimo-com-acabamento-artesanal\/#breadcrumb"},"inLanguage":"pt-BR","potentialAction":[{"@type":"ReadAction","target":["https:\/\/leatai.com\/pt-br\/product\/produtos-de-presente-e-couro\/produtos-de-couro-e-artigos-de-escritorio\/porta-chaves-em-couro-legitimo-com-acabamento-artesanal\/"]}]},{"@type":"ImageObject","inLanguage":"pt-BR","@id":"https:\/\/leatai.com\/pt-br\/product\/produtos-de-presente-e-couro\/produtos-de-couro-e-artigos-de-escritorio\/porta-chaves-em-couro-legitimo-com-acabamento-artesanal\/#primaryimage","url":"https:\/\/leatai.com\/wp-content\/uploads\/2016_01_20_1758360.jpg","contentUrl":"https:\/\/leatai.com\/wp-content\/uploads\/2016_01_20_1758360.jpg","width":1000,"height":750},{"@type":"BreadcrumbList","@id":"https:\/\/leatai.com\/pt-br\/product\/produtos-de-presente-e-couro\/produtos-de-couro-e-artigos-de-escritorio\/porta-chaves-em-couro-legitimo-com-acabamento-artesanal\/#breadcrumb","itemListElement":[{"@type":"ListItem","position":1,"name":"Home","item":"https:\/\/leatai.com\/pt-br\/"},{"@type":"ListItem","position":2,"name":"Apresenta\u00e7\u00e3o de produtos","item":"https:\/\/leatai.com\/products\/"},{"@type":"ListItem","position":3,"name":"Produtos de Presente e Couro","item":"https:\/\/leatai.com\/pt-br\/categoria-produto\/produtos-de-presente-e-couro\/"},{"@type":"ListItem","position":4,"name":"Produtos de couro e artigos de escrit\u00f3rio","item":"https:\/\/leatai.com\/pt-br\/categoria-produto\/produtos-de-presente-e-couro\/produtos-de-couro-e-artigos-de-escritorio\/"},{"@type":"ListItem","position":5,"name":"Porta-chaves em couro leg\u00edtimo com acabamento artesanal"}]},{"@type":"WebSite","@id":"https:\/\/leatai.com\/pt-br\/#website","url":"https:\/\/leatai.com\/pt-br\/","name":"Leatai \u2013 Fabricante de cadernos personalizados","description":"A Leatai fornece cadernos e planejadores personalizados para marcas e distribuidores em todo o mundo.","publisher":{"@id":"https:\/\/leatai.com\/pt-br\/#organization"},"potentialAction":[{"@type":"SearchAction","target":{"@type":"EntryPoint","urlTemplate":"https:\/\/leatai.com\/pt-br\/?s={search_term_string}"},"query-input":{"@type":"PropertyValueSpecification","valueRequired":true,"valueName":"search_term_string"}}],"inLanguage":"pt-BR"},{"@type":"Organization","@id":"https:\/\/leatai.com\/pt-br\/#organization","name":"Leatai Diary, customized journal and business organizer","url":"https:\/\/leatai.com\/pt-br\/","logo":{"@type":"ImageObject","inLanguage":"pt-BR","@id":"https:\/\/leatai.com\/pt-br\/#\/schema\/logo\/image\/","url":"https:\/\/leatai.com\/wp-content\/uploads\/logo-blue.png","contentUrl":"https:\/\/leatai.com\/wp-content\/uploads\/logo-blue.png","width":230,"height":60,"caption":"Leatai Diary, customized journal and business organizer"},"image":{"@id":"https:\/\/leatai.com\/pt-br\/#\/schema\/logo\/image\/"}}]}},"_links":{"self":[{"href":"https:\/\/leatai.com\/pt-br\/wp-json\/wp\/v2\/product\/233818","targetHints":{"allow":["GET"]}}],"collection":[{"href":"https:\/\/leatai.com\/pt-br\/wp-json\/wp\/v2\/product"}],"about":[{"href":"https:\/\/leatai.com\/pt-br\/wp-json\/wp\/v2\/types\/product"}],"wp:featuredmedia":[{"embeddable":true,"href":"https:\/\/leatai.com\/pt-br\/wp-json\/wp\/v2\/media\/233819"}],"wp:attachment":[{"href":"https:\/\/leatai.com\/pt-br\/wp-json\/wp\/v2\/media?parent=233818"}],"wp:term":[{"taxonomy":"product_brand","embeddable":true,"href":"https:\/\/leatai.com\/pt-br\/wp-json\/wp\/v2\/product_brand?post=233818"},{"taxonomy":"product_cat","embeddable":true,"href":"https:\/\/leatai.com\/pt-br\/wp-json\/wp\/v2\/product_cat?post=233818"},{"taxonomy":"product_tag","embeddable":true,"href":"https:\/\/leatai.com\/pt-br\/wp-json\/wp\/v2\/product_tag?post=233818"},{"taxonomy":"home_works","embeddable":true,"href":"https:\/\/leatai.com\/pt-br\/wp-json\/wp\/v2\/home_works?post=233818"}],"curies":[{"name":"wp","href":"https:\/\/api.w.org\/{rel}","templated":true}]}}