{"id":233809,"date":"2021-06-24T13:22:46","date_gmt":"2021-06-24T05:22:46","guid":{"rendered":"https:\/\/leatai.com\/product\/sem%20categoria\/placa-de-mesa-personalizada-em-couro-legitimo\/"},"modified":"2025-11-28T16:06:08","modified_gmt":"2025-11-28T08:06:08","slug":"placa-de-mesa-personalizada-em-couro-legitimo","status":"publish","type":"product","link":"https:\/\/leatai.com\/pt-br\/product\/produtos-de-presente-e-couro\/produtos-de-couro-e-artigos-de-escritorio\/placa-de-mesa-personalizada-em-couro-legitimo\/","title":{"rendered":"Placa de mesa personalizada em couro leg\u00edtimo"},"content":{"rendered":"<p>Material: couro bovino importado leg\u00edtimo<br \/>\nEmbalagem: saco OPP<\/p>\n<p>Descri\u00e7\u00e3o do produto<\/p>\n<p>H\u00e1 uma grande variedade de produtos em couro leg\u00edtimo, e personaliza\u00e7\u00f5es sob encomenda s\u00e3o bem-vindas \u2014 voc\u00ea pode enviar seu modelo ou discutir conosco o design e o desenvolvimento. A Leatai oferece produ\u00e7\u00e3o completa, do design \u00e0 fabrica\u00e7\u00e3o, para itens em couro.<br \/>\nTamb\u00e9m \u00e9 poss\u00edvel encomendar outros produtos em couro leg\u00edtimo, como capas de couro, porta-moedas, porta-passaporte, porta-cart\u00f5es de visita, porta-crach\u00e1s e diversos outros artigos em couro. Entre em contato para consultar.<\/p>\n","protected":false},"excerpt":{"rendered":"<p>Material: couro bovino importado leg\u00edtimo Embalagem: saco OPP Descri\u00e7\u00e3o do produto H\u00e1 uma grande variedade de produtos em couro leg\u00edtimo, e personaliza\u00e7\u00f5es sob encomenda s\u00e3o bem-vindas \u2014 voc\u00ea pode enviar seu modelo ou discutir conosco o design e o desenvolvimento. A Leatai oferece produ\u00e7\u00e3o completa, do design \u00e0 fabrica\u00e7\u00e3o, para itens em couro. Tamb\u00e9m \u00e9 [&hellip;]<\/p>\n","protected":false},"featured_media":233810,"template":"","meta":{"_acf_changed":false},"product_brand":[],"product_cat":[1133],"product_tag":[],"home_works":[],"class_list":{"0":"post-233809","1":"product","2":"type-product","3":"status-publish","4":"has-post-thumbnail","6":"product_cat-produtos-de-couro-e-artigos-de-escritorio","8":"first","9":"instock","10":"sold-individually","11":"shipping-taxable","12":"purchasable","13":"product-type-simple"},"acf":[],"yoast_head":"<!-- This site is optimized with the Yoast SEO plugin v27.2 - https:\/\/yoast.com\/product\/yoast-seo-wordpress\/ -->\n<title>Placa de mesa personalizada em couro leg\u00edtimo - Leatai \u2013 Fabricante de cadernos personalizados<\/title>\n<meta name=\"description\" content=\"Uma placa de mesa em couro leg\u00edtimo extremamente rara, que al\u00e9m de destacar a personalidade de quem a possui, tamb\u00e9m demonstra um cuidado especial. A produ\u00e7\u00e3o \u00e9 demorada e trabalhosa, por isso \u00e9 um presente recomendado para algu\u00e9m realmente significativo.\" \/>\n<meta name=\"robots\" content=\"index, follow, max-snippet:-1, max-image-preview:large, max-video-preview:-1\" \/>\n<link rel=\"canonical\" href=\"https:\/\/leatai.com\/pt-br\/product\/produtos-de-presente-e-couro\/produtos-de-couro-e-artigos-de-escritorio\/placa-de-mesa-personalizada-em-couro-legitimo\/\" \/>\n<meta property=\"og:locale\" content=\"pt_BR\" \/>\n<meta property=\"og:type\" content=\"article\" \/>\n<meta property=\"og:title\" content=\"Placa de mesa personalizada em couro leg\u00edtimo - Leatai \u2013 Fabricante de cadernos personalizados\" \/>\n<meta property=\"og:description\" content=\"Uma placa de mesa em couro leg\u00edtimo extremamente rara, que al\u00e9m de destacar a personalidade de quem a possui, tamb\u00e9m demonstra um cuidado especial. A produ\u00e7\u00e3o \u00e9 demorada e trabalhosa, por isso \u00e9 um presente recomendado para algu\u00e9m realmente significativo.\" \/>\n<meta property=\"og:url\" content=\"https:\/\/leatai.com\/pt-br\/product\/produtos-de-presente-e-couro\/produtos-de-couro-e-artigos-de-escritorio\/placa-de-mesa-personalizada-em-couro-legitimo\/\" \/>\n<meta property=\"og:site_name\" content=\"Leatai \u2013 Fabricante de cadernos personalizados\" \/>\n<meta property=\"article:modified_time\" content=\"2025-11-28T08:06:08+00:00\" \/>\n<meta property=\"og:image\" content=\"https:\/\/leatai.com\/wp-content\/uploads\/2016_01_20_2227230.jpg\" \/>\n\t<meta property=\"og:image:width\" content=\"1000\" \/>\n\t<meta property=\"og:image:height\" content=\"750\" \/>\n\t<meta property=\"og:image:type\" content=\"image\/jpeg\" \/>\n<meta name=\"twitter:card\" content=\"summary_large_image\" \/>\n<meta name=\"twitter:label1\" content=\"Est. tempo de leitura\" \/>\n\t<meta name=\"twitter:data1\" content=\"1 minuto\" \/>\n<script type=\"application\/ld+json\" class=\"yoast-schema-graph\">{\"@context\":\"https:\/\/schema.org\",\"@graph\":[{\"@type\":\"WebPage\",\"@id\":\"https:\/\/leatai.com\/pt-br\/product\/produtos-de-presente-e-couro\/produtos-de-couro-e-artigos-de-escritorio\/placa-de-mesa-personalizada-em-couro-legitimo\/\",\"url\":\"https:\/\/leatai.com\/pt-br\/product\/produtos-de-presente-e-couro\/produtos-de-couro-e-artigos-de-escritorio\/placa-de-mesa-personalizada-em-couro-legitimo\/\",\"name\":\"Placa de mesa personalizada em couro leg\u00edtimo - Leatai \u2013 Fabricante de cadernos personalizados\",\"isPartOf\":{\"@id\":\"https:\/\/leatai.com\/pt-br\/#website\"},\"primaryImageOfPage\":{\"@id\":\"https:\/\/leatai.com\/pt-br\/product\/produtos-de-presente-e-couro\/produtos-de-couro-e-artigos-de-escritorio\/placa-de-mesa-personalizada-em-couro-legitimo\/#primaryimage\"},\"image\":{\"@id\":\"https:\/\/leatai.com\/pt-br\/product\/produtos-de-presente-e-couro\/produtos-de-couro-e-artigos-de-escritorio\/placa-de-mesa-personalizada-em-couro-legitimo\/#primaryimage\"},\"thumbnailUrl\":\"https:\/\/leatai.com\/wp-content\/uploads\/2016_01_20_2227230.jpg\",\"datePublished\":\"2021-06-24T05:22:46+00:00\",\"dateModified\":\"2025-11-28T08:06:08+00:00\",\"description\":\"Uma placa de mesa em couro leg\u00edtimo extremamente rara, que al\u00e9m de destacar a personalidade de quem a possui, tamb\u00e9m demonstra um cuidado especial. A produ\u00e7\u00e3o \u00e9 demorada e trabalhosa, por isso \u00e9 um presente recomendado para algu\u00e9m realmente significativo.\",\"breadcrumb\":{\"@id\":\"https:\/\/leatai.com\/pt-br\/product\/produtos-de-presente-e-couro\/produtos-de-couro-e-artigos-de-escritorio\/placa-de-mesa-personalizada-em-couro-legitimo\/#breadcrumb\"},\"inLanguage\":\"pt-BR\",\"potentialAction\":[{\"@type\":\"ReadAction\",\"target\":[\"https:\/\/leatai.com\/pt-br\/product\/produtos-de-presente-e-couro\/produtos-de-couro-e-artigos-de-escritorio\/placa-de-mesa-personalizada-em-couro-legitimo\/\"]}]},{\"@type\":\"ImageObject\",\"inLanguage\":\"pt-BR\",\"@id\":\"https:\/\/leatai.com\/pt-br\/product\/produtos-de-presente-e-couro\/produtos-de-couro-e-artigos-de-escritorio\/placa-de-mesa-personalizada-em-couro-legitimo\/#primaryimage\",\"url\":\"https:\/\/leatai.com\/wp-content\/uploads\/2016_01_20_2227230.jpg\",\"contentUrl\":\"https:\/\/leatai.com\/wp-content\/uploads\/2016_01_20_2227230.jpg\",\"width\":1000,\"height\":750},{\"@type\":\"BreadcrumbList\",\"@id\":\"https:\/\/leatai.com\/pt-br\/product\/produtos-de-presente-e-couro\/produtos-de-couro-e-artigos-de-escritorio\/placa-de-mesa-personalizada-em-couro-legitimo\/#breadcrumb\",\"itemListElement\":[{\"@type\":\"ListItem\",\"position\":1,\"name\":\"Home\",\"item\":\"https:\/\/leatai.com\/pt-br\/\"},{\"@type\":\"ListItem\",\"position\":2,\"name\":\"Apresenta\u00e7\u00e3o de produtos\",\"item\":\"https:\/\/leatai.com\/products\/\"},{\"@type\":\"ListItem\",\"position\":3,\"name\":\"Produtos de Presente e Couro\",\"item\":\"https:\/\/leatai.com\/pt-br\/categoria-produto\/produtos-de-presente-e-couro\/\"},{\"@type\":\"ListItem\",\"position\":4,\"name\":\"Produtos de couro e artigos de escrit\u00f3rio\",\"item\":\"https:\/\/leatai.com\/pt-br\/categoria-produto\/produtos-de-presente-e-couro\/produtos-de-couro-e-artigos-de-escritorio\/\"},{\"@type\":\"ListItem\",\"position\":5,\"name\":\"Placa de mesa personalizada em couro leg\u00edtimo\"}]},{\"@type\":\"WebSite\",\"@id\":\"https:\/\/leatai.com\/pt-br\/#website\",\"url\":\"https:\/\/leatai.com\/pt-br\/\",\"name\":\"Leatai \u2013 Fabricante de cadernos personalizados\",\"description\":\"A Leatai fornece cadernos e planejadores personalizados para marcas e distribuidores em todo o mundo.\",\"publisher\":{\"@id\":\"https:\/\/leatai.com\/pt-br\/#organization\"},\"potentialAction\":[{\"@type\":\"SearchAction\",\"target\":{\"@type\":\"EntryPoint\",\"urlTemplate\":\"https:\/\/leatai.com\/pt-br\/?s={search_term_string}\"},\"query-input\":{\"@type\":\"PropertyValueSpecification\",\"valueRequired\":true,\"valueName\":\"search_term_string\"}}],\"inLanguage\":\"pt-BR\"},{\"@type\":\"Organization\",\"@id\":\"https:\/\/leatai.com\/pt-br\/#organization\",\"name\":\"Leatai Diary, customized journal and business organizer\",\"url\":\"https:\/\/leatai.com\/pt-br\/\",\"logo\":{\"@type\":\"ImageObject\",\"inLanguage\":\"pt-BR\",\"@id\":\"https:\/\/leatai.com\/pt-br\/#\/schema\/logo\/image\/\",\"url\":\"https:\/\/leatai.com\/wp-content\/uploads\/logo-blue.png\",\"contentUrl\":\"https:\/\/leatai.com\/wp-content\/uploads\/logo-blue.png\",\"width\":230,\"height\":60,\"caption\":\"Leatai Diary, customized journal and business organizer\"},\"image\":{\"@id\":\"https:\/\/leatai.com\/pt-br\/#\/schema\/logo\/image\/\"}}]}<\/script>\n<!-- \/ Yoast SEO plugin. -->","yoast_head_json":{"title":"Placa de mesa personalizada em couro leg\u00edtimo - Leatai \u2013 Fabricante de cadernos personalizados","description":"Uma placa de mesa em couro leg\u00edtimo extremamente rara, que al\u00e9m de destacar a personalidade de quem a possui, tamb\u00e9m demonstra um cuidado especial. A produ\u00e7\u00e3o \u00e9 demorada e trabalhosa, por isso \u00e9 um presente recomendado para algu\u00e9m realmente significativo.","robots":{"index":"index","follow":"follow","max-snippet":"max-snippet:-1","max-image-preview":"max-image-preview:large","max-video-preview":"max-video-preview:-1"},"canonical":"https:\/\/leatai.com\/pt-br\/product\/produtos-de-presente-e-couro\/produtos-de-couro-e-artigos-de-escritorio\/placa-de-mesa-personalizada-em-couro-legitimo\/","og_locale":"pt_BR","og_type":"article","og_title":"Placa de mesa personalizada em couro leg\u00edtimo - Leatai \u2013 Fabricante de cadernos personalizados","og_description":"Uma placa de mesa em couro leg\u00edtimo extremamente rara, que al\u00e9m de destacar a personalidade de quem a possui, tamb\u00e9m demonstra um cuidado especial. A produ\u00e7\u00e3o \u00e9 demorada e trabalhosa, por isso \u00e9 um presente recomendado para algu\u00e9m realmente significativo.","og_url":"https:\/\/leatai.com\/pt-br\/product\/produtos-de-presente-e-couro\/produtos-de-couro-e-artigos-de-escritorio\/placa-de-mesa-personalizada-em-couro-legitimo\/","og_site_name":"Leatai \u2013 Fabricante de cadernos personalizados","article_modified_time":"2025-11-28T08:06:08+00:00","og_image":[{"width":1000,"height":750,"url":"https:\/\/leatai.com\/wp-content\/uploads\/2016_01_20_2227230.jpg","type":"image\/jpeg"}],"twitter_card":"summary_large_image","twitter_misc":{"Est. tempo de leitura":"1 minuto"},"schema":{"@context":"https:\/\/schema.org","@graph":[{"@type":"WebPage","@id":"https:\/\/leatai.com\/pt-br\/product\/produtos-de-presente-e-couro\/produtos-de-couro-e-artigos-de-escritorio\/placa-de-mesa-personalizada-em-couro-legitimo\/","url":"https:\/\/leatai.com\/pt-br\/product\/produtos-de-presente-e-couro\/produtos-de-couro-e-artigos-de-escritorio\/placa-de-mesa-personalizada-em-couro-legitimo\/","name":"Placa de mesa personalizada em couro leg\u00edtimo - Leatai \u2013 Fabricante de cadernos personalizados","isPartOf":{"@id":"https:\/\/leatai.com\/pt-br\/#website"},"primaryImageOfPage":{"@id":"https:\/\/leatai.com\/pt-br\/product\/produtos-de-presente-e-couro\/produtos-de-couro-e-artigos-de-escritorio\/placa-de-mesa-personalizada-em-couro-legitimo\/#primaryimage"},"image":{"@id":"https:\/\/leatai.com\/pt-br\/product\/produtos-de-presente-e-couro\/produtos-de-couro-e-artigos-de-escritorio\/placa-de-mesa-personalizada-em-couro-legitimo\/#primaryimage"},"thumbnailUrl":"https:\/\/leatai.com\/wp-content\/uploads\/2016_01_20_2227230.jpg","datePublished":"2021-06-24T05:22:46+00:00","dateModified":"2025-11-28T08:06:08+00:00","description":"Uma placa de mesa em couro leg\u00edtimo extremamente rara, que al\u00e9m de destacar a personalidade de quem a possui, tamb\u00e9m demonstra um cuidado especial. A produ\u00e7\u00e3o \u00e9 demorada e trabalhosa, por isso \u00e9 um presente recomendado para algu\u00e9m realmente significativo.","breadcrumb":{"@id":"https:\/\/leatai.com\/pt-br\/product\/produtos-de-presente-e-couro\/produtos-de-couro-e-artigos-de-escritorio\/placa-de-mesa-personalizada-em-couro-legitimo\/#breadcrumb"},"inLanguage":"pt-BR","potentialAction":[{"@type":"ReadAction","target":["https:\/\/leatai.com\/pt-br\/product\/produtos-de-presente-e-couro\/produtos-de-couro-e-artigos-de-escritorio\/placa-de-mesa-personalizada-em-couro-legitimo\/"]}]},{"@type":"ImageObject","inLanguage":"pt-BR","@id":"https:\/\/leatai.com\/pt-br\/product\/produtos-de-presente-e-couro\/produtos-de-couro-e-artigos-de-escritorio\/placa-de-mesa-personalizada-em-couro-legitimo\/#primaryimage","url":"https:\/\/leatai.com\/wp-content\/uploads\/2016_01_20_2227230.jpg","contentUrl":"https:\/\/leatai.com\/wp-content\/uploads\/2016_01_20_2227230.jpg","width":1000,"height":750},{"@type":"BreadcrumbList","@id":"https:\/\/leatai.com\/pt-br\/product\/produtos-de-presente-e-couro\/produtos-de-couro-e-artigos-de-escritorio\/placa-de-mesa-personalizada-em-couro-legitimo\/#breadcrumb","itemListElement":[{"@type":"ListItem","position":1,"name":"Home","item":"https:\/\/leatai.com\/pt-br\/"},{"@type":"ListItem","position":2,"name":"Apresenta\u00e7\u00e3o de produtos","item":"https:\/\/leatai.com\/products\/"},{"@type":"ListItem","position":3,"name":"Produtos de Presente e Couro","item":"https:\/\/leatai.com\/pt-br\/categoria-produto\/produtos-de-presente-e-couro\/"},{"@type":"ListItem","position":4,"name":"Produtos de couro e artigos de escrit\u00f3rio","item":"https:\/\/leatai.com\/pt-br\/categoria-produto\/produtos-de-presente-e-couro\/produtos-de-couro-e-artigos-de-escritorio\/"},{"@type":"ListItem","position":5,"name":"Placa de mesa personalizada em couro leg\u00edtimo"}]},{"@type":"WebSite","@id":"https:\/\/leatai.com\/pt-br\/#website","url":"https:\/\/leatai.com\/pt-br\/","name":"Leatai \u2013 Fabricante de cadernos personalizados","description":"A Leatai fornece cadernos e planejadores personalizados para marcas e distribuidores em todo o mundo.","publisher":{"@id":"https:\/\/leatai.com\/pt-br\/#organization"},"potentialAction":[{"@type":"SearchAction","target":{"@type":"EntryPoint","urlTemplate":"https:\/\/leatai.com\/pt-br\/?s={search_term_string}"},"query-input":{"@type":"PropertyValueSpecification","valueRequired":true,"valueName":"search_term_string"}}],"inLanguage":"pt-BR"},{"@type":"Organization","@id":"https:\/\/leatai.com\/pt-br\/#organization","name":"Leatai Diary, customized journal and business organizer","url":"https:\/\/leatai.com\/pt-br\/","logo":{"@type":"ImageObject","inLanguage":"pt-BR","@id":"https:\/\/leatai.com\/pt-br\/#\/schema\/logo\/image\/","url":"https:\/\/leatai.com\/wp-content\/uploads\/logo-blue.png","contentUrl":"https:\/\/leatai.com\/wp-content\/uploads\/logo-blue.png","width":230,"height":60,"caption":"Leatai Diary, customized journal and business organizer"},"image":{"@id":"https:\/\/leatai.com\/pt-br\/#\/schema\/logo\/image\/"}}]}},"_links":{"self":[{"href":"https:\/\/leatai.com\/pt-br\/wp-json\/wp\/v2\/product\/233809","targetHints":{"allow":["GET"]}}],"collection":[{"href":"https:\/\/leatai.com\/pt-br\/wp-json\/wp\/v2\/product"}],"about":[{"href":"https:\/\/leatai.com\/pt-br\/wp-json\/wp\/v2\/types\/product"}],"wp:featuredmedia":[{"embeddable":true,"href":"https:\/\/leatai.com\/pt-br\/wp-json\/wp\/v2\/media\/233810"}],"wp:attachment":[{"href":"https:\/\/leatai.com\/pt-br\/wp-json\/wp\/v2\/media?parent=233809"}],"wp:term":[{"taxonomy":"product_brand","embeddable":true,"href":"https:\/\/leatai.com\/pt-br\/wp-json\/wp\/v2\/product_brand?post=233809"},{"taxonomy":"product_cat","embeddable":true,"href":"https:\/\/leatai.com\/pt-br\/wp-json\/wp\/v2\/product_cat?post=233809"},{"taxonomy":"product_tag","embeddable":true,"href":"https:\/\/leatai.com\/pt-br\/wp-json\/wp\/v2\/product_tag?post=233809"},{"taxonomy":"home_works","embeddable":true,"href":"https:\/\/leatai.com\/pt-br\/wp-json\/wp\/v2\/home_works?post=233809"}],"curies":[{"name":"wp","href":"https:\/\/api.w.org\/{rel}","templated":true}]}}