{"id":233793,"date":"2021-06-24T13:23:31","date_gmt":"2021-06-24T05:23:31","guid":{"rendered":"https:\/\/leatai.com\/product\/sem%20categoria\/memo-pad\/"},"modified":"2025-11-28T15:44:35","modified_gmt":"2025-11-28T07:44:35","slug":"memo-pad","status":"publish","type":"product","link":"https:\/\/leatai.com\/pt-br\/product\/produtos-de-presente-e-couro\/produtos-de-couro-e-artigos-de-escritorio\/memo-pad\/","title":{"rendered":"memo pad"},"content":{"rendered":"<p>O bloco de notas <em>memo pad<\/em> \u00e9 um \u00f3timo ajudante para registrar tudo o que voc\u00ea precisa.<br \/>\n\u00c9 f\u00e1cil de carregar, simples de usar e voc\u00ea nunca precisa se preocupar com bateria.<\/p>\n","protected":false},"excerpt":{"rendered":"<p>O bloco de notas memo pad \u00e9 um \u00f3timo ajudante para registrar tudo o que voc\u00ea precisa. \u00c9 f\u00e1cil de carregar, simples de usar e voc\u00ea nunca precisa se preocupar com bateria.<\/p>\n","protected":false},"featured_media":212704,"template":"","meta":{"_acf_changed":false},"product_brand":[],"product_cat":[1133],"product_tag":[],"home_works":[],"class_list":{"0":"post-233793","1":"product","2":"type-product","3":"status-publish","4":"has-post-thumbnail","6":"product_cat-produtos-de-couro-e-artigos-de-escritorio","8":"first","9":"instock","10":"sold-individually","11":"shipping-taxable","12":"purchasable","13":"product-type-simple"},"acf":[],"yoast_head":"<!-- This site is optimized with the Yoast SEO plugin v27.2 - https:\/\/yoast.com\/product\/yoast-seo-wordpress\/ -->\n<title>memo pad - Leatai \u2013 Fabricante de cadernos personalizados<\/title>\n<meta name=\"description\" content=\"O pr\u00e1tico memo pad, feito em couro sint\u00e9tico PU, pode ser levado facilmente no bolso e \u00e9 muito \u00fatil em ambientes de trabalho. Os detalhes podem ser ajustados conforme a necessidade, tornando-o ainda mais adequado aos seus h\u00e1bitos de uso.\" \/>\n<meta name=\"robots\" content=\"index, follow, max-snippet:-1, max-image-preview:large, max-video-preview:-1\" \/>\n<link rel=\"canonical\" href=\"https:\/\/leatai.com\/pt-br\/product\/produtos-de-presente-e-couro\/produtos-de-couro-e-artigos-de-escritorio\/memo-pad\/\" \/>\n<meta property=\"og:locale\" content=\"pt_BR\" \/>\n<meta property=\"og:type\" content=\"article\" \/>\n<meta property=\"og:title\" content=\"memo pad - Leatai \u2013 Fabricante de cadernos personalizados\" \/>\n<meta property=\"og:description\" content=\"O pr\u00e1tico memo pad, feito em couro sint\u00e9tico PU, pode ser levado facilmente no bolso e \u00e9 muito \u00fatil em ambientes de trabalho. Os detalhes podem ser ajustados conforme a necessidade, tornando-o ainda mais adequado aos seus h\u00e1bitos de uso.\" \/>\n<meta property=\"og:url\" content=\"https:\/\/leatai.com\/pt-br\/product\/produtos-de-presente-e-couro\/produtos-de-couro-e-artigos-de-escritorio\/memo-pad\/\" \/>\n<meta property=\"og:site_name\" content=\"Leatai \u2013 Fabricante de cadernos personalizados\" \/>\n<meta property=\"article:modified_time\" content=\"2025-11-28T07:44:35+00:00\" \/>\n<meta property=\"og:image\" content=\"https:\/\/leatai.com\/wp-content\/uploads\/2016_02_22_1608290.jpg\" \/>\n\t<meta property=\"og:image:width\" content=\"1000\" \/>\n\t<meta property=\"og:image:height\" content=\"750\" \/>\n\t<meta property=\"og:image:type\" content=\"image\/jpeg\" \/>\n<meta name=\"twitter:card\" content=\"summary_large_image\" \/>\n<meta name=\"twitter:label1\" content=\"Est. tempo de leitura\" \/>\n\t<meta name=\"twitter:data1\" content=\"1 minuto\" \/>\n<script type=\"application\/ld+json\" class=\"yoast-schema-graph\">{\"@context\":\"https:\/\/schema.org\",\"@graph\":[{\"@type\":\"WebPage\",\"@id\":\"https:\/\/leatai.com\/pt-br\/product\/produtos-de-presente-e-couro\/produtos-de-couro-e-artigos-de-escritorio\/memo-pad\/\",\"url\":\"https:\/\/leatai.com\/pt-br\/product\/produtos-de-presente-e-couro\/produtos-de-couro-e-artigos-de-escritorio\/memo-pad\/\",\"name\":\"memo pad - Leatai \u2013 Fabricante de cadernos personalizados\",\"isPartOf\":{\"@id\":\"https:\/\/leatai.com\/pt-br\/#website\"},\"primaryImageOfPage\":{\"@id\":\"https:\/\/leatai.com\/pt-br\/product\/produtos-de-presente-e-couro\/produtos-de-couro-e-artigos-de-escritorio\/memo-pad\/#primaryimage\"},\"image\":{\"@id\":\"https:\/\/leatai.com\/pt-br\/product\/produtos-de-presente-e-couro\/produtos-de-couro-e-artigos-de-escritorio\/memo-pad\/#primaryimage\"},\"thumbnailUrl\":\"https:\/\/leatai.com\/wp-content\/uploads\/2016_02_22_1608290.jpg\",\"datePublished\":\"2021-06-24T05:23:31+00:00\",\"dateModified\":\"2025-11-28T07:44:35+00:00\",\"description\":\"O pr\u00e1tico memo pad, feito em couro sint\u00e9tico PU, pode ser levado facilmente no bolso e \u00e9 muito \u00fatil em ambientes de trabalho. Os detalhes podem ser ajustados conforme a necessidade, tornando-o ainda mais adequado aos seus h\u00e1bitos de uso.\",\"breadcrumb\":{\"@id\":\"https:\/\/leatai.com\/pt-br\/product\/produtos-de-presente-e-couro\/produtos-de-couro-e-artigos-de-escritorio\/memo-pad\/#breadcrumb\"},\"inLanguage\":\"pt-BR\",\"potentialAction\":[{\"@type\":\"ReadAction\",\"target\":[\"https:\/\/leatai.com\/pt-br\/product\/produtos-de-presente-e-couro\/produtos-de-couro-e-artigos-de-escritorio\/memo-pad\/\"]}]},{\"@type\":\"ImageObject\",\"inLanguage\":\"pt-BR\",\"@id\":\"https:\/\/leatai.com\/pt-br\/product\/produtos-de-presente-e-couro\/produtos-de-couro-e-artigos-de-escritorio\/memo-pad\/#primaryimage\",\"url\":\"https:\/\/leatai.com\/wp-content\/uploads\/2016_02_22_1608290.jpg\",\"contentUrl\":\"https:\/\/leatai.com\/wp-content\/uploads\/2016_02_22_1608290.jpg\",\"width\":1000,\"height\":750},{\"@type\":\"BreadcrumbList\",\"@id\":\"https:\/\/leatai.com\/pt-br\/product\/produtos-de-presente-e-couro\/produtos-de-couro-e-artigos-de-escritorio\/memo-pad\/#breadcrumb\",\"itemListElement\":[{\"@type\":\"ListItem\",\"position\":1,\"name\":\"Home\",\"item\":\"https:\/\/leatai.com\/pt-br\/\"},{\"@type\":\"ListItem\",\"position\":2,\"name\":\"Apresenta\u00e7\u00e3o de produtos\",\"item\":\"https:\/\/leatai.com\/products\/\"},{\"@type\":\"ListItem\",\"position\":3,\"name\":\"Produtos de Presente e Couro\",\"item\":\"https:\/\/leatai.com\/pt-br\/categoria-produto\/produtos-de-presente-e-couro\/\"},{\"@type\":\"ListItem\",\"position\":4,\"name\":\"Produtos de couro e artigos de escrit\u00f3rio\",\"item\":\"https:\/\/leatai.com\/pt-br\/categoria-produto\/produtos-de-presente-e-couro\/produtos-de-couro-e-artigos-de-escritorio\/\"},{\"@type\":\"ListItem\",\"position\":5,\"name\":\"memo pad\"}]},{\"@type\":\"WebSite\",\"@id\":\"https:\/\/leatai.com\/pt-br\/#website\",\"url\":\"https:\/\/leatai.com\/pt-br\/\",\"name\":\"Leatai \u2013 Fabricante de cadernos personalizados\",\"description\":\"A Leatai fornece cadernos e planejadores personalizados para marcas e distribuidores em todo o mundo.\",\"publisher\":{\"@id\":\"https:\/\/leatai.com\/pt-br\/#organization\"},\"potentialAction\":[{\"@type\":\"SearchAction\",\"target\":{\"@type\":\"EntryPoint\",\"urlTemplate\":\"https:\/\/leatai.com\/pt-br\/?s={search_term_string}\"},\"query-input\":{\"@type\":\"PropertyValueSpecification\",\"valueRequired\":true,\"valueName\":\"search_term_string\"}}],\"inLanguage\":\"pt-BR\"},{\"@type\":\"Organization\",\"@id\":\"https:\/\/leatai.com\/pt-br\/#organization\",\"name\":\"Leatai Diary, customized journal and business organizer\",\"url\":\"https:\/\/leatai.com\/pt-br\/\",\"logo\":{\"@type\":\"ImageObject\",\"inLanguage\":\"pt-BR\",\"@id\":\"https:\/\/leatai.com\/pt-br\/#\/schema\/logo\/image\/\",\"url\":\"https:\/\/leatai.com\/wp-content\/uploads\/logo-blue.png\",\"contentUrl\":\"https:\/\/leatai.com\/wp-content\/uploads\/logo-blue.png\",\"width\":230,\"height\":60,\"caption\":\"Leatai Diary, customized journal and business organizer\"},\"image\":{\"@id\":\"https:\/\/leatai.com\/pt-br\/#\/schema\/logo\/image\/\"}}]}<\/script>\n<!-- \/ Yoast SEO plugin. -->","yoast_head_json":{"title":"memo pad - Leatai \u2013 Fabricante de cadernos personalizados","description":"O pr\u00e1tico memo pad, feito em couro sint\u00e9tico PU, pode ser levado facilmente no bolso e \u00e9 muito \u00fatil em ambientes de trabalho. Os detalhes podem ser ajustados conforme a necessidade, tornando-o ainda mais adequado aos seus h\u00e1bitos de uso.","robots":{"index":"index","follow":"follow","max-snippet":"max-snippet:-1","max-image-preview":"max-image-preview:large","max-video-preview":"max-video-preview:-1"},"canonical":"https:\/\/leatai.com\/pt-br\/product\/produtos-de-presente-e-couro\/produtos-de-couro-e-artigos-de-escritorio\/memo-pad\/","og_locale":"pt_BR","og_type":"article","og_title":"memo pad - Leatai \u2013 Fabricante de cadernos personalizados","og_description":"O pr\u00e1tico memo pad, feito em couro sint\u00e9tico PU, pode ser levado facilmente no bolso e \u00e9 muito \u00fatil em ambientes de trabalho. Os detalhes podem ser ajustados conforme a necessidade, tornando-o ainda mais adequado aos seus h\u00e1bitos de uso.","og_url":"https:\/\/leatai.com\/pt-br\/product\/produtos-de-presente-e-couro\/produtos-de-couro-e-artigos-de-escritorio\/memo-pad\/","og_site_name":"Leatai \u2013 Fabricante de cadernos personalizados","article_modified_time":"2025-11-28T07:44:35+00:00","og_image":[{"width":1000,"height":750,"url":"https:\/\/leatai.com\/wp-content\/uploads\/2016_02_22_1608290.jpg","type":"image\/jpeg"}],"twitter_card":"summary_large_image","twitter_misc":{"Est. tempo de leitura":"1 minuto"},"schema":{"@context":"https:\/\/schema.org","@graph":[{"@type":"WebPage","@id":"https:\/\/leatai.com\/pt-br\/product\/produtos-de-presente-e-couro\/produtos-de-couro-e-artigos-de-escritorio\/memo-pad\/","url":"https:\/\/leatai.com\/pt-br\/product\/produtos-de-presente-e-couro\/produtos-de-couro-e-artigos-de-escritorio\/memo-pad\/","name":"memo pad - Leatai \u2013 Fabricante de cadernos personalizados","isPartOf":{"@id":"https:\/\/leatai.com\/pt-br\/#website"},"primaryImageOfPage":{"@id":"https:\/\/leatai.com\/pt-br\/product\/produtos-de-presente-e-couro\/produtos-de-couro-e-artigos-de-escritorio\/memo-pad\/#primaryimage"},"image":{"@id":"https:\/\/leatai.com\/pt-br\/product\/produtos-de-presente-e-couro\/produtos-de-couro-e-artigos-de-escritorio\/memo-pad\/#primaryimage"},"thumbnailUrl":"https:\/\/leatai.com\/wp-content\/uploads\/2016_02_22_1608290.jpg","datePublished":"2021-06-24T05:23:31+00:00","dateModified":"2025-11-28T07:44:35+00:00","description":"O pr\u00e1tico memo pad, feito em couro sint\u00e9tico PU, pode ser levado facilmente no bolso e \u00e9 muito \u00fatil em ambientes de trabalho. Os detalhes podem ser ajustados conforme a necessidade, tornando-o ainda mais adequado aos seus h\u00e1bitos de uso.","breadcrumb":{"@id":"https:\/\/leatai.com\/pt-br\/product\/produtos-de-presente-e-couro\/produtos-de-couro-e-artigos-de-escritorio\/memo-pad\/#breadcrumb"},"inLanguage":"pt-BR","potentialAction":[{"@type":"ReadAction","target":["https:\/\/leatai.com\/pt-br\/product\/produtos-de-presente-e-couro\/produtos-de-couro-e-artigos-de-escritorio\/memo-pad\/"]}]},{"@type":"ImageObject","inLanguage":"pt-BR","@id":"https:\/\/leatai.com\/pt-br\/product\/produtos-de-presente-e-couro\/produtos-de-couro-e-artigos-de-escritorio\/memo-pad\/#primaryimage","url":"https:\/\/leatai.com\/wp-content\/uploads\/2016_02_22_1608290.jpg","contentUrl":"https:\/\/leatai.com\/wp-content\/uploads\/2016_02_22_1608290.jpg","width":1000,"height":750},{"@type":"BreadcrumbList","@id":"https:\/\/leatai.com\/pt-br\/product\/produtos-de-presente-e-couro\/produtos-de-couro-e-artigos-de-escritorio\/memo-pad\/#breadcrumb","itemListElement":[{"@type":"ListItem","position":1,"name":"Home","item":"https:\/\/leatai.com\/pt-br\/"},{"@type":"ListItem","position":2,"name":"Apresenta\u00e7\u00e3o de produtos","item":"https:\/\/leatai.com\/products\/"},{"@type":"ListItem","position":3,"name":"Produtos de Presente e Couro","item":"https:\/\/leatai.com\/pt-br\/categoria-produto\/produtos-de-presente-e-couro\/"},{"@type":"ListItem","position":4,"name":"Produtos de couro e artigos de escrit\u00f3rio","item":"https:\/\/leatai.com\/pt-br\/categoria-produto\/produtos-de-presente-e-couro\/produtos-de-couro-e-artigos-de-escritorio\/"},{"@type":"ListItem","position":5,"name":"memo pad"}]},{"@type":"WebSite","@id":"https:\/\/leatai.com\/pt-br\/#website","url":"https:\/\/leatai.com\/pt-br\/","name":"Leatai \u2013 Fabricante de cadernos personalizados","description":"A Leatai fornece cadernos e planejadores personalizados para marcas e distribuidores em todo o mundo.","publisher":{"@id":"https:\/\/leatai.com\/pt-br\/#organization"},"potentialAction":[{"@type":"SearchAction","target":{"@type":"EntryPoint","urlTemplate":"https:\/\/leatai.com\/pt-br\/?s={search_term_string}"},"query-input":{"@type":"PropertyValueSpecification","valueRequired":true,"valueName":"search_term_string"}}],"inLanguage":"pt-BR"},{"@type":"Organization","@id":"https:\/\/leatai.com\/pt-br\/#organization","name":"Leatai Diary, customized journal and business organizer","url":"https:\/\/leatai.com\/pt-br\/","logo":{"@type":"ImageObject","inLanguage":"pt-BR","@id":"https:\/\/leatai.com\/pt-br\/#\/schema\/logo\/image\/","url":"https:\/\/leatai.com\/wp-content\/uploads\/logo-blue.png","contentUrl":"https:\/\/leatai.com\/wp-content\/uploads\/logo-blue.png","width":230,"height":60,"caption":"Leatai Diary, customized journal and business organizer"},"image":{"@id":"https:\/\/leatai.com\/pt-br\/#\/schema\/logo\/image\/"}}]}},"_links":{"self":[{"href":"https:\/\/leatai.com\/pt-br\/wp-json\/wp\/v2\/product\/233793","targetHints":{"allow":["GET"]}}],"collection":[{"href":"https:\/\/leatai.com\/pt-br\/wp-json\/wp\/v2\/product"}],"about":[{"href":"https:\/\/leatai.com\/pt-br\/wp-json\/wp\/v2\/types\/product"}],"wp:featuredmedia":[{"embeddable":true,"href":"https:\/\/leatai.com\/pt-br\/wp-json\/wp\/v2\/media\/212704"}],"wp:attachment":[{"href":"https:\/\/leatai.com\/pt-br\/wp-json\/wp\/v2\/media?parent=233793"}],"wp:term":[{"taxonomy":"product_brand","embeddable":true,"href":"https:\/\/leatai.com\/pt-br\/wp-json\/wp\/v2\/product_brand?post=233793"},{"taxonomy":"product_cat","embeddable":true,"href":"https:\/\/leatai.com\/pt-br\/wp-json\/wp\/v2\/product_cat?post=233793"},{"taxonomy":"product_tag","embeddable":true,"href":"https:\/\/leatai.com\/pt-br\/wp-json\/wp\/v2\/product_tag?post=233793"},{"taxonomy":"home_works","embeddable":true,"href":"https:\/\/leatai.com\/pt-br\/wp-json\/wp\/v2\/home_works?post=233793"}],"curies":[{"name":"wp","href":"https:\/\/api.w.org\/{rel}","templated":true}]}}