{"id":233786,"date":"2021-06-24T13:23:31","date_gmt":"2021-06-24T05:23:31","guid":{"rendered":"https:\/\/leatai.com\/product\/sem categoria\/word-wave-festival-x-leatai\/"},"modified":"2021-06-24T13:23:31","modified_gmt":"2021-06-24T05:23:31","slug":"word-wave-festival-x-leatai","status":"publish","type":"product","link":"https:\/\/leatai.com\/pt-br\/product\/colaboracao-entre-industrias\/eventos-culturais-e-artisticos\/word-wave-festival-x-leatai\/","title":{"rendered":"Word Wave Festival x Leatai"},"content":{"rendered":"<p>20160929-1002<\/p>\n<p>O Word Wave Festival, o Festival de Leitura em L\u00edngua Chinesa, \u00e9 um projeto importante que permeia todo o espa\u00e7o do Huashan 1914 Creative Park. Seu objetivo \u00e9 reinterpretar, por meio da \u201cleitura em voz alta\u201d, a rela\u00e7\u00e3o entre leitura e vida cotidiana, estimulando o entusiasmo do p\u00fablico pela leitura, promovendo o desenvolvimento da ind\u00fastria editorial e avan\u00e7ando em dire\u00e7\u00e3o \u00e0 internacionaliza\u00e7\u00e3o.<\/p>\n<p>Em 2016, o Festival de Leitura em L\u00edngua Chinesa adotou o tema \u201c#EuEstou_LendoEmVozAlta\u201d, utilizando a linguagem social da nossa era para conectar voc\u00ea e eu. Assim, foi criada uma cidade constru\u00edda pela leitura em voz alta, rompendo as limita\u00e7\u00f5es do mundo real. No universo onde leitura e voz coexistem, n\u00e3o h\u00e1 fronteiras \u2014 apenas imagina\u00e7\u00e3o e curiosidade constantemente despertadas. A leitura em voz alta \u00e9 interiorizada no espa\u00e7o imaginativo da mente, construindo juntos uma cidade futura onde livros e pessoas convivem.<\/p>\n","protected":false},"excerpt":{"rendered":"<p>20160929-1002 O Word Wave Festival, o Festival de Leitura em L\u00edngua Chinesa, \u00e9 um projeto importante que permeia todo o espa\u00e7o do Huashan 1914 Creative Park. Seu objetivo \u00e9 reinterpretar, por meio da \u201cleitura em voz alta\u201d, a rela\u00e7\u00e3o entre leitura e vida cotidiana, estimulando o entusiasmo do p\u00fablico pela leitura, promovendo o desenvolvimento da [&hellip;]<\/p>\n","protected":false},"featured_media":233787,"template":"","meta":{"_acf_changed":false},"product_brand":[],"product_cat":[1107],"product_tag":[],"home_works":[],"class_list":{"0":"post-233786","1":"product","2":"type-product","3":"status-publish","4":"has-post-thumbnail","6":"product_cat-eventos-culturais-e-artisticos","8":"first","9":"instock","10":"sold-individually","11":"shipping-taxable","12":"purchasable","13":"product-type-simple"},"acf":[],"yoast_head":"<!-- This site is optimized with the Yoast SEO plugin v27.2 - https:\/\/yoast.com\/product\/yoast-seo-wordpress\/ -->\n<title>Word Wave Festival x Leatai - Leatai \u2013 Fabricante de cadernos personalizados<\/title>\n<meta name=\"robots\" content=\"index, follow, max-snippet:-1, max-image-preview:large, max-video-preview:-1\" \/>\n<link rel=\"canonical\" href=\"https:\/\/leatai.com\/pt-br\/product\/colaboracao-entre-industrias\/eventos-culturais-e-artisticos\/word-wave-festival-x-leatai\/\" \/>\n<meta property=\"og:locale\" content=\"pt_BR\" \/>\n<meta property=\"og:type\" content=\"article\" \/>\n<meta property=\"og:title\" content=\"Word Wave Festival x Leatai - Leatai \u2013 Fabricante de cadernos personalizados\" \/>\n<meta property=\"og:description\" content=\"20160929-1002 O Word Wave Festival, o Festival de Leitura em L\u00edngua Chinesa, \u00e9 um projeto importante que permeia todo o espa\u00e7o do Huashan 1914 Creative Park. Seu objetivo \u00e9 reinterpretar, por meio da \u201cleitura em voz alta\u201d, a rela\u00e7\u00e3o entre leitura e vida cotidiana, estimulando o entusiasmo do p\u00fablico pela leitura, promovendo o desenvolvimento da [&hellip;]\" \/>\n<meta property=\"og:url\" content=\"https:\/\/leatai.com\/pt-br\/product\/colaboracao-entre-industrias\/eventos-culturais-e-artisticos\/word-wave-festival-x-leatai\/\" \/>\n<meta property=\"og:site_name\" content=\"Leatai \u2013 Fabricante de cadernos personalizados\" \/>\n<meta property=\"og:image\" content=\"https:\/\/leatai.com\/wp-content\/uploads\/2020_06_17_1443180.jpg\" \/>\n\t<meta property=\"og:image:width\" content=\"1000\" \/>\n\t<meta property=\"og:image:height\" content=\"750\" \/>\n\t<meta property=\"og:image:type\" content=\"image\/jpeg\" \/>\n<meta name=\"twitter:card\" content=\"summary_large_image\" \/>\n<meta name=\"twitter:label1\" content=\"Est. tempo de leitura\" \/>\n\t<meta name=\"twitter:data1\" content=\"1 minuto\" \/>\n<script type=\"application\/ld+json\" class=\"yoast-schema-graph\">{\"@context\":\"https:\/\/schema.org\",\"@graph\":[{\"@type\":\"WebPage\",\"@id\":\"https:\/\/leatai.com\/pt-br\/product\/colaboracao-entre-industrias\/eventos-culturais-e-artisticos\/word-wave-festival-x-leatai\/\",\"url\":\"https:\/\/leatai.com\/pt-br\/product\/colaboracao-entre-industrias\/eventos-culturais-e-artisticos\/word-wave-festival-x-leatai\/\",\"name\":\"Word Wave Festival x Leatai - Leatai \u2013 Fabricante de cadernos personalizados\",\"isPartOf\":{\"@id\":\"https:\/\/leatai.com\/pt-br\/#website\"},\"primaryImageOfPage\":{\"@id\":\"https:\/\/leatai.com\/pt-br\/product\/colaboracao-entre-industrias\/eventos-culturais-e-artisticos\/word-wave-festival-x-leatai\/#primaryimage\"},\"image\":{\"@id\":\"https:\/\/leatai.com\/pt-br\/product\/colaboracao-entre-industrias\/eventos-culturais-e-artisticos\/word-wave-festival-x-leatai\/#primaryimage\"},\"thumbnailUrl\":\"https:\/\/leatai.com\/wp-content\/uploads\/2020_06_17_1443180.jpg\",\"datePublished\":\"2021-06-24T05:23:31+00:00\",\"breadcrumb\":{\"@id\":\"https:\/\/leatai.com\/pt-br\/product\/colaboracao-entre-industrias\/eventos-culturais-e-artisticos\/word-wave-festival-x-leatai\/#breadcrumb\"},\"inLanguage\":\"pt-BR\",\"potentialAction\":[{\"@type\":\"ReadAction\",\"target\":[\"https:\/\/leatai.com\/pt-br\/product\/colaboracao-entre-industrias\/eventos-culturais-e-artisticos\/word-wave-festival-x-leatai\/\"]}]},{\"@type\":\"ImageObject\",\"inLanguage\":\"pt-BR\",\"@id\":\"https:\/\/leatai.com\/pt-br\/product\/colaboracao-entre-industrias\/eventos-culturais-e-artisticos\/word-wave-festival-x-leatai\/#primaryimage\",\"url\":\"https:\/\/leatai.com\/wp-content\/uploads\/2020_06_17_1443180.jpg\",\"contentUrl\":\"https:\/\/leatai.com\/wp-content\/uploads\/2020_06_17_1443180.jpg\",\"width\":1000,\"height\":750},{\"@type\":\"BreadcrumbList\",\"@id\":\"https:\/\/leatai.com\/pt-br\/product\/colaboracao-entre-industrias\/eventos-culturais-e-artisticos\/word-wave-festival-x-leatai\/#breadcrumb\",\"itemListElement\":[{\"@type\":\"ListItem\",\"position\":1,\"name\":\"Home\",\"item\":\"https:\/\/leatai.com\/pt-br\/\"},{\"@type\":\"ListItem\",\"position\":2,\"name\":\"Apresenta\u00e7\u00e3o de produtos\",\"item\":\"https:\/\/leatai.com\/products\/\"},{\"@type\":\"ListItem\",\"position\":3,\"name\":\"Word Wave Festival x Leatai\"}]},{\"@type\":\"WebSite\",\"@id\":\"https:\/\/leatai.com\/pt-br\/#website\",\"url\":\"https:\/\/leatai.com\/pt-br\/\",\"name\":\"Leatai \u2013 Fabricante de cadernos personalizados\",\"description\":\"A Leatai fornece cadernos e planejadores personalizados para marcas e distribuidores em todo o mundo.\",\"publisher\":{\"@id\":\"https:\/\/leatai.com\/pt-br\/#organization\"},\"potentialAction\":[{\"@type\":\"SearchAction\",\"target\":{\"@type\":\"EntryPoint\",\"urlTemplate\":\"https:\/\/leatai.com\/pt-br\/?s={search_term_string}\"},\"query-input\":{\"@type\":\"PropertyValueSpecification\",\"valueRequired\":true,\"valueName\":\"search_term_string\"}}],\"inLanguage\":\"pt-BR\"},{\"@type\":\"Organization\",\"@id\":\"https:\/\/leatai.com\/pt-br\/#organization\",\"name\":\"Leatai Diary, customized journal and business organizer\",\"url\":\"https:\/\/leatai.com\/pt-br\/\",\"logo\":{\"@type\":\"ImageObject\",\"inLanguage\":\"pt-BR\",\"@id\":\"https:\/\/leatai.com\/pt-br\/#\/schema\/logo\/image\/\",\"url\":\"https:\/\/leatai.com\/wp-content\/uploads\/logo-blue.png\",\"contentUrl\":\"https:\/\/leatai.com\/wp-content\/uploads\/logo-blue.png\",\"width\":230,\"height\":60,\"caption\":\"Leatai Diary, customized journal and business organizer\"},\"image\":{\"@id\":\"https:\/\/leatai.com\/pt-br\/#\/schema\/logo\/image\/\"}}]}<\/script>\n<!-- \/ Yoast SEO plugin. -->","yoast_head_json":{"title":"Word Wave Festival x Leatai - Leatai \u2013 Fabricante de cadernos personalizados","robots":{"index":"index","follow":"follow","max-snippet":"max-snippet:-1","max-image-preview":"max-image-preview:large","max-video-preview":"max-video-preview:-1"},"canonical":"https:\/\/leatai.com\/pt-br\/product\/colaboracao-entre-industrias\/eventos-culturais-e-artisticos\/word-wave-festival-x-leatai\/","og_locale":"pt_BR","og_type":"article","og_title":"Word Wave Festival x Leatai - Leatai \u2013 Fabricante de cadernos personalizados","og_description":"20160929-1002 O Word Wave Festival, o Festival de Leitura em L\u00edngua Chinesa, \u00e9 um projeto importante que permeia todo o espa\u00e7o do Huashan 1914 Creative Park. Seu objetivo \u00e9 reinterpretar, por meio da \u201cleitura em voz alta\u201d, a rela\u00e7\u00e3o entre leitura e vida cotidiana, estimulando o entusiasmo do p\u00fablico pela leitura, promovendo o desenvolvimento da [&hellip;]","og_url":"https:\/\/leatai.com\/pt-br\/product\/colaboracao-entre-industrias\/eventos-culturais-e-artisticos\/word-wave-festival-x-leatai\/","og_site_name":"Leatai \u2013 Fabricante de cadernos personalizados","og_image":[{"width":1000,"height":750,"url":"https:\/\/leatai.com\/wp-content\/uploads\/2020_06_17_1443180.jpg","type":"image\/jpeg"}],"twitter_card":"summary_large_image","twitter_misc":{"Est. tempo de leitura":"1 minuto"},"schema":{"@context":"https:\/\/schema.org","@graph":[{"@type":"WebPage","@id":"https:\/\/leatai.com\/pt-br\/product\/colaboracao-entre-industrias\/eventos-culturais-e-artisticos\/word-wave-festival-x-leatai\/","url":"https:\/\/leatai.com\/pt-br\/product\/colaboracao-entre-industrias\/eventos-culturais-e-artisticos\/word-wave-festival-x-leatai\/","name":"Word Wave Festival x Leatai - Leatai \u2013 Fabricante de cadernos personalizados","isPartOf":{"@id":"https:\/\/leatai.com\/pt-br\/#website"},"primaryImageOfPage":{"@id":"https:\/\/leatai.com\/pt-br\/product\/colaboracao-entre-industrias\/eventos-culturais-e-artisticos\/word-wave-festival-x-leatai\/#primaryimage"},"image":{"@id":"https:\/\/leatai.com\/pt-br\/product\/colaboracao-entre-industrias\/eventos-culturais-e-artisticos\/word-wave-festival-x-leatai\/#primaryimage"},"thumbnailUrl":"https:\/\/leatai.com\/wp-content\/uploads\/2020_06_17_1443180.jpg","datePublished":"2021-06-24T05:23:31+00:00","breadcrumb":{"@id":"https:\/\/leatai.com\/pt-br\/product\/colaboracao-entre-industrias\/eventos-culturais-e-artisticos\/word-wave-festival-x-leatai\/#breadcrumb"},"inLanguage":"pt-BR","potentialAction":[{"@type":"ReadAction","target":["https:\/\/leatai.com\/pt-br\/product\/colaboracao-entre-industrias\/eventos-culturais-e-artisticos\/word-wave-festival-x-leatai\/"]}]},{"@type":"ImageObject","inLanguage":"pt-BR","@id":"https:\/\/leatai.com\/pt-br\/product\/colaboracao-entre-industrias\/eventos-culturais-e-artisticos\/word-wave-festival-x-leatai\/#primaryimage","url":"https:\/\/leatai.com\/wp-content\/uploads\/2020_06_17_1443180.jpg","contentUrl":"https:\/\/leatai.com\/wp-content\/uploads\/2020_06_17_1443180.jpg","width":1000,"height":750},{"@type":"BreadcrumbList","@id":"https:\/\/leatai.com\/pt-br\/product\/colaboracao-entre-industrias\/eventos-culturais-e-artisticos\/word-wave-festival-x-leatai\/#breadcrumb","itemListElement":[{"@type":"ListItem","position":1,"name":"Home","item":"https:\/\/leatai.com\/pt-br\/"},{"@type":"ListItem","position":2,"name":"Apresenta\u00e7\u00e3o de produtos","item":"https:\/\/leatai.com\/products\/"},{"@type":"ListItem","position":3,"name":"Word Wave Festival x Leatai"}]},{"@type":"WebSite","@id":"https:\/\/leatai.com\/pt-br\/#website","url":"https:\/\/leatai.com\/pt-br\/","name":"Leatai \u2013 Fabricante de cadernos personalizados","description":"A Leatai fornece cadernos e planejadores personalizados para marcas e distribuidores em todo o mundo.","publisher":{"@id":"https:\/\/leatai.com\/pt-br\/#organization"},"potentialAction":[{"@type":"SearchAction","target":{"@type":"EntryPoint","urlTemplate":"https:\/\/leatai.com\/pt-br\/?s={search_term_string}"},"query-input":{"@type":"PropertyValueSpecification","valueRequired":true,"valueName":"search_term_string"}}],"inLanguage":"pt-BR"},{"@type":"Organization","@id":"https:\/\/leatai.com\/pt-br\/#organization","name":"Leatai Diary, customized journal and business organizer","url":"https:\/\/leatai.com\/pt-br\/","logo":{"@type":"ImageObject","inLanguage":"pt-BR","@id":"https:\/\/leatai.com\/pt-br\/#\/schema\/logo\/image\/","url":"https:\/\/leatai.com\/wp-content\/uploads\/logo-blue.png","contentUrl":"https:\/\/leatai.com\/wp-content\/uploads\/logo-blue.png","width":230,"height":60,"caption":"Leatai Diary, customized journal and business organizer"},"image":{"@id":"https:\/\/leatai.com\/pt-br\/#\/schema\/logo\/image\/"}}]}},"_links":{"self":[{"href":"https:\/\/leatai.com\/pt-br\/wp-json\/wp\/v2\/product\/233786","targetHints":{"allow":["GET"]}}],"collection":[{"href":"https:\/\/leatai.com\/pt-br\/wp-json\/wp\/v2\/product"}],"about":[{"href":"https:\/\/leatai.com\/pt-br\/wp-json\/wp\/v2\/types\/product"}],"wp:featuredmedia":[{"embeddable":true,"href":"https:\/\/leatai.com\/pt-br\/wp-json\/wp\/v2\/media\/233787"}],"wp:attachment":[{"href":"https:\/\/leatai.com\/pt-br\/wp-json\/wp\/v2\/media?parent=233786"}],"wp:term":[{"taxonomy":"product_brand","embeddable":true,"href":"https:\/\/leatai.com\/pt-br\/wp-json\/wp\/v2\/product_brand?post=233786"},{"taxonomy":"product_cat","embeddable":true,"href":"https:\/\/leatai.com\/pt-br\/wp-json\/wp\/v2\/product_cat?post=233786"},{"taxonomy":"product_tag","embeddable":true,"href":"https:\/\/leatai.com\/pt-br\/wp-json\/wp\/v2\/product_tag?post=233786"},{"taxonomy":"home_works","embeddable":true,"href":"https:\/\/leatai.com\/pt-br\/wp-json\/wp\/v2\/home_works?post=233786"}],"curies":[{"name":"wp","href":"https:\/\/api.w.org\/{rel}","templated":true}]}}