{"id":233771,"date":"2021-06-24T13:23:56","date_gmt":"2021-06-24T05:23:56","guid":{"rendered":"https:\/\/leatai.com\/product\/sem%20categoria\/mapple-plus-taipei\/"},"modified":"2025-11-28T13:38:08","modified_gmt":"2025-11-28T05:38:08","slug":"mapple-plus-taipei","status":"publish","type":"product","link":"https:\/\/leatai.com\/pt-br\/product\/colaboracao-entre-industrias\/industria-cinematografica-pt-br\/mapple-plus-taipei\/","title":{"rendered":"Mapple PLUS Taipei"},"content":{"rendered":"<p>Mapple PLUS \u00e9 uma revista de viagens japonesa; nesta edi\u00e7\u00e3o, al\u00e9m de apresentar comidas, bebidas e entretenimento em Taip\u00e9, tamb\u00e9m recomenda v\u00e1rios pontos imperd\u00edveis para os amantes de papelaria!<\/p>\n<p>Como uma marca taiwanesa de cadernos artesanais, levamos em considera\u00e7\u00e3o a compatibilidade com a escrita a tinta, garantindo fluidez sem que a tinta vaze para o verso da p\u00e1gina.<br \/>\nCom um design estruturado para minimizar danos e permitir que o caderno abra completamente em 180 graus, mantemos o compromisso com a praticidade que um bom caderno deve oferecer.<br \/>\nAl\u00e9m disso, o formato f\u00e1cil de transportar tamb\u00e9m o torna muito popular.<\/p>\n","protected":false},"excerpt":{"rendered":"<p>Mapple PLUS \u00e9 uma revista de viagens japonesa; nesta edi\u00e7\u00e3o, al\u00e9m de apresentar comidas, bebidas e entretenimento em Taip\u00e9, tamb\u00e9m recomenda v\u00e1rios pontos imperd\u00edveis para os amantes de papelaria! Como uma marca taiwanesa de cadernos artesanais, levamos em considera\u00e7\u00e3o a compatibilidade com a escrita a tinta, garantindo fluidez sem que a tinta vaze para o [&hellip;]<\/p>\n","protected":false},"featured_media":233772,"template":"","meta":{"_acf_changed":false},"product_brand":[],"product_cat":[1094],"product_tag":[],"home_works":[],"class_list":{"0":"post-233771","1":"product","2":"type-product","3":"status-publish","4":"has-post-thumbnail","6":"product_cat-industria-cinematografica-pt-br","8":"first","9":"instock","10":"sold-individually","11":"shipping-taxable","12":"purchasable","13":"product-type-simple"},"acf":[],"yoast_head":"<!-- This site is optimized with the Yoast SEO plugin v27.2 - https:\/\/yoast.com\/product\/yoast-seo-wordpress\/ -->\n<title>Mapple PLUS Taipei - Um dos destinos imperd\u00edveis de Taiwan - Leatai \u2013 Fabricante de cadernos personalizados<\/title>\n<meta name=\"description\" content=\"Mapple PLUS \u00e9 uma revista de viagens japonesa que, al\u00e9m de apresentar comida, divers\u00e3o e atra\u00e7\u00f5es em Taip\u00e9, tamb\u00e9m recomenda lugares representativos da papelaria taiwanesa. Tornou-se gradualmente um dos destinos mais importantes para turistas japoneses, especialmente para os amantes de papelaria que visitam Taiwan.\" \/>\n<meta name=\"robots\" content=\"index, follow, max-snippet:-1, max-image-preview:large, max-video-preview:-1\" \/>\n<link rel=\"canonical\" href=\"https:\/\/leatai.com\/pt-br\/product\/colaboracao-entre-industrias\/industria-cinematografica-pt-br\/mapple-plus-taipei\/\" \/>\n<meta property=\"og:locale\" content=\"pt_BR\" \/>\n<meta property=\"og:type\" content=\"article\" \/>\n<meta property=\"og:title\" content=\"Mapple PLUS Taipei - Um dos destinos imperd\u00edveis de Taiwan - Leatai \u2013 Fabricante de cadernos personalizados\" \/>\n<meta property=\"og:description\" content=\"Mapple PLUS \u00e9 uma revista de viagens japonesa que, al\u00e9m de apresentar comida, divers\u00e3o e atra\u00e7\u00f5es em Taip\u00e9, tamb\u00e9m recomenda lugares representativos da papelaria taiwanesa. Tornou-se gradualmente um dos destinos mais importantes para turistas japoneses, especialmente para os amantes de papelaria que visitam Taiwan.\" \/>\n<meta property=\"og:url\" content=\"https:\/\/leatai.com\/pt-br\/product\/colaboracao-entre-industrias\/industria-cinematografica-pt-br\/mapple-plus-taipei\/\" \/>\n<meta property=\"og:site_name\" content=\"Leatai \u2013 Fabricante de cadernos personalizados\" \/>\n<meta property=\"article:modified_time\" content=\"2025-11-28T05:38:08+00:00\" \/>\n<meta property=\"og:image\" content=\"https:\/\/leatai.com\/wp-content\/uploads\/2020_04_25_1733260.jpg\" \/>\n\t<meta property=\"og:image:width\" content=\"1000\" \/>\n\t<meta property=\"og:image:height\" content=\"750\" \/>\n\t<meta property=\"og:image:type\" content=\"image\/jpeg\" \/>\n<meta name=\"twitter:card\" content=\"summary_large_image\" \/>\n<meta name=\"twitter:label1\" content=\"Est. tempo de leitura\" \/>\n\t<meta name=\"twitter:data1\" content=\"1 minuto\" \/>\n<script type=\"application\/ld+json\" class=\"yoast-schema-graph\">{\"@context\":\"https:\/\/schema.org\",\"@graph\":[{\"@type\":\"WebPage\",\"@id\":\"https:\/\/leatai.com\/pt-br\/product\/colaboracao-entre-industrias\/industria-cinematografica-pt-br\/mapple-plus-taipei\/\",\"url\":\"https:\/\/leatai.com\/pt-br\/product\/colaboracao-entre-industrias\/industria-cinematografica-pt-br\/mapple-plus-taipei\/\",\"name\":\"Mapple PLUS Taipei - Um dos destinos imperd\u00edveis de Taiwan - Leatai \u2013 Fabricante de cadernos personalizados\",\"isPartOf\":{\"@id\":\"https:\/\/leatai.com\/pt-br\/#website\"},\"primaryImageOfPage\":{\"@id\":\"https:\/\/leatai.com\/pt-br\/product\/colaboracao-entre-industrias\/industria-cinematografica-pt-br\/mapple-plus-taipei\/#primaryimage\"},\"image\":{\"@id\":\"https:\/\/leatai.com\/pt-br\/product\/colaboracao-entre-industrias\/industria-cinematografica-pt-br\/mapple-plus-taipei\/#primaryimage\"},\"thumbnailUrl\":\"https:\/\/leatai.com\/wp-content\/uploads\/2020_04_25_1733260.jpg\",\"datePublished\":\"2021-06-24T05:23:56+00:00\",\"dateModified\":\"2025-11-28T05:38:08+00:00\",\"description\":\"Mapple PLUS \u00e9 uma revista de viagens japonesa que, al\u00e9m de apresentar comida, divers\u00e3o e atra\u00e7\u00f5es em Taip\u00e9, tamb\u00e9m recomenda lugares representativos da papelaria taiwanesa. Tornou-se gradualmente um dos destinos mais importantes para turistas japoneses, especialmente para os amantes de papelaria que visitam Taiwan.\",\"breadcrumb\":{\"@id\":\"https:\/\/leatai.com\/pt-br\/product\/colaboracao-entre-industrias\/industria-cinematografica-pt-br\/mapple-plus-taipei\/#breadcrumb\"},\"inLanguage\":\"pt-BR\",\"potentialAction\":[{\"@type\":\"ReadAction\",\"target\":[\"https:\/\/leatai.com\/pt-br\/product\/colaboracao-entre-industrias\/industria-cinematografica-pt-br\/mapple-plus-taipei\/\"]}]},{\"@type\":\"ImageObject\",\"inLanguage\":\"pt-BR\",\"@id\":\"https:\/\/leatai.com\/pt-br\/product\/colaboracao-entre-industrias\/industria-cinematografica-pt-br\/mapple-plus-taipei\/#primaryimage\",\"url\":\"https:\/\/leatai.com\/wp-content\/uploads\/2020_04_25_1733260.jpg\",\"contentUrl\":\"https:\/\/leatai.com\/wp-content\/uploads\/2020_04_25_1733260.jpg\",\"width\":1000,\"height\":750,\"caption\":\"Revista japonesa Mapple PLUS\"},{\"@type\":\"BreadcrumbList\",\"@id\":\"https:\/\/leatai.com\/pt-br\/product\/colaboracao-entre-industrias\/industria-cinematografica-pt-br\/mapple-plus-taipei\/#breadcrumb\",\"itemListElement\":[{\"@type\":\"ListItem\",\"position\":1,\"name\":\"Home\",\"item\":\"https:\/\/leatai.com\/pt-br\/\"},{\"@type\":\"ListItem\",\"position\":2,\"name\":\"Apresenta\u00e7\u00e3o de produtos\",\"item\":\"https:\/\/leatai.com\/products\/\"},{\"@type\":\"ListItem\",\"position\":3,\"name\":\"Colabora\u00e7\u00e3o entre Ind\u00fastrias\",\"item\":\"https:\/\/leatai.com\/pt-br\/categoria-produto\/colaboracao-entre-industrias\/\"},{\"@type\":\"ListItem\",\"position\":4,\"name\":\"Ind\u00fastria Cinematogr\u00e1fica\",\"item\":\"https:\/\/leatai.com\/pt-br\/categoria-produto\/colaboracao-entre-industrias\/industria-cinematografica-pt-br\/\"},{\"@type\":\"ListItem\",\"position\":5,\"name\":\"Mapple PLUS Taipei\"}]},{\"@type\":\"WebSite\",\"@id\":\"https:\/\/leatai.com\/pt-br\/#website\",\"url\":\"https:\/\/leatai.com\/pt-br\/\",\"name\":\"Leatai \u2013 Fabricante de cadernos personalizados\",\"description\":\"A Leatai fornece cadernos e planejadores personalizados para marcas e distribuidores em todo o mundo.\",\"publisher\":{\"@id\":\"https:\/\/leatai.com\/pt-br\/#organization\"},\"potentialAction\":[{\"@type\":\"SearchAction\",\"target\":{\"@type\":\"EntryPoint\",\"urlTemplate\":\"https:\/\/leatai.com\/pt-br\/?s={search_term_string}\"},\"query-input\":{\"@type\":\"PropertyValueSpecification\",\"valueRequired\":true,\"valueName\":\"search_term_string\"}}],\"inLanguage\":\"pt-BR\"},{\"@type\":\"Organization\",\"@id\":\"https:\/\/leatai.com\/pt-br\/#organization\",\"name\":\"Leatai Diary, customized journal and business organizer\",\"url\":\"https:\/\/leatai.com\/pt-br\/\",\"logo\":{\"@type\":\"ImageObject\",\"inLanguage\":\"pt-BR\",\"@id\":\"https:\/\/leatai.com\/pt-br\/#\/schema\/logo\/image\/\",\"url\":\"https:\/\/leatai.com\/wp-content\/uploads\/logo-blue.png\",\"contentUrl\":\"https:\/\/leatai.com\/wp-content\/uploads\/logo-blue.png\",\"width\":230,\"height\":60,\"caption\":\"Leatai Diary, customized journal and business organizer\"},\"image\":{\"@id\":\"https:\/\/leatai.com\/pt-br\/#\/schema\/logo\/image\/\"}}]}<\/script>\n<!-- \/ Yoast SEO plugin. -->","yoast_head_json":{"title":"Mapple PLUS Taipei - Um dos destinos imperd\u00edveis de Taiwan - Leatai \u2013 Fabricante de cadernos personalizados","description":"Mapple PLUS \u00e9 uma revista de viagens japonesa que, al\u00e9m de apresentar comida, divers\u00e3o e atra\u00e7\u00f5es em Taip\u00e9, tamb\u00e9m recomenda lugares representativos da papelaria taiwanesa. Tornou-se gradualmente um dos destinos mais importantes para turistas japoneses, especialmente para os amantes de papelaria que visitam Taiwan.","robots":{"index":"index","follow":"follow","max-snippet":"max-snippet:-1","max-image-preview":"max-image-preview:large","max-video-preview":"max-video-preview:-1"},"canonical":"https:\/\/leatai.com\/pt-br\/product\/colaboracao-entre-industrias\/industria-cinematografica-pt-br\/mapple-plus-taipei\/","og_locale":"pt_BR","og_type":"article","og_title":"Mapple PLUS Taipei - Um dos destinos imperd\u00edveis de Taiwan - Leatai \u2013 Fabricante de cadernos personalizados","og_description":"Mapple PLUS \u00e9 uma revista de viagens japonesa que, al\u00e9m de apresentar comida, divers\u00e3o e atra\u00e7\u00f5es em Taip\u00e9, tamb\u00e9m recomenda lugares representativos da papelaria taiwanesa. Tornou-se gradualmente um dos destinos mais importantes para turistas japoneses, especialmente para os amantes de papelaria que visitam Taiwan.","og_url":"https:\/\/leatai.com\/pt-br\/product\/colaboracao-entre-industrias\/industria-cinematografica-pt-br\/mapple-plus-taipei\/","og_site_name":"Leatai \u2013 Fabricante de cadernos personalizados","article_modified_time":"2025-11-28T05:38:08+00:00","og_image":[{"width":1000,"height":750,"url":"https:\/\/leatai.com\/wp-content\/uploads\/2020_04_25_1733260.jpg","type":"image\/jpeg"}],"twitter_card":"summary_large_image","twitter_misc":{"Est. tempo de leitura":"1 minuto"},"schema":{"@context":"https:\/\/schema.org","@graph":[{"@type":"WebPage","@id":"https:\/\/leatai.com\/pt-br\/product\/colaboracao-entre-industrias\/industria-cinematografica-pt-br\/mapple-plus-taipei\/","url":"https:\/\/leatai.com\/pt-br\/product\/colaboracao-entre-industrias\/industria-cinematografica-pt-br\/mapple-plus-taipei\/","name":"Mapple PLUS Taipei - Um dos destinos imperd\u00edveis de Taiwan - Leatai \u2013 Fabricante de cadernos personalizados","isPartOf":{"@id":"https:\/\/leatai.com\/pt-br\/#website"},"primaryImageOfPage":{"@id":"https:\/\/leatai.com\/pt-br\/product\/colaboracao-entre-industrias\/industria-cinematografica-pt-br\/mapple-plus-taipei\/#primaryimage"},"image":{"@id":"https:\/\/leatai.com\/pt-br\/product\/colaboracao-entre-industrias\/industria-cinematografica-pt-br\/mapple-plus-taipei\/#primaryimage"},"thumbnailUrl":"https:\/\/leatai.com\/wp-content\/uploads\/2020_04_25_1733260.jpg","datePublished":"2021-06-24T05:23:56+00:00","dateModified":"2025-11-28T05:38:08+00:00","description":"Mapple PLUS \u00e9 uma revista de viagens japonesa que, al\u00e9m de apresentar comida, divers\u00e3o e atra\u00e7\u00f5es em Taip\u00e9, tamb\u00e9m recomenda lugares representativos da papelaria taiwanesa. Tornou-se gradualmente um dos destinos mais importantes para turistas japoneses, especialmente para os amantes de papelaria que visitam Taiwan.","breadcrumb":{"@id":"https:\/\/leatai.com\/pt-br\/product\/colaboracao-entre-industrias\/industria-cinematografica-pt-br\/mapple-plus-taipei\/#breadcrumb"},"inLanguage":"pt-BR","potentialAction":[{"@type":"ReadAction","target":["https:\/\/leatai.com\/pt-br\/product\/colaboracao-entre-industrias\/industria-cinematografica-pt-br\/mapple-plus-taipei\/"]}]},{"@type":"ImageObject","inLanguage":"pt-BR","@id":"https:\/\/leatai.com\/pt-br\/product\/colaboracao-entre-industrias\/industria-cinematografica-pt-br\/mapple-plus-taipei\/#primaryimage","url":"https:\/\/leatai.com\/wp-content\/uploads\/2020_04_25_1733260.jpg","contentUrl":"https:\/\/leatai.com\/wp-content\/uploads\/2020_04_25_1733260.jpg","width":1000,"height":750,"caption":"Revista japonesa Mapple PLUS"},{"@type":"BreadcrumbList","@id":"https:\/\/leatai.com\/pt-br\/product\/colaboracao-entre-industrias\/industria-cinematografica-pt-br\/mapple-plus-taipei\/#breadcrumb","itemListElement":[{"@type":"ListItem","position":1,"name":"Home","item":"https:\/\/leatai.com\/pt-br\/"},{"@type":"ListItem","position":2,"name":"Apresenta\u00e7\u00e3o de produtos","item":"https:\/\/leatai.com\/products\/"},{"@type":"ListItem","position":3,"name":"Colabora\u00e7\u00e3o entre Ind\u00fastrias","item":"https:\/\/leatai.com\/pt-br\/categoria-produto\/colaboracao-entre-industrias\/"},{"@type":"ListItem","position":4,"name":"Ind\u00fastria Cinematogr\u00e1fica","item":"https:\/\/leatai.com\/pt-br\/categoria-produto\/colaboracao-entre-industrias\/industria-cinematografica-pt-br\/"},{"@type":"ListItem","position":5,"name":"Mapple PLUS Taipei"}]},{"@type":"WebSite","@id":"https:\/\/leatai.com\/pt-br\/#website","url":"https:\/\/leatai.com\/pt-br\/","name":"Leatai \u2013 Fabricante de cadernos personalizados","description":"A Leatai fornece cadernos e planejadores personalizados para marcas e distribuidores em todo o mundo.","publisher":{"@id":"https:\/\/leatai.com\/pt-br\/#organization"},"potentialAction":[{"@type":"SearchAction","target":{"@type":"EntryPoint","urlTemplate":"https:\/\/leatai.com\/pt-br\/?s={search_term_string}"},"query-input":{"@type":"PropertyValueSpecification","valueRequired":true,"valueName":"search_term_string"}}],"inLanguage":"pt-BR"},{"@type":"Organization","@id":"https:\/\/leatai.com\/pt-br\/#organization","name":"Leatai Diary, customized journal and business organizer","url":"https:\/\/leatai.com\/pt-br\/","logo":{"@type":"ImageObject","inLanguage":"pt-BR","@id":"https:\/\/leatai.com\/pt-br\/#\/schema\/logo\/image\/","url":"https:\/\/leatai.com\/wp-content\/uploads\/logo-blue.png","contentUrl":"https:\/\/leatai.com\/wp-content\/uploads\/logo-blue.png","width":230,"height":60,"caption":"Leatai Diary, customized journal and business organizer"},"image":{"@id":"https:\/\/leatai.com\/pt-br\/#\/schema\/logo\/image\/"}}]}},"_links":{"self":[{"href":"https:\/\/leatai.com\/pt-br\/wp-json\/wp\/v2\/product\/233771","targetHints":{"allow":["GET"]}}],"collection":[{"href":"https:\/\/leatai.com\/pt-br\/wp-json\/wp\/v2\/product"}],"about":[{"href":"https:\/\/leatai.com\/pt-br\/wp-json\/wp\/v2\/types\/product"}],"wp:featuredmedia":[{"embeddable":true,"href":"https:\/\/leatai.com\/pt-br\/wp-json\/wp\/v2\/media\/233772"}],"wp:attachment":[{"href":"https:\/\/leatai.com\/pt-br\/wp-json\/wp\/v2\/media?parent=233771"}],"wp:term":[{"taxonomy":"product_brand","embeddable":true,"href":"https:\/\/leatai.com\/pt-br\/wp-json\/wp\/v2\/product_brand?post=233771"},{"taxonomy":"product_cat","embeddable":true,"href":"https:\/\/leatai.com\/pt-br\/wp-json\/wp\/v2\/product_cat?post=233771"},{"taxonomy":"product_tag","embeddable":true,"href":"https:\/\/leatai.com\/pt-br\/wp-json\/wp\/v2\/product_tag?post=233771"},{"taxonomy":"home_works","embeddable":true,"href":"https:\/\/leatai.com\/pt-br\/wp-json\/wp\/v2\/home_works?post=233771"}],"curies":[{"name":"wp","href":"https:\/\/api.w.org\/{rel}","templated":true}]}}