{"id":233766,"date":"2021-06-24T13:23:56","date_gmt":"2021-06-24T05:23:56","guid":{"rendered":"https:\/\/leatai.com\/product\/sem%20categoria\/women-make-waves-international-film-festival-x-leatai\/"},"modified":"2025-11-28T13:38:18","modified_gmt":"2025-11-28T05:38:18","slug":"women-make-waves-international-film-festival-x-leatai","status":"publish","type":"product","link":"https:\/\/leatai.com\/pt-br\/product\/colaboracao-entre-industrias\/industria-cinematografica-pt-br\/women-make-waves-international-film-festival-x-leatai\/","title":{"rendered":"Women Make Waves International Film Festival x Leatai"},"content":{"rendered":"<p>Introdu\u00e7\u00e3o do Festival de Cinema Feminino:<br \/>\nBeyond Control \u2013 O controle j\u00e1 foi uma forma de pris\u00e3o, mas tamb\u00e9m uma nova postura<br \/>\n\u201cNada \u00e9 mais temido por Deus e pelos homens do que perder o controle sobre as mulheres.\u201d \u2013 Mary Daly<br \/>\nEste ano, o festival dedica-se ao tema \u201cControle\u201d Beyond Control, apresentando, por meio de diferentes se\u00e7\u00f5es, as maneiras pelas quais as mulheres buscam e compreendem o poder de controle, usando a linguagem suave da arte para expressar essa poderosa espiritualidade.<br \/>\n\u201cMe too: As formas da viol\u00eancia sexual\u201d \u00e9 um espelho das campanhas \u201cTime\u2019s Up\u201d e \u201c#MeTooMeToo\u201d.<\/p>\n<p>Conceito do design do logo:<\/p>\n<ul>\n<li>Bao Dashan &#8211;<br \/>\nMuitas pessoas n\u00e3o percebem o controle presente no cotidiano. Pensam que se tornam aquilo que desejam ser, quando na verdade se tornam aquilo que os outros desejam que sejam.<br \/>\nAcredito que, no caminho em que as meninas buscam tornar-se uma vers\u00e3o melhor de si mesmas, muitas vezes s\u00e3o influenciadas pelas expectativas alheias \u2014 isso tamb\u00e9m \u00e9 uma forma de controle.<br \/>\nExistir e respirar inconscientemente como a vers\u00e3o que os outros desejam nada mais \u00e9 do que uma forma de escravid\u00e3o.<br \/>\nA imagem do \u00f3rg\u00e3o feminino simboliza n\u00e3o se submeter ao controle sexual, nem usar o corpo para agradar os outros em troca de momentos ilus\u00f3rios ou de uma falsa sensa\u00e7\u00e3o de exist\u00eancia.<\/li>\n<\/ul>\n","protected":false},"excerpt":{"rendered":"<p>Introdu\u00e7\u00e3o do Festival de Cinema Feminino: Beyond Control \u2013 O controle j\u00e1 foi uma forma de pris\u00e3o, mas tamb\u00e9m uma nova postura \u201cNada \u00e9 mais temido por Deus e pelos homens do que perder o controle sobre as mulheres.\u201d \u2013 Mary Daly Este ano, o festival dedica-se ao tema \u201cControle\u201d Beyond Control, apresentando, por meio [&hellip;]<\/p>\n","protected":false},"featured_media":233767,"template":"","meta":{"_acf_changed":false},"product_brand":[],"product_cat":[1094],"product_tag":[],"home_works":[],"class_list":{"0":"post-233766","1":"product","2":"type-product","3":"status-publish","4":"has-post-thumbnail","6":"product_cat-industria-cinematografica-pt-br","8":"first","9":"instock","10":"sold-individually","11":"shipping-taxable","12":"purchasable","13":"product-type-simple"},"acf":[],"yoast_head":"<!-- This site is optimized with the Yoast SEO plugin v27.2 - https:\/\/yoast.com\/product\/yoast-seo-wordpress\/ -->\n<title>Women Make Waves International Film Festival x Leatai - Tornar-se uma vers\u00e3o melhor de si mesmo - Leatai \u2013 Fabricante de cadernos personalizados<\/title>\n<meta name=\"description\" content=\"O Festival de Cinema Feminino adota \u201cControle\u201d Beyond Control como tema, apresentando, por meio de diferentes se\u00e7\u00f5es, as maneiras pelas quais as mulheres buscam e compreendem o poder de controle, usando a linguagem suave da arte para expressar essa poderosa espiritualidade. Beyond Control \u2013 o controle j\u00e1 foi uma forma de pris\u00e3o, mas tamb\u00e9m uma nova postura.\" \/>\n<meta name=\"robots\" content=\"index, follow, max-snippet:-1, max-image-preview:large, max-video-preview:-1\" \/>\n<link rel=\"canonical\" href=\"https:\/\/leatai.com\/pt-br\/product\/colaboracao-entre-industrias\/industria-cinematografica-pt-br\/women-make-waves-international-film-festival-x-leatai\/\" \/>\n<meta property=\"og:locale\" content=\"pt_BR\" \/>\n<meta property=\"og:type\" content=\"article\" \/>\n<meta property=\"og:title\" content=\"Women Make Waves International Film Festival x Leatai - Tornar-se uma vers\u00e3o melhor de si mesmo - Leatai \u2013 Fabricante de cadernos personalizados\" \/>\n<meta property=\"og:description\" content=\"O Festival de Cinema Feminino adota \u201cControle\u201d Beyond Control como tema, apresentando, por meio de diferentes se\u00e7\u00f5es, as maneiras pelas quais as mulheres buscam e compreendem o poder de controle, usando a linguagem suave da arte para expressar essa poderosa espiritualidade. Beyond Control \u2013 o controle j\u00e1 foi uma forma de pris\u00e3o, mas tamb\u00e9m uma nova postura.\" \/>\n<meta property=\"og:url\" content=\"https:\/\/leatai.com\/pt-br\/product\/colaboracao-entre-industrias\/industria-cinematografica-pt-br\/women-make-waves-international-film-festival-x-leatai\/\" \/>\n<meta property=\"og:site_name\" content=\"Leatai \u2013 Fabricante de cadernos personalizados\" \/>\n<meta property=\"article:modified_time\" content=\"2025-11-28T05:38:18+00:00\" \/>\n<meta property=\"og:image\" content=\"https:\/\/leatai.com\/wp-content\/uploads\/2020_04_25_1743240.jpg\" \/>\n\t<meta property=\"og:image:width\" content=\"1000\" \/>\n\t<meta property=\"og:image:height\" content=\"750\" \/>\n\t<meta property=\"og:image:type\" content=\"image\/jpeg\" \/>\n<meta name=\"twitter:card\" content=\"summary_large_image\" \/>\n<meta name=\"twitter:label1\" content=\"Est. tempo de leitura\" \/>\n\t<meta name=\"twitter:data1\" content=\"2 minutos\" \/>\n<script type=\"application\/ld+json\" class=\"yoast-schema-graph\">{\"@context\":\"https:\/\/schema.org\",\"@graph\":[{\"@type\":\"WebPage\",\"@id\":\"https:\/\/leatai.com\/pt-br\/product\/colaboracao-entre-industrias\/industria-cinematografica-pt-br\/women-make-waves-international-film-festival-x-leatai\/\",\"url\":\"https:\/\/leatai.com\/pt-br\/product\/colaboracao-entre-industrias\/industria-cinematografica-pt-br\/women-make-waves-international-film-festival-x-leatai\/\",\"name\":\"Women Make Waves International Film Festival x Leatai - Tornar-se uma vers\u00e3o melhor de si mesmo - Leatai \u2013 Fabricante de cadernos personalizados\",\"isPartOf\":{\"@id\":\"https:\/\/leatai.com\/pt-br\/#website\"},\"primaryImageOfPage\":{\"@id\":\"https:\/\/leatai.com\/pt-br\/product\/colaboracao-entre-industrias\/industria-cinematografica-pt-br\/women-make-waves-international-film-festival-x-leatai\/#primaryimage\"},\"image\":{\"@id\":\"https:\/\/leatai.com\/pt-br\/product\/colaboracao-entre-industrias\/industria-cinematografica-pt-br\/women-make-waves-international-film-festival-x-leatai\/#primaryimage\"},\"thumbnailUrl\":\"https:\/\/leatai.com\/wp-content\/uploads\/2020_04_25_1743240.jpg\",\"datePublished\":\"2021-06-24T05:23:56+00:00\",\"dateModified\":\"2025-11-28T05:38:18+00:00\",\"description\":\"O Festival de Cinema Feminino adota \u201cControle\u201d Beyond Control como tema, apresentando, por meio de diferentes se\u00e7\u00f5es, as maneiras pelas quais as mulheres buscam e compreendem o poder de controle, usando a linguagem suave da arte para expressar essa poderosa espiritualidade. Beyond Control \u2013 o controle j\u00e1 foi uma forma de pris\u00e3o, mas tamb\u00e9m uma nova postura.\",\"breadcrumb\":{\"@id\":\"https:\/\/leatai.com\/pt-br\/product\/colaboracao-entre-industrias\/industria-cinematografica-pt-br\/women-make-waves-international-film-festival-x-leatai\/#breadcrumb\"},\"inLanguage\":\"pt-BR\",\"potentialAction\":[{\"@type\":\"ReadAction\",\"target\":[\"https:\/\/leatai.com\/pt-br\/product\/colaboracao-entre-industrias\/industria-cinematografica-pt-br\/women-make-waves-international-film-festival-x-leatai\/\"]}]},{\"@type\":\"ImageObject\",\"inLanguage\":\"pt-BR\",\"@id\":\"https:\/\/leatai.com\/pt-br\/product\/colaboracao-entre-industrias\/industria-cinematografica-pt-br\/women-make-waves-international-film-festival-x-leatai\/#primaryimage\",\"url\":\"https:\/\/leatai.com\/wp-content\/uploads\/2020_04_25_1743240.jpg\",\"contentUrl\":\"https:\/\/leatai.com\/wp-content\/uploads\/2020_04_25_1743240.jpg\",\"width\":1000,\"height\":750},{\"@type\":\"BreadcrumbList\",\"@id\":\"https:\/\/leatai.com\/pt-br\/product\/colaboracao-entre-industrias\/industria-cinematografica-pt-br\/women-make-waves-international-film-festival-x-leatai\/#breadcrumb\",\"itemListElement\":[{\"@type\":\"ListItem\",\"position\":1,\"name\":\"Home\",\"item\":\"https:\/\/leatai.com\/pt-br\/\"},{\"@type\":\"ListItem\",\"position\":2,\"name\":\"Apresenta\u00e7\u00e3o de produtos\",\"item\":\"https:\/\/leatai.com\/products\/\"},{\"@type\":\"ListItem\",\"position\":3,\"name\":\"Colabora\u00e7\u00e3o entre Ind\u00fastrias\",\"item\":\"https:\/\/leatai.com\/pt-br\/categoria-produto\/colaboracao-entre-industrias\/\"},{\"@type\":\"ListItem\",\"position\":4,\"name\":\"Ind\u00fastria Cinematogr\u00e1fica\",\"item\":\"https:\/\/leatai.com\/pt-br\/categoria-produto\/colaboracao-entre-industrias\/industria-cinematografica-pt-br\/\"},{\"@type\":\"ListItem\",\"position\":5,\"name\":\"Women Make Waves International Film Festival x Leatai\"}]},{\"@type\":\"WebSite\",\"@id\":\"https:\/\/leatai.com\/pt-br\/#website\",\"url\":\"https:\/\/leatai.com\/pt-br\/\",\"name\":\"Leatai \u2013 Fabricante de cadernos personalizados\",\"description\":\"A Leatai fornece cadernos e planejadores personalizados para marcas e distribuidores em todo o mundo.\",\"publisher\":{\"@id\":\"https:\/\/leatai.com\/pt-br\/#organization\"},\"potentialAction\":[{\"@type\":\"SearchAction\",\"target\":{\"@type\":\"EntryPoint\",\"urlTemplate\":\"https:\/\/leatai.com\/pt-br\/?s={search_term_string}\"},\"query-input\":{\"@type\":\"PropertyValueSpecification\",\"valueRequired\":true,\"valueName\":\"search_term_string\"}}],\"inLanguage\":\"pt-BR\"},{\"@type\":\"Organization\",\"@id\":\"https:\/\/leatai.com\/pt-br\/#organization\",\"name\":\"Leatai Diary, customized journal and business organizer\",\"url\":\"https:\/\/leatai.com\/pt-br\/\",\"logo\":{\"@type\":\"ImageObject\",\"inLanguage\":\"pt-BR\",\"@id\":\"https:\/\/leatai.com\/pt-br\/#\/schema\/logo\/image\/\",\"url\":\"https:\/\/leatai.com\/wp-content\/uploads\/logo-blue.png\",\"contentUrl\":\"https:\/\/leatai.com\/wp-content\/uploads\/logo-blue.png\",\"width\":230,\"height\":60,\"caption\":\"Leatai Diary, customized journal and business organizer\"},\"image\":{\"@id\":\"https:\/\/leatai.com\/pt-br\/#\/schema\/logo\/image\/\"}}]}<\/script>\n<!-- \/ Yoast SEO plugin. -->","yoast_head_json":{"title":"Women Make Waves International Film Festival x Leatai - Tornar-se uma vers\u00e3o melhor de si mesmo - Leatai \u2013 Fabricante de cadernos personalizados","description":"O Festival de Cinema Feminino adota \u201cControle\u201d Beyond Control como tema, apresentando, por meio de diferentes se\u00e7\u00f5es, as maneiras pelas quais as mulheres buscam e compreendem o poder de controle, usando a linguagem suave da arte para expressar essa poderosa espiritualidade. Beyond Control \u2013 o controle j\u00e1 foi uma forma de pris\u00e3o, mas tamb\u00e9m uma nova postura.","robots":{"index":"index","follow":"follow","max-snippet":"max-snippet:-1","max-image-preview":"max-image-preview:large","max-video-preview":"max-video-preview:-1"},"canonical":"https:\/\/leatai.com\/pt-br\/product\/colaboracao-entre-industrias\/industria-cinematografica-pt-br\/women-make-waves-international-film-festival-x-leatai\/","og_locale":"pt_BR","og_type":"article","og_title":"Women Make Waves International Film Festival x Leatai - Tornar-se uma vers\u00e3o melhor de si mesmo - Leatai \u2013 Fabricante de cadernos personalizados","og_description":"O Festival de Cinema Feminino adota \u201cControle\u201d Beyond Control como tema, apresentando, por meio de diferentes se\u00e7\u00f5es, as maneiras pelas quais as mulheres buscam e compreendem o poder de controle, usando a linguagem suave da arte para expressar essa poderosa espiritualidade. Beyond Control \u2013 o controle j\u00e1 foi uma forma de pris\u00e3o, mas tamb\u00e9m uma nova postura.","og_url":"https:\/\/leatai.com\/pt-br\/product\/colaboracao-entre-industrias\/industria-cinematografica-pt-br\/women-make-waves-international-film-festival-x-leatai\/","og_site_name":"Leatai \u2013 Fabricante de cadernos personalizados","article_modified_time":"2025-11-28T05:38:18+00:00","og_image":[{"width":1000,"height":750,"url":"https:\/\/leatai.com\/wp-content\/uploads\/2020_04_25_1743240.jpg","type":"image\/jpeg"}],"twitter_card":"summary_large_image","twitter_misc":{"Est. tempo de leitura":"2 minutos"},"schema":{"@context":"https:\/\/schema.org","@graph":[{"@type":"WebPage","@id":"https:\/\/leatai.com\/pt-br\/product\/colaboracao-entre-industrias\/industria-cinematografica-pt-br\/women-make-waves-international-film-festival-x-leatai\/","url":"https:\/\/leatai.com\/pt-br\/product\/colaboracao-entre-industrias\/industria-cinematografica-pt-br\/women-make-waves-international-film-festival-x-leatai\/","name":"Women Make Waves International Film Festival x Leatai - Tornar-se uma vers\u00e3o melhor de si mesmo - Leatai \u2013 Fabricante de cadernos personalizados","isPartOf":{"@id":"https:\/\/leatai.com\/pt-br\/#website"},"primaryImageOfPage":{"@id":"https:\/\/leatai.com\/pt-br\/product\/colaboracao-entre-industrias\/industria-cinematografica-pt-br\/women-make-waves-international-film-festival-x-leatai\/#primaryimage"},"image":{"@id":"https:\/\/leatai.com\/pt-br\/product\/colaboracao-entre-industrias\/industria-cinematografica-pt-br\/women-make-waves-international-film-festival-x-leatai\/#primaryimage"},"thumbnailUrl":"https:\/\/leatai.com\/wp-content\/uploads\/2020_04_25_1743240.jpg","datePublished":"2021-06-24T05:23:56+00:00","dateModified":"2025-11-28T05:38:18+00:00","description":"O Festival de Cinema Feminino adota \u201cControle\u201d Beyond Control como tema, apresentando, por meio de diferentes se\u00e7\u00f5es, as maneiras pelas quais as mulheres buscam e compreendem o poder de controle, usando a linguagem suave da arte para expressar essa poderosa espiritualidade. Beyond Control \u2013 o controle j\u00e1 foi uma forma de pris\u00e3o, mas tamb\u00e9m uma nova postura.","breadcrumb":{"@id":"https:\/\/leatai.com\/pt-br\/product\/colaboracao-entre-industrias\/industria-cinematografica-pt-br\/women-make-waves-international-film-festival-x-leatai\/#breadcrumb"},"inLanguage":"pt-BR","potentialAction":[{"@type":"ReadAction","target":["https:\/\/leatai.com\/pt-br\/product\/colaboracao-entre-industrias\/industria-cinematografica-pt-br\/women-make-waves-international-film-festival-x-leatai\/"]}]},{"@type":"ImageObject","inLanguage":"pt-BR","@id":"https:\/\/leatai.com\/pt-br\/product\/colaboracao-entre-industrias\/industria-cinematografica-pt-br\/women-make-waves-international-film-festival-x-leatai\/#primaryimage","url":"https:\/\/leatai.com\/wp-content\/uploads\/2020_04_25_1743240.jpg","contentUrl":"https:\/\/leatai.com\/wp-content\/uploads\/2020_04_25_1743240.jpg","width":1000,"height":750},{"@type":"BreadcrumbList","@id":"https:\/\/leatai.com\/pt-br\/product\/colaboracao-entre-industrias\/industria-cinematografica-pt-br\/women-make-waves-international-film-festival-x-leatai\/#breadcrumb","itemListElement":[{"@type":"ListItem","position":1,"name":"Home","item":"https:\/\/leatai.com\/pt-br\/"},{"@type":"ListItem","position":2,"name":"Apresenta\u00e7\u00e3o de produtos","item":"https:\/\/leatai.com\/products\/"},{"@type":"ListItem","position":3,"name":"Colabora\u00e7\u00e3o entre Ind\u00fastrias","item":"https:\/\/leatai.com\/pt-br\/categoria-produto\/colaboracao-entre-industrias\/"},{"@type":"ListItem","position":4,"name":"Ind\u00fastria Cinematogr\u00e1fica","item":"https:\/\/leatai.com\/pt-br\/categoria-produto\/colaboracao-entre-industrias\/industria-cinematografica-pt-br\/"},{"@type":"ListItem","position":5,"name":"Women Make Waves International Film Festival x Leatai"}]},{"@type":"WebSite","@id":"https:\/\/leatai.com\/pt-br\/#website","url":"https:\/\/leatai.com\/pt-br\/","name":"Leatai \u2013 Fabricante de cadernos personalizados","description":"A Leatai fornece cadernos e planejadores personalizados para marcas e distribuidores em todo o mundo.","publisher":{"@id":"https:\/\/leatai.com\/pt-br\/#organization"},"potentialAction":[{"@type":"SearchAction","target":{"@type":"EntryPoint","urlTemplate":"https:\/\/leatai.com\/pt-br\/?s={search_term_string}"},"query-input":{"@type":"PropertyValueSpecification","valueRequired":true,"valueName":"search_term_string"}}],"inLanguage":"pt-BR"},{"@type":"Organization","@id":"https:\/\/leatai.com\/pt-br\/#organization","name":"Leatai Diary, customized journal and business organizer","url":"https:\/\/leatai.com\/pt-br\/","logo":{"@type":"ImageObject","inLanguage":"pt-BR","@id":"https:\/\/leatai.com\/pt-br\/#\/schema\/logo\/image\/","url":"https:\/\/leatai.com\/wp-content\/uploads\/logo-blue.png","contentUrl":"https:\/\/leatai.com\/wp-content\/uploads\/logo-blue.png","width":230,"height":60,"caption":"Leatai Diary, customized journal and business organizer"},"image":{"@id":"https:\/\/leatai.com\/pt-br\/#\/schema\/logo\/image\/"}}]}},"_links":{"self":[{"href":"https:\/\/leatai.com\/pt-br\/wp-json\/wp\/v2\/product\/233766","targetHints":{"allow":["GET"]}}],"collection":[{"href":"https:\/\/leatai.com\/pt-br\/wp-json\/wp\/v2\/product"}],"about":[{"href":"https:\/\/leatai.com\/pt-br\/wp-json\/wp\/v2\/types\/product"}],"wp:featuredmedia":[{"embeddable":true,"href":"https:\/\/leatai.com\/pt-br\/wp-json\/wp\/v2\/media\/233767"}],"wp:attachment":[{"href":"https:\/\/leatai.com\/pt-br\/wp-json\/wp\/v2\/media?parent=233766"}],"wp:term":[{"taxonomy":"product_brand","embeddable":true,"href":"https:\/\/leatai.com\/pt-br\/wp-json\/wp\/v2\/product_brand?post=233766"},{"taxonomy":"product_cat","embeddable":true,"href":"https:\/\/leatai.com\/pt-br\/wp-json\/wp\/v2\/product_cat?post=233766"},{"taxonomy":"product_tag","embeddable":true,"href":"https:\/\/leatai.com\/pt-br\/wp-json\/wp\/v2\/product_tag?post=233766"},{"taxonomy":"home_works","embeddable":true,"href":"https:\/\/leatai.com\/pt-br\/wp-json\/wp\/v2\/home_works?post=233766"}],"curies":[{"name":"wp","href":"https:\/\/api.w.org\/{rel}","templated":true}]}}