{"id":233756,"date":"2021-06-24T13:24:25","date_gmt":"2021-06-24T05:24:25","guid":{"rendered":"https:\/\/leatai.com\/product\/sem%20categoria\/cola-films-x-leatai\/"},"modified":"2025-11-28T13:38:32","modified_gmt":"2025-11-28T05:38:32","slug":"cola-films-x-leatai","status":"publish","type":"product","link":"https:\/\/leatai.com\/pt-br\/product\/colaboracao-entre-industrias\/industria-cinematografica-pt-br\/cola-films-x-leatai\/","title":{"rendered":"Cola films x Leatai"},"content":{"rendered":"<p>O mais belo cl\u00e1ssico rom\u00e2ntico imperd\u00edvel do renomado diretor japon\u00eas de filmes juvenis Shunji Iwai retorna \u00e0 tela grande em Taiwan para comemorar o 20\u00ba anivers\u00e1rio de seu lan\u00e7amento, reacendendo a onda de nostalgia da era dos dramas japoneses!<\/p>\n<p>\u201cUma carta enviada ao c\u00e9u abriu duas hist\u00f3rias de amor inesquec\u00edveis&#8230;\u201d<\/p>\n","protected":false},"excerpt":{"rendered":"<p>O mais belo cl\u00e1ssico rom\u00e2ntico imperd\u00edvel do renomado diretor japon\u00eas de filmes juvenis Shunji Iwai retorna \u00e0 tela grande em Taiwan para comemorar o 20\u00ba anivers\u00e1rio de seu lan\u00e7amento, reacendendo a onda de nostalgia da era dos dramas japoneses! \u201cUma carta enviada ao c\u00e9u abriu duas hist\u00f3rias de amor inesquec\u00edveis&#8230;\u201d<\/p>\n","protected":false},"featured_media":233757,"template":"","meta":{"_acf_changed":false},"product_brand":[],"product_cat":[1094],"product_tag":[],"home_works":[],"class_list":{"0":"post-233756","1":"product","2":"type-product","3":"status-publish","4":"has-post-thumbnail","6":"product_cat-industria-cinematografica-pt-br","8":"first","9":"instock","10":"sold-individually","11":"shipping-taxable","12":"purchasable","13":"product-type-simple"},"acf":[],"yoast_head":"<!-- This site is optimized with the Yoast SEO plugin v27.2 - https:\/\/yoast.com\/product\/yoast-seo-wordpress\/ -->\n<title>Cola films x Leatai - Caderno colaborativo de cl\u00e1ssicos reimaginados - Leatai \u2013 Fabricante de cadernos personalizados<\/title>\n<meta name=\"description\" content=\"O mais belo cl\u00e1ssico rom\u00e2ntico do renomado diretor japon\u00eas de filmes juvenis Shunji Iwai retorna \u00e0 tela grande em Taiwan para comemorar o 20\u00ba anivers\u00e1rio de seu lan\u00e7amento, reacendendo a onda de nostalgia da era dos dramas japoneses! \u201cUma carta enviada ao c\u00e9u abriu duas hist\u00f3rias de amor inesquec\u00edveis...\u201d\" \/>\n<meta name=\"robots\" content=\"index, follow, max-snippet:-1, max-image-preview:large, max-video-preview:-1\" \/>\n<link rel=\"canonical\" href=\"https:\/\/leatai.com\/pt-br\/product\/colaboracao-entre-industrias\/industria-cinematografica-pt-br\/cola-films-x-leatai\/\" \/>\n<meta property=\"og:locale\" content=\"pt_BR\" \/>\n<meta property=\"og:type\" content=\"article\" \/>\n<meta property=\"og:title\" content=\"Cola films x Leatai - Caderno colaborativo de cl\u00e1ssicos reimaginados - Leatai \u2013 Fabricante de cadernos personalizados\" \/>\n<meta property=\"og:description\" content=\"O mais belo cl\u00e1ssico rom\u00e2ntico do renomado diretor japon\u00eas de filmes juvenis Shunji Iwai retorna \u00e0 tela grande em Taiwan para comemorar o 20\u00ba anivers\u00e1rio de seu lan\u00e7amento, reacendendo a onda de nostalgia da era dos dramas japoneses! \u201cUma carta enviada ao c\u00e9u abriu duas hist\u00f3rias de amor inesquec\u00edveis...\u201d\" \/>\n<meta property=\"og:url\" content=\"https:\/\/leatai.com\/pt-br\/product\/colaboracao-entre-industrias\/industria-cinematografica-pt-br\/cola-films-x-leatai\/\" \/>\n<meta property=\"og:site_name\" content=\"Leatai \u2013 Fabricante de cadernos personalizados\" \/>\n<meta property=\"article:modified_time\" content=\"2025-11-28T05:38:32+00:00\" \/>\n<meta property=\"og:image\" content=\"https:\/\/leatai.com\/wp-content\/uploads\/2020_06_17_1147370.jpg\" \/>\n\t<meta property=\"og:image:width\" content=\"1000\" \/>\n\t<meta property=\"og:image:height\" content=\"750\" \/>\n\t<meta property=\"og:image:type\" content=\"image\/jpeg\" \/>\n<meta name=\"twitter:card\" content=\"summary_large_image\" \/>\n<meta name=\"twitter:label1\" content=\"Est. tempo de leitura\" \/>\n\t<meta name=\"twitter:data1\" content=\"1 minuto\" \/>\n<script type=\"application\/ld+json\" class=\"yoast-schema-graph\">{\"@context\":\"https:\/\/schema.org\",\"@graph\":[{\"@type\":\"WebPage\",\"@id\":\"https:\/\/leatai.com\/pt-br\/product\/colaboracao-entre-industrias\/industria-cinematografica-pt-br\/cola-films-x-leatai\/\",\"url\":\"https:\/\/leatai.com\/pt-br\/product\/colaboracao-entre-industrias\/industria-cinematografica-pt-br\/cola-films-x-leatai\/\",\"name\":\"Cola films x Leatai - Caderno colaborativo de cl\u00e1ssicos reimaginados - Leatai \u2013 Fabricante de cadernos personalizados\",\"isPartOf\":{\"@id\":\"https:\/\/leatai.com\/pt-br\/#website\"},\"primaryImageOfPage\":{\"@id\":\"https:\/\/leatai.com\/pt-br\/product\/colaboracao-entre-industrias\/industria-cinematografica-pt-br\/cola-films-x-leatai\/#primaryimage\"},\"image\":{\"@id\":\"https:\/\/leatai.com\/pt-br\/product\/colaboracao-entre-industrias\/industria-cinematografica-pt-br\/cola-films-x-leatai\/#primaryimage\"},\"thumbnailUrl\":\"https:\/\/leatai.com\/wp-content\/uploads\/2020_06_17_1147370.jpg\",\"datePublished\":\"2021-06-24T05:24:25+00:00\",\"dateModified\":\"2025-11-28T05:38:32+00:00\",\"description\":\"O mais belo cl\u00e1ssico rom\u00e2ntico do renomado diretor japon\u00eas de filmes juvenis Shunji Iwai retorna \u00e0 tela grande em Taiwan para comemorar o 20\u00ba anivers\u00e1rio de seu lan\u00e7amento, reacendendo a onda de nostalgia da era dos dramas japoneses! \u201cUma carta enviada ao c\u00e9u abriu duas hist\u00f3rias de amor inesquec\u00edveis...\u201d\",\"breadcrumb\":{\"@id\":\"https:\/\/leatai.com\/pt-br\/product\/colaboracao-entre-industrias\/industria-cinematografica-pt-br\/cola-films-x-leatai\/#breadcrumb\"},\"inLanguage\":\"pt-BR\",\"potentialAction\":[{\"@type\":\"ReadAction\",\"target\":[\"https:\/\/leatai.com\/pt-br\/product\/colaboracao-entre-industrias\/industria-cinematografica-pt-br\/cola-films-x-leatai\/\"]}]},{\"@type\":\"ImageObject\",\"inLanguage\":\"pt-BR\",\"@id\":\"https:\/\/leatai.com\/pt-br\/product\/colaboracao-entre-industrias\/industria-cinematografica-pt-br\/cola-films-x-leatai\/#primaryimage\",\"url\":\"https:\/\/leatai.com\/wp-content\/uploads\/2020_06_17_1147370.jpg\",\"contentUrl\":\"https:\/\/leatai.com\/wp-content\/uploads\/2020_06_17_1147370.jpg\",\"width\":1000,\"height\":750,\"caption\":\"Caderno colaborativo\"},{\"@type\":\"BreadcrumbList\",\"@id\":\"https:\/\/leatai.com\/pt-br\/product\/colaboracao-entre-industrias\/industria-cinematografica-pt-br\/cola-films-x-leatai\/#breadcrumb\",\"itemListElement\":[{\"@type\":\"ListItem\",\"position\":1,\"name\":\"Home\",\"item\":\"https:\/\/leatai.com\/pt-br\/\"},{\"@type\":\"ListItem\",\"position\":2,\"name\":\"Apresenta\u00e7\u00e3o de produtos\",\"item\":\"https:\/\/leatai.com\/products\/\"},{\"@type\":\"ListItem\",\"position\":3,\"name\":\"Colabora\u00e7\u00e3o entre Ind\u00fastrias\",\"item\":\"https:\/\/leatai.com\/pt-br\/categoria-produto\/colaboracao-entre-industrias\/\"},{\"@type\":\"ListItem\",\"position\":4,\"name\":\"Ind\u00fastria Cinematogr\u00e1fica\",\"item\":\"https:\/\/leatai.com\/pt-br\/categoria-produto\/colaboracao-entre-industrias\/industria-cinematografica-pt-br\/\"},{\"@type\":\"ListItem\",\"position\":5,\"name\":\"Cola films x Leatai\"}]},{\"@type\":\"WebSite\",\"@id\":\"https:\/\/leatai.com\/pt-br\/#website\",\"url\":\"https:\/\/leatai.com\/pt-br\/\",\"name\":\"Leatai \u2013 Fabricante de cadernos personalizados\",\"description\":\"A Leatai fornece cadernos e planejadores personalizados para marcas e distribuidores em todo o mundo.\",\"publisher\":{\"@id\":\"https:\/\/leatai.com\/pt-br\/#organization\"},\"potentialAction\":[{\"@type\":\"SearchAction\",\"target\":{\"@type\":\"EntryPoint\",\"urlTemplate\":\"https:\/\/leatai.com\/pt-br\/?s={search_term_string}\"},\"query-input\":{\"@type\":\"PropertyValueSpecification\",\"valueRequired\":true,\"valueName\":\"search_term_string\"}}],\"inLanguage\":\"pt-BR\"},{\"@type\":\"Organization\",\"@id\":\"https:\/\/leatai.com\/pt-br\/#organization\",\"name\":\"Leatai Diary, customized journal and business organizer\",\"url\":\"https:\/\/leatai.com\/pt-br\/\",\"logo\":{\"@type\":\"ImageObject\",\"inLanguage\":\"pt-BR\",\"@id\":\"https:\/\/leatai.com\/pt-br\/#\/schema\/logo\/image\/\",\"url\":\"https:\/\/leatai.com\/wp-content\/uploads\/logo-blue.png\",\"contentUrl\":\"https:\/\/leatai.com\/wp-content\/uploads\/logo-blue.png\",\"width\":230,\"height\":60,\"caption\":\"Leatai Diary, customized journal and business organizer\"},\"image\":{\"@id\":\"https:\/\/leatai.com\/pt-br\/#\/schema\/logo\/image\/\"}}]}<\/script>\n<!-- \/ Yoast SEO plugin. -->","yoast_head_json":{"title":"Cola films x Leatai - Caderno colaborativo de cl\u00e1ssicos reimaginados - Leatai \u2013 Fabricante de cadernos personalizados","description":"O mais belo cl\u00e1ssico rom\u00e2ntico do renomado diretor japon\u00eas de filmes juvenis Shunji Iwai retorna \u00e0 tela grande em Taiwan para comemorar o 20\u00ba anivers\u00e1rio de seu lan\u00e7amento, reacendendo a onda de nostalgia da era dos dramas japoneses! \u201cUma carta enviada ao c\u00e9u abriu duas hist\u00f3rias de amor inesquec\u00edveis...\u201d","robots":{"index":"index","follow":"follow","max-snippet":"max-snippet:-1","max-image-preview":"max-image-preview:large","max-video-preview":"max-video-preview:-1"},"canonical":"https:\/\/leatai.com\/pt-br\/product\/colaboracao-entre-industrias\/industria-cinematografica-pt-br\/cola-films-x-leatai\/","og_locale":"pt_BR","og_type":"article","og_title":"Cola films x Leatai - Caderno colaborativo de cl\u00e1ssicos reimaginados - Leatai \u2013 Fabricante de cadernos personalizados","og_description":"O mais belo cl\u00e1ssico rom\u00e2ntico do renomado diretor japon\u00eas de filmes juvenis Shunji Iwai retorna \u00e0 tela grande em Taiwan para comemorar o 20\u00ba anivers\u00e1rio de seu lan\u00e7amento, reacendendo a onda de nostalgia da era dos dramas japoneses! \u201cUma carta enviada ao c\u00e9u abriu duas hist\u00f3rias de amor inesquec\u00edveis...\u201d","og_url":"https:\/\/leatai.com\/pt-br\/product\/colaboracao-entre-industrias\/industria-cinematografica-pt-br\/cola-films-x-leatai\/","og_site_name":"Leatai \u2013 Fabricante de cadernos personalizados","article_modified_time":"2025-11-28T05:38:32+00:00","og_image":[{"width":1000,"height":750,"url":"https:\/\/leatai.com\/wp-content\/uploads\/2020_06_17_1147370.jpg","type":"image\/jpeg"}],"twitter_card":"summary_large_image","twitter_misc":{"Est. tempo de leitura":"1 minuto"},"schema":{"@context":"https:\/\/schema.org","@graph":[{"@type":"WebPage","@id":"https:\/\/leatai.com\/pt-br\/product\/colaboracao-entre-industrias\/industria-cinematografica-pt-br\/cola-films-x-leatai\/","url":"https:\/\/leatai.com\/pt-br\/product\/colaboracao-entre-industrias\/industria-cinematografica-pt-br\/cola-films-x-leatai\/","name":"Cola films x Leatai - Caderno colaborativo de cl\u00e1ssicos reimaginados - Leatai \u2013 Fabricante de cadernos personalizados","isPartOf":{"@id":"https:\/\/leatai.com\/pt-br\/#website"},"primaryImageOfPage":{"@id":"https:\/\/leatai.com\/pt-br\/product\/colaboracao-entre-industrias\/industria-cinematografica-pt-br\/cola-films-x-leatai\/#primaryimage"},"image":{"@id":"https:\/\/leatai.com\/pt-br\/product\/colaboracao-entre-industrias\/industria-cinematografica-pt-br\/cola-films-x-leatai\/#primaryimage"},"thumbnailUrl":"https:\/\/leatai.com\/wp-content\/uploads\/2020_06_17_1147370.jpg","datePublished":"2021-06-24T05:24:25+00:00","dateModified":"2025-11-28T05:38:32+00:00","description":"O mais belo cl\u00e1ssico rom\u00e2ntico do renomado diretor japon\u00eas de filmes juvenis Shunji Iwai retorna \u00e0 tela grande em Taiwan para comemorar o 20\u00ba anivers\u00e1rio de seu lan\u00e7amento, reacendendo a onda de nostalgia da era dos dramas japoneses! \u201cUma carta enviada ao c\u00e9u abriu duas hist\u00f3rias de amor inesquec\u00edveis...\u201d","breadcrumb":{"@id":"https:\/\/leatai.com\/pt-br\/product\/colaboracao-entre-industrias\/industria-cinematografica-pt-br\/cola-films-x-leatai\/#breadcrumb"},"inLanguage":"pt-BR","potentialAction":[{"@type":"ReadAction","target":["https:\/\/leatai.com\/pt-br\/product\/colaboracao-entre-industrias\/industria-cinematografica-pt-br\/cola-films-x-leatai\/"]}]},{"@type":"ImageObject","inLanguage":"pt-BR","@id":"https:\/\/leatai.com\/pt-br\/product\/colaboracao-entre-industrias\/industria-cinematografica-pt-br\/cola-films-x-leatai\/#primaryimage","url":"https:\/\/leatai.com\/wp-content\/uploads\/2020_06_17_1147370.jpg","contentUrl":"https:\/\/leatai.com\/wp-content\/uploads\/2020_06_17_1147370.jpg","width":1000,"height":750,"caption":"Caderno colaborativo"},{"@type":"BreadcrumbList","@id":"https:\/\/leatai.com\/pt-br\/product\/colaboracao-entre-industrias\/industria-cinematografica-pt-br\/cola-films-x-leatai\/#breadcrumb","itemListElement":[{"@type":"ListItem","position":1,"name":"Home","item":"https:\/\/leatai.com\/pt-br\/"},{"@type":"ListItem","position":2,"name":"Apresenta\u00e7\u00e3o de produtos","item":"https:\/\/leatai.com\/products\/"},{"@type":"ListItem","position":3,"name":"Colabora\u00e7\u00e3o entre Ind\u00fastrias","item":"https:\/\/leatai.com\/pt-br\/categoria-produto\/colaboracao-entre-industrias\/"},{"@type":"ListItem","position":4,"name":"Ind\u00fastria Cinematogr\u00e1fica","item":"https:\/\/leatai.com\/pt-br\/categoria-produto\/colaboracao-entre-industrias\/industria-cinematografica-pt-br\/"},{"@type":"ListItem","position":5,"name":"Cola films x Leatai"}]},{"@type":"WebSite","@id":"https:\/\/leatai.com\/pt-br\/#website","url":"https:\/\/leatai.com\/pt-br\/","name":"Leatai \u2013 Fabricante de cadernos personalizados","description":"A Leatai fornece cadernos e planejadores personalizados para marcas e distribuidores em todo o mundo.","publisher":{"@id":"https:\/\/leatai.com\/pt-br\/#organization"},"potentialAction":[{"@type":"SearchAction","target":{"@type":"EntryPoint","urlTemplate":"https:\/\/leatai.com\/pt-br\/?s={search_term_string}"},"query-input":{"@type":"PropertyValueSpecification","valueRequired":true,"valueName":"search_term_string"}}],"inLanguage":"pt-BR"},{"@type":"Organization","@id":"https:\/\/leatai.com\/pt-br\/#organization","name":"Leatai Diary, customized journal and business organizer","url":"https:\/\/leatai.com\/pt-br\/","logo":{"@type":"ImageObject","inLanguage":"pt-BR","@id":"https:\/\/leatai.com\/pt-br\/#\/schema\/logo\/image\/","url":"https:\/\/leatai.com\/wp-content\/uploads\/logo-blue.png","contentUrl":"https:\/\/leatai.com\/wp-content\/uploads\/logo-blue.png","width":230,"height":60,"caption":"Leatai Diary, customized journal and business organizer"},"image":{"@id":"https:\/\/leatai.com\/pt-br\/#\/schema\/logo\/image\/"}}]}},"_links":{"self":[{"href":"https:\/\/leatai.com\/pt-br\/wp-json\/wp\/v2\/product\/233756","targetHints":{"allow":["GET"]}}],"collection":[{"href":"https:\/\/leatai.com\/pt-br\/wp-json\/wp\/v2\/product"}],"about":[{"href":"https:\/\/leatai.com\/pt-br\/wp-json\/wp\/v2\/types\/product"}],"wp:featuredmedia":[{"embeddable":true,"href":"https:\/\/leatai.com\/pt-br\/wp-json\/wp\/v2\/media\/233757"}],"wp:attachment":[{"href":"https:\/\/leatai.com\/pt-br\/wp-json\/wp\/v2\/media?parent=233756"}],"wp:term":[{"taxonomy":"product_brand","embeddable":true,"href":"https:\/\/leatai.com\/pt-br\/wp-json\/wp\/v2\/product_brand?post=233756"},{"taxonomy":"product_cat","embeddable":true,"href":"https:\/\/leatai.com\/pt-br\/wp-json\/wp\/v2\/product_cat?post=233756"},{"taxonomy":"product_tag","embeddable":true,"href":"https:\/\/leatai.com\/pt-br\/wp-json\/wp\/v2\/product_tag?post=233756"},{"taxonomy":"home_works","embeddable":true,"href":"https:\/\/leatai.com\/pt-br\/wp-json\/wp\/v2\/home_works?post=233756"}],"curies":[{"name":"wp","href":"https:\/\/api.w.org\/{rel}","templated":true}]}}