{"id":233734,"date":"2021-06-24T13:17:31","date_gmt":"2021-06-24T05:17:31","guid":{"rendered":"https:\/\/leatai.com\/product\/sem%20categoria\/lgp-plano-mensal-em-formato-de-notas-a48k\/"},"modified":"2025-11-27T13:59:29","modified_gmt":"2025-11-27T05:59:29","slug":"lgp-plano-mensal-em-formato-de-notas-a48k","status":"publish","type":"product","link":"https:\/\/leatai.com\/pt-br\/product\/formato-da-pagina-interna\/paginas-internas-48k\/lgp-plano-mensal-em-formato-de-notas-a48k\/","title":{"rendered":"LGP \u2013 Plano mensal em formato de notas \u2013 A48K"},"content":{"rendered":"<p>Papel: Papel branco Daolin<br \/>\nTamanho:<a href=\"https:\/\/leatai.com\/pt-br\/faq\/quais-sao-os-tamanhos-de-planejadores-8k-16k-e-25k-qual-e-o-tamanho-deles\/\" target=\"_blank\" rel=\"noopener\">48K<\/a><a href=\"https:\/\/leatai.com\/pt-br\/faq\/quais-sao-os-tamanhos-de-planejadores-8k-16k-e-25k-qual-e-o-tamanho-deles\/\" target=\"_blank\" rel=\"noopener\">\u00a0(descri\u00e7\u00e3o detalhada e tabela de compara\u00e7\u00e3o dos tamanhos do di\u00e1rio comercial)<\/a><br \/>\nEspessura: 70 libras (80 folhas, 160 p\u00e1ginas por caderno)<br \/>\nImpress\u00e3o: bicolor<br \/>\nConte\u00fado: calend\u00e1rio anual + tabela de planejamento mensal + p\u00e1ginas de notas com linhas + p\u00e1ginas de informa\u00e7\u00f5es<\/p>\n<p>P.1 Lista de feriados e datas comemorativas<br \/>\nP.2~P.3 Calend\u00e1rio anual<br \/>\nP.4~P.5 Tabela de planejamento anual<br \/>\nP.6~P.29 Planejamento mensal (janeiro a dezembro do ano vigente, cada m\u00eas em duas p\u00e1ginas)<br \/>\nP.30~P.143 P\u00e1ginas de notas com linhas<br \/>\nP.144~P.160 Se\u00e7\u00e3o de informa\u00e7\u00f5es (lista de contatos, mapa do metr\u00f4, mapa das rodovias, c\u00f3digos internacionais de cidades, c\u00f3digos telef\u00f4nicos de cidades da China continental, c\u00f3digos postais, telefones de servi\u00e7os de transporte, lista de n\u00fameros de servi\u00e7os, diret\u00f3rio de companhias a\u00e9reas internacionais, tabela de convers\u00e3o de unidades, tabela de volumes, ficha de dados pessoais)<\/p>\n","protected":false},"excerpt":{"rendered":"<p>Papel: Papel branco Daolin Tamanho:48K\u00a0(descri\u00e7\u00e3o detalhada e tabela de compara\u00e7\u00e3o dos tamanhos do di\u00e1rio comercial) Espessura: 70 libras (80 folhas, 160 p\u00e1ginas por caderno) Impress\u00e3o: bicolor Conte\u00fado: calend\u00e1rio anual + tabela de planejamento mensal + p\u00e1ginas de notas com linhas + p\u00e1ginas de informa\u00e7\u00f5es P.1 Lista de feriados e datas comemorativas P.2~P.3 Calend\u00e1rio anual P.4~P.5 [&hellip;]<\/p>\n","protected":false},"featured_media":233735,"template":"","meta":{"_acf_changed":false},"product_brand":[],"product_cat":[977,1029],"product_tag":[1614,1608],"home_works":[],"class_list":{"0":"post-233734","1":"product","2":"type-product","3":"status-publish","4":"has-post-thumbnail","6":"product_cat-formato-da-pagina-interna","7":"product_cat-paginas-internas-48k","8":"product_tag-48k","9":"product_tag-paginas-internas-de-agenda-comercial","11":"first","12":"instock","13":"sold-individually","14":"shipping-taxable","15":"purchasable","16":"product-type-simple"},"acf":[],"yoast_head":"<!-- This site is optimized with the Yoast SEO plugin v27.2 - https:\/\/yoast.com\/product\/yoast-seo-wordpress\/ -->\n<title>LGP \u2013 Plano mensal em formato de notas \u2013 A48K - P\u00e1ginas internas do di\u00e1rio comercial - Leatai \u2013 Fabricante de cadernos personalizados<\/title>\n<meta name=\"description\" content=\"Formato das p\u00e1ginas internas do di\u00e1rio comercial: planejamento mensal, Papel: papel branco Daolin, Tamanho: 48K, Espessura: 70 libras (80 folhas, 160 p\u00e1ginas por caderno), Impress\u00e3o: bicolor, Conte\u00fado: calend\u00e1rio anual + tabela de planejamento mensal + p\u00e1ginas de notas com linhas + p\u00e1ginas de informa\u00e7\u00f5es, Um formato interno popular e mainstream.\" \/>\n<meta name=\"robots\" content=\"index, follow, max-snippet:-1, max-image-preview:large, max-video-preview:-1\" \/>\n<link rel=\"canonical\" href=\"https:\/\/leatai.com\/pt-br\/product\/formato-da-pagina-interna\/paginas-internas-48k\/lgp-plano-mensal-em-formato-de-notas-a48k\/\" \/>\n<meta property=\"og:locale\" content=\"pt_BR\" \/>\n<meta property=\"og:type\" content=\"article\" \/>\n<meta property=\"og:title\" content=\"LGP \u2013 Plano mensal em formato de notas \u2013 A48K - P\u00e1ginas internas do di\u00e1rio comercial - Leatai \u2013 Fabricante de cadernos personalizados\" \/>\n<meta property=\"og:description\" content=\"Formato das p\u00e1ginas internas do di\u00e1rio comercial: planejamento mensal, Papel: papel branco Daolin, Tamanho: 48K, Espessura: 70 libras (80 folhas, 160 p\u00e1ginas por caderno), Impress\u00e3o: bicolor, Conte\u00fado: calend\u00e1rio anual + tabela de planejamento mensal + p\u00e1ginas de notas com linhas + p\u00e1ginas de informa\u00e7\u00f5es, Um formato interno popular e mainstream.\" \/>\n<meta property=\"og:url\" content=\"https:\/\/leatai.com\/pt-br\/product\/formato-da-pagina-interna\/paginas-internas-48k\/lgp-plano-mensal-em-formato-de-notas-a48k\/\" \/>\n<meta property=\"og:site_name\" content=\"Leatai \u2013 Fabricante de cadernos personalizados\" \/>\n<meta property=\"article:modified_time\" content=\"2025-11-27T05:59:29+00:00\" \/>\n<meta property=\"og:image\" content=\"https:\/\/leatai.com\/wp-content\/uploads\/2020_02_11_1058570.jpg\" \/>\n\t<meta property=\"og:image:width\" content=\"2312\" \/>\n\t<meta property=\"og:image:height\" content=\"2140\" \/>\n\t<meta property=\"og:image:type\" content=\"image\/jpeg\" \/>\n<meta name=\"twitter:card\" content=\"summary_large_image\" \/>\n<meta name=\"twitter:label1\" content=\"Est. tempo de leitura\" \/>\n\t<meta name=\"twitter:data1\" content=\"1 minuto\" \/>\n<script type=\"application\/ld+json\" class=\"yoast-schema-graph\">{\"@context\":\"https:\/\/schema.org\",\"@graph\":[{\"@type\":\"WebPage\",\"@id\":\"https:\/\/leatai.com\/pt-br\/product\/formato-da-pagina-interna\/paginas-internas-48k\/lgp-plano-mensal-em-formato-de-notas-a48k\/\",\"url\":\"https:\/\/leatai.com\/pt-br\/product\/formato-da-pagina-interna\/paginas-internas-48k\/lgp-plano-mensal-em-formato-de-notas-a48k\/\",\"name\":\"LGP \u2013 Plano mensal em formato de notas \u2013 A48K - P\u00e1ginas internas do di\u00e1rio comercial - Leatai \u2013 Fabricante de cadernos personalizados\",\"isPartOf\":{\"@id\":\"https:\/\/leatai.com\/pt-br\/#website\"},\"primaryImageOfPage\":{\"@id\":\"https:\/\/leatai.com\/pt-br\/product\/formato-da-pagina-interna\/paginas-internas-48k\/lgp-plano-mensal-em-formato-de-notas-a48k\/#primaryimage\"},\"image\":{\"@id\":\"https:\/\/leatai.com\/pt-br\/product\/formato-da-pagina-interna\/paginas-internas-48k\/lgp-plano-mensal-em-formato-de-notas-a48k\/#primaryimage\"},\"thumbnailUrl\":\"https:\/\/leatai.com\/wp-content\/uploads\/2020_02_11_1058570.jpg\",\"datePublished\":\"2021-06-24T05:17:31+00:00\",\"dateModified\":\"2025-11-27T05:59:29+00:00\",\"description\":\"Formato das p\u00e1ginas internas do di\u00e1rio comercial: planejamento mensal, Papel: papel branco Daolin, Tamanho: 48K, Espessura: 70 libras (80 folhas, 160 p\u00e1ginas por caderno), Impress\u00e3o: bicolor, Conte\u00fado: calend\u00e1rio anual + tabela de planejamento mensal + p\u00e1ginas de notas com linhas + p\u00e1ginas de informa\u00e7\u00f5es, Um formato interno popular e mainstream.\",\"breadcrumb\":{\"@id\":\"https:\/\/leatai.com\/pt-br\/product\/formato-da-pagina-interna\/paginas-internas-48k\/lgp-plano-mensal-em-formato-de-notas-a48k\/#breadcrumb\"},\"inLanguage\":\"pt-BR\",\"potentialAction\":[{\"@type\":\"ReadAction\",\"target\":[\"https:\/\/leatai.com\/pt-br\/product\/formato-da-pagina-interna\/paginas-internas-48k\/lgp-plano-mensal-em-formato-de-notas-a48k\/\"]}]},{\"@type\":\"ImageObject\",\"inLanguage\":\"pt-BR\",\"@id\":\"https:\/\/leatai.com\/pt-br\/product\/formato-da-pagina-interna\/paginas-internas-48k\/lgp-plano-mensal-em-formato-de-notas-a48k\/#primaryimage\",\"url\":\"https:\/\/leatai.com\/wp-content\/uploads\/2020_02_11_1058570.jpg\",\"contentUrl\":\"https:\/\/leatai.com\/wp-content\/uploads\/2020_02_11_1058570.jpg\",\"width\":2312,\"height\":2140,\"caption\":\"P\u00e1ginas internas do di\u00e1rio comercial\"},{\"@type\":\"BreadcrumbList\",\"@id\":\"https:\/\/leatai.com\/pt-br\/product\/formato-da-pagina-interna\/paginas-internas-48k\/lgp-plano-mensal-em-formato-de-notas-a48k\/#breadcrumb\",\"itemListElement\":[{\"@type\":\"ListItem\",\"position\":1,\"name\":\"Home\",\"item\":\"https:\/\/leatai.com\/pt-br\/\"},{\"@type\":\"ListItem\",\"position\":2,\"name\":\"Apresenta\u00e7\u00e3o de produtos\",\"item\":\"https:\/\/leatai.com\/products\/\"},{\"@type\":\"ListItem\",\"position\":3,\"name\":\"Formato da P\u00e1gina Interna\",\"item\":\"https:\/\/leatai.com\/pt-br\/categoria-produto\/formato-da-pagina-interna\/\"},{\"@type\":\"ListItem\",\"position\":4,\"name\":\"P\u00e1ginas Internas 48K\",\"item\":\"https:\/\/leatai.com\/pt-br\/categoria-produto\/formato-da-pagina-interna\/paginas-internas-48k\/\"},{\"@type\":\"ListItem\",\"position\":5,\"name\":\"LGP \u2013 Plano mensal em formato de notas \u2013 A48K\"}]},{\"@type\":\"WebSite\",\"@id\":\"https:\/\/leatai.com\/pt-br\/#website\",\"url\":\"https:\/\/leatai.com\/pt-br\/\",\"name\":\"Leatai \u2013 Fabricante de cadernos personalizados\",\"description\":\"A Leatai fornece cadernos e planejadores personalizados para marcas e distribuidores em todo o mundo.\",\"publisher\":{\"@id\":\"https:\/\/leatai.com\/pt-br\/#organization\"},\"potentialAction\":[{\"@type\":\"SearchAction\",\"target\":{\"@type\":\"EntryPoint\",\"urlTemplate\":\"https:\/\/leatai.com\/pt-br\/?s={search_term_string}\"},\"query-input\":{\"@type\":\"PropertyValueSpecification\",\"valueRequired\":true,\"valueName\":\"search_term_string\"}}],\"inLanguage\":\"pt-BR\"},{\"@type\":\"Organization\",\"@id\":\"https:\/\/leatai.com\/pt-br\/#organization\",\"name\":\"Leatai Diary, customized journal and business organizer\",\"url\":\"https:\/\/leatai.com\/pt-br\/\",\"logo\":{\"@type\":\"ImageObject\",\"inLanguage\":\"pt-BR\",\"@id\":\"https:\/\/leatai.com\/pt-br\/#\/schema\/logo\/image\/\",\"url\":\"https:\/\/leatai.com\/wp-content\/uploads\/logo-blue.png\",\"contentUrl\":\"https:\/\/leatai.com\/wp-content\/uploads\/logo-blue.png\",\"width\":230,\"height\":60,\"caption\":\"Leatai Diary, customized journal and business organizer\"},\"image\":{\"@id\":\"https:\/\/leatai.com\/pt-br\/#\/schema\/logo\/image\/\"},\"telephone\":\"+886-2-8227-8800\",\"legalName\":\"Leatai Stationary Co., Ltd.\",\"description\":\"A leading notebook factory in Taiwan offering bespoke branding, high-quality binding, and premium paper selections for corporate gifts and stationery wholesale.\",\"address\":{\"@type\":\"PostalAddress\",\"streetAddress\":\"11F., No. 168, Jiankang Rd.\",\"addressLocality\":\"Zhonghe Dist.\",\"addressRegion\":\"New Taipei City\",\"postalCode\":\"235\",\"addressCountry\":\"TW\"},\"contactPoint\":{\"@type\":\"ContactPoint\",\"telephone\":\"+886-2-8227-8800\",\"contactType\":\"sales\",\"areaServed\":\"Worldwide\",\"availableLanguage\":[\"zh-TW\",\"en\"]}}]}<\/script>\n<!-- \/ Yoast SEO plugin. -->","yoast_head_json":{"title":"LGP \u2013 Plano mensal em formato de notas \u2013 A48K - P\u00e1ginas internas do di\u00e1rio comercial - Leatai \u2013 Fabricante de cadernos personalizados","description":"Formato das p\u00e1ginas internas do di\u00e1rio comercial: planejamento mensal, Papel: papel branco Daolin, Tamanho: 48K, Espessura: 70 libras (80 folhas, 160 p\u00e1ginas por caderno), Impress\u00e3o: bicolor, Conte\u00fado: calend\u00e1rio anual + tabela de planejamento mensal + p\u00e1ginas de notas com linhas + p\u00e1ginas de informa\u00e7\u00f5es, Um formato interno popular e mainstream.","robots":{"index":"index","follow":"follow","max-snippet":"max-snippet:-1","max-image-preview":"max-image-preview:large","max-video-preview":"max-video-preview:-1"},"canonical":"https:\/\/leatai.com\/pt-br\/product\/formato-da-pagina-interna\/paginas-internas-48k\/lgp-plano-mensal-em-formato-de-notas-a48k\/","og_locale":"pt_BR","og_type":"article","og_title":"LGP \u2013 Plano mensal em formato de notas \u2013 A48K - P\u00e1ginas internas do di\u00e1rio comercial - Leatai \u2013 Fabricante de cadernos personalizados","og_description":"Formato das p\u00e1ginas internas do di\u00e1rio comercial: planejamento mensal, Papel: papel branco Daolin, Tamanho: 48K, Espessura: 70 libras (80 folhas, 160 p\u00e1ginas por caderno), Impress\u00e3o: bicolor, Conte\u00fado: calend\u00e1rio anual + tabela de planejamento mensal + p\u00e1ginas de notas com linhas + p\u00e1ginas de informa\u00e7\u00f5es, Um formato interno popular e mainstream.","og_url":"https:\/\/leatai.com\/pt-br\/product\/formato-da-pagina-interna\/paginas-internas-48k\/lgp-plano-mensal-em-formato-de-notas-a48k\/","og_site_name":"Leatai \u2013 Fabricante de cadernos personalizados","article_modified_time":"2025-11-27T05:59:29+00:00","og_image":[{"width":2312,"height":2140,"url":"https:\/\/leatai.com\/wp-content\/uploads\/2020_02_11_1058570.jpg","type":"image\/jpeg"}],"twitter_card":"summary_large_image","twitter_misc":{"Est. tempo de leitura":"1 minuto"},"schema":{"@context":"https:\/\/schema.org","@graph":[{"@type":"WebPage","@id":"https:\/\/leatai.com\/pt-br\/product\/formato-da-pagina-interna\/paginas-internas-48k\/lgp-plano-mensal-em-formato-de-notas-a48k\/","url":"https:\/\/leatai.com\/pt-br\/product\/formato-da-pagina-interna\/paginas-internas-48k\/lgp-plano-mensal-em-formato-de-notas-a48k\/","name":"LGP \u2013 Plano mensal em formato de notas \u2013 A48K - P\u00e1ginas internas do di\u00e1rio comercial - Leatai \u2013 Fabricante de cadernos personalizados","isPartOf":{"@id":"https:\/\/leatai.com\/pt-br\/#website"},"primaryImageOfPage":{"@id":"https:\/\/leatai.com\/pt-br\/product\/formato-da-pagina-interna\/paginas-internas-48k\/lgp-plano-mensal-em-formato-de-notas-a48k\/#primaryimage"},"image":{"@id":"https:\/\/leatai.com\/pt-br\/product\/formato-da-pagina-interna\/paginas-internas-48k\/lgp-plano-mensal-em-formato-de-notas-a48k\/#primaryimage"},"thumbnailUrl":"https:\/\/leatai.com\/wp-content\/uploads\/2020_02_11_1058570.jpg","datePublished":"2021-06-24T05:17:31+00:00","dateModified":"2025-11-27T05:59:29+00:00","description":"Formato das p\u00e1ginas internas do di\u00e1rio comercial: planejamento mensal, Papel: papel branco Daolin, Tamanho: 48K, Espessura: 70 libras (80 folhas, 160 p\u00e1ginas por caderno), Impress\u00e3o: bicolor, Conte\u00fado: calend\u00e1rio anual + tabela de planejamento mensal + p\u00e1ginas de notas com linhas + p\u00e1ginas de informa\u00e7\u00f5es, Um formato interno popular e mainstream.","breadcrumb":{"@id":"https:\/\/leatai.com\/pt-br\/product\/formato-da-pagina-interna\/paginas-internas-48k\/lgp-plano-mensal-em-formato-de-notas-a48k\/#breadcrumb"},"inLanguage":"pt-BR","potentialAction":[{"@type":"ReadAction","target":["https:\/\/leatai.com\/pt-br\/product\/formato-da-pagina-interna\/paginas-internas-48k\/lgp-plano-mensal-em-formato-de-notas-a48k\/"]}]},{"@type":"ImageObject","inLanguage":"pt-BR","@id":"https:\/\/leatai.com\/pt-br\/product\/formato-da-pagina-interna\/paginas-internas-48k\/lgp-plano-mensal-em-formato-de-notas-a48k\/#primaryimage","url":"https:\/\/leatai.com\/wp-content\/uploads\/2020_02_11_1058570.jpg","contentUrl":"https:\/\/leatai.com\/wp-content\/uploads\/2020_02_11_1058570.jpg","width":2312,"height":2140,"caption":"P\u00e1ginas internas do di\u00e1rio comercial"},{"@type":"BreadcrumbList","@id":"https:\/\/leatai.com\/pt-br\/product\/formato-da-pagina-interna\/paginas-internas-48k\/lgp-plano-mensal-em-formato-de-notas-a48k\/#breadcrumb","itemListElement":[{"@type":"ListItem","position":1,"name":"Home","item":"https:\/\/leatai.com\/pt-br\/"},{"@type":"ListItem","position":2,"name":"Apresenta\u00e7\u00e3o de produtos","item":"https:\/\/leatai.com\/products\/"},{"@type":"ListItem","position":3,"name":"Formato da P\u00e1gina Interna","item":"https:\/\/leatai.com\/pt-br\/categoria-produto\/formato-da-pagina-interna\/"},{"@type":"ListItem","position":4,"name":"P\u00e1ginas Internas 48K","item":"https:\/\/leatai.com\/pt-br\/categoria-produto\/formato-da-pagina-interna\/paginas-internas-48k\/"},{"@type":"ListItem","position":5,"name":"LGP \u2013 Plano mensal em formato de notas \u2013 A48K"}]},{"@type":"WebSite","@id":"https:\/\/leatai.com\/pt-br\/#website","url":"https:\/\/leatai.com\/pt-br\/","name":"Leatai \u2013 Fabricante de cadernos personalizados","description":"A Leatai fornece cadernos e planejadores personalizados para marcas e distribuidores em todo o mundo.","publisher":{"@id":"https:\/\/leatai.com\/pt-br\/#organization"},"potentialAction":[{"@type":"SearchAction","target":{"@type":"EntryPoint","urlTemplate":"https:\/\/leatai.com\/pt-br\/?s={search_term_string}"},"query-input":{"@type":"PropertyValueSpecification","valueRequired":true,"valueName":"search_term_string"}}],"inLanguage":"pt-BR"},{"@type":"Organization","@id":"https:\/\/leatai.com\/pt-br\/#organization","name":"Leatai Diary, customized journal and business organizer","url":"https:\/\/leatai.com\/pt-br\/","logo":{"@type":"ImageObject","inLanguage":"pt-BR","@id":"https:\/\/leatai.com\/pt-br\/#\/schema\/logo\/image\/","url":"https:\/\/leatai.com\/wp-content\/uploads\/logo-blue.png","contentUrl":"https:\/\/leatai.com\/wp-content\/uploads\/logo-blue.png","width":230,"height":60,"caption":"Leatai Diary, customized journal and business organizer"},"image":{"@id":"https:\/\/leatai.com\/pt-br\/#\/schema\/logo\/image\/"},"telephone":"+886-2-8227-8800","legalName":"Leatai Stationary Co., Ltd.","description":"A leading notebook factory in Taiwan offering bespoke branding, high-quality binding, and premium paper selections for corporate gifts and stationery wholesale.","address":{"@type":"PostalAddress","streetAddress":"11F., No. 168, Jiankang Rd.","addressLocality":"Zhonghe Dist.","addressRegion":"New Taipei City","postalCode":"235","addressCountry":"TW"},"contactPoint":{"@type":"ContactPoint","telephone":"+886-2-8227-8800","contactType":"sales","areaServed":"Worldwide","availableLanguage":["zh-TW","en"]}}]}},"_links":{"self":[{"href":"https:\/\/leatai.com\/pt-br\/wp-json\/wp\/v2\/product\/233734","targetHints":{"allow":["GET"]}}],"collection":[{"href":"https:\/\/leatai.com\/pt-br\/wp-json\/wp\/v2\/product"}],"about":[{"href":"https:\/\/leatai.com\/pt-br\/wp-json\/wp\/v2\/types\/product"}],"wp:featuredmedia":[{"embeddable":true,"href":"https:\/\/leatai.com\/pt-br\/wp-json\/wp\/v2\/media\/233735"}],"wp:attachment":[{"href":"https:\/\/leatai.com\/pt-br\/wp-json\/wp\/v2\/media?parent=233734"}],"wp:term":[{"taxonomy":"product_brand","embeddable":true,"href":"https:\/\/leatai.com\/pt-br\/wp-json\/wp\/v2\/product_brand?post=233734"},{"taxonomy":"product_cat","embeddable":true,"href":"https:\/\/leatai.com\/pt-br\/wp-json\/wp\/v2\/product_cat?post=233734"},{"taxonomy":"product_tag","embeddable":true,"href":"https:\/\/leatai.com\/pt-br\/wp-json\/wp\/v2\/product_tag?post=233734"},{"taxonomy":"home_works","embeddable":true,"href":"https:\/\/leatai.com\/pt-br\/wp-json\/wp\/v2\/home_works?post=233734"}],"curies":[{"name":"wp","href":"https:\/\/api.w.org\/{rel}","templated":true}]}}