{"id":233729,"date":"2021-06-24T13:17:31","date_gmt":"2021-06-24T05:17:31","guid":{"rendered":"https:\/\/leatai.com\/product\/sem%20categoria\/lgp-tres-dias-a-esquerda-e-quatro-a-direita-em-cores-horizontais-a48k\/"},"modified":"2025-11-27T13:58:57","modified_gmt":"2025-11-27T05:58:57","slug":"lgp-tres-dias-a-esquerda-e-quatro-a-direita-em-cores-horizontais-a48k","status":"publish","type":"product","link":"https:\/\/leatai.com\/pt-br\/product\/formato-da-pagina-interna\/paginas-internas-48k\/lgp-tres-dias-a-esquerda-e-quatro-a-direita-em-cores-horizontais-a48k\/","title":{"rendered":"LGP \u2013 Tr\u00eas dias \u00e0 esquerda e quatro \u00e0 direita em cores horizontais \u2013 A48K"},"content":{"rendered":"<p>Papel: Papel branco Daolin<br \/>\nTamanho: <a href=\"https:\/\/leatai.com\/pt-br\/faq\/quais-sao-os-tamanhos-de-planejadores-8k-16k-e-25k-qual-e-o-tamanho-deles\/\" target=\"_blank\" rel=\"noopener\">48K<\/a> <a href=\"https:\/\/leatai.com\/pt-br\/faq\/quais-sao-os-tamanhos-de-planejadores-8k-16k-e-25k-qual-e-o-tamanho-deles\/\" target=\"_blank\" rel=\"noopener\">(descri\u00e7\u00e3o detalhada e tabela de compara\u00e7\u00e3o dos tamanhos do di\u00e1rio comercial)<\/a><br \/>\nEspessura: 70 libras (80 folhas, 160 p\u00e1ginas por caderno)<br \/>\nImpress\u00e3o: colorida<br \/>\nConte\u00fado: calend\u00e1rio anual + tabela de planejamento mensal + formato com 3 dias \u00e0 esquerda e 4 dias \u00e0 direita + se\u00e7\u00e3o de informa\u00e7\u00f5es + almanaque agr\u00edcola<\/p>\n<p>P.1~P.2 P\u00e1ginas de imagem<br \/>\nP.3 Lista de feriados e datas comemorativas<br \/>\nP.4~P.5 Calend\u00e1rio anual<br \/>\nP.6~P.7 Tabela de planejamento anual<br \/>\nP.8~P.19 Planejamento mensal (janeiro a dezembro do ano vigente, duas p\u00e1ginas por m\u00eas)<br \/>\nP.20~P.125 Formato com 3 dias \u00e0 esquerda e 4 dias \u00e0 direita<br \/>\nP.126~P.133 Se\u00e7\u00e3o de informa\u00e7\u00f5es (lista de contatos, tabela de c\u00f3digos postais, mapa do metr\u00f4, mapa das rodovias)<br \/>\nP.134~P.157 Almanaque agr\u00edcola<br \/>\nP.158 P\u00e1gina com linhas<br \/>\nP.159~P.160 P\u00e1ginas de imagem<\/p>\n","protected":false},"excerpt":{"rendered":"<p>Papel: Papel branco Daolin Tamanho: 48K (descri\u00e7\u00e3o detalhada e tabela de compara\u00e7\u00e3o dos tamanhos do di\u00e1rio comercial) Espessura: 70 libras (80 folhas, 160 p\u00e1ginas por caderno) Impress\u00e3o: colorida Conte\u00fado: calend\u00e1rio anual + tabela de planejamento mensal + formato com 3 dias \u00e0 esquerda e 4 dias \u00e0 direita + se\u00e7\u00e3o de informa\u00e7\u00f5es + almanaque agr\u00edcola [&hellip;]<\/p>\n","protected":false},"featured_media":233730,"template":"","meta":{"_acf_changed":false},"product_brand":[],"product_cat":[977,1029],"product_tag":[1614,1608],"home_works":[],"class_list":{"0":"post-233729","1":"product","2":"type-product","3":"status-publish","4":"has-post-thumbnail","6":"product_cat-formato-da-pagina-interna","7":"product_cat-paginas-internas-48k","8":"product_tag-48k","9":"product_tag-paginas-internas-de-agenda-comercial","11":"first","12":"instock","13":"sold-individually","14":"shipping-taxable","15":"purchasable","16":"product-type-simple"},"acf":[],"yoast_head":"<!-- This site is optimized with the Yoast SEO plugin v27.2 - https:\/\/yoast.com\/product\/yoast-seo-wordpress\/ -->\n<title>LGP \u2013 Tr\u00eas dias \u00e0 esquerda e quatro \u00e0 direita em cores horizontais \u2013 A48K - P\u00e1ginas internas do di\u00e1rio comercial- Leatai \u2013 Fabricante de cadernos personalizados<\/title>\n<meta name=\"description\" content=\"Formato das p\u00e1ginas internas do di\u00e1rio comercial: tr\u00eas dias \u00e0 esquerda e quatro \u00e0 direita, em cores, Papel: papel branco Daolin, Tamanho: 48K, Espessura: 70 libras (80 folhas, 160 p\u00e1ginas por caderno), Impress\u00e3o: colorida, Conte\u00fado: calend\u00e1rio anual + tabela de planejamento mensal + tr\u00eas dias \u00e0 esquerda e quatro \u00e0 direita + se\u00e7\u00e3o de informa\u00e7\u00f5es + almanaque agr\u00edcola.\" \/>\n<meta name=\"robots\" content=\"index, follow, max-snippet:-1, max-image-preview:large, max-video-preview:-1\" \/>\n<link rel=\"canonical\" href=\"https:\/\/leatai.com\/pt-br\/product\/formato-da-pagina-interna\/paginas-internas-48k\/lgp-tres-dias-a-esquerda-e-quatro-a-direita-em-cores-horizontais-a48k\/\" \/>\n<meta property=\"og:locale\" content=\"pt_BR\" \/>\n<meta property=\"og:type\" content=\"article\" \/>\n<meta property=\"og:title\" content=\"LGP \u2013 Tr\u00eas dias \u00e0 esquerda e quatro \u00e0 direita em cores horizontais \u2013 A48K - P\u00e1ginas internas do di\u00e1rio comercial- Leatai \u2013 Fabricante de cadernos personalizados\" \/>\n<meta property=\"og:description\" content=\"Formato das p\u00e1ginas internas do di\u00e1rio comercial: tr\u00eas dias \u00e0 esquerda e quatro \u00e0 direita, em cores, Papel: papel branco Daolin, Tamanho: 48K, Espessura: 70 libras (80 folhas, 160 p\u00e1ginas por caderno), Impress\u00e3o: colorida, Conte\u00fado: calend\u00e1rio anual + tabela de planejamento mensal + tr\u00eas dias \u00e0 esquerda e quatro \u00e0 direita + se\u00e7\u00e3o de informa\u00e7\u00f5es + almanaque agr\u00edcola.\" \/>\n<meta property=\"og:url\" content=\"https:\/\/leatai.com\/pt-br\/product\/formato-da-pagina-interna\/paginas-internas-48k\/lgp-tres-dias-a-esquerda-e-quatro-a-direita-em-cores-horizontais-a48k\/\" \/>\n<meta property=\"og:site_name\" content=\"Leatai \u2013 Fabricante de cadernos personalizados\" \/>\n<meta property=\"article:modified_time\" content=\"2025-11-27T05:58:57+00:00\" \/>\n<meta property=\"og:image\" content=\"https:\/\/leatai.com\/wp-content\/uploads\/2015_08_19_1445110.jpg\" \/>\n\t<meta property=\"og:image:width\" content=\"1000\" \/>\n\t<meta property=\"og:image:height\" content=\"750\" \/>\n\t<meta property=\"og:image:type\" content=\"image\/jpeg\" \/>\n<meta name=\"twitter:card\" content=\"summary_large_image\" \/>\n<meta name=\"twitter:label1\" content=\"Est. tempo de leitura\" \/>\n\t<meta name=\"twitter:data1\" content=\"1 minuto\" \/>\n<script type=\"application\/ld+json\" class=\"yoast-schema-graph\">{\"@context\":\"https:\/\/schema.org\",\"@graph\":[{\"@type\":\"WebPage\",\"@id\":\"https:\/\/leatai.com\/pt-br\/product\/formato-da-pagina-interna\/paginas-internas-48k\/lgp-tres-dias-a-esquerda-e-quatro-a-direita-em-cores-horizontais-a48k\/\",\"url\":\"https:\/\/leatai.com\/pt-br\/product\/formato-da-pagina-interna\/paginas-internas-48k\/lgp-tres-dias-a-esquerda-e-quatro-a-direita-em-cores-horizontais-a48k\/\",\"name\":\"LGP \u2013 Tr\u00eas dias \u00e0 esquerda e quatro \u00e0 direita em cores horizontais \u2013 A48K - P\u00e1ginas internas do di\u00e1rio comercial- Leatai \u2013 Fabricante de cadernos personalizados\",\"isPartOf\":{\"@id\":\"https:\/\/leatai.com\/pt-br\/#website\"},\"primaryImageOfPage\":{\"@id\":\"https:\/\/leatai.com\/pt-br\/product\/formato-da-pagina-interna\/paginas-internas-48k\/lgp-tres-dias-a-esquerda-e-quatro-a-direita-em-cores-horizontais-a48k\/#primaryimage\"},\"image\":{\"@id\":\"https:\/\/leatai.com\/pt-br\/product\/formato-da-pagina-interna\/paginas-internas-48k\/lgp-tres-dias-a-esquerda-e-quatro-a-direita-em-cores-horizontais-a48k\/#primaryimage\"},\"thumbnailUrl\":\"https:\/\/leatai.com\/wp-content\/uploads\/2015_08_19_1445110.jpg\",\"datePublished\":\"2021-06-24T05:17:31+00:00\",\"dateModified\":\"2025-11-27T05:58:57+00:00\",\"description\":\"Formato das p\u00e1ginas internas do di\u00e1rio comercial: tr\u00eas dias \u00e0 esquerda e quatro \u00e0 direita, em cores, Papel: papel branco Daolin, Tamanho: 48K, Espessura: 70 libras (80 folhas, 160 p\u00e1ginas por caderno), Impress\u00e3o: colorida, Conte\u00fado: calend\u00e1rio anual + tabela de planejamento mensal + tr\u00eas dias \u00e0 esquerda e quatro \u00e0 direita + se\u00e7\u00e3o de informa\u00e7\u00f5es + almanaque agr\u00edcola.\",\"breadcrumb\":{\"@id\":\"https:\/\/leatai.com\/pt-br\/product\/formato-da-pagina-interna\/paginas-internas-48k\/lgp-tres-dias-a-esquerda-e-quatro-a-direita-em-cores-horizontais-a48k\/#breadcrumb\"},\"inLanguage\":\"pt-BR\",\"potentialAction\":[{\"@type\":\"ReadAction\",\"target\":[\"https:\/\/leatai.com\/pt-br\/product\/formato-da-pagina-interna\/paginas-internas-48k\/lgp-tres-dias-a-esquerda-e-quatro-a-direita-em-cores-horizontais-a48k\/\"]}]},{\"@type\":\"ImageObject\",\"inLanguage\":\"pt-BR\",\"@id\":\"https:\/\/leatai.com\/pt-br\/product\/formato-da-pagina-interna\/paginas-internas-48k\/lgp-tres-dias-a-esquerda-e-quatro-a-direita-em-cores-horizontais-a48k\/#primaryimage\",\"url\":\"https:\/\/leatai.com\/wp-content\/uploads\/2015_08_19_1445110.jpg\",\"contentUrl\":\"https:\/\/leatai.com\/wp-content\/uploads\/2015_08_19_1445110.jpg\",\"width\":1000,\"height\":750,\"caption\":\"P\u00e1ginas internas do di\u00e1rio comercial\"},{\"@type\":\"BreadcrumbList\",\"@id\":\"https:\/\/leatai.com\/pt-br\/product\/formato-da-pagina-interna\/paginas-internas-48k\/lgp-tres-dias-a-esquerda-e-quatro-a-direita-em-cores-horizontais-a48k\/#breadcrumb\",\"itemListElement\":[{\"@type\":\"ListItem\",\"position\":1,\"name\":\"Home\",\"item\":\"https:\/\/leatai.com\/pt-br\/\"},{\"@type\":\"ListItem\",\"position\":2,\"name\":\"Apresenta\u00e7\u00e3o de produtos\",\"item\":\"https:\/\/leatai.com\/products\/\"},{\"@type\":\"ListItem\",\"position\":3,\"name\":\"Formato da P\u00e1gina Interna\",\"item\":\"https:\/\/leatai.com\/pt-br\/categoria-produto\/formato-da-pagina-interna\/\"},{\"@type\":\"ListItem\",\"position\":4,\"name\":\"P\u00e1ginas Internas 48K\",\"item\":\"https:\/\/leatai.com\/pt-br\/categoria-produto\/formato-da-pagina-interna\/paginas-internas-48k\/\"},{\"@type\":\"ListItem\",\"position\":5,\"name\":\"LGP \u2013 Tr\u00eas dias \u00e0 esquerda e quatro \u00e0 direita em cores horizontais \u2013 A48K\"}]},{\"@type\":\"WebSite\",\"@id\":\"https:\/\/leatai.com\/pt-br\/#website\",\"url\":\"https:\/\/leatai.com\/pt-br\/\",\"name\":\"Leatai \u2013 Fabricante de cadernos personalizados\",\"description\":\"A Leatai fornece cadernos e planejadores personalizados para marcas e distribuidores em todo o mundo.\",\"publisher\":{\"@id\":\"https:\/\/leatai.com\/pt-br\/#organization\"},\"potentialAction\":[{\"@type\":\"SearchAction\",\"target\":{\"@type\":\"EntryPoint\",\"urlTemplate\":\"https:\/\/leatai.com\/pt-br\/?s={search_term_string}\"},\"query-input\":{\"@type\":\"PropertyValueSpecification\",\"valueRequired\":true,\"valueName\":\"search_term_string\"}}],\"inLanguage\":\"pt-BR\"},{\"@type\":\"Organization\",\"@id\":\"https:\/\/leatai.com\/pt-br\/#organization\",\"name\":\"Leatai Diary, customized journal and business organizer\",\"url\":\"https:\/\/leatai.com\/pt-br\/\",\"logo\":{\"@type\":\"ImageObject\",\"inLanguage\":\"pt-BR\",\"@id\":\"https:\/\/leatai.com\/pt-br\/#\/schema\/logo\/image\/\",\"url\":\"https:\/\/leatai.com\/wp-content\/uploads\/logo-blue.png\",\"contentUrl\":\"https:\/\/leatai.com\/wp-content\/uploads\/logo-blue.png\",\"width\":230,\"height\":60,\"caption\":\"Leatai Diary, customized journal and business organizer\"},\"image\":{\"@id\":\"https:\/\/leatai.com\/pt-br\/#\/schema\/logo\/image\/\"},\"telephone\":\"+886-2-8227-8800\",\"legalName\":\"Leatai Stationary Co., Ltd.\",\"description\":\"A leading notebook factory in Taiwan offering bespoke branding, high-quality binding, and premium paper selections for corporate gifts and stationery wholesale.\",\"address\":{\"@type\":\"PostalAddress\",\"streetAddress\":\"11F., No. 168, Jiankang Rd.\",\"addressLocality\":\"Zhonghe Dist.\",\"addressRegion\":\"New Taipei City\",\"postalCode\":\"235\",\"addressCountry\":\"TW\"},\"contactPoint\":{\"@type\":\"ContactPoint\",\"telephone\":\"+886-2-8227-8800\",\"contactType\":\"sales\",\"areaServed\":\"Worldwide\",\"availableLanguage\":[\"zh-TW\",\"en\"]}}]}<\/script>\n<!-- \/ Yoast SEO plugin. -->","yoast_head_json":{"title":"LGP \u2013 Tr\u00eas dias \u00e0 esquerda e quatro \u00e0 direita em cores horizontais \u2013 A48K - P\u00e1ginas internas do di\u00e1rio comercial- Leatai \u2013 Fabricante de cadernos personalizados","description":"Formato das p\u00e1ginas internas do di\u00e1rio comercial: tr\u00eas dias \u00e0 esquerda e quatro \u00e0 direita, em cores, Papel: papel branco Daolin, Tamanho: 48K, Espessura: 70 libras (80 folhas, 160 p\u00e1ginas por caderno), Impress\u00e3o: colorida, Conte\u00fado: calend\u00e1rio anual + tabela de planejamento mensal + tr\u00eas dias \u00e0 esquerda e quatro \u00e0 direita + se\u00e7\u00e3o de informa\u00e7\u00f5es + almanaque agr\u00edcola.","robots":{"index":"index","follow":"follow","max-snippet":"max-snippet:-1","max-image-preview":"max-image-preview:large","max-video-preview":"max-video-preview:-1"},"canonical":"https:\/\/leatai.com\/pt-br\/product\/formato-da-pagina-interna\/paginas-internas-48k\/lgp-tres-dias-a-esquerda-e-quatro-a-direita-em-cores-horizontais-a48k\/","og_locale":"pt_BR","og_type":"article","og_title":"LGP \u2013 Tr\u00eas dias \u00e0 esquerda e quatro \u00e0 direita em cores horizontais \u2013 A48K - P\u00e1ginas internas do di\u00e1rio comercial- Leatai \u2013 Fabricante de cadernos personalizados","og_description":"Formato das p\u00e1ginas internas do di\u00e1rio comercial: tr\u00eas dias \u00e0 esquerda e quatro \u00e0 direita, em cores, Papel: papel branco Daolin, Tamanho: 48K, Espessura: 70 libras (80 folhas, 160 p\u00e1ginas por caderno), Impress\u00e3o: colorida, Conte\u00fado: calend\u00e1rio anual + tabela de planejamento mensal + tr\u00eas dias \u00e0 esquerda e quatro \u00e0 direita + se\u00e7\u00e3o de informa\u00e7\u00f5es + almanaque agr\u00edcola.","og_url":"https:\/\/leatai.com\/pt-br\/product\/formato-da-pagina-interna\/paginas-internas-48k\/lgp-tres-dias-a-esquerda-e-quatro-a-direita-em-cores-horizontais-a48k\/","og_site_name":"Leatai \u2013 Fabricante de cadernos personalizados","article_modified_time":"2025-11-27T05:58:57+00:00","og_image":[{"width":1000,"height":750,"url":"https:\/\/leatai.com\/wp-content\/uploads\/2015_08_19_1445110.jpg","type":"image\/jpeg"}],"twitter_card":"summary_large_image","twitter_misc":{"Est. tempo de leitura":"1 minuto"},"schema":{"@context":"https:\/\/schema.org","@graph":[{"@type":"WebPage","@id":"https:\/\/leatai.com\/pt-br\/product\/formato-da-pagina-interna\/paginas-internas-48k\/lgp-tres-dias-a-esquerda-e-quatro-a-direita-em-cores-horizontais-a48k\/","url":"https:\/\/leatai.com\/pt-br\/product\/formato-da-pagina-interna\/paginas-internas-48k\/lgp-tres-dias-a-esquerda-e-quatro-a-direita-em-cores-horizontais-a48k\/","name":"LGP \u2013 Tr\u00eas dias \u00e0 esquerda e quatro \u00e0 direita em cores horizontais \u2013 A48K - P\u00e1ginas internas do di\u00e1rio comercial- Leatai \u2013 Fabricante de cadernos personalizados","isPartOf":{"@id":"https:\/\/leatai.com\/pt-br\/#website"},"primaryImageOfPage":{"@id":"https:\/\/leatai.com\/pt-br\/product\/formato-da-pagina-interna\/paginas-internas-48k\/lgp-tres-dias-a-esquerda-e-quatro-a-direita-em-cores-horizontais-a48k\/#primaryimage"},"image":{"@id":"https:\/\/leatai.com\/pt-br\/product\/formato-da-pagina-interna\/paginas-internas-48k\/lgp-tres-dias-a-esquerda-e-quatro-a-direita-em-cores-horizontais-a48k\/#primaryimage"},"thumbnailUrl":"https:\/\/leatai.com\/wp-content\/uploads\/2015_08_19_1445110.jpg","datePublished":"2021-06-24T05:17:31+00:00","dateModified":"2025-11-27T05:58:57+00:00","description":"Formato das p\u00e1ginas internas do di\u00e1rio comercial: tr\u00eas dias \u00e0 esquerda e quatro \u00e0 direita, em cores, Papel: papel branco Daolin, Tamanho: 48K, Espessura: 70 libras (80 folhas, 160 p\u00e1ginas por caderno), Impress\u00e3o: colorida, Conte\u00fado: calend\u00e1rio anual + tabela de planejamento mensal + tr\u00eas dias \u00e0 esquerda e quatro \u00e0 direita + se\u00e7\u00e3o de informa\u00e7\u00f5es + almanaque agr\u00edcola.","breadcrumb":{"@id":"https:\/\/leatai.com\/pt-br\/product\/formato-da-pagina-interna\/paginas-internas-48k\/lgp-tres-dias-a-esquerda-e-quatro-a-direita-em-cores-horizontais-a48k\/#breadcrumb"},"inLanguage":"pt-BR","potentialAction":[{"@type":"ReadAction","target":["https:\/\/leatai.com\/pt-br\/product\/formato-da-pagina-interna\/paginas-internas-48k\/lgp-tres-dias-a-esquerda-e-quatro-a-direita-em-cores-horizontais-a48k\/"]}]},{"@type":"ImageObject","inLanguage":"pt-BR","@id":"https:\/\/leatai.com\/pt-br\/product\/formato-da-pagina-interna\/paginas-internas-48k\/lgp-tres-dias-a-esquerda-e-quatro-a-direita-em-cores-horizontais-a48k\/#primaryimage","url":"https:\/\/leatai.com\/wp-content\/uploads\/2015_08_19_1445110.jpg","contentUrl":"https:\/\/leatai.com\/wp-content\/uploads\/2015_08_19_1445110.jpg","width":1000,"height":750,"caption":"P\u00e1ginas internas do di\u00e1rio comercial"},{"@type":"BreadcrumbList","@id":"https:\/\/leatai.com\/pt-br\/product\/formato-da-pagina-interna\/paginas-internas-48k\/lgp-tres-dias-a-esquerda-e-quatro-a-direita-em-cores-horizontais-a48k\/#breadcrumb","itemListElement":[{"@type":"ListItem","position":1,"name":"Home","item":"https:\/\/leatai.com\/pt-br\/"},{"@type":"ListItem","position":2,"name":"Apresenta\u00e7\u00e3o de produtos","item":"https:\/\/leatai.com\/products\/"},{"@type":"ListItem","position":3,"name":"Formato da P\u00e1gina Interna","item":"https:\/\/leatai.com\/pt-br\/categoria-produto\/formato-da-pagina-interna\/"},{"@type":"ListItem","position":4,"name":"P\u00e1ginas Internas 48K","item":"https:\/\/leatai.com\/pt-br\/categoria-produto\/formato-da-pagina-interna\/paginas-internas-48k\/"},{"@type":"ListItem","position":5,"name":"LGP \u2013 Tr\u00eas dias \u00e0 esquerda e quatro \u00e0 direita em cores horizontais \u2013 A48K"}]},{"@type":"WebSite","@id":"https:\/\/leatai.com\/pt-br\/#website","url":"https:\/\/leatai.com\/pt-br\/","name":"Leatai \u2013 Fabricante de cadernos personalizados","description":"A Leatai fornece cadernos e planejadores personalizados para marcas e distribuidores em todo o mundo.","publisher":{"@id":"https:\/\/leatai.com\/pt-br\/#organization"},"potentialAction":[{"@type":"SearchAction","target":{"@type":"EntryPoint","urlTemplate":"https:\/\/leatai.com\/pt-br\/?s={search_term_string}"},"query-input":{"@type":"PropertyValueSpecification","valueRequired":true,"valueName":"search_term_string"}}],"inLanguage":"pt-BR"},{"@type":"Organization","@id":"https:\/\/leatai.com\/pt-br\/#organization","name":"Leatai Diary, customized journal and business organizer","url":"https:\/\/leatai.com\/pt-br\/","logo":{"@type":"ImageObject","inLanguage":"pt-BR","@id":"https:\/\/leatai.com\/pt-br\/#\/schema\/logo\/image\/","url":"https:\/\/leatai.com\/wp-content\/uploads\/logo-blue.png","contentUrl":"https:\/\/leatai.com\/wp-content\/uploads\/logo-blue.png","width":230,"height":60,"caption":"Leatai Diary, customized journal and business organizer"},"image":{"@id":"https:\/\/leatai.com\/pt-br\/#\/schema\/logo\/image\/"},"telephone":"+886-2-8227-8800","legalName":"Leatai Stationary Co., Ltd.","description":"A leading notebook factory in Taiwan offering bespoke branding, high-quality binding, and premium paper selections for corporate gifts and stationery wholesale.","address":{"@type":"PostalAddress","streetAddress":"11F., No. 168, Jiankang Rd.","addressLocality":"Zhonghe Dist.","addressRegion":"New Taipei City","postalCode":"235","addressCountry":"TW"},"contactPoint":{"@type":"ContactPoint","telephone":"+886-2-8227-8800","contactType":"sales","areaServed":"Worldwide","availableLanguage":["zh-TW","en"]}}]}},"_links":{"self":[{"href":"https:\/\/leatai.com\/pt-br\/wp-json\/wp\/v2\/product\/233729","targetHints":{"allow":["GET"]}}],"collection":[{"href":"https:\/\/leatai.com\/pt-br\/wp-json\/wp\/v2\/product"}],"about":[{"href":"https:\/\/leatai.com\/pt-br\/wp-json\/wp\/v2\/types\/product"}],"wp:featuredmedia":[{"embeddable":true,"href":"https:\/\/leatai.com\/pt-br\/wp-json\/wp\/v2\/media\/233730"}],"wp:attachment":[{"href":"https:\/\/leatai.com\/pt-br\/wp-json\/wp\/v2\/media?parent=233729"}],"wp:term":[{"taxonomy":"product_brand","embeddable":true,"href":"https:\/\/leatai.com\/pt-br\/wp-json\/wp\/v2\/product_brand?post=233729"},{"taxonomy":"product_cat","embeddable":true,"href":"https:\/\/leatai.com\/pt-br\/wp-json\/wp\/v2\/product_cat?post=233729"},{"taxonomy":"product_tag","embeddable":true,"href":"https:\/\/leatai.com\/pt-br\/wp-json\/wp\/v2\/product_tag?post=233729"},{"taxonomy":"home_works","embeddable":true,"href":"https:\/\/leatai.com\/pt-br\/wp-json\/wp\/v2\/home_works?post=233729"}],"curies":[{"name":"wp","href":"https:\/\/api.w.org\/{rel}","templated":true}]}}