{"id":233706,"date":"2021-06-24T13:17:30","date_gmt":"2021-06-24T05:17:30","guid":{"rendered":"https:\/\/leatai.com\/product\/sem%20categoria\/lgp-um-dia-por-pagina-a25k\/"},"modified":"2025-11-27T10:11:25","modified_gmt":"2025-11-27T02:11:25","slug":"lgp-um-dia-por-pagina-a25k","status":"publish","type":"product","link":"https:\/\/leatai.com\/pt-br\/product\/formato-da-pagina-interna\/paginas-internas-a5\/lgp-um-dia-por-pagina-a25k\/","title":{"rendered":"LGP \u2013 um dia por p\u00e1gina \u2013 A25K"},"content":{"rendered":"<p>Papel: papel Daolin branco<br \/>\nTamanho: <a href=\"https:\/\/leatai.com\/pt-br\/faq\/quais-sao-os-tamanhos-de-planejadores-8k-16k-e-25k-qual-e-o-tamanho-deles\/\" target=\"_blank\" rel=\"noopener\">25K (A5)<\/a> <a href=\"https:\/\/leatai.com\/pt-br\/faq\/quais-sao-os-tamanhos-de-planejadores-8k-16k-e-25k-qual-e-o-tamanho-deles\/\" target=\"_blank\" rel=\"noopener\">(explica\u00e7\u00e3o detalhada dos tamanhos de agendas comerciais e tabela de compara\u00e7\u00e3o)<\/a><br \/>\nEspessura: 65 libras (176 folhas por caderno, 352 p\u00e1ginas)<br \/>\nImpress\u00e3o: duas cores<br \/>\nConte\u00fado: calend\u00e1rio anual + um dia por p\u00e1gina (s\u00e1bado\/domingo em duas linhas por p\u00e1gina) + \u00edndice mensal<\/p>\n<p>P.1 tabela de feriados e datas comemorativas<br \/>\nP.2~P.3 calend\u00e1rio anual<br \/>\nP.4~P.5 planejamento anual<br \/>\nP.6~P.29 planejamento mensal (janeiro a dezembro do ano corrente, cada m\u00eas ocupa duas p\u00e1ginas)<br \/>\nP.30~P.345 p\u00e1ginas de um dia por p\u00e1gina (s\u00e1bado\/domingo: dois dias por p\u00e1gina)<br \/>\nP.346~P.351 lista de contatos<br \/>\nP.352 p\u00e1gina de dados pessoais<\/p>\n","protected":false},"excerpt":{"rendered":"<p>Papel: papel Daolin branco Tamanho: 25K (A5) (explica\u00e7\u00e3o detalhada dos tamanhos de agendas comerciais e tabela de compara\u00e7\u00e3o) Espessura: 65 libras (176 folhas por caderno, 352 p\u00e1ginas) Impress\u00e3o: duas cores Conte\u00fado: calend\u00e1rio anual + um dia por p\u00e1gina (s\u00e1bado\/domingo em duas linhas por p\u00e1gina) + \u00edndice mensal P.1 tabela de feriados e datas comemorativas P.2~P.3 [&hellip;]<\/p>\n","protected":false},"featured_media":233707,"template":"","meta":{"_acf_changed":false},"product_brand":[],"product_cat":[977,1003],"product_tag":[1610,1611,1608],"home_works":[],"class_list":{"0":"post-233706","1":"product","2":"type-product","3":"status-publish","4":"has-post-thumbnail","6":"product_cat-formato-da-pagina-interna","7":"product_cat-paginas-internas-a5","8":"product_tag-25k","9":"product_tag-a5","10":"product_tag-paginas-internas-de-agenda-comercial","12":"first","13":"instock","14":"sold-individually","15":"shipping-taxable","16":"purchasable","17":"product-type-simple"},"acf":[],"yoast_head":"<!-- This site is optimized with the Yoast SEO plugin v27.2 - https:\/\/yoast.com\/product\/yoast-seo-wordpress\/ -->\n<title>LGP \u2013 um dia por p\u00e1gina \u2013 A25K - P\u00e1ginas internas do di\u00e1rio comercial - Leatai \u2013 Fabricante de cadernos personalizados<\/title>\n<meta name=\"description\" content=\"Formato das p\u00e1ginas internas da agenda comercial: um dia por p\u00e1gina Papel: papel Daolin branco Tamanho: 25K (A5) Espessura: 65 libras (176 folhas por caderno, 352 p\u00e1ginas) Impress\u00e3o: duas cores Conte\u00fado: calend\u00e1rio anual + um dia por p\u00e1gina (s\u00e1bado e domingo dividem uma p\u00e1gina) + \u00edndice mensal.\" \/>\n<meta name=\"robots\" content=\"index, follow, max-snippet:-1, max-image-preview:large, max-video-preview:-1\" \/>\n<link rel=\"canonical\" href=\"https:\/\/leatai.com\/pt-br\/product\/formato-da-pagina-interna\/paginas-internas-a5\/lgp-um-dia-por-pagina-a25k\/\" \/>\n<meta property=\"og:locale\" content=\"pt_BR\" \/>\n<meta property=\"og:type\" content=\"article\" \/>\n<meta property=\"og:title\" content=\"LGP \u2013 um dia por p\u00e1gina \u2013 A25K - P\u00e1ginas internas do di\u00e1rio comercial - Leatai \u2013 Fabricante de cadernos personalizados\" \/>\n<meta property=\"og:description\" content=\"Formato das p\u00e1ginas internas da agenda comercial: um dia por p\u00e1gina Papel: papel Daolin branco Tamanho: 25K (A5) Espessura: 65 libras (176 folhas por caderno, 352 p\u00e1ginas) Impress\u00e3o: duas cores Conte\u00fado: calend\u00e1rio anual + um dia por p\u00e1gina (s\u00e1bado e domingo dividem uma p\u00e1gina) + \u00edndice mensal.\" \/>\n<meta property=\"og:url\" content=\"https:\/\/leatai.com\/pt-br\/product\/formato-da-pagina-interna\/paginas-internas-a5\/lgp-um-dia-por-pagina-a25k\/\" \/>\n<meta property=\"og:site_name\" content=\"Leatai \u2013 Fabricante de cadernos personalizados\" \/>\n<meta property=\"article:modified_time\" content=\"2025-11-27T02:11:25+00:00\" \/>\n<meta property=\"og:image\" content=\"https:\/\/leatai.com\/wp-content\/uploads\/2020_02_11_1057560-scaled-1.jpg\" \/>\n\t<meta property=\"og:image:width\" content=\"2560\" \/>\n\t<meta property=\"og:image:height\" content=\"1771\" \/>\n\t<meta property=\"og:image:type\" content=\"image\/jpeg\" \/>\n<meta name=\"twitter:card\" content=\"summary_large_image\" \/>\n<meta name=\"twitter:label1\" content=\"Est. tempo de leitura\" \/>\n\t<meta name=\"twitter:data1\" content=\"1 minuto\" \/>\n<script type=\"application\/ld+json\" class=\"yoast-schema-graph\">{\"@context\":\"https:\/\/schema.org\",\"@graph\":[{\"@type\":\"WebPage\",\"@id\":\"https:\/\/leatai.com\/pt-br\/product\/formato-da-pagina-interna\/paginas-internas-a5\/lgp-um-dia-por-pagina-a25k\/\",\"url\":\"https:\/\/leatai.com\/pt-br\/product\/formato-da-pagina-interna\/paginas-internas-a5\/lgp-um-dia-por-pagina-a25k\/\",\"name\":\"LGP \u2013 um dia por p\u00e1gina \u2013 A25K - P\u00e1ginas internas do di\u00e1rio comercial - Leatai \u2013 Fabricante de cadernos personalizados\",\"isPartOf\":{\"@id\":\"https:\/\/leatai.com\/pt-br\/#website\"},\"primaryImageOfPage\":{\"@id\":\"https:\/\/leatai.com\/pt-br\/product\/formato-da-pagina-interna\/paginas-internas-a5\/lgp-um-dia-por-pagina-a25k\/#primaryimage\"},\"image\":{\"@id\":\"https:\/\/leatai.com\/pt-br\/product\/formato-da-pagina-interna\/paginas-internas-a5\/lgp-um-dia-por-pagina-a25k\/#primaryimage\"},\"thumbnailUrl\":\"https:\/\/leatai.com\/wp-content\/uploads\/2020_02_11_1057560-scaled-1.jpg\",\"datePublished\":\"2021-06-24T05:17:30+00:00\",\"dateModified\":\"2025-11-27T02:11:25+00:00\",\"description\":\"Formato das p\u00e1ginas internas da agenda comercial: um dia por p\u00e1gina Papel: papel Daolin branco Tamanho: 25K (A5) Espessura: 65 libras (176 folhas por caderno, 352 p\u00e1ginas) Impress\u00e3o: duas cores Conte\u00fado: calend\u00e1rio anual + um dia por p\u00e1gina (s\u00e1bado e domingo dividem uma p\u00e1gina) + \u00edndice mensal.\",\"breadcrumb\":{\"@id\":\"https:\/\/leatai.com\/pt-br\/product\/formato-da-pagina-interna\/paginas-internas-a5\/lgp-um-dia-por-pagina-a25k\/#breadcrumb\"},\"inLanguage\":\"pt-BR\",\"potentialAction\":[{\"@type\":\"ReadAction\",\"target\":[\"https:\/\/leatai.com\/pt-br\/product\/formato-da-pagina-interna\/paginas-internas-a5\/lgp-um-dia-por-pagina-a25k\/\"]}]},{\"@type\":\"ImageObject\",\"inLanguage\":\"pt-BR\",\"@id\":\"https:\/\/leatai.com\/pt-br\/product\/formato-da-pagina-interna\/paginas-internas-a5\/lgp-um-dia-por-pagina-a25k\/#primaryimage\",\"url\":\"https:\/\/leatai.com\/wp-content\/uploads\/2020_02_11_1057560-scaled-1.jpg\",\"contentUrl\":\"https:\/\/leatai.com\/wp-content\/uploads\/2020_02_11_1057560-scaled-1.jpg\",\"width\":2560,\"height\":1771,\"caption\":\"P\u00e1ginas internas do di\u00e1rio comercial\"},{\"@type\":\"BreadcrumbList\",\"@id\":\"https:\/\/leatai.com\/pt-br\/product\/formato-da-pagina-interna\/paginas-internas-a5\/lgp-um-dia-por-pagina-a25k\/#breadcrumb\",\"itemListElement\":[{\"@type\":\"ListItem\",\"position\":1,\"name\":\"Home\",\"item\":\"https:\/\/leatai.com\/pt-br\/\"},{\"@type\":\"ListItem\",\"position\":2,\"name\":\"Apresenta\u00e7\u00e3o de produtos\",\"item\":\"https:\/\/leatai.com\/products\/\"},{\"@type\":\"ListItem\",\"position\":3,\"name\":\"Formato da P\u00e1gina Interna\",\"item\":\"https:\/\/leatai.com\/pt-br\/categoria-produto\/formato-da-pagina-interna\/\"},{\"@type\":\"ListItem\",\"position\":4,\"name\":\"P\u00e1ginas Internas A5\",\"item\":\"https:\/\/leatai.com\/pt-br\/categoria-produto\/formato-da-pagina-interna\/paginas-internas-a5\/\"},{\"@type\":\"ListItem\",\"position\":5,\"name\":\"LGP \u2013 um dia por p\u00e1gina \u2013 A25K\"}]},{\"@type\":\"WebSite\",\"@id\":\"https:\/\/leatai.com\/pt-br\/#website\",\"url\":\"https:\/\/leatai.com\/pt-br\/\",\"name\":\"Leatai \u2013 Fabricante de cadernos personalizados\",\"description\":\"A Leatai fornece cadernos e planejadores personalizados para marcas e distribuidores em todo o mundo.\",\"publisher\":{\"@id\":\"https:\/\/leatai.com\/pt-br\/#organization\"},\"potentialAction\":[{\"@type\":\"SearchAction\",\"target\":{\"@type\":\"EntryPoint\",\"urlTemplate\":\"https:\/\/leatai.com\/pt-br\/?s={search_term_string}\"},\"query-input\":{\"@type\":\"PropertyValueSpecification\",\"valueRequired\":true,\"valueName\":\"search_term_string\"}}],\"inLanguage\":\"pt-BR\"},{\"@type\":\"Organization\",\"@id\":\"https:\/\/leatai.com\/pt-br\/#organization\",\"name\":\"Leatai Diary, customized journal and business organizer\",\"url\":\"https:\/\/leatai.com\/pt-br\/\",\"logo\":{\"@type\":\"ImageObject\",\"inLanguage\":\"pt-BR\",\"@id\":\"https:\/\/leatai.com\/pt-br\/#\/schema\/logo\/image\/\",\"url\":\"https:\/\/leatai.com\/wp-content\/uploads\/logo-blue.png\",\"contentUrl\":\"https:\/\/leatai.com\/wp-content\/uploads\/logo-blue.png\",\"width\":230,\"height\":60,\"caption\":\"Leatai Diary, customized journal and business organizer\"},\"image\":{\"@id\":\"https:\/\/leatai.com\/pt-br\/#\/schema\/logo\/image\/\"}}]}<\/script>\n<!-- \/ Yoast SEO plugin. -->","yoast_head_json":{"title":"LGP \u2013 um dia por p\u00e1gina \u2013 A25K - P\u00e1ginas internas do di\u00e1rio comercial - Leatai \u2013 Fabricante de cadernos personalizados","description":"Formato das p\u00e1ginas internas da agenda comercial: um dia por p\u00e1gina Papel: papel Daolin branco Tamanho: 25K (A5) Espessura: 65 libras (176 folhas por caderno, 352 p\u00e1ginas) Impress\u00e3o: duas cores Conte\u00fado: calend\u00e1rio anual + um dia por p\u00e1gina (s\u00e1bado e domingo dividem uma p\u00e1gina) + \u00edndice mensal.","robots":{"index":"index","follow":"follow","max-snippet":"max-snippet:-1","max-image-preview":"max-image-preview:large","max-video-preview":"max-video-preview:-1"},"canonical":"https:\/\/leatai.com\/pt-br\/product\/formato-da-pagina-interna\/paginas-internas-a5\/lgp-um-dia-por-pagina-a25k\/","og_locale":"pt_BR","og_type":"article","og_title":"LGP \u2013 um dia por p\u00e1gina \u2013 A25K - P\u00e1ginas internas do di\u00e1rio comercial - Leatai \u2013 Fabricante de cadernos personalizados","og_description":"Formato das p\u00e1ginas internas da agenda comercial: um dia por p\u00e1gina Papel: papel Daolin branco Tamanho: 25K (A5) Espessura: 65 libras (176 folhas por caderno, 352 p\u00e1ginas) Impress\u00e3o: duas cores Conte\u00fado: calend\u00e1rio anual + um dia por p\u00e1gina (s\u00e1bado e domingo dividem uma p\u00e1gina) + \u00edndice mensal.","og_url":"https:\/\/leatai.com\/pt-br\/product\/formato-da-pagina-interna\/paginas-internas-a5\/lgp-um-dia-por-pagina-a25k\/","og_site_name":"Leatai \u2013 Fabricante de cadernos personalizados","article_modified_time":"2025-11-27T02:11:25+00:00","og_image":[{"width":2560,"height":1771,"url":"https:\/\/leatai.com\/wp-content\/uploads\/2020_02_11_1057560-scaled-1.jpg","type":"image\/jpeg"}],"twitter_card":"summary_large_image","twitter_misc":{"Est. tempo de leitura":"1 minuto"},"schema":{"@context":"https:\/\/schema.org","@graph":[{"@type":"WebPage","@id":"https:\/\/leatai.com\/pt-br\/product\/formato-da-pagina-interna\/paginas-internas-a5\/lgp-um-dia-por-pagina-a25k\/","url":"https:\/\/leatai.com\/pt-br\/product\/formato-da-pagina-interna\/paginas-internas-a5\/lgp-um-dia-por-pagina-a25k\/","name":"LGP \u2013 um dia por p\u00e1gina \u2013 A25K - P\u00e1ginas internas do di\u00e1rio comercial - Leatai \u2013 Fabricante de cadernos personalizados","isPartOf":{"@id":"https:\/\/leatai.com\/pt-br\/#website"},"primaryImageOfPage":{"@id":"https:\/\/leatai.com\/pt-br\/product\/formato-da-pagina-interna\/paginas-internas-a5\/lgp-um-dia-por-pagina-a25k\/#primaryimage"},"image":{"@id":"https:\/\/leatai.com\/pt-br\/product\/formato-da-pagina-interna\/paginas-internas-a5\/lgp-um-dia-por-pagina-a25k\/#primaryimage"},"thumbnailUrl":"https:\/\/leatai.com\/wp-content\/uploads\/2020_02_11_1057560-scaled-1.jpg","datePublished":"2021-06-24T05:17:30+00:00","dateModified":"2025-11-27T02:11:25+00:00","description":"Formato das p\u00e1ginas internas da agenda comercial: um dia por p\u00e1gina Papel: papel Daolin branco Tamanho: 25K (A5) Espessura: 65 libras (176 folhas por caderno, 352 p\u00e1ginas) Impress\u00e3o: duas cores Conte\u00fado: calend\u00e1rio anual + um dia por p\u00e1gina (s\u00e1bado e domingo dividem uma p\u00e1gina) + \u00edndice mensal.","breadcrumb":{"@id":"https:\/\/leatai.com\/pt-br\/product\/formato-da-pagina-interna\/paginas-internas-a5\/lgp-um-dia-por-pagina-a25k\/#breadcrumb"},"inLanguage":"pt-BR","potentialAction":[{"@type":"ReadAction","target":["https:\/\/leatai.com\/pt-br\/product\/formato-da-pagina-interna\/paginas-internas-a5\/lgp-um-dia-por-pagina-a25k\/"]}]},{"@type":"ImageObject","inLanguage":"pt-BR","@id":"https:\/\/leatai.com\/pt-br\/product\/formato-da-pagina-interna\/paginas-internas-a5\/lgp-um-dia-por-pagina-a25k\/#primaryimage","url":"https:\/\/leatai.com\/wp-content\/uploads\/2020_02_11_1057560-scaled-1.jpg","contentUrl":"https:\/\/leatai.com\/wp-content\/uploads\/2020_02_11_1057560-scaled-1.jpg","width":2560,"height":1771,"caption":"P\u00e1ginas internas do di\u00e1rio comercial"},{"@type":"BreadcrumbList","@id":"https:\/\/leatai.com\/pt-br\/product\/formato-da-pagina-interna\/paginas-internas-a5\/lgp-um-dia-por-pagina-a25k\/#breadcrumb","itemListElement":[{"@type":"ListItem","position":1,"name":"Home","item":"https:\/\/leatai.com\/pt-br\/"},{"@type":"ListItem","position":2,"name":"Apresenta\u00e7\u00e3o de produtos","item":"https:\/\/leatai.com\/products\/"},{"@type":"ListItem","position":3,"name":"Formato da P\u00e1gina Interna","item":"https:\/\/leatai.com\/pt-br\/categoria-produto\/formato-da-pagina-interna\/"},{"@type":"ListItem","position":4,"name":"P\u00e1ginas Internas A5","item":"https:\/\/leatai.com\/pt-br\/categoria-produto\/formato-da-pagina-interna\/paginas-internas-a5\/"},{"@type":"ListItem","position":5,"name":"LGP \u2013 um dia por p\u00e1gina \u2013 A25K"}]},{"@type":"WebSite","@id":"https:\/\/leatai.com\/pt-br\/#website","url":"https:\/\/leatai.com\/pt-br\/","name":"Leatai \u2013 Fabricante de cadernos personalizados","description":"A Leatai fornece cadernos e planejadores personalizados para marcas e distribuidores em todo o mundo.","publisher":{"@id":"https:\/\/leatai.com\/pt-br\/#organization"},"potentialAction":[{"@type":"SearchAction","target":{"@type":"EntryPoint","urlTemplate":"https:\/\/leatai.com\/pt-br\/?s={search_term_string}"},"query-input":{"@type":"PropertyValueSpecification","valueRequired":true,"valueName":"search_term_string"}}],"inLanguage":"pt-BR"},{"@type":"Organization","@id":"https:\/\/leatai.com\/pt-br\/#organization","name":"Leatai Diary, customized journal and business organizer","url":"https:\/\/leatai.com\/pt-br\/","logo":{"@type":"ImageObject","inLanguage":"pt-BR","@id":"https:\/\/leatai.com\/pt-br\/#\/schema\/logo\/image\/","url":"https:\/\/leatai.com\/wp-content\/uploads\/logo-blue.png","contentUrl":"https:\/\/leatai.com\/wp-content\/uploads\/logo-blue.png","width":230,"height":60,"caption":"Leatai Diary, customized journal and business organizer"},"image":{"@id":"https:\/\/leatai.com\/pt-br\/#\/schema\/logo\/image\/"}}]}},"_links":{"self":[{"href":"https:\/\/leatai.com\/pt-br\/wp-json\/wp\/v2\/product\/233706","targetHints":{"allow":["GET"]}}],"collection":[{"href":"https:\/\/leatai.com\/pt-br\/wp-json\/wp\/v2\/product"}],"about":[{"href":"https:\/\/leatai.com\/pt-br\/wp-json\/wp\/v2\/types\/product"}],"wp:featuredmedia":[{"embeddable":true,"href":"https:\/\/leatai.com\/pt-br\/wp-json\/wp\/v2\/media\/233707"}],"wp:attachment":[{"href":"https:\/\/leatai.com\/pt-br\/wp-json\/wp\/v2\/media?parent=233706"}],"wp:term":[{"taxonomy":"product_brand","embeddable":true,"href":"https:\/\/leatai.com\/pt-br\/wp-json\/wp\/v2\/product_brand?post=233706"},{"taxonomy":"product_cat","embeddable":true,"href":"https:\/\/leatai.com\/pt-br\/wp-json\/wp\/v2\/product_cat?post=233706"},{"taxonomy":"product_tag","embeddable":true,"href":"https:\/\/leatai.com\/pt-br\/wp-json\/wp\/v2\/product_tag?post=233706"},{"taxonomy":"home_works","embeddable":true,"href":"https:\/\/leatai.com\/pt-br\/wp-json\/wp\/v2\/home_works?post=233706"}],"curies":[{"name":"wp","href":"https:\/\/api.w.org\/{rel}","templated":true}]}}