{"id":233608,"date":"2021-06-24T13:17:30","date_gmt":"2021-06-24T05:17:30","guid":{"rendered":"https:\/\/leatai.com\/product\/sem%20categoria\/lgp-tres-a-esquerda-e-quatro-a-direita-formato-horizontal-a25k\/"},"modified":"2025-11-27T09:30:37","modified_gmt":"2025-11-27T01:30:37","slug":"lgp-tres-a-esquerda-e-quatro-a-direita-formato-horizontal-a25k","status":"publish","type":"product","link":"https:\/\/leatai.com\/pt-br\/product\/formato-da-pagina-interna\/paginas-internas-a5\/lgp-tres-a-esquerda-e-quatro-a-direita-formato-horizontal-a25k\/","title":{"rendered":"LGP \u2013 tr\u00eas \u00e0 esquerda e quatro \u00e0 direita, formato horizontal \u2013 A25K"},"content":{"rendered":"<p>Papel: papel Daolin branco<br \/>\nTamanho: <a href=\"https:\/\/leatai.com\/pt-br\/faq\/quais-sao-os-tamanhos-de-planejadores-8k-16k-e-25k-qual-e-o-tamanho-deles\/\" target=\"_blank\" rel=\"noopener\">25K (A5)<\/a> <a href=\"https:\/\/leatai.com\/pt-br\/faq\/quais-sao-os-tamanhos-de-planejadores-8k-16k-e-25k-qual-e-o-tamanho-deles\/\" target=\"_blank\" rel=\"noopener\">(explica\u00e7\u00e3o detalhada dos tamanhos de agendas comerciais e tabela de compara\u00e7\u00e3o)<\/a><br \/>\nEspessura: 80 libras (80 folhas por caderno, 160 p\u00e1ginas)<br \/>\nImpress\u00e3o: duas cores<br \/>\nConte\u00fado: calend\u00e1rio anual + planejamento mensal + 3 dias \u00e0 esquerda e 4 dias \u00e0 direita + se\u00e7\u00e3o de informa\u00e7\u00f5es<\/p>\n<p>P.1 tabela de feriados e datas comemorativas<br \/>\nP.2~P.3 calend\u00e1rio anual<br \/>\nP.4~P.5 planejamento anual<br \/>\nP.6~P.29 planejamento mensal<br \/>\nP.30~P.135 3 dias \u00e0 esquerda e 4 dias \u00e0 direita (janeiro a dezembro do ano corrente)<br \/>\nP.136~P.151 se\u00e7\u00e3o de informa\u00e7\u00f5es (c\u00f3digos internacionais e fusos hor\u00e1rios, c\u00f3digos postais, lista de telefones de servi\u00e7os, lista de companhias a\u00e9reas internacionais, tabela de convers\u00e3o de unidades, tabela de volume, telefones de servi\u00e7os de transporte, mapa do metr\u00f4, mapa de rodovias, lista de contatos)<br \/>\nP.152~P.160 p\u00e1ginas pautadas<\/p>\n","protected":false},"excerpt":{"rendered":"<p>Papel: papel Daolin branco Tamanho: 25K (A5) (explica\u00e7\u00e3o detalhada dos tamanhos de agendas comerciais e tabela de compara\u00e7\u00e3o) Espessura: 80 libras (80 folhas por caderno, 160 p\u00e1ginas) Impress\u00e3o: duas cores Conte\u00fado: calend\u00e1rio anual + planejamento mensal + 3 dias \u00e0 esquerda e 4 dias \u00e0 direita + se\u00e7\u00e3o de informa\u00e7\u00f5es P.1 tabela de feriados e [&hellip;]<\/p>\n","protected":false},"featured_media":233612,"template":"","meta":{"_acf_changed":false},"product_brand":[],"product_cat":[977,1003],"product_tag":[1610,1611,1608],"home_works":[],"class_list":{"0":"post-233608","1":"product","2":"type-product","3":"status-publish","4":"has-post-thumbnail","6":"product_cat-formato-da-pagina-interna","7":"product_cat-paginas-internas-a5","8":"product_tag-25k","9":"product_tag-a5","10":"product_tag-paginas-internas-de-agenda-comercial","12":"first","13":"instock","14":"sold-individually","15":"shipping-taxable","16":"purchasable","17":"product-type-simple"},"acf":[],"yoast_head":"<!-- This site is optimized with the Yoast SEO plugin v27.2 - https:\/\/yoast.com\/product\/yoast-seo-wordpress\/ -->\n<title>LGP \u2013 tr\u00eas \u00e0 esquerda e quatro \u00e0 direita, formato horizontal \u2013 A25K - P\u00e1ginas internas do di\u00e1rio comercial - Leatai \u2013 Fabricante de cadernos personalizados<\/title>\n<meta name=\"description\" content=\"Formato das p\u00e1ginas internas da agenda comercial: tr\u00eas dias \u00e0 esquerda e quatro \u00e0 direita, em orienta\u00e7\u00e3o horizontal Papel: papel Daolin branco Tamanho: 25K (A5) Espessura: 80 libras (80 folhas por caderno, 160 p\u00e1ginas) Impress\u00e3o: duas cores Conte\u00fado: calend\u00e1rio anual + planejamento mensal + tr\u00eas dias \u00e0 esquerda e quatro \u00e0 direita + se\u00e7\u00e3o de informa\u00e7\u00f5es.\" \/>\n<meta name=\"robots\" content=\"index, follow, max-snippet:-1, max-image-preview:large, max-video-preview:-1\" \/>\n<link rel=\"canonical\" href=\"https:\/\/leatai.com\/pt-br\/product\/formato-da-pagina-interna\/paginas-internas-a5\/lgp-tres-a-esquerda-e-quatro-a-direita-formato-horizontal-a25k\/\" \/>\n<meta property=\"og:locale\" content=\"pt_BR\" \/>\n<meta property=\"og:type\" content=\"article\" \/>\n<meta property=\"og:title\" content=\"LGP \u2013 tr\u00eas \u00e0 esquerda e quatro \u00e0 direita, formato horizontal \u2013 A25K - P\u00e1ginas internas do di\u00e1rio comercial - Leatai \u2013 Fabricante de cadernos personalizados\" \/>\n<meta property=\"og:description\" content=\"Formato das p\u00e1ginas internas da agenda comercial: tr\u00eas dias \u00e0 esquerda e quatro \u00e0 direita, em orienta\u00e7\u00e3o horizontal Papel: papel Daolin branco Tamanho: 25K (A5) Espessura: 80 libras (80 folhas por caderno, 160 p\u00e1ginas) Impress\u00e3o: duas cores Conte\u00fado: calend\u00e1rio anual + planejamento mensal + tr\u00eas dias \u00e0 esquerda e quatro \u00e0 direita + se\u00e7\u00e3o de informa\u00e7\u00f5es.\" \/>\n<meta property=\"og:url\" content=\"https:\/\/leatai.com\/pt-br\/product\/formato-da-pagina-interna\/paginas-internas-a5\/lgp-tres-a-esquerda-e-quatro-a-direita-formato-horizontal-a25k\/\" \/>\n<meta property=\"og:site_name\" content=\"Leatai \u2013 Fabricante de cadernos personalizados\" \/>\n<meta property=\"article:modified_time\" content=\"2025-11-27T01:30:37+00:00\" \/>\n<meta property=\"og:image\" content=\"https:\/\/leatai.com\/wp-content\/uploads\/\u5de6\u4e09\u53f3\u56db-01-1-scaled.jpg\" \/>\n\t<meta property=\"og:image:width\" content=\"2560\" \/>\n\t<meta property=\"og:image:height\" content=\"1776\" \/>\n\t<meta property=\"og:image:type\" content=\"image\/jpeg\" \/>\n<meta name=\"twitter:card\" content=\"summary_large_image\" \/>\n<meta name=\"twitter:label1\" content=\"Est. tempo de leitura\" \/>\n\t<meta name=\"twitter:data1\" content=\"1 minuto\" \/>\n<script type=\"application\/ld+json\" class=\"yoast-schema-graph\">{\"@context\":\"https:\/\/schema.org\",\"@graph\":[{\"@type\":\"WebPage\",\"@id\":\"https:\/\/leatai.com\/pt-br\/product\/formato-da-pagina-interna\/paginas-internas-a5\/lgp-tres-a-esquerda-e-quatro-a-direita-formato-horizontal-a25k\/\",\"url\":\"https:\/\/leatai.com\/pt-br\/product\/formato-da-pagina-interna\/paginas-internas-a5\/lgp-tres-a-esquerda-e-quatro-a-direita-formato-horizontal-a25k\/\",\"name\":\"LGP \u2013 tr\u00eas \u00e0 esquerda e quatro \u00e0 direita, formato horizontal \u2013 A25K - P\u00e1ginas internas do di\u00e1rio comercial - Leatai \u2013 Fabricante de cadernos personalizados\",\"isPartOf\":{\"@id\":\"https:\/\/leatai.com\/pt-br\/#website\"},\"primaryImageOfPage\":{\"@id\":\"https:\/\/leatai.com\/pt-br\/product\/formato-da-pagina-interna\/paginas-internas-a5\/lgp-tres-a-esquerda-e-quatro-a-direita-formato-horizontal-a25k\/#primaryimage\"},\"image\":{\"@id\":\"https:\/\/leatai.com\/pt-br\/product\/formato-da-pagina-interna\/paginas-internas-a5\/lgp-tres-a-esquerda-e-quatro-a-direita-formato-horizontal-a25k\/#primaryimage\"},\"thumbnailUrl\":\"https:\/\/leatai.com\/wp-content\/uploads\/\u5de6\u4e09\u53f3\u56db-01-1-scaled.jpg\",\"datePublished\":\"2021-06-24T05:17:30+00:00\",\"dateModified\":\"2025-11-27T01:30:37+00:00\",\"description\":\"Formato das p\u00e1ginas internas da agenda comercial: tr\u00eas dias \u00e0 esquerda e quatro \u00e0 direita, em orienta\u00e7\u00e3o horizontal Papel: papel Daolin branco Tamanho: 25K (A5) Espessura: 80 libras (80 folhas por caderno, 160 p\u00e1ginas) Impress\u00e3o: duas cores Conte\u00fado: calend\u00e1rio anual + planejamento mensal + tr\u00eas dias \u00e0 esquerda e quatro \u00e0 direita + se\u00e7\u00e3o de informa\u00e7\u00f5es.\",\"breadcrumb\":{\"@id\":\"https:\/\/leatai.com\/pt-br\/product\/formato-da-pagina-interna\/paginas-internas-a5\/lgp-tres-a-esquerda-e-quatro-a-direita-formato-horizontal-a25k\/#breadcrumb\"},\"inLanguage\":\"pt-BR\",\"potentialAction\":[{\"@type\":\"ReadAction\",\"target\":[\"https:\/\/leatai.com\/pt-br\/product\/formato-da-pagina-interna\/paginas-internas-a5\/lgp-tres-a-esquerda-e-quatro-a-direita-formato-horizontal-a25k\/\"]}]},{\"@type\":\"ImageObject\",\"inLanguage\":\"pt-BR\",\"@id\":\"https:\/\/leatai.com\/pt-br\/product\/formato-da-pagina-interna\/paginas-internas-a5\/lgp-tres-a-esquerda-e-quatro-a-direita-formato-horizontal-a25k\/#primaryimage\",\"url\":\"https:\/\/leatai.com\/wp-content\/uploads\/\u5de6\u4e09\u53f3\u56db-01-1-scaled.jpg\",\"contentUrl\":\"https:\/\/leatai.com\/wp-content\/uploads\/\u5de6\u4e09\u53f3\u56db-01-1-scaled.jpg\",\"width\":2560,\"height\":1776,\"caption\":\"P\u00e1ginas internas do di\u00e1rio comercial\"},{\"@type\":\"BreadcrumbList\",\"@id\":\"https:\/\/leatai.com\/pt-br\/product\/formato-da-pagina-interna\/paginas-internas-a5\/lgp-tres-a-esquerda-e-quatro-a-direita-formato-horizontal-a25k\/#breadcrumb\",\"itemListElement\":[{\"@type\":\"ListItem\",\"position\":1,\"name\":\"Home\",\"item\":\"https:\/\/leatai.com\/pt-br\/\"},{\"@type\":\"ListItem\",\"position\":2,\"name\":\"Apresenta\u00e7\u00e3o de produtos\",\"item\":\"https:\/\/leatai.com\/products\/\"},{\"@type\":\"ListItem\",\"position\":3,\"name\":\"Formato da P\u00e1gina Interna\",\"item\":\"https:\/\/leatai.com\/pt-br\/categoria-produto\/formato-da-pagina-interna\/\"},{\"@type\":\"ListItem\",\"position\":4,\"name\":\"P\u00e1ginas Internas A5\",\"item\":\"https:\/\/leatai.com\/pt-br\/categoria-produto\/formato-da-pagina-interna\/paginas-internas-a5\/\"},{\"@type\":\"ListItem\",\"position\":5,\"name\":\"LGP \u2013 tr\u00eas \u00e0 esquerda e quatro \u00e0 direita, formato horizontal \u2013 A25K\"}]},{\"@type\":\"WebSite\",\"@id\":\"https:\/\/leatai.com\/pt-br\/#website\",\"url\":\"https:\/\/leatai.com\/pt-br\/\",\"name\":\"Leatai \u2013 Fabricante de cadernos personalizados\",\"description\":\"A Leatai fornece cadernos e planejadores personalizados para marcas e distribuidores em todo o mundo.\",\"publisher\":{\"@id\":\"https:\/\/leatai.com\/pt-br\/#organization\"},\"potentialAction\":[{\"@type\":\"SearchAction\",\"target\":{\"@type\":\"EntryPoint\",\"urlTemplate\":\"https:\/\/leatai.com\/pt-br\/?s={search_term_string}\"},\"query-input\":{\"@type\":\"PropertyValueSpecification\",\"valueRequired\":true,\"valueName\":\"search_term_string\"}}],\"inLanguage\":\"pt-BR\"},{\"@type\":\"Organization\",\"@id\":\"https:\/\/leatai.com\/pt-br\/#organization\",\"name\":\"Leatai Diary, customized journal and business organizer\",\"url\":\"https:\/\/leatai.com\/pt-br\/\",\"logo\":{\"@type\":\"ImageObject\",\"inLanguage\":\"pt-BR\",\"@id\":\"https:\/\/leatai.com\/pt-br\/#\/schema\/logo\/image\/\",\"url\":\"https:\/\/leatai.com\/wp-content\/uploads\/logo-blue.png\",\"contentUrl\":\"https:\/\/leatai.com\/wp-content\/uploads\/logo-blue.png\",\"width\":230,\"height\":60,\"caption\":\"Leatai Diary, customized journal and business organizer\"},\"image\":{\"@id\":\"https:\/\/leatai.com\/pt-br\/#\/schema\/logo\/image\/\"}}]}<\/script>\n<!-- \/ Yoast SEO plugin. -->","yoast_head_json":{"title":"LGP \u2013 tr\u00eas \u00e0 esquerda e quatro \u00e0 direita, formato horizontal \u2013 A25K - P\u00e1ginas internas do di\u00e1rio comercial - Leatai \u2013 Fabricante de cadernos personalizados","description":"Formato das p\u00e1ginas internas da agenda comercial: tr\u00eas dias \u00e0 esquerda e quatro \u00e0 direita, em orienta\u00e7\u00e3o horizontal Papel: papel Daolin branco Tamanho: 25K (A5) Espessura: 80 libras (80 folhas por caderno, 160 p\u00e1ginas) Impress\u00e3o: duas cores Conte\u00fado: calend\u00e1rio anual + planejamento mensal + tr\u00eas dias \u00e0 esquerda e quatro \u00e0 direita + se\u00e7\u00e3o de informa\u00e7\u00f5es.","robots":{"index":"index","follow":"follow","max-snippet":"max-snippet:-1","max-image-preview":"max-image-preview:large","max-video-preview":"max-video-preview:-1"},"canonical":"https:\/\/leatai.com\/pt-br\/product\/formato-da-pagina-interna\/paginas-internas-a5\/lgp-tres-a-esquerda-e-quatro-a-direita-formato-horizontal-a25k\/","og_locale":"pt_BR","og_type":"article","og_title":"LGP \u2013 tr\u00eas \u00e0 esquerda e quatro \u00e0 direita, formato horizontal \u2013 A25K - P\u00e1ginas internas do di\u00e1rio comercial - Leatai \u2013 Fabricante de cadernos personalizados","og_description":"Formato das p\u00e1ginas internas da agenda comercial: tr\u00eas dias \u00e0 esquerda e quatro \u00e0 direita, em orienta\u00e7\u00e3o horizontal Papel: papel Daolin branco Tamanho: 25K (A5) Espessura: 80 libras (80 folhas por caderno, 160 p\u00e1ginas) Impress\u00e3o: duas cores Conte\u00fado: calend\u00e1rio anual + planejamento mensal + tr\u00eas dias \u00e0 esquerda e quatro \u00e0 direita + se\u00e7\u00e3o de informa\u00e7\u00f5es.","og_url":"https:\/\/leatai.com\/pt-br\/product\/formato-da-pagina-interna\/paginas-internas-a5\/lgp-tres-a-esquerda-e-quatro-a-direita-formato-horizontal-a25k\/","og_site_name":"Leatai \u2013 Fabricante de cadernos personalizados","article_modified_time":"2025-11-27T01:30:37+00:00","og_image":[{"width":2560,"height":1776,"url":"https:\/\/leatai.com\/wp-content\/uploads\/\u5de6\u4e09\u53f3\u56db-01-1-scaled.jpg","type":"image\/jpeg"}],"twitter_card":"summary_large_image","twitter_misc":{"Est. tempo de leitura":"1 minuto"},"schema":{"@context":"https:\/\/schema.org","@graph":[{"@type":"WebPage","@id":"https:\/\/leatai.com\/pt-br\/product\/formato-da-pagina-interna\/paginas-internas-a5\/lgp-tres-a-esquerda-e-quatro-a-direita-formato-horizontal-a25k\/","url":"https:\/\/leatai.com\/pt-br\/product\/formato-da-pagina-interna\/paginas-internas-a5\/lgp-tres-a-esquerda-e-quatro-a-direita-formato-horizontal-a25k\/","name":"LGP \u2013 tr\u00eas \u00e0 esquerda e quatro \u00e0 direita, formato horizontal \u2013 A25K - P\u00e1ginas internas do di\u00e1rio comercial - Leatai \u2013 Fabricante de cadernos personalizados","isPartOf":{"@id":"https:\/\/leatai.com\/pt-br\/#website"},"primaryImageOfPage":{"@id":"https:\/\/leatai.com\/pt-br\/product\/formato-da-pagina-interna\/paginas-internas-a5\/lgp-tres-a-esquerda-e-quatro-a-direita-formato-horizontal-a25k\/#primaryimage"},"image":{"@id":"https:\/\/leatai.com\/pt-br\/product\/formato-da-pagina-interna\/paginas-internas-a5\/lgp-tres-a-esquerda-e-quatro-a-direita-formato-horizontal-a25k\/#primaryimage"},"thumbnailUrl":"https:\/\/leatai.com\/wp-content\/uploads\/\u5de6\u4e09\u53f3\u56db-01-1-scaled.jpg","datePublished":"2021-06-24T05:17:30+00:00","dateModified":"2025-11-27T01:30:37+00:00","description":"Formato das p\u00e1ginas internas da agenda comercial: tr\u00eas dias \u00e0 esquerda e quatro \u00e0 direita, em orienta\u00e7\u00e3o horizontal Papel: papel Daolin branco Tamanho: 25K (A5) Espessura: 80 libras (80 folhas por caderno, 160 p\u00e1ginas) Impress\u00e3o: duas cores Conte\u00fado: calend\u00e1rio anual + planejamento mensal + tr\u00eas dias \u00e0 esquerda e quatro \u00e0 direita + se\u00e7\u00e3o de informa\u00e7\u00f5es.","breadcrumb":{"@id":"https:\/\/leatai.com\/pt-br\/product\/formato-da-pagina-interna\/paginas-internas-a5\/lgp-tres-a-esquerda-e-quatro-a-direita-formato-horizontal-a25k\/#breadcrumb"},"inLanguage":"pt-BR","potentialAction":[{"@type":"ReadAction","target":["https:\/\/leatai.com\/pt-br\/product\/formato-da-pagina-interna\/paginas-internas-a5\/lgp-tres-a-esquerda-e-quatro-a-direita-formato-horizontal-a25k\/"]}]},{"@type":"ImageObject","inLanguage":"pt-BR","@id":"https:\/\/leatai.com\/pt-br\/product\/formato-da-pagina-interna\/paginas-internas-a5\/lgp-tres-a-esquerda-e-quatro-a-direita-formato-horizontal-a25k\/#primaryimage","url":"https:\/\/leatai.com\/wp-content\/uploads\/\u5de6\u4e09\u53f3\u56db-01-1-scaled.jpg","contentUrl":"https:\/\/leatai.com\/wp-content\/uploads\/\u5de6\u4e09\u53f3\u56db-01-1-scaled.jpg","width":2560,"height":1776,"caption":"P\u00e1ginas internas do di\u00e1rio comercial"},{"@type":"BreadcrumbList","@id":"https:\/\/leatai.com\/pt-br\/product\/formato-da-pagina-interna\/paginas-internas-a5\/lgp-tres-a-esquerda-e-quatro-a-direita-formato-horizontal-a25k\/#breadcrumb","itemListElement":[{"@type":"ListItem","position":1,"name":"Home","item":"https:\/\/leatai.com\/pt-br\/"},{"@type":"ListItem","position":2,"name":"Apresenta\u00e7\u00e3o de produtos","item":"https:\/\/leatai.com\/products\/"},{"@type":"ListItem","position":3,"name":"Formato da P\u00e1gina Interna","item":"https:\/\/leatai.com\/pt-br\/categoria-produto\/formato-da-pagina-interna\/"},{"@type":"ListItem","position":4,"name":"P\u00e1ginas Internas A5","item":"https:\/\/leatai.com\/pt-br\/categoria-produto\/formato-da-pagina-interna\/paginas-internas-a5\/"},{"@type":"ListItem","position":5,"name":"LGP \u2013 tr\u00eas \u00e0 esquerda e quatro \u00e0 direita, formato horizontal \u2013 A25K"}]},{"@type":"WebSite","@id":"https:\/\/leatai.com\/pt-br\/#website","url":"https:\/\/leatai.com\/pt-br\/","name":"Leatai \u2013 Fabricante de cadernos personalizados","description":"A Leatai fornece cadernos e planejadores personalizados para marcas e distribuidores em todo o mundo.","publisher":{"@id":"https:\/\/leatai.com\/pt-br\/#organization"},"potentialAction":[{"@type":"SearchAction","target":{"@type":"EntryPoint","urlTemplate":"https:\/\/leatai.com\/pt-br\/?s={search_term_string}"},"query-input":{"@type":"PropertyValueSpecification","valueRequired":true,"valueName":"search_term_string"}}],"inLanguage":"pt-BR"},{"@type":"Organization","@id":"https:\/\/leatai.com\/pt-br\/#organization","name":"Leatai Diary, customized journal and business organizer","url":"https:\/\/leatai.com\/pt-br\/","logo":{"@type":"ImageObject","inLanguage":"pt-BR","@id":"https:\/\/leatai.com\/pt-br\/#\/schema\/logo\/image\/","url":"https:\/\/leatai.com\/wp-content\/uploads\/logo-blue.png","contentUrl":"https:\/\/leatai.com\/wp-content\/uploads\/logo-blue.png","width":230,"height":60,"caption":"Leatai Diary, customized journal and business organizer"},"image":{"@id":"https:\/\/leatai.com\/pt-br\/#\/schema\/logo\/image\/"}}]}},"_links":{"self":[{"href":"https:\/\/leatai.com\/pt-br\/wp-json\/wp\/v2\/product\/233608","targetHints":{"allow":["GET"]}}],"collection":[{"href":"https:\/\/leatai.com\/pt-br\/wp-json\/wp\/v2\/product"}],"about":[{"href":"https:\/\/leatai.com\/pt-br\/wp-json\/wp\/v2\/types\/product"}],"wp:featuredmedia":[{"embeddable":true,"href":"https:\/\/leatai.com\/pt-br\/wp-json\/wp\/v2\/media\/233612"}],"wp:attachment":[{"href":"https:\/\/leatai.com\/pt-br\/wp-json\/wp\/v2\/media?parent=233608"}],"wp:term":[{"taxonomy":"product_brand","embeddable":true,"href":"https:\/\/leatai.com\/pt-br\/wp-json\/wp\/v2\/product_brand?post=233608"},{"taxonomy":"product_cat","embeddable":true,"href":"https:\/\/leatai.com\/pt-br\/wp-json\/wp\/v2\/product_cat?post=233608"},{"taxonomy":"product_tag","embeddable":true,"href":"https:\/\/leatai.com\/pt-br\/wp-json\/wp\/v2\/product_tag?post=233608"},{"taxonomy":"home_works","embeddable":true,"href":"https:\/\/leatai.com\/pt-br\/wp-json\/wp\/v2\/home_works?post=233608"}],"curies":[{"name":"wp","href":"https:\/\/api.w.org\/{rel}","templated":true}]}}