{"id":233540,"date":"2021-06-24T13:21:40","date_gmt":"2021-06-24T05:21:40","guid":{"rendered":"https:\/\/leatai.com\/product\/sem%20categoria\/servico-terceirizado-de-criacao-de-moldes-modelagem\/"},"modified":"2025-11-26T11:48:54","modified_gmt":"2025-11-26T03:48:54","slug":"servico-terceirizado-de-criacao-de-moldes-modelagem","status":"publish","type":"product","link":"https:\/\/leatai.com\/pt-br\/product\/outras-manufaturas\/servico-terceirizado-de-criacao-de-moldes-modelagem\/","title":{"rendered":"Servi\u00e7o terceirizado de cria\u00e7\u00e3o de moldes (modelagem)."},"content":{"rendered":"<p>Itens de terceiriza\u00e7\u00e3o: cria\u00e7\u00e3o de moldes (modelagem)<br \/>\nDescri\u00e7\u00e3o do conte\u00fado: no processo de desenvolvimento de um produto, a cria\u00e7\u00e3o do molde \u00e9 a etapa mais desafiadora, pois determina toda a estrutura do item. Um pequeno erro de 1 a 2 mm pode fazer com que toda a produ\u00e7\u00e3o falhe. A modelagem manual exige a habilidade e a percep\u00e7\u00e3o tridimensional precisa de artes\u00e3os experientes.<\/p>\n","protected":false},"excerpt":{"rendered":"<p>Servi\u00e7o terceirizado de cria\u00e7\u00e3o de moldes para diversos tipos de cadernos e padr\u00f5es de p\u00e1ginas.<\/p>\n","protected":false},"featured_media":233541,"template":"","meta":{"_acf_changed":false},"product_brand":[],"product_cat":[1159],"product_tag":[],"home_works":[],"class_list":{"0":"post-233540","1":"product","2":"type-product","3":"status-publish","4":"has-post-thumbnail","6":"product_cat-outras-manufaturas","8":"first","9":"instock","10":"sold-individually","11":"shipping-taxable","12":"purchasable","13":"product-type-simple"},"acf":[],"yoast_head":"<!-- This site is optimized with the Yoast SEO plugin v27.2 - https:\/\/yoast.com\/product\/yoast-seo-wordpress\/ -->\n<title>Servi\u00e7o terceirizado de cria\u00e7\u00e3o de moldes (modelagem). - A etapa mais dif\u00edcil no processo de desenvolvimento de um produto. - Leatai \u2013 Fabricante de cadernos personalizados<\/title>\n<meta name=\"description\" content=\"Itens de terceiriza\u00e7\u00e3o: cria\u00e7\u00e3o de moldes (modelagem) Descri\u00e7\u00e3o do conte\u00fado: no processo de desenvolvimento de um produto, a cria\u00e7\u00e3o do molde \u00e9 a etapa mais dif\u00edcil e cr\u00edtica, pois define toda a estrutura do item. Um pequeno desvio de 1 a 2 mm pode causar a falha completa da produ\u00e7\u00e3o. A modelagem manual geralmente depende da excelente percep\u00e7\u00e3o tridimensional de artes\u00e3os experientes.\" \/>\n<meta name=\"robots\" content=\"index, follow, max-snippet:-1, max-image-preview:large, max-video-preview:-1\" \/>\n<link rel=\"canonical\" href=\"https:\/\/leatai.com\/pt-br\/product\/outras-manufaturas\/servico-terceirizado-de-criacao-de-moldes-modelagem\/\" \/>\n<meta property=\"og:locale\" content=\"pt_BR\" \/>\n<meta property=\"og:type\" content=\"article\" \/>\n<meta property=\"og:title\" content=\"Servi\u00e7o terceirizado de cria\u00e7\u00e3o de moldes (modelagem). - A etapa mais dif\u00edcil no processo de desenvolvimento de um produto. - Leatai \u2013 Fabricante de cadernos personalizados\" \/>\n<meta property=\"og:description\" content=\"Itens de terceiriza\u00e7\u00e3o: cria\u00e7\u00e3o de moldes (modelagem) Descri\u00e7\u00e3o do conte\u00fado: no processo de desenvolvimento de um produto, a cria\u00e7\u00e3o do molde \u00e9 a etapa mais dif\u00edcil e cr\u00edtica, pois define toda a estrutura do item. Um pequeno desvio de 1 a 2 mm pode causar a falha completa da produ\u00e7\u00e3o. A modelagem manual geralmente depende da excelente percep\u00e7\u00e3o tridimensional de artes\u00e3os experientes.\" \/>\n<meta property=\"og:url\" content=\"https:\/\/leatai.com\/pt-br\/product\/outras-manufaturas\/servico-terceirizado-de-criacao-de-moldes-modelagem\/\" \/>\n<meta property=\"og:site_name\" content=\"Leatai \u2013 Fabricante de cadernos personalizados\" \/>\n<meta property=\"article:modified_time\" content=\"2025-11-26T03:48:54+00:00\" \/>\n<meta property=\"og:image\" content=\"https:\/\/leatai.com\/wp-content\/uploads\/2016_01_20_1206180.jpg\" \/>\n\t<meta property=\"og:image:width\" content=\"1000\" \/>\n\t<meta property=\"og:image:height\" content=\"750\" \/>\n\t<meta property=\"og:image:type\" content=\"image\/jpeg\" \/>\n<meta name=\"twitter:card\" content=\"summary_large_image\" \/>\n<meta name=\"twitter:label1\" content=\"Est. tempo de leitura\" \/>\n\t<meta name=\"twitter:data1\" content=\"1 minuto\" \/>\n<script type=\"application\/ld+json\" class=\"yoast-schema-graph\">{\"@context\":\"https:\/\/schema.org\",\"@graph\":[{\"@type\":\"WebPage\",\"@id\":\"https:\/\/leatai.com\/pt-br\/product\/outras-manufaturas\/servico-terceirizado-de-criacao-de-moldes-modelagem\/\",\"url\":\"https:\/\/leatai.com\/pt-br\/product\/outras-manufaturas\/servico-terceirizado-de-criacao-de-moldes-modelagem\/\",\"name\":\"Servi\u00e7o terceirizado de cria\u00e7\u00e3o de moldes (modelagem). - A etapa mais dif\u00edcil no processo de desenvolvimento de um produto. - Leatai \u2013 Fabricante de cadernos personalizados\",\"isPartOf\":{\"@id\":\"https:\/\/leatai.com\/pt-br\/#website\"},\"primaryImageOfPage\":{\"@id\":\"https:\/\/leatai.com\/pt-br\/product\/outras-manufaturas\/servico-terceirizado-de-criacao-de-moldes-modelagem\/#primaryimage\"},\"image\":{\"@id\":\"https:\/\/leatai.com\/pt-br\/product\/outras-manufaturas\/servico-terceirizado-de-criacao-de-moldes-modelagem\/#primaryimage\"},\"thumbnailUrl\":\"https:\/\/leatai.com\/wp-content\/uploads\/2016_01_20_1206180.jpg\",\"datePublished\":\"2021-06-24T05:21:40+00:00\",\"dateModified\":\"2025-11-26T03:48:54+00:00\",\"description\":\"Itens de terceiriza\u00e7\u00e3o: cria\u00e7\u00e3o de moldes (modelagem) Descri\u00e7\u00e3o do conte\u00fado: no processo de desenvolvimento de um produto, a cria\u00e7\u00e3o do molde \u00e9 a etapa mais dif\u00edcil e cr\u00edtica, pois define toda a estrutura do item. Um pequeno desvio de 1 a 2 mm pode causar a falha completa da produ\u00e7\u00e3o. A modelagem manual geralmente depende da excelente percep\u00e7\u00e3o tridimensional de artes\u00e3os experientes.\",\"breadcrumb\":{\"@id\":\"https:\/\/leatai.com\/pt-br\/product\/outras-manufaturas\/servico-terceirizado-de-criacao-de-moldes-modelagem\/#breadcrumb\"},\"inLanguage\":\"pt-BR\",\"potentialAction\":[{\"@type\":\"ReadAction\",\"target\":[\"https:\/\/leatai.com\/pt-br\/product\/outras-manufaturas\/servico-terceirizado-de-criacao-de-moldes-modelagem\/\"]}]},{\"@type\":\"ImageObject\",\"inLanguage\":\"pt-BR\",\"@id\":\"https:\/\/leatai.com\/pt-br\/product\/outras-manufaturas\/servico-terceirizado-de-criacao-de-moldes-modelagem\/#primaryimage\",\"url\":\"https:\/\/leatai.com\/wp-content\/uploads\/2016_01_20_1206180.jpg\",\"contentUrl\":\"https:\/\/leatai.com\/wp-content\/uploads\/2016_01_20_1206180.jpg\",\"width\":1000,\"height\":750,\"caption\":\"Servi\u00e7o terceirizado de cria\u00e7\u00e3o de moldes (modelagem).\"},{\"@type\":\"BreadcrumbList\",\"@id\":\"https:\/\/leatai.com\/pt-br\/product\/outras-manufaturas\/servico-terceirizado-de-criacao-de-moldes-modelagem\/#breadcrumb\",\"itemListElement\":[{\"@type\":\"ListItem\",\"position\":1,\"name\":\"Home\",\"item\":\"https:\/\/leatai.com\/pt-br\/\"},{\"@type\":\"ListItem\",\"position\":2,\"name\":\"Apresenta\u00e7\u00e3o de produtos\",\"item\":\"https:\/\/leatai.com\/products\/\"},{\"@type\":\"ListItem\",\"position\":3,\"name\":\"Outras manufaturas\",\"item\":\"https:\/\/leatai.com\/pt-br\/categoria-produto\/outras-manufaturas\/\"},{\"@type\":\"ListItem\",\"position\":4,\"name\":\"Servi\u00e7o terceirizado de cria\u00e7\u00e3o de moldes (modelagem).\"}]},{\"@type\":\"WebSite\",\"@id\":\"https:\/\/leatai.com\/pt-br\/#website\",\"url\":\"https:\/\/leatai.com\/pt-br\/\",\"name\":\"Leatai \u2013 Fabricante de cadernos personalizados\",\"description\":\"A Leatai fornece cadernos e planejadores personalizados para marcas e distribuidores em todo o mundo.\",\"publisher\":{\"@id\":\"https:\/\/leatai.com\/pt-br\/#organization\"},\"potentialAction\":[{\"@type\":\"SearchAction\",\"target\":{\"@type\":\"EntryPoint\",\"urlTemplate\":\"https:\/\/leatai.com\/pt-br\/?s={search_term_string}\"},\"query-input\":{\"@type\":\"PropertyValueSpecification\",\"valueRequired\":true,\"valueName\":\"search_term_string\"}}],\"inLanguage\":\"pt-BR\"},{\"@type\":\"Organization\",\"@id\":\"https:\/\/leatai.com\/pt-br\/#organization\",\"name\":\"Leatai Diary, customized journal and business organizer\",\"url\":\"https:\/\/leatai.com\/pt-br\/\",\"logo\":{\"@type\":\"ImageObject\",\"inLanguage\":\"pt-BR\",\"@id\":\"https:\/\/leatai.com\/pt-br\/#\/schema\/logo\/image\/\",\"url\":\"https:\/\/leatai.com\/wp-content\/uploads\/logo-blue.png\",\"contentUrl\":\"https:\/\/leatai.com\/wp-content\/uploads\/logo-blue.png\",\"width\":230,\"height\":60,\"caption\":\"Leatai Diary, customized journal and business organizer\"},\"image\":{\"@id\":\"https:\/\/leatai.com\/pt-br\/#\/schema\/logo\/image\/\"}}]}<\/script>\n<!-- \/ Yoast SEO plugin. -->","yoast_head_json":{"title":"Servi\u00e7o terceirizado de cria\u00e7\u00e3o de moldes (modelagem). - A etapa mais dif\u00edcil no processo de desenvolvimento de um produto. - Leatai \u2013 Fabricante de cadernos personalizados","description":"Itens de terceiriza\u00e7\u00e3o: cria\u00e7\u00e3o de moldes (modelagem) Descri\u00e7\u00e3o do conte\u00fado: no processo de desenvolvimento de um produto, a cria\u00e7\u00e3o do molde \u00e9 a etapa mais dif\u00edcil e cr\u00edtica, pois define toda a estrutura do item. Um pequeno desvio de 1 a 2 mm pode causar a falha completa da produ\u00e7\u00e3o. A modelagem manual geralmente depende da excelente percep\u00e7\u00e3o tridimensional de artes\u00e3os experientes.","robots":{"index":"index","follow":"follow","max-snippet":"max-snippet:-1","max-image-preview":"max-image-preview:large","max-video-preview":"max-video-preview:-1"},"canonical":"https:\/\/leatai.com\/pt-br\/product\/outras-manufaturas\/servico-terceirizado-de-criacao-de-moldes-modelagem\/","og_locale":"pt_BR","og_type":"article","og_title":"Servi\u00e7o terceirizado de cria\u00e7\u00e3o de moldes (modelagem). - A etapa mais dif\u00edcil no processo de desenvolvimento de um produto. - Leatai \u2013 Fabricante de cadernos personalizados","og_description":"Itens de terceiriza\u00e7\u00e3o: cria\u00e7\u00e3o de moldes (modelagem) Descri\u00e7\u00e3o do conte\u00fado: no processo de desenvolvimento de um produto, a cria\u00e7\u00e3o do molde \u00e9 a etapa mais dif\u00edcil e cr\u00edtica, pois define toda a estrutura do item. Um pequeno desvio de 1 a 2 mm pode causar a falha completa da produ\u00e7\u00e3o. A modelagem manual geralmente depende da excelente percep\u00e7\u00e3o tridimensional de artes\u00e3os experientes.","og_url":"https:\/\/leatai.com\/pt-br\/product\/outras-manufaturas\/servico-terceirizado-de-criacao-de-moldes-modelagem\/","og_site_name":"Leatai \u2013 Fabricante de cadernos personalizados","article_modified_time":"2025-11-26T03:48:54+00:00","og_image":[{"width":1000,"height":750,"url":"https:\/\/leatai.com\/wp-content\/uploads\/2016_01_20_1206180.jpg","type":"image\/jpeg"}],"twitter_card":"summary_large_image","twitter_misc":{"Est. tempo de leitura":"1 minuto"},"schema":{"@context":"https:\/\/schema.org","@graph":[{"@type":"WebPage","@id":"https:\/\/leatai.com\/pt-br\/product\/outras-manufaturas\/servico-terceirizado-de-criacao-de-moldes-modelagem\/","url":"https:\/\/leatai.com\/pt-br\/product\/outras-manufaturas\/servico-terceirizado-de-criacao-de-moldes-modelagem\/","name":"Servi\u00e7o terceirizado de cria\u00e7\u00e3o de moldes (modelagem). - A etapa mais dif\u00edcil no processo de desenvolvimento de um produto. - Leatai \u2013 Fabricante de cadernos personalizados","isPartOf":{"@id":"https:\/\/leatai.com\/pt-br\/#website"},"primaryImageOfPage":{"@id":"https:\/\/leatai.com\/pt-br\/product\/outras-manufaturas\/servico-terceirizado-de-criacao-de-moldes-modelagem\/#primaryimage"},"image":{"@id":"https:\/\/leatai.com\/pt-br\/product\/outras-manufaturas\/servico-terceirizado-de-criacao-de-moldes-modelagem\/#primaryimage"},"thumbnailUrl":"https:\/\/leatai.com\/wp-content\/uploads\/2016_01_20_1206180.jpg","datePublished":"2021-06-24T05:21:40+00:00","dateModified":"2025-11-26T03:48:54+00:00","description":"Itens de terceiriza\u00e7\u00e3o: cria\u00e7\u00e3o de moldes (modelagem) Descri\u00e7\u00e3o do conte\u00fado: no processo de desenvolvimento de um produto, a cria\u00e7\u00e3o do molde \u00e9 a etapa mais dif\u00edcil e cr\u00edtica, pois define toda a estrutura do item. Um pequeno desvio de 1 a 2 mm pode causar a falha completa da produ\u00e7\u00e3o. A modelagem manual geralmente depende da excelente percep\u00e7\u00e3o tridimensional de artes\u00e3os experientes.","breadcrumb":{"@id":"https:\/\/leatai.com\/pt-br\/product\/outras-manufaturas\/servico-terceirizado-de-criacao-de-moldes-modelagem\/#breadcrumb"},"inLanguage":"pt-BR","potentialAction":[{"@type":"ReadAction","target":["https:\/\/leatai.com\/pt-br\/product\/outras-manufaturas\/servico-terceirizado-de-criacao-de-moldes-modelagem\/"]}]},{"@type":"ImageObject","inLanguage":"pt-BR","@id":"https:\/\/leatai.com\/pt-br\/product\/outras-manufaturas\/servico-terceirizado-de-criacao-de-moldes-modelagem\/#primaryimage","url":"https:\/\/leatai.com\/wp-content\/uploads\/2016_01_20_1206180.jpg","contentUrl":"https:\/\/leatai.com\/wp-content\/uploads\/2016_01_20_1206180.jpg","width":1000,"height":750,"caption":"Servi\u00e7o terceirizado de cria\u00e7\u00e3o de moldes (modelagem)."},{"@type":"BreadcrumbList","@id":"https:\/\/leatai.com\/pt-br\/product\/outras-manufaturas\/servico-terceirizado-de-criacao-de-moldes-modelagem\/#breadcrumb","itemListElement":[{"@type":"ListItem","position":1,"name":"Home","item":"https:\/\/leatai.com\/pt-br\/"},{"@type":"ListItem","position":2,"name":"Apresenta\u00e7\u00e3o de produtos","item":"https:\/\/leatai.com\/products\/"},{"@type":"ListItem","position":3,"name":"Outras manufaturas","item":"https:\/\/leatai.com\/pt-br\/categoria-produto\/outras-manufaturas\/"},{"@type":"ListItem","position":4,"name":"Servi\u00e7o terceirizado de cria\u00e7\u00e3o de moldes (modelagem)."}]},{"@type":"WebSite","@id":"https:\/\/leatai.com\/pt-br\/#website","url":"https:\/\/leatai.com\/pt-br\/","name":"Leatai \u2013 Fabricante de cadernos personalizados","description":"A Leatai fornece cadernos e planejadores personalizados para marcas e distribuidores em todo o mundo.","publisher":{"@id":"https:\/\/leatai.com\/pt-br\/#organization"},"potentialAction":[{"@type":"SearchAction","target":{"@type":"EntryPoint","urlTemplate":"https:\/\/leatai.com\/pt-br\/?s={search_term_string}"},"query-input":{"@type":"PropertyValueSpecification","valueRequired":true,"valueName":"search_term_string"}}],"inLanguage":"pt-BR"},{"@type":"Organization","@id":"https:\/\/leatai.com\/pt-br\/#organization","name":"Leatai Diary, customized journal and business organizer","url":"https:\/\/leatai.com\/pt-br\/","logo":{"@type":"ImageObject","inLanguage":"pt-BR","@id":"https:\/\/leatai.com\/pt-br\/#\/schema\/logo\/image\/","url":"https:\/\/leatai.com\/wp-content\/uploads\/logo-blue.png","contentUrl":"https:\/\/leatai.com\/wp-content\/uploads\/logo-blue.png","width":230,"height":60,"caption":"Leatai Diary, customized journal and business organizer"},"image":{"@id":"https:\/\/leatai.com\/pt-br\/#\/schema\/logo\/image\/"}}]}},"_links":{"self":[{"href":"https:\/\/leatai.com\/pt-br\/wp-json\/wp\/v2\/product\/233540","targetHints":{"allow":["GET"]}}],"collection":[{"href":"https:\/\/leatai.com\/pt-br\/wp-json\/wp\/v2\/product"}],"about":[{"href":"https:\/\/leatai.com\/pt-br\/wp-json\/wp\/v2\/types\/product"}],"wp:featuredmedia":[{"embeddable":true,"href":"https:\/\/leatai.com\/pt-br\/wp-json\/wp\/v2\/media\/233541"}],"wp:attachment":[{"href":"https:\/\/leatai.com\/pt-br\/wp-json\/wp\/v2\/media?parent=233540"}],"wp:term":[{"taxonomy":"product_brand","embeddable":true,"href":"https:\/\/leatai.com\/pt-br\/wp-json\/wp\/v2\/product_brand?post=233540"},{"taxonomy":"product_cat","embeddable":true,"href":"https:\/\/leatai.com\/pt-br\/wp-json\/wp\/v2\/product_cat?post=233540"},{"taxonomy":"product_tag","embeddable":true,"href":"https:\/\/leatai.com\/pt-br\/wp-json\/wp\/v2\/product_tag?post=233540"},{"taxonomy":"home_works","embeddable":true,"href":"https:\/\/leatai.com\/pt-br\/wp-json\/wp\/v2\/home_works?post=233540"}],"curies":[{"name":"wp","href":"https:\/\/api.w.org\/{rel}","templated":true}]}}