{"id":233521,"date":"2021-06-24T13:22:00","date_gmt":"2021-06-24T05:22:00","guid":{"rendered":"https:\/\/leatai.com\/product\/sem%20categoria\/servico-terceirizado-de-laminacao-e-colagem-de-materiais-em-couro-aderencia-de-couro\/"},"modified":"2025-11-26T11:44:35","modified_gmt":"2025-11-26T03:44:35","slug":"servico-terceirizado-de-laminacao-e-colagem-de-materiais-em-couro-aderencia-de-couro","status":"publish","type":"product","link":"https:\/\/leatai.com\/pt-br\/product\/outras-manufaturas\/servico-terceirizado-de-laminacao-e-colagem-de-materiais-em-couro-aderencia-de-couro\/","title":{"rendered":"Servi\u00e7o terceirizado de lamina\u00e7\u00e3o e colagem de materiais em couro (ader\u00eancia de couro)."},"content":{"rendered":"<p>Itens de terceiriza\u00e7\u00e3o: lamina\u00e7\u00e3o\/colagem de couro<br \/>\nDescri\u00e7\u00e3o do conte\u00fado: ap\u00f3s o couro ser cortado no tamanho adequado, \u00e9 necess\u00e1rio aplicar cola para aderir outros materiais antes de seguir para as etapas seguintes de produ\u00e7\u00e3o. Cada tipo de material exige um tipo espec\u00edfico de cola. Embora pare\u00e7a simples, trata-se de um processo bastante minucioso e trabalhoso.<\/p>\n<p><iframe title=\"Leather Gluing and Bonding\" width=\"800\" height=\"450\" src=\"https:\/\/www.youtube.com\/embed\/g-Tz9qr5Liw?feature=oembed&#038;enablejsapi=1&#038;origin=https:\/\/leatai.com\" frameborder=\"0\" allow=\"accelerometer; autoplay; clipboard-write; encrypted-media; gyroscope; picture-in-picture; web-share\" referrerpolicy=\"strict-origin-when-cross-origin\" allowfullscreen><\/iframe><\/p>\n","protected":false},"excerpt":{"rendered":"<p>Itens de terceiriza\u00e7\u00e3o: lamina\u00e7\u00e3o\/colagem de couro Descri\u00e7\u00e3o do conte\u00fado: ap\u00f3s o couro ser cortado no tamanho adequado, \u00e9 necess\u00e1rio aplicar cola para aderir outros materiais antes de seguir para as etapas seguintes de produ\u00e7\u00e3o. Cada tipo de material exige um tipo espec\u00edfico de cola. Embora pare\u00e7a simples, trata-se de um processo bastante minucioso e trabalhoso.<\/p>\n","protected":false},"featured_media":233522,"template":"","meta":{"_acf_changed":false},"product_brand":[],"product_cat":[1159],"product_tag":[],"home_works":[],"class_list":{"0":"post-233521","1":"product","2":"type-product","3":"status-publish","4":"has-post-thumbnail","6":"product_cat-outras-manufaturas","8":"first","9":"outofstock","10":"sold-individually","11":"shipping-taxable","12":"purchasable","13":"product-type-variable","14":"has-default-attributes"},"acf":[],"yoast_head":"<!-- This site is optimized with the Yoast SEO plugin v27.2 - https:\/\/yoast.com\/product\/yoast-seo-wordpress\/ -->\n<title>Servi\u00e7o terceirizado de lamina\u00e7\u00e3o e colagem de materiais em couro (ader\u00eancia de couro). - Leatai \u2013 Fabricante de cadernos personalizados<\/title>\n<meta name=\"description\" content=\"Itens de terceiriza\u00e7\u00e3o: lamina\u00e7\u00e3o\/colagem de couro Descri\u00e7\u00e3o do conte\u00fado: ap\u00f3s o couro ser cortado no tamanho adequado, \u00e9 necess\u00e1rio aplicar cola para aderir outros materiais antes de seguir para as pr\u00f3ximas etapas de processamento. Diferentes materiais exigem tipos distintos de cola. Embora pare\u00e7a simples, na pr\u00e1tica \u00e9 um processo bastante detalhado e trabalhoso.\" \/>\n<meta name=\"robots\" content=\"index, follow, max-snippet:-1, max-image-preview:large, max-video-preview:-1\" \/>\n<link rel=\"canonical\" href=\"https:\/\/leatai.com\/pt-br\/product\/outras-manufaturas\/servico-terceirizado-de-laminacao-e-colagem-de-materiais-em-couro-aderencia-de-couro\/\" \/>\n<meta property=\"og:locale\" content=\"pt_BR\" \/>\n<meta property=\"og:type\" content=\"article\" \/>\n<meta property=\"og:title\" content=\"Servi\u00e7o terceirizado de lamina\u00e7\u00e3o e colagem de materiais em couro (ader\u00eancia de couro). - Leatai \u2013 Fabricante de cadernos personalizados\" \/>\n<meta property=\"og:description\" content=\"Itens de terceiriza\u00e7\u00e3o: lamina\u00e7\u00e3o\/colagem de couro Descri\u00e7\u00e3o do conte\u00fado: ap\u00f3s o couro ser cortado no tamanho adequado, \u00e9 necess\u00e1rio aplicar cola para aderir outros materiais antes de seguir para as pr\u00f3ximas etapas de processamento. Diferentes materiais exigem tipos distintos de cola. Embora pare\u00e7a simples, na pr\u00e1tica \u00e9 um processo bastante detalhado e trabalhoso.\" \/>\n<meta property=\"og:url\" content=\"https:\/\/leatai.com\/pt-br\/product\/outras-manufaturas\/servico-terceirizado-de-laminacao-e-colagem-de-materiais-em-couro-aderencia-de-couro\/\" \/>\n<meta property=\"og:site_name\" content=\"Leatai \u2013 Fabricante de cadernos personalizados\" \/>\n<meta property=\"article:modified_time\" content=\"2025-11-26T03:44:35+00:00\" \/>\n<meta property=\"og:image\" content=\"https:\/\/leatai.com\/wp-content\/uploads\/2016_01_20_1509170.jpg\" \/>\n\t<meta property=\"og:image:width\" content=\"1000\" \/>\n\t<meta property=\"og:image:height\" content=\"750\" \/>\n\t<meta property=\"og:image:type\" content=\"image\/jpeg\" \/>\n<meta name=\"twitter:card\" content=\"summary_large_image\" \/>\n<meta name=\"twitter:label1\" content=\"Est. tempo de leitura\" \/>\n\t<meta name=\"twitter:data1\" content=\"1 minuto\" \/>\n<script type=\"application\/ld+json\" class=\"yoast-schema-graph\">{\"@context\":\"https:\/\/schema.org\",\"@graph\":[{\"@type\":\"WebPage\",\"@id\":\"https:\/\/leatai.com\/pt-br\/product\/outras-manufaturas\/servico-terceirizado-de-laminacao-e-colagem-de-materiais-em-couro-aderencia-de-couro\/\",\"url\":\"https:\/\/leatai.com\/pt-br\/product\/outras-manufaturas\/servico-terceirizado-de-laminacao-e-colagem-de-materiais-em-couro-aderencia-de-couro\/\",\"name\":\"Servi\u00e7o terceirizado de lamina\u00e7\u00e3o e colagem de materiais em couro (ader\u00eancia de couro). - Leatai \u2013 Fabricante de cadernos personalizados\",\"isPartOf\":{\"@id\":\"https:\/\/leatai.com\/pt-br\/#website\"},\"primaryImageOfPage\":{\"@id\":\"https:\/\/leatai.com\/pt-br\/product\/outras-manufaturas\/servico-terceirizado-de-laminacao-e-colagem-de-materiais-em-couro-aderencia-de-couro\/#primaryimage\"},\"image\":{\"@id\":\"https:\/\/leatai.com\/pt-br\/product\/outras-manufaturas\/servico-terceirizado-de-laminacao-e-colagem-de-materiais-em-couro-aderencia-de-couro\/#primaryimage\"},\"thumbnailUrl\":\"https:\/\/leatai.com\/wp-content\/uploads\/2016_01_20_1509170.jpg\",\"datePublished\":\"2021-06-24T05:22:00+00:00\",\"dateModified\":\"2025-11-26T03:44:35+00:00\",\"description\":\"Itens de terceiriza\u00e7\u00e3o: lamina\u00e7\u00e3o\/colagem de couro Descri\u00e7\u00e3o do conte\u00fado: ap\u00f3s o couro ser cortado no tamanho adequado, \u00e9 necess\u00e1rio aplicar cola para aderir outros materiais antes de seguir para as pr\u00f3ximas etapas de processamento. Diferentes materiais exigem tipos distintos de cola. Embora pare\u00e7a simples, na pr\u00e1tica \u00e9 um processo bastante detalhado e trabalhoso.\",\"breadcrumb\":{\"@id\":\"https:\/\/leatai.com\/pt-br\/product\/outras-manufaturas\/servico-terceirizado-de-laminacao-e-colagem-de-materiais-em-couro-aderencia-de-couro\/#breadcrumb\"},\"inLanguage\":\"pt-BR\",\"potentialAction\":[{\"@type\":\"ReadAction\",\"target\":[\"https:\/\/leatai.com\/pt-br\/product\/outras-manufaturas\/servico-terceirizado-de-laminacao-e-colagem-de-materiais-em-couro-aderencia-de-couro\/\"]}]},{\"@type\":\"ImageObject\",\"inLanguage\":\"pt-BR\",\"@id\":\"https:\/\/leatai.com\/pt-br\/product\/outras-manufaturas\/servico-terceirizado-de-laminacao-e-colagem-de-materiais-em-couro-aderencia-de-couro\/#primaryimage\",\"url\":\"https:\/\/leatai.com\/wp-content\/uploads\/2016_01_20_1509170.jpg\",\"contentUrl\":\"https:\/\/leatai.com\/wp-content\/uploads\/2016_01_20_1509170.jpg\",\"width\":1000,\"height\":750,\"caption\":\"Servi\u00e7o terceirizado de lamina\u00e7\u00e3o e colagem de couro.\"},{\"@type\":\"BreadcrumbList\",\"@id\":\"https:\/\/leatai.com\/pt-br\/product\/outras-manufaturas\/servico-terceirizado-de-laminacao-e-colagem-de-materiais-em-couro-aderencia-de-couro\/#breadcrumb\",\"itemListElement\":[{\"@type\":\"ListItem\",\"position\":1,\"name\":\"Home\",\"item\":\"https:\/\/leatai.com\/pt-br\/\"},{\"@type\":\"ListItem\",\"position\":2,\"name\":\"Apresenta\u00e7\u00e3o de produtos\",\"item\":\"https:\/\/leatai.com\/products\/\"},{\"@type\":\"ListItem\",\"position\":3,\"name\":\"Outras manufaturas\",\"item\":\"https:\/\/leatai.com\/pt-br\/categoria-produto\/outras-manufaturas\/\"},{\"@type\":\"ListItem\",\"position\":4,\"name\":\"Servi\u00e7o terceirizado de lamina\u00e7\u00e3o e colagem de materiais em couro (ader\u00eancia de couro).\"}]},{\"@type\":\"WebSite\",\"@id\":\"https:\/\/leatai.com\/pt-br\/#website\",\"url\":\"https:\/\/leatai.com\/pt-br\/\",\"name\":\"Leatai \u2013 Fabricante de cadernos personalizados\",\"description\":\"A Leatai fornece cadernos e planejadores personalizados para marcas e distribuidores em todo o mundo.\",\"publisher\":{\"@id\":\"https:\/\/leatai.com\/pt-br\/#organization\"},\"potentialAction\":[{\"@type\":\"SearchAction\",\"target\":{\"@type\":\"EntryPoint\",\"urlTemplate\":\"https:\/\/leatai.com\/pt-br\/?s={search_term_string}\"},\"query-input\":{\"@type\":\"PropertyValueSpecification\",\"valueRequired\":true,\"valueName\":\"search_term_string\"}}],\"inLanguage\":\"pt-BR\"},{\"@type\":\"Organization\",\"@id\":\"https:\/\/leatai.com\/pt-br\/#organization\",\"name\":\"Leatai Diary, customized journal and business organizer\",\"url\":\"https:\/\/leatai.com\/pt-br\/\",\"logo\":{\"@type\":\"ImageObject\",\"inLanguage\":\"pt-BR\",\"@id\":\"https:\/\/leatai.com\/pt-br\/#\/schema\/logo\/image\/\",\"url\":\"https:\/\/leatai.com\/wp-content\/uploads\/logo-blue.png\",\"contentUrl\":\"https:\/\/leatai.com\/wp-content\/uploads\/logo-blue.png\",\"width\":230,\"height\":60,\"caption\":\"Leatai Diary, customized journal and business organizer\"},\"image\":{\"@id\":\"https:\/\/leatai.com\/pt-br\/#\/schema\/logo\/image\/\"}}]}<\/script>\n<!-- \/ Yoast SEO plugin. -->","yoast_head_json":{"title":"Servi\u00e7o terceirizado de lamina\u00e7\u00e3o e colagem de materiais em couro (ader\u00eancia de couro). - Leatai \u2013 Fabricante de cadernos personalizados","description":"Itens de terceiriza\u00e7\u00e3o: lamina\u00e7\u00e3o\/colagem de couro Descri\u00e7\u00e3o do conte\u00fado: ap\u00f3s o couro ser cortado no tamanho adequado, \u00e9 necess\u00e1rio aplicar cola para aderir outros materiais antes de seguir para as pr\u00f3ximas etapas de processamento. Diferentes materiais exigem tipos distintos de cola. Embora pare\u00e7a simples, na pr\u00e1tica \u00e9 um processo bastante detalhado e trabalhoso.","robots":{"index":"index","follow":"follow","max-snippet":"max-snippet:-1","max-image-preview":"max-image-preview:large","max-video-preview":"max-video-preview:-1"},"canonical":"https:\/\/leatai.com\/pt-br\/product\/outras-manufaturas\/servico-terceirizado-de-laminacao-e-colagem-de-materiais-em-couro-aderencia-de-couro\/","og_locale":"pt_BR","og_type":"article","og_title":"Servi\u00e7o terceirizado de lamina\u00e7\u00e3o e colagem de materiais em couro (ader\u00eancia de couro). - Leatai \u2013 Fabricante de cadernos personalizados","og_description":"Itens de terceiriza\u00e7\u00e3o: lamina\u00e7\u00e3o\/colagem de couro Descri\u00e7\u00e3o do conte\u00fado: ap\u00f3s o couro ser cortado no tamanho adequado, \u00e9 necess\u00e1rio aplicar cola para aderir outros materiais antes de seguir para as pr\u00f3ximas etapas de processamento. Diferentes materiais exigem tipos distintos de cola. Embora pare\u00e7a simples, na pr\u00e1tica \u00e9 um processo bastante detalhado e trabalhoso.","og_url":"https:\/\/leatai.com\/pt-br\/product\/outras-manufaturas\/servico-terceirizado-de-laminacao-e-colagem-de-materiais-em-couro-aderencia-de-couro\/","og_site_name":"Leatai \u2013 Fabricante de cadernos personalizados","article_modified_time":"2025-11-26T03:44:35+00:00","og_image":[{"width":1000,"height":750,"url":"https:\/\/leatai.com\/wp-content\/uploads\/2016_01_20_1509170.jpg","type":"image\/jpeg"}],"twitter_card":"summary_large_image","twitter_misc":{"Est. tempo de leitura":"1 minuto"},"schema":{"@context":"https:\/\/schema.org","@graph":[{"@type":"WebPage","@id":"https:\/\/leatai.com\/pt-br\/product\/outras-manufaturas\/servico-terceirizado-de-laminacao-e-colagem-de-materiais-em-couro-aderencia-de-couro\/","url":"https:\/\/leatai.com\/pt-br\/product\/outras-manufaturas\/servico-terceirizado-de-laminacao-e-colagem-de-materiais-em-couro-aderencia-de-couro\/","name":"Servi\u00e7o terceirizado de lamina\u00e7\u00e3o e colagem de materiais em couro (ader\u00eancia de couro). - Leatai \u2013 Fabricante de cadernos personalizados","isPartOf":{"@id":"https:\/\/leatai.com\/pt-br\/#website"},"primaryImageOfPage":{"@id":"https:\/\/leatai.com\/pt-br\/product\/outras-manufaturas\/servico-terceirizado-de-laminacao-e-colagem-de-materiais-em-couro-aderencia-de-couro\/#primaryimage"},"image":{"@id":"https:\/\/leatai.com\/pt-br\/product\/outras-manufaturas\/servico-terceirizado-de-laminacao-e-colagem-de-materiais-em-couro-aderencia-de-couro\/#primaryimage"},"thumbnailUrl":"https:\/\/leatai.com\/wp-content\/uploads\/2016_01_20_1509170.jpg","datePublished":"2021-06-24T05:22:00+00:00","dateModified":"2025-11-26T03:44:35+00:00","description":"Itens de terceiriza\u00e7\u00e3o: lamina\u00e7\u00e3o\/colagem de couro Descri\u00e7\u00e3o do conte\u00fado: ap\u00f3s o couro ser cortado no tamanho adequado, \u00e9 necess\u00e1rio aplicar cola para aderir outros materiais antes de seguir para as pr\u00f3ximas etapas de processamento. Diferentes materiais exigem tipos distintos de cola. Embora pare\u00e7a simples, na pr\u00e1tica \u00e9 um processo bastante detalhado e trabalhoso.","breadcrumb":{"@id":"https:\/\/leatai.com\/pt-br\/product\/outras-manufaturas\/servico-terceirizado-de-laminacao-e-colagem-de-materiais-em-couro-aderencia-de-couro\/#breadcrumb"},"inLanguage":"pt-BR","potentialAction":[{"@type":"ReadAction","target":["https:\/\/leatai.com\/pt-br\/product\/outras-manufaturas\/servico-terceirizado-de-laminacao-e-colagem-de-materiais-em-couro-aderencia-de-couro\/"]}]},{"@type":"ImageObject","inLanguage":"pt-BR","@id":"https:\/\/leatai.com\/pt-br\/product\/outras-manufaturas\/servico-terceirizado-de-laminacao-e-colagem-de-materiais-em-couro-aderencia-de-couro\/#primaryimage","url":"https:\/\/leatai.com\/wp-content\/uploads\/2016_01_20_1509170.jpg","contentUrl":"https:\/\/leatai.com\/wp-content\/uploads\/2016_01_20_1509170.jpg","width":1000,"height":750,"caption":"Servi\u00e7o terceirizado de lamina\u00e7\u00e3o e colagem de couro."},{"@type":"BreadcrumbList","@id":"https:\/\/leatai.com\/pt-br\/product\/outras-manufaturas\/servico-terceirizado-de-laminacao-e-colagem-de-materiais-em-couro-aderencia-de-couro\/#breadcrumb","itemListElement":[{"@type":"ListItem","position":1,"name":"Home","item":"https:\/\/leatai.com\/pt-br\/"},{"@type":"ListItem","position":2,"name":"Apresenta\u00e7\u00e3o de produtos","item":"https:\/\/leatai.com\/products\/"},{"@type":"ListItem","position":3,"name":"Outras manufaturas","item":"https:\/\/leatai.com\/pt-br\/categoria-produto\/outras-manufaturas\/"},{"@type":"ListItem","position":4,"name":"Servi\u00e7o terceirizado de lamina\u00e7\u00e3o e colagem de materiais em couro (ader\u00eancia de couro)."}]},{"@type":"WebSite","@id":"https:\/\/leatai.com\/pt-br\/#website","url":"https:\/\/leatai.com\/pt-br\/","name":"Leatai \u2013 Fabricante de cadernos personalizados","description":"A Leatai fornece cadernos e planejadores personalizados para marcas e distribuidores em todo o mundo.","publisher":{"@id":"https:\/\/leatai.com\/pt-br\/#organization"},"potentialAction":[{"@type":"SearchAction","target":{"@type":"EntryPoint","urlTemplate":"https:\/\/leatai.com\/pt-br\/?s={search_term_string}"},"query-input":{"@type":"PropertyValueSpecification","valueRequired":true,"valueName":"search_term_string"}}],"inLanguage":"pt-BR"},{"@type":"Organization","@id":"https:\/\/leatai.com\/pt-br\/#organization","name":"Leatai Diary, customized journal and business organizer","url":"https:\/\/leatai.com\/pt-br\/","logo":{"@type":"ImageObject","inLanguage":"pt-BR","@id":"https:\/\/leatai.com\/pt-br\/#\/schema\/logo\/image\/","url":"https:\/\/leatai.com\/wp-content\/uploads\/logo-blue.png","contentUrl":"https:\/\/leatai.com\/wp-content\/uploads\/logo-blue.png","width":230,"height":60,"caption":"Leatai Diary, customized journal and business organizer"},"image":{"@id":"https:\/\/leatai.com\/pt-br\/#\/schema\/logo\/image\/"}}]}},"_links":{"self":[{"href":"https:\/\/leatai.com\/pt-br\/wp-json\/wp\/v2\/product\/233521","targetHints":{"allow":["GET"]}}],"collection":[{"href":"https:\/\/leatai.com\/pt-br\/wp-json\/wp\/v2\/product"}],"about":[{"href":"https:\/\/leatai.com\/pt-br\/wp-json\/wp\/v2\/types\/product"}],"wp:featuredmedia":[{"embeddable":true,"href":"https:\/\/leatai.com\/pt-br\/wp-json\/wp\/v2\/media\/233522"}],"wp:attachment":[{"href":"https:\/\/leatai.com\/pt-br\/wp-json\/wp\/v2\/media?parent=233521"}],"wp:term":[{"taxonomy":"product_brand","embeddable":true,"href":"https:\/\/leatai.com\/pt-br\/wp-json\/wp\/v2\/product_brand?post=233521"},{"taxonomy":"product_cat","embeddable":true,"href":"https:\/\/leatai.com\/pt-br\/wp-json\/wp\/v2\/product_cat?post=233521"},{"taxonomy":"product_tag","embeddable":true,"href":"https:\/\/leatai.com\/pt-br\/wp-json\/wp\/v2\/product_tag?post=233521"},{"taxonomy":"home_works","embeddable":true,"href":"https:\/\/leatai.com\/pt-br\/wp-json\/wp\/v2\/home_works?post=233521"}],"curies":[{"name":"wp","href":"https:\/\/api.w.org\/{rel}","templated":true}]}}