{"id":233512,"date":"2021-06-24T13:22:00","date_gmt":"2021-06-24T05:22:00","guid":{"rendered":"https:\/\/leatai.com\/product\/sem%20categoria\/servico-terceirizado-de-acabamento-de-bordas-com-pintura-edge-painting\/"},"modified":"2025-11-26T11:55:57","modified_gmt":"2025-11-26T03:55:57","slug":"servico-terceirizado-de-acabamento-de-bordas-com-pintura-edge-painting","status":"publish","type":"product","link":"https:\/\/leatai.com\/pt-br\/product\/outras-manufaturas\/servico-terceirizado-de-acabamento-de-bordas-com-pintura-edge-painting\/","title":{"rendered":"Servi\u00e7o terceirizado de acabamento de bordas com pintura (edge painting)."},"content":{"rendered":"<p>Itens de terceiriza\u00e7\u00e3o: acabamento de bordas (edge painting)<br \/>\nDescri\u00e7\u00e3o do conte\u00fado: no processo de produ\u00e7\u00e3o de artigos em couro, o acabamento de bordas \u00e9 uma etapa que exige alto n\u00edvel de habilidade manual. Devido ao formato das pe\u00e7as, quase sempre s\u00f3 pode ser realizado inteiramente \u00e0 m\u00e3o. Em tempos de tecnologia avan\u00e7ada, a preserva\u00e7\u00e3o dessa t\u00e9cnica artesanal torna-se ainda mais valiosa.<\/p>\n","protected":false},"excerpt":{"rendered":"<p>\u6cb9\u908a\u4ee3\u5de5<\/p>\n","protected":false},"featured_media":233513,"template":"","meta":{"_acf_changed":false},"product_brand":[],"product_cat":[1159],"product_tag":[],"home_works":[],"class_list":{"0":"post-233512","1":"product","2":"type-product","3":"status-publish","4":"has-post-thumbnail","6":"product_cat-outras-manufaturas","8":"first","9":"outofstock","10":"sold-individually","11":"shipping-taxable","12":"purchasable","13":"product-type-variable","14":"has-default-attributes"},"acf":[],"yoast_head":"<!-- This site is optimized with the Yoast SEO plugin v27.2 - https:\/\/yoast.com\/product\/yoast-seo-wordpress\/ -->\n<title>Servi\u00e7o terceirizado de acabamento de bordas com pintura (edge painting). - Uma t\u00e9cnica preciosa feita inteiramente \u00e0 m\u00e3o. - Leatai \u2013 Fabricante de cadernos personalizados<\/title>\n<meta name=\"description\" content=\"Itens de terceiriza\u00e7\u00e3o: acabamento de bordas (edge painting) Descri\u00e7\u00e3o do conte\u00fado: no processo de produ\u00e7\u00e3o de artigos em couro, o acabamento de bordas \u00e9 uma etapa que exige grande habilidade artesanal. Devido ao formato das pe\u00e7as, quase sempre s\u00f3 pode ser realizado totalmente \u00e0 m\u00e3o. Em uma era de alta tecnologia, a preserva\u00e7\u00e3o dessa t\u00e9cnica tradicional torna-se ainda mais valiosa.\" \/>\n<meta name=\"robots\" content=\"index, follow, max-snippet:-1, max-image-preview:large, max-video-preview:-1\" \/>\n<link rel=\"canonical\" href=\"https:\/\/leatai.com\/pt-br\/product\/outras-manufaturas\/servico-terceirizado-de-acabamento-de-bordas-com-pintura-edge-painting\/\" \/>\n<meta property=\"og:locale\" content=\"pt_BR\" \/>\n<meta property=\"og:type\" content=\"article\" \/>\n<meta property=\"og:title\" content=\"Servi\u00e7o terceirizado de acabamento de bordas com pintura (edge painting). - Uma t\u00e9cnica preciosa feita inteiramente \u00e0 m\u00e3o. - Leatai \u2013 Fabricante de cadernos personalizados\" \/>\n<meta property=\"og:description\" content=\"Itens de terceiriza\u00e7\u00e3o: acabamento de bordas (edge painting) Descri\u00e7\u00e3o do conte\u00fado: no processo de produ\u00e7\u00e3o de artigos em couro, o acabamento de bordas \u00e9 uma etapa que exige grande habilidade artesanal. Devido ao formato das pe\u00e7as, quase sempre s\u00f3 pode ser realizado totalmente \u00e0 m\u00e3o. Em uma era de alta tecnologia, a preserva\u00e7\u00e3o dessa t\u00e9cnica tradicional torna-se ainda mais valiosa.\" \/>\n<meta property=\"og:url\" content=\"https:\/\/leatai.com\/pt-br\/product\/outras-manufaturas\/servico-terceirizado-de-acabamento-de-bordas-com-pintura-edge-painting\/\" \/>\n<meta property=\"og:site_name\" content=\"Leatai \u2013 Fabricante de cadernos personalizados\" \/>\n<meta property=\"article:modified_time\" content=\"2025-11-26T03:55:57+00:00\" \/>\n<meta property=\"og:image\" content=\"https:\/\/leatai.com\/wp-content\/uploads\/2016_01_20_1510510.jpg\" \/>\n\t<meta property=\"og:image:width\" content=\"1000\" \/>\n\t<meta property=\"og:image:height\" content=\"750\" \/>\n\t<meta property=\"og:image:type\" content=\"image\/jpeg\" \/>\n<meta name=\"twitter:card\" content=\"summary_large_image\" \/>\n<meta name=\"twitter:label1\" content=\"Est. tempo de leitura\" \/>\n\t<meta name=\"twitter:data1\" content=\"1 minuto\" \/>\n<script type=\"application\/ld+json\" class=\"yoast-schema-graph\">{\"@context\":\"https:\/\/schema.org\",\"@graph\":[{\"@type\":\"WebPage\",\"@id\":\"https:\/\/leatai.com\/pt-br\/product\/outras-manufaturas\/servico-terceirizado-de-acabamento-de-bordas-com-pintura-edge-painting\/\",\"url\":\"https:\/\/leatai.com\/pt-br\/product\/outras-manufaturas\/servico-terceirizado-de-acabamento-de-bordas-com-pintura-edge-painting\/\",\"name\":\"Servi\u00e7o terceirizado de acabamento de bordas com pintura (edge painting). - Uma t\u00e9cnica preciosa feita inteiramente \u00e0 m\u00e3o. - Leatai \u2013 Fabricante de cadernos personalizados\",\"isPartOf\":{\"@id\":\"https:\/\/leatai.com\/pt-br\/#website\"},\"primaryImageOfPage\":{\"@id\":\"https:\/\/leatai.com\/pt-br\/product\/outras-manufaturas\/servico-terceirizado-de-acabamento-de-bordas-com-pintura-edge-painting\/#primaryimage\"},\"image\":{\"@id\":\"https:\/\/leatai.com\/pt-br\/product\/outras-manufaturas\/servico-terceirizado-de-acabamento-de-bordas-com-pintura-edge-painting\/#primaryimage\"},\"thumbnailUrl\":\"https:\/\/leatai.com\/wp-content\/uploads\/2016_01_20_1510510.jpg\",\"datePublished\":\"2021-06-24T05:22:00+00:00\",\"dateModified\":\"2025-11-26T03:55:57+00:00\",\"description\":\"Itens de terceiriza\u00e7\u00e3o: acabamento de bordas (edge painting) Descri\u00e7\u00e3o do conte\u00fado: no processo de produ\u00e7\u00e3o de artigos em couro, o acabamento de bordas \u00e9 uma etapa que exige grande habilidade artesanal. Devido ao formato das pe\u00e7as, quase sempre s\u00f3 pode ser realizado totalmente \u00e0 m\u00e3o. Em uma era de alta tecnologia, a preserva\u00e7\u00e3o dessa t\u00e9cnica tradicional torna-se ainda mais valiosa.\",\"breadcrumb\":{\"@id\":\"https:\/\/leatai.com\/pt-br\/product\/outras-manufaturas\/servico-terceirizado-de-acabamento-de-bordas-com-pintura-edge-painting\/#breadcrumb\"},\"inLanguage\":\"pt-BR\",\"potentialAction\":[{\"@type\":\"ReadAction\",\"target\":[\"https:\/\/leatai.com\/pt-br\/product\/outras-manufaturas\/servico-terceirizado-de-acabamento-de-bordas-com-pintura-edge-painting\/\"]}]},{\"@type\":\"ImageObject\",\"inLanguage\":\"pt-BR\",\"@id\":\"https:\/\/leatai.com\/pt-br\/product\/outras-manufaturas\/servico-terceirizado-de-acabamento-de-bordas-com-pintura-edge-painting\/#primaryimage\",\"url\":\"https:\/\/leatai.com\/wp-content\/uploads\/2016_01_20_1510510.jpg\",\"contentUrl\":\"https:\/\/leatai.com\/wp-content\/uploads\/2016_01_20_1510510.jpg\",\"width\":1000,\"height\":750,\"caption\":\"Servi\u00e7o terceirizado de acabamento de bordas com pintura (edge painting).\"},{\"@type\":\"BreadcrumbList\",\"@id\":\"https:\/\/leatai.com\/pt-br\/product\/outras-manufaturas\/servico-terceirizado-de-acabamento-de-bordas-com-pintura-edge-painting\/#breadcrumb\",\"itemListElement\":[{\"@type\":\"ListItem\",\"position\":1,\"name\":\"Home\",\"item\":\"https:\/\/leatai.com\/pt-br\/\"},{\"@type\":\"ListItem\",\"position\":2,\"name\":\"Apresenta\u00e7\u00e3o de produtos\",\"item\":\"https:\/\/leatai.com\/products\/\"},{\"@type\":\"ListItem\",\"position\":3,\"name\":\"Outras manufaturas\",\"item\":\"https:\/\/leatai.com\/pt-br\/categoria-produto\/outras-manufaturas\/\"},{\"@type\":\"ListItem\",\"position\":4,\"name\":\"Servi\u00e7o terceirizado de acabamento de bordas com pintura (edge painting).\"}]},{\"@type\":\"WebSite\",\"@id\":\"https:\/\/leatai.com\/pt-br\/#website\",\"url\":\"https:\/\/leatai.com\/pt-br\/\",\"name\":\"Leatai \u2013 Fabricante de cadernos personalizados\",\"description\":\"A Leatai fornece cadernos e planejadores personalizados para marcas e distribuidores em todo o mundo.\",\"publisher\":{\"@id\":\"https:\/\/leatai.com\/pt-br\/#organization\"},\"potentialAction\":[{\"@type\":\"SearchAction\",\"target\":{\"@type\":\"EntryPoint\",\"urlTemplate\":\"https:\/\/leatai.com\/pt-br\/?s={search_term_string}\"},\"query-input\":{\"@type\":\"PropertyValueSpecification\",\"valueRequired\":true,\"valueName\":\"search_term_string\"}}],\"inLanguage\":\"pt-BR\"},{\"@type\":\"Organization\",\"@id\":\"https:\/\/leatai.com\/pt-br\/#organization\",\"name\":\"Leatai Diary, customized journal and business organizer\",\"url\":\"https:\/\/leatai.com\/pt-br\/\",\"logo\":{\"@type\":\"ImageObject\",\"inLanguage\":\"pt-BR\",\"@id\":\"https:\/\/leatai.com\/pt-br\/#\/schema\/logo\/image\/\",\"url\":\"https:\/\/leatai.com\/wp-content\/uploads\/logo-blue.png\",\"contentUrl\":\"https:\/\/leatai.com\/wp-content\/uploads\/logo-blue.png\",\"width\":230,\"height\":60,\"caption\":\"Leatai Diary, customized journal and business organizer\"},\"image\":{\"@id\":\"https:\/\/leatai.com\/pt-br\/#\/schema\/logo\/image\/\"}}]}<\/script>\n<!-- \/ Yoast SEO plugin. -->","yoast_head_json":{"title":"Servi\u00e7o terceirizado de acabamento de bordas com pintura (edge painting). - Uma t\u00e9cnica preciosa feita inteiramente \u00e0 m\u00e3o. - Leatai \u2013 Fabricante de cadernos personalizados","description":"Itens de terceiriza\u00e7\u00e3o: acabamento de bordas (edge painting) Descri\u00e7\u00e3o do conte\u00fado: no processo de produ\u00e7\u00e3o de artigos em couro, o acabamento de bordas \u00e9 uma etapa que exige grande habilidade artesanal. Devido ao formato das pe\u00e7as, quase sempre s\u00f3 pode ser realizado totalmente \u00e0 m\u00e3o. Em uma era de alta tecnologia, a preserva\u00e7\u00e3o dessa t\u00e9cnica tradicional torna-se ainda mais valiosa.","robots":{"index":"index","follow":"follow","max-snippet":"max-snippet:-1","max-image-preview":"max-image-preview:large","max-video-preview":"max-video-preview:-1"},"canonical":"https:\/\/leatai.com\/pt-br\/product\/outras-manufaturas\/servico-terceirizado-de-acabamento-de-bordas-com-pintura-edge-painting\/","og_locale":"pt_BR","og_type":"article","og_title":"Servi\u00e7o terceirizado de acabamento de bordas com pintura (edge painting). - Uma t\u00e9cnica preciosa feita inteiramente \u00e0 m\u00e3o. - Leatai \u2013 Fabricante de cadernos personalizados","og_description":"Itens de terceiriza\u00e7\u00e3o: acabamento de bordas (edge painting) Descri\u00e7\u00e3o do conte\u00fado: no processo de produ\u00e7\u00e3o de artigos em couro, o acabamento de bordas \u00e9 uma etapa que exige grande habilidade artesanal. Devido ao formato das pe\u00e7as, quase sempre s\u00f3 pode ser realizado totalmente \u00e0 m\u00e3o. Em uma era de alta tecnologia, a preserva\u00e7\u00e3o dessa t\u00e9cnica tradicional torna-se ainda mais valiosa.","og_url":"https:\/\/leatai.com\/pt-br\/product\/outras-manufaturas\/servico-terceirizado-de-acabamento-de-bordas-com-pintura-edge-painting\/","og_site_name":"Leatai \u2013 Fabricante de cadernos personalizados","article_modified_time":"2025-11-26T03:55:57+00:00","og_image":[{"width":1000,"height":750,"url":"https:\/\/leatai.com\/wp-content\/uploads\/2016_01_20_1510510.jpg","type":"image\/jpeg"}],"twitter_card":"summary_large_image","twitter_misc":{"Est. tempo de leitura":"1 minuto"},"schema":{"@context":"https:\/\/schema.org","@graph":[{"@type":"WebPage","@id":"https:\/\/leatai.com\/pt-br\/product\/outras-manufaturas\/servico-terceirizado-de-acabamento-de-bordas-com-pintura-edge-painting\/","url":"https:\/\/leatai.com\/pt-br\/product\/outras-manufaturas\/servico-terceirizado-de-acabamento-de-bordas-com-pintura-edge-painting\/","name":"Servi\u00e7o terceirizado de acabamento de bordas com pintura (edge painting). - Uma t\u00e9cnica preciosa feita inteiramente \u00e0 m\u00e3o. - Leatai \u2013 Fabricante de cadernos personalizados","isPartOf":{"@id":"https:\/\/leatai.com\/pt-br\/#website"},"primaryImageOfPage":{"@id":"https:\/\/leatai.com\/pt-br\/product\/outras-manufaturas\/servico-terceirizado-de-acabamento-de-bordas-com-pintura-edge-painting\/#primaryimage"},"image":{"@id":"https:\/\/leatai.com\/pt-br\/product\/outras-manufaturas\/servico-terceirizado-de-acabamento-de-bordas-com-pintura-edge-painting\/#primaryimage"},"thumbnailUrl":"https:\/\/leatai.com\/wp-content\/uploads\/2016_01_20_1510510.jpg","datePublished":"2021-06-24T05:22:00+00:00","dateModified":"2025-11-26T03:55:57+00:00","description":"Itens de terceiriza\u00e7\u00e3o: acabamento de bordas (edge painting) Descri\u00e7\u00e3o do conte\u00fado: no processo de produ\u00e7\u00e3o de artigos em couro, o acabamento de bordas \u00e9 uma etapa que exige grande habilidade artesanal. Devido ao formato das pe\u00e7as, quase sempre s\u00f3 pode ser realizado totalmente \u00e0 m\u00e3o. Em uma era de alta tecnologia, a preserva\u00e7\u00e3o dessa t\u00e9cnica tradicional torna-se ainda mais valiosa.","breadcrumb":{"@id":"https:\/\/leatai.com\/pt-br\/product\/outras-manufaturas\/servico-terceirizado-de-acabamento-de-bordas-com-pintura-edge-painting\/#breadcrumb"},"inLanguage":"pt-BR","potentialAction":[{"@type":"ReadAction","target":["https:\/\/leatai.com\/pt-br\/product\/outras-manufaturas\/servico-terceirizado-de-acabamento-de-bordas-com-pintura-edge-painting\/"]}]},{"@type":"ImageObject","inLanguage":"pt-BR","@id":"https:\/\/leatai.com\/pt-br\/product\/outras-manufaturas\/servico-terceirizado-de-acabamento-de-bordas-com-pintura-edge-painting\/#primaryimage","url":"https:\/\/leatai.com\/wp-content\/uploads\/2016_01_20_1510510.jpg","contentUrl":"https:\/\/leatai.com\/wp-content\/uploads\/2016_01_20_1510510.jpg","width":1000,"height":750,"caption":"Servi\u00e7o terceirizado de acabamento de bordas com pintura (edge painting)."},{"@type":"BreadcrumbList","@id":"https:\/\/leatai.com\/pt-br\/product\/outras-manufaturas\/servico-terceirizado-de-acabamento-de-bordas-com-pintura-edge-painting\/#breadcrumb","itemListElement":[{"@type":"ListItem","position":1,"name":"Home","item":"https:\/\/leatai.com\/pt-br\/"},{"@type":"ListItem","position":2,"name":"Apresenta\u00e7\u00e3o de produtos","item":"https:\/\/leatai.com\/products\/"},{"@type":"ListItem","position":3,"name":"Outras manufaturas","item":"https:\/\/leatai.com\/pt-br\/categoria-produto\/outras-manufaturas\/"},{"@type":"ListItem","position":4,"name":"Servi\u00e7o terceirizado de acabamento de bordas com pintura (edge painting)."}]},{"@type":"WebSite","@id":"https:\/\/leatai.com\/pt-br\/#website","url":"https:\/\/leatai.com\/pt-br\/","name":"Leatai \u2013 Fabricante de cadernos personalizados","description":"A Leatai fornece cadernos e planejadores personalizados para marcas e distribuidores em todo o mundo.","publisher":{"@id":"https:\/\/leatai.com\/pt-br\/#organization"},"potentialAction":[{"@type":"SearchAction","target":{"@type":"EntryPoint","urlTemplate":"https:\/\/leatai.com\/pt-br\/?s={search_term_string}"},"query-input":{"@type":"PropertyValueSpecification","valueRequired":true,"valueName":"search_term_string"}}],"inLanguage":"pt-BR"},{"@type":"Organization","@id":"https:\/\/leatai.com\/pt-br\/#organization","name":"Leatai Diary, customized journal and business organizer","url":"https:\/\/leatai.com\/pt-br\/","logo":{"@type":"ImageObject","inLanguage":"pt-BR","@id":"https:\/\/leatai.com\/pt-br\/#\/schema\/logo\/image\/","url":"https:\/\/leatai.com\/wp-content\/uploads\/logo-blue.png","contentUrl":"https:\/\/leatai.com\/wp-content\/uploads\/logo-blue.png","width":230,"height":60,"caption":"Leatai Diary, customized journal and business organizer"},"image":{"@id":"https:\/\/leatai.com\/pt-br\/#\/schema\/logo\/image\/"}}]}},"_links":{"self":[{"href":"https:\/\/leatai.com\/pt-br\/wp-json\/wp\/v2\/product\/233512","targetHints":{"allow":["GET"]}}],"collection":[{"href":"https:\/\/leatai.com\/pt-br\/wp-json\/wp\/v2\/product"}],"about":[{"href":"https:\/\/leatai.com\/pt-br\/wp-json\/wp\/v2\/types\/product"}],"wp:featuredmedia":[{"embeddable":true,"href":"https:\/\/leatai.com\/pt-br\/wp-json\/wp\/v2\/media\/233513"}],"wp:attachment":[{"href":"https:\/\/leatai.com\/pt-br\/wp-json\/wp\/v2\/media?parent=233512"}],"wp:term":[{"taxonomy":"product_brand","embeddable":true,"href":"https:\/\/leatai.com\/pt-br\/wp-json\/wp\/v2\/product_brand?post=233512"},{"taxonomy":"product_cat","embeddable":true,"href":"https:\/\/leatai.com\/pt-br\/wp-json\/wp\/v2\/product_cat?post=233512"},{"taxonomy":"product_tag","embeddable":true,"href":"https:\/\/leatai.com\/pt-br\/wp-json\/wp\/v2\/product_tag?post=233512"},{"taxonomy":"home_works","embeddable":true,"href":"https:\/\/leatai.com\/pt-br\/wp-json\/wp\/v2\/home_works?post=233512"}],"curies":[{"name":"wp","href":"https:\/\/api.w.org\/{rel}","templated":true}]}}